{"id":157214,"date":"2022-10-12T02:16:23","date_gmt":"2022-10-12T00:16:23","guid":{"rendered":"https:\/\/marktxxl.de\/markt\/produkt\/extra-grosse-kosmetiktasche-kulturbeutel-zum-aufhaengen-fuer-damen-herren-kulturtasche-schminktasche-waschbeutel-mit-elastischen-band-halterungen-fuer-toilettenartikel-reisezubeho\/"},"modified":"2023-04-10T04:45:28","modified_gmt":"2023-04-10T02:45:28","slug":"extra-grosse-kosmetiktasche-kulturbeutel-zum-aufhaengen-fuer-damen-herren-kulturtasche-schminktasche-waschbeutel-mit-elastischen-band-halterungen-fuer-toilettenartikel-reisezubeho","status":"publish","type":"product","link":"https:\/\/marktxxl.de\/markt\/produkt\/extra-grosse-kosmetiktasche-kulturbeutel-zum-aufhaengen-fuer-damen-herren-kulturtasche-schminktasche-waschbeutel-mit-elastischen-band-halterungen-fuer-toilettenartikel-reisezubeho\/","title":{"rendered":"BOACAY Extra Gro\u00dfe Kulturbeutel f\u00fcr Damen, Herren, Kinder, Kulturtasche mit Henkel, Reise Kosmetiktasche zum Aufh\u00e4ngen\u2026"},"content":{"rendered":"<p>Egal, ob Sie eine Kosmetiktasche, einen Make-Up Beutel oder einen Accessoires-Organizer brauchen, wir haben alles f\u00fcr Sie! Unsere exklusive Kulturtasche mit extragro\u00dfem Fassungsverm\u00f6gen verf\u00fcgt \u00fcber Metallrei\u00dfverschl\u00fcsse, die auch bei voller Tasche leichtg\u00e4ngig sind, und ist aus hochwertigen Materialien ohne Geruch oder Chemikalien hergestellt. Dar\u00fcber hinaus sind der Griff und die N\u00e4hte doppelt gen\u00e4ht f\u00fcr zus\u00e4tzliche Haltbarkeit und Sicherheit, und wir garantieren 1 Jahr Garantie.<br \/>\nEin perfektes Geschenk f\u00fcr Sie oder Ihre Freunde! Wenn Sie auf der Suche nach einer fantastischen Geschenkidee sind, die den &#8220;extra-coolen und innovativen&#8221; Wow-Faktor hat, dann werden Sie Boacay kosmetiktasche lieben. Das elegante Design &amp; die Farben sind f\u00fcr jeden Mann &amp; jede Frau geeignet, w\u00e4hrend die Multifunktionalit\u00e4t sie zu einem unverzichtbaren Accessoire f\u00fcr einen begeisterten Reisenden macht. Au\u00dferdem wird sie keine Probleme bei der Sicherheitskontrolle am Flughafen verursachen.<br \/>\nSie m\u00f6chten alle Ihre Reiseprodukte gut organisiert aufbewahren. Unsere H\u00e4nge-Toiletten- und Schminktasche hat ein einzigartiges Design mit 18 vertikalen, auslaufsicheren F\u00e4chern, 2 gro\u00dfen Rei\u00dfverschlusstaschen, einem gro\u00dfen Netzabschnitt und einen unglaublich starken Schulterriemen. Unser Design maximiert den Stauraum, w\u00e4hrend der 360\u00b0 drehbarer &amp; rutschfester Metallhaken daf\u00fcr sorgt, dass man ihn \u00fcberall aufh\u00e4ngen kann.<br \/>\nWir sind echte Menschen, die unsere eigenen Produkte t\u00e4glich benutzen. Wir erwarten das Beste f\u00fcr unsere Familie und wollen das Gleiche f\u00fcr Ihre Familie. Unser gro\u00dfe H\u00e4ngetasche ist wasserdicht, waschbest\u00e4ndig und verf\u00fcgt \u00fcber eine Schaumstoffschicht zum zus\u00e4tzlichen Schutz der Flaschen. Praktisch und tragbar, eignet sich dieser Toilettenartikel-Organizer f\u00fcr Gesch\u00e4ftsreisen, Fitnessstudio, Familienausfl\u00fcge, den t\u00e4glichen Gebrauch und viele andere Gelegenheiten, (29.5&#215;15.2x29CM).<br \/>\nIhre Zufriedenheit ist garantiert! Wir sind stolz darauf, nur 100%ige Qualit\u00e4tsprodukte und au\u00dfergew\u00f6hnlichen Kundenservice. Wir haben unsere Toiletry Bag mit besonderer Sorgfalt und Liebe zum Detail entworfen, um Ihnen das bestorganisierte Reiseerlebnis zu bieten. Sie k\u00f6nnen unseren extragro\u00dfen Kulturbeutel ganz beruhigt in den Warenkorb legen, k\u00f6nnen Sie sich darauf verlassen, dass wir Ihr Problem innerhalb von 24 Stunden l\u00f6sen, wenn Sie mit Ihrem Kauf nicht 110% zufrieden sind.<br \/>\n<div class=\"main-cross-sell\" data-asin=\"B0BFBT2HYT\">\n\n\t<div class=\"WooZone-cross-sell-loader\">\n\t\t<div>\n\t\t\t<div id=\"floatingBarsG\">\n\t\t\t\t<div class=\"blockG\" id=\"rotateG_01\"><\/div>\n\t\t\t\t<div class=\"blockG\" id=\"rotateG_02\"><\/div>\n\t\t\t\t<div class=\"blockG\" id=\"rotateG_03\"><\/div>\n\t\t\t\t<div class=\"blockG\" id=\"rotateG_04\"><\/div>\n\t\t\t\t<div class=\"blockG\" id=\"rotateG_05\"><\/div>\n\t\t\t\t<div class=\"blockG\" id=\"rotateG_06\"><\/div>\n\t\t\t\t<div class=\"blockG\" id=\"rotateG_07\"><\/div>\n\t\t\t\t<div class=\"blockG\" id=\"rotateG_08\"><\/div>\n\t\t\t<\/div>\n\t\t\t<div class=\"WooZone-cross-sell-loader-text\"><\/div>\n\t\t<\/div>\n\t<\/div>\n\n\t\t\n<\/div>\n<div style=\"clear:both;\"><\/div><\/p>\n","protected":false},"excerpt":{"rendered":"<p>Egal, ob Sie eine Kosmetiktasche, einen Make-Up Beutel oder einen Accessoires-Organizer brauchen, wir haben alles f\u00fcr Sie! Unsere exklusive Kulturtasche mit extragro\u00dfem Fassungsverm\u00f6gen verf\u00fcgt \u00fcber Metallrei\u00dfverschl\u00fcsse, die auch bei voller Tasche leichtg\u00e4ngig sind, und ist aus hochwertigen Materialien ohne Geruch oder Chemikalien hergestellt. Dar\u00fcber hinaus sind der Griff und die N\u00e4hte doppelt gen\u00e4ht f\u00fcr zus\u00e4tzliche Haltbarkeit und Sicherheit, und wir garantieren 1 Jahr Garantie.<br \/>\nEin perfektes Geschenk f\u00fcr Sie oder Ihre Freunde! Wenn Sie auf der Suche nach einer fantastischen Geschenkidee sind, die den &#8220;extra-coolen und innovativen&#8221; Wow-Faktor hat, dann werden Sie Boacay kosmetiktasche lieben. Das elegante Design &amp; die Farben sind f\u00fcr jeden Mann &amp; jede Frau geeignet, w\u00e4hrend die Multifunktionalit\u00e4t sie zu einem unverzichtbaren Accessoire f\u00fcr einen begeisterten Reisenden macht. Au\u00dferdem wird sie keine Probleme bei der Sicherheitskontrolle am Flughafen verursachen.<br \/>\nSie m\u00f6chten alle Ihre Reiseprodukte gut organisiert aufbewahren. Unsere H\u00e4nge-Toiletten- und Schminktasche hat ein einzigartiges Design mit 18 vertikalen, auslaufsicheren F\u00e4chern, 2 gro\u00dfen Rei\u00dfverschlusstaschen, einem gro\u00dfen Netzabschnitt und einen unglaublich starken Schulterriemen. Unser Design maximiert den Stauraum, w\u00e4hrend der 360\u00b0 drehbarer &amp; rutschfester Metallhaken daf\u00fcr sorgt, dass man ihn \u00fcberall aufh\u00e4ngen kann.<\/p>\n","protected":false},"featured_media":157215,"comment_status":"open","ping_status":"closed","template":"","meta":[],"product_brand":[],"product_cat":[2858],"product_tag":[],"class_list":{"0":"post-157214","1":"product","2":"type-product","3":"status-publish","4":"has-post-thumbnail","6":"product_cat-beauty","7":"pa_brand-boacay","8":"pa_height-11-417322823-zoll","9":"pa_length-11-6141732165-zoll","10":"pa_manufacturer-boacay","11":"pa_model-19098","12":"pa_warranty-12-monate","13":"pa_width-5-9842519624-zoll","15":"first","16":"instock","17":"shipping-taxable","18":"purchasable","19":"product-type-simple","20":"customify-col","21":"product-has-gallery"},"yoast_head":"<!-- This site is optimized with the Yoast SEO plugin v27.4 - https:\/\/yoast.com\/product\/yoast-seo-wordpress\/ -->\n<title>BOACAY Extra Gro\u00dfe Kulturbeutel f\u00fcr Damen, Herren, Kinder, Kulturtasche mit Henkel, Reise Kosmetiktasche zum Aufh\u00e4ngen\u2026 - Markt-XXL<\/title>\n<meta name=\"description\" content=\"Markt-XXL BOACAY Extra Gro\u00dfe Kulturbeutel f\u00fcr Damen, Herren, Kinder, Kulturtasche mit Henkel, Reise Kosmetiktasche zum Aufh\u00e4ngen\u2026\" \/>\n<meta name=\"robots\" content=\"index, follow, max-snippet:-1, max-image-preview:large, max-video-preview:-1\" \/>\n<link rel=\"canonical\" href=\"https:\/\/marktxxl.de\/markt\/produkt\/extra-grosse-kosmetiktasche-kulturbeutel-zum-aufhaengen-fuer-damen-herren-kulturtasche-schminktasche-waschbeutel-mit-elastischen-band-halterungen-fuer-toilettenartikel-reisezubeho\/\" \/>\n<meta property=\"og:locale\" content=\"de_DE\" \/>\n<meta property=\"og:type\" content=\"article\" \/>\n<meta property=\"og:title\" content=\"BOACAY Extra Gro\u00dfe Kulturbeutel f\u00fcr Damen, Herren, Kinder, Kulturtasche mit Henkel, Reise Kosmetiktasche zum Aufh\u00e4ngen\u2026 - Markt-XXL\" \/>\n<meta property=\"og:description\" content=\"Markt-XXL BOACAY Extra Gro\u00dfe Kulturbeutel f\u00fcr Damen, Herren, Kinder, Kulturtasche mit Henkel, Reise Kosmetiktasche zum Aufh\u00e4ngen\u2026\" \/>\n<meta property=\"og:url\" content=\"https:\/\/marktxxl.de\/markt\/produkt\/extra-grosse-kosmetiktasche-kulturbeutel-zum-aufhaengen-fuer-damen-herren-kulturtasche-schminktasche-waschbeutel-mit-elastischen-band-halterungen-fuer-toilettenartikel-reisezubeho\/\" \/>\n<meta property=\"og:site_name\" content=\"Markt-XXL\" \/>\n<meta property=\"article:modified_time\" content=\"2023-04-10T02:45:28+00:00\" \/>\n<meta property=\"og:image\" content=\"https:\/\/m.media-amazon.com\/images\/I\/51F6uQoxZ0L._SL500_.jpg\" \/>\n\t<meta property=\"og:image:width\" content=\"500\" \/>\n\t<meta property=\"og:image:height\" content=\"500\" \/>\n\t<meta property=\"og:image:type\" content=\"image\/jpeg\" \/>\n<meta name=\"twitter:card\" content=\"summary_large_image\" \/>\n<meta name=\"twitter:label1\" content=\"Gesch\u00e4tzte Lesezeit\" \/>\n\t<meta name=\"twitter:data1\" content=\"2\u00a0Minuten\" \/>\n<script type=\"application\/ld+json\" class=\"yoast-schema-graph\">{\"@context\":\"https:\\\/\\\/schema.org\",\"@graph\":[{\"@type\":\"WebPage\",\"@id\":\"https:\\\/\\\/marktxxl.de\\\/markt\\\/produkt\\\/extra-grosse-kosmetiktasche-kulturbeutel-zum-aufhaengen-fuer-damen-herren-kulturtasche-schminktasche-waschbeutel-mit-elastischen-band-halterungen-fuer-toilettenartikel-reisezubeho\\\/\",\"url\":\"https:\\\/\\\/marktxxl.de\\\/markt\\\/produkt\\\/extra-grosse-kosmetiktasche-kulturbeutel-zum-aufhaengen-fuer-damen-herren-kulturtasche-schminktasche-waschbeutel-mit-elastischen-band-halterungen-fuer-toilettenartikel-reisezubeho\\\/\",\"name\":\"BOACAY Extra Gro\u00dfe Kulturbeutel f\u00fcr Damen, Herren, Kinder, Kulturtasche mit Henkel, Reise Kosmetiktasche zum Aufh\u00e4ngen\u2026 - Markt-XXL\",\"isPartOf\":{\"@id\":\"https:\\\/\\\/marktxxl.de\\\/markt\\\/#website\"},\"primaryImageOfPage\":{\"@id\":\"https:\\\/\\\/marktxxl.de\\\/markt\\\/produkt\\\/extra-grosse-kosmetiktasche-kulturbeutel-zum-aufhaengen-fuer-damen-herren-kulturtasche-schminktasche-waschbeutel-mit-elastischen-band-halterungen-fuer-toilettenartikel-reisezubeho\\\/#primaryimage\"},\"image\":{\"@id\":\"https:\\\/\\\/marktxxl.de\\\/markt\\\/produkt\\\/extra-grosse-kosmetiktasche-kulturbeutel-zum-aufhaengen-fuer-damen-herren-kulturtasche-schminktasche-waschbeutel-mit-elastischen-band-halterungen-fuer-toilettenartikel-reisezubeho\\\/#primaryimage\"},\"thumbnailUrl\":\"https:\\\/\\\/m.media-amazon.com\\\/images\\\/I\\\/51F6uQoxZ0L._SL500_.jpg\",\"datePublished\":\"2022-10-12T00:16:23+00:00\",\"dateModified\":\"2023-04-10T02:45:28+00:00\",\"description\":\"Markt-XXL BOACAY Extra Gro\u00dfe Kulturbeutel f\u00fcr Damen, Herren, Kinder, Kulturtasche mit Henkel, Reise Kosmetiktasche zum Aufh\u00e4ngen\u2026\",\"breadcrumb\":{\"@id\":\"https:\\\/\\\/marktxxl.de\\\/markt\\\/produkt\\\/extra-grosse-kosmetiktasche-kulturbeutel-zum-aufhaengen-fuer-damen-herren-kulturtasche-schminktasche-waschbeutel-mit-elastischen-band-halterungen-fuer-toilettenartikel-reisezubeho\\\/#breadcrumb\"},\"inLanguage\":\"de\",\"potentialAction\":[{\"@type\":\"ReadAction\",\"target\":[\"https:\\\/\\\/marktxxl.de\\\/markt\\\/produkt\\\/extra-grosse-kosmetiktasche-kulturbeutel-zum-aufhaengen-fuer-damen-herren-kulturtasche-schminktasche-waschbeutel-mit-elastischen-band-halterungen-fuer-toilettenartikel-reisezubeho\\\/\"]}]},{\"@type\":\"ImageObject\",\"inLanguage\":\"de\",\"@id\":\"https:\\\/\\\/marktxxl.de\\\/markt\\\/produkt\\\/extra-grosse-kosmetiktasche-kulturbeutel-zum-aufhaengen-fuer-damen-herren-kulturtasche-schminktasche-waschbeutel-mit-elastischen-band-halterungen-fuer-toilettenartikel-reisezubeho\\\/#primaryimage\",\"url\":\"https:\\\/\\\/m.media-amazon.com\\\/images\\\/I\\\/51F6uQoxZ0L._SL500_.jpg\",\"contentUrl\":\"https:\\\/\\\/m.media-amazon.com\\\/images\\\/I\\\/51F6uQoxZ0L._SL500_.jpg\",\"width\":500,\"height\":500},{\"@type\":\"BreadcrumbList\",\"@id\":\"https:\\\/\\\/marktxxl.de\\\/markt\\\/produkt\\\/extra-grosse-kosmetiktasche-kulturbeutel-zum-aufhaengen-fuer-damen-herren-kulturtasche-schminktasche-waschbeutel-mit-elastischen-band-halterungen-fuer-toilettenartikel-reisezubeho\\\/#breadcrumb\",\"itemListElement\":[{\"@type\":\"ListItem\",\"position\":1,\"name\":\"Startseite\",\"item\":\"https:\\\/\\\/marktxxl.de\\\/markt\\\/\"},{\"@type\":\"ListItem\",\"position\":2,\"name\":\"Markt\",\"item\":\"https:\\\/\\\/marktxxl.de\\\/markt\\\/\"},{\"@type\":\"ListItem\",\"position\":3,\"name\":\"BOACAY Extra Gro\u00dfe Kulturbeutel f\u00fcr Damen, Herren, Kinder, Kulturtasche mit Henkel, Reise Kosmetiktasche zum Aufh\u00e4ngen\u2026\"}]},{\"@type\":\"WebSite\",\"@id\":\"https:\\\/\\\/marktxxl.de\\\/markt\\\/#website\",\"url\":\"https:\\\/\\\/marktxxl.de\\\/markt\\\/\",\"name\":\"Markt-XXL\",\"description\":\"Ihr Markt Online\",\"publisher\":{\"@id\":\"https:\\\/\\\/marktxxl.de\\\/markt\\\/#organization\"},\"potentialAction\":[{\"@type\":\"SearchAction\",\"target\":{\"@type\":\"EntryPoint\",\"urlTemplate\":\"https:\\\/\\\/marktxxl.de\\\/markt\\\/?s={search_term_string}\"},\"query-input\":{\"@type\":\"PropertyValueSpecification\",\"valueRequired\":true,\"valueName\":\"search_term_string\"}}],\"inLanguage\":\"de\"},{\"@type\":\"Organization\",\"@id\":\"https:\\\/\\\/marktxxl.de\\\/markt\\\/#organization\",\"name\":\"Markt-XXL\",\"url\":\"https:\\\/\\\/marktxxl.de\\\/markt\\\/\",\"logo\":{\"@type\":\"ImageObject\",\"inLanguage\":\"de\",\"@id\":\"https:\\\/\\\/marktxxl.de\\\/markt\\\/#\\\/schema\\\/logo\\\/image\\\/\",\"url\":\"https:\\\/\\\/marktxxl.de\\\/markt\\\/wp-content\\\/uploads\\\/sites\\\/3\\\/2020\\\/12\\\/logo.png\",\"contentUrl\":\"https:\\\/\\\/marktxxl.de\\\/markt\\\/wp-content\\\/uploads\\\/sites\\\/3\\\/2020\\\/12\\\/logo.png\",\"width\":200,\"height\":70,\"caption\":\"Markt-XXL\"},\"image\":{\"@id\":\"https:\\\/\\\/marktxxl.de\\\/markt\\\/#\\\/schema\\\/logo\\\/image\\\/\"}}]}<\/script>\n<!-- \/ Yoast SEO plugin. -->","yoast_head_json":{"title":"BOACAY Extra Gro\u00dfe Kulturbeutel f\u00fcr Damen, Herren, Kinder, Kulturtasche mit Henkel, Reise Kosmetiktasche zum Aufh\u00e4ngen\u2026 - Markt-XXL","description":"Markt-XXL BOACAY Extra Gro\u00dfe Kulturbeutel f\u00fcr Damen, Herren, Kinder, Kulturtasche mit Henkel, Reise Kosmetiktasche zum Aufh\u00e4ngen\u2026","robots":{"index":"index","follow":"follow","max-snippet":"max-snippet:-1","max-image-preview":"max-image-preview:large","max-video-preview":"max-video-preview:-1"},"canonical":"https:\/\/marktxxl.de\/markt\/produkt\/extra-grosse-kosmetiktasche-kulturbeutel-zum-aufhaengen-fuer-damen-herren-kulturtasche-schminktasche-waschbeutel-mit-elastischen-band-halterungen-fuer-toilettenartikel-reisezubeho\/","og_locale":"de_DE","og_type":"article","og_title":"BOACAY Extra Gro\u00dfe Kulturbeutel f\u00fcr Damen, Herren, Kinder, Kulturtasche mit Henkel, Reise Kosmetiktasche zum Aufh\u00e4ngen\u2026 - Markt-XXL","og_description":"Markt-XXL BOACAY Extra Gro\u00dfe Kulturbeutel f\u00fcr Damen, Herren, Kinder, Kulturtasche mit Henkel, Reise Kosmetiktasche zum Aufh\u00e4ngen\u2026","og_url":"https:\/\/marktxxl.de\/markt\/produkt\/extra-grosse-kosmetiktasche-kulturbeutel-zum-aufhaengen-fuer-damen-herren-kulturtasche-schminktasche-waschbeutel-mit-elastischen-band-halterungen-fuer-toilettenartikel-reisezubeho\/","og_site_name":"Markt-XXL","article_modified_time":"2023-04-10T02:45:28+00:00","og_image":[{"width":500,"height":500,"url":"https:\/\/m.media-amazon.com\/images\/I\/51F6uQoxZ0L._SL500_.jpg","type":"image\/jpeg"}],"twitter_card":"summary_large_image","twitter_misc":{"Gesch\u00e4tzte Lesezeit":"2\u00a0Minuten"},"schema":{"@context":"https:\/\/schema.org","@graph":[{"@type":"WebPage","@id":"https:\/\/marktxxl.de\/markt\/produkt\/extra-grosse-kosmetiktasche-kulturbeutel-zum-aufhaengen-fuer-damen-herren-kulturtasche-schminktasche-waschbeutel-mit-elastischen-band-halterungen-fuer-toilettenartikel-reisezubeho\/","url":"https:\/\/marktxxl.de\/markt\/produkt\/extra-grosse-kosmetiktasche-kulturbeutel-zum-aufhaengen-fuer-damen-herren-kulturtasche-schminktasche-waschbeutel-mit-elastischen-band-halterungen-fuer-toilettenartikel-reisezubeho\/","name":"BOACAY Extra Gro\u00dfe Kulturbeutel f\u00fcr Damen, Herren, Kinder, Kulturtasche mit Henkel, Reise Kosmetiktasche zum Aufh\u00e4ngen\u2026 - Markt-XXL","isPartOf":{"@id":"https:\/\/marktxxl.de\/markt\/#website"},"primaryImageOfPage":{"@id":"https:\/\/marktxxl.de\/markt\/produkt\/extra-grosse-kosmetiktasche-kulturbeutel-zum-aufhaengen-fuer-damen-herren-kulturtasche-schminktasche-waschbeutel-mit-elastischen-band-halterungen-fuer-toilettenartikel-reisezubeho\/#primaryimage"},"image":{"@id":"https:\/\/marktxxl.de\/markt\/produkt\/extra-grosse-kosmetiktasche-kulturbeutel-zum-aufhaengen-fuer-damen-herren-kulturtasche-schminktasche-waschbeutel-mit-elastischen-band-halterungen-fuer-toilettenartikel-reisezubeho\/#primaryimage"},"thumbnailUrl":"https:\/\/m.media-amazon.com\/images\/I\/51F6uQoxZ0L._SL500_.jpg","datePublished":"2022-10-12T00:16:23+00:00","dateModified":"2023-04-10T02:45:28+00:00","description":"Markt-XXL BOACAY Extra Gro\u00dfe Kulturbeutel f\u00fcr Damen, Herren, Kinder, Kulturtasche mit Henkel, Reise Kosmetiktasche zum Aufh\u00e4ngen\u2026","breadcrumb":{"@id":"https:\/\/marktxxl.de\/markt\/produkt\/extra-grosse-kosmetiktasche-kulturbeutel-zum-aufhaengen-fuer-damen-herren-kulturtasche-schminktasche-waschbeutel-mit-elastischen-band-halterungen-fuer-toilettenartikel-reisezubeho\/#breadcrumb"},"inLanguage":"de","potentialAction":[{"@type":"ReadAction","target":["https:\/\/marktxxl.de\/markt\/produkt\/extra-grosse-kosmetiktasche-kulturbeutel-zum-aufhaengen-fuer-damen-herren-kulturtasche-schminktasche-waschbeutel-mit-elastischen-band-halterungen-fuer-toilettenartikel-reisezubeho\/"]}]},{"@type":"ImageObject","inLanguage":"de","@id":"https:\/\/marktxxl.de\/markt\/produkt\/extra-grosse-kosmetiktasche-kulturbeutel-zum-aufhaengen-fuer-damen-herren-kulturtasche-schminktasche-waschbeutel-mit-elastischen-band-halterungen-fuer-toilettenartikel-reisezubeho\/#primaryimage","url":"https:\/\/m.media-amazon.com\/images\/I\/51F6uQoxZ0L._SL500_.jpg","contentUrl":"https:\/\/m.media-amazon.com\/images\/I\/51F6uQoxZ0L._SL500_.jpg","width":500,"height":500},{"@type":"BreadcrumbList","@id":"https:\/\/marktxxl.de\/markt\/produkt\/extra-grosse-kosmetiktasche-kulturbeutel-zum-aufhaengen-fuer-damen-herren-kulturtasche-schminktasche-waschbeutel-mit-elastischen-band-halterungen-fuer-toilettenartikel-reisezubeho\/#breadcrumb","itemListElement":[{"@type":"ListItem","position":1,"name":"Startseite","item":"https:\/\/marktxxl.de\/markt\/"},{"@type":"ListItem","position":2,"name":"Markt","item":"https:\/\/marktxxl.de\/markt\/"},{"@type":"ListItem","position":3,"name":"BOACAY Extra Gro\u00dfe Kulturbeutel f\u00fcr Damen, Herren, Kinder, Kulturtasche mit Henkel, Reise Kosmetiktasche zum Aufh\u00e4ngen\u2026"}]},{"@type":"WebSite","@id":"https:\/\/marktxxl.de\/markt\/#website","url":"https:\/\/marktxxl.de\/markt\/","name":"Markt-XXL","description":"Ihr Markt Online","publisher":{"@id":"https:\/\/marktxxl.de\/markt\/#organization"},"potentialAction":[{"@type":"SearchAction","target":{"@type":"EntryPoint","urlTemplate":"https:\/\/marktxxl.de\/markt\/?s={search_term_string}"},"query-input":{"@type":"PropertyValueSpecification","valueRequired":true,"valueName":"search_term_string"}}],"inLanguage":"de"},{"@type":"Organization","@id":"https:\/\/marktxxl.de\/markt\/#organization","name":"Markt-XXL","url":"https:\/\/marktxxl.de\/markt\/","logo":{"@type":"ImageObject","inLanguage":"de","@id":"https:\/\/marktxxl.de\/markt\/#\/schema\/logo\/image\/","url":"https:\/\/marktxxl.de\/markt\/wp-content\/uploads\/sites\/3\/2020\/12\/logo.png","contentUrl":"https:\/\/marktxxl.de\/markt\/wp-content\/uploads\/sites\/3\/2020\/12\/logo.png","width":200,"height":70,"caption":"Markt-XXL"},"image":{"@id":"https:\/\/marktxxl.de\/markt\/#\/schema\/logo\/image\/"}}]}},"_links":{"self":[{"href":"https:\/\/marktxxl.de\/markt\/wp-json\/wp\/v2\/product\/157214","targetHints":{"allow":["GET"]}}],"collection":[{"href":"https:\/\/marktxxl.de\/markt\/wp-json\/wp\/v2\/product"}],"about":[{"href":"https:\/\/marktxxl.de\/markt\/wp-json\/wp\/v2\/types\/product"}],"replies":[{"embeddable":true,"href":"https:\/\/marktxxl.de\/markt\/wp-json\/wp\/v2\/comments?post=157214"}],"wp:featuredmedia":[{"embeddable":true,"href":"https:\/\/marktxxl.de\/markt\/wp-json\/wp\/v2\/media\/157215"}],"wp:attachment":[{"href":"https:\/\/marktxxl.de\/markt\/wp-json\/wp\/v2\/media?parent=157214"}],"wp:term":[{"taxonomy":"product_brand","embeddable":true,"href":"https:\/\/marktxxl.de\/markt\/wp-json\/wp\/v2\/product_brand?post=157214"},{"taxonomy":"product_cat","embeddable":true,"href":"https:\/\/marktxxl.de\/markt\/wp-json\/wp\/v2\/product_cat?post=157214"},{"taxonomy":"product_tag","embeddable":true,"href":"https:\/\/marktxxl.de\/markt\/wp-json\/wp\/v2\/product_tag?post=157214"}],"curies":[{"name":"wp","href":"https:\/\/api.w.org\/{rel}","templated":true}]}}