{"id":157199,"date":"2022-10-12T02:16:01","date_gmt":"2022-10-12T00:16:01","guid":{"rendered":"https:\/\/marktxxl.de\/markt\/produkt\/moseen-heal-nagelfraeser-elektrisch-kompakter-elektrisch-einstellbar-elektrische-feile-manikuere-set-20000prm-64-elektrische-nagelfraeser-tragbare-assistive-hand-und-fusspflege-fuer-acrylnagelgel\/"},"modified":"2023-04-10T04:45:28","modified_gmt":"2023-04-10T02:45:28","slug":"moseen-heal-nagelfraeser-elektrisch-kompakter-elektrisch-einstellbar-elektrische-feile-manikuere-set-20000prm-64-elektrische-nagelfraeser-tragbare-assistive-hand-und-fusspflege-fuer-acrylnagelgel","status":"publish","type":"product","link":"https:\/\/marktxxl.de\/markt\/produkt\/moseen-heal-nagelfraeser-elektrisch-kompakter-elektrisch-einstellbar-elektrische-feile-manikuere-set-20000prm-64-elektrische-nagelfraeser-tragbare-assistive-hand-und-fusspflege-fuer-acrylnagelgel\/","title":{"rendered":"Moseen Heal Elektrische Nagelfr\u00e4ser, Professionell Elektrische Nagelfr\u00e4ser, 11 In 1 Elektrische Feile Manik\u00fcre Set\u2026"},"content":{"rendered":"<p>\u3010Modisches Design des stiftf\u00f6rmigen Griffs\u3011manik\u00fcre set elektrisch hat ein neues verbessertes stiftf\u00f6rmiges Design, das bequemer zu greifen und zu bedienen ist; Der gesamte K\u00f6rper des nagel fr\u00e4smaschine ist dunkelgrau und der dekorative Ring ist rosa und lila, was hochwertig und elegant aussieht. Ausgezeichneter Aluminiumk\u00f6rper, effektivere W\u00e4rmeableitung, lange Lebensdauer<br \/>\n\u3010Kompaktes Hilfsset 6+4\u3011 Der nail drill verf\u00fcgt \u00fcber 6 (Metallbits) + 4 (Hilfspolierbits), die effektiv beim Entfernen von Acryl-\/Geln\u00e4geln oder Manik\u00fcren helfen k\u00f6nnen, ideal f\u00fcr nat\u00fcrliche und k\u00fcnstliche N\u00e4gel; hat auch einen keramischen Maisnagel. Ein Bohrer, der eine ausgezeichnete Wahl zum Entfernen von semi-permanentem Nagelgel und k\u00fcnstlichen Nagelst\u00fccken ist. Lassen Sie Ihre nagel fr\u00e4ser schneller und effizienter arbeiten.<br \/>\n\u3010Ausgezeichnete Produktleistung\u3011Das neue modifizierte sto\u00dffeste Design des internen pedik\u00fcreset elektrisch sorgt f\u00fcr eine stabile Bohrqualit\u00e4t bei Hochgeschwindigkeitslagern und reduziert effektiv Vibrationen und Ger\u00e4usche. entfernt Nagellack einfach und schmerzlos, ohne Ihre N\u00e4gel zu verletzen N\u00e4gel, er kann sich darauf verlassen, dass die elektronische nagelfr\u00e4ser \u00fcberall funktioniert, ohne andere zu st\u00f6ren.<br \/>\n\u301020000PRM Motor mit einstellbarer Geschwindigkeit\u3011nagelfr\u00e4ser f\u00fcr geln\u00e4gel hat 0-20000PRM, Sie k\u00f6nnen sie jederzeit stoppen, sie kann innerhalb von drei Sekunden die h\u00f6chste Geschwindigkeit erreichen, und Sie k\u00f6nnen auch ihre drei G\u00e4nge einstellen, was es f\u00fcr Sie einfacher und bequemer macht Sichere Manik\u00fcre; Dar\u00fcber hinaus ist die Zwei-Wege-Drehung des manicure pedicure set auch sehr praktisch, Sie k\u00f6nnen nach Ihren Gewohnheiten vorw\u00e4rts \/ r\u00fcckw\u00e4rts w\u00e4hlen.<br \/>\n\u3010Sicher, praktisch und praktisch\u3011 Leicht genug Design, Sie k\u00f6nnen den Bohrer einfach ohne Werkzeug ersetzen, das mitgelieferte USB-Datenkabel erm\u00f6glicht Ihnen den Anschluss an jeden USB-Stromanschluss, Sie k\u00f6nnen elektrischer nagelfr\u00e4ser in Ihre Brieftasche stecken und es jederzeit und \u00fcberall einschalten Ihr Nagelstudio, perfekt f\u00fcr unterwegs und zu Hause.<br \/>\n<div class=\"main-cross-sell\" data-asin=\"B0B3ZYX4MN\">\n\n\t<div class=\"WooZone-cross-sell-loader\">\n\t\t<div>\n\t\t\t<div id=\"floatingBarsG\">\n\t\t\t\t<div class=\"blockG\" id=\"rotateG_01\"><\/div>\n\t\t\t\t<div class=\"blockG\" id=\"rotateG_02\"><\/div>\n\t\t\t\t<div class=\"blockG\" id=\"rotateG_03\"><\/div>\n\t\t\t\t<div class=\"blockG\" id=\"rotateG_04\"><\/div>\n\t\t\t\t<div class=\"blockG\" id=\"rotateG_05\"><\/div>\n\t\t\t\t<div class=\"blockG\" id=\"rotateG_06\"><\/div>\n\t\t\t\t<div class=\"blockG\" id=\"rotateG_07\"><\/div>\n\t\t\t\t<div class=\"blockG\" id=\"rotateG_08\"><\/div>\n\t\t\t<\/div>\n\t\t\t<div class=\"WooZone-cross-sell-loader-text\"><\/div>\n\t\t<\/div>\n\t<\/div>\n\n\t\t\n<\/div>\n<div style=\"clear:both;\"><\/div><\/p>\n","protected":false},"excerpt":{"rendered":"<p>\u3010Modisches Design des stiftf\u00f6rmigen Griffs\u3011manik\u00fcre set elektrisch hat ein neues verbessertes stiftf\u00f6rmiges Design, das bequemer zu greifen und zu bedienen ist; Der gesamte K\u00f6rper des nagel fr\u00e4smaschine ist dunkelgrau und der dekorative Ring ist rosa und lila, was hochwertig und elegant aussieht. Ausgezeichneter Aluminiumk\u00f6rper, effektivere W\u00e4rmeableitung, lange Lebensdauer<br \/>\n\u3010Kompaktes Hilfsset 6+4\u3011 Der nail drill verf\u00fcgt \u00fcber 6 (Metallbits) + 4 (Hilfspolierbits), die effektiv beim Entfernen von Acryl-\/Geln\u00e4geln oder Manik\u00fcren helfen k\u00f6nnen, ideal f\u00fcr nat\u00fcrliche und k\u00fcnstliche N\u00e4gel; hat auch einen keramischen Maisnagel. Ein Bohrer, der eine ausgezeichnete Wahl zum Entfernen von semi-permanentem Nagelgel und k\u00fcnstlichen Nagelst\u00fccken ist. Lassen Sie Ihre nagel fr\u00e4ser schneller und effizienter arbeiten.<br \/>\n\u3010Ausgezeichnete Produktleistung\u3011Das neue modifizierte sto\u00dffeste Design des internen pedik\u00fcreset elektrisch sorgt f\u00fcr eine stabile Bohrqualit\u00e4t bei Hochgeschwindigkeitslagern und reduziert effektiv Vibrationen und Ger\u00e4usche. entfernt Nagellack einfach und schmerzlos, ohne Ihre N\u00e4gel zu verletzen N\u00e4gel, er kann sich darauf verlassen, dass die elektronische nagelfr\u00e4ser \u00fcberall funktioniert, ohne andere zu st\u00f6ren.<\/p>\n","protected":false},"featured_media":157200,"comment_status":"open","ping_status":"closed","template":"","meta":[],"product_brand":[],"product_cat":[2858],"product_tag":[],"class_list":{"0":"post-157199","1":"product","2":"type-product","3":"status-publish","4":"has-post-thumbnail","6":"product_cat-beauty","7":"pa_brand-moseen-heal","8":"pa_color-grau","9":"pa_height-0-393700787-zoll","10":"pa_length-1-574803148-zoll","11":"pa_manufacturer-moseen-heal","12":"pa_width-1-574803148-zoll","14":"first","15":"instock","16":"shipping-taxable","17":"purchasable","18":"product-type-simple","19":"customify-col","20":"product-has-gallery"},"yoast_head":"<!-- This site is optimized with the Yoast SEO plugin v27.4 - https:\/\/yoast.com\/product\/yoast-seo-wordpress\/ -->\n<title>Moseen Heal Elektrische Nagelfr\u00e4ser, Professionell Elektrische Nagelfr\u00e4ser, 11 In 1 Elektrische Feile Manik\u00fcre Set\u2026 - Markt-XXL<\/title>\n<meta name=\"description\" content=\"Markt-XXL Moseen Heal Elektrische Nagelfr\u00e4ser, Professionell Elektrische Nagelfr\u00e4ser, 11 In 1 Elektrische Feile Manik\u00fcre Set\u2026\" \/>\n<meta name=\"robots\" content=\"index, follow, max-snippet:-1, max-image-preview:large, max-video-preview:-1\" \/>\n<link rel=\"canonical\" href=\"https:\/\/marktxxl.de\/markt\/produkt\/moseen-heal-nagelfraeser-elektrisch-kompakter-elektrisch-einstellbar-elektrische-feile-manikuere-set-20000prm-64-elektrische-nagelfraeser-tragbare-assistive-hand-und-fusspflege-fuer-acrylnagelgel\/\" \/>\n<meta property=\"og:locale\" content=\"de_DE\" \/>\n<meta property=\"og:type\" content=\"article\" \/>\n<meta property=\"og:title\" content=\"Moseen Heal Elektrische Nagelfr\u00e4ser, Professionell Elektrische Nagelfr\u00e4ser, 11 In 1 Elektrische Feile Manik\u00fcre Set\u2026 - Markt-XXL\" \/>\n<meta property=\"og:description\" content=\"Markt-XXL Moseen Heal Elektrische Nagelfr\u00e4ser, Professionell Elektrische Nagelfr\u00e4ser, 11 In 1 Elektrische Feile Manik\u00fcre Set\u2026\" \/>\n<meta property=\"og:url\" content=\"https:\/\/marktxxl.de\/markt\/produkt\/moseen-heal-nagelfraeser-elektrisch-kompakter-elektrisch-einstellbar-elektrische-feile-manikuere-set-20000prm-64-elektrische-nagelfraeser-tragbare-assistive-hand-und-fusspflege-fuer-acrylnagelgel\/\" \/>\n<meta property=\"og:site_name\" content=\"Markt-XXL\" \/>\n<meta property=\"article:modified_time\" content=\"2023-04-10T02:45:28+00:00\" \/>\n<meta property=\"og:image\" content=\"https:\/\/m.media-amazon.com\/images\/I\/41HxQThDBVL._SL500_.jpg\" \/>\n\t<meta property=\"og:image:width\" content=\"500\" \/>\n\t<meta property=\"og:image:height\" content=\"500\" \/>\n\t<meta property=\"og:image:type\" content=\"image\/jpeg\" \/>\n<meta name=\"twitter:card\" content=\"summary_large_image\" \/>\n<meta name=\"twitter:label1\" content=\"Gesch\u00e4tzte Lesezeit\" \/>\n\t<meta name=\"twitter:data1\" content=\"2\u00a0Minuten\" \/>\n<script type=\"application\/ld+json\" class=\"yoast-schema-graph\">{\"@context\":\"https:\\\/\\\/schema.org\",\"@graph\":[{\"@type\":\"WebPage\",\"@id\":\"https:\\\/\\\/marktxxl.de\\\/markt\\\/produkt\\\/moseen-heal-nagelfraeser-elektrisch-kompakter-elektrisch-einstellbar-elektrische-feile-manikuere-set-20000prm-64-elektrische-nagelfraeser-tragbare-assistive-hand-und-fusspflege-fuer-acrylnagelgel\\\/\",\"url\":\"https:\\\/\\\/marktxxl.de\\\/markt\\\/produkt\\\/moseen-heal-nagelfraeser-elektrisch-kompakter-elektrisch-einstellbar-elektrische-feile-manikuere-set-20000prm-64-elektrische-nagelfraeser-tragbare-assistive-hand-und-fusspflege-fuer-acrylnagelgel\\\/\",\"name\":\"Moseen Heal Elektrische Nagelfr\u00e4ser, Professionell Elektrische Nagelfr\u00e4ser, 11 In 1 Elektrische Feile Manik\u00fcre Set\u2026 - Markt-XXL\",\"isPartOf\":{\"@id\":\"https:\\\/\\\/marktxxl.de\\\/markt\\\/#website\"},\"primaryImageOfPage\":{\"@id\":\"https:\\\/\\\/marktxxl.de\\\/markt\\\/produkt\\\/moseen-heal-nagelfraeser-elektrisch-kompakter-elektrisch-einstellbar-elektrische-feile-manikuere-set-20000prm-64-elektrische-nagelfraeser-tragbare-assistive-hand-und-fusspflege-fuer-acrylnagelgel\\\/#primaryimage\"},\"image\":{\"@id\":\"https:\\\/\\\/marktxxl.de\\\/markt\\\/produkt\\\/moseen-heal-nagelfraeser-elektrisch-kompakter-elektrisch-einstellbar-elektrische-feile-manikuere-set-20000prm-64-elektrische-nagelfraeser-tragbare-assistive-hand-und-fusspflege-fuer-acrylnagelgel\\\/#primaryimage\"},\"thumbnailUrl\":\"https:\\\/\\\/m.media-amazon.com\\\/images\\\/I\\\/41HxQThDBVL._SL500_.jpg\",\"datePublished\":\"2022-10-12T00:16:01+00:00\",\"dateModified\":\"2023-04-10T02:45:28+00:00\",\"description\":\"Markt-XXL Moseen Heal Elektrische Nagelfr\u00e4ser, Professionell Elektrische Nagelfr\u00e4ser, 11 In 1 Elektrische Feile Manik\u00fcre Set\u2026\",\"breadcrumb\":{\"@id\":\"https:\\\/\\\/marktxxl.de\\\/markt\\\/produkt\\\/moseen-heal-nagelfraeser-elektrisch-kompakter-elektrisch-einstellbar-elektrische-feile-manikuere-set-20000prm-64-elektrische-nagelfraeser-tragbare-assistive-hand-und-fusspflege-fuer-acrylnagelgel\\\/#breadcrumb\"},\"inLanguage\":\"de\",\"potentialAction\":[{\"@type\":\"ReadAction\",\"target\":[\"https:\\\/\\\/marktxxl.de\\\/markt\\\/produkt\\\/moseen-heal-nagelfraeser-elektrisch-kompakter-elektrisch-einstellbar-elektrische-feile-manikuere-set-20000prm-64-elektrische-nagelfraeser-tragbare-assistive-hand-und-fusspflege-fuer-acrylnagelgel\\\/\"]}]},{\"@type\":\"ImageObject\",\"inLanguage\":\"de\",\"@id\":\"https:\\\/\\\/marktxxl.de\\\/markt\\\/produkt\\\/moseen-heal-nagelfraeser-elektrisch-kompakter-elektrisch-einstellbar-elektrische-feile-manikuere-set-20000prm-64-elektrische-nagelfraeser-tragbare-assistive-hand-und-fusspflege-fuer-acrylnagelgel\\\/#primaryimage\",\"url\":\"https:\\\/\\\/m.media-amazon.com\\\/images\\\/I\\\/41HxQThDBVL._SL500_.jpg\",\"contentUrl\":\"https:\\\/\\\/m.media-amazon.com\\\/images\\\/I\\\/41HxQThDBVL._SL500_.jpg\",\"width\":500,\"height\":500},{\"@type\":\"BreadcrumbList\",\"@id\":\"https:\\\/\\\/marktxxl.de\\\/markt\\\/produkt\\\/moseen-heal-nagelfraeser-elektrisch-kompakter-elektrisch-einstellbar-elektrische-feile-manikuere-set-20000prm-64-elektrische-nagelfraeser-tragbare-assistive-hand-und-fusspflege-fuer-acrylnagelgel\\\/#breadcrumb\",\"itemListElement\":[{\"@type\":\"ListItem\",\"position\":1,\"name\":\"Startseite\",\"item\":\"https:\\\/\\\/marktxxl.de\\\/markt\\\/\"},{\"@type\":\"ListItem\",\"position\":2,\"name\":\"Markt\",\"item\":\"https:\\\/\\\/marktxxl.de\\\/markt\\\/\"},{\"@type\":\"ListItem\",\"position\":3,\"name\":\"Moseen Heal Elektrische Nagelfr\u00e4ser, Professionell Elektrische Nagelfr\u00e4ser, 11 In 1 Elektrische Feile Manik\u00fcre Set\u2026\"}]},{\"@type\":\"WebSite\",\"@id\":\"https:\\\/\\\/marktxxl.de\\\/markt\\\/#website\",\"url\":\"https:\\\/\\\/marktxxl.de\\\/markt\\\/\",\"name\":\"Markt-XXL\",\"description\":\"Ihr Markt Online\",\"publisher\":{\"@id\":\"https:\\\/\\\/marktxxl.de\\\/markt\\\/#organization\"},\"potentialAction\":[{\"@type\":\"SearchAction\",\"target\":{\"@type\":\"EntryPoint\",\"urlTemplate\":\"https:\\\/\\\/marktxxl.de\\\/markt\\\/?s={search_term_string}\"},\"query-input\":{\"@type\":\"PropertyValueSpecification\",\"valueRequired\":true,\"valueName\":\"search_term_string\"}}],\"inLanguage\":\"de\"},{\"@type\":\"Organization\",\"@id\":\"https:\\\/\\\/marktxxl.de\\\/markt\\\/#organization\",\"name\":\"Markt-XXL\",\"url\":\"https:\\\/\\\/marktxxl.de\\\/markt\\\/\",\"logo\":{\"@type\":\"ImageObject\",\"inLanguage\":\"de\",\"@id\":\"https:\\\/\\\/marktxxl.de\\\/markt\\\/#\\\/schema\\\/logo\\\/image\\\/\",\"url\":\"https:\\\/\\\/marktxxl.de\\\/markt\\\/wp-content\\\/uploads\\\/sites\\\/3\\\/2020\\\/12\\\/logo.png\",\"contentUrl\":\"https:\\\/\\\/marktxxl.de\\\/markt\\\/wp-content\\\/uploads\\\/sites\\\/3\\\/2020\\\/12\\\/logo.png\",\"width\":200,\"height\":70,\"caption\":\"Markt-XXL\"},\"image\":{\"@id\":\"https:\\\/\\\/marktxxl.de\\\/markt\\\/#\\\/schema\\\/logo\\\/image\\\/\"}}]}<\/script>\n<!-- \/ Yoast SEO plugin. -->","yoast_head_json":{"title":"Moseen Heal Elektrische Nagelfr\u00e4ser, Professionell Elektrische Nagelfr\u00e4ser, 11 In 1 Elektrische Feile Manik\u00fcre Set\u2026 - Markt-XXL","description":"Markt-XXL Moseen Heal Elektrische Nagelfr\u00e4ser, Professionell Elektrische Nagelfr\u00e4ser, 11 In 1 Elektrische Feile Manik\u00fcre Set\u2026","robots":{"index":"index","follow":"follow","max-snippet":"max-snippet:-1","max-image-preview":"max-image-preview:large","max-video-preview":"max-video-preview:-1"},"canonical":"https:\/\/marktxxl.de\/markt\/produkt\/moseen-heal-nagelfraeser-elektrisch-kompakter-elektrisch-einstellbar-elektrische-feile-manikuere-set-20000prm-64-elektrische-nagelfraeser-tragbare-assistive-hand-und-fusspflege-fuer-acrylnagelgel\/","og_locale":"de_DE","og_type":"article","og_title":"Moseen Heal Elektrische Nagelfr\u00e4ser, Professionell Elektrische Nagelfr\u00e4ser, 11 In 1 Elektrische Feile Manik\u00fcre Set\u2026 - Markt-XXL","og_description":"Markt-XXL Moseen Heal Elektrische Nagelfr\u00e4ser, Professionell Elektrische Nagelfr\u00e4ser, 11 In 1 Elektrische Feile Manik\u00fcre Set\u2026","og_url":"https:\/\/marktxxl.de\/markt\/produkt\/moseen-heal-nagelfraeser-elektrisch-kompakter-elektrisch-einstellbar-elektrische-feile-manikuere-set-20000prm-64-elektrische-nagelfraeser-tragbare-assistive-hand-und-fusspflege-fuer-acrylnagelgel\/","og_site_name":"Markt-XXL","article_modified_time":"2023-04-10T02:45:28+00:00","og_image":[{"width":500,"height":500,"url":"https:\/\/m.media-amazon.com\/images\/I\/41HxQThDBVL._SL500_.jpg","type":"image\/jpeg"}],"twitter_card":"summary_large_image","twitter_misc":{"Gesch\u00e4tzte Lesezeit":"2\u00a0Minuten"},"schema":{"@context":"https:\/\/schema.org","@graph":[{"@type":"WebPage","@id":"https:\/\/marktxxl.de\/markt\/produkt\/moseen-heal-nagelfraeser-elektrisch-kompakter-elektrisch-einstellbar-elektrische-feile-manikuere-set-20000prm-64-elektrische-nagelfraeser-tragbare-assistive-hand-und-fusspflege-fuer-acrylnagelgel\/","url":"https:\/\/marktxxl.de\/markt\/produkt\/moseen-heal-nagelfraeser-elektrisch-kompakter-elektrisch-einstellbar-elektrische-feile-manikuere-set-20000prm-64-elektrische-nagelfraeser-tragbare-assistive-hand-und-fusspflege-fuer-acrylnagelgel\/","name":"Moseen Heal Elektrische Nagelfr\u00e4ser, Professionell Elektrische Nagelfr\u00e4ser, 11 In 1 Elektrische Feile Manik\u00fcre Set\u2026 - Markt-XXL","isPartOf":{"@id":"https:\/\/marktxxl.de\/markt\/#website"},"primaryImageOfPage":{"@id":"https:\/\/marktxxl.de\/markt\/produkt\/moseen-heal-nagelfraeser-elektrisch-kompakter-elektrisch-einstellbar-elektrische-feile-manikuere-set-20000prm-64-elektrische-nagelfraeser-tragbare-assistive-hand-und-fusspflege-fuer-acrylnagelgel\/#primaryimage"},"image":{"@id":"https:\/\/marktxxl.de\/markt\/produkt\/moseen-heal-nagelfraeser-elektrisch-kompakter-elektrisch-einstellbar-elektrische-feile-manikuere-set-20000prm-64-elektrische-nagelfraeser-tragbare-assistive-hand-und-fusspflege-fuer-acrylnagelgel\/#primaryimage"},"thumbnailUrl":"https:\/\/m.media-amazon.com\/images\/I\/41HxQThDBVL._SL500_.jpg","datePublished":"2022-10-12T00:16:01+00:00","dateModified":"2023-04-10T02:45:28+00:00","description":"Markt-XXL Moseen Heal Elektrische Nagelfr\u00e4ser, Professionell Elektrische Nagelfr\u00e4ser, 11 In 1 Elektrische Feile Manik\u00fcre Set\u2026","breadcrumb":{"@id":"https:\/\/marktxxl.de\/markt\/produkt\/moseen-heal-nagelfraeser-elektrisch-kompakter-elektrisch-einstellbar-elektrische-feile-manikuere-set-20000prm-64-elektrische-nagelfraeser-tragbare-assistive-hand-und-fusspflege-fuer-acrylnagelgel\/#breadcrumb"},"inLanguage":"de","potentialAction":[{"@type":"ReadAction","target":["https:\/\/marktxxl.de\/markt\/produkt\/moseen-heal-nagelfraeser-elektrisch-kompakter-elektrisch-einstellbar-elektrische-feile-manikuere-set-20000prm-64-elektrische-nagelfraeser-tragbare-assistive-hand-und-fusspflege-fuer-acrylnagelgel\/"]}]},{"@type":"ImageObject","inLanguage":"de","@id":"https:\/\/marktxxl.de\/markt\/produkt\/moseen-heal-nagelfraeser-elektrisch-kompakter-elektrisch-einstellbar-elektrische-feile-manikuere-set-20000prm-64-elektrische-nagelfraeser-tragbare-assistive-hand-und-fusspflege-fuer-acrylnagelgel\/#primaryimage","url":"https:\/\/m.media-amazon.com\/images\/I\/41HxQThDBVL._SL500_.jpg","contentUrl":"https:\/\/m.media-amazon.com\/images\/I\/41HxQThDBVL._SL500_.jpg","width":500,"height":500},{"@type":"BreadcrumbList","@id":"https:\/\/marktxxl.de\/markt\/produkt\/moseen-heal-nagelfraeser-elektrisch-kompakter-elektrisch-einstellbar-elektrische-feile-manikuere-set-20000prm-64-elektrische-nagelfraeser-tragbare-assistive-hand-und-fusspflege-fuer-acrylnagelgel\/#breadcrumb","itemListElement":[{"@type":"ListItem","position":1,"name":"Startseite","item":"https:\/\/marktxxl.de\/markt\/"},{"@type":"ListItem","position":2,"name":"Markt","item":"https:\/\/marktxxl.de\/markt\/"},{"@type":"ListItem","position":3,"name":"Moseen Heal Elektrische Nagelfr\u00e4ser, Professionell Elektrische Nagelfr\u00e4ser, 11 In 1 Elektrische Feile Manik\u00fcre Set\u2026"}]},{"@type":"WebSite","@id":"https:\/\/marktxxl.de\/markt\/#website","url":"https:\/\/marktxxl.de\/markt\/","name":"Markt-XXL","description":"Ihr Markt Online","publisher":{"@id":"https:\/\/marktxxl.de\/markt\/#organization"},"potentialAction":[{"@type":"SearchAction","target":{"@type":"EntryPoint","urlTemplate":"https:\/\/marktxxl.de\/markt\/?s={search_term_string}"},"query-input":{"@type":"PropertyValueSpecification","valueRequired":true,"valueName":"search_term_string"}}],"inLanguage":"de"},{"@type":"Organization","@id":"https:\/\/marktxxl.de\/markt\/#organization","name":"Markt-XXL","url":"https:\/\/marktxxl.de\/markt\/","logo":{"@type":"ImageObject","inLanguage":"de","@id":"https:\/\/marktxxl.de\/markt\/#\/schema\/logo\/image\/","url":"https:\/\/marktxxl.de\/markt\/wp-content\/uploads\/sites\/3\/2020\/12\/logo.png","contentUrl":"https:\/\/marktxxl.de\/markt\/wp-content\/uploads\/sites\/3\/2020\/12\/logo.png","width":200,"height":70,"caption":"Markt-XXL"},"image":{"@id":"https:\/\/marktxxl.de\/markt\/#\/schema\/logo\/image\/"}}]}},"_links":{"self":[{"href":"https:\/\/marktxxl.de\/markt\/wp-json\/wp\/v2\/product\/157199","targetHints":{"allow":["GET"]}}],"collection":[{"href":"https:\/\/marktxxl.de\/markt\/wp-json\/wp\/v2\/product"}],"about":[{"href":"https:\/\/marktxxl.de\/markt\/wp-json\/wp\/v2\/types\/product"}],"replies":[{"embeddable":true,"href":"https:\/\/marktxxl.de\/markt\/wp-json\/wp\/v2\/comments?post=157199"}],"wp:featuredmedia":[{"embeddable":true,"href":"https:\/\/marktxxl.de\/markt\/wp-json\/wp\/v2\/media\/157200"}],"wp:attachment":[{"href":"https:\/\/marktxxl.de\/markt\/wp-json\/wp\/v2\/media?parent=157199"}],"wp:term":[{"taxonomy":"product_brand","embeddable":true,"href":"https:\/\/marktxxl.de\/markt\/wp-json\/wp\/v2\/product_brand?post=157199"},{"taxonomy":"product_cat","embeddable":true,"href":"https:\/\/marktxxl.de\/markt\/wp-json\/wp\/v2\/product_cat?post=157199"},{"taxonomy":"product_tag","embeddable":true,"href":"https:\/\/marktxxl.de\/markt\/wp-json\/wp\/v2\/product_tag?post=157199"}],"curies":[{"name":"wp","href":"https:\/\/api.w.org\/{rel}","templated":true}]}}