{"id":157176,"date":"2022-10-12T01:55:36","date_gmt":"2022-10-11T23:55:36","guid":{"rendered":"https:\/\/marktxxl.de\/markt\/produkt\/ultraschall-schaedlingsbekaempfer-6-stueck-elektrisch-insektenschutzmittel-moskitoschutz-innenraeumen-plug-in-pest-repeller-fuer-muecken-maeuse-spinnen-kakerlaken-fliegen-wespen-floehe\/"},"modified":"2023-04-10T04:45:27","modified_gmt":"2023-04-10T02:45:27","slug":"ultraschall-schaedlingsbekaempfer-6-stueck-elektrisch-insektenschutzmittel-moskitoschutz-innenraeumen-plug-in-pest-repeller-fuer-muecken-maeuse-spinnen-kakerlaken-fliegen-wespen-floehe","status":"publish","type":"product","link":"https:\/\/marktxxl.de\/markt\/produkt\/ultraschall-schaedlingsbekaempfer-6-stueck-elektrisch-insektenschutzmittel-moskitoschutz-innenraeumen-plug-in-pest-repeller-fuer-muecken-maeuse-spinnen-kakerlaken-fliegen-wespen-floehe\/","title":{"rendered":"Ultraschall Sch\u00e4dlingsbek\u00e4mpfer 6 St\u00fcck, Elektrisch Insektenschutzmittel Moskitoschutz Innenr\u00e4umen Plug-in Pest Repeller\u2026"},"content":{"rendered":"<p>\ud83c\udfe1\u3010Innovative Frequenzumwandlungstechnologie\u3011 Mit der neuesten Drei-Frequenz-Inverter-Technologie werden die Frequenzen von Ultraschallwellen und elektromagnetischen Wellen umgewandelt und koexistieren, was das neurologische H\u00f6rsystem effektiv beeinflussen kann und verhindert, dass Sch\u00e4dlinge und M\u00e4use eine Immunit\u00e4t gegen Insektenschutzmittel entwickeln.<br \/>\n\ud83c\udfe1\u3010Volle Abdeckung und Energieeinsparung\u3011 Das Insektenschutzmittel kann weit verbreitet in H\u00e4usern, Wohnungen, Lagerh\u00e4usern, Gesch\u00e4ften, Werkst\u00e4tten, Restaurants, Hotels usw. verwendet werden, die Insekten, Ratten, M\u00fccken, Fliegen, Wespen, Ameisen, Spinnen, Fl\u00f6he abwehren k\u00f6nnen , Kakerlaken, etc. 360\u00b0 mit geringem Energieverbrauch und hoher Effizienz abdecken.<br \/>\n\ud83c\udfe1\u3010Einfach zu bedienen, einfach Plug &amp; Play\u3011 Schlie\u00dfen Sie den Ultraschall-Sch\u00e4dlingsvernichter einfach an einen normalen Netzstecker an und dann schaltet sich das LED-Licht ein und es beginnt zu laufen, einfach zu bedienen und bequem zu tragen. Der Hersteller empfiehlt, eine Einheit f\u00fcr ca. 80 bis 120 m\u00b2 zu verwenden. Eine zus\u00e4tzliche Einheit wird empfohlen, wenn die Quadratmeterzahl 120 m\u00b2 \u00fcberschreitet.<br \/>\n\ud83c\udfe1\u3010Sicher und umweltfreundlich\u3011Keine Gifte, Chemikalien, Fallen und T\u00f6tungen. Das Sch\u00e4dlingsabwehrmittel vertreibt M\u00fccken physikalisch durch kontinuierliche Wechselfrequenz von Ultraschall- und elektromagnetischen Wellen, die f\u00fcr Menschen, Kinder und Haustiere zu 100% sicher und ungef\u00e4hrlich sind. Es ist eine physikalische Methode, die Sch\u00e4dlinge umweltfreundlich entfernt.<br \/>\n\ud83c\udfe1\u3010Mit Nachtlichtfunktion &amp; ohne Ton\u3011Mit der Nachtlichtfunktion l\u00e4uft das Sch\u00e4dlingsbek\u00e4mpfungsmittel ger\u00e4uschlos und ger\u00e4uschlos, was Ihnen nicht nur hilft, M\u00fccken abzuwehren und das Problem von M\u00fcckenstichen beim Schlafen in der Nacht zu l\u00f6sen, sondern auch die Verwendung von Nachtlicht zu sparen und st\u00f6ren Sie nicht den Schlaf Ihrer Familie. Es ist ein idealer Begleiter f\u00fcr Ihren Schlaf in Ihrem Schlafzimmer\uff01<br \/>\n<div class=\"main-cross-sell\" data-asin=\"B0B1J51P1N\">\n\n\t<div class=\"WooZone-cross-sell-loader\">\n\t\t<div>\n\t\t\t<div id=\"floatingBarsG\">\n\t\t\t\t<div class=\"blockG\" id=\"rotateG_01\"><\/div>\n\t\t\t\t<div class=\"blockG\" id=\"rotateG_02\"><\/div>\n\t\t\t\t<div class=\"blockG\" id=\"rotateG_03\"><\/div>\n\t\t\t\t<div class=\"blockG\" id=\"rotateG_04\"><\/div>\n\t\t\t\t<div class=\"blockG\" id=\"rotateG_05\"><\/div>\n\t\t\t\t<div class=\"blockG\" id=\"rotateG_06\"><\/div>\n\t\t\t\t<div class=\"blockG\" id=\"rotateG_07\"><\/div>\n\t\t\t\t<div class=\"blockG\" id=\"rotateG_08\"><\/div>\n\t\t\t<\/div>\n\t\t\t<div class=\"WooZone-cross-sell-loader-text\"><\/div>\n\t\t<\/div>\n\t<\/div>\n\n\t\t\n<\/div>\n<div style=\"clear:both;\"><\/div><\/p>\n","protected":false},"excerpt":{"rendered":"<p>\ud83c\udfe1\u3010Innovative Frequenzumwandlungstechnologie\u3011 Mit der neuesten Drei-Frequenz-Inverter-Technologie werden die Frequenzen von Ultraschallwellen und elektromagnetischen Wellen umgewandelt und koexistieren, was das neurologische H\u00f6rsystem effektiv beeinflussen kann und verhindert, dass Sch\u00e4dlinge und M\u00e4use eine Immunit\u00e4t gegen Insektenschutzmittel entwickeln.<br \/>\n\ud83c\udfe1\u3010Volle Abdeckung und Energieeinsparung\u3011 Das Insektenschutzmittel kann weit verbreitet in H\u00e4usern, Wohnungen, Lagerh\u00e4usern, Gesch\u00e4ften, Werkst\u00e4tten, Restaurants, Hotels usw. verwendet werden, die Insekten, Ratten, M\u00fccken, Fliegen, Wespen, Ameisen, Spinnen, Fl\u00f6he abwehren k\u00f6nnen , Kakerlaken, etc. 360\u00b0 mit geringem Energieverbrauch und hoher Effizienz abdecken.<br \/>\n\ud83c\udfe1\u3010Einfach zu bedienen, einfach Plug &amp; Play\u3011 Schlie\u00dfen Sie den Ultraschall-Sch\u00e4dlingsvernichter einfach an einen normalen Netzstecker an und dann schaltet sich das LED-Licht ein und es beginnt zu laufen, einfach zu bedienen und bequem zu tragen. Der Hersteller empfiehlt, eine Einheit f\u00fcr ca. 80 bis 120 m\u00b2 zu verwenden. Eine zus\u00e4tzliche Einheit wird empfohlen, wenn die Quadratmeterzahl 120 m\u00b2 \u00fcberschreitet.<\/p>\n","protected":false},"featured_media":157177,"comment_status":"open","ping_status":"closed","template":"","meta":[],"product_brand":[],"product_cat":[1983,11380],"product_tag":[],"class_list":{"0":"post-157176","1":"product","2":"type-product","3":"status-publish","4":"has-post-thumbnail","6":"product_cat-baumarkt","7":"product_cat-sicherheitstechnik","8":"pa_brand-taiso","9":"pa_color-whiteyx1","10":"pa_manufacturer-taiso","11":"pa_size-yxbc1","13":"first","14":"instock","15":"shipping-taxable","16":"purchasable","17":"product-type-simple","18":"customify-col","19":"product-has-gallery"},"yoast_head":"<!-- This site is optimized with the Yoast SEO plugin v27.4 - https:\/\/yoast.com\/product\/yoast-seo-wordpress\/ -->\n<title>Ultraschall Sch\u00e4dlingsbek\u00e4mpfer 6 St\u00fcck, Elektrisch Insektenschutzmittel Moskitoschutz Innenr\u00e4umen Plug-in Pest Repeller\u2026 - Markt-XXL<\/title>\n<meta name=\"description\" content=\"Markt-XXL Ultraschall Sch\u00e4dlingsbek\u00e4mpfer 6 St\u00fcck, Elektrisch Insektenschutzmittel Moskitoschutz Innenr\u00e4umen Plug-in Pest Repeller\u2026\" \/>\n<meta name=\"robots\" content=\"index, follow, max-snippet:-1, max-image-preview:large, max-video-preview:-1\" \/>\n<link rel=\"canonical\" href=\"https:\/\/marktxxl.de\/markt\/produkt\/ultraschall-schaedlingsbekaempfer-6-stueck-elektrisch-insektenschutzmittel-moskitoschutz-innenraeumen-plug-in-pest-repeller-fuer-muecken-maeuse-spinnen-kakerlaken-fliegen-wespen-floehe\/\" \/>\n<meta property=\"og:locale\" content=\"de_DE\" \/>\n<meta property=\"og:type\" content=\"article\" \/>\n<meta property=\"og:title\" content=\"Ultraschall Sch\u00e4dlingsbek\u00e4mpfer 6 St\u00fcck, Elektrisch Insektenschutzmittel Moskitoschutz Innenr\u00e4umen Plug-in Pest Repeller\u2026 - Markt-XXL\" \/>\n<meta property=\"og:description\" content=\"Markt-XXL Ultraschall Sch\u00e4dlingsbek\u00e4mpfer 6 St\u00fcck, Elektrisch Insektenschutzmittel Moskitoschutz Innenr\u00e4umen Plug-in Pest Repeller\u2026\" \/>\n<meta property=\"og:url\" content=\"https:\/\/marktxxl.de\/markt\/produkt\/ultraschall-schaedlingsbekaempfer-6-stueck-elektrisch-insektenschutzmittel-moskitoschutz-innenraeumen-plug-in-pest-repeller-fuer-muecken-maeuse-spinnen-kakerlaken-fliegen-wespen-floehe\/\" \/>\n<meta property=\"og:site_name\" content=\"Markt-XXL\" \/>\n<meta property=\"article:modified_time\" content=\"2023-04-10T02:45:27+00:00\" \/>\n<meta property=\"og:image\" content=\"https:\/\/m.media-amazon.com\/images\/I\/51DMQGBbdfS._SL500_.jpg\" \/>\n\t<meta property=\"og:image:width\" content=\"500\" \/>\n\t<meta property=\"og:image:height\" content=\"500\" \/>\n\t<meta property=\"og:image:type\" content=\"image\/jpeg\" \/>\n<meta name=\"twitter:card\" content=\"summary_large_image\" \/>\n<meta name=\"twitter:label1\" content=\"Gesch\u00e4tzte Lesezeit\" \/>\n\t<meta name=\"twitter:data1\" content=\"1\u00a0Minute\" \/>\n<script type=\"application\/ld+json\" class=\"yoast-schema-graph\">{\"@context\":\"https:\\\/\\\/schema.org\",\"@graph\":[{\"@type\":\"WebPage\",\"@id\":\"https:\\\/\\\/marktxxl.de\\\/markt\\\/produkt\\\/ultraschall-schaedlingsbekaempfer-6-stueck-elektrisch-insektenschutzmittel-moskitoschutz-innenraeumen-plug-in-pest-repeller-fuer-muecken-maeuse-spinnen-kakerlaken-fliegen-wespen-floehe\\\/\",\"url\":\"https:\\\/\\\/marktxxl.de\\\/markt\\\/produkt\\\/ultraschall-schaedlingsbekaempfer-6-stueck-elektrisch-insektenschutzmittel-moskitoschutz-innenraeumen-plug-in-pest-repeller-fuer-muecken-maeuse-spinnen-kakerlaken-fliegen-wespen-floehe\\\/\",\"name\":\"Ultraschall Sch\u00e4dlingsbek\u00e4mpfer 6 St\u00fcck, Elektrisch Insektenschutzmittel Moskitoschutz Innenr\u00e4umen Plug-in Pest Repeller\u2026 - Markt-XXL\",\"isPartOf\":{\"@id\":\"https:\\\/\\\/marktxxl.de\\\/markt\\\/#website\"},\"primaryImageOfPage\":{\"@id\":\"https:\\\/\\\/marktxxl.de\\\/markt\\\/produkt\\\/ultraschall-schaedlingsbekaempfer-6-stueck-elektrisch-insektenschutzmittel-moskitoschutz-innenraeumen-plug-in-pest-repeller-fuer-muecken-maeuse-spinnen-kakerlaken-fliegen-wespen-floehe\\\/#primaryimage\"},\"image\":{\"@id\":\"https:\\\/\\\/marktxxl.de\\\/markt\\\/produkt\\\/ultraschall-schaedlingsbekaempfer-6-stueck-elektrisch-insektenschutzmittel-moskitoschutz-innenraeumen-plug-in-pest-repeller-fuer-muecken-maeuse-spinnen-kakerlaken-fliegen-wespen-floehe\\\/#primaryimage\"},\"thumbnailUrl\":\"https:\\\/\\\/m.media-amazon.com\\\/images\\\/I\\\/51DMQGBbdfS._SL500_.jpg\",\"datePublished\":\"2022-10-11T23:55:36+00:00\",\"dateModified\":\"2023-04-10T02:45:27+00:00\",\"description\":\"Markt-XXL Ultraschall Sch\u00e4dlingsbek\u00e4mpfer 6 St\u00fcck, Elektrisch Insektenschutzmittel Moskitoschutz Innenr\u00e4umen Plug-in Pest Repeller\u2026\",\"breadcrumb\":{\"@id\":\"https:\\\/\\\/marktxxl.de\\\/markt\\\/produkt\\\/ultraschall-schaedlingsbekaempfer-6-stueck-elektrisch-insektenschutzmittel-moskitoschutz-innenraeumen-plug-in-pest-repeller-fuer-muecken-maeuse-spinnen-kakerlaken-fliegen-wespen-floehe\\\/#breadcrumb\"},\"inLanguage\":\"de\",\"potentialAction\":[{\"@type\":\"ReadAction\",\"target\":[\"https:\\\/\\\/marktxxl.de\\\/markt\\\/produkt\\\/ultraschall-schaedlingsbekaempfer-6-stueck-elektrisch-insektenschutzmittel-moskitoschutz-innenraeumen-plug-in-pest-repeller-fuer-muecken-maeuse-spinnen-kakerlaken-fliegen-wespen-floehe\\\/\"]}]},{\"@type\":\"ImageObject\",\"inLanguage\":\"de\",\"@id\":\"https:\\\/\\\/marktxxl.de\\\/markt\\\/produkt\\\/ultraschall-schaedlingsbekaempfer-6-stueck-elektrisch-insektenschutzmittel-moskitoschutz-innenraeumen-plug-in-pest-repeller-fuer-muecken-maeuse-spinnen-kakerlaken-fliegen-wespen-floehe\\\/#primaryimage\",\"url\":\"https:\\\/\\\/m.media-amazon.com\\\/images\\\/I\\\/51DMQGBbdfS._SL500_.jpg\",\"contentUrl\":\"https:\\\/\\\/m.media-amazon.com\\\/images\\\/I\\\/51DMQGBbdfS._SL500_.jpg\",\"width\":500,\"height\":500},{\"@type\":\"BreadcrumbList\",\"@id\":\"https:\\\/\\\/marktxxl.de\\\/markt\\\/produkt\\\/ultraschall-schaedlingsbekaempfer-6-stueck-elektrisch-insektenschutzmittel-moskitoschutz-innenraeumen-plug-in-pest-repeller-fuer-muecken-maeuse-spinnen-kakerlaken-fliegen-wespen-floehe\\\/#breadcrumb\",\"itemListElement\":[{\"@type\":\"ListItem\",\"position\":1,\"name\":\"Startseite\",\"item\":\"https:\\\/\\\/marktxxl.de\\\/markt\\\/\"},{\"@type\":\"ListItem\",\"position\":2,\"name\":\"Markt\",\"item\":\"https:\\\/\\\/marktxxl.de\\\/markt\\\/\"},{\"@type\":\"ListItem\",\"position\":3,\"name\":\"Ultraschall Sch\u00e4dlingsbek\u00e4mpfer 6 St\u00fcck, Elektrisch Insektenschutzmittel Moskitoschutz Innenr\u00e4umen Plug-in Pest Repeller\u2026\"}]},{\"@type\":\"WebSite\",\"@id\":\"https:\\\/\\\/marktxxl.de\\\/markt\\\/#website\",\"url\":\"https:\\\/\\\/marktxxl.de\\\/markt\\\/\",\"name\":\"Markt-XXL\",\"description\":\"Ihr Markt Online\",\"publisher\":{\"@id\":\"https:\\\/\\\/marktxxl.de\\\/markt\\\/#organization\"},\"potentialAction\":[{\"@type\":\"SearchAction\",\"target\":{\"@type\":\"EntryPoint\",\"urlTemplate\":\"https:\\\/\\\/marktxxl.de\\\/markt\\\/?s={search_term_string}\"},\"query-input\":{\"@type\":\"PropertyValueSpecification\",\"valueRequired\":true,\"valueName\":\"search_term_string\"}}],\"inLanguage\":\"de\"},{\"@type\":\"Organization\",\"@id\":\"https:\\\/\\\/marktxxl.de\\\/markt\\\/#organization\",\"name\":\"Markt-XXL\",\"url\":\"https:\\\/\\\/marktxxl.de\\\/markt\\\/\",\"logo\":{\"@type\":\"ImageObject\",\"inLanguage\":\"de\",\"@id\":\"https:\\\/\\\/marktxxl.de\\\/markt\\\/#\\\/schema\\\/logo\\\/image\\\/\",\"url\":\"https:\\\/\\\/marktxxl.de\\\/markt\\\/wp-content\\\/uploads\\\/sites\\\/3\\\/2020\\\/12\\\/logo.png\",\"contentUrl\":\"https:\\\/\\\/marktxxl.de\\\/markt\\\/wp-content\\\/uploads\\\/sites\\\/3\\\/2020\\\/12\\\/logo.png\",\"width\":200,\"height\":70,\"caption\":\"Markt-XXL\"},\"image\":{\"@id\":\"https:\\\/\\\/marktxxl.de\\\/markt\\\/#\\\/schema\\\/logo\\\/image\\\/\"}}]}<\/script>\n<!-- \/ Yoast SEO plugin. -->","yoast_head_json":{"title":"Ultraschall Sch\u00e4dlingsbek\u00e4mpfer 6 St\u00fcck, Elektrisch Insektenschutzmittel Moskitoschutz Innenr\u00e4umen Plug-in Pest Repeller\u2026 - Markt-XXL","description":"Markt-XXL Ultraschall Sch\u00e4dlingsbek\u00e4mpfer 6 St\u00fcck, Elektrisch Insektenschutzmittel Moskitoschutz Innenr\u00e4umen Plug-in Pest Repeller\u2026","robots":{"index":"index","follow":"follow","max-snippet":"max-snippet:-1","max-image-preview":"max-image-preview:large","max-video-preview":"max-video-preview:-1"},"canonical":"https:\/\/marktxxl.de\/markt\/produkt\/ultraschall-schaedlingsbekaempfer-6-stueck-elektrisch-insektenschutzmittel-moskitoschutz-innenraeumen-plug-in-pest-repeller-fuer-muecken-maeuse-spinnen-kakerlaken-fliegen-wespen-floehe\/","og_locale":"de_DE","og_type":"article","og_title":"Ultraschall Sch\u00e4dlingsbek\u00e4mpfer 6 St\u00fcck, Elektrisch Insektenschutzmittel Moskitoschutz Innenr\u00e4umen Plug-in Pest Repeller\u2026 - Markt-XXL","og_description":"Markt-XXL Ultraschall Sch\u00e4dlingsbek\u00e4mpfer 6 St\u00fcck, Elektrisch Insektenschutzmittel Moskitoschutz Innenr\u00e4umen Plug-in Pest Repeller\u2026","og_url":"https:\/\/marktxxl.de\/markt\/produkt\/ultraschall-schaedlingsbekaempfer-6-stueck-elektrisch-insektenschutzmittel-moskitoschutz-innenraeumen-plug-in-pest-repeller-fuer-muecken-maeuse-spinnen-kakerlaken-fliegen-wespen-floehe\/","og_site_name":"Markt-XXL","article_modified_time":"2023-04-10T02:45:27+00:00","og_image":[{"width":500,"height":500,"url":"https:\/\/m.media-amazon.com\/images\/I\/51DMQGBbdfS._SL500_.jpg","type":"image\/jpeg"}],"twitter_card":"summary_large_image","twitter_misc":{"Gesch\u00e4tzte Lesezeit":"1\u00a0Minute"},"schema":{"@context":"https:\/\/schema.org","@graph":[{"@type":"WebPage","@id":"https:\/\/marktxxl.de\/markt\/produkt\/ultraschall-schaedlingsbekaempfer-6-stueck-elektrisch-insektenschutzmittel-moskitoschutz-innenraeumen-plug-in-pest-repeller-fuer-muecken-maeuse-spinnen-kakerlaken-fliegen-wespen-floehe\/","url":"https:\/\/marktxxl.de\/markt\/produkt\/ultraschall-schaedlingsbekaempfer-6-stueck-elektrisch-insektenschutzmittel-moskitoschutz-innenraeumen-plug-in-pest-repeller-fuer-muecken-maeuse-spinnen-kakerlaken-fliegen-wespen-floehe\/","name":"Ultraschall Sch\u00e4dlingsbek\u00e4mpfer 6 St\u00fcck, Elektrisch Insektenschutzmittel Moskitoschutz Innenr\u00e4umen Plug-in Pest Repeller\u2026 - Markt-XXL","isPartOf":{"@id":"https:\/\/marktxxl.de\/markt\/#website"},"primaryImageOfPage":{"@id":"https:\/\/marktxxl.de\/markt\/produkt\/ultraschall-schaedlingsbekaempfer-6-stueck-elektrisch-insektenschutzmittel-moskitoschutz-innenraeumen-plug-in-pest-repeller-fuer-muecken-maeuse-spinnen-kakerlaken-fliegen-wespen-floehe\/#primaryimage"},"image":{"@id":"https:\/\/marktxxl.de\/markt\/produkt\/ultraschall-schaedlingsbekaempfer-6-stueck-elektrisch-insektenschutzmittel-moskitoschutz-innenraeumen-plug-in-pest-repeller-fuer-muecken-maeuse-spinnen-kakerlaken-fliegen-wespen-floehe\/#primaryimage"},"thumbnailUrl":"https:\/\/m.media-amazon.com\/images\/I\/51DMQGBbdfS._SL500_.jpg","datePublished":"2022-10-11T23:55:36+00:00","dateModified":"2023-04-10T02:45:27+00:00","description":"Markt-XXL Ultraschall Sch\u00e4dlingsbek\u00e4mpfer 6 St\u00fcck, Elektrisch Insektenschutzmittel Moskitoschutz Innenr\u00e4umen Plug-in Pest Repeller\u2026","breadcrumb":{"@id":"https:\/\/marktxxl.de\/markt\/produkt\/ultraschall-schaedlingsbekaempfer-6-stueck-elektrisch-insektenschutzmittel-moskitoschutz-innenraeumen-plug-in-pest-repeller-fuer-muecken-maeuse-spinnen-kakerlaken-fliegen-wespen-floehe\/#breadcrumb"},"inLanguage":"de","potentialAction":[{"@type":"ReadAction","target":["https:\/\/marktxxl.de\/markt\/produkt\/ultraschall-schaedlingsbekaempfer-6-stueck-elektrisch-insektenschutzmittel-moskitoschutz-innenraeumen-plug-in-pest-repeller-fuer-muecken-maeuse-spinnen-kakerlaken-fliegen-wespen-floehe\/"]}]},{"@type":"ImageObject","inLanguage":"de","@id":"https:\/\/marktxxl.de\/markt\/produkt\/ultraschall-schaedlingsbekaempfer-6-stueck-elektrisch-insektenschutzmittel-moskitoschutz-innenraeumen-plug-in-pest-repeller-fuer-muecken-maeuse-spinnen-kakerlaken-fliegen-wespen-floehe\/#primaryimage","url":"https:\/\/m.media-amazon.com\/images\/I\/51DMQGBbdfS._SL500_.jpg","contentUrl":"https:\/\/m.media-amazon.com\/images\/I\/51DMQGBbdfS._SL500_.jpg","width":500,"height":500},{"@type":"BreadcrumbList","@id":"https:\/\/marktxxl.de\/markt\/produkt\/ultraschall-schaedlingsbekaempfer-6-stueck-elektrisch-insektenschutzmittel-moskitoschutz-innenraeumen-plug-in-pest-repeller-fuer-muecken-maeuse-spinnen-kakerlaken-fliegen-wespen-floehe\/#breadcrumb","itemListElement":[{"@type":"ListItem","position":1,"name":"Startseite","item":"https:\/\/marktxxl.de\/markt\/"},{"@type":"ListItem","position":2,"name":"Markt","item":"https:\/\/marktxxl.de\/markt\/"},{"@type":"ListItem","position":3,"name":"Ultraschall Sch\u00e4dlingsbek\u00e4mpfer 6 St\u00fcck, Elektrisch Insektenschutzmittel Moskitoschutz Innenr\u00e4umen Plug-in Pest Repeller\u2026"}]},{"@type":"WebSite","@id":"https:\/\/marktxxl.de\/markt\/#website","url":"https:\/\/marktxxl.de\/markt\/","name":"Markt-XXL","description":"Ihr Markt Online","publisher":{"@id":"https:\/\/marktxxl.de\/markt\/#organization"},"potentialAction":[{"@type":"SearchAction","target":{"@type":"EntryPoint","urlTemplate":"https:\/\/marktxxl.de\/markt\/?s={search_term_string}"},"query-input":{"@type":"PropertyValueSpecification","valueRequired":true,"valueName":"search_term_string"}}],"inLanguage":"de"},{"@type":"Organization","@id":"https:\/\/marktxxl.de\/markt\/#organization","name":"Markt-XXL","url":"https:\/\/marktxxl.de\/markt\/","logo":{"@type":"ImageObject","inLanguage":"de","@id":"https:\/\/marktxxl.de\/markt\/#\/schema\/logo\/image\/","url":"https:\/\/marktxxl.de\/markt\/wp-content\/uploads\/sites\/3\/2020\/12\/logo.png","contentUrl":"https:\/\/marktxxl.de\/markt\/wp-content\/uploads\/sites\/3\/2020\/12\/logo.png","width":200,"height":70,"caption":"Markt-XXL"},"image":{"@id":"https:\/\/marktxxl.de\/markt\/#\/schema\/logo\/image\/"}}]}},"_links":{"self":[{"href":"https:\/\/marktxxl.de\/markt\/wp-json\/wp\/v2\/product\/157176","targetHints":{"allow":["GET"]}}],"collection":[{"href":"https:\/\/marktxxl.de\/markt\/wp-json\/wp\/v2\/product"}],"about":[{"href":"https:\/\/marktxxl.de\/markt\/wp-json\/wp\/v2\/types\/product"}],"replies":[{"embeddable":true,"href":"https:\/\/marktxxl.de\/markt\/wp-json\/wp\/v2\/comments?post=157176"}],"wp:featuredmedia":[{"embeddable":true,"href":"https:\/\/marktxxl.de\/markt\/wp-json\/wp\/v2\/media\/157177"}],"wp:attachment":[{"href":"https:\/\/marktxxl.de\/markt\/wp-json\/wp\/v2\/media?parent=157176"}],"wp:term":[{"taxonomy":"product_brand","embeddable":true,"href":"https:\/\/marktxxl.de\/markt\/wp-json\/wp\/v2\/product_brand?post=157176"},{"taxonomy":"product_cat","embeddable":true,"href":"https:\/\/marktxxl.de\/markt\/wp-json\/wp\/v2\/product_cat?post=157176"},{"taxonomy":"product_tag","embeddable":true,"href":"https:\/\/marktxxl.de\/markt\/wp-json\/wp\/v2\/product_tag?post=157176"}],"curies":[{"name":"wp","href":"https:\/\/api.w.org\/{rel}","templated":true}]}}