{"id":156715,"date":"2022-10-12T00:20:02","date_gmt":"2022-10-11T22:20:02","guid":{"rendered":"https:\/\/marktxxl.de\/markt\/produkt\/veto-tp5b-werkzeugtasche-zum-anklemmen\/"},"modified":"2023-04-11T04:38:20","modified_gmt":"2023-04-11T02:38:20","slug":"veto-tp5b-werkzeugtasche-zum-anklemmen","status":"publish","type":"product","link":"https:\/\/marktxxl.de\/markt\/produkt\/veto-tp5b-werkzeugtasche-zum-anklemmen\/","title":{"rendered":"Veto TP5B Werkzeugtasche zum Anklemmen"},"content":{"rendered":"<p>Die TP5B ist eine Clip-on-Werkzeugtasche f\u00fcr kleinere Meter und Handwerkzeuge. Mit mehr Kapazit\u00e4t als das TP4B verf\u00fcgt es \u00fcber einen harten Kunststoffboden und bietet Feuchtigkeitsschutz und Stabilit\u00e4t, zusammen mit einer Vielzahl von vertikalen Werkzeug-Aufbewahrungsm\u00f6glichkeiten.<br \/>\nVertikale Werkzeugtaschen: 20 innen und au\u00dfen, kleine Metertaschen, Klapp-Bit-Tasche.<br \/>\n6,3 cm breiter G\u00fcrtelschlitz, verstellbare Klettverschluss-Werkzeugschlaufen, D-Ringe: 2 kleine, 20,3 cm gro\u00dfe Isolierband-Gurte.<br \/>\nLeder-Zierleisten, D-Ringe: pulverbeschichteter Stahl, abnehmbarer Gummigriff, Metallband-Clip-Halter, Metallbeutelclip.<br \/>\nBreite: 20,3 cm, Tiefe: 8,9 cm, H\u00f6he: 27,9 cm, Gewicht (leer): 1,1 kg. \/ Garantie: 5 Jahre (siehe Veto Garantiebedingungen f\u00fcr Garantiebedingungen)<br \/>\n<div class=\"main-cross-sell\" data-asin=\"B086DWWVHW\">\n\n\t<div class=\"WooZone-cross-sell-loader\">\n\t\t<div>\n\t\t\t<div id=\"floatingBarsG\">\n\t\t\t\t<div class=\"blockG\" id=\"rotateG_01\"><\/div>\n\t\t\t\t<div class=\"blockG\" id=\"rotateG_02\"><\/div>\n\t\t\t\t<div class=\"blockG\" id=\"rotateG_03\"><\/div>\n\t\t\t\t<div class=\"blockG\" id=\"rotateG_04\"><\/div>\n\t\t\t\t<div class=\"blockG\" id=\"rotateG_05\"><\/div>\n\t\t\t\t<div class=\"blockG\" id=\"rotateG_06\"><\/div>\n\t\t\t\t<div class=\"blockG\" id=\"rotateG_07\"><\/div>\n\t\t\t\t<div class=\"blockG\" id=\"rotateG_08\"><\/div>\n\t\t\t<\/div>\n\t\t\t<div class=\"WooZone-cross-sell-loader-text\"><\/div>\n\t\t<\/div>\n\t<\/div>\n\n\t\t\n<\/div>\n<div style=\"clear:both;\"><\/div><\/p>\n","protected":false},"excerpt":{"rendered":"<p>Die TP5B ist eine Clip-on-Werkzeugtasche f\u00fcr kleinere Meter und Handwerkzeuge. Mit mehr Kapazit\u00e4t als das TP4B verf\u00fcgt es \u00fcber einen harten Kunststoffboden und bietet Feuchtigkeitsschutz und Stabilit\u00e4t, zusammen mit einer Vielzahl von vertikalen Werkzeug-Aufbewahrungsm\u00f6glichkeiten.<br \/>\nVertikale Werkzeugtaschen: 20 innen und au\u00dfen, kleine Metertaschen, Klapp-Bit-Tasche.<br \/>\n6,3 cm breiter G\u00fcrtelschlitz, verstellbare Klettverschluss-Werkzeugschlaufen, D-Ringe: 2 kleine, 20,3 cm gro\u00dfe Isolierband-Gurte.<\/p>\n","protected":false},"featured_media":156716,"comment_status":"open","ping_status":"closed","template":"","meta":[],"product_brand":[],"product_cat":[1983,11179],"product_tag":[],"class_list":{"0":"post-156715","1":"product","2":"type-product","3":"status-publish","4":"has-post-thumbnail","6":"product_cat-baumarkt","7":"product_cat-lagersysteme","8":"pa_brand-veto-pro-pac","9":"pa_color-schwarzgraubraun","10":"pa_height-12-zoll","11":"pa_length-12-zoll","12":"pa_manufacturer-veto-pro-pac","13":"pa_weight-2-pfund","14":"pa_width-6-zoll","16":"first","17":"instock","18":"shipping-taxable","19":"purchasable","20":"product-type-simple","21":"customify-col","22":"product-has-gallery"},"yoast_head":"<!-- This site is optimized with the Yoast SEO plugin v27.4 - https:\/\/yoast.com\/product\/yoast-seo-wordpress\/ -->\n<title>Veto TP5B Werkzeugtasche zum Anklemmen - Markt-XXL<\/title>\n<meta name=\"description\" content=\"Markt-XXL Veto TP5B Werkzeugtasche zum Anklemmen\" \/>\n<meta name=\"robots\" content=\"index, follow, max-snippet:-1, max-image-preview:large, max-video-preview:-1\" \/>\n<link rel=\"canonical\" href=\"https:\/\/marktxxl.de\/markt\/produkt\/veto-tp5b-werkzeugtasche-zum-anklemmen\/\" \/>\n<meta property=\"og:locale\" content=\"de_DE\" \/>\n<meta property=\"og:type\" content=\"article\" \/>\n<meta property=\"og:title\" content=\"Veto TP5B Werkzeugtasche zum Anklemmen - Markt-XXL\" \/>\n<meta property=\"og:description\" content=\"Markt-XXL Veto TP5B Werkzeugtasche zum Anklemmen\" \/>\n<meta property=\"og:url\" content=\"https:\/\/marktxxl.de\/markt\/produkt\/veto-tp5b-werkzeugtasche-zum-anklemmen\/\" \/>\n<meta property=\"og:site_name\" content=\"Markt-XXL\" \/>\n<meta property=\"article:modified_time\" content=\"2023-04-11T02:38:20+00:00\" \/>\n<meta property=\"og:image\" content=\"https:\/\/m.media-amazon.com\/images\/I\/51rmClOaJUL._SL500_.jpg\" \/>\n\t<meta property=\"og:image:width\" content=\"500\" \/>\n\t<meta property=\"og:image:height\" content=\"500\" \/>\n\t<meta property=\"og:image:type\" content=\"image\/jpeg\" \/>\n<meta name=\"twitter:card\" content=\"summary_large_image\" \/>\n<script type=\"application\/ld+json\" class=\"yoast-schema-graph\">{\"@context\":\"https:\\\/\\\/schema.org\",\"@graph\":[{\"@type\":\"WebPage\",\"@id\":\"https:\\\/\\\/marktxxl.de\\\/markt\\\/produkt\\\/veto-tp5b-werkzeugtasche-zum-anklemmen\\\/\",\"url\":\"https:\\\/\\\/marktxxl.de\\\/markt\\\/produkt\\\/veto-tp5b-werkzeugtasche-zum-anklemmen\\\/\",\"name\":\"Veto TP5B Werkzeugtasche zum Anklemmen - Markt-XXL\",\"isPartOf\":{\"@id\":\"https:\\\/\\\/marktxxl.de\\\/markt\\\/#website\"},\"primaryImageOfPage\":{\"@id\":\"https:\\\/\\\/marktxxl.de\\\/markt\\\/produkt\\\/veto-tp5b-werkzeugtasche-zum-anklemmen\\\/#primaryimage\"},\"image\":{\"@id\":\"https:\\\/\\\/marktxxl.de\\\/markt\\\/produkt\\\/veto-tp5b-werkzeugtasche-zum-anklemmen\\\/#primaryimage\"},\"thumbnailUrl\":\"https:\\\/\\\/m.media-amazon.com\\\/images\\\/I\\\/51rmClOaJUL._SL500_.jpg\",\"datePublished\":\"2022-10-11T22:20:02+00:00\",\"dateModified\":\"2023-04-11T02:38:20+00:00\",\"description\":\"Markt-XXL Veto TP5B Werkzeugtasche zum Anklemmen\",\"breadcrumb\":{\"@id\":\"https:\\\/\\\/marktxxl.de\\\/markt\\\/produkt\\\/veto-tp5b-werkzeugtasche-zum-anklemmen\\\/#breadcrumb\"},\"inLanguage\":\"de\",\"potentialAction\":[{\"@type\":\"ReadAction\",\"target\":[\"https:\\\/\\\/marktxxl.de\\\/markt\\\/produkt\\\/veto-tp5b-werkzeugtasche-zum-anklemmen\\\/\"]}]},{\"@type\":\"ImageObject\",\"inLanguage\":\"de\",\"@id\":\"https:\\\/\\\/marktxxl.de\\\/markt\\\/produkt\\\/veto-tp5b-werkzeugtasche-zum-anklemmen\\\/#primaryimage\",\"url\":\"https:\\\/\\\/m.media-amazon.com\\\/images\\\/I\\\/51rmClOaJUL._SL500_.jpg\",\"contentUrl\":\"https:\\\/\\\/m.media-amazon.com\\\/images\\\/I\\\/51rmClOaJUL._SL500_.jpg\",\"width\":500,\"height\":500},{\"@type\":\"BreadcrumbList\",\"@id\":\"https:\\\/\\\/marktxxl.de\\\/markt\\\/produkt\\\/veto-tp5b-werkzeugtasche-zum-anklemmen\\\/#breadcrumb\",\"itemListElement\":[{\"@type\":\"ListItem\",\"position\":1,\"name\":\"Startseite\",\"item\":\"https:\\\/\\\/marktxxl.de\\\/markt\\\/\"},{\"@type\":\"ListItem\",\"position\":2,\"name\":\"Markt\",\"item\":\"https:\\\/\\\/marktxxl.de\\\/markt\\\/\"},{\"@type\":\"ListItem\",\"position\":3,\"name\":\"Veto TP5B Werkzeugtasche zum Anklemmen\"}]},{\"@type\":\"WebSite\",\"@id\":\"https:\\\/\\\/marktxxl.de\\\/markt\\\/#website\",\"url\":\"https:\\\/\\\/marktxxl.de\\\/markt\\\/\",\"name\":\"Markt-XXL\",\"description\":\"Ihr Markt Online\",\"publisher\":{\"@id\":\"https:\\\/\\\/marktxxl.de\\\/markt\\\/#organization\"},\"potentialAction\":[{\"@type\":\"SearchAction\",\"target\":{\"@type\":\"EntryPoint\",\"urlTemplate\":\"https:\\\/\\\/marktxxl.de\\\/markt\\\/?s={search_term_string}\"},\"query-input\":{\"@type\":\"PropertyValueSpecification\",\"valueRequired\":true,\"valueName\":\"search_term_string\"}}],\"inLanguage\":\"de\"},{\"@type\":\"Organization\",\"@id\":\"https:\\\/\\\/marktxxl.de\\\/markt\\\/#organization\",\"name\":\"Markt-XXL\",\"url\":\"https:\\\/\\\/marktxxl.de\\\/markt\\\/\",\"logo\":{\"@type\":\"ImageObject\",\"inLanguage\":\"de\",\"@id\":\"https:\\\/\\\/marktxxl.de\\\/markt\\\/#\\\/schema\\\/logo\\\/image\\\/\",\"url\":\"https:\\\/\\\/marktxxl.de\\\/markt\\\/wp-content\\\/uploads\\\/sites\\\/3\\\/2020\\\/12\\\/logo.png\",\"contentUrl\":\"https:\\\/\\\/marktxxl.de\\\/markt\\\/wp-content\\\/uploads\\\/sites\\\/3\\\/2020\\\/12\\\/logo.png\",\"width\":200,\"height\":70,\"caption\":\"Markt-XXL\"},\"image\":{\"@id\":\"https:\\\/\\\/marktxxl.de\\\/markt\\\/#\\\/schema\\\/logo\\\/image\\\/\"}}]}<\/script>\n<!-- \/ Yoast SEO plugin. -->","yoast_head_json":{"title":"Veto TP5B Werkzeugtasche zum Anklemmen - Markt-XXL","description":"Markt-XXL Veto TP5B Werkzeugtasche zum Anklemmen","robots":{"index":"index","follow":"follow","max-snippet":"max-snippet:-1","max-image-preview":"max-image-preview:large","max-video-preview":"max-video-preview:-1"},"canonical":"https:\/\/marktxxl.de\/markt\/produkt\/veto-tp5b-werkzeugtasche-zum-anklemmen\/","og_locale":"de_DE","og_type":"article","og_title":"Veto TP5B Werkzeugtasche zum Anklemmen - Markt-XXL","og_description":"Markt-XXL Veto TP5B Werkzeugtasche zum Anklemmen","og_url":"https:\/\/marktxxl.de\/markt\/produkt\/veto-tp5b-werkzeugtasche-zum-anklemmen\/","og_site_name":"Markt-XXL","article_modified_time":"2023-04-11T02:38:20+00:00","og_image":[{"width":500,"height":500,"url":"https:\/\/m.media-amazon.com\/images\/I\/51rmClOaJUL._SL500_.jpg","type":"image\/jpeg"}],"twitter_card":"summary_large_image","schema":{"@context":"https:\/\/schema.org","@graph":[{"@type":"WebPage","@id":"https:\/\/marktxxl.de\/markt\/produkt\/veto-tp5b-werkzeugtasche-zum-anklemmen\/","url":"https:\/\/marktxxl.de\/markt\/produkt\/veto-tp5b-werkzeugtasche-zum-anklemmen\/","name":"Veto TP5B Werkzeugtasche zum Anklemmen - Markt-XXL","isPartOf":{"@id":"https:\/\/marktxxl.de\/markt\/#website"},"primaryImageOfPage":{"@id":"https:\/\/marktxxl.de\/markt\/produkt\/veto-tp5b-werkzeugtasche-zum-anklemmen\/#primaryimage"},"image":{"@id":"https:\/\/marktxxl.de\/markt\/produkt\/veto-tp5b-werkzeugtasche-zum-anklemmen\/#primaryimage"},"thumbnailUrl":"https:\/\/m.media-amazon.com\/images\/I\/51rmClOaJUL._SL500_.jpg","datePublished":"2022-10-11T22:20:02+00:00","dateModified":"2023-04-11T02:38:20+00:00","description":"Markt-XXL Veto TP5B Werkzeugtasche zum Anklemmen","breadcrumb":{"@id":"https:\/\/marktxxl.de\/markt\/produkt\/veto-tp5b-werkzeugtasche-zum-anklemmen\/#breadcrumb"},"inLanguage":"de","potentialAction":[{"@type":"ReadAction","target":["https:\/\/marktxxl.de\/markt\/produkt\/veto-tp5b-werkzeugtasche-zum-anklemmen\/"]}]},{"@type":"ImageObject","inLanguage":"de","@id":"https:\/\/marktxxl.de\/markt\/produkt\/veto-tp5b-werkzeugtasche-zum-anklemmen\/#primaryimage","url":"https:\/\/m.media-amazon.com\/images\/I\/51rmClOaJUL._SL500_.jpg","contentUrl":"https:\/\/m.media-amazon.com\/images\/I\/51rmClOaJUL._SL500_.jpg","width":500,"height":500},{"@type":"BreadcrumbList","@id":"https:\/\/marktxxl.de\/markt\/produkt\/veto-tp5b-werkzeugtasche-zum-anklemmen\/#breadcrumb","itemListElement":[{"@type":"ListItem","position":1,"name":"Startseite","item":"https:\/\/marktxxl.de\/markt\/"},{"@type":"ListItem","position":2,"name":"Markt","item":"https:\/\/marktxxl.de\/markt\/"},{"@type":"ListItem","position":3,"name":"Veto TP5B Werkzeugtasche zum Anklemmen"}]},{"@type":"WebSite","@id":"https:\/\/marktxxl.de\/markt\/#website","url":"https:\/\/marktxxl.de\/markt\/","name":"Markt-XXL","description":"Ihr Markt Online","publisher":{"@id":"https:\/\/marktxxl.de\/markt\/#organization"},"potentialAction":[{"@type":"SearchAction","target":{"@type":"EntryPoint","urlTemplate":"https:\/\/marktxxl.de\/markt\/?s={search_term_string}"},"query-input":{"@type":"PropertyValueSpecification","valueRequired":true,"valueName":"search_term_string"}}],"inLanguage":"de"},{"@type":"Organization","@id":"https:\/\/marktxxl.de\/markt\/#organization","name":"Markt-XXL","url":"https:\/\/marktxxl.de\/markt\/","logo":{"@type":"ImageObject","inLanguage":"de","@id":"https:\/\/marktxxl.de\/markt\/#\/schema\/logo\/image\/","url":"https:\/\/marktxxl.de\/markt\/wp-content\/uploads\/sites\/3\/2020\/12\/logo.png","contentUrl":"https:\/\/marktxxl.de\/markt\/wp-content\/uploads\/sites\/3\/2020\/12\/logo.png","width":200,"height":70,"caption":"Markt-XXL"},"image":{"@id":"https:\/\/marktxxl.de\/markt\/#\/schema\/logo\/image\/"}}]}},"_links":{"self":[{"href":"https:\/\/marktxxl.de\/markt\/wp-json\/wp\/v2\/product\/156715","targetHints":{"allow":["GET"]}}],"collection":[{"href":"https:\/\/marktxxl.de\/markt\/wp-json\/wp\/v2\/product"}],"about":[{"href":"https:\/\/marktxxl.de\/markt\/wp-json\/wp\/v2\/types\/product"}],"replies":[{"embeddable":true,"href":"https:\/\/marktxxl.de\/markt\/wp-json\/wp\/v2\/comments?post=156715"}],"wp:featuredmedia":[{"embeddable":true,"href":"https:\/\/marktxxl.de\/markt\/wp-json\/wp\/v2\/media\/156716"}],"wp:attachment":[{"href":"https:\/\/marktxxl.de\/markt\/wp-json\/wp\/v2\/media?parent=156715"}],"wp:term":[{"taxonomy":"product_brand","embeddable":true,"href":"https:\/\/marktxxl.de\/markt\/wp-json\/wp\/v2\/product_brand?post=156715"},{"taxonomy":"product_cat","embeddable":true,"href":"https:\/\/marktxxl.de\/markt\/wp-json\/wp\/v2\/product_cat?post=156715"},{"taxonomy":"product_tag","embeddable":true,"href":"https:\/\/marktxxl.de\/markt\/wp-json\/wp\/v2\/product_tag?post=156715"}],"curies":[{"name":"wp","href":"https:\/\/api.w.org\/{rel}","templated":true}]}}