{"id":156600,"date":"2022-10-12T00:16:24","date_gmt":"2022-10-11T22:16:24","guid":{"rendered":"https:\/\/marktxxl.de\/markt\/produkt\/stier-maul-ringratschenschluessel-satz-12-teilig-sw-8-19-mm-12h-profil-flache-ausfuehrung-chrom-vanadium-stahl-mattchromierte-ausfuehrung-feinverzahnt-mit-72-zaehnen-in-rolltasche\/"},"modified":"2023-04-11T04:38:18","modified_gmt":"2023-04-11T02:38:18","slug":"stier-maul-ringratschenschluessel-satz-12-teilig-sw-8-19-mm-12h-profil-flache-ausfuehrung-chrom-vanadium-stahl-mattchromierte-ausfuehrung-feinverzahnt-mit-72-zaehnen-in-rolltasche","status":"publish","type":"product","link":"https:\/\/marktxxl.de\/markt\/produkt\/stier-maul-ringratschenschluessel-satz-12-teilig-sw-8-19-mm-12h-profil-flache-ausfuehrung-chrom-vanadium-stahl-mattchromierte-ausfuehrung-feinverzahnt-mit-72-zaehnen-in-rolltasche\/","title":{"rendered":"STIER Maul-Ringratschenschl\u00fcssel-Satz, 12-teilig, SW 8-19 mm, 12H-Profil, flache Ausf\u00fchrung, Chrom-Vanadium-Stahl\u2026"},"content":{"rendered":"<p>LANGLEBIG: Das STIER Maulschl\u00fcssel Set ist aus hochwertigem Chrom-Vanadium-Stahl gefertigt, was zu einer besonderen Langlebigkeit f\u00fchrt. Das Material ist besonders hart und bruchfest und h\u00e4lt so auch schwierigen Eins\u00e4tzen dauerhaft stand.<br \/>\nFEINE VERZAHNUNG: Ringratschenmechanismus feinverzahnt mit 72 Z\u00e4hnen f\u00fcr die Arbeit auch in engen Gegebenheiten. Flasche Ausf\u00fchrung f\u00fcr kleine Zwischenr\u00e4ume<br \/>\nOPTIMALES ARBEITEN: Das STIER Maulschl\u00fcssel Set hat ein 12H-Profil, welches f\u00fcr optimale Drehmoment\u00fcbertragung am Schraubenkopf sorgt, ohne dabei Schraube oder Mutter zu besch\u00e4digen.<br \/>\nLIEFERUMFANG: 12 x STIER Maul-Ringratschenschl\u00fcssel, SW 8 | 9 | 10 | 11 | 12 | 13 | 14 | 15 | 16 | 17 | 18 | 19 mm in Transport- und Aufbewahrungstasche<br \/>\nSTIER Produkte werden von Profis aus Handwerk und Industrie entwickelt und verbinden in h\u00f6chstem Ma\u00dfe Leistungsst\u00e4rke und Ergonomie. Kraftvoll. Widerstandsf\u00e4hig. Langlebig. Tausende Kunden vertrauen dem besten Preis-Leistungs-Verh\u00e4ltnis. Erlebe auch du die STIER Produktpalette in unserer Markenwelt hier auf Amazon.<br \/>\n<div class=\"main-cross-sell\" data-asin=\"B01MZFCK9R\">\n\n\t<div class=\"WooZone-cross-sell-loader\">\n\t\t<div>\n\t\t\t<div id=\"floatingBarsG\">\n\t\t\t\t<div class=\"blockG\" id=\"rotateG_01\"><\/div>\n\t\t\t\t<div class=\"blockG\" id=\"rotateG_02\"><\/div>\n\t\t\t\t<div class=\"blockG\" id=\"rotateG_03\"><\/div>\n\t\t\t\t<div class=\"blockG\" id=\"rotateG_04\"><\/div>\n\t\t\t\t<div class=\"blockG\" id=\"rotateG_05\"><\/div>\n\t\t\t\t<div class=\"blockG\" id=\"rotateG_06\"><\/div>\n\t\t\t\t<div class=\"blockG\" id=\"rotateG_07\"><\/div>\n\t\t\t\t<div class=\"blockG\" id=\"rotateG_08\"><\/div>\n\t\t\t<\/div>\n\t\t\t<div class=\"WooZone-cross-sell-loader-text\"><\/div>\n\t\t<\/div>\n\t<\/div>\n\n\t\t\n<\/div>\n<div style=\"clear:both;\"><\/div><\/p>\n","protected":false},"excerpt":{"rendered":"<p>LANGLEBIG: Das STIER Maulschl\u00fcssel Set ist aus hochwertigem Chrom-Vanadium-Stahl gefertigt, was zu einer besonderen Langlebigkeit f\u00fchrt. Das Material ist besonders hart und bruchfest und h\u00e4lt so auch schwierigen Eins\u00e4tzen dauerhaft stand.<br \/>\nFEINE VERZAHNUNG: Ringratschenmechanismus feinverzahnt mit 72 Z\u00e4hnen f\u00fcr die Arbeit auch in engen Gegebenheiten. Flasche Ausf\u00fchrung f\u00fcr kleine Zwischenr\u00e4ume<br \/>\nOPTIMALES ARBEITEN: Das STIER Maulschl\u00fcssel Set hat ein 12H-Profil, welches f\u00fcr optimale Drehmoment\u00fcbertragung am Schraubenkopf sorgt, ohne dabei Schraube oder Mutter zu besch\u00e4digen.<\/p>\n","protected":false},"featured_media":156601,"comment_status":"open","ping_status":"closed","template":"","meta":[],"product_brand":[],"product_cat":[1983,10970],"product_tag":[],"class_list":{"0":"post-156600","1":"product","2":"type-product","3":"status-publish","4":"has-post-thumbnail","6":"product_cat-baumarkt","7":"product_cat-elektro-handwerkzeuge","8":"pa_binding-werkzeug","9":"pa_brand-stier","10":"pa_manufacturer-stier","11":"pa_model-42759","13":"first","14":"instock","15":"shipping-taxable","16":"purchasable","17":"product-type-simple","18":"customify-col","19":"product-has-gallery"},"yoast_head":"<!-- This site is optimized with the Yoast SEO plugin v27.4 - https:\/\/yoast.com\/product\/yoast-seo-wordpress\/ -->\n<title>STIER Maul-Ringratschenschl\u00fcssel-Satz, 12-teilig, SW 8-19 mm, 12H-Profil, flache Ausf\u00fchrung, Chrom-Vanadium-Stahl\u2026 - Markt-XXL<\/title>\n<meta name=\"description\" content=\"Markt-XXL STIER Maul-Ringratschenschl\u00fcssel-Satz, 12-teilig, SW 8-19 mm, 12H-Profil, flache Ausf\u00fchrung, Chrom-Vanadium-Stahl\u2026\" \/>\n<meta name=\"robots\" content=\"index, follow, max-snippet:-1, max-image-preview:large, max-video-preview:-1\" \/>\n<link rel=\"canonical\" href=\"https:\/\/marktxxl.de\/markt\/produkt\/stier-maul-ringratschenschluessel-satz-12-teilig-sw-8-19-mm-12h-profil-flache-ausfuehrung-chrom-vanadium-stahl-mattchromierte-ausfuehrung-feinverzahnt-mit-72-zaehnen-in-rolltasche\/\" \/>\n<meta property=\"og:locale\" content=\"de_DE\" \/>\n<meta property=\"og:type\" content=\"article\" \/>\n<meta property=\"og:title\" content=\"STIER Maul-Ringratschenschl\u00fcssel-Satz, 12-teilig, SW 8-19 mm, 12H-Profil, flache Ausf\u00fchrung, Chrom-Vanadium-Stahl\u2026 - Markt-XXL\" \/>\n<meta property=\"og:description\" content=\"Markt-XXL STIER Maul-Ringratschenschl\u00fcssel-Satz, 12-teilig, SW 8-19 mm, 12H-Profil, flache Ausf\u00fchrung, Chrom-Vanadium-Stahl\u2026\" \/>\n<meta property=\"og:url\" content=\"https:\/\/marktxxl.de\/markt\/produkt\/stier-maul-ringratschenschluessel-satz-12-teilig-sw-8-19-mm-12h-profil-flache-ausfuehrung-chrom-vanadium-stahl-mattchromierte-ausfuehrung-feinverzahnt-mit-72-zaehnen-in-rolltasche\/\" \/>\n<meta property=\"og:site_name\" content=\"Markt-XXL\" \/>\n<meta property=\"article:modified_time\" content=\"2023-04-11T02:38:18+00:00\" \/>\n<meta property=\"og:image\" content=\"https:\/\/m.media-amazon.com\/images\/I\/41NNJrY7P1L._SL500_.jpg\" \/>\n\t<meta property=\"og:image:width\" content=\"500\" \/>\n\t<meta property=\"og:image:height\" content=\"500\" \/>\n\t<meta property=\"og:image:type\" content=\"image\/jpeg\" \/>\n<meta name=\"twitter:card\" content=\"summary_large_image\" \/>\n<meta name=\"twitter:label1\" content=\"Gesch\u00e4tzte Lesezeit\" \/>\n\t<meta name=\"twitter:data1\" content=\"1\u00a0Minute\" \/>\n<script type=\"application\/ld+json\" class=\"yoast-schema-graph\">{\"@context\":\"https:\\\/\\\/schema.org\",\"@graph\":[{\"@type\":\"WebPage\",\"@id\":\"https:\\\/\\\/marktxxl.de\\\/markt\\\/produkt\\\/stier-maul-ringratschenschluessel-satz-12-teilig-sw-8-19-mm-12h-profil-flache-ausfuehrung-chrom-vanadium-stahl-mattchromierte-ausfuehrung-feinverzahnt-mit-72-zaehnen-in-rolltasche\\\/\",\"url\":\"https:\\\/\\\/marktxxl.de\\\/markt\\\/produkt\\\/stier-maul-ringratschenschluessel-satz-12-teilig-sw-8-19-mm-12h-profil-flache-ausfuehrung-chrom-vanadium-stahl-mattchromierte-ausfuehrung-feinverzahnt-mit-72-zaehnen-in-rolltasche\\\/\",\"name\":\"STIER Maul-Ringratschenschl\u00fcssel-Satz, 12-teilig, SW 8-19 mm, 12H-Profil, flache Ausf\u00fchrung, Chrom-Vanadium-Stahl\u2026 - Markt-XXL\",\"isPartOf\":{\"@id\":\"https:\\\/\\\/marktxxl.de\\\/markt\\\/#website\"},\"primaryImageOfPage\":{\"@id\":\"https:\\\/\\\/marktxxl.de\\\/markt\\\/produkt\\\/stier-maul-ringratschenschluessel-satz-12-teilig-sw-8-19-mm-12h-profil-flache-ausfuehrung-chrom-vanadium-stahl-mattchromierte-ausfuehrung-feinverzahnt-mit-72-zaehnen-in-rolltasche\\\/#primaryimage\"},\"image\":{\"@id\":\"https:\\\/\\\/marktxxl.de\\\/markt\\\/produkt\\\/stier-maul-ringratschenschluessel-satz-12-teilig-sw-8-19-mm-12h-profil-flache-ausfuehrung-chrom-vanadium-stahl-mattchromierte-ausfuehrung-feinverzahnt-mit-72-zaehnen-in-rolltasche\\\/#primaryimage\"},\"thumbnailUrl\":\"https:\\\/\\\/m.media-amazon.com\\\/images\\\/I\\\/41NNJrY7P1L._SL500_.jpg\",\"datePublished\":\"2022-10-11T22:16:24+00:00\",\"dateModified\":\"2023-04-11T02:38:18+00:00\",\"description\":\"Markt-XXL STIER Maul-Ringratschenschl\u00fcssel-Satz, 12-teilig, SW 8-19 mm, 12H-Profil, flache Ausf\u00fchrung, Chrom-Vanadium-Stahl\u2026\",\"breadcrumb\":{\"@id\":\"https:\\\/\\\/marktxxl.de\\\/markt\\\/produkt\\\/stier-maul-ringratschenschluessel-satz-12-teilig-sw-8-19-mm-12h-profil-flache-ausfuehrung-chrom-vanadium-stahl-mattchromierte-ausfuehrung-feinverzahnt-mit-72-zaehnen-in-rolltasche\\\/#breadcrumb\"},\"inLanguage\":\"de\",\"potentialAction\":[{\"@type\":\"ReadAction\",\"target\":[\"https:\\\/\\\/marktxxl.de\\\/markt\\\/produkt\\\/stier-maul-ringratschenschluessel-satz-12-teilig-sw-8-19-mm-12h-profil-flache-ausfuehrung-chrom-vanadium-stahl-mattchromierte-ausfuehrung-feinverzahnt-mit-72-zaehnen-in-rolltasche\\\/\"]}]},{\"@type\":\"ImageObject\",\"inLanguage\":\"de\",\"@id\":\"https:\\\/\\\/marktxxl.de\\\/markt\\\/produkt\\\/stier-maul-ringratschenschluessel-satz-12-teilig-sw-8-19-mm-12h-profil-flache-ausfuehrung-chrom-vanadium-stahl-mattchromierte-ausfuehrung-feinverzahnt-mit-72-zaehnen-in-rolltasche\\\/#primaryimage\",\"url\":\"https:\\\/\\\/m.media-amazon.com\\\/images\\\/I\\\/41NNJrY7P1L._SL500_.jpg\",\"contentUrl\":\"https:\\\/\\\/m.media-amazon.com\\\/images\\\/I\\\/41NNJrY7P1L._SL500_.jpg\",\"width\":500,\"height\":500},{\"@type\":\"BreadcrumbList\",\"@id\":\"https:\\\/\\\/marktxxl.de\\\/markt\\\/produkt\\\/stier-maul-ringratschenschluessel-satz-12-teilig-sw-8-19-mm-12h-profil-flache-ausfuehrung-chrom-vanadium-stahl-mattchromierte-ausfuehrung-feinverzahnt-mit-72-zaehnen-in-rolltasche\\\/#breadcrumb\",\"itemListElement\":[{\"@type\":\"ListItem\",\"position\":1,\"name\":\"Startseite\",\"item\":\"https:\\\/\\\/marktxxl.de\\\/markt\\\/\"},{\"@type\":\"ListItem\",\"position\":2,\"name\":\"Markt\",\"item\":\"https:\\\/\\\/marktxxl.de\\\/markt\\\/\"},{\"@type\":\"ListItem\",\"position\":3,\"name\":\"STIER Maul-Ringratschenschl\u00fcssel-Satz, 12-teilig, SW 8-19 mm, 12H-Profil, flache Ausf\u00fchrung, Chrom-Vanadium-Stahl\u2026\"}]},{\"@type\":\"WebSite\",\"@id\":\"https:\\\/\\\/marktxxl.de\\\/markt\\\/#website\",\"url\":\"https:\\\/\\\/marktxxl.de\\\/markt\\\/\",\"name\":\"Markt-XXL\",\"description\":\"Ihr Markt Online\",\"publisher\":{\"@id\":\"https:\\\/\\\/marktxxl.de\\\/markt\\\/#organization\"},\"potentialAction\":[{\"@type\":\"SearchAction\",\"target\":{\"@type\":\"EntryPoint\",\"urlTemplate\":\"https:\\\/\\\/marktxxl.de\\\/markt\\\/?s={search_term_string}\"},\"query-input\":{\"@type\":\"PropertyValueSpecification\",\"valueRequired\":true,\"valueName\":\"search_term_string\"}}],\"inLanguage\":\"de\"},{\"@type\":\"Organization\",\"@id\":\"https:\\\/\\\/marktxxl.de\\\/markt\\\/#organization\",\"name\":\"Markt-XXL\",\"url\":\"https:\\\/\\\/marktxxl.de\\\/markt\\\/\",\"logo\":{\"@type\":\"ImageObject\",\"inLanguage\":\"de\",\"@id\":\"https:\\\/\\\/marktxxl.de\\\/markt\\\/#\\\/schema\\\/logo\\\/image\\\/\",\"url\":\"https:\\\/\\\/marktxxl.de\\\/markt\\\/wp-content\\\/uploads\\\/sites\\\/3\\\/2020\\\/12\\\/logo.png\",\"contentUrl\":\"https:\\\/\\\/marktxxl.de\\\/markt\\\/wp-content\\\/uploads\\\/sites\\\/3\\\/2020\\\/12\\\/logo.png\",\"width\":200,\"height\":70,\"caption\":\"Markt-XXL\"},\"image\":{\"@id\":\"https:\\\/\\\/marktxxl.de\\\/markt\\\/#\\\/schema\\\/logo\\\/image\\\/\"}}]}<\/script>\n<!-- \/ Yoast SEO plugin. -->","yoast_head_json":{"title":"STIER Maul-Ringratschenschl\u00fcssel-Satz, 12-teilig, SW 8-19 mm, 12H-Profil, flache Ausf\u00fchrung, Chrom-Vanadium-Stahl\u2026 - Markt-XXL","description":"Markt-XXL STIER Maul-Ringratschenschl\u00fcssel-Satz, 12-teilig, SW 8-19 mm, 12H-Profil, flache Ausf\u00fchrung, Chrom-Vanadium-Stahl\u2026","robots":{"index":"index","follow":"follow","max-snippet":"max-snippet:-1","max-image-preview":"max-image-preview:large","max-video-preview":"max-video-preview:-1"},"canonical":"https:\/\/marktxxl.de\/markt\/produkt\/stier-maul-ringratschenschluessel-satz-12-teilig-sw-8-19-mm-12h-profil-flache-ausfuehrung-chrom-vanadium-stahl-mattchromierte-ausfuehrung-feinverzahnt-mit-72-zaehnen-in-rolltasche\/","og_locale":"de_DE","og_type":"article","og_title":"STIER Maul-Ringratschenschl\u00fcssel-Satz, 12-teilig, SW 8-19 mm, 12H-Profil, flache Ausf\u00fchrung, Chrom-Vanadium-Stahl\u2026 - Markt-XXL","og_description":"Markt-XXL STIER Maul-Ringratschenschl\u00fcssel-Satz, 12-teilig, SW 8-19 mm, 12H-Profil, flache Ausf\u00fchrung, Chrom-Vanadium-Stahl\u2026","og_url":"https:\/\/marktxxl.de\/markt\/produkt\/stier-maul-ringratschenschluessel-satz-12-teilig-sw-8-19-mm-12h-profil-flache-ausfuehrung-chrom-vanadium-stahl-mattchromierte-ausfuehrung-feinverzahnt-mit-72-zaehnen-in-rolltasche\/","og_site_name":"Markt-XXL","article_modified_time":"2023-04-11T02:38:18+00:00","og_image":[{"width":500,"height":500,"url":"https:\/\/m.media-amazon.com\/images\/I\/41NNJrY7P1L._SL500_.jpg","type":"image\/jpeg"}],"twitter_card":"summary_large_image","twitter_misc":{"Gesch\u00e4tzte Lesezeit":"1\u00a0Minute"},"schema":{"@context":"https:\/\/schema.org","@graph":[{"@type":"WebPage","@id":"https:\/\/marktxxl.de\/markt\/produkt\/stier-maul-ringratschenschluessel-satz-12-teilig-sw-8-19-mm-12h-profil-flache-ausfuehrung-chrom-vanadium-stahl-mattchromierte-ausfuehrung-feinverzahnt-mit-72-zaehnen-in-rolltasche\/","url":"https:\/\/marktxxl.de\/markt\/produkt\/stier-maul-ringratschenschluessel-satz-12-teilig-sw-8-19-mm-12h-profil-flache-ausfuehrung-chrom-vanadium-stahl-mattchromierte-ausfuehrung-feinverzahnt-mit-72-zaehnen-in-rolltasche\/","name":"STIER Maul-Ringratschenschl\u00fcssel-Satz, 12-teilig, SW 8-19 mm, 12H-Profil, flache Ausf\u00fchrung, Chrom-Vanadium-Stahl\u2026 - Markt-XXL","isPartOf":{"@id":"https:\/\/marktxxl.de\/markt\/#website"},"primaryImageOfPage":{"@id":"https:\/\/marktxxl.de\/markt\/produkt\/stier-maul-ringratschenschluessel-satz-12-teilig-sw-8-19-mm-12h-profil-flache-ausfuehrung-chrom-vanadium-stahl-mattchromierte-ausfuehrung-feinverzahnt-mit-72-zaehnen-in-rolltasche\/#primaryimage"},"image":{"@id":"https:\/\/marktxxl.de\/markt\/produkt\/stier-maul-ringratschenschluessel-satz-12-teilig-sw-8-19-mm-12h-profil-flache-ausfuehrung-chrom-vanadium-stahl-mattchromierte-ausfuehrung-feinverzahnt-mit-72-zaehnen-in-rolltasche\/#primaryimage"},"thumbnailUrl":"https:\/\/m.media-amazon.com\/images\/I\/41NNJrY7P1L._SL500_.jpg","datePublished":"2022-10-11T22:16:24+00:00","dateModified":"2023-04-11T02:38:18+00:00","description":"Markt-XXL STIER Maul-Ringratschenschl\u00fcssel-Satz, 12-teilig, SW 8-19 mm, 12H-Profil, flache Ausf\u00fchrung, Chrom-Vanadium-Stahl\u2026","breadcrumb":{"@id":"https:\/\/marktxxl.de\/markt\/produkt\/stier-maul-ringratschenschluessel-satz-12-teilig-sw-8-19-mm-12h-profil-flache-ausfuehrung-chrom-vanadium-stahl-mattchromierte-ausfuehrung-feinverzahnt-mit-72-zaehnen-in-rolltasche\/#breadcrumb"},"inLanguage":"de","potentialAction":[{"@type":"ReadAction","target":["https:\/\/marktxxl.de\/markt\/produkt\/stier-maul-ringratschenschluessel-satz-12-teilig-sw-8-19-mm-12h-profil-flache-ausfuehrung-chrom-vanadium-stahl-mattchromierte-ausfuehrung-feinverzahnt-mit-72-zaehnen-in-rolltasche\/"]}]},{"@type":"ImageObject","inLanguage":"de","@id":"https:\/\/marktxxl.de\/markt\/produkt\/stier-maul-ringratschenschluessel-satz-12-teilig-sw-8-19-mm-12h-profil-flache-ausfuehrung-chrom-vanadium-stahl-mattchromierte-ausfuehrung-feinverzahnt-mit-72-zaehnen-in-rolltasche\/#primaryimage","url":"https:\/\/m.media-amazon.com\/images\/I\/41NNJrY7P1L._SL500_.jpg","contentUrl":"https:\/\/m.media-amazon.com\/images\/I\/41NNJrY7P1L._SL500_.jpg","width":500,"height":500},{"@type":"BreadcrumbList","@id":"https:\/\/marktxxl.de\/markt\/produkt\/stier-maul-ringratschenschluessel-satz-12-teilig-sw-8-19-mm-12h-profil-flache-ausfuehrung-chrom-vanadium-stahl-mattchromierte-ausfuehrung-feinverzahnt-mit-72-zaehnen-in-rolltasche\/#breadcrumb","itemListElement":[{"@type":"ListItem","position":1,"name":"Startseite","item":"https:\/\/marktxxl.de\/markt\/"},{"@type":"ListItem","position":2,"name":"Markt","item":"https:\/\/marktxxl.de\/markt\/"},{"@type":"ListItem","position":3,"name":"STIER Maul-Ringratschenschl\u00fcssel-Satz, 12-teilig, SW 8-19 mm, 12H-Profil, flache Ausf\u00fchrung, Chrom-Vanadium-Stahl\u2026"}]},{"@type":"WebSite","@id":"https:\/\/marktxxl.de\/markt\/#website","url":"https:\/\/marktxxl.de\/markt\/","name":"Markt-XXL","description":"Ihr Markt Online","publisher":{"@id":"https:\/\/marktxxl.de\/markt\/#organization"},"potentialAction":[{"@type":"SearchAction","target":{"@type":"EntryPoint","urlTemplate":"https:\/\/marktxxl.de\/markt\/?s={search_term_string}"},"query-input":{"@type":"PropertyValueSpecification","valueRequired":true,"valueName":"search_term_string"}}],"inLanguage":"de"},{"@type":"Organization","@id":"https:\/\/marktxxl.de\/markt\/#organization","name":"Markt-XXL","url":"https:\/\/marktxxl.de\/markt\/","logo":{"@type":"ImageObject","inLanguage":"de","@id":"https:\/\/marktxxl.de\/markt\/#\/schema\/logo\/image\/","url":"https:\/\/marktxxl.de\/markt\/wp-content\/uploads\/sites\/3\/2020\/12\/logo.png","contentUrl":"https:\/\/marktxxl.de\/markt\/wp-content\/uploads\/sites\/3\/2020\/12\/logo.png","width":200,"height":70,"caption":"Markt-XXL"},"image":{"@id":"https:\/\/marktxxl.de\/markt\/#\/schema\/logo\/image\/"}}]}},"_links":{"self":[{"href":"https:\/\/marktxxl.de\/markt\/wp-json\/wp\/v2\/product\/156600","targetHints":{"allow":["GET"]}}],"collection":[{"href":"https:\/\/marktxxl.de\/markt\/wp-json\/wp\/v2\/product"}],"about":[{"href":"https:\/\/marktxxl.de\/markt\/wp-json\/wp\/v2\/types\/product"}],"replies":[{"embeddable":true,"href":"https:\/\/marktxxl.de\/markt\/wp-json\/wp\/v2\/comments?post=156600"}],"wp:featuredmedia":[{"embeddable":true,"href":"https:\/\/marktxxl.de\/markt\/wp-json\/wp\/v2\/media\/156601"}],"wp:attachment":[{"href":"https:\/\/marktxxl.de\/markt\/wp-json\/wp\/v2\/media?parent=156600"}],"wp:term":[{"taxonomy":"product_brand","embeddable":true,"href":"https:\/\/marktxxl.de\/markt\/wp-json\/wp\/v2\/product_brand?post=156600"},{"taxonomy":"product_cat","embeddable":true,"href":"https:\/\/marktxxl.de\/markt\/wp-json\/wp\/v2\/product_cat?post=156600"},{"taxonomy":"product_tag","embeddable":true,"href":"https:\/\/marktxxl.de\/markt\/wp-json\/wp\/v2\/product_tag?post=156600"}],"curies":[{"name":"wp","href":"https:\/\/api.w.org\/{rel}","templated":true}]}}