{"id":156499,"date":"2022-10-11T23:53:35","date_gmt":"2022-10-11T21:53:35","guid":{"rendered":"https:\/\/marktxxl.de\/markt\/produkt\/homematic-ip-stellantrieb-motorisch-fuer-fussbodenheizungsaktoren-3-3-v-153309a0\/"},"modified":"2023-04-11T04:38:16","modified_gmt":"2023-04-11T02:38:16","slug":"homematic-ip-stellantrieb-motorisch-fuer-fussbodenheizungsaktoren-3-3-v-153309a0","status":"publish","type":"product","link":"https:\/\/marktxxl.de\/markt\/produkt\/homematic-ip-stellantrieb-motorisch-fuer-fussbodenheizungsaktoren-3-3-v-153309a0\/","title":{"rendered":"Homematic IP Stellantrieb \u2013 motorisch, Stellantrieb f\u00fcr Fu\u00dfbodenheizung, passend Fu\u00dfbodenheizungscontroller \u2013 12-Fach\u2026"},"content":{"rendered":"<p>Stufenlose und energieeffiziente Steuerung von Heizungsventilen f\u00fcr eine komfortable Regelung des Raumklimas.<br \/>\nSteuerung \u00fcber den Homematic IP Fu\u00dfbodenheizungsaktor\u00a0\u2013 12-fach, motorisch (HmIP-FALMOT-C12) in Kombination mit einem Homematic IP Wandthermostat (z.\u00a0B. HmIP-WTH-2)<br \/>\nUniversell einsetzbar und passend f\u00fcr die g\u00e4ngigsten Ventile (Gewindema\u00df M30\u00a0x 1,5 mm) der f\u00fchrenden Hersteller. Per Adapter auch auf anderen Heizk\u00f6rperventilen nutzbar.<br \/>\nHomematic IP<br \/>\n<div class=\"main-cross-sell\" data-asin=\"B07RJZ5F1Y\">\n\n\t<div class=\"WooZone-cross-sell-loader\">\n\t\t<div>\n\t\t\t<div id=\"floatingBarsG\">\n\t\t\t\t<div class=\"blockG\" id=\"rotateG_01\"><\/div>\n\t\t\t\t<div class=\"blockG\" id=\"rotateG_02\"><\/div>\n\t\t\t\t<div class=\"blockG\" id=\"rotateG_03\"><\/div>\n\t\t\t\t<div class=\"blockG\" id=\"rotateG_04\"><\/div>\n\t\t\t\t<div class=\"blockG\" id=\"rotateG_05\"><\/div>\n\t\t\t\t<div class=\"blockG\" id=\"rotateG_06\"><\/div>\n\t\t\t\t<div class=\"blockG\" id=\"rotateG_07\"><\/div>\n\t\t\t\t<div class=\"blockG\" id=\"rotateG_08\"><\/div>\n\t\t\t<\/div>\n\t\t\t<div class=\"WooZone-cross-sell-loader-text\"><\/div>\n\t\t<\/div>\n\t<\/div>\n\n\t\t\n<\/div>\n<div style=\"clear:both;\"><\/div><\/p>\n","protected":false},"excerpt":{"rendered":"<p>Stufenlose und energieeffiziente Steuerung von Heizungsventilen f\u00fcr eine komfortable Regelung des Raumklimas.<br \/>\nSteuerung \u00fcber den Homematic IP Fu\u00dfbodenheizungsaktor\u00a0\u2013 12-fach, motorisch (HmIP-FALMOT-C12) in Kombination mit einem Homematic IP Wandthermostat (z.\u00a0B. HmIP-WTH-2)<br \/>\nUniversell einsetzbar und passend f\u00fcr die g\u00e4ngigsten Ventile (Gewindema\u00df M30\u00a0x 1,5 mm) der f\u00fchrenden Hersteller. Per Adapter auch auf anderen Heizk\u00f6rperventilen nutzbar.<\/p>\n","protected":false},"featured_media":156500,"comment_status":"open","ping_status":"closed","template":"","meta":[],"product_brand":[],"product_cat":[10704,1983],"product_tag":[],"class_list":{"0":"post-156499","1":"product","2":"type-product","3":"status-publish","4":"has-post-thumbnail","6":"product_cat-baubedarf","7":"product_cat-baumarkt","8":"pa_binding-werkzeug","9":"pa_brand-homematic-ip","10":"pa_color-weiss","11":"pa_height-2-12598-zoll","12":"pa_length-1-9685-zoll","13":"pa_manufacturer-eq-6","14":"pa_model-hmip-vdmot","15":"pa_size-klein-und-handlich","16":"pa_warranty-zwei-jahre-gewaehrleistung-ab-kaufdatum-ueber-den-haendler","17":"pa_weight-0-1763698096-pfund","18":"pa_width-1-73228-zoll","20":"first","21":"instock","22":"shipping-taxable","23":"purchasable","24":"product-type-simple","25":"customify-col","26":"product-has-gallery"},"yoast_head":"<!-- This site is optimized with the Yoast SEO plugin v27.4 - https:\/\/yoast.com\/product\/yoast-seo-wordpress\/ -->\n<title>Homematic IP Stellantrieb \u2013 motorisch, Stellantrieb f\u00fcr Fu\u00dfbodenheizung, passend Fu\u00dfbodenheizungscontroller \u2013 12-Fach\u2026 - Markt-XXL<\/title>\n<meta name=\"description\" content=\"Markt-XXL Homematic IP Stellantrieb \u2013 motorisch, Stellantrieb f\u00fcr Fu\u00dfbodenheizung, passend Fu\u00dfbodenheizungscontroller \u2013 12-Fach\u2026\" \/>\n<meta name=\"robots\" content=\"index, follow, max-snippet:-1, max-image-preview:large, max-video-preview:-1\" \/>\n<link rel=\"canonical\" href=\"https:\/\/marktxxl.de\/markt\/produkt\/homematic-ip-stellantrieb-motorisch-fuer-fussbodenheizungsaktoren-3-3-v-153309a0\/\" \/>\n<meta property=\"og:locale\" content=\"de_DE\" \/>\n<meta property=\"og:type\" content=\"article\" \/>\n<meta property=\"og:title\" content=\"Homematic IP Stellantrieb \u2013 motorisch, Stellantrieb f\u00fcr Fu\u00dfbodenheizung, passend Fu\u00dfbodenheizungscontroller \u2013 12-Fach\u2026 - Markt-XXL\" \/>\n<meta property=\"og:description\" content=\"Markt-XXL Homematic IP Stellantrieb \u2013 motorisch, Stellantrieb f\u00fcr Fu\u00dfbodenheizung, passend Fu\u00dfbodenheizungscontroller \u2013 12-Fach\u2026\" \/>\n<meta property=\"og:url\" content=\"https:\/\/marktxxl.de\/markt\/produkt\/homematic-ip-stellantrieb-motorisch-fuer-fussbodenheizungsaktoren-3-3-v-153309a0\/\" \/>\n<meta property=\"og:site_name\" content=\"Markt-XXL\" \/>\n<meta property=\"article:modified_time\" content=\"2023-04-11T02:38:16+00:00\" \/>\n<meta property=\"og:image\" content=\"https:\/\/m.media-amazon.com\/images\/I\/21eOnL9FJKL._SL500_.jpg\" \/>\n\t<meta property=\"og:image:width\" content=\"500\" \/>\n\t<meta property=\"og:image:height\" content=\"500\" \/>\n\t<meta property=\"og:image:type\" content=\"image\/jpeg\" \/>\n<meta name=\"twitter:card\" content=\"summary_large_image\" \/>\n<script type=\"application\/ld+json\" class=\"yoast-schema-graph\">{\"@context\":\"https:\\\/\\\/schema.org\",\"@graph\":[{\"@type\":\"WebPage\",\"@id\":\"https:\\\/\\\/marktxxl.de\\\/markt\\\/produkt\\\/homematic-ip-stellantrieb-motorisch-fuer-fussbodenheizungsaktoren-3-3-v-153309a0\\\/\",\"url\":\"https:\\\/\\\/marktxxl.de\\\/markt\\\/produkt\\\/homematic-ip-stellantrieb-motorisch-fuer-fussbodenheizungsaktoren-3-3-v-153309a0\\\/\",\"name\":\"Homematic IP Stellantrieb \u2013 motorisch, Stellantrieb f\u00fcr Fu\u00dfbodenheizung, passend Fu\u00dfbodenheizungscontroller \u2013 12-Fach\u2026 - Markt-XXL\",\"isPartOf\":{\"@id\":\"https:\\\/\\\/marktxxl.de\\\/markt\\\/#website\"},\"primaryImageOfPage\":{\"@id\":\"https:\\\/\\\/marktxxl.de\\\/markt\\\/produkt\\\/homematic-ip-stellantrieb-motorisch-fuer-fussbodenheizungsaktoren-3-3-v-153309a0\\\/#primaryimage\"},\"image\":{\"@id\":\"https:\\\/\\\/marktxxl.de\\\/markt\\\/produkt\\\/homematic-ip-stellantrieb-motorisch-fuer-fussbodenheizungsaktoren-3-3-v-153309a0\\\/#primaryimage\"},\"thumbnailUrl\":\"https:\\\/\\\/m.media-amazon.com\\\/images\\\/I\\\/21eOnL9FJKL._SL500_.jpg\",\"datePublished\":\"2022-10-11T21:53:35+00:00\",\"dateModified\":\"2023-04-11T02:38:16+00:00\",\"description\":\"Markt-XXL Homematic IP Stellantrieb \u2013 motorisch, Stellantrieb f\u00fcr Fu\u00dfbodenheizung, passend Fu\u00dfbodenheizungscontroller \u2013 12-Fach\u2026\",\"breadcrumb\":{\"@id\":\"https:\\\/\\\/marktxxl.de\\\/markt\\\/produkt\\\/homematic-ip-stellantrieb-motorisch-fuer-fussbodenheizungsaktoren-3-3-v-153309a0\\\/#breadcrumb\"},\"inLanguage\":\"de\",\"potentialAction\":[{\"@type\":\"ReadAction\",\"target\":[\"https:\\\/\\\/marktxxl.de\\\/markt\\\/produkt\\\/homematic-ip-stellantrieb-motorisch-fuer-fussbodenheizungsaktoren-3-3-v-153309a0\\\/\"]}]},{\"@type\":\"ImageObject\",\"inLanguage\":\"de\",\"@id\":\"https:\\\/\\\/marktxxl.de\\\/markt\\\/produkt\\\/homematic-ip-stellantrieb-motorisch-fuer-fussbodenheizungsaktoren-3-3-v-153309a0\\\/#primaryimage\",\"url\":\"https:\\\/\\\/m.media-amazon.com\\\/images\\\/I\\\/21eOnL9FJKL._SL500_.jpg\",\"contentUrl\":\"https:\\\/\\\/m.media-amazon.com\\\/images\\\/I\\\/21eOnL9FJKL._SL500_.jpg\",\"width\":500,\"height\":500},{\"@type\":\"BreadcrumbList\",\"@id\":\"https:\\\/\\\/marktxxl.de\\\/markt\\\/produkt\\\/homematic-ip-stellantrieb-motorisch-fuer-fussbodenheizungsaktoren-3-3-v-153309a0\\\/#breadcrumb\",\"itemListElement\":[{\"@type\":\"ListItem\",\"position\":1,\"name\":\"Startseite\",\"item\":\"https:\\\/\\\/marktxxl.de\\\/markt\\\/\"},{\"@type\":\"ListItem\",\"position\":2,\"name\":\"Markt\",\"item\":\"https:\\\/\\\/marktxxl.de\\\/markt\\\/\"},{\"@type\":\"ListItem\",\"position\":3,\"name\":\"Homematic IP Stellantrieb \u2013 motorisch, Stellantrieb f\u00fcr Fu\u00dfbodenheizung, passend Fu\u00dfbodenheizungscontroller \u2013 12-Fach\u2026\"}]},{\"@type\":\"WebSite\",\"@id\":\"https:\\\/\\\/marktxxl.de\\\/markt\\\/#website\",\"url\":\"https:\\\/\\\/marktxxl.de\\\/markt\\\/\",\"name\":\"Markt-XXL\",\"description\":\"Ihr Markt Online\",\"publisher\":{\"@id\":\"https:\\\/\\\/marktxxl.de\\\/markt\\\/#organization\"},\"potentialAction\":[{\"@type\":\"SearchAction\",\"target\":{\"@type\":\"EntryPoint\",\"urlTemplate\":\"https:\\\/\\\/marktxxl.de\\\/markt\\\/?s={search_term_string}\"},\"query-input\":{\"@type\":\"PropertyValueSpecification\",\"valueRequired\":true,\"valueName\":\"search_term_string\"}}],\"inLanguage\":\"de\"},{\"@type\":\"Organization\",\"@id\":\"https:\\\/\\\/marktxxl.de\\\/markt\\\/#organization\",\"name\":\"Markt-XXL\",\"url\":\"https:\\\/\\\/marktxxl.de\\\/markt\\\/\",\"logo\":{\"@type\":\"ImageObject\",\"inLanguage\":\"de\",\"@id\":\"https:\\\/\\\/marktxxl.de\\\/markt\\\/#\\\/schema\\\/logo\\\/image\\\/\",\"url\":\"https:\\\/\\\/marktxxl.de\\\/markt\\\/wp-content\\\/uploads\\\/sites\\\/3\\\/2020\\\/12\\\/logo.png\",\"contentUrl\":\"https:\\\/\\\/marktxxl.de\\\/markt\\\/wp-content\\\/uploads\\\/sites\\\/3\\\/2020\\\/12\\\/logo.png\",\"width\":200,\"height\":70,\"caption\":\"Markt-XXL\"},\"image\":{\"@id\":\"https:\\\/\\\/marktxxl.de\\\/markt\\\/#\\\/schema\\\/logo\\\/image\\\/\"}}]}<\/script>\n<!-- \/ Yoast SEO plugin. -->","yoast_head_json":{"title":"Homematic IP Stellantrieb \u2013 motorisch, Stellantrieb f\u00fcr Fu\u00dfbodenheizung, passend Fu\u00dfbodenheizungscontroller \u2013 12-Fach\u2026 - Markt-XXL","description":"Markt-XXL Homematic IP Stellantrieb \u2013 motorisch, Stellantrieb f\u00fcr Fu\u00dfbodenheizung, passend Fu\u00dfbodenheizungscontroller \u2013 12-Fach\u2026","robots":{"index":"index","follow":"follow","max-snippet":"max-snippet:-1","max-image-preview":"max-image-preview:large","max-video-preview":"max-video-preview:-1"},"canonical":"https:\/\/marktxxl.de\/markt\/produkt\/homematic-ip-stellantrieb-motorisch-fuer-fussbodenheizungsaktoren-3-3-v-153309a0\/","og_locale":"de_DE","og_type":"article","og_title":"Homematic IP Stellantrieb \u2013 motorisch, Stellantrieb f\u00fcr Fu\u00dfbodenheizung, passend Fu\u00dfbodenheizungscontroller \u2013 12-Fach\u2026 - Markt-XXL","og_description":"Markt-XXL Homematic IP Stellantrieb \u2013 motorisch, Stellantrieb f\u00fcr Fu\u00dfbodenheizung, passend Fu\u00dfbodenheizungscontroller \u2013 12-Fach\u2026","og_url":"https:\/\/marktxxl.de\/markt\/produkt\/homematic-ip-stellantrieb-motorisch-fuer-fussbodenheizungsaktoren-3-3-v-153309a0\/","og_site_name":"Markt-XXL","article_modified_time":"2023-04-11T02:38:16+00:00","og_image":[{"width":500,"height":500,"url":"https:\/\/m.media-amazon.com\/images\/I\/21eOnL9FJKL._SL500_.jpg","type":"image\/jpeg"}],"twitter_card":"summary_large_image","schema":{"@context":"https:\/\/schema.org","@graph":[{"@type":"WebPage","@id":"https:\/\/marktxxl.de\/markt\/produkt\/homematic-ip-stellantrieb-motorisch-fuer-fussbodenheizungsaktoren-3-3-v-153309a0\/","url":"https:\/\/marktxxl.de\/markt\/produkt\/homematic-ip-stellantrieb-motorisch-fuer-fussbodenheizungsaktoren-3-3-v-153309a0\/","name":"Homematic IP Stellantrieb \u2013 motorisch, Stellantrieb f\u00fcr Fu\u00dfbodenheizung, passend Fu\u00dfbodenheizungscontroller \u2013 12-Fach\u2026 - Markt-XXL","isPartOf":{"@id":"https:\/\/marktxxl.de\/markt\/#website"},"primaryImageOfPage":{"@id":"https:\/\/marktxxl.de\/markt\/produkt\/homematic-ip-stellantrieb-motorisch-fuer-fussbodenheizungsaktoren-3-3-v-153309a0\/#primaryimage"},"image":{"@id":"https:\/\/marktxxl.de\/markt\/produkt\/homematic-ip-stellantrieb-motorisch-fuer-fussbodenheizungsaktoren-3-3-v-153309a0\/#primaryimage"},"thumbnailUrl":"https:\/\/m.media-amazon.com\/images\/I\/21eOnL9FJKL._SL500_.jpg","datePublished":"2022-10-11T21:53:35+00:00","dateModified":"2023-04-11T02:38:16+00:00","description":"Markt-XXL Homematic IP Stellantrieb \u2013 motorisch, Stellantrieb f\u00fcr Fu\u00dfbodenheizung, passend Fu\u00dfbodenheizungscontroller \u2013 12-Fach\u2026","breadcrumb":{"@id":"https:\/\/marktxxl.de\/markt\/produkt\/homematic-ip-stellantrieb-motorisch-fuer-fussbodenheizungsaktoren-3-3-v-153309a0\/#breadcrumb"},"inLanguage":"de","potentialAction":[{"@type":"ReadAction","target":["https:\/\/marktxxl.de\/markt\/produkt\/homematic-ip-stellantrieb-motorisch-fuer-fussbodenheizungsaktoren-3-3-v-153309a0\/"]}]},{"@type":"ImageObject","inLanguage":"de","@id":"https:\/\/marktxxl.de\/markt\/produkt\/homematic-ip-stellantrieb-motorisch-fuer-fussbodenheizungsaktoren-3-3-v-153309a0\/#primaryimage","url":"https:\/\/m.media-amazon.com\/images\/I\/21eOnL9FJKL._SL500_.jpg","contentUrl":"https:\/\/m.media-amazon.com\/images\/I\/21eOnL9FJKL._SL500_.jpg","width":500,"height":500},{"@type":"BreadcrumbList","@id":"https:\/\/marktxxl.de\/markt\/produkt\/homematic-ip-stellantrieb-motorisch-fuer-fussbodenheizungsaktoren-3-3-v-153309a0\/#breadcrumb","itemListElement":[{"@type":"ListItem","position":1,"name":"Startseite","item":"https:\/\/marktxxl.de\/markt\/"},{"@type":"ListItem","position":2,"name":"Markt","item":"https:\/\/marktxxl.de\/markt\/"},{"@type":"ListItem","position":3,"name":"Homematic IP Stellantrieb \u2013 motorisch, Stellantrieb f\u00fcr Fu\u00dfbodenheizung, passend Fu\u00dfbodenheizungscontroller \u2013 12-Fach\u2026"}]},{"@type":"WebSite","@id":"https:\/\/marktxxl.de\/markt\/#website","url":"https:\/\/marktxxl.de\/markt\/","name":"Markt-XXL","description":"Ihr Markt Online","publisher":{"@id":"https:\/\/marktxxl.de\/markt\/#organization"},"potentialAction":[{"@type":"SearchAction","target":{"@type":"EntryPoint","urlTemplate":"https:\/\/marktxxl.de\/markt\/?s={search_term_string}"},"query-input":{"@type":"PropertyValueSpecification","valueRequired":true,"valueName":"search_term_string"}}],"inLanguage":"de"},{"@type":"Organization","@id":"https:\/\/marktxxl.de\/markt\/#organization","name":"Markt-XXL","url":"https:\/\/marktxxl.de\/markt\/","logo":{"@type":"ImageObject","inLanguage":"de","@id":"https:\/\/marktxxl.de\/markt\/#\/schema\/logo\/image\/","url":"https:\/\/marktxxl.de\/markt\/wp-content\/uploads\/sites\/3\/2020\/12\/logo.png","contentUrl":"https:\/\/marktxxl.de\/markt\/wp-content\/uploads\/sites\/3\/2020\/12\/logo.png","width":200,"height":70,"caption":"Markt-XXL"},"image":{"@id":"https:\/\/marktxxl.de\/markt\/#\/schema\/logo\/image\/"}}]}},"_links":{"self":[{"href":"https:\/\/marktxxl.de\/markt\/wp-json\/wp\/v2\/product\/156499","targetHints":{"allow":["GET"]}}],"collection":[{"href":"https:\/\/marktxxl.de\/markt\/wp-json\/wp\/v2\/product"}],"about":[{"href":"https:\/\/marktxxl.de\/markt\/wp-json\/wp\/v2\/types\/product"}],"replies":[{"embeddable":true,"href":"https:\/\/marktxxl.de\/markt\/wp-json\/wp\/v2\/comments?post=156499"}],"wp:featuredmedia":[{"embeddable":true,"href":"https:\/\/marktxxl.de\/markt\/wp-json\/wp\/v2\/media\/156500"}],"wp:attachment":[{"href":"https:\/\/marktxxl.de\/markt\/wp-json\/wp\/v2\/media?parent=156499"}],"wp:term":[{"taxonomy":"product_brand","embeddable":true,"href":"https:\/\/marktxxl.de\/markt\/wp-json\/wp\/v2\/product_brand?post=156499"},{"taxonomy":"product_cat","embeddable":true,"href":"https:\/\/marktxxl.de\/markt\/wp-json\/wp\/v2\/product_cat?post=156499"},{"taxonomy":"product_tag","embeddable":true,"href":"https:\/\/marktxxl.de\/markt\/wp-json\/wp\/v2\/product_tag?post=156499"}],"curies":[{"name":"wp","href":"https:\/\/api.w.org\/{rel}","templated":true}]}}