{"id":156315,"date":"2022-10-11T23:40:15","date_gmt":"2022-10-11T21:40:15","guid":{"rendered":"https:\/\/marktxxl.de\/markt\/produkt\/komplettset-2x-koppelhaken-2x-oese-fuer-koppelplatte-geschmiedete-ausfuehrung-frontlader-aufnahme-euro-norm-anbauplatte-ersatzteil-anschweissteile-anschweisssatz\/"},"modified":"2023-04-11T04:38:14","modified_gmt":"2023-04-11T02:38:14","slug":"komplettset-2x-koppelhaken-2x-oese-fuer-koppelplatte-geschmiedete-ausfuehrung-frontlader-aufnahme-euro-norm-anbauplatte-ersatzteil-anschweissteile-anschweisssatz","status":"publish","type":"product","link":"https:\/\/marktxxl.de\/markt\/produkt\/komplettset-2x-koppelhaken-2x-oese-fuer-koppelplatte-geschmiedete-ausfuehrung-frontlader-aufnahme-euro-norm-anbauplatte-ersatzteil-anschweissteile-anschweisssatz\/","title":{"rendered":"Komplettset | 2x Koppelhaken &amp; 2x \u00d6se | f\u00fcr Koppelplatte | geschmiedete Ausf\u00fchrung | Frontlader Aufnahme | Euro-Norm\u2026"},"content":{"rendered":"<p>FBA | Komplettset | 2x Koppelhaken &amp; 2x \u00d6se | f\u00fcr Koppelplatte | geschmiedete Ausf\u00fchrung<br \/>\nProdukteigenschaften: Haken | Koppelhaken, 2 St\u00fcck | geschmiedete Ausf\u00fchrung | Ma\u00dfe: 37 x 90 x 110 mm | gefertigt aus Qualit\u00e4tsstahl | zum Anschwei\u00dfen |||| Produkteigenschaften: \u00d6se | \u00d6se, 2 St\u00fcck | geschmiedete Ausf\u00fchrung | \u00d8 25 mm Bohrung | gefertigt aus Qualit\u00e4tsstahl | zum Anschwei\u00dfen<br \/>\nHochwertiges Produkt<br \/>\n<div class=\"main-cross-sell\" data-asin=\"B08GPK71JW\">\n\n\t<div class=\"WooZone-cross-sell-loader\">\n\t\t<div>\n\t\t\t<div id=\"floatingBarsG\">\n\t\t\t\t<div class=\"blockG\" id=\"rotateG_01\"><\/div>\n\t\t\t\t<div class=\"blockG\" id=\"rotateG_02\"><\/div>\n\t\t\t\t<div class=\"blockG\" id=\"rotateG_03\"><\/div>\n\t\t\t\t<div class=\"blockG\" id=\"rotateG_04\"><\/div>\n\t\t\t\t<div class=\"blockG\" id=\"rotateG_05\"><\/div>\n\t\t\t\t<div class=\"blockG\" id=\"rotateG_06\"><\/div>\n\t\t\t\t<div class=\"blockG\" id=\"rotateG_07\"><\/div>\n\t\t\t\t<div class=\"blockG\" id=\"rotateG_08\"><\/div>\n\t\t\t<\/div>\n\t\t\t<div class=\"WooZone-cross-sell-loader-text\"><\/div>\n\t\t<\/div>\n\t<\/div>\n\n\t\t\n<\/div>\n<div style=\"clear:both;\"><\/div><\/p>\n","protected":false},"excerpt":{"rendered":"<p>FBA | Komplettset | 2x Koppelhaken &amp; 2x \u00d6se | f\u00fcr Koppelplatte | geschmiedete Ausf\u00fchrung<br \/>\nProdukteigenschaften: Haken | Koppelhaken, 2 St\u00fcck | geschmiedete Ausf\u00fchrung | Ma\u00dfe: 37 x 90 x 110 mm | gefertigt aus Qualit\u00e4tsstahl | zum Anschwei\u00dfen |||| Produkteigenschaften: \u00d6se | \u00d6se, 2 St\u00fcck | geschmiedete Ausf\u00fchrung | \u00d8 25 mm Bohrung | gefertigt aus Qualit\u00e4tsstahl | zum Anschwei\u00dfen<br \/>\nHochwertiges Produkt<\/p>\n","protected":false},"featured_media":156316,"comment_status":"open","ping_status":"closed","template":"","meta":[],"product_brand":[],"product_cat":[1983,10767],"product_tag":[],"class_list":{"0":"post-156315","1":"product","2":"type-product","3":"status-publish","4":"has-post-thumbnail","6":"product_cat-baumarkt","7":"product_cat-baumaschinen-zubehoer","8":"pa_binding-misc","9":"pa_manufacturer-kr-agrar","10":"pa_weight-1-763698096-pfund","12":"first","13":"instock","14":"shipping-taxable","15":"purchasable","16":"product-type-simple","17":"customify-col","18":"product-has-gallery"},"yoast_head":"<!-- This site is optimized with the Yoast SEO plugin v27.4 - https:\/\/yoast.com\/product\/yoast-seo-wordpress\/ -->\n<title>Komplettset | 2x Koppelhaken &amp; 2x \u00d6se | f\u00fcr Koppelplatte | geschmiedete Ausf\u00fchrung | Frontlader Aufnahme | Euro-Norm\u2026 - Markt-XXL<\/title>\n<meta name=\"description\" content=\"Markt-XXL Komplettset | 2x Koppelhaken &amp; 2x \u00d6se | f\u00fcr Koppelplatte | geschmiedete Ausf\u00fchrung | Frontlader Aufnahme | Euro-Norm\u2026\" \/>\n<meta name=\"robots\" content=\"index, follow, max-snippet:-1, max-image-preview:large, max-video-preview:-1\" \/>\n<link rel=\"canonical\" href=\"https:\/\/marktxxl.de\/markt\/produkt\/komplettset-2x-koppelhaken-2x-oese-fuer-koppelplatte-geschmiedete-ausfuehrung-frontlader-aufnahme-euro-norm-anbauplatte-ersatzteil-anschweissteile-anschweisssatz\/\" \/>\n<meta property=\"og:locale\" content=\"de_DE\" \/>\n<meta property=\"og:type\" content=\"article\" \/>\n<meta property=\"og:title\" content=\"Komplettset | 2x Koppelhaken &amp; 2x \u00d6se | f\u00fcr Koppelplatte | geschmiedete Ausf\u00fchrung | Frontlader Aufnahme | Euro-Norm\u2026 - Markt-XXL\" \/>\n<meta property=\"og:description\" content=\"Markt-XXL Komplettset | 2x Koppelhaken &amp; 2x \u00d6se | f\u00fcr Koppelplatte | geschmiedete Ausf\u00fchrung | Frontlader Aufnahme | Euro-Norm\u2026\" \/>\n<meta property=\"og:url\" content=\"https:\/\/marktxxl.de\/markt\/produkt\/komplettset-2x-koppelhaken-2x-oese-fuer-koppelplatte-geschmiedete-ausfuehrung-frontlader-aufnahme-euro-norm-anbauplatte-ersatzteil-anschweissteile-anschweisssatz\/\" \/>\n<meta property=\"og:site_name\" content=\"Markt-XXL\" \/>\n<meta property=\"article:modified_time\" content=\"2023-04-11T02:38:14+00:00\" \/>\n<meta property=\"og:image\" content=\"https:\/\/m.media-amazon.com\/images\/I\/419E3ArwHVL._SL500_.jpg\" \/>\n\t<meta property=\"og:image:width\" content=\"500\" \/>\n\t<meta property=\"og:image:height\" content=\"500\" \/>\n\t<meta property=\"og:image:type\" content=\"image\/jpeg\" \/>\n<meta name=\"twitter:card\" content=\"summary_large_image\" \/>\n<script type=\"application\/ld+json\" class=\"yoast-schema-graph\">{\"@context\":\"https:\\\/\\\/schema.org\",\"@graph\":[{\"@type\":\"WebPage\",\"@id\":\"https:\\\/\\\/marktxxl.de\\\/markt\\\/produkt\\\/komplettset-2x-koppelhaken-2x-oese-fuer-koppelplatte-geschmiedete-ausfuehrung-frontlader-aufnahme-euro-norm-anbauplatte-ersatzteil-anschweissteile-anschweisssatz\\\/\",\"url\":\"https:\\\/\\\/marktxxl.de\\\/markt\\\/produkt\\\/komplettset-2x-koppelhaken-2x-oese-fuer-koppelplatte-geschmiedete-ausfuehrung-frontlader-aufnahme-euro-norm-anbauplatte-ersatzteil-anschweissteile-anschweisssatz\\\/\",\"name\":\"Komplettset | 2x Koppelhaken &amp; 2x \u00d6se | f\u00fcr Koppelplatte | geschmiedete Ausf\u00fchrung | Frontlader Aufnahme | Euro-Norm\u2026 - Markt-XXL\",\"isPartOf\":{\"@id\":\"https:\\\/\\\/marktxxl.de\\\/markt\\\/#website\"},\"primaryImageOfPage\":{\"@id\":\"https:\\\/\\\/marktxxl.de\\\/markt\\\/produkt\\\/komplettset-2x-koppelhaken-2x-oese-fuer-koppelplatte-geschmiedete-ausfuehrung-frontlader-aufnahme-euro-norm-anbauplatte-ersatzteil-anschweissteile-anschweisssatz\\\/#primaryimage\"},\"image\":{\"@id\":\"https:\\\/\\\/marktxxl.de\\\/markt\\\/produkt\\\/komplettset-2x-koppelhaken-2x-oese-fuer-koppelplatte-geschmiedete-ausfuehrung-frontlader-aufnahme-euro-norm-anbauplatte-ersatzteil-anschweissteile-anschweisssatz\\\/#primaryimage\"},\"thumbnailUrl\":\"https:\\\/\\\/m.media-amazon.com\\\/images\\\/I\\\/419E3ArwHVL._SL500_.jpg\",\"datePublished\":\"2022-10-11T21:40:15+00:00\",\"dateModified\":\"2023-04-11T02:38:14+00:00\",\"description\":\"Markt-XXL Komplettset | 2x Koppelhaken &amp; 2x \u00d6se | f\u00fcr Koppelplatte | geschmiedete Ausf\u00fchrung | Frontlader Aufnahme | Euro-Norm\u2026\",\"breadcrumb\":{\"@id\":\"https:\\\/\\\/marktxxl.de\\\/markt\\\/produkt\\\/komplettset-2x-koppelhaken-2x-oese-fuer-koppelplatte-geschmiedete-ausfuehrung-frontlader-aufnahme-euro-norm-anbauplatte-ersatzteil-anschweissteile-anschweisssatz\\\/#breadcrumb\"},\"inLanguage\":\"de\",\"potentialAction\":[{\"@type\":\"ReadAction\",\"target\":[\"https:\\\/\\\/marktxxl.de\\\/markt\\\/produkt\\\/komplettset-2x-koppelhaken-2x-oese-fuer-koppelplatte-geschmiedete-ausfuehrung-frontlader-aufnahme-euro-norm-anbauplatte-ersatzteil-anschweissteile-anschweisssatz\\\/\"]}]},{\"@type\":\"ImageObject\",\"inLanguage\":\"de\",\"@id\":\"https:\\\/\\\/marktxxl.de\\\/markt\\\/produkt\\\/komplettset-2x-koppelhaken-2x-oese-fuer-koppelplatte-geschmiedete-ausfuehrung-frontlader-aufnahme-euro-norm-anbauplatte-ersatzteil-anschweissteile-anschweisssatz\\\/#primaryimage\",\"url\":\"https:\\\/\\\/m.media-amazon.com\\\/images\\\/I\\\/419E3ArwHVL._SL500_.jpg\",\"contentUrl\":\"https:\\\/\\\/m.media-amazon.com\\\/images\\\/I\\\/419E3ArwHVL._SL500_.jpg\",\"width\":500,\"height\":500},{\"@type\":\"BreadcrumbList\",\"@id\":\"https:\\\/\\\/marktxxl.de\\\/markt\\\/produkt\\\/komplettset-2x-koppelhaken-2x-oese-fuer-koppelplatte-geschmiedete-ausfuehrung-frontlader-aufnahme-euro-norm-anbauplatte-ersatzteil-anschweissteile-anschweisssatz\\\/#breadcrumb\",\"itemListElement\":[{\"@type\":\"ListItem\",\"position\":1,\"name\":\"Startseite\",\"item\":\"https:\\\/\\\/marktxxl.de\\\/markt\\\/\"},{\"@type\":\"ListItem\",\"position\":2,\"name\":\"Markt\",\"item\":\"https:\\\/\\\/marktxxl.de\\\/markt\\\/\"},{\"@type\":\"ListItem\",\"position\":3,\"name\":\"Komplettset | 2x Koppelhaken &amp; 2x \u00d6se | f\u00fcr Koppelplatte | geschmiedete Ausf\u00fchrung | Frontlader Aufnahme | Euro-Norm\u2026\"}]},{\"@type\":\"WebSite\",\"@id\":\"https:\\\/\\\/marktxxl.de\\\/markt\\\/#website\",\"url\":\"https:\\\/\\\/marktxxl.de\\\/markt\\\/\",\"name\":\"Markt-XXL\",\"description\":\"Ihr Markt Online\",\"publisher\":{\"@id\":\"https:\\\/\\\/marktxxl.de\\\/markt\\\/#organization\"},\"potentialAction\":[{\"@type\":\"SearchAction\",\"target\":{\"@type\":\"EntryPoint\",\"urlTemplate\":\"https:\\\/\\\/marktxxl.de\\\/markt\\\/?s={search_term_string}\"},\"query-input\":{\"@type\":\"PropertyValueSpecification\",\"valueRequired\":true,\"valueName\":\"search_term_string\"}}],\"inLanguage\":\"de\"},{\"@type\":\"Organization\",\"@id\":\"https:\\\/\\\/marktxxl.de\\\/markt\\\/#organization\",\"name\":\"Markt-XXL\",\"url\":\"https:\\\/\\\/marktxxl.de\\\/markt\\\/\",\"logo\":{\"@type\":\"ImageObject\",\"inLanguage\":\"de\",\"@id\":\"https:\\\/\\\/marktxxl.de\\\/markt\\\/#\\\/schema\\\/logo\\\/image\\\/\",\"url\":\"https:\\\/\\\/marktxxl.de\\\/markt\\\/wp-content\\\/uploads\\\/sites\\\/3\\\/2020\\\/12\\\/logo.png\",\"contentUrl\":\"https:\\\/\\\/marktxxl.de\\\/markt\\\/wp-content\\\/uploads\\\/sites\\\/3\\\/2020\\\/12\\\/logo.png\",\"width\":200,\"height\":70,\"caption\":\"Markt-XXL\"},\"image\":{\"@id\":\"https:\\\/\\\/marktxxl.de\\\/markt\\\/#\\\/schema\\\/logo\\\/image\\\/\"}}]}<\/script>\n<!-- \/ Yoast SEO plugin. -->","yoast_head_json":{"title":"Komplettset | 2x Koppelhaken &amp; 2x \u00d6se | f\u00fcr Koppelplatte | geschmiedete Ausf\u00fchrung | Frontlader Aufnahme | Euro-Norm\u2026 - Markt-XXL","description":"Markt-XXL Komplettset | 2x Koppelhaken &amp; 2x \u00d6se | f\u00fcr Koppelplatte | geschmiedete Ausf\u00fchrung | Frontlader Aufnahme | Euro-Norm\u2026","robots":{"index":"index","follow":"follow","max-snippet":"max-snippet:-1","max-image-preview":"max-image-preview:large","max-video-preview":"max-video-preview:-1"},"canonical":"https:\/\/marktxxl.de\/markt\/produkt\/komplettset-2x-koppelhaken-2x-oese-fuer-koppelplatte-geschmiedete-ausfuehrung-frontlader-aufnahme-euro-norm-anbauplatte-ersatzteil-anschweissteile-anschweisssatz\/","og_locale":"de_DE","og_type":"article","og_title":"Komplettset | 2x Koppelhaken &amp; 2x \u00d6se | f\u00fcr Koppelplatte | geschmiedete Ausf\u00fchrung | Frontlader Aufnahme | Euro-Norm\u2026 - Markt-XXL","og_description":"Markt-XXL Komplettset | 2x Koppelhaken &amp; 2x \u00d6se | f\u00fcr Koppelplatte | geschmiedete Ausf\u00fchrung | Frontlader Aufnahme | Euro-Norm\u2026","og_url":"https:\/\/marktxxl.de\/markt\/produkt\/komplettset-2x-koppelhaken-2x-oese-fuer-koppelplatte-geschmiedete-ausfuehrung-frontlader-aufnahme-euro-norm-anbauplatte-ersatzteil-anschweissteile-anschweisssatz\/","og_site_name":"Markt-XXL","article_modified_time":"2023-04-11T02:38:14+00:00","og_image":[{"width":500,"height":500,"url":"https:\/\/m.media-amazon.com\/images\/I\/419E3ArwHVL._SL500_.jpg","type":"image\/jpeg"}],"twitter_card":"summary_large_image","schema":{"@context":"https:\/\/schema.org","@graph":[{"@type":"WebPage","@id":"https:\/\/marktxxl.de\/markt\/produkt\/komplettset-2x-koppelhaken-2x-oese-fuer-koppelplatte-geschmiedete-ausfuehrung-frontlader-aufnahme-euro-norm-anbauplatte-ersatzteil-anschweissteile-anschweisssatz\/","url":"https:\/\/marktxxl.de\/markt\/produkt\/komplettset-2x-koppelhaken-2x-oese-fuer-koppelplatte-geschmiedete-ausfuehrung-frontlader-aufnahme-euro-norm-anbauplatte-ersatzteil-anschweissteile-anschweisssatz\/","name":"Komplettset | 2x Koppelhaken &amp; 2x \u00d6se | f\u00fcr Koppelplatte | geschmiedete Ausf\u00fchrung | Frontlader Aufnahme | Euro-Norm\u2026 - Markt-XXL","isPartOf":{"@id":"https:\/\/marktxxl.de\/markt\/#website"},"primaryImageOfPage":{"@id":"https:\/\/marktxxl.de\/markt\/produkt\/komplettset-2x-koppelhaken-2x-oese-fuer-koppelplatte-geschmiedete-ausfuehrung-frontlader-aufnahme-euro-norm-anbauplatte-ersatzteil-anschweissteile-anschweisssatz\/#primaryimage"},"image":{"@id":"https:\/\/marktxxl.de\/markt\/produkt\/komplettset-2x-koppelhaken-2x-oese-fuer-koppelplatte-geschmiedete-ausfuehrung-frontlader-aufnahme-euro-norm-anbauplatte-ersatzteil-anschweissteile-anschweisssatz\/#primaryimage"},"thumbnailUrl":"https:\/\/m.media-amazon.com\/images\/I\/419E3ArwHVL._SL500_.jpg","datePublished":"2022-10-11T21:40:15+00:00","dateModified":"2023-04-11T02:38:14+00:00","description":"Markt-XXL Komplettset | 2x Koppelhaken &amp; 2x \u00d6se | f\u00fcr Koppelplatte | geschmiedete Ausf\u00fchrung | Frontlader Aufnahme | Euro-Norm\u2026","breadcrumb":{"@id":"https:\/\/marktxxl.de\/markt\/produkt\/komplettset-2x-koppelhaken-2x-oese-fuer-koppelplatte-geschmiedete-ausfuehrung-frontlader-aufnahme-euro-norm-anbauplatte-ersatzteil-anschweissteile-anschweisssatz\/#breadcrumb"},"inLanguage":"de","potentialAction":[{"@type":"ReadAction","target":["https:\/\/marktxxl.de\/markt\/produkt\/komplettset-2x-koppelhaken-2x-oese-fuer-koppelplatte-geschmiedete-ausfuehrung-frontlader-aufnahme-euro-norm-anbauplatte-ersatzteil-anschweissteile-anschweisssatz\/"]}]},{"@type":"ImageObject","inLanguage":"de","@id":"https:\/\/marktxxl.de\/markt\/produkt\/komplettset-2x-koppelhaken-2x-oese-fuer-koppelplatte-geschmiedete-ausfuehrung-frontlader-aufnahme-euro-norm-anbauplatte-ersatzteil-anschweissteile-anschweisssatz\/#primaryimage","url":"https:\/\/m.media-amazon.com\/images\/I\/419E3ArwHVL._SL500_.jpg","contentUrl":"https:\/\/m.media-amazon.com\/images\/I\/419E3ArwHVL._SL500_.jpg","width":500,"height":500},{"@type":"BreadcrumbList","@id":"https:\/\/marktxxl.de\/markt\/produkt\/komplettset-2x-koppelhaken-2x-oese-fuer-koppelplatte-geschmiedete-ausfuehrung-frontlader-aufnahme-euro-norm-anbauplatte-ersatzteil-anschweissteile-anschweisssatz\/#breadcrumb","itemListElement":[{"@type":"ListItem","position":1,"name":"Startseite","item":"https:\/\/marktxxl.de\/markt\/"},{"@type":"ListItem","position":2,"name":"Markt","item":"https:\/\/marktxxl.de\/markt\/"},{"@type":"ListItem","position":3,"name":"Komplettset | 2x Koppelhaken &amp; 2x \u00d6se | f\u00fcr Koppelplatte | geschmiedete Ausf\u00fchrung | Frontlader Aufnahme | Euro-Norm\u2026"}]},{"@type":"WebSite","@id":"https:\/\/marktxxl.de\/markt\/#website","url":"https:\/\/marktxxl.de\/markt\/","name":"Markt-XXL","description":"Ihr Markt Online","publisher":{"@id":"https:\/\/marktxxl.de\/markt\/#organization"},"potentialAction":[{"@type":"SearchAction","target":{"@type":"EntryPoint","urlTemplate":"https:\/\/marktxxl.de\/markt\/?s={search_term_string}"},"query-input":{"@type":"PropertyValueSpecification","valueRequired":true,"valueName":"search_term_string"}}],"inLanguage":"de"},{"@type":"Organization","@id":"https:\/\/marktxxl.de\/markt\/#organization","name":"Markt-XXL","url":"https:\/\/marktxxl.de\/markt\/","logo":{"@type":"ImageObject","inLanguage":"de","@id":"https:\/\/marktxxl.de\/markt\/#\/schema\/logo\/image\/","url":"https:\/\/marktxxl.de\/markt\/wp-content\/uploads\/sites\/3\/2020\/12\/logo.png","contentUrl":"https:\/\/marktxxl.de\/markt\/wp-content\/uploads\/sites\/3\/2020\/12\/logo.png","width":200,"height":70,"caption":"Markt-XXL"},"image":{"@id":"https:\/\/marktxxl.de\/markt\/#\/schema\/logo\/image\/"}}]}},"_links":{"self":[{"href":"https:\/\/marktxxl.de\/markt\/wp-json\/wp\/v2\/product\/156315","targetHints":{"allow":["GET"]}}],"collection":[{"href":"https:\/\/marktxxl.de\/markt\/wp-json\/wp\/v2\/product"}],"about":[{"href":"https:\/\/marktxxl.de\/markt\/wp-json\/wp\/v2\/types\/product"}],"replies":[{"embeddable":true,"href":"https:\/\/marktxxl.de\/markt\/wp-json\/wp\/v2\/comments?post=156315"}],"wp:featuredmedia":[{"embeddable":true,"href":"https:\/\/marktxxl.de\/markt\/wp-json\/wp\/v2\/media\/156316"}],"wp:attachment":[{"href":"https:\/\/marktxxl.de\/markt\/wp-json\/wp\/v2\/media?parent=156315"}],"wp:term":[{"taxonomy":"product_brand","embeddable":true,"href":"https:\/\/marktxxl.de\/markt\/wp-json\/wp\/v2\/product_brand?post=156315"},{"taxonomy":"product_cat","embeddable":true,"href":"https:\/\/marktxxl.de\/markt\/wp-json\/wp\/v2\/product_cat?post=156315"},{"taxonomy":"product_tag","embeddable":true,"href":"https:\/\/marktxxl.de\/markt\/wp-json\/wp\/v2\/product_tag?post=156315"}],"curies":[{"name":"wp","href":"https:\/\/api.w.org\/{rel}","templated":true}]}}