{"id":156307,"date":"2022-10-11T23:40:05","date_gmt":"2022-10-11T21:40:05","guid":{"rendered":"https:\/\/marktxxl.de\/markt\/produkt\/hilitchi-300-stueck-12-groessen-verzinkter-stahl-splinte-haarspangen-und-r-clips-verschluss-sortiment-kit-fuer-anhaengerkupplung-pin-haarnadeln-lock-system\/"},"modified":"2023-04-11T04:38:14","modified_gmt":"2023-04-11T02:38:14","slug":"hilitchi-300-stueck-12-groessen-verzinkter-stahl-splinte-haarspangen-und-r-clips-verschluss-sortiment-kit-fuer-anhaengerkupplung-pin-haarnadeln-lock-system","status":"publish","type":"product","link":"https:\/\/marktxxl.de\/markt\/produkt\/hilitchi-300-stueck-12-groessen-verzinkter-stahl-splinte-haarspangen-und-r-clips-verschluss-sortiment-kit-fuer-anhaengerkupplung-pin-haarnadeln-lock-system\/","title":{"rendered":"Hilitchi 300 St\u00fcck 12 Gr\u00f6\u00dfen verzinkter Stahl Splinte Haarspangen und R Clips Verschluss Sortiment Kit f\u00fcr\u2026"},"content":{"rendered":"<p>Hochwertiges Material: 304 Edelstahl, korrosionsbest\u00e4ndig und rostfrei, wetterbest\u00e4ndig, hochwertige Splinte und R-Clips<br \/>\nGr\u00f6\u00dfe und Menge: 300 St\u00fcck, dieses Befestigungs-Haarnadel-Set enth\u00e4lt die am h\u00e4ufigsten verwendeten Gr\u00f6\u00dfen. Weitere Informationen finden Sie in unserem detaillierten Gr\u00f6\u00dfenbild. Genug Menge und Qualit\u00e4t und Vielfalt Haarnadeln und Splinte zur Auswahl.<br \/>\n\u2705 [Getestet auf Haltbarkeit] Gut konstruiert, langer Service, verpackt in einer robusten, praktischen, wiederverschlie\u00dfbaren Kunststoff-Aufbewahrungsbox. Diese Befestigungsstifte sind praktisch f\u00fcr jede Werkstatt.<br \/>\n\u2705 [Breite Anwendung] Einfach zu bedienen, verwendet f\u00fcr Automobil, Mechaniker, Auto-Garage, Werkstatt, Elektroger\u00e4te, Autos, LKW, Rasenm\u00e4her, kleine Motorreparatur und Befestigung<br \/>\n\u2705\u3010Qualit\u00e4t After-Sales-Service\u3011Wenn Sie mit unseren Produkten nicht zufrieden sind oder wenn Sie Fragen haben, z\u00f6gern Sie nicht, uns zu kontaktieren. Wir w\u00fcrden eine zufriedenstellende L\u00f6sung f\u00fcr Ihr Problem erstellen. Kostenloser Ersatz oder R\u00fcckerstattung innerhalb von 90 Tagen. 12 Stunden Reaktionsdienst!<br \/>\n<div class=\"main-cross-sell\" data-asin=\"B08BQXJDXS\">\n\n\t<div class=\"WooZone-cross-sell-loader\">\n\t\t<div>\n\t\t\t<div id=\"floatingBarsG\">\n\t\t\t\t<div class=\"blockG\" id=\"rotateG_01\"><\/div>\n\t\t\t\t<div class=\"blockG\" id=\"rotateG_02\"><\/div>\n\t\t\t\t<div class=\"blockG\" id=\"rotateG_03\"><\/div>\n\t\t\t\t<div class=\"blockG\" id=\"rotateG_04\"><\/div>\n\t\t\t\t<div class=\"blockG\" id=\"rotateG_05\"><\/div>\n\t\t\t\t<div class=\"blockG\" id=\"rotateG_06\"><\/div>\n\t\t\t\t<div class=\"blockG\" id=\"rotateG_07\"><\/div>\n\t\t\t\t<div class=\"blockG\" id=\"rotateG_08\"><\/div>\n\t\t\t<\/div>\n\t\t\t<div class=\"WooZone-cross-sell-loader-text\"><\/div>\n\t\t<\/div>\n\t<\/div>\n\n\t\t\n<\/div>\n<div style=\"clear:both;\"><\/div><\/p>\n","protected":false},"excerpt":{"rendered":"<p>Hochwertiges Material: 304 Edelstahl, korrosionsbest\u00e4ndig und rostfrei, wetterbest\u00e4ndig, hochwertige Splinte und R-Clips<br \/>\nGr\u00f6\u00dfe und Menge: 300 St\u00fcck, dieses Befestigungs-Haarnadel-Set enth\u00e4lt die am h\u00e4ufigsten verwendeten Gr\u00f6\u00dfen. Weitere Informationen finden Sie in unserem detaillierten Gr\u00f6\u00dfenbild. Genug Menge und Qualit\u00e4t und Vielfalt Haarnadeln und Splinte zur Auswahl.<br \/>\n\u2705 [Getestet auf Haltbarkeit] Gut konstruiert, langer Service, verpackt in einer robusten, praktischen, wiederverschlie\u00dfbaren Kunststoff-Aufbewahrungsbox. Diese Befestigungsstifte sind praktisch f\u00fcr jede Werkstatt.<\/p>\n","protected":false},"featured_media":156308,"comment_status":"open","ping_status":"closed","template":"","meta":[],"product_brand":[],"product_cat":[1983,10767],"product_tag":[],"class_list":{"0":"post-156307","1":"product","2":"type-product","3":"status-publish","4":"has-post-thumbnail","6":"product_cat-baumarkt","7":"product_cat-baumaschinen-zubehoer","8":"pa_brand-hilitchi","9":"pa_manufacturer-hilitchi","11":"first","12":"instock","13":"shipping-taxable","14":"purchasable","15":"product-type-simple","16":"customify-col","17":"product-has-gallery"},"yoast_head":"<!-- This site is optimized with the Yoast SEO plugin v27.4 - https:\/\/yoast.com\/product\/yoast-seo-wordpress\/ -->\n<title>Hilitchi 300 St\u00fcck 12 Gr\u00f6\u00dfen verzinkter Stahl Splinte Haarspangen und R Clips Verschluss Sortiment Kit f\u00fcr\u2026 - Markt-XXL<\/title>\n<meta name=\"description\" content=\"Markt-XXL Hilitchi 300 St\u00fcck 12 Gr\u00f6\u00dfen verzinkter Stahl Splinte Haarspangen und R Clips Verschluss Sortiment Kit f\u00fcr\u2026\" \/>\n<meta name=\"robots\" content=\"index, follow, max-snippet:-1, max-image-preview:large, max-video-preview:-1\" \/>\n<link rel=\"canonical\" href=\"https:\/\/marktxxl.de\/markt\/produkt\/hilitchi-300-stueck-12-groessen-verzinkter-stahl-splinte-haarspangen-und-r-clips-verschluss-sortiment-kit-fuer-anhaengerkupplung-pin-haarnadeln-lock-system\/\" \/>\n<meta property=\"og:locale\" content=\"de_DE\" \/>\n<meta property=\"og:type\" content=\"article\" \/>\n<meta property=\"og:title\" content=\"Hilitchi 300 St\u00fcck 12 Gr\u00f6\u00dfen verzinkter Stahl Splinte Haarspangen und R Clips Verschluss Sortiment Kit f\u00fcr\u2026 - Markt-XXL\" \/>\n<meta property=\"og:description\" content=\"Markt-XXL Hilitchi 300 St\u00fcck 12 Gr\u00f6\u00dfen verzinkter Stahl Splinte Haarspangen und R Clips Verschluss Sortiment Kit f\u00fcr\u2026\" \/>\n<meta property=\"og:url\" content=\"https:\/\/marktxxl.de\/markt\/produkt\/hilitchi-300-stueck-12-groessen-verzinkter-stahl-splinte-haarspangen-und-r-clips-verschluss-sortiment-kit-fuer-anhaengerkupplung-pin-haarnadeln-lock-system\/\" \/>\n<meta property=\"og:site_name\" content=\"Markt-XXL\" \/>\n<meta property=\"article:modified_time\" content=\"2023-04-11T02:38:14+00:00\" \/>\n<meta property=\"og:image\" content=\"https:\/\/m.media-amazon.com\/images\/I\/51sinFAl-OL._SL500_.jpg\" \/>\n\t<meta property=\"og:image:width\" content=\"500\" \/>\n\t<meta property=\"og:image:height\" content=\"500\" \/>\n\t<meta property=\"og:image:type\" content=\"image\/jpeg\" \/>\n<meta name=\"twitter:card\" content=\"summary_large_image\" \/>\n<meta name=\"twitter:label1\" content=\"Gesch\u00e4tzte Lesezeit\" \/>\n\t<meta name=\"twitter:data1\" content=\"1\u00a0Minute\" \/>\n<script type=\"application\/ld+json\" class=\"yoast-schema-graph\">{\"@context\":\"https:\\\/\\\/schema.org\",\"@graph\":[{\"@type\":\"WebPage\",\"@id\":\"https:\\\/\\\/marktxxl.de\\\/markt\\\/produkt\\\/hilitchi-300-stueck-12-groessen-verzinkter-stahl-splinte-haarspangen-und-r-clips-verschluss-sortiment-kit-fuer-anhaengerkupplung-pin-haarnadeln-lock-system\\\/\",\"url\":\"https:\\\/\\\/marktxxl.de\\\/markt\\\/produkt\\\/hilitchi-300-stueck-12-groessen-verzinkter-stahl-splinte-haarspangen-und-r-clips-verschluss-sortiment-kit-fuer-anhaengerkupplung-pin-haarnadeln-lock-system\\\/\",\"name\":\"Hilitchi 300 St\u00fcck 12 Gr\u00f6\u00dfen verzinkter Stahl Splinte Haarspangen und R Clips Verschluss Sortiment Kit f\u00fcr\u2026 - Markt-XXL\",\"isPartOf\":{\"@id\":\"https:\\\/\\\/marktxxl.de\\\/markt\\\/#website\"},\"primaryImageOfPage\":{\"@id\":\"https:\\\/\\\/marktxxl.de\\\/markt\\\/produkt\\\/hilitchi-300-stueck-12-groessen-verzinkter-stahl-splinte-haarspangen-und-r-clips-verschluss-sortiment-kit-fuer-anhaengerkupplung-pin-haarnadeln-lock-system\\\/#primaryimage\"},\"image\":{\"@id\":\"https:\\\/\\\/marktxxl.de\\\/markt\\\/produkt\\\/hilitchi-300-stueck-12-groessen-verzinkter-stahl-splinte-haarspangen-und-r-clips-verschluss-sortiment-kit-fuer-anhaengerkupplung-pin-haarnadeln-lock-system\\\/#primaryimage\"},\"thumbnailUrl\":\"https:\\\/\\\/m.media-amazon.com\\\/images\\\/I\\\/51sinFAl-OL._SL500_.jpg\",\"datePublished\":\"2022-10-11T21:40:05+00:00\",\"dateModified\":\"2023-04-11T02:38:14+00:00\",\"description\":\"Markt-XXL Hilitchi 300 St\u00fcck 12 Gr\u00f6\u00dfen verzinkter Stahl Splinte Haarspangen und R Clips Verschluss Sortiment Kit f\u00fcr\u2026\",\"breadcrumb\":{\"@id\":\"https:\\\/\\\/marktxxl.de\\\/markt\\\/produkt\\\/hilitchi-300-stueck-12-groessen-verzinkter-stahl-splinte-haarspangen-und-r-clips-verschluss-sortiment-kit-fuer-anhaengerkupplung-pin-haarnadeln-lock-system\\\/#breadcrumb\"},\"inLanguage\":\"de\",\"potentialAction\":[{\"@type\":\"ReadAction\",\"target\":[\"https:\\\/\\\/marktxxl.de\\\/markt\\\/produkt\\\/hilitchi-300-stueck-12-groessen-verzinkter-stahl-splinte-haarspangen-und-r-clips-verschluss-sortiment-kit-fuer-anhaengerkupplung-pin-haarnadeln-lock-system\\\/\"]}]},{\"@type\":\"ImageObject\",\"inLanguage\":\"de\",\"@id\":\"https:\\\/\\\/marktxxl.de\\\/markt\\\/produkt\\\/hilitchi-300-stueck-12-groessen-verzinkter-stahl-splinte-haarspangen-und-r-clips-verschluss-sortiment-kit-fuer-anhaengerkupplung-pin-haarnadeln-lock-system\\\/#primaryimage\",\"url\":\"https:\\\/\\\/m.media-amazon.com\\\/images\\\/I\\\/51sinFAl-OL._SL500_.jpg\",\"contentUrl\":\"https:\\\/\\\/m.media-amazon.com\\\/images\\\/I\\\/51sinFAl-OL._SL500_.jpg\",\"width\":500,\"height\":500},{\"@type\":\"BreadcrumbList\",\"@id\":\"https:\\\/\\\/marktxxl.de\\\/markt\\\/produkt\\\/hilitchi-300-stueck-12-groessen-verzinkter-stahl-splinte-haarspangen-und-r-clips-verschluss-sortiment-kit-fuer-anhaengerkupplung-pin-haarnadeln-lock-system\\\/#breadcrumb\",\"itemListElement\":[{\"@type\":\"ListItem\",\"position\":1,\"name\":\"Startseite\",\"item\":\"https:\\\/\\\/marktxxl.de\\\/markt\\\/\"},{\"@type\":\"ListItem\",\"position\":2,\"name\":\"Markt\",\"item\":\"https:\\\/\\\/marktxxl.de\\\/markt\\\/\"},{\"@type\":\"ListItem\",\"position\":3,\"name\":\"Hilitchi 300 St\u00fcck 12 Gr\u00f6\u00dfen verzinkter Stahl Splinte Haarspangen und R Clips Verschluss Sortiment Kit f\u00fcr\u2026\"}]},{\"@type\":\"WebSite\",\"@id\":\"https:\\\/\\\/marktxxl.de\\\/markt\\\/#website\",\"url\":\"https:\\\/\\\/marktxxl.de\\\/markt\\\/\",\"name\":\"Markt-XXL\",\"description\":\"Ihr Markt Online\",\"publisher\":{\"@id\":\"https:\\\/\\\/marktxxl.de\\\/markt\\\/#organization\"},\"potentialAction\":[{\"@type\":\"SearchAction\",\"target\":{\"@type\":\"EntryPoint\",\"urlTemplate\":\"https:\\\/\\\/marktxxl.de\\\/markt\\\/?s={search_term_string}\"},\"query-input\":{\"@type\":\"PropertyValueSpecification\",\"valueRequired\":true,\"valueName\":\"search_term_string\"}}],\"inLanguage\":\"de\"},{\"@type\":\"Organization\",\"@id\":\"https:\\\/\\\/marktxxl.de\\\/markt\\\/#organization\",\"name\":\"Markt-XXL\",\"url\":\"https:\\\/\\\/marktxxl.de\\\/markt\\\/\",\"logo\":{\"@type\":\"ImageObject\",\"inLanguage\":\"de\",\"@id\":\"https:\\\/\\\/marktxxl.de\\\/markt\\\/#\\\/schema\\\/logo\\\/image\\\/\",\"url\":\"https:\\\/\\\/marktxxl.de\\\/markt\\\/wp-content\\\/uploads\\\/sites\\\/3\\\/2020\\\/12\\\/logo.png\",\"contentUrl\":\"https:\\\/\\\/marktxxl.de\\\/markt\\\/wp-content\\\/uploads\\\/sites\\\/3\\\/2020\\\/12\\\/logo.png\",\"width\":200,\"height\":70,\"caption\":\"Markt-XXL\"},\"image\":{\"@id\":\"https:\\\/\\\/marktxxl.de\\\/markt\\\/#\\\/schema\\\/logo\\\/image\\\/\"}}]}<\/script>\n<!-- \/ Yoast SEO plugin. -->","yoast_head_json":{"title":"Hilitchi 300 St\u00fcck 12 Gr\u00f6\u00dfen verzinkter Stahl Splinte Haarspangen und R Clips Verschluss Sortiment Kit f\u00fcr\u2026 - Markt-XXL","description":"Markt-XXL Hilitchi 300 St\u00fcck 12 Gr\u00f6\u00dfen verzinkter Stahl Splinte Haarspangen und R Clips Verschluss Sortiment Kit f\u00fcr\u2026","robots":{"index":"index","follow":"follow","max-snippet":"max-snippet:-1","max-image-preview":"max-image-preview:large","max-video-preview":"max-video-preview:-1"},"canonical":"https:\/\/marktxxl.de\/markt\/produkt\/hilitchi-300-stueck-12-groessen-verzinkter-stahl-splinte-haarspangen-und-r-clips-verschluss-sortiment-kit-fuer-anhaengerkupplung-pin-haarnadeln-lock-system\/","og_locale":"de_DE","og_type":"article","og_title":"Hilitchi 300 St\u00fcck 12 Gr\u00f6\u00dfen verzinkter Stahl Splinte Haarspangen und R Clips Verschluss Sortiment Kit f\u00fcr\u2026 - Markt-XXL","og_description":"Markt-XXL Hilitchi 300 St\u00fcck 12 Gr\u00f6\u00dfen verzinkter Stahl Splinte Haarspangen und R Clips Verschluss Sortiment Kit f\u00fcr\u2026","og_url":"https:\/\/marktxxl.de\/markt\/produkt\/hilitchi-300-stueck-12-groessen-verzinkter-stahl-splinte-haarspangen-und-r-clips-verschluss-sortiment-kit-fuer-anhaengerkupplung-pin-haarnadeln-lock-system\/","og_site_name":"Markt-XXL","article_modified_time":"2023-04-11T02:38:14+00:00","og_image":[{"width":500,"height":500,"url":"https:\/\/m.media-amazon.com\/images\/I\/51sinFAl-OL._SL500_.jpg","type":"image\/jpeg"}],"twitter_card":"summary_large_image","twitter_misc":{"Gesch\u00e4tzte Lesezeit":"1\u00a0Minute"},"schema":{"@context":"https:\/\/schema.org","@graph":[{"@type":"WebPage","@id":"https:\/\/marktxxl.de\/markt\/produkt\/hilitchi-300-stueck-12-groessen-verzinkter-stahl-splinte-haarspangen-und-r-clips-verschluss-sortiment-kit-fuer-anhaengerkupplung-pin-haarnadeln-lock-system\/","url":"https:\/\/marktxxl.de\/markt\/produkt\/hilitchi-300-stueck-12-groessen-verzinkter-stahl-splinte-haarspangen-und-r-clips-verschluss-sortiment-kit-fuer-anhaengerkupplung-pin-haarnadeln-lock-system\/","name":"Hilitchi 300 St\u00fcck 12 Gr\u00f6\u00dfen verzinkter Stahl Splinte Haarspangen und R Clips Verschluss Sortiment Kit f\u00fcr\u2026 - Markt-XXL","isPartOf":{"@id":"https:\/\/marktxxl.de\/markt\/#website"},"primaryImageOfPage":{"@id":"https:\/\/marktxxl.de\/markt\/produkt\/hilitchi-300-stueck-12-groessen-verzinkter-stahl-splinte-haarspangen-und-r-clips-verschluss-sortiment-kit-fuer-anhaengerkupplung-pin-haarnadeln-lock-system\/#primaryimage"},"image":{"@id":"https:\/\/marktxxl.de\/markt\/produkt\/hilitchi-300-stueck-12-groessen-verzinkter-stahl-splinte-haarspangen-und-r-clips-verschluss-sortiment-kit-fuer-anhaengerkupplung-pin-haarnadeln-lock-system\/#primaryimage"},"thumbnailUrl":"https:\/\/m.media-amazon.com\/images\/I\/51sinFAl-OL._SL500_.jpg","datePublished":"2022-10-11T21:40:05+00:00","dateModified":"2023-04-11T02:38:14+00:00","description":"Markt-XXL Hilitchi 300 St\u00fcck 12 Gr\u00f6\u00dfen verzinkter Stahl Splinte Haarspangen und R Clips Verschluss Sortiment Kit f\u00fcr\u2026","breadcrumb":{"@id":"https:\/\/marktxxl.de\/markt\/produkt\/hilitchi-300-stueck-12-groessen-verzinkter-stahl-splinte-haarspangen-und-r-clips-verschluss-sortiment-kit-fuer-anhaengerkupplung-pin-haarnadeln-lock-system\/#breadcrumb"},"inLanguage":"de","potentialAction":[{"@type":"ReadAction","target":["https:\/\/marktxxl.de\/markt\/produkt\/hilitchi-300-stueck-12-groessen-verzinkter-stahl-splinte-haarspangen-und-r-clips-verschluss-sortiment-kit-fuer-anhaengerkupplung-pin-haarnadeln-lock-system\/"]}]},{"@type":"ImageObject","inLanguage":"de","@id":"https:\/\/marktxxl.de\/markt\/produkt\/hilitchi-300-stueck-12-groessen-verzinkter-stahl-splinte-haarspangen-und-r-clips-verschluss-sortiment-kit-fuer-anhaengerkupplung-pin-haarnadeln-lock-system\/#primaryimage","url":"https:\/\/m.media-amazon.com\/images\/I\/51sinFAl-OL._SL500_.jpg","contentUrl":"https:\/\/m.media-amazon.com\/images\/I\/51sinFAl-OL._SL500_.jpg","width":500,"height":500},{"@type":"BreadcrumbList","@id":"https:\/\/marktxxl.de\/markt\/produkt\/hilitchi-300-stueck-12-groessen-verzinkter-stahl-splinte-haarspangen-und-r-clips-verschluss-sortiment-kit-fuer-anhaengerkupplung-pin-haarnadeln-lock-system\/#breadcrumb","itemListElement":[{"@type":"ListItem","position":1,"name":"Startseite","item":"https:\/\/marktxxl.de\/markt\/"},{"@type":"ListItem","position":2,"name":"Markt","item":"https:\/\/marktxxl.de\/markt\/"},{"@type":"ListItem","position":3,"name":"Hilitchi 300 St\u00fcck 12 Gr\u00f6\u00dfen verzinkter Stahl Splinte Haarspangen und R Clips Verschluss Sortiment Kit f\u00fcr\u2026"}]},{"@type":"WebSite","@id":"https:\/\/marktxxl.de\/markt\/#website","url":"https:\/\/marktxxl.de\/markt\/","name":"Markt-XXL","description":"Ihr Markt Online","publisher":{"@id":"https:\/\/marktxxl.de\/markt\/#organization"},"potentialAction":[{"@type":"SearchAction","target":{"@type":"EntryPoint","urlTemplate":"https:\/\/marktxxl.de\/markt\/?s={search_term_string}"},"query-input":{"@type":"PropertyValueSpecification","valueRequired":true,"valueName":"search_term_string"}}],"inLanguage":"de"},{"@type":"Organization","@id":"https:\/\/marktxxl.de\/markt\/#organization","name":"Markt-XXL","url":"https:\/\/marktxxl.de\/markt\/","logo":{"@type":"ImageObject","inLanguage":"de","@id":"https:\/\/marktxxl.de\/markt\/#\/schema\/logo\/image\/","url":"https:\/\/marktxxl.de\/markt\/wp-content\/uploads\/sites\/3\/2020\/12\/logo.png","contentUrl":"https:\/\/marktxxl.de\/markt\/wp-content\/uploads\/sites\/3\/2020\/12\/logo.png","width":200,"height":70,"caption":"Markt-XXL"},"image":{"@id":"https:\/\/marktxxl.de\/markt\/#\/schema\/logo\/image\/"}}]}},"_links":{"self":[{"href":"https:\/\/marktxxl.de\/markt\/wp-json\/wp\/v2\/product\/156307","targetHints":{"allow":["GET"]}}],"collection":[{"href":"https:\/\/marktxxl.de\/markt\/wp-json\/wp\/v2\/product"}],"about":[{"href":"https:\/\/marktxxl.de\/markt\/wp-json\/wp\/v2\/types\/product"}],"replies":[{"embeddable":true,"href":"https:\/\/marktxxl.de\/markt\/wp-json\/wp\/v2\/comments?post=156307"}],"wp:featuredmedia":[{"embeddable":true,"href":"https:\/\/marktxxl.de\/markt\/wp-json\/wp\/v2\/media\/156308"}],"wp:attachment":[{"href":"https:\/\/marktxxl.de\/markt\/wp-json\/wp\/v2\/media?parent=156307"}],"wp:term":[{"taxonomy":"product_brand","embeddable":true,"href":"https:\/\/marktxxl.de\/markt\/wp-json\/wp\/v2\/product_brand?post=156307"},{"taxonomy":"product_cat","embeddable":true,"href":"https:\/\/marktxxl.de\/markt\/wp-json\/wp\/v2\/product_cat?post=156307"},{"taxonomy":"product_tag","embeddable":true,"href":"https:\/\/marktxxl.de\/markt\/wp-json\/wp\/v2\/product_tag?post=156307"}],"curies":[{"name":"wp","href":"https:\/\/api.w.org\/{rel}","templated":true}]}}