{"id":156253,"date":"2022-10-11T23:31:15","date_gmt":"2022-10-11T21:31:15","guid":{"rendered":"https:\/\/marktxxl.de\/markt\/produkt\/gepunktet\/"},"modified":"2023-04-11T04:38:13","modified_gmt":"2023-04-11T02:38:13","slug":"gepunktet","status":"publish","type":"product","link":"https:\/\/marktxxl.de\/markt\/produkt\/gepunktet\/","title":{"rendered":"gepunktet"},"content":{"rendered":"<p>Geben Sie Ihrem Baby die beste Pflege: Unsere superweiche Wickeltischauflage ist von Natur aus hypoallergen und atmungsaktiv, gibt Ihrem Baby eine sanfte Ber\u00fchrung, perfekt, um Ihr Baby gem\u00fctlich und gem\u00fctlich zu halten, was das Windelwechseln erleichtert.<br \/>\nUltraweich und komfortabel: Der extra weiche Stoff bietet Komfort und W\u00e4rme f\u00fcr das Baby beim Wickeln. Wasserdichte Wickelunterlagen f\u00fchlen sich kalt und hart an dem R\u00fccken des Babys, aber das weiche Material dieser Abdeckung f\u00fchlt sich gut auf der Haut des Babys an.<br \/>\n100% hochwertiger Stoff: Unsere Wickelunterlage verf\u00fcgt \u00fcber pflanzlichen Reaktivdruck und F\u00e4rbung, ist nicht reizend und hypoallergen, kein Pilling, kein Verblassen, maschinenwaschbar.<br \/>\nVollst\u00e4ndige Passform: Mit bis zu 10,2 cm Tiefe passt unsere Wickeltisch-Abdeckung sicher auf 81,3 x 40,6 cm, 86,4 x 40,6 cm Standard-Wickelauflagen, flache Wickeltischauflagen, Stubenwagen-Matratze und Wiegenmatratze.<br \/>\n100% ZUFRIEDENHEIT: Wenn Sie mit unserer Wickeltischhusse nicht zufrieden sind. Ihre Zufriedenheit ist unsere Priorit\u00e4t, wenn Sie Fragen zum Produkt oder Service haben, z\u00f6gern Sie nicht, uns zu kontaktieren.<br \/>\n<div class=\"main-cross-sell\" data-asin=\"B086SV3Q5Q\">\n\n\t<div class=\"WooZone-cross-sell-loader\">\n\t\t<div>\n\t\t\t<div id=\"floatingBarsG\">\n\t\t\t\t<div class=\"blockG\" id=\"rotateG_01\"><\/div>\n\t\t\t\t<div class=\"blockG\" id=\"rotateG_02\"><\/div>\n\t\t\t\t<div class=\"blockG\" id=\"rotateG_03\"><\/div>\n\t\t\t\t<div class=\"blockG\" id=\"rotateG_04\"><\/div>\n\t\t\t\t<div class=\"blockG\" id=\"rotateG_05\"><\/div>\n\t\t\t\t<div class=\"blockG\" id=\"rotateG_06\"><\/div>\n\t\t\t\t<div class=\"blockG\" id=\"rotateG_07\"><\/div>\n\t\t\t\t<div class=\"blockG\" id=\"rotateG_08\"><\/div>\n\t\t\t<\/div>\n\t\t\t<div class=\"WooZone-cross-sell-loader-text\"><\/div>\n\t\t<\/div>\n\t<\/div>\n\n\t\t\n<\/div>\n<div style=\"clear:both;\"><\/div><\/p>\n","protected":false},"excerpt":{"rendered":"<p>Geben Sie Ihrem Baby die beste Pflege: Unsere superweiche Wickeltischauflage ist von Natur aus hypoallergen und atmungsaktiv, gibt Ihrem Baby eine sanfte Ber\u00fchrung, perfekt, um Ihr Baby gem\u00fctlich und gem\u00fctlich zu halten, was das Windelwechseln erleichtert.<br \/>\nUltraweich und komfortabel: Der extra weiche Stoff bietet Komfort und W\u00e4rme f\u00fcr das Baby beim Wickeln. Wasserdichte Wickelunterlagen f\u00fchlen sich kalt und hart an dem R\u00fccken des Babys, aber das weiche Material dieser Abdeckung f\u00fchlt sich gut auf der Haut des Babys an.<br \/>\n100% hochwertiger Stoff: Unsere Wickelunterlage verf\u00fcgt \u00fcber pflanzlichen Reaktivdruck und F\u00e4rbung, ist nicht reizend und hypoallergen, kein Pilling, kein Verblassen, maschinenwaschbar.<\/p>\n","protected":false},"featured_media":156254,"comment_status":"open","ping_status":"closed","template":"","meta":[],"product_brand":[],"product_cat":[21,9520],"product_tag":[],"class_list":{"0":"post-156253","1":"product","2":"type-product","3":"status-publish","4":"has-post-thumbnail","6":"product_cat-baby","7":"product_cat-wickeln-baby","8":"pa_binding-babyartikel","9":"pa_brand-fqqf","10":"pa_color-gelb","11":"pa_height-3-zoll","12":"pa_languages-woerterbuch-englisch","13":"pa_length-32-zoll","14":"pa_manufacturer-queness","15":"pa_model-changing-pad-cover","16":"pa_weight-0-33-pfund","17":"pa_width-16-zoll","19":"first","20":"instock","21":"shipping-taxable","22":"purchasable","23":"product-type-simple","24":"customify-col","25":"product-has-gallery"},"yoast_head":"<!-- This site is optimized with the Yoast SEO plugin v27.3 - https:\/\/yoast.com\/product\/yoast-seo-wordpress\/ -->\n<title>gepunktet - Markt-XXL<\/title>\n<meta name=\"description\" content=\"Markt-XXL gepunktet\" \/>\n<meta name=\"robots\" content=\"index, follow, max-snippet:-1, max-image-preview:large, max-video-preview:-1\" \/>\n<link rel=\"canonical\" href=\"https:\/\/marktxxl.de\/markt\/produkt\/gepunktet\/\" \/>\n<meta property=\"og:locale\" content=\"de_DE\" \/>\n<meta property=\"og:type\" content=\"article\" \/>\n<meta property=\"og:title\" content=\"gepunktet - Markt-XXL\" \/>\n<meta property=\"og:description\" content=\"Markt-XXL gepunktet\" \/>\n<meta property=\"og:url\" content=\"https:\/\/marktxxl.de\/markt\/produkt\/gepunktet\/\" \/>\n<meta property=\"og:site_name\" content=\"Markt-XXL\" \/>\n<meta property=\"article:modified_time\" content=\"2023-04-11T02:38:13+00:00\" \/>\n<meta property=\"og:image\" content=\"https:\/\/m.media-amazon.com\/images\/I\/41qVBxkl6VL._SL500_.jpg\" \/>\n\t<meta property=\"og:image:width\" content=\"500\" \/>\n\t<meta property=\"og:image:height\" content=\"500\" \/>\n\t<meta property=\"og:image:type\" content=\"image\/jpeg\" \/>\n<meta name=\"twitter:card\" content=\"summary_large_image\" \/>\n<meta name=\"twitter:label1\" content=\"Gesch\u00e4tzte Lesezeit\" \/>\n\t<meta name=\"twitter:data1\" content=\"1\u00a0Minute\" \/>\n<script type=\"application\/ld+json\" class=\"yoast-schema-graph\">{\"@context\":\"https:\\\/\\\/schema.org\",\"@graph\":[{\"@type\":\"WebPage\",\"@id\":\"https:\\\/\\\/marktxxl.de\\\/markt\\\/produkt\\\/gepunktet\\\/\",\"url\":\"https:\\\/\\\/marktxxl.de\\\/markt\\\/produkt\\\/gepunktet\\\/\",\"name\":\"gepunktet - Markt-XXL\",\"isPartOf\":{\"@id\":\"https:\\\/\\\/marktxxl.de\\\/markt\\\/#website\"},\"primaryImageOfPage\":{\"@id\":\"https:\\\/\\\/marktxxl.de\\\/markt\\\/produkt\\\/gepunktet\\\/#primaryimage\"},\"image\":{\"@id\":\"https:\\\/\\\/marktxxl.de\\\/markt\\\/produkt\\\/gepunktet\\\/#primaryimage\"},\"thumbnailUrl\":\"https:\\\/\\\/m.media-amazon.com\\\/images\\\/I\\\/41qVBxkl6VL._SL500_.jpg\",\"datePublished\":\"2022-10-11T21:31:15+00:00\",\"dateModified\":\"2023-04-11T02:38:13+00:00\",\"description\":\"Markt-XXL gepunktet\",\"breadcrumb\":{\"@id\":\"https:\\\/\\\/marktxxl.de\\\/markt\\\/produkt\\\/gepunktet\\\/#breadcrumb\"},\"inLanguage\":\"de\",\"potentialAction\":[{\"@type\":\"ReadAction\",\"target\":[\"https:\\\/\\\/marktxxl.de\\\/markt\\\/produkt\\\/gepunktet\\\/\"]}]},{\"@type\":\"ImageObject\",\"inLanguage\":\"de\",\"@id\":\"https:\\\/\\\/marktxxl.de\\\/markt\\\/produkt\\\/gepunktet\\\/#primaryimage\",\"url\":\"https:\\\/\\\/m.media-amazon.com\\\/images\\\/I\\\/41qVBxkl6VL._SL500_.jpg\",\"contentUrl\":\"https:\\\/\\\/m.media-amazon.com\\\/images\\\/I\\\/41qVBxkl6VL._SL500_.jpg\",\"width\":500,\"height\":500},{\"@type\":\"BreadcrumbList\",\"@id\":\"https:\\\/\\\/marktxxl.de\\\/markt\\\/produkt\\\/gepunktet\\\/#breadcrumb\",\"itemListElement\":[{\"@type\":\"ListItem\",\"position\":1,\"name\":\"Startseite\",\"item\":\"https:\\\/\\\/marktxxl.de\\\/markt\\\/\"},{\"@type\":\"ListItem\",\"position\":2,\"name\":\"Markt\",\"item\":\"https:\\\/\\\/marktxxl.de\\\/markt\\\/\"},{\"@type\":\"ListItem\",\"position\":3,\"name\":\"gepunktet\"}]},{\"@type\":\"WebSite\",\"@id\":\"https:\\\/\\\/marktxxl.de\\\/markt\\\/#website\",\"url\":\"https:\\\/\\\/marktxxl.de\\\/markt\\\/\",\"name\":\"Markt-XXL\",\"description\":\"Ihr Markt Online\",\"publisher\":{\"@id\":\"https:\\\/\\\/marktxxl.de\\\/markt\\\/#organization\"},\"potentialAction\":[{\"@type\":\"SearchAction\",\"target\":{\"@type\":\"EntryPoint\",\"urlTemplate\":\"https:\\\/\\\/marktxxl.de\\\/markt\\\/?s={search_term_string}\"},\"query-input\":{\"@type\":\"PropertyValueSpecification\",\"valueRequired\":true,\"valueName\":\"search_term_string\"}}],\"inLanguage\":\"de\"},{\"@type\":\"Organization\",\"@id\":\"https:\\\/\\\/marktxxl.de\\\/markt\\\/#organization\",\"name\":\"Markt-XXL\",\"url\":\"https:\\\/\\\/marktxxl.de\\\/markt\\\/\",\"logo\":{\"@type\":\"ImageObject\",\"inLanguage\":\"de\",\"@id\":\"https:\\\/\\\/marktxxl.de\\\/markt\\\/#\\\/schema\\\/logo\\\/image\\\/\",\"url\":\"https:\\\/\\\/marktxxl.de\\\/markt\\\/wp-content\\\/uploads\\\/sites\\\/3\\\/2020\\\/12\\\/logo.png\",\"contentUrl\":\"https:\\\/\\\/marktxxl.de\\\/markt\\\/wp-content\\\/uploads\\\/sites\\\/3\\\/2020\\\/12\\\/logo.png\",\"width\":200,\"height\":70,\"caption\":\"Markt-XXL\"},\"image\":{\"@id\":\"https:\\\/\\\/marktxxl.de\\\/markt\\\/#\\\/schema\\\/logo\\\/image\\\/\"}}]}<\/script>\n<!-- \/ Yoast SEO plugin. -->","yoast_head_json":{"title":"gepunktet - Markt-XXL","description":"Markt-XXL gepunktet","robots":{"index":"index","follow":"follow","max-snippet":"max-snippet:-1","max-image-preview":"max-image-preview:large","max-video-preview":"max-video-preview:-1"},"canonical":"https:\/\/marktxxl.de\/markt\/produkt\/gepunktet\/","og_locale":"de_DE","og_type":"article","og_title":"gepunktet - Markt-XXL","og_description":"Markt-XXL gepunktet","og_url":"https:\/\/marktxxl.de\/markt\/produkt\/gepunktet\/","og_site_name":"Markt-XXL","article_modified_time":"2023-04-11T02:38:13+00:00","og_image":[{"width":500,"height":500,"url":"https:\/\/m.media-amazon.com\/images\/I\/41qVBxkl6VL._SL500_.jpg","type":"image\/jpeg"}],"twitter_card":"summary_large_image","twitter_misc":{"Gesch\u00e4tzte Lesezeit":"1\u00a0Minute"},"schema":{"@context":"https:\/\/schema.org","@graph":[{"@type":"WebPage","@id":"https:\/\/marktxxl.de\/markt\/produkt\/gepunktet\/","url":"https:\/\/marktxxl.de\/markt\/produkt\/gepunktet\/","name":"gepunktet - Markt-XXL","isPartOf":{"@id":"https:\/\/marktxxl.de\/markt\/#website"},"primaryImageOfPage":{"@id":"https:\/\/marktxxl.de\/markt\/produkt\/gepunktet\/#primaryimage"},"image":{"@id":"https:\/\/marktxxl.de\/markt\/produkt\/gepunktet\/#primaryimage"},"thumbnailUrl":"https:\/\/m.media-amazon.com\/images\/I\/41qVBxkl6VL._SL500_.jpg","datePublished":"2022-10-11T21:31:15+00:00","dateModified":"2023-04-11T02:38:13+00:00","description":"Markt-XXL gepunktet","breadcrumb":{"@id":"https:\/\/marktxxl.de\/markt\/produkt\/gepunktet\/#breadcrumb"},"inLanguage":"de","potentialAction":[{"@type":"ReadAction","target":["https:\/\/marktxxl.de\/markt\/produkt\/gepunktet\/"]}]},{"@type":"ImageObject","inLanguage":"de","@id":"https:\/\/marktxxl.de\/markt\/produkt\/gepunktet\/#primaryimage","url":"https:\/\/m.media-amazon.com\/images\/I\/41qVBxkl6VL._SL500_.jpg","contentUrl":"https:\/\/m.media-amazon.com\/images\/I\/41qVBxkl6VL._SL500_.jpg","width":500,"height":500},{"@type":"BreadcrumbList","@id":"https:\/\/marktxxl.de\/markt\/produkt\/gepunktet\/#breadcrumb","itemListElement":[{"@type":"ListItem","position":1,"name":"Startseite","item":"https:\/\/marktxxl.de\/markt\/"},{"@type":"ListItem","position":2,"name":"Markt","item":"https:\/\/marktxxl.de\/markt\/"},{"@type":"ListItem","position":3,"name":"gepunktet"}]},{"@type":"WebSite","@id":"https:\/\/marktxxl.de\/markt\/#website","url":"https:\/\/marktxxl.de\/markt\/","name":"Markt-XXL","description":"Ihr Markt Online","publisher":{"@id":"https:\/\/marktxxl.de\/markt\/#organization"},"potentialAction":[{"@type":"SearchAction","target":{"@type":"EntryPoint","urlTemplate":"https:\/\/marktxxl.de\/markt\/?s={search_term_string}"},"query-input":{"@type":"PropertyValueSpecification","valueRequired":true,"valueName":"search_term_string"}}],"inLanguage":"de"},{"@type":"Organization","@id":"https:\/\/marktxxl.de\/markt\/#organization","name":"Markt-XXL","url":"https:\/\/marktxxl.de\/markt\/","logo":{"@type":"ImageObject","inLanguage":"de","@id":"https:\/\/marktxxl.de\/markt\/#\/schema\/logo\/image\/","url":"https:\/\/marktxxl.de\/markt\/wp-content\/uploads\/sites\/3\/2020\/12\/logo.png","contentUrl":"https:\/\/marktxxl.de\/markt\/wp-content\/uploads\/sites\/3\/2020\/12\/logo.png","width":200,"height":70,"caption":"Markt-XXL"},"image":{"@id":"https:\/\/marktxxl.de\/markt\/#\/schema\/logo\/image\/"}}]}},"_links":{"self":[{"href":"https:\/\/marktxxl.de\/markt\/wp-json\/wp\/v2\/product\/156253","targetHints":{"allow":["GET"]}}],"collection":[{"href":"https:\/\/marktxxl.de\/markt\/wp-json\/wp\/v2\/product"}],"about":[{"href":"https:\/\/marktxxl.de\/markt\/wp-json\/wp\/v2\/types\/product"}],"replies":[{"embeddable":true,"href":"https:\/\/marktxxl.de\/markt\/wp-json\/wp\/v2\/comments?post=156253"}],"wp:featuredmedia":[{"embeddable":true,"href":"https:\/\/marktxxl.de\/markt\/wp-json\/wp\/v2\/media\/156254"}],"wp:attachment":[{"href":"https:\/\/marktxxl.de\/markt\/wp-json\/wp\/v2\/media?parent=156253"}],"wp:term":[{"taxonomy":"product_brand","embeddable":true,"href":"https:\/\/marktxxl.de\/markt\/wp-json\/wp\/v2\/product_brand?post=156253"},{"taxonomy":"product_cat","embeddable":true,"href":"https:\/\/marktxxl.de\/markt\/wp-json\/wp\/v2\/product_cat?post=156253"},{"taxonomy":"product_tag","embeddable":true,"href":"https:\/\/marktxxl.de\/markt\/wp-json\/wp\/v2\/product_tag?post=156253"}],"curies":[{"name":"wp","href":"https:\/\/api.w.org\/{rel}","templated":true}]}}