{"id":156193,"date":"2022-10-11T23:01:02","date_gmt":"2022-10-11T21:01:02","guid":{"rendered":"https:\/\/marktxxl.de\/markt\/produkt\/keeeper-mickey-tritthocker-ab-ca-3-bis-ca-14-jahre-anti-rutsch-funktion-tomek-blau\/"},"modified":"2023-04-11T04:37:36","modified_gmt":"2023-04-11T02:37:36","slug":"keeeper-mickey-tritthocker-ab-ca-3-bis-ca-14-jahre-anti-rutsch-funktion-tomek-blau","status":"publish","type":"product","link":"https:\/\/marktxxl.de\/markt\/produkt\/keeeper-mickey-tritthocker-ab-ca-3-bis-ca-14-jahre-anti-rutsch-funktion-tomek-blau\/","title":{"rendered":"keeeper Mickey Tritthocker, Ab ca. 3 bis ca. 14 Jahre, Anti-Rutsch-Funktion, Tomek, Blau"},"content":{"rendered":"<p>Einstufiger Mickey Tritthocker f\u00fcr Kinder im Alter von ca. 3 bis ca. 14 Jahre, F\u00fcr sicheres Hochsteigen und Sitzen \u2013 Ideal zum Erreichen des Waschbeckens oder der Toilette<br \/>\nKindersicher: Kein Kippen und Verrutschen dank Anti-Rutsch-System mit gummierten F\u00fc\u00dfen, Stabiles und sicheres Stehen auf der Oberfl\u00e4che durch Gummi-Noppen<br \/>\nFest im Material integriertes Mickey Dekor, Passend zu anderen keeeper Produkten der Serie Mickey, Einfache Reinigung: Abwischen mit feuchtem Tuch oder Schwamm<br \/>\nHergestellt in Europa, Hochwertiger, stabiler Kunststoff (PP\/TPE), Frei von BPA und Weichmachern, Keine Abgabe von Schadstoffen, Belastbar bis max. 80 kg, Kinderleicht zu tragen dank geringem Gewicht<br \/>\nLieferumfang: 1 Tritthocker Tomek, Einstufig, Mickey Dekor, 18431, Ma\u00dfe (LxBxH): 40,5 x 28,5 x 14 cm, Stufenma\u00dfe: 32 x 20 x 14 cm, Gewicht: 514 g, Farbe: Blau<br \/>\n<div class=\"main-cross-sell\" data-asin=\"B01MQ5QEO3\">\n\n\t<div class=\"WooZone-cross-sell-loader\">\n\t\t<div>\n\t\t\t<div id=\"floatingBarsG\">\n\t\t\t\t<div class=\"blockG\" id=\"rotateG_01\"><\/div>\n\t\t\t\t<div class=\"blockG\" id=\"rotateG_02\"><\/div>\n\t\t\t\t<div class=\"blockG\" id=\"rotateG_03\"><\/div>\n\t\t\t\t<div class=\"blockG\" id=\"rotateG_04\"><\/div>\n\t\t\t\t<div class=\"blockG\" id=\"rotateG_05\"><\/div>\n\t\t\t\t<div class=\"blockG\" id=\"rotateG_06\"><\/div>\n\t\t\t\t<div class=\"blockG\" id=\"rotateG_07\"><\/div>\n\t\t\t\t<div class=\"blockG\" id=\"rotateG_08\"><\/div>\n\t\t\t<\/div>\n\t\t\t<div class=\"WooZone-cross-sell-loader-text\"><\/div>\n\t\t<\/div>\n\t<\/div>\n\n\t\t\n<\/div>\n<div style=\"clear:both;\"><\/div><\/p>\n","protected":false},"excerpt":{"rendered":"<p>Einstufiger Mickey Tritthocker f\u00fcr Kinder im Alter von ca. 3 bis ca. 14 Jahre, F\u00fcr sicheres Hochsteigen und Sitzen \u2013 Ideal zum Erreichen des Waschbeckens oder der Toilette<br \/>\nKindersicher: Kein Kippen und Verrutschen dank Anti-Rutsch-System mit gummierten F\u00fc\u00dfen, Stabiles und sicheres Stehen auf der Oberfl\u00e4che durch Gummi-Noppen<br \/>\nFest im Material integriertes Mickey Dekor, Passend zu anderen keeeper Produkten der Serie Mickey, Einfache Reinigung: Abwischen mit feuchtem Tuch oder Schwamm<\/p>\n","protected":false},"featured_media":156194,"comment_status":"open","ping_status":"closed","template":"","meta":[],"product_brand":[],"product_cat":[21,9437],"product_tag":[],"class_list":{"0":"post-156193","1":"product","2":"type-product","3":"status-publish","4":"has-post-thumbnail","6":"product_cat-baby","7":"product_cat-toepfchen-trittschemel-baby","8":"pa_binding-babyartikel","9":"pa_brand-keeeper","10":"pa_color-graphite","11":"pa_height-5-511811018-zoll","12":"pa_length-15-9448818735-zoll","13":"pa_manufacturer-keeeper-gmbh","14":"pa_model-42653","15":"pa_weight-1-13317602668-pfund","16":"pa_width-11-2204724295-zoll","18":"first","19":"instock","20":"shipping-taxable","21":"purchasable","22":"product-type-simple","23":"customify-col","24":"product-has-gallery"},"yoast_head":"<!-- This site is optimized with the Yoast SEO plugin v27.3 - https:\/\/yoast.com\/product\/yoast-seo-wordpress\/ -->\n<title>keeeper Mickey Tritthocker, Ab ca. 3 bis ca. 14 Jahre, Anti-Rutsch-Funktion, Tomek, Blau - Markt-XXL<\/title>\n<meta name=\"description\" content=\"Markt-XXL keeeper Mickey Tritthocker, Ab ca. 3 bis ca. 14 Jahre, Anti-Rutsch-Funktion, Tomek, Blau\" \/>\n<meta name=\"robots\" content=\"index, follow, max-snippet:-1, max-image-preview:large, max-video-preview:-1\" \/>\n<link rel=\"canonical\" href=\"https:\/\/marktxxl.de\/markt\/produkt\/keeeper-mickey-tritthocker-ab-ca-3-bis-ca-14-jahre-anti-rutsch-funktion-tomek-blau\/\" \/>\n<meta property=\"og:locale\" content=\"de_DE\" \/>\n<meta property=\"og:type\" content=\"article\" \/>\n<meta property=\"og:title\" content=\"keeeper Mickey Tritthocker, Ab ca. 3 bis ca. 14 Jahre, Anti-Rutsch-Funktion, Tomek, Blau - Markt-XXL\" \/>\n<meta property=\"og:description\" content=\"Markt-XXL keeeper Mickey Tritthocker, Ab ca. 3 bis ca. 14 Jahre, Anti-Rutsch-Funktion, Tomek, Blau\" \/>\n<meta property=\"og:url\" content=\"https:\/\/marktxxl.de\/markt\/produkt\/keeeper-mickey-tritthocker-ab-ca-3-bis-ca-14-jahre-anti-rutsch-funktion-tomek-blau\/\" \/>\n<meta property=\"og:site_name\" content=\"Markt-XXL\" \/>\n<meta property=\"article:modified_time\" content=\"2023-04-11T02:37:36+00:00\" \/>\n<meta property=\"og:image\" content=\"https:\/\/m.media-amazon.com\/images\/I\/41nAlNTDQjL._SL500_.jpg\" \/>\n\t<meta property=\"og:image:width\" content=\"500\" \/>\n\t<meta property=\"og:image:height\" content=\"500\" \/>\n\t<meta property=\"og:image:type\" content=\"image\/jpeg\" \/>\n<meta name=\"twitter:card\" content=\"summary_large_image\" \/>\n<meta name=\"twitter:label1\" content=\"Gesch\u00e4tzte Lesezeit\" \/>\n\t<meta name=\"twitter:data1\" content=\"1\u00a0Minute\" \/>\n<script type=\"application\/ld+json\" class=\"yoast-schema-graph\">{\"@context\":\"https:\\\/\\\/schema.org\",\"@graph\":[{\"@type\":\"WebPage\",\"@id\":\"https:\\\/\\\/marktxxl.de\\\/markt\\\/produkt\\\/keeeper-mickey-tritthocker-ab-ca-3-bis-ca-14-jahre-anti-rutsch-funktion-tomek-blau\\\/\",\"url\":\"https:\\\/\\\/marktxxl.de\\\/markt\\\/produkt\\\/keeeper-mickey-tritthocker-ab-ca-3-bis-ca-14-jahre-anti-rutsch-funktion-tomek-blau\\\/\",\"name\":\"keeeper Mickey Tritthocker, Ab ca. 3 bis ca. 14 Jahre, Anti-Rutsch-Funktion, Tomek, Blau - Markt-XXL\",\"isPartOf\":{\"@id\":\"https:\\\/\\\/marktxxl.de\\\/markt\\\/#website\"},\"primaryImageOfPage\":{\"@id\":\"https:\\\/\\\/marktxxl.de\\\/markt\\\/produkt\\\/keeeper-mickey-tritthocker-ab-ca-3-bis-ca-14-jahre-anti-rutsch-funktion-tomek-blau\\\/#primaryimage\"},\"image\":{\"@id\":\"https:\\\/\\\/marktxxl.de\\\/markt\\\/produkt\\\/keeeper-mickey-tritthocker-ab-ca-3-bis-ca-14-jahre-anti-rutsch-funktion-tomek-blau\\\/#primaryimage\"},\"thumbnailUrl\":\"https:\\\/\\\/m.media-amazon.com\\\/images\\\/I\\\/41nAlNTDQjL._SL500_.jpg\",\"datePublished\":\"2022-10-11T21:01:02+00:00\",\"dateModified\":\"2023-04-11T02:37:36+00:00\",\"description\":\"Markt-XXL keeeper Mickey Tritthocker, Ab ca. 3 bis ca. 14 Jahre, Anti-Rutsch-Funktion, Tomek, Blau\",\"breadcrumb\":{\"@id\":\"https:\\\/\\\/marktxxl.de\\\/markt\\\/produkt\\\/keeeper-mickey-tritthocker-ab-ca-3-bis-ca-14-jahre-anti-rutsch-funktion-tomek-blau\\\/#breadcrumb\"},\"inLanguage\":\"de\",\"potentialAction\":[{\"@type\":\"ReadAction\",\"target\":[\"https:\\\/\\\/marktxxl.de\\\/markt\\\/produkt\\\/keeeper-mickey-tritthocker-ab-ca-3-bis-ca-14-jahre-anti-rutsch-funktion-tomek-blau\\\/\"]}]},{\"@type\":\"ImageObject\",\"inLanguage\":\"de\",\"@id\":\"https:\\\/\\\/marktxxl.de\\\/markt\\\/produkt\\\/keeeper-mickey-tritthocker-ab-ca-3-bis-ca-14-jahre-anti-rutsch-funktion-tomek-blau\\\/#primaryimage\",\"url\":\"https:\\\/\\\/m.media-amazon.com\\\/images\\\/I\\\/41nAlNTDQjL._SL500_.jpg\",\"contentUrl\":\"https:\\\/\\\/m.media-amazon.com\\\/images\\\/I\\\/41nAlNTDQjL._SL500_.jpg\",\"width\":500,\"height\":500},{\"@type\":\"BreadcrumbList\",\"@id\":\"https:\\\/\\\/marktxxl.de\\\/markt\\\/produkt\\\/keeeper-mickey-tritthocker-ab-ca-3-bis-ca-14-jahre-anti-rutsch-funktion-tomek-blau\\\/#breadcrumb\",\"itemListElement\":[{\"@type\":\"ListItem\",\"position\":1,\"name\":\"Startseite\",\"item\":\"https:\\\/\\\/marktxxl.de\\\/markt\\\/\"},{\"@type\":\"ListItem\",\"position\":2,\"name\":\"Markt\",\"item\":\"https:\\\/\\\/marktxxl.de\\\/markt\\\/\"},{\"@type\":\"ListItem\",\"position\":3,\"name\":\"keeeper Mickey Tritthocker, Ab ca. 3 bis ca. 14 Jahre, Anti-Rutsch-Funktion, Tomek, Blau\"}]},{\"@type\":\"WebSite\",\"@id\":\"https:\\\/\\\/marktxxl.de\\\/markt\\\/#website\",\"url\":\"https:\\\/\\\/marktxxl.de\\\/markt\\\/\",\"name\":\"Markt-XXL\",\"description\":\"Ihr Markt Online\",\"publisher\":{\"@id\":\"https:\\\/\\\/marktxxl.de\\\/markt\\\/#organization\"},\"potentialAction\":[{\"@type\":\"SearchAction\",\"target\":{\"@type\":\"EntryPoint\",\"urlTemplate\":\"https:\\\/\\\/marktxxl.de\\\/markt\\\/?s={search_term_string}\"},\"query-input\":{\"@type\":\"PropertyValueSpecification\",\"valueRequired\":true,\"valueName\":\"search_term_string\"}}],\"inLanguage\":\"de\"},{\"@type\":\"Organization\",\"@id\":\"https:\\\/\\\/marktxxl.de\\\/markt\\\/#organization\",\"name\":\"Markt-XXL\",\"url\":\"https:\\\/\\\/marktxxl.de\\\/markt\\\/\",\"logo\":{\"@type\":\"ImageObject\",\"inLanguage\":\"de\",\"@id\":\"https:\\\/\\\/marktxxl.de\\\/markt\\\/#\\\/schema\\\/logo\\\/image\\\/\",\"url\":\"https:\\\/\\\/marktxxl.de\\\/markt\\\/wp-content\\\/uploads\\\/sites\\\/3\\\/2020\\\/12\\\/logo.png\",\"contentUrl\":\"https:\\\/\\\/marktxxl.de\\\/markt\\\/wp-content\\\/uploads\\\/sites\\\/3\\\/2020\\\/12\\\/logo.png\",\"width\":200,\"height\":70,\"caption\":\"Markt-XXL\"},\"image\":{\"@id\":\"https:\\\/\\\/marktxxl.de\\\/markt\\\/#\\\/schema\\\/logo\\\/image\\\/\"}}]}<\/script>\n<!-- \/ Yoast SEO plugin. -->","yoast_head_json":{"title":"keeeper Mickey Tritthocker, Ab ca. 3 bis ca. 14 Jahre, Anti-Rutsch-Funktion, Tomek, Blau - Markt-XXL","description":"Markt-XXL keeeper Mickey Tritthocker, Ab ca. 3 bis ca. 14 Jahre, Anti-Rutsch-Funktion, Tomek, Blau","robots":{"index":"index","follow":"follow","max-snippet":"max-snippet:-1","max-image-preview":"max-image-preview:large","max-video-preview":"max-video-preview:-1"},"canonical":"https:\/\/marktxxl.de\/markt\/produkt\/keeeper-mickey-tritthocker-ab-ca-3-bis-ca-14-jahre-anti-rutsch-funktion-tomek-blau\/","og_locale":"de_DE","og_type":"article","og_title":"keeeper Mickey Tritthocker, Ab ca. 3 bis ca. 14 Jahre, Anti-Rutsch-Funktion, Tomek, Blau - Markt-XXL","og_description":"Markt-XXL keeeper Mickey Tritthocker, Ab ca. 3 bis ca. 14 Jahre, Anti-Rutsch-Funktion, Tomek, Blau","og_url":"https:\/\/marktxxl.de\/markt\/produkt\/keeeper-mickey-tritthocker-ab-ca-3-bis-ca-14-jahre-anti-rutsch-funktion-tomek-blau\/","og_site_name":"Markt-XXL","article_modified_time":"2023-04-11T02:37:36+00:00","og_image":[{"width":500,"height":500,"url":"https:\/\/m.media-amazon.com\/images\/I\/41nAlNTDQjL._SL500_.jpg","type":"image\/jpeg"}],"twitter_card":"summary_large_image","twitter_misc":{"Gesch\u00e4tzte Lesezeit":"1\u00a0Minute"},"schema":{"@context":"https:\/\/schema.org","@graph":[{"@type":"WebPage","@id":"https:\/\/marktxxl.de\/markt\/produkt\/keeeper-mickey-tritthocker-ab-ca-3-bis-ca-14-jahre-anti-rutsch-funktion-tomek-blau\/","url":"https:\/\/marktxxl.de\/markt\/produkt\/keeeper-mickey-tritthocker-ab-ca-3-bis-ca-14-jahre-anti-rutsch-funktion-tomek-blau\/","name":"keeeper Mickey Tritthocker, Ab ca. 3 bis ca. 14 Jahre, Anti-Rutsch-Funktion, Tomek, Blau - Markt-XXL","isPartOf":{"@id":"https:\/\/marktxxl.de\/markt\/#website"},"primaryImageOfPage":{"@id":"https:\/\/marktxxl.de\/markt\/produkt\/keeeper-mickey-tritthocker-ab-ca-3-bis-ca-14-jahre-anti-rutsch-funktion-tomek-blau\/#primaryimage"},"image":{"@id":"https:\/\/marktxxl.de\/markt\/produkt\/keeeper-mickey-tritthocker-ab-ca-3-bis-ca-14-jahre-anti-rutsch-funktion-tomek-blau\/#primaryimage"},"thumbnailUrl":"https:\/\/m.media-amazon.com\/images\/I\/41nAlNTDQjL._SL500_.jpg","datePublished":"2022-10-11T21:01:02+00:00","dateModified":"2023-04-11T02:37:36+00:00","description":"Markt-XXL keeeper Mickey Tritthocker, Ab ca. 3 bis ca. 14 Jahre, Anti-Rutsch-Funktion, Tomek, Blau","breadcrumb":{"@id":"https:\/\/marktxxl.de\/markt\/produkt\/keeeper-mickey-tritthocker-ab-ca-3-bis-ca-14-jahre-anti-rutsch-funktion-tomek-blau\/#breadcrumb"},"inLanguage":"de","potentialAction":[{"@type":"ReadAction","target":["https:\/\/marktxxl.de\/markt\/produkt\/keeeper-mickey-tritthocker-ab-ca-3-bis-ca-14-jahre-anti-rutsch-funktion-tomek-blau\/"]}]},{"@type":"ImageObject","inLanguage":"de","@id":"https:\/\/marktxxl.de\/markt\/produkt\/keeeper-mickey-tritthocker-ab-ca-3-bis-ca-14-jahre-anti-rutsch-funktion-tomek-blau\/#primaryimage","url":"https:\/\/m.media-amazon.com\/images\/I\/41nAlNTDQjL._SL500_.jpg","contentUrl":"https:\/\/m.media-amazon.com\/images\/I\/41nAlNTDQjL._SL500_.jpg","width":500,"height":500},{"@type":"BreadcrumbList","@id":"https:\/\/marktxxl.de\/markt\/produkt\/keeeper-mickey-tritthocker-ab-ca-3-bis-ca-14-jahre-anti-rutsch-funktion-tomek-blau\/#breadcrumb","itemListElement":[{"@type":"ListItem","position":1,"name":"Startseite","item":"https:\/\/marktxxl.de\/markt\/"},{"@type":"ListItem","position":2,"name":"Markt","item":"https:\/\/marktxxl.de\/markt\/"},{"@type":"ListItem","position":3,"name":"keeeper Mickey Tritthocker, Ab ca. 3 bis ca. 14 Jahre, Anti-Rutsch-Funktion, Tomek, Blau"}]},{"@type":"WebSite","@id":"https:\/\/marktxxl.de\/markt\/#website","url":"https:\/\/marktxxl.de\/markt\/","name":"Markt-XXL","description":"Ihr Markt Online","publisher":{"@id":"https:\/\/marktxxl.de\/markt\/#organization"},"potentialAction":[{"@type":"SearchAction","target":{"@type":"EntryPoint","urlTemplate":"https:\/\/marktxxl.de\/markt\/?s={search_term_string}"},"query-input":{"@type":"PropertyValueSpecification","valueRequired":true,"valueName":"search_term_string"}}],"inLanguage":"de"},{"@type":"Organization","@id":"https:\/\/marktxxl.de\/markt\/#organization","name":"Markt-XXL","url":"https:\/\/marktxxl.de\/markt\/","logo":{"@type":"ImageObject","inLanguage":"de","@id":"https:\/\/marktxxl.de\/markt\/#\/schema\/logo\/image\/","url":"https:\/\/marktxxl.de\/markt\/wp-content\/uploads\/sites\/3\/2020\/12\/logo.png","contentUrl":"https:\/\/marktxxl.de\/markt\/wp-content\/uploads\/sites\/3\/2020\/12\/logo.png","width":200,"height":70,"caption":"Markt-XXL"},"image":{"@id":"https:\/\/marktxxl.de\/markt\/#\/schema\/logo\/image\/"}}]}},"_links":{"self":[{"href":"https:\/\/marktxxl.de\/markt\/wp-json\/wp\/v2\/product\/156193","targetHints":{"allow":["GET"]}}],"collection":[{"href":"https:\/\/marktxxl.de\/markt\/wp-json\/wp\/v2\/product"}],"about":[{"href":"https:\/\/marktxxl.de\/markt\/wp-json\/wp\/v2\/types\/product"}],"replies":[{"embeddable":true,"href":"https:\/\/marktxxl.de\/markt\/wp-json\/wp\/v2\/comments?post=156193"}],"wp:featuredmedia":[{"embeddable":true,"href":"https:\/\/marktxxl.de\/markt\/wp-json\/wp\/v2\/media\/156194"}],"wp:attachment":[{"href":"https:\/\/marktxxl.de\/markt\/wp-json\/wp\/v2\/media?parent=156193"}],"wp:term":[{"taxonomy":"product_brand","embeddable":true,"href":"https:\/\/marktxxl.de\/markt\/wp-json\/wp\/v2\/product_brand?post=156193"},{"taxonomy":"product_cat","embeddable":true,"href":"https:\/\/marktxxl.de\/markt\/wp-json\/wp\/v2\/product_cat?post=156193"},{"taxonomy":"product_tag","embeddable":true,"href":"https:\/\/marktxxl.de\/markt\/wp-json\/wp\/v2\/product_tag?post=156193"}],"curies":[{"name":"wp","href":"https:\/\/api.w.org\/{rel}","templated":true}]}}