{"id":156169,"date":"2022-10-11T22:56:51","date_gmt":"2022-10-11T20:56:51","guid":{"rendered":"https:\/\/marktxxl.de\/markt\/produkt\/mam-original-silikon-schnuller-im-2er-set-zahnfreundlicher-schnuller-baby-schnuller-aus-speziellem-mam-skinsoft-silikon-mit-schnullerbox-6-monate-i-love-mummy\/"},"modified":"2023-04-11T04:37:35","modified_gmt":"2023-04-11T02:37:35","slug":"mam-original-silikon-schnuller-im-2er-set-zahnfreundlicher-schnuller-baby-schnuller-aus-speziellem-mam-skinsoft-silikon-mit-schnullerbox-6-monate-i-love-mummy","status":"publish","type":"product","link":"https:\/\/marktxxl.de\/markt\/produkt\/mam-original-silikon-schnuller-im-2er-set-zahnfreundlicher-schnuller-baby-schnuller-aus-speziellem-mam-skinsoft-silikon-mit-schnullerbox-6-monate-i-love-mummy\/","title":{"rendered":"MAM Original Silikon Schnuller im 2er-Set, zahnfreundlicher Schnuller, Baby Schnuller aus speziellem MAM SkinSoft\u2026"},"content":{"rendered":"<p>Besonderes Design \u2013 Die Schnuller der \u201eI love Mummy\u201c-Kollektion mit den liebevoll gestalteten Motiven werden schnell zum Lieblingsschnuller und sind das ideale Baby Geschenk<br \/>\nZahnfreundlicher Schnuller \u2013 Mit dem schmalen, symmetrischen Saugerhals ist der MAM Original besonders zahnfreundlich und liegt immer richtig herum in Babys Mund<br \/>\nExtra sanft \u2013 Der Sauger aus SkinSoft Silikon f\u00fchlt sich unvergleichlich weich &amp; vertraut in Babys Mund an und wird so besonders gut akzeptiert. Eine Bereicherung f\u00fcr jede Baby Ausstattung<br \/>\nHautfreundliche Form \u2013 Dank gro\u00dfz\u00fcgiger Luftl\u00f6cher und abgerundetem Schild ist der Silikonschnuller sehr sanft zu empfindlicher Babyhaut. Reibungen und Abdr\u00fccken wird vorgebeugt<br \/>\nEinfache Handhabung \u2013 In der Sterilisier- und Transportbox kann der MAM Schnuller einfach und zeitsparend ohne Zusatzger\u00e4t in der Mikrowelle sterilisiert werden<br \/>\n<div class=\"main-cross-sell\" data-asin=\"B00CJC3XGK\">\n\n\t<div class=\"WooZone-cross-sell-loader\">\n\t\t<div>\n\t\t\t<div id=\"floatingBarsG\">\n\t\t\t\t<div class=\"blockG\" id=\"rotateG_01\"><\/div>\n\t\t\t\t<div class=\"blockG\" id=\"rotateG_02\"><\/div>\n\t\t\t\t<div class=\"blockG\" id=\"rotateG_03\"><\/div>\n\t\t\t\t<div class=\"blockG\" id=\"rotateG_04\"><\/div>\n\t\t\t\t<div class=\"blockG\" id=\"rotateG_05\"><\/div>\n\t\t\t\t<div class=\"blockG\" id=\"rotateG_06\"><\/div>\n\t\t\t\t<div class=\"blockG\" id=\"rotateG_07\"><\/div>\n\t\t\t\t<div class=\"blockG\" id=\"rotateG_08\"><\/div>\n\t\t\t<\/div>\n\t\t\t<div class=\"WooZone-cross-sell-loader-text\"><\/div>\n\t\t<\/div>\n\t<\/div>\n\n\t\t\n<\/div>\n<div style=\"clear:both;\"><\/div><\/p>\n","protected":false},"excerpt":{"rendered":"<p>Besonderes Design \u2013 Die Schnuller der \u201eI love Mummy\u201c-Kollektion mit den liebevoll gestalteten Motiven werden schnell zum Lieblingsschnuller und sind das ideale Baby Geschenk<br \/>\nZahnfreundlicher Schnuller \u2013 Mit dem schmalen, symmetrischen Saugerhals ist der MAM Original besonders zahnfreundlich und liegt immer richtig herum in Babys Mund<br \/>\nExtra sanft \u2013 Der Sauger aus SkinSoft Silikon f\u00fchlt sich unvergleichlich weich &amp; vertraut in Babys Mund an und wird so besonders gut akzeptiert. Eine Bereicherung f\u00fcr jede Baby Ausstattung<\/p>\n","protected":false},"featured_media":156170,"comment_status":"open","ping_status":"closed","template":"","meta":[],"product_brand":[],"product_cat":[21,9329],"product_tag":[],"class_list":{"0":"post-156169","1":"product","2":"type-product","3":"status-publish","4":"has-post-thumbnail","6":"product_cat-baby","7":"product_cat-kinderwagen-buggys-zubehoer-baby","8":"pa_binding-babyartikel","9":"pa_brand-mam","10":"pa_color-blau-i-love-mummy","11":"pa_height-5-7086614115-zoll","12":"pa_languages-uebersetzung-spanisch-handbuch-italienisch-handbuch-deutsch-handbuch-franzoesisch-handbuch-englisch-handbuch-spanisch","13":"pa_length-1-8503936989-zoll","14":"pa_manufacturer-mam-babyartikel-gmbh","15":"pa_model-42647","16":"pa_size-2-stueck-1er-pack","17":"pa_weight-0-0891108463004-pfund","18":"pa_width-2-7165354303-zoll","20":"first","21":"instock","22":"shipping-taxable","23":"purchasable","24":"product-type-simple","25":"customify-col","26":"product-has-gallery"},"yoast_head":"<!-- This site is optimized with the Yoast SEO plugin v27.4 - https:\/\/yoast.com\/product\/yoast-seo-wordpress\/ -->\n<title>MAM Original Silikon Schnuller im 2er-Set, zahnfreundlicher Schnuller, Baby Schnuller aus speziellem MAM SkinSoft\u2026 - Markt-XXL<\/title>\n<meta name=\"description\" content=\"Markt-XXL MAM Original Silikon Schnuller im 2er-Set, zahnfreundlicher Schnuller, Baby Schnuller aus speziellem MAM SkinSoft\u2026\" \/>\n<meta name=\"robots\" content=\"index, follow, max-snippet:-1, max-image-preview:large, max-video-preview:-1\" \/>\n<link rel=\"canonical\" href=\"https:\/\/marktxxl.de\/markt\/produkt\/mam-original-silikon-schnuller-im-2er-set-zahnfreundlicher-schnuller-baby-schnuller-aus-speziellem-mam-skinsoft-silikon-mit-schnullerbox-6-monate-i-love-mummy\/\" \/>\n<meta property=\"og:locale\" content=\"de_DE\" \/>\n<meta property=\"og:type\" content=\"article\" \/>\n<meta property=\"og:title\" content=\"MAM Original Silikon Schnuller im 2er-Set, zahnfreundlicher Schnuller, Baby Schnuller aus speziellem MAM SkinSoft\u2026 - Markt-XXL\" \/>\n<meta property=\"og:description\" content=\"Markt-XXL MAM Original Silikon Schnuller im 2er-Set, zahnfreundlicher Schnuller, Baby Schnuller aus speziellem MAM SkinSoft\u2026\" \/>\n<meta property=\"og:url\" content=\"https:\/\/marktxxl.de\/markt\/produkt\/mam-original-silikon-schnuller-im-2er-set-zahnfreundlicher-schnuller-baby-schnuller-aus-speziellem-mam-skinsoft-silikon-mit-schnullerbox-6-monate-i-love-mummy\/\" \/>\n<meta property=\"og:site_name\" content=\"Markt-XXL\" \/>\n<meta property=\"article:modified_time\" content=\"2023-04-11T02:37:35+00:00\" \/>\n<meta property=\"og:image\" content=\"https:\/\/m.media-amazon.com\/images\/I\/41Q1ypQ+zgL._SL500_.jpg\" \/>\n\t<meta property=\"og:image:width\" content=\"500\" \/>\n\t<meta property=\"og:image:height\" content=\"500\" \/>\n\t<meta property=\"og:image:type\" content=\"image\/jpeg\" \/>\n<meta name=\"twitter:card\" content=\"summary_large_image\" \/>\n<meta name=\"twitter:label1\" content=\"Gesch\u00e4tzte Lesezeit\" \/>\n\t<meta name=\"twitter:data1\" content=\"1\u00a0Minute\" \/>\n<script type=\"application\/ld+json\" class=\"yoast-schema-graph\">{\"@context\":\"https:\\\/\\\/schema.org\",\"@graph\":[{\"@type\":\"WebPage\",\"@id\":\"https:\\\/\\\/marktxxl.de\\\/markt\\\/produkt\\\/mam-original-silikon-schnuller-im-2er-set-zahnfreundlicher-schnuller-baby-schnuller-aus-speziellem-mam-skinsoft-silikon-mit-schnullerbox-6-monate-i-love-mummy\\\/\",\"url\":\"https:\\\/\\\/marktxxl.de\\\/markt\\\/produkt\\\/mam-original-silikon-schnuller-im-2er-set-zahnfreundlicher-schnuller-baby-schnuller-aus-speziellem-mam-skinsoft-silikon-mit-schnullerbox-6-monate-i-love-mummy\\\/\",\"name\":\"MAM Original Silikon Schnuller im 2er-Set, zahnfreundlicher Schnuller, Baby Schnuller aus speziellem MAM SkinSoft\u2026 - Markt-XXL\",\"isPartOf\":{\"@id\":\"https:\\\/\\\/marktxxl.de\\\/markt\\\/#website\"},\"primaryImageOfPage\":{\"@id\":\"https:\\\/\\\/marktxxl.de\\\/markt\\\/produkt\\\/mam-original-silikon-schnuller-im-2er-set-zahnfreundlicher-schnuller-baby-schnuller-aus-speziellem-mam-skinsoft-silikon-mit-schnullerbox-6-monate-i-love-mummy\\\/#primaryimage\"},\"image\":{\"@id\":\"https:\\\/\\\/marktxxl.de\\\/markt\\\/produkt\\\/mam-original-silikon-schnuller-im-2er-set-zahnfreundlicher-schnuller-baby-schnuller-aus-speziellem-mam-skinsoft-silikon-mit-schnullerbox-6-monate-i-love-mummy\\\/#primaryimage\"},\"thumbnailUrl\":\"https:\\\/\\\/m.media-amazon.com\\\/images\\\/I\\\/41Q1ypQ+zgL._SL500_.jpg\",\"datePublished\":\"2022-10-11T20:56:51+00:00\",\"dateModified\":\"2023-04-11T02:37:35+00:00\",\"description\":\"Markt-XXL MAM Original Silikon Schnuller im 2er-Set, zahnfreundlicher Schnuller, Baby Schnuller aus speziellem MAM SkinSoft\u2026\",\"breadcrumb\":{\"@id\":\"https:\\\/\\\/marktxxl.de\\\/markt\\\/produkt\\\/mam-original-silikon-schnuller-im-2er-set-zahnfreundlicher-schnuller-baby-schnuller-aus-speziellem-mam-skinsoft-silikon-mit-schnullerbox-6-monate-i-love-mummy\\\/#breadcrumb\"},\"inLanguage\":\"de\",\"potentialAction\":[{\"@type\":\"ReadAction\",\"target\":[\"https:\\\/\\\/marktxxl.de\\\/markt\\\/produkt\\\/mam-original-silikon-schnuller-im-2er-set-zahnfreundlicher-schnuller-baby-schnuller-aus-speziellem-mam-skinsoft-silikon-mit-schnullerbox-6-monate-i-love-mummy\\\/\"]}]},{\"@type\":\"ImageObject\",\"inLanguage\":\"de\",\"@id\":\"https:\\\/\\\/marktxxl.de\\\/markt\\\/produkt\\\/mam-original-silikon-schnuller-im-2er-set-zahnfreundlicher-schnuller-baby-schnuller-aus-speziellem-mam-skinsoft-silikon-mit-schnullerbox-6-monate-i-love-mummy\\\/#primaryimage\",\"url\":\"https:\\\/\\\/m.media-amazon.com\\\/images\\\/I\\\/41Q1ypQ+zgL._SL500_.jpg\",\"contentUrl\":\"https:\\\/\\\/m.media-amazon.com\\\/images\\\/I\\\/41Q1ypQ+zgL._SL500_.jpg\",\"width\":500,\"height\":500},{\"@type\":\"BreadcrumbList\",\"@id\":\"https:\\\/\\\/marktxxl.de\\\/markt\\\/produkt\\\/mam-original-silikon-schnuller-im-2er-set-zahnfreundlicher-schnuller-baby-schnuller-aus-speziellem-mam-skinsoft-silikon-mit-schnullerbox-6-monate-i-love-mummy\\\/#breadcrumb\",\"itemListElement\":[{\"@type\":\"ListItem\",\"position\":1,\"name\":\"Startseite\",\"item\":\"https:\\\/\\\/marktxxl.de\\\/markt\\\/\"},{\"@type\":\"ListItem\",\"position\":2,\"name\":\"Markt\",\"item\":\"https:\\\/\\\/marktxxl.de\\\/markt\\\/\"},{\"@type\":\"ListItem\",\"position\":3,\"name\":\"MAM Original Silikon Schnuller im 2er-Set, zahnfreundlicher Schnuller, Baby Schnuller aus speziellem MAM SkinSoft\u2026\"}]},{\"@type\":\"WebSite\",\"@id\":\"https:\\\/\\\/marktxxl.de\\\/markt\\\/#website\",\"url\":\"https:\\\/\\\/marktxxl.de\\\/markt\\\/\",\"name\":\"Markt-XXL\",\"description\":\"Ihr Markt Online\",\"publisher\":{\"@id\":\"https:\\\/\\\/marktxxl.de\\\/markt\\\/#organization\"},\"potentialAction\":[{\"@type\":\"SearchAction\",\"target\":{\"@type\":\"EntryPoint\",\"urlTemplate\":\"https:\\\/\\\/marktxxl.de\\\/markt\\\/?s={search_term_string}\"},\"query-input\":{\"@type\":\"PropertyValueSpecification\",\"valueRequired\":true,\"valueName\":\"search_term_string\"}}],\"inLanguage\":\"de\"},{\"@type\":\"Organization\",\"@id\":\"https:\\\/\\\/marktxxl.de\\\/markt\\\/#organization\",\"name\":\"Markt-XXL\",\"url\":\"https:\\\/\\\/marktxxl.de\\\/markt\\\/\",\"logo\":{\"@type\":\"ImageObject\",\"inLanguage\":\"de\",\"@id\":\"https:\\\/\\\/marktxxl.de\\\/markt\\\/#\\\/schema\\\/logo\\\/image\\\/\",\"url\":\"https:\\\/\\\/marktxxl.de\\\/markt\\\/wp-content\\\/uploads\\\/sites\\\/3\\\/2020\\\/12\\\/logo.png\",\"contentUrl\":\"https:\\\/\\\/marktxxl.de\\\/markt\\\/wp-content\\\/uploads\\\/sites\\\/3\\\/2020\\\/12\\\/logo.png\",\"width\":200,\"height\":70,\"caption\":\"Markt-XXL\"},\"image\":{\"@id\":\"https:\\\/\\\/marktxxl.de\\\/markt\\\/#\\\/schema\\\/logo\\\/image\\\/\"}}]}<\/script>\n<!-- \/ Yoast SEO plugin. -->","yoast_head_json":{"title":"MAM Original Silikon Schnuller im 2er-Set, zahnfreundlicher Schnuller, Baby Schnuller aus speziellem MAM SkinSoft\u2026 - Markt-XXL","description":"Markt-XXL MAM Original Silikon Schnuller im 2er-Set, zahnfreundlicher Schnuller, Baby Schnuller aus speziellem MAM SkinSoft\u2026","robots":{"index":"index","follow":"follow","max-snippet":"max-snippet:-1","max-image-preview":"max-image-preview:large","max-video-preview":"max-video-preview:-1"},"canonical":"https:\/\/marktxxl.de\/markt\/produkt\/mam-original-silikon-schnuller-im-2er-set-zahnfreundlicher-schnuller-baby-schnuller-aus-speziellem-mam-skinsoft-silikon-mit-schnullerbox-6-monate-i-love-mummy\/","og_locale":"de_DE","og_type":"article","og_title":"MAM Original Silikon Schnuller im 2er-Set, zahnfreundlicher Schnuller, Baby Schnuller aus speziellem MAM SkinSoft\u2026 - Markt-XXL","og_description":"Markt-XXL MAM Original Silikon Schnuller im 2er-Set, zahnfreundlicher Schnuller, Baby Schnuller aus speziellem MAM SkinSoft\u2026","og_url":"https:\/\/marktxxl.de\/markt\/produkt\/mam-original-silikon-schnuller-im-2er-set-zahnfreundlicher-schnuller-baby-schnuller-aus-speziellem-mam-skinsoft-silikon-mit-schnullerbox-6-monate-i-love-mummy\/","og_site_name":"Markt-XXL","article_modified_time":"2023-04-11T02:37:35+00:00","og_image":[{"width":500,"height":500,"url":"https:\/\/m.media-amazon.com\/images\/I\/41Q1ypQ+zgL._SL500_.jpg","type":"image\/jpeg"}],"twitter_card":"summary_large_image","twitter_misc":{"Gesch\u00e4tzte Lesezeit":"1\u00a0Minute"},"schema":{"@context":"https:\/\/schema.org","@graph":[{"@type":"WebPage","@id":"https:\/\/marktxxl.de\/markt\/produkt\/mam-original-silikon-schnuller-im-2er-set-zahnfreundlicher-schnuller-baby-schnuller-aus-speziellem-mam-skinsoft-silikon-mit-schnullerbox-6-monate-i-love-mummy\/","url":"https:\/\/marktxxl.de\/markt\/produkt\/mam-original-silikon-schnuller-im-2er-set-zahnfreundlicher-schnuller-baby-schnuller-aus-speziellem-mam-skinsoft-silikon-mit-schnullerbox-6-monate-i-love-mummy\/","name":"MAM Original Silikon Schnuller im 2er-Set, zahnfreundlicher Schnuller, Baby Schnuller aus speziellem MAM SkinSoft\u2026 - Markt-XXL","isPartOf":{"@id":"https:\/\/marktxxl.de\/markt\/#website"},"primaryImageOfPage":{"@id":"https:\/\/marktxxl.de\/markt\/produkt\/mam-original-silikon-schnuller-im-2er-set-zahnfreundlicher-schnuller-baby-schnuller-aus-speziellem-mam-skinsoft-silikon-mit-schnullerbox-6-monate-i-love-mummy\/#primaryimage"},"image":{"@id":"https:\/\/marktxxl.de\/markt\/produkt\/mam-original-silikon-schnuller-im-2er-set-zahnfreundlicher-schnuller-baby-schnuller-aus-speziellem-mam-skinsoft-silikon-mit-schnullerbox-6-monate-i-love-mummy\/#primaryimage"},"thumbnailUrl":"https:\/\/m.media-amazon.com\/images\/I\/41Q1ypQ+zgL._SL500_.jpg","datePublished":"2022-10-11T20:56:51+00:00","dateModified":"2023-04-11T02:37:35+00:00","description":"Markt-XXL MAM Original Silikon Schnuller im 2er-Set, zahnfreundlicher Schnuller, Baby Schnuller aus speziellem MAM SkinSoft\u2026","breadcrumb":{"@id":"https:\/\/marktxxl.de\/markt\/produkt\/mam-original-silikon-schnuller-im-2er-set-zahnfreundlicher-schnuller-baby-schnuller-aus-speziellem-mam-skinsoft-silikon-mit-schnullerbox-6-monate-i-love-mummy\/#breadcrumb"},"inLanguage":"de","potentialAction":[{"@type":"ReadAction","target":["https:\/\/marktxxl.de\/markt\/produkt\/mam-original-silikon-schnuller-im-2er-set-zahnfreundlicher-schnuller-baby-schnuller-aus-speziellem-mam-skinsoft-silikon-mit-schnullerbox-6-monate-i-love-mummy\/"]}]},{"@type":"ImageObject","inLanguage":"de","@id":"https:\/\/marktxxl.de\/markt\/produkt\/mam-original-silikon-schnuller-im-2er-set-zahnfreundlicher-schnuller-baby-schnuller-aus-speziellem-mam-skinsoft-silikon-mit-schnullerbox-6-monate-i-love-mummy\/#primaryimage","url":"https:\/\/m.media-amazon.com\/images\/I\/41Q1ypQ+zgL._SL500_.jpg","contentUrl":"https:\/\/m.media-amazon.com\/images\/I\/41Q1ypQ+zgL._SL500_.jpg","width":500,"height":500},{"@type":"BreadcrumbList","@id":"https:\/\/marktxxl.de\/markt\/produkt\/mam-original-silikon-schnuller-im-2er-set-zahnfreundlicher-schnuller-baby-schnuller-aus-speziellem-mam-skinsoft-silikon-mit-schnullerbox-6-monate-i-love-mummy\/#breadcrumb","itemListElement":[{"@type":"ListItem","position":1,"name":"Startseite","item":"https:\/\/marktxxl.de\/markt\/"},{"@type":"ListItem","position":2,"name":"Markt","item":"https:\/\/marktxxl.de\/markt\/"},{"@type":"ListItem","position":3,"name":"MAM Original Silikon Schnuller im 2er-Set, zahnfreundlicher Schnuller, Baby Schnuller aus speziellem MAM SkinSoft\u2026"}]},{"@type":"WebSite","@id":"https:\/\/marktxxl.de\/markt\/#website","url":"https:\/\/marktxxl.de\/markt\/","name":"Markt-XXL","description":"Ihr Markt Online","publisher":{"@id":"https:\/\/marktxxl.de\/markt\/#organization"},"potentialAction":[{"@type":"SearchAction","target":{"@type":"EntryPoint","urlTemplate":"https:\/\/marktxxl.de\/markt\/?s={search_term_string}"},"query-input":{"@type":"PropertyValueSpecification","valueRequired":true,"valueName":"search_term_string"}}],"inLanguage":"de"},{"@type":"Organization","@id":"https:\/\/marktxxl.de\/markt\/#organization","name":"Markt-XXL","url":"https:\/\/marktxxl.de\/markt\/","logo":{"@type":"ImageObject","inLanguage":"de","@id":"https:\/\/marktxxl.de\/markt\/#\/schema\/logo\/image\/","url":"https:\/\/marktxxl.de\/markt\/wp-content\/uploads\/sites\/3\/2020\/12\/logo.png","contentUrl":"https:\/\/marktxxl.de\/markt\/wp-content\/uploads\/sites\/3\/2020\/12\/logo.png","width":200,"height":70,"caption":"Markt-XXL"},"image":{"@id":"https:\/\/marktxxl.de\/markt\/#\/schema\/logo\/image\/"}}]}},"_links":{"self":[{"href":"https:\/\/marktxxl.de\/markt\/wp-json\/wp\/v2\/product\/156169","targetHints":{"allow":["GET"]}}],"collection":[{"href":"https:\/\/marktxxl.de\/markt\/wp-json\/wp\/v2\/product"}],"about":[{"href":"https:\/\/marktxxl.de\/markt\/wp-json\/wp\/v2\/types\/product"}],"replies":[{"embeddable":true,"href":"https:\/\/marktxxl.de\/markt\/wp-json\/wp\/v2\/comments?post=156169"}],"wp:featuredmedia":[{"embeddable":true,"href":"https:\/\/marktxxl.de\/markt\/wp-json\/wp\/v2\/media\/156170"}],"wp:attachment":[{"href":"https:\/\/marktxxl.de\/markt\/wp-json\/wp\/v2\/media?parent=156169"}],"wp:term":[{"taxonomy":"product_brand","embeddable":true,"href":"https:\/\/marktxxl.de\/markt\/wp-json\/wp\/v2\/product_brand?post=156169"},{"taxonomy":"product_cat","embeddable":true,"href":"https:\/\/marktxxl.de\/markt\/wp-json\/wp\/v2\/product_cat?post=156169"},{"taxonomy":"product_tag","embeddable":true,"href":"https:\/\/marktxxl.de\/markt\/wp-json\/wp\/v2\/product_tag?post=156169"}],"curies":[{"name":"wp","href":"https:\/\/api.w.org\/{rel}","templated":true}]}}