{"id":156093,"date":"2022-10-11T22:34:52","date_gmt":"2022-10-11T20:34:52","guid":{"rendered":"https:\/\/marktxxl.de\/markt\/produkt\/alihoo-kinderwagen-handwaermer-1-paar-kinderwagen-handmuff-warme-handschuhe-fuer-eltern-betreuer-kutsche-handmuffs-kinderwagenbuggy\/"},"modified":"2023-04-11T04:37:34","modified_gmt":"2023-04-11T02:37:34","slug":"alihoo-kinderwagen-handwaermer-1-paar-kinderwagen-handmuff-warme-handschuhe-fuer-eltern-betreuer-kutsche-handmuffs-kinderwagenbuggy","status":"publish","type":"product","link":"https:\/\/marktxxl.de\/markt\/produkt\/alihoo-kinderwagen-handwaermer-1-paar-kinderwagen-handmuff-warme-handschuhe-fuer-eltern-betreuer-kutsche-handmuffs-kinderwagenbuggy\/","title":{"rendered":"Alihoo Kinderwagen Handw\u00e4rmer, 1 Paar Kinderwagen Handmuff Warme Handschuhe f\u00fcr Eltern Betreuer Kutsche Handmuffs\u2026"},"content":{"rendered":"<p>\u2749\u3010Extrem einfach zu installieren\u3011 &#8211; 30 SEKUNDEN, um die Installation abzuschlie\u00dfen, da nur wenige Tasten geschlossen werden m\u00fcssen. ob Sie bei kaltem Wetter spazieren gehen, einkaufen oder zu Hause sind, Sie k\u00f6nnen diesen warmen und bequemen Kinderwagenbezug Winter genie\u00dfen.<br \/>\n\u2749\u3010Universelles Modell\u3011 -Der Kinderwagen-Handw\u00e4rmer passt auf alle Kinderwagen, Kinderwagen, Kinderwagen und Buggy, entweder mit einem einzigen Griff oder zwei Griffen. Der zus\u00e4tzliche Buggy-Clip tr\u00e4gt alle Ihre Gegenst\u00e4nde f\u00fcr Sie, damit Sie Ihre H\u00e4nde frei haben und Ihr Leben weiterleben k\u00f6nnen.<br \/>\n\u2749\u3010Wasserdicht, winddicht und schmutzabweisend\u3011 &#8211; Die Oberfl\u00e4che ist aus wasserdichtem Nylon, bequem und warm, wasserdicht, winddicht und schneesicher. keine Angst vor schlechtem Wetter.<br \/>\n\u2749\u3010Leicht zu reinigen\u3011 -Gute Best\u00e4ndigkeit gegen wiederholtes Waschen und einfache Wartung. Maschinenw\u00e4sche bei 30\u00b0C.<br \/>\n\u2749\u3010Perfektes Geschenk\u3011 &#8211; Diese Kinderwagen-Handmuffs und der Clip machen Ihren Spaziergang angenehm. Mit ihnen ist es im Winter bequemer oder modischer, wenn Mama oder Papa mit einem Kinderwagen spazieren gehen! Es ist das beste Geschenk f\u00fcr Eltern und Betreuer. Beste Geschenke f\u00fcr Weihnachten, Geburtstag, Babyparty und so weiter.<br \/>\n<div class=\"main-cross-sell\" data-asin=\"B09L16TFR5\">\n\n\t<div class=\"WooZone-cross-sell-loader\">\n\t\t<div>\n\t\t\t<div id=\"floatingBarsG\">\n\t\t\t\t<div class=\"blockG\" id=\"rotateG_01\"><\/div>\n\t\t\t\t<div class=\"blockG\" id=\"rotateG_02\"><\/div>\n\t\t\t\t<div class=\"blockG\" id=\"rotateG_03\"><\/div>\n\t\t\t\t<div class=\"blockG\" id=\"rotateG_04\"><\/div>\n\t\t\t\t<div class=\"blockG\" id=\"rotateG_05\"><\/div>\n\t\t\t\t<div class=\"blockG\" id=\"rotateG_06\"><\/div>\n\t\t\t\t<div class=\"blockG\" id=\"rotateG_07\"><\/div>\n\t\t\t\t<div class=\"blockG\" id=\"rotateG_08\"><\/div>\n\t\t\t<\/div>\n\t\t\t<div class=\"WooZone-cross-sell-loader-text\"><\/div>\n\t\t<\/div>\n\t<\/div>\n\n\t\t\n<\/div>\n<div style=\"clear:both;\"><\/div><\/p>\n","protected":false},"excerpt":{"rendered":"<p>\u2749\u3010Extrem einfach zu installieren\u3011 &#8211; 30 SEKUNDEN, um die Installation abzuschlie\u00dfen, da nur wenige Tasten geschlossen werden m\u00fcssen. ob Sie bei kaltem Wetter spazieren gehen, einkaufen oder zu Hause sind, Sie k\u00f6nnen diesen warmen und bequemen Kinderwagenbezug Winter genie\u00dfen.<br \/>\n\u2749\u3010Universelles Modell\u3011 -Der Kinderwagen-Handw\u00e4rmer passt auf alle Kinderwagen, Kinderwagen, Kinderwagen und Buggy, entweder mit einem einzigen Griff oder zwei Griffen. Der zus\u00e4tzliche Buggy-Clip tr\u00e4gt alle Ihre Gegenst\u00e4nde f\u00fcr Sie, damit Sie Ihre H\u00e4nde frei haben und Ihr Leben weiterleben k\u00f6nnen.<br \/>\n\u2749\u3010Wasserdicht, winddicht und schmutzabweisend\u3011 &#8211; Die Oberfl\u00e4che ist aus wasserdichtem Nylon, bequem und warm, wasserdicht, winddicht und schneesicher. keine Angst vor schlechtem Wetter.<\/p>\n","protected":false},"featured_media":156094,"comment_status":"open","ping_status":"closed","template":"","meta":[],"product_brand":[],"product_cat":[21,9329],"product_tag":[],"class_list":{"0":"post-156093","1":"product","2":"type-product","3":"status-publish","4":"has-post-thumbnail","6":"product_cat-baby","7":"product_cat-kinderwagen-buggys-zubehoer-baby","8":"pa_brand-alihoo","9":"pa_manufacturer-alihoo","11":"first","12":"instock","13":"shipping-taxable","14":"purchasable","15":"product-type-simple","16":"customify-col","17":"product-has-gallery"},"yoast_head":"<!-- This site is optimized with the Yoast SEO plugin v27.4 - https:\/\/yoast.com\/product\/yoast-seo-wordpress\/ -->\n<title>Alihoo Kinderwagen Handw\u00e4rmer, 1 Paar Kinderwagen Handmuff Warme Handschuhe f\u00fcr Eltern Betreuer Kutsche Handmuffs\u2026 - Markt-XXL<\/title>\n<meta name=\"description\" content=\"Markt-XXL Alihoo Kinderwagen Handw\u00e4rmer, 1 Paar Kinderwagen Handmuff Warme Handschuhe f\u00fcr Eltern Betreuer Kutsche Handmuffs\u2026\" \/>\n<meta name=\"robots\" content=\"index, follow, max-snippet:-1, max-image-preview:large, max-video-preview:-1\" \/>\n<link rel=\"canonical\" href=\"https:\/\/marktxxl.de\/markt\/produkt\/alihoo-kinderwagen-handwaermer-1-paar-kinderwagen-handmuff-warme-handschuhe-fuer-eltern-betreuer-kutsche-handmuffs-kinderwagenbuggy\/\" \/>\n<meta property=\"og:locale\" content=\"de_DE\" \/>\n<meta property=\"og:type\" content=\"article\" \/>\n<meta property=\"og:title\" content=\"Alihoo Kinderwagen Handw\u00e4rmer, 1 Paar Kinderwagen Handmuff Warme Handschuhe f\u00fcr Eltern Betreuer Kutsche Handmuffs\u2026 - Markt-XXL\" \/>\n<meta property=\"og:description\" content=\"Markt-XXL Alihoo Kinderwagen Handw\u00e4rmer, 1 Paar Kinderwagen Handmuff Warme Handschuhe f\u00fcr Eltern Betreuer Kutsche Handmuffs\u2026\" \/>\n<meta property=\"og:url\" content=\"https:\/\/marktxxl.de\/markt\/produkt\/alihoo-kinderwagen-handwaermer-1-paar-kinderwagen-handmuff-warme-handschuhe-fuer-eltern-betreuer-kutsche-handmuffs-kinderwagenbuggy\/\" \/>\n<meta property=\"og:site_name\" content=\"Markt-XXL\" \/>\n<meta property=\"article:modified_time\" content=\"2023-04-11T02:37:34+00:00\" \/>\n<meta property=\"og:image\" content=\"https:\/\/m.media-amazon.com\/images\/I\/41mKt4SF4sL._SL500_.jpg\" \/>\n\t<meta property=\"og:image:width\" content=\"500\" \/>\n\t<meta property=\"og:image:height\" content=\"500\" \/>\n\t<meta property=\"og:image:type\" content=\"image\/jpeg\" \/>\n<meta name=\"twitter:card\" content=\"summary_large_image\" \/>\n<meta name=\"twitter:label1\" content=\"Gesch\u00e4tzte Lesezeit\" \/>\n\t<meta name=\"twitter:data1\" content=\"1\u00a0Minute\" \/>\n<script type=\"application\/ld+json\" class=\"yoast-schema-graph\">{\"@context\":\"https:\\\/\\\/schema.org\",\"@graph\":[{\"@type\":\"WebPage\",\"@id\":\"https:\\\/\\\/marktxxl.de\\\/markt\\\/produkt\\\/alihoo-kinderwagen-handwaermer-1-paar-kinderwagen-handmuff-warme-handschuhe-fuer-eltern-betreuer-kutsche-handmuffs-kinderwagenbuggy\\\/\",\"url\":\"https:\\\/\\\/marktxxl.de\\\/markt\\\/produkt\\\/alihoo-kinderwagen-handwaermer-1-paar-kinderwagen-handmuff-warme-handschuhe-fuer-eltern-betreuer-kutsche-handmuffs-kinderwagenbuggy\\\/\",\"name\":\"Alihoo Kinderwagen Handw\u00e4rmer, 1 Paar Kinderwagen Handmuff Warme Handschuhe f\u00fcr Eltern Betreuer Kutsche Handmuffs\u2026 - Markt-XXL\",\"isPartOf\":{\"@id\":\"https:\\\/\\\/marktxxl.de\\\/markt\\\/#website\"},\"primaryImageOfPage\":{\"@id\":\"https:\\\/\\\/marktxxl.de\\\/markt\\\/produkt\\\/alihoo-kinderwagen-handwaermer-1-paar-kinderwagen-handmuff-warme-handschuhe-fuer-eltern-betreuer-kutsche-handmuffs-kinderwagenbuggy\\\/#primaryimage\"},\"image\":{\"@id\":\"https:\\\/\\\/marktxxl.de\\\/markt\\\/produkt\\\/alihoo-kinderwagen-handwaermer-1-paar-kinderwagen-handmuff-warme-handschuhe-fuer-eltern-betreuer-kutsche-handmuffs-kinderwagenbuggy\\\/#primaryimage\"},\"thumbnailUrl\":\"https:\\\/\\\/m.media-amazon.com\\\/images\\\/I\\\/41mKt4SF4sL._SL500_.jpg\",\"datePublished\":\"2022-10-11T20:34:52+00:00\",\"dateModified\":\"2023-04-11T02:37:34+00:00\",\"description\":\"Markt-XXL Alihoo Kinderwagen Handw\u00e4rmer, 1 Paar Kinderwagen Handmuff Warme Handschuhe f\u00fcr Eltern Betreuer Kutsche Handmuffs\u2026\",\"breadcrumb\":{\"@id\":\"https:\\\/\\\/marktxxl.de\\\/markt\\\/produkt\\\/alihoo-kinderwagen-handwaermer-1-paar-kinderwagen-handmuff-warme-handschuhe-fuer-eltern-betreuer-kutsche-handmuffs-kinderwagenbuggy\\\/#breadcrumb\"},\"inLanguage\":\"de\",\"potentialAction\":[{\"@type\":\"ReadAction\",\"target\":[\"https:\\\/\\\/marktxxl.de\\\/markt\\\/produkt\\\/alihoo-kinderwagen-handwaermer-1-paar-kinderwagen-handmuff-warme-handschuhe-fuer-eltern-betreuer-kutsche-handmuffs-kinderwagenbuggy\\\/\"]}]},{\"@type\":\"ImageObject\",\"inLanguage\":\"de\",\"@id\":\"https:\\\/\\\/marktxxl.de\\\/markt\\\/produkt\\\/alihoo-kinderwagen-handwaermer-1-paar-kinderwagen-handmuff-warme-handschuhe-fuer-eltern-betreuer-kutsche-handmuffs-kinderwagenbuggy\\\/#primaryimage\",\"url\":\"https:\\\/\\\/m.media-amazon.com\\\/images\\\/I\\\/41mKt4SF4sL._SL500_.jpg\",\"contentUrl\":\"https:\\\/\\\/m.media-amazon.com\\\/images\\\/I\\\/41mKt4SF4sL._SL500_.jpg\",\"width\":500,\"height\":500},{\"@type\":\"BreadcrumbList\",\"@id\":\"https:\\\/\\\/marktxxl.de\\\/markt\\\/produkt\\\/alihoo-kinderwagen-handwaermer-1-paar-kinderwagen-handmuff-warme-handschuhe-fuer-eltern-betreuer-kutsche-handmuffs-kinderwagenbuggy\\\/#breadcrumb\",\"itemListElement\":[{\"@type\":\"ListItem\",\"position\":1,\"name\":\"Startseite\",\"item\":\"https:\\\/\\\/marktxxl.de\\\/markt\\\/\"},{\"@type\":\"ListItem\",\"position\":2,\"name\":\"Markt\",\"item\":\"https:\\\/\\\/marktxxl.de\\\/markt\\\/\"},{\"@type\":\"ListItem\",\"position\":3,\"name\":\"Alihoo Kinderwagen Handw\u00e4rmer, 1 Paar Kinderwagen Handmuff Warme Handschuhe f\u00fcr Eltern Betreuer Kutsche Handmuffs\u2026\"}]},{\"@type\":\"WebSite\",\"@id\":\"https:\\\/\\\/marktxxl.de\\\/markt\\\/#website\",\"url\":\"https:\\\/\\\/marktxxl.de\\\/markt\\\/\",\"name\":\"Markt-XXL\",\"description\":\"Ihr Markt Online\",\"publisher\":{\"@id\":\"https:\\\/\\\/marktxxl.de\\\/markt\\\/#organization\"},\"potentialAction\":[{\"@type\":\"SearchAction\",\"target\":{\"@type\":\"EntryPoint\",\"urlTemplate\":\"https:\\\/\\\/marktxxl.de\\\/markt\\\/?s={search_term_string}\"},\"query-input\":{\"@type\":\"PropertyValueSpecification\",\"valueRequired\":true,\"valueName\":\"search_term_string\"}}],\"inLanguage\":\"de\"},{\"@type\":\"Organization\",\"@id\":\"https:\\\/\\\/marktxxl.de\\\/markt\\\/#organization\",\"name\":\"Markt-XXL\",\"url\":\"https:\\\/\\\/marktxxl.de\\\/markt\\\/\",\"logo\":{\"@type\":\"ImageObject\",\"inLanguage\":\"de\",\"@id\":\"https:\\\/\\\/marktxxl.de\\\/markt\\\/#\\\/schema\\\/logo\\\/image\\\/\",\"url\":\"https:\\\/\\\/marktxxl.de\\\/markt\\\/wp-content\\\/uploads\\\/sites\\\/3\\\/2020\\\/12\\\/logo.png\",\"contentUrl\":\"https:\\\/\\\/marktxxl.de\\\/markt\\\/wp-content\\\/uploads\\\/sites\\\/3\\\/2020\\\/12\\\/logo.png\",\"width\":200,\"height\":70,\"caption\":\"Markt-XXL\"},\"image\":{\"@id\":\"https:\\\/\\\/marktxxl.de\\\/markt\\\/#\\\/schema\\\/logo\\\/image\\\/\"}}]}<\/script>\n<!-- \/ Yoast SEO plugin. -->","yoast_head_json":{"title":"Alihoo Kinderwagen Handw\u00e4rmer, 1 Paar Kinderwagen Handmuff Warme Handschuhe f\u00fcr Eltern Betreuer Kutsche Handmuffs\u2026 - Markt-XXL","description":"Markt-XXL Alihoo Kinderwagen Handw\u00e4rmer, 1 Paar Kinderwagen Handmuff Warme Handschuhe f\u00fcr Eltern Betreuer Kutsche Handmuffs\u2026","robots":{"index":"index","follow":"follow","max-snippet":"max-snippet:-1","max-image-preview":"max-image-preview:large","max-video-preview":"max-video-preview:-1"},"canonical":"https:\/\/marktxxl.de\/markt\/produkt\/alihoo-kinderwagen-handwaermer-1-paar-kinderwagen-handmuff-warme-handschuhe-fuer-eltern-betreuer-kutsche-handmuffs-kinderwagenbuggy\/","og_locale":"de_DE","og_type":"article","og_title":"Alihoo Kinderwagen Handw\u00e4rmer, 1 Paar Kinderwagen Handmuff Warme Handschuhe f\u00fcr Eltern Betreuer Kutsche Handmuffs\u2026 - Markt-XXL","og_description":"Markt-XXL Alihoo Kinderwagen Handw\u00e4rmer, 1 Paar Kinderwagen Handmuff Warme Handschuhe f\u00fcr Eltern Betreuer Kutsche Handmuffs\u2026","og_url":"https:\/\/marktxxl.de\/markt\/produkt\/alihoo-kinderwagen-handwaermer-1-paar-kinderwagen-handmuff-warme-handschuhe-fuer-eltern-betreuer-kutsche-handmuffs-kinderwagenbuggy\/","og_site_name":"Markt-XXL","article_modified_time":"2023-04-11T02:37:34+00:00","og_image":[{"width":500,"height":500,"url":"https:\/\/m.media-amazon.com\/images\/I\/41mKt4SF4sL._SL500_.jpg","type":"image\/jpeg"}],"twitter_card":"summary_large_image","twitter_misc":{"Gesch\u00e4tzte Lesezeit":"1\u00a0Minute"},"schema":{"@context":"https:\/\/schema.org","@graph":[{"@type":"WebPage","@id":"https:\/\/marktxxl.de\/markt\/produkt\/alihoo-kinderwagen-handwaermer-1-paar-kinderwagen-handmuff-warme-handschuhe-fuer-eltern-betreuer-kutsche-handmuffs-kinderwagenbuggy\/","url":"https:\/\/marktxxl.de\/markt\/produkt\/alihoo-kinderwagen-handwaermer-1-paar-kinderwagen-handmuff-warme-handschuhe-fuer-eltern-betreuer-kutsche-handmuffs-kinderwagenbuggy\/","name":"Alihoo Kinderwagen Handw\u00e4rmer, 1 Paar Kinderwagen Handmuff Warme Handschuhe f\u00fcr Eltern Betreuer Kutsche Handmuffs\u2026 - Markt-XXL","isPartOf":{"@id":"https:\/\/marktxxl.de\/markt\/#website"},"primaryImageOfPage":{"@id":"https:\/\/marktxxl.de\/markt\/produkt\/alihoo-kinderwagen-handwaermer-1-paar-kinderwagen-handmuff-warme-handschuhe-fuer-eltern-betreuer-kutsche-handmuffs-kinderwagenbuggy\/#primaryimage"},"image":{"@id":"https:\/\/marktxxl.de\/markt\/produkt\/alihoo-kinderwagen-handwaermer-1-paar-kinderwagen-handmuff-warme-handschuhe-fuer-eltern-betreuer-kutsche-handmuffs-kinderwagenbuggy\/#primaryimage"},"thumbnailUrl":"https:\/\/m.media-amazon.com\/images\/I\/41mKt4SF4sL._SL500_.jpg","datePublished":"2022-10-11T20:34:52+00:00","dateModified":"2023-04-11T02:37:34+00:00","description":"Markt-XXL Alihoo Kinderwagen Handw\u00e4rmer, 1 Paar Kinderwagen Handmuff Warme Handschuhe f\u00fcr Eltern Betreuer Kutsche Handmuffs\u2026","breadcrumb":{"@id":"https:\/\/marktxxl.de\/markt\/produkt\/alihoo-kinderwagen-handwaermer-1-paar-kinderwagen-handmuff-warme-handschuhe-fuer-eltern-betreuer-kutsche-handmuffs-kinderwagenbuggy\/#breadcrumb"},"inLanguage":"de","potentialAction":[{"@type":"ReadAction","target":["https:\/\/marktxxl.de\/markt\/produkt\/alihoo-kinderwagen-handwaermer-1-paar-kinderwagen-handmuff-warme-handschuhe-fuer-eltern-betreuer-kutsche-handmuffs-kinderwagenbuggy\/"]}]},{"@type":"ImageObject","inLanguage":"de","@id":"https:\/\/marktxxl.de\/markt\/produkt\/alihoo-kinderwagen-handwaermer-1-paar-kinderwagen-handmuff-warme-handschuhe-fuer-eltern-betreuer-kutsche-handmuffs-kinderwagenbuggy\/#primaryimage","url":"https:\/\/m.media-amazon.com\/images\/I\/41mKt4SF4sL._SL500_.jpg","contentUrl":"https:\/\/m.media-amazon.com\/images\/I\/41mKt4SF4sL._SL500_.jpg","width":500,"height":500},{"@type":"BreadcrumbList","@id":"https:\/\/marktxxl.de\/markt\/produkt\/alihoo-kinderwagen-handwaermer-1-paar-kinderwagen-handmuff-warme-handschuhe-fuer-eltern-betreuer-kutsche-handmuffs-kinderwagenbuggy\/#breadcrumb","itemListElement":[{"@type":"ListItem","position":1,"name":"Startseite","item":"https:\/\/marktxxl.de\/markt\/"},{"@type":"ListItem","position":2,"name":"Markt","item":"https:\/\/marktxxl.de\/markt\/"},{"@type":"ListItem","position":3,"name":"Alihoo Kinderwagen Handw\u00e4rmer, 1 Paar Kinderwagen Handmuff Warme Handschuhe f\u00fcr Eltern Betreuer Kutsche Handmuffs\u2026"}]},{"@type":"WebSite","@id":"https:\/\/marktxxl.de\/markt\/#website","url":"https:\/\/marktxxl.de\/markt\/","name":"Markt-XXL","description":"Ihr Markt Online","publisher":{"@id":"https:\/\/marktxxl.de\/markt\/#organization"},"potentialAction":[{"@type":"SearchAction","target":{"@type":"EntryPoint","urlTemplate":"https:\/\/marktxxl.de\/markt\/?s={search_term_string}"},"query-input":{"@type":"PropertyValueSpecification","valueRequired":true,"valueName":"search_term_string"}}],"inLanguage":"de"},{"@type":"Organization","@id":"https:\/\/marktxxl.de\/markt\/#organization","name":"Markt-XXL","url":"https:\/\/marktxxl.de\/markt\/","logo":{"@type":"ImageObject","inLanguage":"de","@id":"https:\/\/marktxxl.de\/markt\/#\/schema\/logo\/image\/","url":"https:\/\/marktxxl.de\/markt\/wp-content\/uploads\/sites\/3\/2020\/12\/logo.png","contentUrl":"https:\/\/marktxxl.de\/markt\/wp-content\/uploads\/sites\/3\/2020\/12\/logo.png","width":200,"height":70,"caption":"Markt-XXL"},"image":{"@id":"https:\/\/marktxxl.de\/markt\/#\/schema\/logo\/image\/"}}]}},"_links":{"self":[{"href":"https:\/\/marktxxl.de\/markt\/wp-json\/wp\/v2\/product\/156093","targetHints":{"allow":["GET"]}}],"collection":[{"href":"https:\/\/marktxxl.de\/markt\/wp-json\/wp\/v2\/product"}],"about":[{"href":"https:\/\/marktxxl.de\/markt\/wp-json\/wp\/v2\/types\/product"}],"replies":[{"embeddable":true,"href":"https:\/\/marktxxl.de\/markt\/wp-json\/wp\/v2\/comments?post=156093"}],"wp:featuredmedia":[{"embeddable":true,"href":"https:\/\/marktxxl.de\/markt\/wp-json\/wp\/v2\/media\/156094"}],"wp:attachment":[{"href":"https:\/\/marktxxl.de\/markt\/wp-json\/wp\/v2\/media?parent=156093"}],"wp:term":[{"taxonomy":"product_brand","embeddable":true,"href":"https:\/\/marktxxl.de\/markt\/wp-json\/wp\/v2\/product_brand?post=156093"},{"taxonomy":"product_cat","embeddable":true,"href":"https:\/\/marktxxl.de\/markt\/wp-json\/wp\/v2\/product_cat?post=156093"},{"taxonomy":"product_tag","embeddable":true,"href":"https:\/\/marktxxl.de\/markt\/wp-json\/wp\/v2\/product_tag?post=156093"}],"curies":[{"name":"wp","href":"https:\/\/api.w.org\/{rel}","templated":true}]}}