{"id":156023,"date":"2022-10-11T22:31:51","date_gmt":"2022-10-11T20:31:51","guid":{"rendered":"https:\/\/marktxxl.de\/markt\/produkt\/hanomes-20-stueck-kinder-mundschutz-einweg-weihnachten-mund-und-nasenschutz-halstuch-maedchen-masken-cartoon-motiv-3-lagig-einmal-mns-mund-tuch-staubdicht-atmungsaktiv-tuecher-bandana-schals\/"},"modified":"2023-04-11T04:37:33","modified_gmt":"2023-04-11T02:37:33","slug":"hanomes-20-stueck-kinder-mundschutz-einweg-weihnachten-mund-und-nasenschutz-halstuch-maedchen-masken-cartoon-motiv-3-lagig-einmal-mns-mund-tuch-staubdicht-atmungsaktiv-tuecher-bandana-schals","status":"publish","type":"product","link":"https:\/\/marktxxl.de\/markt\/produkt\/hanomes-20-stueck-kinder-mundschutz-einweg-weihnachten-mund-und-nasenschutz-halstuch-maedchen-masken-cartoon-motiv-3-lagig-einmal-mns-mund-tuch-staubdicht-atmungsaktiv-tuecher-bandana-schals\/","title":{"rendered":"Hanomes 20 St\u00fcck Kinder Mundschutz Einweg Weihnachten Mund und Nasenschutz Halstuch M\u00e4dchen Masken Cartoon Motiv 3-lagig\u2026"},"content":{"rendered":"<p>Atmungsaktives Material und niedliche Muster, die es n\u00fctzlich und modisch machen. Polyester<br \/>\nHergestellt aus umweltfreundlichem Material, atmungsaktiv,weich und bequem,feuchtigkeitsbest\u00e4ndig,nicht reizend.<br \/>\nSchutz\uff1aSpezielles 3-lagige Design,Nicht Gewebt Stoff Filter,Gesundheit und Sicherheit.Mit Nette Muster, die Kinder m\u00f6gen, die es n\u00fctzlich und modisch machen.<br \/>\nEinfach zu tragen:wenn Sie es tragen, passt es nahtlos in Ihr Gesicht. dehnbaren elastischen Ohrschlaufe ist leicht zu tragen und ohne Druck auf die Ohren.<br \/>\n\u3010Mundschutz\u3011Sch\u00fctzen Sie Mund und Gesicht. Anzug f\u00fcr alle Arten von Aktivit\u00e4ten im Freien und drinnen, wie z Hausreinigung, Gartenarbeit, Skifahren, U-Bahn usw. Ideal f\u00fcr Frauen und M\u00e4nner, geeignet f\u00fcr Radfahren, Camping, Laufen, Reisen, Klettern und den t\u00e4glichen Gebrauch. Einweg Mundschutz Kinder Gesichtsschutz Farbstoff Drucken Face Bandanas Mund und Nasenschutz Atmungsaktive Staubschutz Loop Halstuch f\u00fcr Jungen und M\u00e4dchen<br \/>\n<div class=\"main-cross-sell\" data-asin=\"B09FJPPF8Q\">\n\n\t<div class=\"WooZone-cross-sell-loader\">\n\t\t<div>\n\t\t\t<div id=\"floatingBarsG\">\n\t\t\t\t<div class=\"blockG\" id=\"rotateG_01\"><\/div>\n\t\t\t\t<div class=\"blockG\" id=\"rotateG_02\"><\/div>\n\t\t\t\t<div class=\"blockG\" id=\"rotateG_03\"><\/div>\n\t\t\t\t<div class=\"blockG\" id=\"rotateG_04\"><\/div>\n\t\t\t\t<div class=\"blockG\" id=\"rotateG_05\"><\/div>\n\t\t\t\t<div class=\"blockG\" id=\"rotateG_06\"><\/div>\n\t\t\t\t<div class=\"blockG\" id=\"rotateG_07\"><\/div>\n\t\t\t\t<div class=\"blockG\" id=\"rotateG_08\"><\/div>\n\t\t\t<\/div>\n\t\t\t<div class=\"WooZone-cross-sell-loader-text\"><\/div>\n\t\t<\/div>\n\t<\/div>\n\n\t\t\n<\/div>\n<div style=\"clear:both;\"><\/div><\/p>\n","protected":false},"excerpt":{"rendered":"<p>Atmungsaktives Material und niedliche Muster, die es n\u00fctzlich und modisch machen. Polyester<br \/>\nHergestellt aus umweltfreundlichem Material, atmungsaktiv,weich und bequem,feuchtigkeitsbest\u00e4ndig,nicht reizend.<br \/>\nSchutz\uff1aSpezielles 3-lagige Design,Nicht Gewebt Stoff Filter,Gesundheit und Sicherheit.Mit Nette Muster, die Kinder m\u00f6gen, die es n\u00fctzlich und modisch machen.<\/p>\n","protected":false},"featured_media":156024,"comment_status":"open","ping_status":"closed","template":"","meta":[],"product_brand":[],"product_cat":[21,9245],"product_tag":[],"class_list":{"0":"post-156023","1":"product","2":"type-product","3":"status-publish","4":"has-post-thumbnail","6":"product_cat-baby","7":"product_cat-fahrradanhaenger-zubehoer-baby","8":"pa_brand-hanomes","9":"pa_manufacturer-hanomes-kinder-einweg-maske","10":"pa_model-hanomes-maske-210906","11":"pa_size-einheitsgroesse","13":"first","14":"instock","15":"shipping-taxable","16":"purchasable","17":"product-type-simple","18":"customify-col","19":"product-has-gallery"},"yoast_head":"<!-- This site is optimized with the Yoast SEO plugin v27.4 - https:\/\/yoast.com\/product\/yoast-seo-wordpress\/ -->\n<title>Hanomes 20 St\u00fcck Kinder Mundschutz Einweg Weihnachten Mund und Nasenschutz Halstuch M\u00e4dchen Masken Cartoon Motiv 3-lagig\u2026 - Markt-XXL<\/title>\n<meta name=\"description\" content=\"Markt-XXL Hanomes 20 St\u00fcck Kinder Mundschutz Einweg Weihnachten Mund und Nasenschutz Halstuch M\u00e4dchen Masken Cartoon Motiv 3-lagig\u2026\" \/>\n<meta name=\"robots\" content=\"index, follow, max-snippet:-1, max-image-preview:large, max-video-preview:-1\" \/>\n<link rel=\"canonical\" href=\"https:\/\/marktxxl.de\/markt\/produkt\/hanomes-20-stueck-kinder-mundschutz-einweg-weihnachten-mund-und-nasenschutz-halstuch-maedchen-masken-cartoon-motiv-3-lagig-einmal-mns-mund-tuch-staubdicht-atmungsaktiv-tuecher-bandana-schals\/\" \/>\n<meta property=\"og:locale\" content=\"de_DE\" \/>\n<meta property=\"og:type\" content=\"article\" \/>\n<meta property=\"og:title\" content=\"Hanomes 20 St\u00fcck Kinder Mundschutz Einweg Weihnachten Mund und Nasenschutz Halstuch M\u00e4dchen Masken Cartoon Motiv 3-lagig\u2026 - Markt-XXL\" \/>\n<meta property=\"og:description\" content=\"Markt-XXL Hanomes 20 St\u00fcck Kinder Mundschutz Einweg Weihnachten Mund und Nasenschutz Halstuch M\u00e4dchen Masken Cartoon Motiv 3-lagig\u2026\" \/>\n<meta property=\"og:url\" content=\"https:\/\/marktxxl.de\/markt\/produkt\/hanomes-20-stueck-kinder-mundschutz-einweg-weihnachten-mund-und-nasenschutz-halstuch-maedchen-masken-cartoon-motiv-3-lagig-einmal-mns-mund-tuch-staubdicht-atmungsaktiv-tuecher-bandana-schals\/\" \/>\n<meta property=\"og:site_name\" content=\"Markt-XXL\" \/>\n<meta property=\"article:modified_time\" content=\"2023-04-11T02:37:33+00:00\" \/>\n<meta property=\"og:image\" content=\"https:\/\/m.media-amazon.com\/images\/I\/411FKvaIipL._SL500_.jpg\" \/>\n\t<meta property=\"og:image:width\" content=\"500\" \/>\n\t<meta property=\"og:image:height\" content=\"500\" \/>\n\t<meta property=\"og:image:type\" content=\"image\/jpeg\" \/>\n<meta name=\"twitter:card\" content=\"summary_large_image\" \/>\n<meta name=\"twitter:label1\" content=\"Gesch\u00e4tzte Lesezeit\" \/>\n\t<meta name=\"twitter:data1\" content=\"1\u00a0Minute\" \/>\n<script type=\"application\/ld+json\" class=\"yoast-schema-graph\">{\"@context\":\"https:\\\/\\\/schema.org\",\"@graph\":[{\"@type\":\"WebPage\",\"@id\":\"https:\\\/\\\/marktxxl.de\\\/markt\\\/produkt\\\/hanomes-20-stueck-kinder-mundschutz-einweg-weihnachten-mund-und-nasenschutz-halstuch-maedchen-masken-cartoon-motiv-3-lagig-einmal-mns-mund-tuch-staubdicht-atmungsaktiv-tuecher-bandana-schals\\\/\",\"url\":\"https:\\\/\\\/marktxxl.de\\\/markt\\\/produkt\\\/hanomes-20-stueck-kinder-mundschutz-einweg-weihnachten-mund-und-nasenschutz-halstuch-maedchen-masken-cartoon-motiv-3-lagig-einmal-mns-mund-tuch-staubdicht-atmungsaktiv-tuecher-bandana-schals\\\/\",\"name\":\"Hanomes 20 St\u00fcck Kinder Mundschutz Einweg Weihnachten Mund und Nasenschutz Halstuch M\u00e4dchen Masken Cartoon Motiv 3-lagig\u2026 - Markt-XXL\",\"isPartOf\":{\"@id\":\"https:\\\/\\\/marktxxl.de\\\/markt\\\/#website\"},\"primaryImageOfPage\":{\"@id\":\"https:\\\/\\\/marktxxl.de\\\/markt\\\/produkt\\\/hanomes-20-stueck-kinder-mundschutz-einweg-weihnachten-mund-und-nasenschutz-halstuch-maedchen-masken-cartoon-motiv-3-lagig-einmal-mns-mund-tuch-staubdicht-atmungsaktiv-tuecher-bandana-schals\\\/#primaryimage\"},\"image\":{\"@id\":\"https:\\\/\\\/marktxxl.de\\\/markt\\\/produkt\\\/hanomes-20-stueck-kinder-mundschutz-einweg-weihnachten-mund-und-nasenschutz-halstuch-maedchen-masken-cartoon-motiv-3-lagig-einmal-mns-mund-tuch-staubdicht-atmungsaktiv-tuecher-bandana-schals\\\/#primaryimage\"},\"thumbnailUrl\":\"https:\\\/\\\/m.media-amazon.com\\\/images\\\/I\\\/411FKvaIipL._SL500_.jpg\",\"datePublished\":\"2022-10-11T20:31:51+00:00\",\"dateModified\":\"2023-04-11T02:37:33+00:00\",\"description\":\"Markt-XXL Hanomes 20 St\u00fcck Kinder Mundschutz Einweg Weihnachten Mund und Nasenschutz Halstuch M\u00e4dchen Masken Cartoon Motiv 3-lagig\u2026\",\"breadcrumb\":{\"@id\":\"https:\\\/\\\/marktxxl.de\\\/markt\\\/produkt\\\/hanomes-20-stueck-kinder-mundschutz-einweg-weihnachten-mund-und-nasenschutz-halstuch-maedchen-masken-cartoon-motiv-3-lagig-einmal-mns-mund-tuch-staubdicht-atmungsaktiv-tuecher-bandana-schals\\\/#breadcrumb\"},\"inLanguage\":\"de\",\"potentialAction\":[{\"@type\":\"ReadAction\",\"target\":[\"https:\\\/\\\/marktxxl.de\\\/markt\\\/produkt\\\/hanomes-20-stueck-kinder-mundschutz-einweg-weihnachten-mund-und-nasenschutz-halstuch-maedchen-masken-cartoon-motiv-3-lagig-einmal-mns-mund-tuch-staubdicht-atmungsaktiv-tuecher-bandana-schals\\\/\"]}]},{\"@type\":\"ImageObject\",\"inLanguage\":\"de\",\"@id\":\"https:\\\/\\\/marktxxl.de\\\/markt\\\/produkt\\\/hanomes-20-stueck-kinder-mundschutz-einweg-weihnachten-mund-und-nasenschutz-halstuch-maedchen-masken-cartoon-motiv-3-lagig-einmal-mns-mund-tuch-staubdicht-atmungsaktiv-tuecher-bandana-schals\\\/#primaryimage\",\"url\":\"https:\\\/\\\/m.media-amazon.com\\\/images\\\/I\\\/411FKvaIipL._SL500_.jpg\",\"contentUrl\":\"https:\\\/\\\/m.media-amazon.com\\\/images\\\/I\\\/411FKvaIipL._SL500_.jpg\",\"width\":500,\"height\":500},{\"@type\":\"BreadcrumbList\",\"@id\":\"https:\\\/\\\/marktxxl.de\\\/markt\\\/produkt\\\/hanomes-20-stueck-kinder-mundschutz-einweg-weihnachten-mund-und-nasenschutz-halstuch-maedchen-masken-cartoon-motiv-3-lagig-einmal-mns-mund-tuch-staubdicht-atmungsaktiv-tuecher-bandana-schals\\\/#breadcrumb\",\"itemListElement\":[{\"@type\":\"ListItem\",\"position\":1,\"name\":\"Startseite\",\"item\":\"https:\\\/\\\/marktxxl.de\\\/markt\\\/\"},{\"@type\":\"ListItem\",\"position\":2,\"name\":\"Markt\",\"item\":\"https:\\\/\\\/marktxxl.de\\\/markt\\\/\"},{\"@type\":\"ListItem\",\"position\":3,\"name\":\"Hanomes 20 St\u00fcck Kinder Mundschutz Einweg Weihnachten Mund und Nasenschutz Halstuch M\u00e4dchen Masken Cartoon Motiv 3-lagig\u2026\"}]},{\"@type\":\"WebSite\",\"@id\":\"https:\\\/\\\/marktxxl.de\\\/markt\\\/#website\",\"url\":\"https:\\\/\\\/marktxxl.de\\\/markt\\\/\",\"name\":\"Markt-XXL\",\"description\":\"Ihr Markt Online\",\"publisher\":{\"@id\":\"https:\\\/\\\/marktxxl.de\\\/markt\\\/#organization\"},\"potentialAction\":[{\"@type\":\"SearchAction\",\"target\":{\"@type\":\"EntryPoint\",\"urlTemplate\":\"https:\\\/\\\/marktxxl.de\\\/markt\\\/?s={search_term_string}\"},\"query-input\":{\"@type\":\"PropertyValueSpecification\",\"valueRequired\":true,\"valueName\":\"search_term_string\"}}],\"inLanguage\":\"de\"},{\"@type\":\"Organization\",\"@id\":\"https:\\\/\\\/marktxxl.de\\\/markt\\\/#organization\",\"name\":\"Markt-XXL\",\"url\":\"https:\\\/\\\/marktxxl.de\\\/markt\\\/\",\"logo\":{\"@type\":\"ImageObject\",\"inLanguage\":\"de\",\"@id\":\"https:\\\/\\\/marktxxl.de\\\/markt\\\/#\\\/schema\\\/logo\\\/image\\\/\",\"url\":\"https:\\\/\\\/marktxxl.de\\\/markt\\\/wp-content\\\/uploads\\\/sites\\\/3\\\/2020\\\/12\\\/logo.png\",\"contentUrl\":\"https:\\\/\\\/marktxxl.de\\\/markt\\\/wp-content\\\/uploads\\\/sites\\\/3\\\/2020\\\/12\\\/logo.png\",\"width\":200,\"height\":70,\"caption\":\"Markt-XXL\"},\"image\":{\"@id\":\"https:\\\/\\\/marktxxl.de\\\/markt\\\/#\\\/schema\\\/logo\\\/image\\\/\"}}]}<\/script>\n<!-- \/ Yoast SEO plugin. -->","yoast_head_json":{"title":"Hanomes 20 St\u00fcck Kinder Mundschutz Einweg Weihnachten Mund und Nasenschutz Halstuch M\u00e4dchen Masken Cartoon Motiv 3-lagig\u2026 - Markt-XXL","description":"Markt-XXL Hanomes 20 St\u00fcck Kinder Mundschutz Einweg Weihnachten Mund und Nasenschutz Halstuch M\u00e4dchen Masken Cartoon Motiv 3-lagig\u2026","robots":{"index":"index","follow":"follow","max-snippet":"max-snippet:-1","max-image-preview":"max-image-preview:large","max-video-preview":"max-video-preview:-1"},"canonical":"https:\/\/marktxxl.de\/markt\/produkt\/hanomes-20-stueck-kinder-mundschutz-einweg-weihnachten-mund-und-nasenschutz-halstuch-maedchen-masken-cartoon-motiv-3-lagig-einmal-mns-mund-tuch-staubdicht-atmungsaktiv-tuecher-bandana-schals\/","og_locale":"de_DE","og_type":"article","og_title":"Hanomes 20 St\u00fcck Kinder Mundschutz Einweg Weihnachten Mund und Nasenschutz Halstuch M\u00e4dchen Masken Cartoon Motiv 3-lagig\u2026 - Markt-XXL","og_description":"Markt-XXL Hanomes 20 St\u00fcck Kinder Mundschutz Einweg Weihnachten Mund und Nasenschutz Halstuch M\u00e4dchen Masken Cartoon Motiv 3-lagig\u2026","og_url":"https:\/\/marktxxl.de\/markt\/produkt\/hanomes-20-stueck-kinder-mundschutz-einweg-weihnachten-mund-und-nasenschutz-halstuch-maedchen-masken-cartoon-motiv-3-lagig-einmal-mns-mund-tuch-staubdicht-atmungsaktiv-tuecher-bandana-schals\/","og_site_name":"Markt-XXL","article_modified_time":"2023-04-11T02:37:33+00:00","og_image":[{"width":500,"height":500,"url":"https:\/\/m.media-amazon.com\/images\/I\/411FKvaIipL._SL500_.jpg","type":"image\/jpeg"}],"twitter_card":"summary_large_image","twitter_misc":{"Gesch\u00e4tzte Lesezeit":"1\u00a0Minute"},"schema":{"@context":"https:\/\/schema.org","@graph":[{"@type":"WebPage","@id":"https:\/\/marktxxl.de\/markt\/produkt\/hanomes-20-stueck-kinder-mundschutz-einweg-weihnachten-mund-und-nasenschutz-halstuch-maedchen-masken-cartoon-motiv-3-lagig-einmal-mns-mund-tuch-staubdicht-atmungsaktiv-tuecher-bandana-schals\/","url":"https:\/\/marktxxl.de\/markt\/produkt\/hanomes-20-stueck-kinder-mundschutz-einweg-weihnachten-mund-und-nasenschutz-halstuch-maedchen-masken-cartoon-motiv-3-lagig-einmal-mns-mund-tuch-staubdicht-atmungsaktiv-tuecher-bandana-schals\/","name":"Hanomes 20 St\u00fcck Kinder Mundschutz Einweg Weihnachten Mund und Nasenschutz Halstuch M\u00e4dchen Masken Cartoon Motiv 3-lagig\u2026 - Markt-XXL","isPartOf":{"@id":"https:\/\/marktxxl.de\/markt\/#website"},"primaryImageOfPage":{"@id":"https:\/\/marktxxl.de\/markt\/produkt\/hanomes-20-stueck-kinder-mundschutz-einweg-weihnachten-mund-und-nasenschutz-halstuch-maedchen-masken-cartoon-motiv-3-lagig-einmal-mns-mund-tuch-staubdicht-atmungsaktiv-tuecher-bandana-schals\/#primaryimage"},"image":{"@id":"https:\/\/marktxxl.de\/markt\/produkt\/hanomes-20-stueck-kinder-mundschutz-einweg-weihnachten-mund-und-nasenschutz-halstuch-maedchen-masken-cartoon-motiv-3-lagig-einmal-mns-mund-tuch-staubdicht-atmungsaktiv-tuecher-bandana-schals\/#primaryimage"},"thumbnailUrl":"https:\/\/m.media-amazon.com\/images\/I\/411FKvaIipL._SL500_.jpg","datePublished":"2022-10-11T20:31:51+00:00","dateModified":"2023-04-11T02:37:33+00:00","description":"Markt-XXL Hanomes 20 St\u00fcck Kinder Mundschutz Einweg Weihnachten Mund und Nasenschutz Halstuch M\u00e4dchen Masken Cartoon Motiv 3-lagig\u2026","breadcrumb":{"@id":"https:\/\/marktxxl.de\/markt\/produkt\/hanomes-20-stueck-kinder-mundschutz-einweg-weihnachten-mund-und-nasenschutz-halstuch-maedchen-masken-cartoon-motiv-3-lagig-einmal-mns-mund-tuch-staubdicht-atmungsaktiv-tuecher-bandana-schals\/#breadcrumb"},"inLanguage":"de","potentialAction":[{"@type":"ReadAction","target":["https:\/\/marktxxl.de\/markt\/produkt\/hanomes-20-stueck-kinder-mundschutz-einweg-weihnachten-mund-und-nasenschutz-halstuch-maedchen-masken-cartoon-motiv-3-lagig-einmal-mns-mund-tuch-staubdicht-atmungsaktiv-tuecher-bandana-schals\/"]}]},{"@type":"ImageObject","inLanguage":"de","@id":"https:\/\/marktxxl.de\/markt\/produkt\/hanomes-20-stueck-kinder-mundschutz-einweg-weihnachten-mund-und-nasenschutz-halstuch-maedchen-masken-cartoon-motiv-3-lagig-einmal-mns-mund-tuch-staubdicht-atmungsaktiv-tuecher-bandana-schals\/#primaryimage","url":"https:\/\/m.media-amazon.com\/images\/I\/411FKvaIipL._SL500_.jpg","contentUrl":"https:\/\/m.media-amazon.com\/images\/I\/411FKvaIipL._SL500_.jpg","width":500,"height":500},{"@type":"BreadcrumbList","@id":"https:\/\/marktxxl.de\/markt\/produkt\/hanomes-20-stueck-kinder-mundschutz-einweg-weihnachten-mund-und-nasenschutz-halstuch-maedchen-masken-cartoon-motiv-3-lagig-einmal-mns-mund-tuch-staubdicht-atmungsaktiv-tuecher-bandana-schals\/#breadcrumb","itemListElement":[{"@type":"ListItem","position":1,"name":"Startseite","item":"https:\/\/marktxxl.de\/markt\/"},{"@type":"ListItem","position":2,"name":"Markt","item":"https:\/\/marktxxl.de\/markt\/"},{"@type":"ListItem","position":3,"name":"Hanomes 20 St\u00fcck Kinder Mundschutz Einweg Weihnachten Mund und Nasenschutz Halstuch M\u00e4dchen Masken Cartoon Motiv 3-lagig\u2026"}]},{"@type":"WebSite","@id":"https:\/\/marktxxl.de\/markt\/#website","url":"https:\/\/marktxxl.de\/markt\/","name":"Markt-XXL","description":"Ihr Markt Online","publisher":{"@id":"https:\/\/marktxxl.de\/markt\/#organization"},"potentialAction":[{"@type":"SearchAction","target":{"@type":"EntryPoint","urlTemplate":"https:\/\/marktxxl.de\/markt\/?s={search_term_string}"},"query-input":{"@type":"PropertyValueSpecification","valueRequired":true,"valueName":"search_term_string"}}],"inLanguage":"de"},{"@type":"Organization","@id":"https:\/\/marktxxl.de\/markt\/#organization","name":"Markt-XXL","url":"https:\/\/marktxxl.de\/markt\/","logo":{"@type":"ImageObject","inLanguage":"de","@id":"https:\/\/marktxxl.de\/markt\/#\/schema\/logo\/image\/","url":"https:\/\/marktxxl.de\/markt\/wp-content\/uploads\/sites\/3\/2020\/12\/logo.png","contentUrl":"https:\/\/marktxxl.de\/markt\/wp-content\/uploads\/sites\/3\/2020\/12\/logo.png","width":200,"height":70,"caption":"Markt-XXL"},"image":{"@id":"https:\/\/marktxxl.de\/markt\/#\/schema\/logo\/image\/"}}]}},"_links":{"self":[{"href":"https:\/\/marktxxl.de\/markt\/wp-json\/wp\/v2\/product\/156023","targetHints":{"allow":["GET"]}}],"collection":[{"href":"https:\/\/marktxxl.de\/markt\/wp-json\/wp\/v2\/product"}],"about":[{"href":"https:\/\/marktxxl.de\/markt\/wp-json\/wp\/v2\/types\/product"}],"replies":[{"embeddable":true,"href":"https:\/\/marktxxl.de\/markt\/wp-json\/wp\/v2\/comments?post=156023"}],"wp:featuredmedia":[{"embeddable":true,"href":"https:\/\/marktxxl.de\/markt\/wp-json\/wp\/v2\/media\/156024"}],"wp:attachment":[{"href":"https:\/\/marktxxl.de\/markt\/wp-json\/wp\/v2\/media?parent=156023"}],"wp:term":[{"taxonomy":"product_brand","embeddable":true,"href":"https:\/\/marktxxl.de\/markt\/wp-json\/wp\/v2\/product_brand?post=156023"},{"taxonomy":"product_cat","embeddable":true,"href":"https:\/\/marktxxl.de\/markt\/wp-json\/wp\/v2\/product_cat?post=156023"},{"taxonomy":"product_tag","embeddable":true,"href":"https:\/\/marktxxl.de\/markt\/wp-json\/wp\/v2\/product_tag?post=156023"}],"curies":[{"name":"wp","href":"https:\/\/api.w.org\/{rel}","templated":true}]}}