{"id":155999,"date":"2022-10-11T22:31:07","date_gmt":"2022-10-11T20:31:07","guid":{"rendered":"https:\/\/marktxxl.de\/markt\/produkt\/retrospec-unisex-teenager-rover-kinderfahrradanhaenger-einzel-und-doppelfahrer-fuer-kinder-klappbar-zusammenklappbar-mit-406-cm-raedern-sicherheitsreflektoren-und-ablagefach-hinten\/"},"modified":"2023-04-11T04:37:33","modified_gmt":"2023-04-11T02:37:33","slug":"retrospec-unisex-teenager-rover-kinderfahrradanhaenger-einzel-und-doppelfahrer-fuer-kinder-klappbar-zusammenklappbar-mit-406-cm-raedern-sicherheitsreflektoren-und-ablagefach-hinten","status":"publish","type":"product","link":"https:\/\/marktxxl.de\/markt\/produkt\/retrospec-unisex-teenager-rover-kinderfahrradanhaenger-einzel-und-doppelfahrer-fuer-kinder-klappbar-zusammenklappbar-mit-406-cm-raedern-sicherheitsreflektoren-und-ablagefach-hinten\/","title":{"rendered":"Retrospec Unisex, Teenager Rover Kinderfahrradanh\u00e4nger \u2013 Einzel-und Doppelfahrer f\u00fcr Kinder, Klappbar\/Zusammenklappbar\u2026"},"content":{"rendered":"<p>Rover-Fahrradanh\u00e4nger: Kinder fahren sicher und sicher in Rover. Ein 5-Punkt-Sicherheitsgurt h\u00e4lt sie w\u00e4hrend der Fahrt gesch\u00fctzt. Insekten- und Wetterschutz umgeben Rover f\u00fcr einen komfortablen Transport unabh\u00e4ngig von den Bedingungen.<br \/>\nHohe Sichtbarkeit: Hochwertige Sicherheitsreflektoren und eine gut sichtbare Sicherheitswimpel und reflektierendes Wickelgewebe f\u00fcr zus\u00e4tzliche Pflege auf der Stra\u00dfe.<br \/>\nKompakt und zusammenklappbar: Das Cruisen mit Ihrer vollen Crew ist einfach mit dem einzigartigen Faltdesign von Rover. Wo auch immer Sie herumlaufen k\u00f6nnen, geht der Rover auch. Mit wenigen Handgriffen umschlie\u00dft der robuste Rahmen eine kompakte, tragbare Gr\u00f6\u00dfe f\u00fcr einfache Lagerung und Reisen.<br \/>\nWetterfest: Element- und witterungsbest\u00e4ndiges Gewebe, Wetterschutzscheiben und Heckfenster sch\u00fctzen zierliche Passagiere vor Schmutz, schlechtem Wetter und Insekten.<br \/>\nGro\u00dfes Stauraum: Rover ist mit einer tiefen R\u00fcckentasche f\u00fcr Fu\u00dfb\u00e4lle, Frisbees, Essen und alles andere ausgestattet, was Sie f\u00fcr einen Tag drau\u00dfen ben\u00f6tigen. Stoff und integrierter Insektenschutz sch\u00fctzen Ihre Gegenst\u00e4nde vor allem, was Ihre Fahrt auf sie wirft.<br \/>\n<div class=\"main-cross-sell\" data-asin=\"B09QJ49FFX\">\n\n\t<div class=\"WooZone-cross-sell-loader\">\n\t\t<div>\n\t\t\t<div id=\"floatingBarsG\">\n\t\t\t\t<div class=\"blockG\" id=\"rotateG_01\"><\/div>\n\t\t\t\t<div class=\"blockG\" id=\"rotateG_02\"><\/div>\n\t\t\t\t<div class=\"blockG\" id=\"rotateG_03\"><\/div>\n\t\t\t\t<div class=\"blockG\" id=\"rotateG_04\"><\/div>\n\t\t\t\t<div class=\"blockG\" id=\"rotateG_05\"><\/div>\n\t\t\t\t<div class=\"blockG\" id=\"rotateG_06\"><\/div>\n\t\t\t\t<div class=\"blockG\" id=\"rotateG_07\"><\/div>\n\t\t\t\t<div class=\"blockG\" id=\"rotateG_08\"><\/div>\n\t\t\t<\/div>\n\t\t\t<div class=\"WooZone-cross-sell-loader-text\"><\/div>\n\t\t<\/div>\n\t<\/div>\n\n\t\t\n<\/div>\n<div style=\"clear:both;\"><\/div><\/p>\n","protected":false},"excerpt":{"rendered":"<p>Rover-Fahrradanh\u00e4nger: Kinder fahren sicher und sicher in Rover. Ein 5-Punkt-Sicherheitsgurt h\u00e4lt sie w\u00e4hrend der Fahrt gesch\u00fctzt. Insekten- und Wetterschutz umgeben Rover f\u00fcr einen komfortablen Transport unabh\u00e4ngig von den Bedingungen.<br \/>\nHohe Sichtbarkeit: Hochwertige Sicherheitsreflektoren und eine gut sichtbare Sicherheitswimpel und reflektierendes Wickelgewebe f\u00fcr zus\u00e4tzliche Pflege auf der Stra\u00dfe.<br \/>\nKompakt und zusammenklappbar: Das Cruisen mit Ihrer vollen Crew ist einfach mit dem einzigartigen Faltdesign von Rover. Wo auch immer Sie herumlaufen k\u00f6nnen, geht der Rover auch. Mit wenigen Handgriffen umschlie\u00dft der robuste Rahmen eine kompakte, tragbare Gr\u00f6\u00dfe f\u00fcr einfache Lagerung und Reisen.<\/p>\n","protected":false},"featured_media":156000,"comment_status":"open","ping_status":"closed","template":"","meta":[],"product_brand":[],"product_cat":[21,9245],"product_tag":[],"class_list":{"0":"post-155999","1":"product","2":"type-product","3":"status-publish","4":"has-post-thumbnail","6":"product_cat-baby","7":"product_cat-fahrradanhaenger-zubehoer-baby","8":"pa_binding-ausruestung","9":"pa_brand-retrospec","10":"pa_manufacturer-retrospec","12":"first","13":"instock","14":"shipping-taxable","15":"purchasable","16":"product-type-simple","17":"customify-col","18":"product-has-gallery"},"yoast_head":"<!-- This site is optimized with the Yoast SEO plugin v27.4 - https:\/\/yoast.com\/product\/yoast-seo-wordpress\/ -->\n<title>Retrospec Unisex, Teenager Rover Kinderfahrradanh\u00e4nger \u2013 Einzel-und Doppelfahrer f\u00fcr Kinder, Klappbar\/Zusammenklappbar\u2026 - Markt-XXL<\/title>\n<meta name=\"description\" content=\"Markt-XXL Retrospec Unisex, Teenager Rover Kinderfahrradanh\u00e4nger \u2013 Einzel-und Doppelfahrer f\u00fcr Kinder, Klappbar\/Zusammenklappbar\u2026\" \/>\n<meta name=\"robots\" content=\"index, follow, max-snippet:-1, max-image-preview:large, max-video-preview:-1\" \/>\n<link rel=\"canonical\" href=\"https:\/\/marktxxl.de\/markt\/produkt\/retrospec-unisex-teenager-rover-kinderfahrradanhaenger-einzel-und-doppelfahrer-fuer-kinder-klappbar-zusammenklappbar-mit-406-cm-raedern-sicherheitsreflektoren-und-ablagefach-hinten\/\" \/>\n<meta property=\"og:locale\" content=\"de_DE\" \/>\n<meta property=\"og:type\" content=\"article\" \/>\n<meta property=\"og:title\" content=\"Retrospec Unisex, Teenager Rover Kinderfahrradanh\u00e4nger \u2013 Einzel-und Doppelfahrer f\u00fcr Kinder, Klappbar\/Zusammenklappbar\u2026 - Markt-XXL\" \/>\n<meta property=\"og:description\" content=\"Markt-XXL Retrospec Unisex, Teenager Rover Kinderfahrradanh\u00e4nger \u2013 Einzel-und Doppelfahrer f\u00fcr Kinder, Klappbar\/Zusammenklappbar\u2026\" \/>\n<meta property=\"og:url\" content=\"https:\/\/marktxxl.de\/markt\/produkt\/retrospec-unisex-teenager-rover-kinderfahrradanhaenger-einzel-und-doppelfahrer-fuer-kinder-klappbar-zusammenklappbar-mit-406-cm-raedern-sicherheitsreflektoren-und-ablagefach-hinten\/\" \/>\n<meta property=\"og:site_name\" content=\"Markt-XXL\" \/>\n<meta property=\"article:modified_time\" content=\"2023-04-11T02:37:33+00:00\" \/>\n<meta property=\"og:image\" content=\"https:\/\/m.media-amazon.com\/images\/I\/41urunE2VpS._SL500_.jpg\" \/>\n\t<meta property=\"og:image:width\" content=\"500\" \/>\n\t<meta property=\"og:image:height\" content=\"500\" \/>\n\t<meta property=\"og:image:type\" content=\"image\/jpeg\" \/>\n<meta name=\"twitter:card\" content=\"summary_large_image\" \/>\n<meta name=\"twitter:label1\" content=\"Gesch\u00e4tzte Lesezeit\" \/>\n\t<meta name=\"twitter:data1\" content=\"1\u00a0Minute\" \/>\n<script type=\"application\/ld+json\" class=\"yoast-schema-graph\">{\"@context\":\"https:\\\/\\\/schema.org\",\"@graph\":[{\"@type\":\"WebPage\",\"@id\":\"https:\\\/\\\/marktxxl.de\\\/markt\\\/produkt\\\/retrospec-unisex-teenager-rover-kinderfahrradanhaenger-einzel-und-doppelfahrer-fuer-kinder-klappbar-zusammenklappbar-mit-406-cm-raedern-sicherheitsreflektoren-und-ablagefach-hinten\\\/\",\"url\":\"https:\\\/\\\/marktxxl.de\\\/markt\\\/produkt\\\/retrospec-unisex-teenager-rover-kinderfahrradanhaenger-einzel-und-doppelfahrer-fuer-kinder-klappbar-zusammenklappbar-mit-406-cm-raedern-sicherheitsreflektoren-und-ablagefach-hinten\\\/\",\"name\":\"Retrospec Unisex, Teenager Rover Kinderfahrradanh\u00e4nger \u2013 Einzel-und Doppelfahrer f\u00fcr Kinder, Klappbar\\\/Zusammenklappbar\u2026 - Markt-XXL\",\"isPartOf\":{\"@id\":\"https:\\\/\\\/marktxxl.de\\\/markt\\\/#website\"},\"primaryImageOfPage\":{\"@id\":\"https:\\\/\\\/marktxxl.de\\\/markt\\\/produkt\\\/retrospec-unisex-teenager-rover-kinderfahrradanhaenger-einzel-und-doppelfahrer-fuer-kinder-klappbar-zusammenklappbar-mit-406-cm-raedern-sicherheitsreflektoren-und-ablagefach-hinten\\\/#primaryimage\"},\"image\":{\"@id\":\"https:\\\/\\\/marktxxl.de\\\/markt\\\/produkt\\\/retrospec-unisex-teenager-rover-kinderfahrradanhaenger-einzel-und-doppelfahrer-fuer-kinder-klappbar-zusammenklappbar-mit-406-cm-raedern-sicherheitsreflektoren-und-ablagefach-hinten\\\/#primaryimage\"},\"thumbnailUrl\":\"https:\\\/\\\/m.media-amazon.com\\\/images\\\/I\\\/41urunE2VpS._SL500_.jpg\",\"datePublished\":\"2022-10-11T20:31:07+00:00\",\"dateModified\":\"2023-04-11T02:37:33+00:00\",\"description\":\"Markt-XXL Retrospec Unisex, Teenager Rover Kinderfahrradanh\u00e4nger \u2013 Einzel-und Doppelfahrer f\u00fcr Kinder, Klappbar\\\/Zusammenklappbar\u2026\",\"breadcrumb\":{\"@id\":\"https:\\\/\\\/marktxxl.de\\\/markt\\\/produkt\\\/retrospec-unisex-teenager-rover-kinderfahrradanhaenger-einzel-und-doppelfahrer-fuer-kinder-klappbar-zusammenklappbar-mit-406-cm-raedern-sicherheitsreflektoren-und-ablagefach-hinten\\\/#breadcrumb\"},\"inLanguage\":\"de\",\"potentialAction\":[{\"@type\":\"ReadAction\",\"target\":[\"https:\\\/\\\/marktxxl.de\\\/markt\\\/produkt\\\/retrospec-unisex-teenager-rover-kinderfahrradanhaenger-einzel-und-doppelfahrer-fuer-kinder-klappbar-zusammenklappbar-mit-406-cm-raedern-sicherheitsreflektoren-und-ablagefach-hinten\\\/\"]}]},{\"@type\":\"ImageObject\",\"inLanguage\":\"de\",\"@id\":\"https:\\\/\\\/marktxxl.de\\\/markt\\\/produkt\\\/retrospec-unisex-teenager-rover-kinderfahrradanhaenger-einzel-und-doppelfahrer-fuer-kinder-klappbar-zusammenklappbar-mit-406-cm-raedern-sicherheitsreflektoren-und-ablagefach-hinten\\\/#primaryimage\",\"url\":\"https:\\\/\\\/m.media-amazon.com\\\/images\\\/I\\\/41urunE2VpS._SL500_.jpg\",\"contentUrl\":\"https:\\\/\\\/m.media-amazon.com\\\/images\\\/I\\\/41urunE2VpS._SL500_.jpg\",\"width\":500,\"height\":500},{\"@type\":\"BreadcrumbList\",\"@id\":\"https:\\\/\\\/marktxxl.de\\\/markt\\\/produkt\\\/retrospec-unisex-teenager-rover-kinderfahrradanhaenger-einzel-und-doppelfahrer-fuer-kinder-klappbar-zusammenklappbar-mit-406-cm-raedern-sicherheitsreflektoren-und-ablagefach-hinten\\\/#breadcrumb\",\"itemListElement\":[{\"@type\":\"ListItem\",\"position\":1,\"name\":\"Startseite\",\"item\":\"https:\\\/\\\/marktxxl.de\\\/markt\\\/\"},{\"@type\":\"ListItem\",\"position\":2,\"name\":\"Markt\",\"item\":\"https:\\\/\\\/marktxxl.de\\\/markt\\\/\"},{\"@type\":\"ListItem\",\"position\":3,\"name\":\"Retrospec Unisex, Teenager Rover Kinderfahrradanh\u00e4nger \u2013 Einzel-und Doppelfahrer f\u00fcr Kinder, Klappbar\\\/Zusammenklappbar\u2026\"}]},{\"@type\":\"WebSite\",\"@id\":\"https:\\\/\\\/marktxxl.de\\\/markt\\\/#website\",\"url\":\"https:\\\/\\\/marktxxl.de\\\/markt\\\/\",\"name\":\"Markt-XXL\",\"description\":\"Ihr Markt Online\",\"publisher\":{\"@id\":\"https:\\\/\\\/marktxxl.de\\\/markt\\\/#organization\"},\"potentialAction\":[{\"@type\":\"SearchAction\",\"target\":{\"@type\":\"EntryPoint\",\"urlTemplate\":\"https:\\\/\\\/marktxxl.de\\\/markt\\\/?s={search_term_string}\"},\"query-input\":{\"@type\":\"PropertyValueSpecification\",\"valueRequired\":true,\"valueName\":\"search_term_string\"}}],\"inLanguage\":\"de\"},{\"@type\":\"Organization\",\"@id\":\"https:\\\/\\\/marktxxl.de\\\/markt\\\/#organization\",\"name\":\"Markt-XXL\",\"url\":\"https:\\\/\\\/marktxxl.de\\\/markt\\\/\",\"logo\":{\"@type\":\"ImageObject\",\"inLanguage\":\"de\",\"@id\":\"https:\\\/\\\/marktxxl.de\\\/markt\\\/#\\\/schema\\\/logo\\\/image\\\/\",\"url\":\"https:\\\/\\\/marktxxl.de\\\/markt\\\/wp-content\\\/uploads\\\/sites\\\/3\\\/2020\\\/12\\\/logo.png\",\"contentUrl\":\"https:\\\/\\\/marktxxl.de\\\/markt\\\/wp-content\\\/uploads\\\/sites\\\/3\\\/2020\\\/12\\\/logo.png\",\"width\":200,\"height\":70,\"caption\":\"Markt-XXL\"},\"image\":{\"@id\":\"https:\\\/\\\/marktxxl.de\\\/markt\\\/#\\\/schema\\\/logo\\\/image\\\/\"}}]}<\/script>\n<!-- \/ Yoast SEO plugin. -->","yoast_head_json":{"title":"Retrospec Unisex, Teenager Rover Kinderfahrradanh\u00e4nger \u2013 Einzel-und Doppelfahrer f\u00fcr Kinder, Klappbar\/Zusammenklappbar\u2026 - Markt-XXL","description":"Markt-XXL Retrospec Unisex, Teenager Rover Kinderfahrradanh\u00e4nger \u2013 Einzel-und Doppelfahrer f\u00fcr Kinder, Klappbar\/Zusammenklappbar\u2026","robots":{"index":"index","follow":"follow","max-snippet":"max-snippet:-1","max-image-preview":"max-image-preview:large","max-video-preview":"max-video-preview:-1"},"canonical":"https:\/\/marktxxl.de\/markt\/produkt\/retrospec-unisex-teenager-rover-kinderfahrradanhaenger-einzel-und-doppelfahrer-fuer-kinder-klappbar-zusammenklappbar-mit-406-cm-raedern-sicherheitsreflektoren-und-ablagefach-hinten\/","og_locale":"de_DE","og_type":"article","og_title":"Retrospec Unisex, Teenager Rover Kinderfahrradanh\u00e4nger \u2013 Einzel-und Doppelfahrer f\u00fcr Kinder, Klappbar\/Zusammenklappbar\u2026 - Markt-XXL","og_description":"Markt-XXL Retrospec Unisex, Teenager Rover Kinderfahrradanh\u00e4nger \u2013 Einzel-und Doppelfahrer f\u00fcr Kinder, Klappbar\/Zusammenklappbar\u2026","og_url":"https:\/\/marktxxl.de\/markt\/produkt\/retrospec-unisex-teenager-rover-kinderfahrradanhaenger-einzel-und-doppelfahrer-fuer-kinder-klappbar-zusammenklappbar-mit-406-cm-raedern-sicherheitsreflektoren-und-ablagefach-hinten\/","og_site_name":"Markt-XXL","article_modified_time":"2023-04-11T02:37:33+00:00","og_image":[{"width":500,"height":500,"url":"https:\/\/m.media-amazon.com\/images\/I\/41urunE2VpS._SL500_.jpg","type":"image\/jpeg"}],"twitter_card":"summary_large_image","twitter_misc":{"Gesch\u00e4tzte Lesezeit":"1\u00a0Minute"},"schema":{"@context":"https:\/\/schema.org","@graph":[{"@type":"WebPage","@id":"https:\/\/marktxxl.de\/markt\/produkt\/retrospec-unisex-teenager-rover-kinderfahrradanhaenger-einzel-und-doppelfahrer-fuer-kinder-klappbar-zusammenklappbar-mit-406-cm-raedern-sicherheitsreflektoren-und-ablagefach-hinten\/","url":"https:\/\/marktxxl.de\/markt\/produkt\/retrospec-unisex-teenager-rover-kinderfahrradanhaenger-einzel-und-doppelfahrer-fuer-kinder-klappbar-zusammenklappbar-mit-406-cm-raedern-sicherheitsreflektoren-und-ablagefach-hinten\/","name":"Retrospec Unisex, Teenager Rover Kinderfahrradanh\u00e4nger \u2013 Einzel-und Doppelfahrer f\u00fcr Kinder, Klappbar\/Zusammenklappbar\u2026 - Markt-XXL","isPartOf":{"@id":"https:\/\/marktxxl.de\/markt\/#website"},"primaryImageOfPage":{"@id":"https:\/\/marktxxl.de\/markt\/produkt\/retrospec-unisex-teenager-rover-kinderfahrradanhaenger-einzel-und-doppelfahrer-fuer-kinder-klappbar-zusammenklappbar-mit-406-cm-raedern-sicherheitsreflektoren-und-ablagefach-hinten\/#primaryimage"},"image":{"@id":"https:\/\/marktxxl.de\/markt\/produkt\/retrospec-unisex-teenager-rover-kinderfahrradanhaenger-einzel-und-doppelfahrer-fuer-kinder-klappbar-zusammenklappbar-mit-406-cm-raedern-sicherheitsreflektoren-und-ablagefach-hinten\/#primaryimage"},"thumbnailUrl":"https:\/\/m.media-amazon.com\/images\/I\/41urunE2VpS._SL500_.jpg","datePublished":"2022-10-11T20:31:07+00:00","dateModified":"2023-04-11T02:37:33+00:00","description":"Markt-XXL Retrospec Unisex, Teenager Rover Kinderfahrradanh\u00e4nger \u2013 Einzel-und Doppelfahrer f\u00fcr Kinder, Klappbar\/Zusammenklappbar\u2026","breadcrumb":{"@id":"https:\/\/marktxxl.de\/markt\/produkt\/retrospec-unisex-teenager-rover-kinderfahrradanhaenger-einzel-und-doppelfahrer-fuer-kinder-klappbar-zusammenklappbar-mit-406-cm-raedern-sicherheitsreflektoren-und-ablagefach-hinten\/#breadcrumb"},"inLanguage":"de","potentialAction":[{"@type":"ReadAction","target":["https:\/\/marktxxl.de\/markt\/produkt\/retrospec-unisex-teenager-rover-kinderfahrradanhaenger-einzel-und-doppelfahrer-fuer-kinder-klappbar-zusammenklappbar-mit-406-cm-raedern-sicherheitsreflektoren-und-ablagefach-hinten\/"]}]},{"@type":"ImageObject","inLanguage":"de","@id":"https:\/\/marktxxl.de\/markt\/produkt\/retrospec-unisex-teenager-rover-kinderfahrradanhaenger-einzel-und-doppelfahrer-fuer-kinder-klappbar-zusammenklappbar-mit-406-cm-raedern-sicherheitsreflektoren-und-ablagefach-hinten\/#primaryimage","url":"https:\/\/m.media-amazon.com\/images\/I\/41urunE2VpS._SL500_.jpg","contentUrl":"https:\/\/m.media-amazon.com\/images\/I\/41urunE2VpS._SL500_.jpg","width":500,"height":500},{"@type":"BreadcrumbList","@id":"https:\/\/marktxxl.de\/markt\/produkt\/retrospec-unisex-teenager-rover-kinderfahrradanhaenger-einzel-und-doppelfahrer-fuer-kinder-klappbar-zusammenklappbar-mit-406-cm-raedern-sicherheitsreflektoren-und-ablagefach-hinten\/#breadcrumb","itemListElement":[{"@type":"ListItem","position":1,"name":"Startseite","item":"https:\/\/marktxxl.de\/markt\/"},{"@type":"ListItem","position":2,"name":"Markt","item":"https:\/\/marktxxl.de\/markt\/"},{"@type":"ListItem","position":3,"name":"Retrospec Unisex, Teenager Rover Kinderfahrradanh\u00e4nger \u2013 Einzel-und Doppelfahrer f\u00fcr Kinder, Klappbar\/Zusammenklappbar\u2026"}]},{"@type":"WebSite","@id":"https:\/\/marktxxl.de\/markt\/#website","url":"https:\/\/marktxxl.de\/markt\/","name":"Markt-XXL","description":"Ihr Markt Online","publisher":{"@id":"https:\/\/marktxxl.de\/markt\/#organization"},"potentialAction":[{"@type":"SearchAction","target":{"@type":"EntryPoint","urlTemplate":"https:\/\/marktxxl.de\/markt\/?s={search_term_string}"},"query-input":{"@type":"PropertyValueSpecification","valueRequired":true,"valueName":"search_term_string"}}],"inLanguage":"de"},{"@type":"Organization","@id":"https:\/\/marktxxl.de\/markt\/#organization","name":"Markt-XXL","url":"https:\/\/marktxxl.de\/markt\/","logo":{"@type":"ImageObject","inLanguage":"de","@id":"https:\/\/marktxxl.de\/markt\/#\/schema\/logo\/image\/","url":"https:\/\/marktxxl.de\/markt\/wp-content\/uploads\/sites\/3\/2020\/12\/logo.png","contentUrl":"https:\/\/marktxxl.de\/markt\/wp-content\/uploads\/sites\/3\/2020\/12\/logo.png","width":200,"height":70,"caption":"Markt-XXL"},"image":{"@id":"https:\/\/marktxxl.de\/markt\/#\/schema\/logo\/image\/"}}]}},"_links":{"self":[{"href":"https:\/\/marktxxl.de\/markt\/wp-json\/wp\/v2\/product\/155999","targetHints":{"allow":["GET"]}}],"collection":[{"href":"https:\/\/marktxxl.de\/markt\/wp-json\/wp\/v2\/product"}],"about":[{"href":"https:\/\/marktxxl.de\/markt\/wp-json\/wp\/v2\/types\/product"}],"replies":[{"embeddable":true,"href":"https:\/\/marktxxl.de\/markt\/wp-json\/wp\/v2\/comments?post=155999"}],"wp:featuredmedia":[{"embeddable":true,"href":"https:\/\/marktxxl.de\/markt\/wp-json\/wp\/v2\/media\/156000"}],"wp:attachment":[{"href":"https:\/\/marktxxl.de\/markt\/wp-json\/wp\/v2\/media?parent=155999"}],"wp:term":[{"taxonomy":"product_brand","embeddable":true,"href":"https:\/\/marktxxl.de\/markt\/wp-json\/wp\/v2\/product_brand?post=155999"},{"taxonomy":"product_cat","embeddable":true,"href":"https:\/\/marktxxl.de\/markt\/wp-json\/wp\/v2\/product_cat?post=155999"},{"taxonomy":"product_tag","embeddable":true,"href":"https:\/\/marktxxl.de\/markt\/wp-json\/wp\/v2\/product_tag?post=155999"}],"curies":[{"name":"wp","href":"https:\/\/api.w.org\/{rel}","templated":true}]}}