{"id":155957,"date":"2022-10-11T21:32:06","date_gmt":"2022-10-11T19:32:06","guid":{"rendered":"https:\/\/marktxxl.de\/markt\/produkt\/ohrenschmalz-entferner-otoskop-ohr-kamera-endoskop-5-milionen-pixel-ohrreiniger-1080p-ultraduenne-hd-drahtlos-wasserdicht-ohrenspiegel-mit-camera-ohr-endoskop-fuer-baby-kinder-erwachsene-schwarz\/"},"modified":"2023-04-11T04:37:32","modified_gmt":"2023-04-11T02:37:32","slug":"ohrenschmalz-entferner-otoskop-ohr-kamera-endoskop-5-milionen-pixel-ohrreiniger-1080p-ultraduenne-hd-drahtlos-wasserdicht-ohrenspiegel-mit-camera-ohr-endoskop-fuer-baby-kinder-erwachsene-schwarz","status":"publish","type":"product","link":"https:\/\/marktxxl.de\/markt\/produkt\/ohrenschmalz-entferner-otoskop-ohr-kamera-endoskop-5-milionen-pixel-ohrreiniger-1080p-ultraduenne-hd-drahtlos-wasserdicht-ohrenspiegel-mit-camera-ohr-endoskop-fuer-baby-kinder-erwachsene-schwarz\/","title":{"rendered":"Ohrenschmalz Entferner Otoskop, Ohr Kamera Endoskop, 5 Milionen Pixel Ohrreiniger, 1080P Ultrad\u00fcnne HD Drahtlos\u2026"},"content":{"rendered":"<p>\u30103,9 mm ultrad\u00fcnnes Otoskop\u3011: Das Werkzeug zum ohrenschmalz entferner ist ein ultrad\u00fcnnes Otoskop mit einem Durchmesser von 3,9 mm. Es verf\u00fcgt \u00fcber 6 wei\u00dfe LED-Leuchten mit hoher Helligkeit, um das Bild der Ohrenschmalzentfernung stabiler und klarer zu machen. Das ultrad\u00fcnne 3,9-mm-Otoskop eignet sich besser f\u00fcr die Entfernung von Ohrenschmalz f\u00fcr den Heimgebrauch.<br \/>\n\u3010Breite Kompatibilit\u00e4t\u3011: Das Werkzeug zum ohrenschmalz entferner kann verwendet werden, um den Geh\u00f6rgang, die Mundh\u00f6hle, das Zahnfleisch, die Ohren, die Nase, die Nasenh\u00f6hle und Haustiere zu \u00fcberpr\u00fcfen. Unterst\u00fctzungssystem: Android<br \/>\n\u3010Anti-Drop-Ohrst\u00f6psel\u3011: Silikon-Ohrst\u00f6psel bestehen aus hautfreundlichen Materialien, die m\u00e4\u00dfig weich und hart sind,ohrreiniger, sodass Sie sich keine Sorgen um scharfe Kanten des Geh\u00f6rgangs machen m\u00fcssen. Auch bei l\u00e4ngerem Gebrauch k\u00f6nnen die empfindlichen Organe des Babys gut gesch\u00fctzt werden.<br \/>\n\u3010Breite Anwendungen\u3011: Der Ohrl\u00f6ffel aus medizinischem PC-Material in Bio-Qualit\u00e4t ist weich und sicher, um verschiedene Menschen zu treffen. Ohrenreiniger. Sie k\u00f6nnen damit Ihre Ohren, Nase, Mund, Z\u00e4hne, Rachen und andere K\u00f6rperteile untersuchen. Es kann auch f\u00fcr Kinder, Erwachsene und Haustiere verwendet werden.<br \/>\n\u3010Paket beinhaltet\u3011: 1 Ohrreiniger f\u00fcr Erwachsene, 2 Silikon-Ohrschaufel-Ersatzspitzen, 2 USB-Adapter.<br \/>\n<div class=\"main-cross-sell\" data-asin=\"B09W8W6VHW\">\n\n\t<div class=\"WooZone-cross-sell-loader\">\n\t\t<div>\n\t\t\t<div id=\"floatingBarsG\">\n\t\t\t\t<div class=\"blockG\" id=\"rotateG_01\"><\/div>\n\t\t\t\t<div class=\"blockG\" id=\"rotateG_02\"><\/div>\n\t\t\t\t<div class=\"blockG\" id=\"rotateG_03\"><\/div>\n\t\t\t\t<div class=\"blockG\" id=\"rotateG_04\"><\/div>\n\t\t\t\t<div class=\"blockG\" id=\"rotateG_05\"><\/div>\n\t\t\t\t<div class=\"blockG\" id=\"rotateG_06\"><\/div>\n\t\t\t\t<div class=\"blockG\" id=\"rotateG_07\"><\/div>\n\t\t\t\t<div class=\"blockG\" id=\"rotateG_08\"><\/div>\n\t\t\t<\/div>\n\t\t\t<div class=\"WooZone-cross-sell-loader-text\"><\/div>\n\t\t<\/div>\n\t<\/div>\n\n\t\t\n<\/div>\n<div style=\"clear:both;\"><\/div><\/p>\n","protected":false},"excerpt":{"rendered":"<p>\u30103,9 mm ultrad\u00fcnnes Otoskop\u3011: Das Werkzeug zum ohrenschmalz entferner ist ein ultrad\u00fcnnes Otoskop mit einem Durchmesser von 3,9 mm. Es verf\u00fcgt \u00fcber 6 wei\u00dfe LED-Leuchten mit hoher Helligkeit, um das Bild der Ohrenschmalzentfernung stabiler und klarer zu machen. Das ultrad\u00fcnne 3,9-mm-Otoskop eignet sich besser f\u00fcr die Entfernung von Ohrenschmalz f\u00fcr den Heimgebrauch.<br \/>\n\u3010Breite Kompatibilit\u00e4t\u3011: Das Werkzeug zum ohrenschmalz entferner kann verwendet werden, um den Geh\u00f6rgang, die Mundh\u00f6hle, das Zahnfleisch, die Ohren, die Nase, die Nasenh\u00f6hle und Haustiere zu \u00fcberpr\u00fcfen. Unterst\u00fctzungssystem: Android<br \/>\n\u3010Anti-Drop-Ohrst\u00f6psel\u3011: Silikon-Ohrst\u00f6psel bestehen aus hautfreundlichen Materialien, die m\u00e4\u00dfig weich und hart sind,ohrreiniger, sodass Sie sich keine Sorgen um scharfe Kanten des Geh\u00f6rgangs machen m\u00fcssen. Auch bei l\u00e4ngerem Gebrauch k\u00f6nnen die empfindlichen Organe des Babys gut gesch\u00fctzt werden.<\/p>\n","protected":false},"featured_media":155958,"comment_status":"open","ping_status":"closed","template":"","meta":[],"product_brand":[],"product_cat":[21,9009],"product_tag":[],"class_list":{"0":"post-155957","1":"product","2":"type-product","3":"status-publish","4":"has-post-thumbnail","6":"product_cat-baby","7":"product_cat-babypflege-baby","8":"pa_brand-melarqt","9":"pa_color-schwarz","11":"first","12":"instock","13":"shipping-taxable","14":"purchasable","15":"product-type-simple","16":"customify-col","17":"product-has-gallery"},"yoast_head":"<!-- This site is optimized with the Yoast SEO plugin v27.3 - https:\/\/yoast.com\/product\/yoast-seo-wordpress\/ -->\n<title>Ohrenschmalz Entferner Otoskop, Ohr Kamera Endoskop, 5 Milionen Pixel Ohrreiniger, 1080P Ultrad\u00fcnne HD Drahtlos\u2026 - Markt-XXL<\/title>\n<meta name=\"description\" content=\"Markt-XXL Ohrenschmalz Entferner Otoskop, Ohr Kamera Endoskop, 5 Milionen Pixel Ohrreiniger, 1080P Ultrad\u00fcnne HD Drahtlos\u2026\" \/>\n<meta name=\"robots\" content=\"index, follow, max-snippet:-1, max-image-preview:large, max-video-preview:-1\" \/>\n<link rel=\"canonical\" href=\"https:\/\/marktxxl.de\/markt\/produkt\/ohrenschmalz-entferner-otoskop-ohr-kamera-endoskop-5-milionen-pixel-ohrreiniger-1080p-ultraduenne-hd-drahtlos-wasserdicht-ohrenspiegel-mit-camera-ohr-endoskop-fuer-baby-kinder-erwachsene-schwarz\/\" \/>\n<meta property=\"og:locale\" content=\"de_DE\" \/>\n<meta property=\"og:type\" content=\"article\" \/>\n<meta property=\"og:title\" content=\"Ohrenschmalz Entferner Otoskop, Ohr Kamera Endoskop, 5 Milionen Pixel Ohrreiniger, 1080P Ultrad\u00fcnne HD Drahtlos\u2026 - Markt-XXL\" \/>\n<meta property=\"og:description\" content=\"Markt-XXL Ohrenschmalz Entferner Otoskop, Ohr Kamera Endoskop, 5 Milionen Pixel Ohrreiniger, 1080P Ultrad\u00fcnne HD Drahtlos\u2026\" \/>\n<meta property=\"og:url\" content=\"https:\/\/marktxxl.de\/markt\/produkt\/ohrenschmalz-entferner-otoskop-ohr-kamera-endoskop-5-milionen-pixel-ohrreiniger-1080p-ultraduenne-hd-drahtlos-wasserdicht-ohrenspiegel-mit-camera-ohr-endoskop-fuer-baby-kinder-erwachsene-schwarz\/\" \/>\n<meta property=\"og:site_name\" content=\"Markt-XXL\" \/>\n<meta property=\"article:modified_time\" content=\"2023-04-11T02:37:32+00:00\" \/>\n<meta property=\"og:image\" content=\"https:\/\/m.media-amazon.com\/images\/I\/51--1mbIKiL._SL500_.jpg\" \/>\n\t<meta property=\"og:image:width\" content=\"500\" \/>\n\t<meta property=\"og:image:height\" content=\"500\" \/>\n\t<meta property=\"og:image:type\" content=\"image\/jpeg\" \/>\n<meta name=\"twitter:card\" content=\"summary_large_image\" \/>\n<meta name=\"twitter:label1\" content=\"Gesch\u00e4tzte Lesezeit\" \/>\n\t<meta name=\"twitter:data1\" content=\"1\u00a0Minute\" \/>\n<script type=\"application\/ld+json\" class=\"yoast-schema-graph\">{\"@context\":\"https:\\\/\\\/schema.org\",\"@graph\":[{\"@type\":\"WebPage\",\"@id\":\"https:\\\/\\\/marktxxl.de\\\/markt\\\/produkt\\\/ohrenschmalz-entferner-otoskop-ohr-kamera-endoskop-5-milionen-pixel-ohrreiniger-1080p-ultraduenne-hd-drahtlos-wasserdicht-ohrenspiegel-mit-camera-ohr-endoskop-fuer-baby-kinder-erwachsene-schwarz\\\/\",\"url\":\"https:\\\/\\\/marktxxl.de\\\/markt\\\/produkt\\\/ohrenschmalz-entferner-otoskop-ohr-kamera-endoskop-5-milionen-pixel-ohrreiniger-1080p-ultraduenne-hd-drahtlos-wasserdicht-ohrenspiegel-mit-camera-ohr-endoskop-fuer-baby-kinder-erwachsene-schwarz\\\/\",\"name\":\"Ohrenschmalz Entferner Otoskop, Ohr Kamera Endoskop, 5 Milionen Pixel Ohrreiniger, 1080P Ultrad\u00fcnne HD Drahtlos\u2026 - Markt-XXL\",\"isPartOf\":{\"@id\":\"https:\\\/\\\/marktxxl.de\\\/markt\\\/#website\"},\"primaryImageOfPage\":{\"@id\":\"https:\\\/\\\/marktxxl.de\\\/markt\\\/produkt\\\/ohrenschmalz-entferner-otoskop-ohr-kamera-endoskop-5-milionen-pixel-ohrreiniger-1080p-ultraduenne-hd-drahtlos-wasserdicht-ohrenspiegel-mit-camera-ohr-endoskop-fuer-baby-kinder-erwachsene-schwarz\\\/#primaryimage\"},\"image\":{\"@id\":\"https:\\\/\\\/marktxxl.de\\\/markt\\\/produkt\\\/ohrenschmalz-entferner-otoskop-ohr-kamera-endoskop-5-milionen-pixel-ohrreiniger-1080p-ultraduenne-hd-drahtlos-wasserdicht-ohrenspiegel-mit-camera-ohr-endoskop-fuer-baby-kinder-erwachsene-schwarz\\\/#primaryimage\"},\"thumbnailUrl\":\"https:\\\/\\\/m.media-amazon.com\\\/images\\\/I\\\/51--1mbIKiL._SL500_.jpg\",\"datePublished\":\"2022-10-11T19:32:06+00:00\",\"dateModified\":\"2023-04-11T02:37:32+00:00\",\"description\":\"Markt-XXL Ohrenschmalz Entferner Otoskop, Ohr Kamera Endoskop, 5 Milionen Pixel Ohrreiniger, 1080P Ultrad\u00fcnne HD Drahtlos\u2026\",\"breadcrumb\":{\"@id\":\"https:\\\/\\\/marktxxl.de\\\/markt\\\/produkt\\\/ohrenschmalz-entferner-otoskop-ohr-kamera-endoskop-5-milionen-pixel-ohrreiniger-1080p-ultraduenne-hd-drahtlos-wasserdicht-ohrenspiegel-mit-camera-ohr-endoskop-fuer-baby-kinder-erwachsene-schwarz\\\/#breadcrumb\"},\"inLanguage\":\"de\",\"potentialAction\":[{\"@type\":\"ReadAction\",\"target\":[\"https:\\\/\\\/marktxxl.de\\\/markt\\\/produkt\\\/ohrenschmalz-entferner-otoskop-ohr-kamera-endoskop-5-milionen-pixel-ohrreiniger-1080p-ultraduenne-hd-drahtlos-wasserdicht-ohrenspiegel-mit-camera-ohr-endoskop-fuer-baby-kinder-erwachsene-schwarz\\\/\"]}]},{\"@type\":\"ImageObject\",\"inLanguage\":\"de\",\"@id\":\"https:\\\/\\\/marktxxl.de\\\/markt\\\/produkt\\\/ohrenschmalz-entferner-otoskop-ohr-kamera-endoskop-5-milionen-pixel-ohrreiniger-1080p-ultraduenne-hd-drahtlos-wasserdicht-ohrenspiegel-mit-camera-ohr-endoskop-fuer-baby-kinder-erwachsene-schwarz\\\/#primaryimage\",\"url\":\"https:\\\/\\\/m.media-amazon.com\\\/images\\\/I\\\/51--1mbIKiL._SL500_.jpg\",\"contentUrl\":\"https:\\\/\\\/m.media-amazon.com\\\/images\\\/I\\\/51--1mbIKiL._SL500_.jpg\",\"width\":500,\"height\":500},{\"@type\":\"BreadcrumbList\",\"@id\":\"https:\\\/\\\/marktxxl.de\\\/markt\\\/produkt\\\/ohrenschmalz-entferner-otoskop-ohr-kamera-endoskop-5-milionen-pixel-ohrreiniger-1080p-ultraduenne-hd-drahtlos-wasserdicht-ohrenspiegel-mit-camera-ohr-endoskop-fuer-baby-kinder-erwachsene-schwarz\\\/#breadcrumb\",\"itemListElement\":[{\"@type\":\"ListItem\",\"position\":1,\"name\":\"Startseite\",\"item\":\"https:\\\/\\\/marktxxl.de\\\/markt\\\/\"},{\"@type\":\"ListItem\",\"position\":2,\"name\":\"Markt\",\"item\":\"https:\\\/\\\/marktxxl.de\\\/markt\\\/\"},{\"@type\":\"ListItem\",\"position\":3,\"name\":\"Ohrenschmalz Entferner Otoskop, Ohr Kamera Endoskop, 5 Milionen Pixel Ohrreiniger, 1080P Ultrad\u00fcnne HD Drahtlos\u2026\"}]},{\"@type\":\"WebSite\",\"@id\":\"https:\\\/\\\/marktxxl.de\\\/markt\\\/#website\",\"url\":\"https:\\\/\\\/marktxxl.de\\\/markt\\\/\",\"name\":\"Markt-XXL\",\"description\":\"Ihr Markt Online\",\"publisher\":{\"@id\":\"https:\\\/\\\/marktxxl.de\\\/markt\\\/#organization\"},\"potentialAction\":[{\"@type\":\"SearchAction\",\"target\":{\"@type\":\"EntryPoint\",\"urlTemplate\":\"https:\\\/\\\/marktxxl.de\\\/markt\\\/?s={search_term_string}\"},\"query-input\":{\"@type\":\"PropertyValueSpecification\",\"valueRequired\":true,\"valueName\":\"search_term_string\"}}],\"inLanguage\":\"de\"},{\"@type\":\"Organization\",\"@id\":\"https:\\\/\\\/marktxxl.de\\\/markt\\\/#organization\",\"name\":\"Markt-XXL\",\"url\":\"https:\\\/\\\/marktxxl.de\\\/markt\\\/\",\"logo\":{\"@type\":\"ImageObject\",\"inLanguage\":\"de\",\"@id\":\"https:\\\/\\\/marktxxl.de\\\/markt\\\/#\\\/schema\\\/logo\\\/image\\\/\",\"url\":\"https:\\\/\\\/marktxxl.de\\\/markt\\\/wp-content\\\/uploads\\\/sites\\\/3\\\/2020\\\/12\\\/logo.png\",\"contentUrl\":\"https:\\\/\\\/marktxxl.de\\\/markt\\\/wp-content\\\/uploads\\\/sites\\\/3\\\/2020\\\/12\\\/logo.png\",\"width\":200,\"height\":70,\"caption\":\"Markt-XXL\"},\"image\":{\"@id\":\"https:\\\/\\\/marktxxl.de\\\/markt\\\/#\\\/schema\\\/logo\\\/image\\\/\"}}]}<\/script>\n<!-- \/ Yoast SEO plugin. -->","yoast_head_json":{"title":"Ohrenschmalz Entferner Otoskop, Ohr Kamera Endoskop, 5 Milionen Pixel Ohrreiniger, 1080P Ultrad\u00fcnne HD Drahtlos\u2026 - Markt-XXL","description":"Markt-XXL Ohrenschmalz Entferner Otoskop, Ohr Kamera Endoskop, 5 Milionen Pixel Ohrreiniger, 1080P Ultrad\u00fcnne HD Drahtlos\u2026","robots":{"index":"index","follow":"follow","max-snippet":"max-snippet:-1","max-image-preview":"max-image-preview:large","max-video-preview":"max-video-preview:-1"},"canonical":"https:\/\/marktxxl.de\/markt\/produkt\/ohrenschmalz-entferner-otoskop-ohr-kamera-endoskop-5-milionen-pixel-ohrreiniger-1080p-ultraduenne-hd-drahtlos-wasserdicht-ohrenspiegel-mit-camera-ohr-endoskop-fuer-baby-kinder-erwachsene-schwarz\/","og_locale":"de_DE","og_type":"article","og_title":"Ohrenschmalz Entferner Otoskop, Ohr Kamera Endoskop, 5 Milionen Pixel Ohrreiniger, 1080P Ultrad\u00fcnne HD Drahtlos\u2026 - Markt-XXL","og_description":"Markt-XXL Ohrenschmalz Entferner Otoskop, Ohr Kamera Endoskop, 5 Milionen Pixel Ohrreiniger, 1080P Ultrad\u00fcnne HD Drahtlos\u2026","og_url":"https:\/\/marktxxl.de\/markt\/produkt\/ohrenschmalz-entferner-otoskop-ohr-kamera-endoskop-5-milionen-pixel-ohrreiniger-1080p-ultraduenne-hd-drahtlos-wasserdicht-ohrenspiegel-mit-camera-ohr-endoskop-fuer-baby-kinder-erwachsene-schwarz\/","og_site_name":"Markt-XXL","article_modified_time":"2023-04-11T02:37:32+00:00","og_image":[{"width":500,"height":500,"url":"https:\/\/m.media-amazon.com\/images\/I\/51--1mbIKiL._SL500_.jpg","type":"image\/jpeg"}],"twitter_card":"summary_large_image","twitter_misc":{"Gesch\u00e4tzte Lesezeit":"1\u00a0Minute"},"schema":{"@context":"https:\/\/schema.org","@graph":[{"@type":"WebPage","@id":"https:\/\/marktxxl.de\/markt\/produkt\/ohrenschmalz-entferner-otoskop-ohr-kamera-endoskop-5-milionen-pixel-ohrreiniger-1080p-ultraduenne-hd-drahtlos-wasserdicht-ohrenspiegel-mit-camera-ohr-endoskop-fuer-baby-kinder-erwachsene-schwarz\/","url":"https:\/\/marktxxl.de\/markt\/produkt\/ohrenschmalz-entferner-otoskop-ohr-kamera-endoskop-5-milionen-pixel-ohrreiniger-1080p-ultraduenne-hd-drahtlos-wasserdicht-ohrenspiegel-mit-camera-ohr-endoskop-fuer-baby-kinder-erwachsene-schwarz\/","name":"Ohrenschmalz Entferner Otoskop, Ohr Kamera Endoskop, 5 Milionen Pixel Ohrreiniger, 1080P Ultrad\u00fcnne HD Drahtlos\u2026 - Markt-XXL","isPartOf":{"@id":"https:\/\/marktxxl.de\/markt\/#website"},"primaryImageOfPage":{"@id":"https:\/\/marktxxl.de\/markt\/produkt\/ohrenschmalz-entferner-otoskop-ohr-kamera-endoskop-5-milionen-pixel-ohrreiniger-1080p-ultraduenne-hd-drahtlos-wasserdicht-ohrenspiegel-mit-camera-ohr-endoskop-fuer-baby-kinder-erwachsene-schwarz\/#primaryimage"},"image":{"@id":"https:\/\/marktxxl.de\/markt\/produkt\/ohrenschmalz-entferner-otoskop-ohr-kamera-endoskop-5-milionen-pixel-ohrreiniger-1080p-ultraduenne-hd-drahtlos-wasserdicht-ohrenspiegel-mit-camera-ohr-endoskop-fuer-baby-kinder-erwachsene-schwarz\/#primaryimage"},"thumbnailUrl":"https:\/\/m.media-amazon.com\/images\/I\/51--1mbIKiL._SL500_.jpg","datePublished":"2022-10-11T19:32:06+00:00","dateModified":"2023-04-11T02:37:32+00:00","description":"Markt-XXL Ohrenschmalz Entferner Otoskop, Ohr Kamera Endoskop, 5 Milionen Pixel Ohrreiniger, 1080P Ultrad\u00fcnne HD Drahtlos\u2026","breadcrumb":{"@id":"https:\/\/marktxxl.de\/markt\/produkt\/ohrenschmalz-entferner-otoskop-ohr-kamera-endoskop-5-milionen-pixel-ohrreiniger-1080p-ultraduenne-hd-drahtlos-wasserdicht-ohrenspiegel-mit-camera-ohr-endoskop-fuer-baby-kinder-erwachsene-schwarz\/#breadcrumb"},"inLanguage":"de","potentialAction":[{"@type":"ReadAction","target":["https:\/\/marktxxl.de\/markt\/produkt\/ohrenschmalz-entferner-otoskop-ohr-kamera-endoskop-5-milionen-pixel-ohrreiniger-1080p-ultraduenne-hd-drahtlos-wasserdicht-ohrenspiegel-mit-camera-ohr-endoskop-fuer-baby-kinder-erwachsene-schwarz\/"]}]},{"@type":"ImageObject","inLanguage":"de","@id":"https:\/\/marktxxl.de\/markt\/produkt\/ohrenschmalz-entferner-otoskop-ohr-kamera-endoskop-5-milionen-pixel-ohrreiniger-1080p-ultraduenne-hd-drahtlos-wasserdicht-ohrenspiegel-mit-camera-ohr-endoskop-fuer-baby-kinder-erwachsene-schwarz\/#primaryimage","url":"https:\/\/m.media-amazon.com\/images\/I\/51--1mbIKiL._SL500_.jpg","contentUrl":"https:\/\/m.media-amazon.com\/images\/I\/51--1mbIKiL._SL500_.jpg","width":500,"height":500},{"@type":"BreadcrumbList","@id":"https:\/\/marktxxl.de\/markt\/produkt\/ohrenschmalz-entferner-otoskop-ohr-kamera-endoskop-5-milionen-pixel-ohrreiniger-1080p-ultraduenne-hd-drahtlos-wasserdicht-ohrenspiegel-mit-camera-ohr-endoskop-fuer-baby-kinder-erwachsene-schwarz\/#breadcrumb","itemListElement":[{"@type":"ListItem","position":1,"name":"Startseite","item":"https:\/\/marktxxl.de\/markt\/"},{"@type":"ListItem","position":2,"name":"Markt","item":"https:\/\/marktxxl.de\/markt\/"},{"@type":"ListItem","position":3,"name":"Ohrenschmalz Entferner Otoskop, Ohr Kamera Endoskop, 5 Milionen Pixel Ohrreiniger, 1080P Ultrad\u00fcnne HD Drahtlos\u2026"}]},{"@type":"WebSite","@id":"https:\/\/marktxxl.de\/markt\/#website","url":"https:\/\/marktxxl.de\/markt\/","name":"Markt-XXL","description":"Ihr Markt Online","publisher":{"@id":"https:\/\/marktxxl.de\/markt\/#organization"},"potentialAction":[{"@type":"SearchAction","target":{"@type":"EntryPoint","urlTemplate":"https:\/\/marktxxl.de\/markt\/?s={search_term_string}"},"query-input":{"@type":"PropertyValueSpecification","valueRequired":true,"valueName":"search_term_string"}}],"inLanguage":"de"},{"@type":"Organization","@id":"https:\/\/marktxxl.de\/markt\/#organization","name":"Markt-XXL","url":"https:\/\/marktxxl.de\/markt\/","logo":{"@type":"ImageObject","inLanguage":"de","@id":"https:\/\/marktxxl.de\/markt\/#\/schema\/logo\/image\/","url":"https:\/\/marktxxl.de\/markt\/wp-content\/uploads\/sites\/3\/2020\/12\/logo.png","contentUrl":"https:\/\/marktxxl.de\/markt\/wp-content\/uploads\/sites\/3\/2020\/12\/logo.png","width":200,"height":70,"caption":"Markt-XXL"},"image":{"@id":"https:\/\/marktxxl.de\/markt\/#\/schema\/logo\/image\/"}}]}},"_links":{"self":[{"href":"https:\/\/marktxxl.de\/markt\/wp-json\/wp\/v2\/product\/155957","targetHints":{"allow":["GET"]}}],"collection":[{"href":"https:\/\/marktxxl.de\/markt\/wp-json\/wp\/v2\/product"}],"about":[{"href":"https:\/\/marktxxl.de\/markt\/wp-json\/wp\/v2\/types\/product"}],"replies":[{"embeddable":true,"href":"https:\/\/marktxxl.de\/markt\/wp-json\/wp\/v2\/comments?post=155957"}],"wp:featuredmedia":[{"embeddable":true,"href":"https:\/\/marktxxl.de\/markt\/wp-json\/wp\/v2\/media\/155958"}],"wp:attachment":[{"href":"https:\/\/marktxxl.de\/markt\/wp-json\/wp\/v2\/media?parent=155957"}],"wp:term":[{"taxonomy":"product_brand","embeddable":true,"href":"https:\/\/marktxxl.de\/markt\/wp-json\/wp\/v2\/product_brand?post=155957"},{"taxonomy":"product_cat","embeddable":true,"href":"https:\/\/marktxxl.de\/markt\/wp-json\/wp\/v2\/product_cat?post=155957"},{"taxonomy":"product_tag","embeddable":true,"href":"https:\/\/marktxxl.de\/markt\/wp-json\/wp\/v2\/product_tag?post=155957"}],"curies":[{"name":"wp","href":"https:\/\/api.w.org\/{rel}","templated":true}]}}