{"id":155923,"date":"2022-10-11T21:31:23","date_gmt":"2022-10-11T19:31:23","guid":{"rendered":"https:\/\/marktxxl.de\/markt\/produkt\/waterwipes-waterwipes\/"},"modified":"2023-04-11T04:37:32","modified_gmt":"2023-04-11T02:37:32","slug":"waterwipes-waterwipes","status":"publish","type":"product","link":"https:\/\/marktxxl.de\/markt\/produkt\/waterwipes-waterwipes\/","title":{"rendered":"WaterWipes Waterwipes"},"content":{"rendered":"<p>SICHER F\u00dcR EMPFINDLICHE HAUT. WaterWipes Baby-Feuchtt\u00fccher eignen sich ideal f\u00fcr die Reinigung empfindlicher Haut von Babys und sind so sanft, dass sie auch bei Fr\u00fchgeborenen verwendet werden k\u00f6nnen. Mit dem DHA-Empfehlungssiegel der Deutschen Haut- und Allergiehilfe e.V. (DHA) ausgezeichnet.<br \/>\nVON HEBAMMEN EMPFOHLEN. WaterWipes hat seine Baby-Feuchtt\u00fccher k\u00fcrzlich von zertifizierten Hebammen durch die Plattform Hebammen-testen.de pr\u00fcfen lassen. Das Ergebnis: 9 von 10 empfehlen WaterWipes!*(* Hebammen-testen.de ist ein unabh\u00e4ngiges Portal, auf dem Hebammen Produkte testen k\u00f6nnen, die f\u00fcr ihre T\u00e4tigkeit relevant sind. F\u00fcr WaterWipes haben 100 Hebammen vom 12. Sep. bis zum 21. Okt. 2018 das Produkt getestet und bewertet.)<br \/>\nVON GEBURT AN GEEIGNET. WaterWipes sind die reinsten Baby- Feuchtt\u00fccher der Welt. Perfekt f\u00fcr die empfindliche Haut von Babies, Kleinkindern oder eines Erwachsenen. Eine geeignete Alternative zu Watte und Wasser.<br \/>\nNUR ZWEI INHALTSSTOFFE. Enth\u00e4lt 99,9% Wasser und einen Tropfen Fruchtextrakt. Der Fruchtextrakt wirkt als nat\u00fcrliches Hautpflegemittel.<br \/>\nMULTI-USE-T\u00fccher. Weitere Anwendungsgebiete: Reinigen der H\u00e4nde und des Gesichtes des Babys (bei der Entw\u00f6hnung oder beim Zahnen) sowie zur Reinigung empfindlicher Haut von Erwachsenen. Ebenso einsetzbar bei der Pflege \u00e4lterer Menschen. 4 Packungen mit 60 nicht parf\u00fcmierten T\u00fcchern machen es einfach, Ihre WaterWipes auf Reisen mitzunehmen.<br \/>\n<div class=\"main-cross-sell\" data-asin=\"B0BG6VR1KF\">\n\n\t<div class=\"WooZone-cross-sell-loader\">\n\t\t<div>\n\t\t\t<div id=\"floatingBarsG\">\n\t\t\t\t<div class=\"blockG\" id=\"rotateG_01\"><\/div>\n\t\t\t\t<div class=\"blockG\" id=\"rotateG_02\"><\/div>\n\t\t\t\t<div class=\"blockG\" id=\"rotateG_03\"><\/div>\n\t\t\t\t<div class=\"blockG\" id=\"rotateG_04\"><\/div>\n\t\t\t\t<div class=\"blockG\" id=\"rotateG_05\"><\/div>\n\t\t\t\t<div class=\"blockG\" id=\"rotateG_06\"><\/div>\n\t\t\t\t<div class=\"blockG\" id=\"rotateG_07\"><\/div>\n\t\t\t\t<div class=\"blockG\" id=\"rotateG_08\"><\/div>\n\t\t\t<\/div>\n\t\t\t<div class=\"WooZone-cross-sell-loader-text\"><\/div>\n\t\t<\/div>\n\t<\/div>\n\n\t\t\n<\/div>\n<div style=\"clear:both;\"><\/div><\/p>\n","protected":false},"excerpt":{"rendered":"<p>SICHER F\u00dcR EMPFINDLICHE HAUT. WaterWipes Baby-Feuchtt\u00fccher eignen sich ideal f\u00fcr die Reinigung empfindlicher Haut von Babys und sind so sanft, dass sie auch bei Fr\u00fchgeborenen verwendet werden k\u00f6nnen. Mit dem DHA-Empfehlungssiegel der Deutschen Haut- und Allergiehilfe e.V. (DHA) ausgezeichnet.<br \/>\nVON HEBAMMEN EMPFOHLEN. WaterWipes hat seine Baby-Feuchtt\u00fccher k\u00fcrzlich von zertifizierten Hebammen durch die Plattform Hebammen-testen.de pr\u00fcfen lassen. Das Ergebnis: 9 von 10 empfehlen WaterWipes!*(* Hebammen-testen.de ist ein unabh\u00e4ngiges Portal, auf dem Hebammen Produkte testen k\u00f6nnen, die f\u00fcr ihre T\u00e4tigkeit relevant sind. F\u00fcr WaterWipes haben 100 Hebammen vom 12. Sep. bis zum 21. Okt. 2018 das Produkt getestet und bewertet.)<br \/>\nVON GEBURT AN GEEIGNET. WaterWipes sind die reinsten Baby- Feuchtt\u00fccher der Welt. Perfekt f\u00fcr die empfindliche Haut von Babies, Kleinkindern oder eines Erwachsenen. Eine geeignete Alternative zu Watte und Wasser.<\/p>\n","protected":false},"featured_media":155924,"comment_status":"open","ping_status":"closed","template":"","meta":[],"product_brand":[],"product_cat":[21,9009],"product_tag":[],"class_list":{"0":"post-155923","1":"product","2":"type-product","3":"status-publish","4":"has-post-thumbnail","6":"product_cat-baby","7":"product_cat-babypflege-baby","8":"pa_binding-badartikel","9":"pa_brand-waterwipes","11":"first","12":"instock","13":"shipping-taxable","14":"purchasable","15":"product-type-simple","16":"customify-col","17":"product-has-gallery"},"yoast_head":"<!-- This site is optimized with the Yoast SEO plugin v27.3 - https:\/\/yoast.com\/product\/yoast-seo-wordpress\/ -->\n<title>WaterWipes Waterwipes - Markt-XXL<\/title>\n<meta name=\"description\" content=\"Markt-XXL WaterWipes Waterwipes\" \/>\n<meta name=\"robots\" content=\"index, follow, max-snippet:-1, max-image-preview:large, max-video-preview:-1\" \/>\n<link rel=\"canonical\" href=\"https:\/\/marktxxl.de\/markt\/produkt\/waterwipes-waterwipes\/\" \/>\n<meta property=\"og:locale\" content=\"de_DE\" \/>\n<meta property=\"og:type\" content=\"article\" \/>\n<meta property=\"og:title\" content=\"WaterWipes Waterwipes - Markt-XXL\" \/>\n<meta property=\"og:description\" content=\"Markt-XXL WaterWipes Waterwipes\" \/>\n<meta property=\"og:url\" content=\"https:\/\/marktxxl.de\/markt\/produkt\/waterwipes-waterwipes\/\" \/>\n<meta property=\"og:site_name\" content=\"Markt-XXL\" \/>\n<meta property=\"article:modified_time\" content=\"2023-04-11T02:37:32+00:00\" \/>\n<meta property=\"og:image\" content=\"https:\/\/m.media-amazon.com\/images\/I\/41WnZSYisaL._SL500_.jpg\" \/>\n\t<meta property=\"og:image:width\" content=\"500\" \/>\n\t<meta property=\"og:image:height\" content=\"500\" \/>\n\t<meta property=\"og:image:type\" content=\"image\/jpeg\" \/>\n<meta name=\"twitter:card\" content=\"summary_large_image\" \/>\n<meta name=\"twitter:label1\" content=\"Gesch\u00e4tzte Lesezeit\" \/>\n\t<meta name=\"twitter:data1\" content=\"1\u00a0Minute\" \/>\n<script type=\"application\/ld+json\" class=\"yoast-schema-graph\">{\"@context\":\"https:\\\/\\\/schema.org\",\"@graph\":[{\"@type\":\"WebPage\",\"@id\":\"https:\\\/\\\/marktxxl.de\\\/markt\\\/produkt\\\/waterwipes-waterwipes\\\/\",\"url\":\"https:\\\/\\\/marktxxl.de\\\/markt\\\/produkt\\\/waterwipes-waterwipes\\\/\",\"name\":\"WaterWipes Waterwipes - Markt-XXL\",\"isPartOf\":{\"@id\":\"https:\\\/\\\/marktxxl.de\\\/markt\\\/#website\"},\"primaryImageOfPage\":{\"@id\":\"https:\\\/\\\/marktxxl.de\\\/markt\\\/produkt\\\/waterwipes-waterwipes\\\/#primaryimage\"},\"image\":{\"@id\":\"https:\\\/\\\/marktxxl.de\\\/markt\\\/produkt\\\/waterwipes-waterwipes\\\/#primaryimage\"},\"thumbnailUrl\":\"https:\\\/\\\/m.media-amazon.com\\\/images\\\/I\\\/41WnZSYisaL._SL500_.jpg\",\"datePublished\":\"2022-10-11T19:31:23+00:00\",\"dateModified\":\"2023-04-11T02:37:32+00:00\",\"description\":\"Markt-XXL WaterWipes Waterwipes\",\"breadcrumb\":{\"@id\":\"https:\\\/\\\/marktxxl.de\\\/markt\\\/produkt\\\/waterwipes-waterwipes\\\/#breadcrumb\"},\"inLanguage\":\"de\",\"potentialAction\":[{\"@type\":\"ReadAction\",\"target\":[\"https:\\\/\\\/marktxxl.de\\\/markt\\\/produkt\\\/waterwipes-waterwipes\\\/\"]}]},{\"@type\":\"ImageObject\",\"inLanguage\":\"de\",\"@id\":\"https:\\\/\\\/marktxxl.de\\\/markt\\\/produkt\\\/waterwipes-waterwipes\\\/#primaryimage\",\"url\":\"https:\\\/\\\/m.media-amazon.com\\\/images\\\/I\\\/41WnZSYisaL._SL500_.jpg\",\"contentUrl\":\"https:\\\/\\\/m.media-amazon.com\\\/images\\\/I\\\/41WnZSYisaL._SL500_.jpg\",\"width\":500,\"height\":500},{\"@type\":\"BreadcrumbList\",\"@id\":\"https:\\\/\\\/marktxxl.de\\\/markt\\\/produkt\\\/waterwipes-waterwipes\\\/#breadcrumb\",\"itemListElement\":[{\"@type\":\"ListItem\",\"position\":1,\"name\":\"Startseite\",\"item\":\"https:\\\/\\\/marktxxl.de\\\/markt\\\/\"},{\"@type\":\"ListItem\",\"position\":2,\"name\":\"Markt\",\"item\":\"https:\\\/\\\/marktxxl.de\\\/markt\\\/\"},{\"@type\":\"ListItem\",\"position\":3,\"name\":\"WaterWipes Waterwipes\"}]},{\"@type\":\"WebSite\",\"@id\":\"https:\\\/\\\/marktxxl.de\\\/markt\\\/#website\",\"url\":\"https:\\\/\\\/marktxxl.de\\\/markt\\\/\",\"name\":\"Markt-XXL\",\"description\":\"Ihr Markt Online\",\"publisher\":{\"@id\":\"https:\\\/\\\/marktxxl.de\\\/markt\\\/#organization\"},\"potentialAction\":[{\"@type\":\"SearchAction\",\"target\":{\"@type\":\"EntryPoint\",\"urlTemplate\":\"https:\\\/\\\/marktxxl.de\\\/markt\\\/?s={search_term_string}\"},\"query-input\":{\"@type\":\"PropertyValueSpecification\",\"valueRequired\":true,\"valueName\":\"search_term_string\"}}],\"inLanguage\":\"de\"},{\"@type\":\"Organization\",\"@id\":\"https:\\\/\\\/marktxxl.de\\\/markt\\\/#organization\",\"name\":\"Markt-XXL\",\"url\":\"https:\\\/\\\/marktxxl.de\\\/markt\\\/\",\"logo\":{\"@type\":\"ImageObject\",\"inLanguage\":\"de\",\"@id\":\"https:\\\/\\\/marktxxl.de\\\/markt\\\/#\\\/schema\\\/logo\\\/image\\\/\",\"url\":\"https:\\\/\\\/marktxxl.de\\\/markt\\\/wp-content\\\/uploads\\\/sites\\\/3\\\/2020\\\/12\\\/logo.png\",\"contentUrl\":\"https:\\\/\\\/marktxxl.de\\\/markt\\\/wp-content\\\/uploads\\\/sites\\\/3\\\/2020\\\/12\\\/logo.png\",\"width\":200,\"height\":70,\"caption\":\"Markt-XXL\"},\"image\":{\"@id\":\"https:\\\/\\\/marktxxl.de\\\/markt\\\/#\\\/schema\\\/logo\\\/image\\\/\"}}]}<\/script>\n<!-- \/ Yoast SEO plugin. -->","yoast_head_json":{"title":"WaterWipes Waterwipes - Markt-XXL","description":"Markt-XXL WaterWipes Waterwipes","robots":{"index":"index","follow":"follow","max-snippet":"max-snippet:-1","max-image-preview":"max-image-preview:large","max-video-preview":"max-video-preview:-1"},"canonical":"https:\/\/marktxxl.de\/markt\/produkt\/waterwipes-waterwipes\/","og_locale":"de_DE","og_type":"article","og_title":"WaterWipes Waterwipes - Markt-XXL","og_description":"Markt-XXL WaterWipes Waterwipes","og_url":"https:\/\/marktxxl.de\/markt\/produkt\/waterwipes-waterwipes\/","og_site_name":"Markt-XXL","article_modified_time":"2023-04-11T02:37:32+00:00","og_image":[{"width":500,"height":500,"url":"https:\/\/m.media-amazon.com\/images\/I\/41WnZSYisaL._SL500_.jpg","type":"image\/jpeg"}],"twitter_card":"summary_large_image","twitter_misc":{"Gesch\u00e4tzte Lesezeit":"1\u00a0Minute"},"schema":{"@context":"https:\/\/schema.org","@graph":[{"@type":"WebPage","@id":"https:\/\/marktxxl.de\/markt\/produkt\/waterwipes-waterwipes\/","url":"https:\/\/marktxxl.de\/markt\/produkt\/waterwipes-waterwipes\/","name":"WaterWipes Waterwipes - Markt-XXL","isPartOf":{"@id":"https:\/\/marktxxl.de\/markt\/#website"},"primaryImageOfPage":{"@id":"https:\/\/marktxxl.de\/markt\/produkt\/waterwipes-waterwipes\/#primaryimage"},"image":{"@id":"https:\/\/marktxxl.de\/markt\/produkt\/waterwipes-waterwipes\/#primaryimage"},"thumbnailUrl":"https:\/\/m.media-amazon.com\/images\/I\/41WnZSYisaL._SL500_.jpg","datePublished":"2022-10-11T19:31:23+00:00","dateModified":"2023-04-11T02:37:32+00:00","description":"Markt-XXL WaterWipes Waterwipes","breadcrumb":{"@id":"https:\/\/marktxxl.de\/markt\/produkt\/waterwipes-waterwipes\/#breadcrumb"},"inLanguage":"de","potentialAction":[{"@type":"ReadAction","target":["https:\/\/marktxxl.de\/markt\/produkt\/waterwipes-waterwipes\/"]}]},{"@type":"ImageObject","inLanguage":"de","@id":"https:\/\/marktxxl.de\/markt\/produkt\/waterwipes-waterwipes\/#primaryimage","url":"https:\/\/m.media-amazon.com\/images\/I\/41WnZSYisaL._SL500_.jpg","contentUrl":"https:\/\/m.media-amazon.com\/images\/I\/41WnZSYisaL._SL500_.jpg","width":500,"height":500},{"@type":"BreadcrumbList","@id":"https:\/\/marktxxl.de\/markt\/produkt\/waterwipes-waterwipes\/#breadcrumb","itemListElement":[{"@type":"ListItem","position":1,"name":"Startseite","item":"https:\/\/marktxxl.de\/markt\/"},{"@type":"ListItem","position":2,"name":"Markt","item":"https:\/\/marktxxl.de\/markt\/"},{"@type":"ListItem","position":3,"name":"WaterWipes Waterwipes"}]},{"@type":"WebSite","@id":"https:\/\/marktxxl.de\/markt\/#website","url":"https:\/\/marktxxl.de\/markt\/","name":"Markt-XXL","description":"Ihr Markt Online","publisher":{"@id":"https:\/\/marktxxl.de\/markt\/#organization"},"potentialAction":[{"@type":"SearchAction","target":{"@type":"EntryPoint","urlTemplate":"https:\/\/marktxxl.de\/markt\/?s={search_term_string}"},"query-input":{"@type":"PropertyValueSpecification","valueRequired":true,"valueName":"search_term_string"}}],"inLanguage":"de"},{"@type":"Organization","@id":"https:\/\/marktxxl.de\/markt\/#organization","name":"Markt-XXL","url":"https:\/\/marktxxl.de\/markt\/","logo":{"@type":"ImageObject","inLanguage":"de","@id":"https:\/\/marktxxl.de\/markt\/#\/schema\/logo\/image\/","url":"https:\/\/marktxxl.de\/markt\/wp-content\/uploads\/sites\/3\/2020\/12\/logo.png","contentUrl":"https:\/\/marktxxl.de\/markt\/wp-content\/uploads\/sites\/3\/2020\/12\/logo.png","width":200,"height":70,"caption":"Markt-XXL"},"image":{"@id":"https:\/\/marktxxl.de\/markt\/#\/schema\/logo\/image\/"}}]}},"_links":{"self":[{"href":"https:\/\/marktxxl.de\/markt\/wp-json\/wp\/v2\/product\/155923","targetHints":{"allow":["GET"]}}],"collection":[{"href":"https:\/\/marktxxl.de\/markt\/wp-json\/wp\/v2\/product"}],"about":[{"href":"https:\/\/marktxxl.de\/markt\/wp-json\/wp\/v2\/types\/product"}],"replies":[{"embeddable":true,"href":"https:\/\/marktxxl.de\/markt\/wp-json\/wp\/v2\/comments?post=155923"}],"wp:featuredmedia":[{"embeddable":true,"href":"https:\/\/marktxxl.de\/markt\/wp-json\/wp\/v2\/media\/155924"}],"wp:attachment":[{"href":"https:\/\/marktxxl.de\/markt\/wp-json\/wp\/v2\/media?parent=155923"}],"wp:term":[{"taxonomy":"product_brand","embeddable":true,"href":"https:\/\/marktxxl.de\/markt\/wp-json\/wp\/v2\/product_brand?post=155923"},{"taxonomy":"product_cat","embeddable":true,"href":"https:\/\/marktxxl.de\/markt\/wp-json\/wp\/v2\/product_cat?post=155923"},{"taxonomy":"product_tag","embeddable":true,"href":"https:\/\/marktxxl.de\/markt\/wp-json\/wp\/v2\/product_tag?post=155923"}],"curies":[{"name":"wp","href":"https:\/\/api.w.org\/{rel}","templated":true}]}}