{"id":155866,"date":"2022-10-11T21:28:34","date_gmt":"2022-10-11T19:28:34","guid":{"rendered":"https:\/\/marktxxl.de\/markt\/produkt\/tragbares-bad-bidet-3-koepfe-enema-dusche-mit-reinigungssystem-regler-und-150-cm-schlauch\/"},"modified":"2023-04-11T04:37:31","modified_gmt":"2023-04-11T02:37:31","slug":"tragbares-bad-bidet-3-koepfe-enema-dusche-mit-reinigungssystem-regler-und-150-cm-schlauch","status":"publish","type":"product","link":"https:\/\/marktxxl.de\/markt\/produkt\/tragbares-bad-bidet-3-koepfe-enema-dusche-mit-reinigungssystem-regler-und-150-cm-schlauch\/","title":{"rendered":"Tragbares Bad-Bidet, 3 K\u00f6pfe, Enema Dusche mit, Reinigungssystem, Regler und 150 cm Schlauch"},"content":{"rendered":"<p>\u2714 Duschkopf-Sets sind das neueste Produkt, das Sie anbieten werden. Verwenden Sie diese intensiven Strahl-Waschd\u00fcsen f\u00fcr die Reinigung und den K\u00f6rper. Das Set beinhaltet eine Dusche mit 3 Spr\u00fchk\u00f6pfen, einen 150 cm langen Schlauch, ein Absperrventil und ein wasserdichtes Klebeband.<br \/>\n\u2714 Einfache Installation: Unsere Dusch-Sets sind sowohl einfach zu bedienen als auch zu reinigen, da sie aus hochwertigem Aluminium hergestellt sind, um ein hochwertiges und langlebiges Produkt zu schaffen. Schlie\u00dfen Sie einfach den Durchfluss-Regler und den Schlauch an. Sie k\u00f6nnen den Durchfluss-Regler verwenden, um den Durchfluss und den Druck des Wassers durch den Schlauch zu regulieren.<br \/>\n\u2714 Design mit 7 L\u00f6chern: Bietet einen niedrigen sanften Spr\u00fchnebel, der effektiv den Wasserfluss erh\u00f6ht, um die Kontaktfl\u00e4che der Wandoberfl\u00e4che der Haut zu reduzieren, wodurch Unordnung beim Entfernen der Windeln vermieden wird. Sie sind wunderbar entworfen, um das ultimative Benutzererlebnis zu bieten.<br \/>\n\u2714 Passend f\u00fcr die meisten Duschen, das Gewinde jeder D\u00fcse ist 1,3 cm, w\u00e4hrend die D\u00fcsen in 3 verschiedenen Gr\u00f6\u00dfen erh\u00e4ltlich sind. Weitere Details finden Sie in der Abbildung.<br \/>\n\u2714 Das Set wird in versiegelten Samt-Aufbewahrungsbeuteln geliefert und ist sofort einsatzbereit.<br \/>\n<div class=\"main-cross-sell\" data-asin=\"B08KZLFCKC\">\n\n\t<div class=\"WooZone-cross-sell-loader\">\n\t\t<div>\n\t\t\t<div id=\"floatingBarsG\">\n\t\t\t\t<div class=\"blockG\" id=\"rotateG_01\"><\/div>\n\t\t\t\t<div class=\"blockG\" id=\"rotateG_02\"><\/div>\n\t\t\t\t<div class=\"blockG\" id=\"rotateG_03\"><\/div>\n\t\t\t\t<div class=\"blockG\" id=\"rotateG_04\"><\/div>\n\t\t\t\t<div class=\"blockG\" id=\"rotateG_05\"><\/div>\n\t\t\t\t<div class=\"blockG\" id=\"rotateG_06\"><\/div>\n\t\t\t\t<div class=\"blockG\" id=\"rotateG_07\"><\/div>\n\t\t\t\t<div class=\"blockG\" id=\"rotateG_08\"><\/div>\n\t\t\t<\/div>\n\t\t\t<div class=\"WooZone-cross-sell-loader-text\"><\/div>\n\t\t<\/div>\n\t<\/div>\n\n\t\t\n<\/div>\n<div style=\"clear:both;\"><\/div><\/p>\n","protected":false},"excerpt":{"rendered":"<p>\u2714 Duschkopf-Sets sind das neueste Produkt, das Sie anbieten werden. Verwenden Sie diese intensiven Strahl-Waschd\u00fcsen f\u00fcr die Reinigung und den K\u00f6rper. Das Set beinhaltet eine Dusche mit 3 Spr\u00fchk\u00f6pfen, einen 150 cm langen Schlauch, ein Absperrventil und ein wasserdichtes Klebeband.<br \/>\n\u2714 Einfache Installation: Unsere Dusch-Sets sind sowohl einfach zu bedienen als auch zu reinigen, da sie aus hochwertigem Aluminium hergestellt sind, um ein hochwertiges und langlebiges Produkt zu schaffen. Schlie\u00dfen Sie einfach den Durchfluss-Regler und den Schlauch an. Sie k\u00f6nnen den Durchfluss-Regler verwenden, um den Durchfluss und den Druck des Wassers durch den Schlauch zu regulieren.<br \/>\n\u2714 Design mit 7 L\u00f6chern: Bietet einen niedrigen sanften Spr\u00fchnebel, der effektiv den Wasserfluss erh\u00f6ht, um die Kontaktfl\u00e4che der Wandoberfl\u00e4che der Haut zu reduzieren, wodurch Unordnung beim Entfernen der Windeln vermieden wird. Sie sind wunderbar entworfen, um das ultimative Benutzererlebnis zu bieten.<\/p>\n","protected":false},"featured_media":155867,"comment_status":"open","ping_status":"closed","template":"","meta":[],"product_brand":[],"product_cat":[652,2977],"product_tag":[],"class_list":{"0":"post-155866","1":"product","2":"type-product","3":"status-publish","4":"has-post-thumbnail","6":"product_cat-erotik-markt-xxl","7":"product_cat-sexspielzeug","8":"pa_brand-xsexo","9":"pa_manufacturer-xsexo","11":"first","12":"instock","13":"shipping-taxable","14":"purchasable","15":"product-type-simple","16":"customify-col","17":"product-has-gallery"},"yoast_head":"<!-- This site is optimized with the Yoast SEO plugin v27.4 - https:\/\/yoast.com\/product\/yoast-seo-wordpress\/ -->\n<title>Tragbares Bad-Bidet, 3 K\u00f6pfe, Enema Dusche mit, Reinigungssystem, Regler und 150 cm Schlauch - Markt-XXL<\/title>\n<meta name=\"description\" content=\"Markt-XXL Tragbares Bad-Bidet, 3 K\u00f6pfe, Enema Dusche mit, Reinigungssystem, Regler und 150 cm Schlauch\" \/>\n<meta name=\"robots\" content=\"index, follow, max-snippet:-1, max-image-preview:large, max-video-preview:-1\" \/>\n<link rel=\"canonical\" href=\"https:\/\/marktxxl.de\/markt\/produkt\/tragbares-bad-bidet-3-koepfe-enema-dusche-mit-reinigungssystem-regler-und-150-cm-schlauch\/\" \/>\n<meta property=\"og:locale\" content=\"de_DE\" \/>\n<meta property=\"og:type\" content=\"article\" \/>\n<meta property=\"og:title\" content=\"Tragbares Bad-Bidet, 3 K\u00f6pfe, Enema Dusche mit, Reinigungssystem, Regler und 150 cm Schlauch - Markt-XXL\" \/>\n<meta property=\"og:description\" content=\"Markt-XXL Tragbares Bad-Bidet, 3 K\u00f6pfe, Enema Dusche mit, Reinigungssystem, Regler und 150 cm Schlauch\" \/>\n<meta property=\"og:url\" content=\"https:\/\/marktxxl.de\/markt\/produkt\/tragbares-bad-bidet-3-koepfe-enema-dusche-mit-reinigungssystem-regler-und-150-cm-schlauch\/\" \/>\n<meta property=\"og:site_name\" content=\"Markt-XXL\" \/>\n<meta property=\"article:modified_time\" content=\"2023-04-11T02:37:31+00:00\" \/>\n<meta property=\"og:image\" content=\"https:\/\/m.media-amazon.com\/images\/I\/4117unVtuYL._SL500_.jpg\" \/>\n\t<meta property=\"og:image:width\" content=\"496\" \/>\n\t<meta property=\"og:image:height\" content=\"500\" \/>\n\t<meta property=\"og:image:type\" content=\"image\/jpeg\" \/>\n<meta name=\"twitter:card\" content=\"summary_large_image\" \/>\n<meta name=\"twitter:label1\" content=\"Gesch\u00e4tzte Lesezeit\" \/>\n\t<meta name=\"twitter:data1\" content=\"1\u00a0Minute\" \/>\n<script type=\"application\/ld+json\" class=\"yoast-schema-graph\">{\"@context\":\"https:\\\/\\\/schema.org\",\"@graph\":[{\"@type\":\"WebPage\",\"@id\":\"https:\\\/\\\/marktxxl.de\\\/markt\\\/produkt\\\/tragbares-bad-bidet-3-koepfe-enema-dusche-mit-reinigungssystem-regler-und-150-cm-schlauch\\\/\",\"url\":\"https:\\\/\\\/marktxxl.de\\\/markt\\\/produkt\\\/tragbares-bad-bidet-3-koepfe-enema-dusche-mit-reinigungssystem-regler-und-150-cm-schlauch\\\/\",\"name\":\"Tragbares Bad-Bidet, 3 K\u00f6pfe, Enema Dusche mit, Reinigungssystem, Regler und 150 cm Schlauch - Markt-XXL\",\"isPartOf\":{\"@id\":\"https:\\\/\\\/marktxxl.de\\\/markt\\\/#website\"},\"primaryImageOfPage\":{\"@id\":\"https:\\\/\\\/marktxxl.de\\\/markt\\\/produkt\\\/tragbares-bad-bidet-3-koepfe-enema-dusche-mit-reinigungssystem-regler-und-150-cm-schlauch\\\/#primaryimage\"},\"image\":{\"@id\":\"https:\\\/\\\/marktxxl.de\\\/markt\\\/produkt\\\/tragbares-bad-bidet-3-koepfe-enema-dusche-mit-reinigungssystem-regler-und-150-cm-schlauch\\\/#primaryimage\"},\"thumbnailUrl\":\"https:\\\/\\\/m.media-amazon.com\\\/images\\\/I\\\/4117unVtuYL._SL500_.jpg\",\"datePublished\":\"2022-10-11T19:28:34+00:00\",\"dateModified\":\"2023-04-11T02:37:31+00:00\",\"description\":\"Markt-XXL Tragbares Bad-Bidet, 3 K\u00f6pfe, Enema Dusche mit, Reinigungssystem, Regler und 150 cm Schlauch\",\"breadcrumb\":{\"@id\":\"https:\\\/\\\/marktxxl.de\\\/markt\\\/produkt\\\/tragbares-bad-bidet-3-koepfe-enema-dusche-mit-reinigungssystem-regler-und-150-cm-schlauch\\\/#breadcrumb\"},\"inLanguage\":\"de\",\"potentialAction\":[{\"@type\":\"ReadAction\",\"target\":[\"https:\\\/\\\/marktxxl.de\\\/markt\\\/produkt\\\/tragbares-bad-bidet-3-koepfe-enema-dusche-mit-reinigungssystem-regler-und-150-cm-schlauch\\\/\"]}]},{\"@type\":\"ImageObject\",\"inLanguage\":\"de\",\"@id\":\"https:\\\/\\\/marktxxl.de\\\/markt\\\/produkt\\\/tragbares-bad-bidet-3-koepfe-enema-dusche-mit-reinigungssystem-regler-und-150-cm-schlauch\\\/#primaryimage\",\"url\":\"https:\\\/\\\/m.media-amazon.com\\\/images\\\/I\\\/4117unVtuYL._SL500_.jpg\",\"contentUrl\":\"https:\\\/\\\/m.media-amazon.com\\\/images\\\/I\\\/4117unVtuYL._SL500_.jpg\",\"width\":496,\"height\":500},{\"@type\":\"BreadcrumbList\",\"@id\":\"https:\\\/\\\/marktxxl.de\\\/markt\\\/produkt\\\/tragbares-bad-bidet-3-koepfe-enema-dusche-mit-reinigungssystem-regler-und-150-cm-schlauch\\\/#breadcrumb\",\"itemListElement\":[{\"@type\":\"ListItem\",\"position\":1,\"name\":\"Startseite\",\"item\":\"https:\\\/\\\/marktxxl.de\\\/markt\\\/\"},{\"@type\":\"ListItem\",\"position\":2,\"name\":\"Markt\",\"item\":\"https:\\\/\\\/marktxxl.de\\\/markt\\\/\"},{\"@type\":\"ListItem\",\"position\":3,\"name\":\"Tragbares Bad-Bidet, 3 K\u00f6pfe, Enema Dusche mit, Reinigungssystem, Regler und 150 cm Schlauch\"}]},{\"@type\":\"WebSite\",\"@id\":\"https:\\\/\\\/marktxxl.de\\\/markt\\\/#website\",\"url\":\"https:\\\/\\\/marktxxl.de\\\/markt\\\/\",\"name\":\"Markt-XXL\",\"description\":\"Ihr Markt Online\",\"publisher\":{\"@id\":\"https:\\\/\\\/marktxxl.de\\\/markt\\\/#organization\"},\"potentialAction\":[{\"@type\":\"SearchAction\",\"target\":{\"@type\":\"EntryPoint\",\"urlTemplate\":\"https:\\\/\\\/marktxxl.de\\\/markt\\\/?s={search_term_string}\"},\"query-input\":{\"@type\":\"PropertyValueSpecification\",\"valueRequired\":true,\"valueName\":\"search_term_string\"}}],\"inLanguage\":\"de\"},{\"@type\":\"Organization\",\"@id\":\"https:\\\/\\\/marktxxl.de\\\/markt\\\/#organization\",\"name\":\"Markt-XXL\",\"url\":\"https:\\\/\\\/marktxxl.de\\\/markt\\\/\",\"logo\":{\"@type\":\"ImageObject\",\"inLanguage\":\"de\",\"@id\":\"https:\\\/\\\/marktxxl.de\\\/markt\\\/#\\\/schema\\\/logo\\\/image\\\/\",\"url\":\"https:\\\/\\\/marktxxl.de\\\/markt\\\/wp-content\\\/uploads\\\/sites\\\/3\\\/2020\\\/12\\\/logo.png\",\"contentUrl\":\"https:\\\/\\\/marktxxl.de\\\/markt\\\/wp-content\\\/uploads\\\/sites\\\/3\\\/2020\\\/12\\\/logo.png\",\"width\":200,\"height\":70,\"caption\":\"Markt-XXL\"},\"image\":{\"@id\":\"https:\\\/\\\/marktxxl.de\\\/markt\\\/#\\\/schema\\\/logo\\\/image\\\/\"}}]}<\/script>\n<!-- \/ Yoast SEO plugin. -->","yoast_head_json":{"title":"Tragbares Bad-Bidet, 3 K\u00f6pfe, Enema Dusche mit, Reinigungssystem, Regler und 150 cm Schlauch - Markt-XXL","description":"Markt-XXL Tragbares Bad-Bidet, 3 K\u00f6pfe, Enema Dusche mit, Reinigungssystem, Regler und 150 cm Schlauch","robots":{"index":"index","follow":"follow","max-snippet":"max-snippet:-1","max-image-preview":"max-image-preview:large","max-video-preview":"max-video-preview:-1"},"canonical":"https:\/\/marktxxl.de\/markt\/produkt\/tragbares-bad-bidet-3-koepfe-enema-dusche-mit-reinigungssystem-regler-und-150-cm-schlauch\/","og_locale":"de_DE","og_type":"article","og_title":"Tragbares Bad-Bidet, 3 K\u00f6pfe, Enema Dusche mit, Reinigungssystem, Regler und 150 cm Schlauch - Markt-XXL","og_description":"Markt-XXL Tragbares Bad-Bidet, 3 K\u00f6pfe, Enema Dusche mit, Reinigungssystem, Regler und 150 cm Schlauch","og_url":"https:\/\/marktxxl.de\/markt\/produkt\/tragbares-bad-bidet-3-koepfe-enema-dusche-mit-reinigungssystem-regler-und-150-cm-schlauch\/","og_site_name":"Markt-XXL","article_modified_time":"2023-04-11T02:37:31+00:00","og_image":[{"width":496,"height":500,"url":"https:\/\/m.media-amazon.com\/images\/I\/4117unVtuYL._SL500_.jpg","type":"image\/jpeg"}],"twitter_card":"summary_large_image","twitter_misc":{"Gesch\u00e4tzte Lesezeit":"1\u00a0Minute"},"schema":{"@context":"https:\/\/schema.org","@graph":[{"@type":"WebPage","@id":"https:\/\/marktxxl.de\/markt\/produkt\/tragbares-bad-bidet-3-koepfe-enema-dusche-mit-reinigungssystem-regler-und-150-cm-schlauch\/","url":"https:\/\/marktxxl.de\/markt\/produkt\/tragbares-bad-bidet-3-koepfe-enema-dusche-mit-reinigungssystem-regler-und-150-cm-schlauch\/","name":"Tragbares Bad-Bidet, 3 K\u00f6pfe, Enema Dusche mit, Reinigungssystem, Regler und 150 cm Schlauch - Markt-XXL","isPartOf":{"@id":"https:\/\/marktxxl.de\/markt\/#website"},"primaryImageOfPage":{"@id":"https:\/\/marktxxl.de\/markt\/produkt\/tragbares-bad-bidet-3-koepfe-enema-dusche-mit-reinigungssystem-regler-und-150-cm-schlauch\/#primaryimage"},"image":{"@id":"https:\/\/marktxxl.de\/markt\/produkt\/tragbares-bad-bidet-3-koepfe-enema-dusche-mit-reinigungssystem-regler-und-150-cm-schlauch\/#primaryimage"},"thumbnailUrl":"https:\/\/m.media-amazon.com\/images\/I\/4117unVtuYL._SL500_.jpg","datePublished":"2022-10-11T19:28:34+00:00","dateModified":"2023-04-11T02:37:31+00:00","description":"Markt-XXL Tragbares Bad-Bidet, 3 K\u00f6pfe, Enema Dusche mit, Reinigungssystem, Regler und 150 cm Schlauch","breadcrumb":{"@id":"https:\/\/marktxxl.de\/markt\/produkt\/tragbares-bad-bidet-3-koepfe-enema-dusche-mit-reinigungssystem-regler-und-150-cm-schlauch\/#breadcrumb"},"inLanguage":"de","potentialAction":[{"@type":"ReadAction","target":["https:\/\/marktxxl.de\/markt\/produkt\/tragbares-bad-bidet-3-koepfe-enema-dusche-mit-reinigungssystem-regler-und-150-cm-schlauch\/"]}]},{"@type":"ImageObject","inLanguage":"de","@id":"https:\/\/marktxxl.de\/markt\/produkt\/tragbares-bad-bidet-3-koepfe-enema-dusche-mit-reinigungssystem-regler-und-150-cm-schlauch\/#primaryimage","url":"https:\/\/m.media-amazon.com\/images\/I\/4117unVtuYL._SL500_.jpg","contentUrl":"https:\/\/m.media-amazon.com\/images\/I\/4117unVtuYL._SL500_.jpg","width":496,"height":500},{"@type":"BreadcrumbList","@id":"https:\/\/marktxxl.de\/markt\/produkt\/tragbares-bad-bidet-3-koepfe-enema-dusche-mit-reinigungssystem-regler-und-150-cm-schlauch\/#breadcrumb","itemListElement":[{"@type":"ListItem","position":1,"name":"Startseite","item":"https:\/\/marktxxl.de\/markt\/"},{"@type":"ListItem","position":2,"name":"Markt","item":"https:\/\/marktxxl.de\/markt\/"},{"@type":"ListItem","position":3,"name":"Tragbares Bad-Bidet, 3 K\u00f6pfe, Enema Dusche mit, Reinigungssystem, Regler und 150 cm Schlauch"}]},{"@type":"WebSite","@id":"https:\/\/marktxxl.de\/markt\/#website","url":"https:\/\/marktxxl.de\/markt\/","name":"Markt-XXL","description":"Ihr Markt Online","publisher":{"@id":"https:\/\/marktxxl.de\/markt\/#organization"},"potentialAction":[{"@type":"SearchAction","target":{"@type":"EntryPoint","urlTemplate":"https:\/\/marktxxl.de\/markt\/?s={search_term_string}"},"query-input":{"@type":"PropertyValueSpecification","valueRequired":true,"valueName":"search_term_string"}}],"inLanguage":"de"},{"@type":"Organization","@id":"https:\/\/marktxxl.de\/markt\/#organization","name":"Markt-XXL","url":"https:\/\/marktxxl.de\/markt\/","logo":{"@type":"ImageObject","inLanguage":"de","@id":"https:\/\/marktxxl.de\/markt\/#\/schema\/logo\/image\/","url":"https:\/\/marktxxl.de\/markt\/wp-content\/uploads\/sites\/3\/2020\/12\/logo.png","contentUrl":"https:\/\/marktxxl.de\/markt\/wp-content\/uploads\/sites\/3\/2020\/12\/logo.png","width":200,"height":70,"caption":"Markt-XXL"},"image":{"@id":"https:\/\/marktxxl.de\/markt\/#\/schema\/logo\/image\/"}}]}},"_links":{"self":[{"href":"https:\/\/marktxxl.de\/markt\/wp-json\/wp\/v2\/product\/155866","targetHints":{"allow":["GET"]}}],"collection":[{"href":"https:\/\/marktxxl.de\/markt\/wp-json\/wp\/v2\/product"}],"about":[{"href":"https:\/\/marktxxl.de\/markt\/wp-json\/wp\/v2\/types\/product"}],"replies":[{"embeddable":true,"href":"https:\/\/marktxxl.de\/markt\/wp-json\/wp\/v2\/comments?post=155866"}],"wp:featuredmedia":[{"embeddable":true,"href":"https:\/\/marktxxl.de\/markt\/wp-json\/wp\/v2\/media\/155867"}],"wp:attachment":[{"href":"https:\/\/marktxxl.de\/markt\/wp-json\/wp\/v2\/media?parent=155866"}],"wp:term":[{"taxonomy":"product_brand","embeddable":true,"href":"https:\/\/marktxxl.de\/markt\/wp-json\/wp\/v2\/product_brand?post=155866"},{"taxonomy":"product_cat","embeddable":true,"href":"https:\/\/marktxxl.de\/markt\/wp-json\/wp\/v2\/product_cat?post=155866"},{"taxonomy":"product_tag","embeddable":true,"href":"https:\/\/marktxxl.de\/markt\/wp-json\/wp\/v2\/product_tag?post=155866"}],"curies":[{"name":"wp","href":"https:\/\/api.w.org\/{rel}","templated":true}]}}