{"id":155786,"date":"2022-10-11T21:25:15","date_gmt":"2022-10-11T19:25:15","guid":{"rendered":"https:\/\/marktxxl.de\/markt\/produkt\/copper-pearl-3-schicht-knit-sicherheitsdecke-set-sized-16-x-16-2-packpacific\/"},"modified":"2023-04-11T04:37:30","modified_gmt":"2023-04-11T02:37:30","slug":"copper-pearl-3-schicht-knit-sicherheitsdecke-set-sized-16-x-16-2-packpacific","status":"publish","type":"product","link":"https:\/\/marktxxl.de\/markt\/produkt\/copper-pearl-3-schicht-knit-sicherheitsdecke-set-sized-16-x-16-2-packpacific\/","title":{"rendered":"Copper Pearl 3-Schicht-Knit Sicherheitsdecke Set Sized 16&#8243; x 16&#8243; 2-Pack&#8221;Pacific&#8221;"},"content":{"rendered":"<p>PREMIUM POLYESTER \/ RAYON BLEND &#8211; Unser dreischichtiges Sicherheitsdeckenset wurde unter Ber\u00fccksichtigung des Babykomforts entwickelt. Deshalb haben wir diese Loveys aus ultraweichem, atmungsaktivem Stoff mit genau dem richtigen Hauch von Stretch hergestellt. Aus dem gleichen Material wie unsere originalen Strickdecken hergestellt, k\u00f6nnen Sie sicher sein, dass sich das Baby \u00fcberall wohl f\u00fchlt.<br \/>\nTRAGBARE 16&#215;16 GR\u00d6SSE &#8211; Genau die richtige Gr\u00f6\u00dfe f\u00fcr die Selbstberuhigung unterwegs! Packen Sie unsere kompakte und tragbare Decke in Ihre Wickeltasche oder verstauen Sie sie hinten im Kinderwagen.<br \/>\nES GIBT AUCH EINE SICHERUNG &#8211; Wir haben sogar eine zweite identische Sicherheitsdecke f\u00fcr die Sicherung beigelegt. Perfekt, um einen im Kinderzimmer und den anderen in Ihrer Wickeltasche aufzubewahren!<br \/>\nTRENDIGE, HOCHWERTIGE ENTW\u00dcRFE &#8211; Bei Copper Pearl sind wir stolz darauf, qualitativ hochwertige Produkte herzustellen, die auf Babys, M\u00fcttern oder in Ihrem Kinderzimmer immer gut aussehen. Unsere Sicherheitsdecken haben einen originalen, modernen Druck auf einer Seite und einen Farbtupfer auf der R\u00fcckseite, um den Stil jedes Babys zu verbessern.<br \/>\nPAAR PERFEKT MIT KUPFERPERLENPRODUKTEN &#8211; Unsere trendigen Sicherheitsdecken-Sets stellen unsere charakteristischen Drucke und Muster zur Schau. Diese Loveys passen perfekt zu Produkten, die Sie bereits besitzen und lieben!<br \/>\n<div class=\"main-cross-sell\" data-asin=\"B07LB6THDS\">\n\n\t<div class=\"WooZone-cross-sell-loader\">\n\t\t<div>\n\t\t\t<div id=\"floatingBarsG\">\n\t\t\t\t<div class=\"blockG\" id=\"rotateG_01\"><\/div>\n\t\t\t\t<div class=\"blockG\" id=\"rotateG_02\"><\/div>\n\t\t\t\t<div class=\"blockG\" id=\"rotateG_03\"><\/div>\n\t\t\t\t<div class=\"blockG\" id=\"rotateG_04\"><\/div>\n\t\t\t\t<div class=\"blockG\" id=\"rotateG_05\"><\/div>\n\t\t\t\t<div class=\"blockG\" id=\"rotateG_06\"><\/div>\n\t\t\t\t<div class=\"blockG\" id=\"rotateG_07\"><\/div>\n\t\t\t\t<div class=\"blockG\" id=\"rotateG_08\"><\/div>\n\t\t\t<\/div>\n\t\t\t<div class=\"WooZone-cross-sell-loader-text\"><\/div>\n\t\t<\/div>\n\t<\/div>\n\n\t\t\n<\/div>\n<div style=\"clear:both;\"><\/div><\/p>\n","protected":false},"excerpt":{"rendered":"<p>PREMIUM POLYESTER \/ RAYON BLEND &#8211; Unser dreischichtiges Sicherheitsdeckenset wurde unter Ber\u00fccksichtigung des Babykomforts entwickelt. Deshalb haben wir diese Loveys aus ultraweichem, atmungsaktivem Stoff mit genau dem richtigen Hauch von Stretch hergestellt. Aus dem gleichen Material wie unsere originalen Strickdecken hergestellt, k\u00f6nnen Sie sicher sein, dass sich das Baby \u00fcberall wohl f\u00fchlt.<br \/>\nTRAGBARE 16&#215;16 GR\u00d6SSE &#8211; Genau die richtige Gr\u00f6\u00dfe f\u00fcr die Selbstberuhigung unterwegs! Packen Sie unsere kompakte und tragbare Decke in Ihre Wickeltasche oder verstauen Sie sie hinten im Kinderwagen.<br \/>\nES GIBT AUCH EINE SICHERUNG &#8211; Wir haben sogar eine zweite identische Sicherheitsdecke f\u00fcr die Sicherung beigelegt. Perfekt, um einen im Kinderzimmer und den anderen in Ihrer Wickeltasche aufzubewahren!<\/p>\n","protected":false},"featured_media":155787,"comment_status":"open","ping_status":"closed","template":"","meta":[],"product_brand":[],"product_cat":[21,8825],"product_tag":[],"class_list":{"0":"post-155786","1":"product","2":"type-product","3":"status-publish","4":"has-post-thumbnail","6":"product_cat-baby","7":"product_cat-baby-kleinkinderzimmer-baby","8":"pa_binding-babyartikel","9":"pa_brand-copper-pearl","10":"pa_height-14-960629906-zoll","11":"pa_length-0-393700787-zoll","12":"pa_manufacturer-copper-pearl","13":"pa_model-y5-nlxi-u93m","14":"pa_weight-0-3-pfund","15":"pa_width-14-960629906-zoll","17":"first","18":"instock","19":"shipping-taxable","20":"purchasable","21":"product-type-simple","22":"customify-col","23":"product-has-gallery"},"yoast_head":"<!-- This site is optimized with the Yoast SEO plugin v27.3 - https:\/\/yoast.com\/product\/yoast-seo-wordpress\/ -->\n<title>Copper Pearl 3-Schicht-Knit Sicherheitsdecke Set Sized 16&quot; x 16&quot; 2-Pack&quot;Pacific&quot; - Markt-XXL<\/title>\n<meta name=\"description\" content=\"Markt-XXL Copper Pearl 3-Schicht-Knit Sicherheitsdecke Set Sized 16&quot; x 16&quot; 2-Pack&quot;Pacific&quot;\" \/>\n<meta name=\"robots\" content=\"index, follow, max-snippet:-1, max-image-preview:large, max-video-preview:-1\" \/>\n<link rel=\"canonical\" href=\"https:\/\/marktxxl.de\/markt\/produkt\/copper-pearl-3-schicht-knit-sicherheitsdecke-set-sized-16-x-16-2-packpacific\/\" \/>\n<meta property=\"og:locale\" content=\"de_DE\" \/>\n<meta property=\"og:type\" content=\"article\" \/>\n<meta property=\"og:title\" content=\"Copper Pearl 3-Schicht-Knit Sicherheitsdecke Set Sized 16&quot; x 16&quot; 2-Pack&quot;Pacific&quot; - Markt-XXL\" \/>\n<meta property=\"og:description\" content=\"Markt-XXL Copper Pearl 3-Schicht-Knit Sicherheitsdecke Set Sized 16&quot; x 16&quot; 2-Pack&quot;Pacific&quot;\" \/>\n<meta property=\"og:url\" content=\"https:\/\/marktxxl.de\/markt\/produkt\/copper-pearl-3-schicht-knit-sicherheitsdecke-set-sized-16-x-16-2-packpacific\/\" \/>\n<meta property=\"og:site_name\" content=\"Markt-XXL\" \/>\n<meta property=\"article:modified_time\" content=\"2023-04-11T02:37:30+00:00\" \/>\n<meta property=\"og:image\" content=\"https:\/\/m.media-amazon.com\/images\/I\/417URPS65dL._SL500_.jpg\" \/>\n\t<meta property=\"og:image:width\" content=\"500\" \/>\n\t<meta property=\"og:image:height\" content=\"500\" \/>\n\t<meta property=\"og:image:type\" content=\"image\/jpeg\" \/>\n<meta name=\"twitter:card\" content=\"summary_large_image\" \/>\n<meta name=\"twitter:label1\" content=\"Gesch\u00e4tzte Lesezeit\" \/>\n\t<meta name=\"twitter:data1\" content=\"1\u00a0Minute\" \/>\n<script type=\"application\/ld+json\" class=\"yoast-schema-graph\">{\"@context\":\"https:\\\/\\\/schema.org\",\"@graph\":[{\"@type\":\"WebPage\",\"@id\":\"https:\\\/\\\/marktxxl.de\\\/markt\\\/produkt\\\/copper-pearl-3-schicht-knit-sicherheitsdecke-set-sized-16-x-16-2-packpacific\\\/\",\"url\":\"https:\\\/\\\/marktxxl.de\\\/markt\\\/produkt\\\/copper-pearl-3-schicht-knit-sicherheitsdecke-set-sized-16-x-16-2-packpacific\\\/\",\"name\":\"Copper Pearl 3-Schicht-Knit Sicherheitsdecke Set Sized 16\\\" x 16\\\" 2-Pack\\\"Pacific\\\" - Markt-XXL\",\"isPartOf\":{\"@id\":\"https:\\\/\\\/marktxxl.de\\\/markt\\\/#website\"},\"primaryImageOfPage\":{\"@id\":\"https:\\\/\\\/marktxxl.de\\\/markt\\\/produkt\\\/copper-pearl-3-schicht-knit-sicherheitsdecke-set-sized-16-x-16-2-packpacific\\\/#primaryimage\"},\"image\":{\"@id\":\"https:\\\/\\\/marktxxl.de\\\/markt\\\/produkt\\\/copper-pearl-3-schicht-knit-sicherheitsdecke-set-sized-16-x-16-2-packpacific\\\/#primaryimage\"},\"thumbnailUrl\":\"https:\\\/\\\/m.media-amazon.com\\\/images\\\/I\\\/417URPS65dL._SL500_.jpg\",\"datePublished\":\"2022-10-11T19:25:15+00:00\",\"dateModified\":\"2023-04-11T02:37:30+00:00\",\"description\":\"Markt-XXL Copper Pearl 3-Schicht-Knit Sicherheitsdecke Set Sized 16\\\" x 16\\\" 2-Pack\\\"Pacific\\\"\",\"breadcrumb\":{\"@id\":\"https:\\\/\\\/marktxxl.de\\\/markt\\\/produkt\\\/copper-pearl-3-schicht-knit-sicherheitsdecke-set-sized-16-x-16-2-packpacific\\\/#breadcrumb\"},\"inLanguage\":\"de\",\"potentialAction\":[{\"@type\":\"ReadAction\",\"target\":[\"https:\\\/\\\/marktxxl.de\\\/markt\\\/produkt\\\/copper-pearl-3-schicht-knit-sicherheitsdecke-set-sized-16-x-16-2-packpacific\\\/\"]}]},{\"@type\":\"ImageObject\",\"inLanguage\":\"de\",\"@id\":\"https:\\\/\\\/marktxxl.de\\\/markt\\\/produkt\\\/copper-pearl-3-schicht-knit-sicherheitsdecke-set-sized-16-x-16-2-packpacific\\\/#primaryimage\",\"url\":\"https:\\\/\\\/m.media-amazon.com\\\/images\\\/I\\\/417URPS65dL._SL500_.jpg\",\"contentUrl\":\"https:\\\/\\\/m.media-amazon.com\\\/images\\\/I\\\/417URPS65dL._SL500_.jpg\",\"width\":500,\"height\":500},{\"@type\":\"BreadcrumbList\",\"@id\":\"https:\\\/\\\/marktxxl.de\\\/markt\\\/produkt\\\/copper-pearl-3-schicht-knit-sicherheitsdecke-set-sized-16-x-16-2-packpacific\\\/#breadcrumb\",\"itemListElement\":[{\"@type\":\"ListItem\",\"position\":1,\"name\":\"Startseite\",\"item\":\"https:\\\/\\\/marktxxl.de\\\/markt\\\/\"},{\"@type\":\"ListItem\",\"position\":2,\"name\":\"Markt\",\"item\":\"https:\\\/\\\/marktxxl.de\\\/markt\\\/\"},{\"@type\":\"ListItem\",\"position\":3,\"name\":\"Copper Pearl 3-Schicht-Knit Sicherheitsdecke Set Sized 16&#8243; x 16&#8243; 2-Pack&#8221;Pacific&#8221;\"}]},{\"@type\":\"WebSite\",\"@id\":\"https:\\\/\\\/marktxxl.de\\\/markt\\\/#website\",\"url\":\"https:\\\/\\\/marktxxl.de\\\/markt\\\/\",\"name\":\"Markt-XXL\",\"description\":\"Ihr Markt Online\",\"publisher\":{\"@id\":\"https:\\\/\\\/marktxxl.de\\\/markt\\\/#organization\"},\"potentialAction\":[{\"@type\":\"SearchAction\",\"target\":{\"@type\":\"EntryPoint\",\"urlTemplate\":\"https:\\\/\\\/marktxxl.de\\\/markt\\\/?s={search_term_string}\"},\"query-input\":{\"@type\":\"PropertyValueSpecification\",\"valueRequired\":true,\"valueName\":\"search_term_string\"}}],\"inLanguage\":\"de\"},{\"@type\":\"Organization\",\"@id\":\"https:\\\/\\\/marktxxl.de\\\/markt\\\/#organization\",\"name\":\"Markt-XXL\",\"url\":\"https:\\\/\\\/marktxxl.de\\\/markt\\\/\",\"logo\":{\"@type\":\"ImageObject\",\"inLanguage\":\"de\",\"@id\":\"https:\\\/\\\/marktxxl.de\\\/markt\\\/#\\\/schema\\\/logo\\\/image\\\/\",\"url\":\"https:\\\/\\\/marktxxl.de\\\/markt\\\/wp-content\\\/uploads\\\/sites\\\/3\\\/2020\\\/12\\\/logo.png\",\"contentUrl\":\"https:\\\/\\\/marktxxl.de\\\/markt\\\/wp-content\\\/uploads\\\/sites\\\/3\\\/2020\\\/12\\\/logo.png\",\"width\":200,\"height\":70,\"caption\":\"Markt-XXL\"},\"image\":{\"@id\":\"https:\\\/\\\/marktxxl.de\\\/markt\\\/#\\\/schema\\\/logo\\\/image\\\/\"}}]}<\/script>\n<!-- \/ Yoast SEO plugin. -->","yoast_head_json":{"title":"Copper Pearl 3-Schicht-Knit Sicherheitsdecke Set Sized 16\" x 16\" 2-Pack\"Pacific\" - Markt-XXL","description":"Markt-XXL Copper Pearl 3-Schicht-Knit Sicherheitsdecke Set Sized 16\" x 16\" 2-Pack\"Pacific\"","robots":{"index":"index","follow":"follow","max-snippet":"max-snippet:-1","max-image-preview":"max-image-preview:large","max-video-preview":"max-video-preview:-1"},"canonical":"https:\/\/marktxxl.de\/markt\/produkt\/copper-pearl-3-schicht-knit-sicherheitsdecke-set-sized-16-x-16-2-packpacific\/","og_locale":"de_DE","og_type":"article","og_title":"Copper Pearl 3-Schicht-Knit Sicherheitsdecke Set Sized 16\" x 16\" 2-Pack\"Pacific\" - Markt-XXL","og_description":"Markt-XXL Copper Pearl 3-Schicht-Knit Sicherheitsdecke Set Sized 16\" x 16\" 2-Pack\"Pacific\"","og_url":"https:\/\/marktxxl.de\/markt\/produkt\/copper-pearl-3-schicht-knit-sicherheitsdecke-set-sized-16-x-16-2-packpacific\/","og_site_name":"Markt-XXL","article_modified_time":"2023-04-11T02:37:30+00:00","og_image":[{"width":500,"height":500,"url":"https:\/\/m.media-amazon.com\/images\/I\/417URPS65dL._SL500_.jpg","type":"image\/jpeg"}],"twitter_card":"summary_large_image","twitter_misc":{"Gesch\u00e4tzte Lesezeit":"1\u00a0Minute"},"schema":{"@context":"https:\/\/schema.org","@graph":[{"@type":"WebPage","@id":"https:\/\/marktxxl.de\/markt\/produkt\/copper-pearl-3-schicht-knit-sicherheitsdecke-set-sized-16-x-16-2-packpacific\/","url":"https:\/\/marktxxl.de\/markt\/produkt\/copper-pearl-3-schicht-knit-sicherheitsdecke-set-sized-16-x-16-2-packpacific\/","name":"Copper Pearl 3-Schicht-Knit Sicherheitsdecke Set Sized 16\" x 16\" 2-Pack\"Pacific\" - Markt-XXL","isPartOf":{"@id":"https:\/\/marktxxl.de\/markt\/#website"},"primaryImageOfPage":{"@id":"https:\/\/marktxxl.de\/markt\/produkt\/copper-pearl-3-schicht-knit-sicherheitsdecke-set-sized-16-x-16-2-packpacific\/#primaryimage"},"image":{"@id":"https:\/\/marktxxl.de\/markt\/produkt\/copper-pearl-3-schicht-knit-sicherheitsdecke-set-sized-16-x-16-2-packpacific\/#primaryimage"},"thumbnailUrl":"https:\/\/m.media-amazon.com\/images\/I\/417URPS65dL._SL500_.jpg","datePublished":"2022-10-11T19:25:15+00:00","dateModified":"2023-04-11T02:37:30+00:00","description":"Markt-XXL Copper Pearl 3-Schicht-Knit Sicherheitsdecke Set Sized 16\" x 16\" 2-Pack\"Pacific\"","breadcrumb":{"@id":"https:\/\/marktxxl.de\/markt\/produkt\/copper-pearl-3-schicht-knit-sicherheitsdecke-set-sized-16-x-16-2-packpacific\/#breadcrumb"},"inLanguage":"de","potentialAction":[{"@type":"ReadAction","target":["https:\/\/marktxxl.de\/markt\/produkt\/copper-pearl-3-schicht-knit-sicherheitsdecke-set-sized-16-x-16-2-packpacific\/"]}]},{"@type":"ImageObject","inLanguage":"de","@id":"https:\/\/marktxxl.de\/markt\/produkt\/copper-pearl-3-schicht-knit-sicherheitsdecke-set-sized-16-x-16-2-packpacific\/#primaryimage","url":"https:\/\/m.media-amazon.com\/images\/I\/417URPS65dL._SL500_.jpg","contentUrl":"https:\/\/m.media-amazon.com\/images\/I\/417URPS65dL._SL500_.jpg","width":500,"height":500},{"@type":"BreadcrumbList","@id":"https:\/\/marktxxl.de\/markt\/produkt\/copper-pearl-3-schicht-knit-sicherheitsdecke-set-sized-16-x-16-2-packpacific\/#breadcrumb","itemListElement":[{"@type":"ListItem","position":1,"name":"Startseite","item":"https:\/\/marktxxl.de\/markt\/"},{"@type":"ListItem","position":2,"name":"Markt","item":"https:\/\/marktxxl.de\/markt\/"},{"@type":"ListItem","position":3,"name":"Copper Pearl 3-Schicht-Knit Sicherheitsdecke Set Sized 16&#8243; x 16&#8243; 2-Pack&#8221;Pacific&#8221;"}]},{"@type":"WebSite","@id":"https:\/\/marktxxl.de\/markt\/#website","url":"https:\/\/marktxxl.de\/markt\/","name":"Markt-XXL","description":"Ihr Markt Online","publisher":{"@id":"https:\/\/marktxxl.de\/markt\/#organization"},"potentialAction":[{"@type":"SearchAction","target":{"@type":"EntryPoint","urlTemplate":"https:\/\/marktxxl.de\/markt\/?s={search_term_string}"},"query-input":{"@type":"PropertyValueSpecification","valueRequired":true,"valueName":"search_term_string"}}],"inLanguage":"de"},{"@type":"Organization","@id":"https:\/\/marktxxl.de\/markt\/#organization","name":"Markt-XXL","url":"https:\/\/marktxxl.de\/markt\/","logo":{"@type":"ImageObject","inLanguage":"de","@id":"https:\/\/marktxxl.de\/markt\/#\/schema\/logo\/image\/","url":"https:\/\/marktxxl.de\/markt\/wp-content\/uploads\/sites\/3\/2020\/12\/logo.png","contentUrl":"https:\/\/marktxxl.de\/markt\/wp-content\/uploads\/sites\/3\/2020\/12\/logo.png","width":200,"height":70,"caption":"Markt-XXL"},"image":{"@id":"https:\/\/marktxxl.de\/markt\/#\/schema\/logo\/image\/"}}]}},"_links":{"self":[{"href":"https:\/\/marktxxl.de\/markt\/wp-json\/wp\/v2\/product\/155786","targetHints":{"allow":["GET"]}}],"collection":[{"href":"https:\/\/marktxxl.de\/markt\/wp-json\/wp\/v2\/product"}],"about":[{"href":"https:\/\/marktxxl.de\/markt\/wp-json\/wp\/v2\/types\/product"}],"replies":[{"embeddable":true,"href":"https:\/\/marktxxl.de\/markt\/wp-json\/wp\/v2\/comments?post=155786"}],"wp:featuredmedia":[{"embeddable":true,"href":"https:\/\/marktxxl.de\/markt\/wp-json\/wp\/v2\/media\/155787"}],"wp:attachment":[{"href":"https:\/\/marktxxl.de\/markt\/wp-json\/wp\/v2\/media?parent=155786"}],"wp:term":[{"taxonomy":"product_brand","embeddable":true,"href":"https:\/\/marktxxl.de\/markt\/wp-json\/wp\/v2\/product_brand?post=155786"},{"taxonomy":"product_cat","embeddable":true,"href":"https:\/\/marktxxl.de\/markt\/wp-json\/wp\/v2\/product_cat?post=155786"},{"taxonomy":"product_tag","embeddable":true,"href":"https:\/\/marktxxl.de\/markt\/wp-json\/wp\/v2\/product_tag?post=155786"}],"curies":[{"name":"wp","href":"https:\/\/api.w.org\/{rel}","templated":true}]}}