{"id":155749,"date":"2022-10-11T21:05:31","date_gmt":"2022-10-11T19:05:31","guid":{"rendered":"https:\/\/marktxxl.de\/markt\/produkt\/ntbay-flanell-fleece-ueberwurfdecke\/"},"modified":"2023-04-11T04:37:29","modified_gmt":"2023-04-11T02:37:29","slug":"ntbay-flanell-fleece-ueberwurfdecke","status":"publish","type":"product","link":"https:\/\/marktxxl.de\/markt\/produkt\/ntbay-flanell-fleece-ueberwurfdecke\/","title":{"rendered":"NTBAY Flanell Fleece Krabbeldecke, 76&#215;102 cm Fuzzy weich und leicht Akanthus-Muster dekorative Babydecke f\u00fcr Krippe\u2026"},"content":{"rendered":"<p>Produkteigenschaften: Diese Decke ist einlagig, leicht und nicht so dick. Klassisches schwarz-wei\u00dfes Streifenmuster zeigt einen modernen Einfachheitsstil. Es gibt 4 verschiedene Spezifikationen, um die Bed\u00fcrfnisse verschiedener Personen zu erf\u00fcllen. Diese Decke ist knitter-, farb- und pillingresistent und eignet sich f\u00fcr alle Jahreszeiten.<br \/>\nLieferumfang: 1 x Decke (\u00dcberwurf: 129,5 x 172,7 cm, Doppelbett: 172,7 x 228,6 cm, Doppelbett: 228,6 x 228,6 cm, King-Size-Bett: 274,3 x 228,6 cm)<br \/>\nProduktfunktion: Diese Decke kann als \u00dcberwurfdecke, Bettdecke, Coach-\/Sofadecke zum Kuscheln oder Entspannen verwendet werden. Es kann auch als Sommerdecke oder Reisedecke verwendet werden. Es ist eine gute Wahl f\u00fcr alle, um sich an kalten Tagen warm und gem\u00fctlich zu halten und R\u00e4ume in Ihrem Zuhause zu erfrischen. Hinweis: Die Oberfl\u00e4che der Decke hat hellere Farben und ein besseres Fell als die R\u00fcckseite.<br \/>\nPflegeleicht: Maschinenw\u00e4sche kalt im Schonwaschgang. Nicht einweichen, bleichen und b\u00fcgeln. Nach dem Waschen schnell trocknen. Bei Bedarf kalt b\u00fcgeln. Keine B\u00fcrste verwenden! Hinweis: Es kann ein wenig Haarausfall nach dem ersten Waschen auftreten, das ist kein Qualit\u00e4tsproblem.<br \/>\n<div class=\"main-cross-sell\" data-asin=\"B072QTYX2S\">\n\n\t<div class=\"WooZone-cross-sell-loader\">\n\t\t<div>\n\t\t\t<div id=\"floatingBarsG\">\n\t\t\t\t<div class=\"blockG\" id=\"rotateG_01\"><\/div>\n\t\t\t\t<div class=\"blockG\" id=\"rotateG_02\"><\/div>\n\t\t\t\t<div class=\"blockG\" id=\"rotateG_03\"><\/div>\n\t\t\t\t<div class=\"blockG\" id=\"rotateG_04\"><\/div>\n\t\t\t\t<div class=\"blockG\" id=\"rotateG_05\"><\/div>\n\t\t\t\t<div class=\"blockG\" id=\"rotateG_06\"><\/div>\n\t\t\t\t<div class=\"blockG\" id=\"rotateG_07\"><\/div>\n\t\t\t\t<div class=\"blockG\" id=\"rotateG_08\"><\/div>\n\t\t\t<\/div>\n\t\t\t<div class=\"WooZone-cross-sell-loader-text\"><\/div>\n\t\t<\/div>\n\t<\/div>\n\n\t\t\n<\/div>\n<div style=\"clear:both;\"><\/div><\/p>\n","protected":false},"excerpt":{"rendered":"<p>Produkteigenschaften: Diese Decke ist einlagig, leicht und nicht so dick. Klassisches schwarz-wei\u00dfes Streifenmuster zeigt einen modernen Einfachheitsstil. Es gibt 4 verschiedene Spezifikationen, um die Bed\u00fcrfnisse verschiedener Personen zu erf\u00fcllen. Diese Decke ist knitter-, farb- und pillingresistent und eignet sich f\u00fcr alle Jahreszeiten.<br \/>\nLieferumfang: 1 x Decke (\u00dcberwurf: 129,5 x 172,7 cm, Doppelbett: 172,7 x 228,6 cm, Doppelbett: 228,6 x 228,6 cm, King-Size-Bett: 274,3 x 228,6 cm)<br \/>\nProduktfunktion: Diese Decke kann als \u00dcberwurfdecke, Bettdecke, Coach-\/Sofadecke zum Kuscheln oder Entspannen verwendet werden. Es kann auch als Sommerdecke oder Reisedecke verwendet werden. Es ist eine gute Wahl f\u00fcr alle, um sich an kalten Tagen warm und gem\u00fctlich zu halten und R\u00e4ume in Ihrem Zuhause zu erfrischen. Hinweis: Die Oberfl\u00e4che der Decke hat hellere Farben und ein besseres Fell als die R\u00fcckseite.<\/p>\n","protected":false},"featured_media":155750,"comment_status":"open","ping_status":"closed","template":"","meta":[],"product_brand":[],"product_cat":[21,8825],"product_tag":[],"class_list":{"0":"post-155749","1":"product","2":"type-product","3":"status-publish","4":"has-post-thumbnail","6":"product_cat-baby","7":"product_cat-baby-kleinkinderzimmer-baby","8":"pa_brand-ntbay","9":"pa_color-schwarz-weiss","10":"pa_manufacturer-ntbay","12":"first","13":"instock","14":"shipping-taxable","15":"purchasable","16":"product-type-simple","17":"customify-col","18":"product-has-gallery"},"yoast_head":"<!-- This site is optimized with the Yoast SEO plugin v27.4 - https:\/\/yoast.com\/product\/yoast-seo-wordpress\/ -->\n<title>NTBAY Flanell Fleece Krabbeldecke, 76x102 cm Fuzzy weich und leicht Akanthus-Muster dekorative Babydecke f\u00fcr Krippe\u2026 - Markt-XXL<\/title>\n<meta name=\"description\" content=\"Markt-XXL NTBAY Flanell Fleece Krabbeldecke, 76x102 cm Fuzzy weich und leicht Akanthus-Muster dekorative Babydecke f\u00fcr Krippe\u2026\" \/>\n<meta name=\"robots\" content=\"index, follow, max-snippet:-1, max-image-preview:large, max-video-preview:-1\" \/>\n<link rel=\"canonical\" href=\"https:\/\/marktxxl.de\/markt\/produkt\/ntbay-flanell-fleece-ueberwurfdecke\/\" \/>\n<meta property=\"og:locale\" content=\"de_DE\" \/>\n<meta property=\"og:type\" content=\"article\" \/>\n<meta property=\"og:title\" content=\"NTBAY Flanell Fleece Krabbeldecke, 76x102 cm Fuzzy weich und leicht Akanthus-Muster dekorative Babydecke f\u00fcr Krippe\u2026 - Markt-XXL\" \/>\n<meta property=\"og:description\" content=\"Markt-XXL NTBAY Flanell Fleece Krabbeldecke, 76x102 cm Fuzzy weich und leicht Akanthus-Muster dekorative Babydecke f\u00fcr Krippe\u2026\" \/>\n<meta property=\"og:url\" content=\"https:\/\/marktxxl.de\/markt\/produkt\/ntbay-flanell-fleece-ueberwurfdecke\/\" \/>\n<meta property=\"og:site_name\" content=\"Markt-XXL\" \/>\n<meta property=\"article:modified_time\" content=\"2023-04-11T02:37:29+00:00\" \/>\n<meta property=\"og:image\" content=\"https:\/\/m.media-amazon.com\/images\/I\/41pQnVdfDLL._SL500_.jpg\" \/>\n\t<meta property=\"og:image:width\" content=\"500\" \/>\n\t<meta property=\"og:image:height\" content=\"500\" \/>\n\t<meta property=\"og:image:type\" content=\"image\/jpeg\" \/>\n<meta name=\"twitter:card\" content=\"summary_large_image\" \/>\n<meta name=\"twitter:label1\" content=\"Gesch\u00e4tzte Lesezeit\" \/>\n\t<meta name=\"twitter:data1\" content=\"1\u00a0Minute\" \/>\n<script type=\"application\/ld+json\" class=\"yoast-schema-graph\">{\"@context\":\"https:\\\/\\\/schema.org\",\"@graph\":[{\"@type\":\"WebPage\",\"@id\":\"https:\\\/\\\/marktxxl.de\\\/markt\\\/produkt\\\/ntbay-flanell-fleece-ueberwurfdecke\\\/\",\"url\":\"https:\\\/\\\/marktxxl.de\\\/markt\\\/produkt\\\/ntbay-flanell-fleece-ueberwurfdecke\\\/\",\"name\":\"NTBAY Flanell Fleece Krabbeldecke, 76x102 cm Fuzzy weich und leicht Akanthus-Muster dekorative Babydecke f\u00fcr Krippe\u2026 - Markt-XXL\",\"isPartOf\":{\"@id\":\"https:\\\/\\\/marktxxl.de\\\/markt\\\/#website\"},\"primaryImageOfPage\":{\"@id\":\"https:\\\/\\\/marktxxl.de\\\/markt\\\/produkt\\\/ntbay-flanell-fleece-ueberwurfdecke\\\/#primaryimage\"},\"image\":{\"@id\":\"https:\\\/\\\/marktxxl.de\\\/markt\\\/produkt\\\/ntbay-flanell-fleece-ueberwurfdecke\\\/#primaryimage\"},\"thumbnailUrl\":\"https:\\\/\\\/m.media-amazon.com\\\/images\\\/I\\\/41pQnVdfDLL._SL500_.jpg\",\"datePublished\":\"2022-10-11T19:05:31+00:00\",\"dateModified\":\"2023-04-11T02:37:29+00:00\",\"description\":\"Markt-XXL NTBAY Flanell Fleece Krabbeldecke, 76x102 cm Fuzzy weich und leicht Akanthus-Muster dekorative Babydecke f\u00fcr Krippe\u2026\",\"breadcrumb\":{\"@id\":\"https:\\\/\\\/marktxxl.de\\\/markt\\\/produkt\\\/ntbay-flanell-fleece-ueberwurfdecke\\\/#breadcrumb\"},\"inLanguage\":\"de\",\"potentialAction\":[{\"@type\":\"ReadAction\",\"target\":[\"https:\\\/\\\/marktxxl.de\\\/markt\\\/produkt\\\/ntbay-flanell-fleece-ueberwurfdecke\\\/\"]}]},{\"@type\":\"ImageObject\",\"inLanguage\":\"de\",\"@id\":\"https:\\\/\\\/marktxxl.de\\\/markt\\\/produkt\\\/ntbay-flanell-fleece-ueberwurfdecke\\\/#primaryimage\",\"url\":\"https:\\\/\\\/m.media-amazon.com\\\/images\\\/I\\\/41pQnVdfDLL._SL500_.jpg\",\"contentUrl\":\"https:\\\/\\\/m.media-amazon.com\\\/images\\\/I\\\/41pQnVdfDLL._SL500_.jpg\",\"width\":500,\"height\":500},{\"@type\":\"BreadcrumbList\",\"@id\":\"https:\\\/\\\/marktxxl.de\\\/markt\\\/produkt\\\/ntbay-flanell-fleece-ueberwurfdecke\\\/#breadcrumb\",\"itemListElement\":[{\"@type\":\"ListItem\",\"position\":1,\"name\":\"Startseite\",\"item\":\"https:\\\/\\\/marktxxl.de\\\/markt\\\/\"},{\"@type\":\"ListItem\",\"position\":2,\"name\":\"Markt\",\"item\":\"https:\\\/\\\/marktxxl.de\\\/markt\\\/\"},{\"@type\":\"ListItem\",\"position\":3,\"name\":\"NTBAY Flanell Fleece Krabbeldecke, 76&#215;102 cm Fuzzy weich und leicht Akanthus-Muster dekorative Babydecke f\u00fcr Krippe\u2026\"}]},{\"@type\":\"WebSite\",\"@id\":\"https:\\\/\\\/marktxxl.de\\\/markt\\\/#website\",\"url\":\"https:\\\/\\\/marktxxl.de\\\/markt\\\/\",\"name\":\"Markt-XXL\",\"description\":\"Ihr Markt Online\",\"publisher\":{\"@id\":\"https:\\\/\\\/marktxxl.de\\\/markt\\\/#organization\"},\"potentialAction\":[{\"@type\":\"SearchAction\",\"target\":{\"@type\":\"EntryPoint\",\"urlTemplate\":\"https:\\\/\\\/marktxxl.de\\\/markt\\\/?s={search_term_string}\"},\"query-input\":{\"@type\":\"PropertyValueSpecification\",\"valueRequired\":true,\"valueName\":\"search_term_string\"}}],\"inLanguage\":\"de\"},{\"@type\":\"Organization\",\"@id\":\"https:\\\/\\\/marktxxl.de\\\/markt\\\/#organization\",\"name\":\"Markt-XXL\",\"url\":\"https:\\\/\\\/marktxxl.de\\\/markt\\\/\",\"logo\":{\"@type\":\"ImageObject\",\"inLanguage\":\"de\",\"@id\":\"https:\\\/\\\/marktxxl.de\\\/markt\\\/#\\\/schema\\\/logo\\\/image\\\/\",\"url\":\"https:\\\/\\\/marktxxl.de\\\/markt\\\/wp-content\\\/uploads\\\/sites\\\/3\\\/2020\\\/12\\\/logo.png\",\"contentUrl\":\"https:\\\/\\\/marktxxl.de\\\/markt\\\/wp-content\\\/uploads\\\/sites\\\/3\\\/2020\\\/12\\\/logo.png\",\"width\":200,\"height\":70,\"caption\":\"Markt-XXL\"},\"image\":{\"@id\":\"https:\\\/\\\/marktxxl.de\\\/markt\\\/#\\\/schema\\\/logo\\\/image\\\/\"}}]}<\/script>\n<!-- \/ Yoast SEO plugin. -->","yoast_head_json":{"title":"NTBAY Flanell Fleece Krabbeldecke, 76x102 cm Fuzzy weich und leicht Akanthus-Muster dekorative Babydecke f\u00fcr Krippe\u2026 - Markt-XXL","description":"Markt-XXL NTBAY Flanell Fleece Krabbeldecke, 76x102 cm Fuzzy weich und leicht Akanthus-Muster dekorative Babydecke f\u00fcr Krippe\u2026","robots":{"index":"index","follow":"follow","max-snippet":"max-snippet:-1","max-image-preview":"max-image-preview:large","max-video-preview":"max-video-preview:-1"},"canonical":"https:\/\/marktxxl.de\/markt\/produkt\/ntbay-flanell-fleece-ueberwurfdecke\/","og_locale":"de_DE","og_type":"article","og_title":"NTBAY Flanell Fleece Krabbeldecke, 76x102 cm Fuzzy weich und leicht Akanthus-Muster dekorative Babydecke f\u00fcr Krippe\u2026 - Markt-XXL","og_description":"Markt-XXL NTBAY Flanell Fleece Krabbeldecke, 76x102 cm Fuzzy weich und leicht Akanthus-Muster dekorative Babydecke f\u00fcr Krippe\u2026","og_url":"https:\/\/marktxxl.de\/markt\/produkt\/ntbay-flanell-fleece-ueberwurfdecke\/","og_site_name":"Markt-XXL","article_modified_time":"2023-04-11T02:37:29+00:00","og_image":[{"width":500,"height":500,"url":"https:\/\/m.media-amazon.com\/images\/I\/41pQnVdfDLL._SL500_.jpg","type":"image\/jpeg"}],"twitter_card":"summary_large_image","twitter_misc":{"Gesch\u00e4tzte Lesezeit":"1\u00a0Minute"},"schema":{"@context":"https:\/\/schema.org","@graph":[{"@type":"WebPage","@id":"https:\/\/marktxxl.de\/markt\/produkt\/ntbay-flanell-fleece-ueberwurfdecke\/","url":"https:\/\/marktxxl.de\/markt\/produkt\/ntbay-flanell-fleece-ueberwurfdecke\/","name":"NTBAY Flanell Fleece Krabbeldecke, 76x102 cm Fuzzy weich und leicht Akanthus-Muster dekorative Babydecke f\u00fcr Krippe\u2026 - Markt-XXL","isPartOf":{"@id":"https:\/\/marktxxl.de\/markt\/#website"},"primaryImageOfPage":{"@id":"https:\/\/marktxxl.de\/markt\/produkt\/ntbay-flanell-fleece-ueberwurfdecke\/#primaryimage"},"image":{"@id":"https:\/\/marktxxl.de\/markt\/produkt\/ntbay-flanell-fleece-ueberwurfdecke\/#primaryimage"},"thumbnailUrl":"https:\/\/m.media-amazon.com\/images\/I\/41pQnVdfDLL._SL500_.jpg","datePublished":"2022-10-11T19:05:31+00:00","dateModified":"2023-04-11T02:37:29+00:00","description":"Markt-XXL NTBAY Flanell Fleece Krabbeldecke, 76x102 cm Fuzzy weich und leicht Akanthus-Muster dekorative Babydecke f\u00fcr Krippe\u2026","breadcrumb":{"@id":"https:\/\/marktxxl.de\/markt\/produkt\/ntbay-flanell-fleece-ueberwurfdecke\/#breadcrumb"},"inLanguage":"de","potentialAction":[{"@type":"ReadAction","target":["https:\/\/marktxxl.de\/markt\/produkt\/ntbay-flanell-fleece-ueberwurfdecke\/"]}]},{"@type":"ImageObject","inLanguage":"de","@id":"https:\/\/marktxxl.de\/markt\/produkt\/ntbay-flanell-fleece-ueberwurfdecke\/#primaryimage","url":"https:\/\/m.media-amazon.com\/images\/I\/41pQnVdfDLL._SL500_.jpg","contentUrl":"https:\/\/m.media-amazon.com\/images\/I\/41pQnVdfDLL._SL500_.jpg","width":500,"height":500},{"@type":"BreadcrumbList","@id":"https:\/\/marktxxl.de\/markt\/produkt\/ntbay-flanell-fleece-ueberwurfdecke\/#breadcrumb","itemListElement":[{"@type":"ListItem","position":1,"name":"Startseite","item":"https:\/\/marktxxl.de\/markt\/"},{"@type":"ListItem","position":2,"name":"Markt","item":"https:\/\/marktxxl.de\/markt\/"},{"@type":"ListItem","position":3,"name":"NTBAY Flanell Fleece Krabbeldecke, 76&#215;102 cm Fuzzy weich und leicht Akanthus-Muster dekorative Babydecke f\u00fcr Krippe\u2026"}]},{"@type":"WebSite","@id":"https:\/\/marktxxl.de\/markt\/#website","url":"https:\/\/marktxxl.de\/markt\/","name":"Markt-XXL","description":"Ihr Markt Online","publisher":{"@id":"https:\/\/marktxxl.de\/markt\/#organization"},"potentialAction":[{"@type":"SearchAction","target":{"@type":"EntryPoint","urlTemplate":"https:\/\/marktxxl.de\/markt\/?s={search_term_string}"},"query-input":{"@type":"PropertyValueSpecification","valueRequired":true,"valueName":"search_term_string"}}],"inLanguage":"de"},{"@type":"Organization","@id":"https:\/\/marktxxl.de\/markt\/#organization","name":"Markt-XXL","url":"https:\/\/marktxxl.de\/markt\/","logo":{"@type":"ImageObject","inLanguage":"de","@id":"https:\/\/marktxxl.de\/markt\/#\/schema\/logo\/image\/","url":"https:\/\/marktxxl.de\/markt\/wp-content\/uploads\/sites\/3\/2020\/12\/logo.png","contentUrl":"https:\/\/marktxxl.de\/markt\/wp-content\/uploads\/sites\/3\/2020\/12\/logo.png","width":200,"height":70,"caption":"Markt-XXL"},"image":{"@id":"https:\/\/marktxxl.de\/markt\/#\/schema\/logo\/image\/"}}]}},"_links":{"self":[{"href":"https:\/\/marktxxl.de\/markt\/wp-json\/wp\/v2\/product\/155749","targetHints":{"allow":["GET"]}}],"collection":[{"href":"https:\/\/marktxxl.de\/markt\/wp-json\/wp\/v2\/product"}],"about":[{"href":"https:\/\/marktxxl.de\/markt\/wp-json\/wp\/v2\/types\/product"}],"replies":[{"embeddable":true,"href":"https:\/\/marktxxl.de\/markt\/wp-json\/wp\/v2\/comments?post=155749"}],"wp:featuredmedia":[{"embeddable":true,"href":"https:\/\/marktxxl.de\/markt\/wp-json\/wp\/v2\/media\/155750"}],"wp:attachment":[{"href":"https:\/\/marktxxl.de\/markt\/wp-json\/wp\/v2\/media?parent=155749"}],"wp:term":[{"taxonomy":"product_brand","embeddable":true,"href":"https:\/\/marktxxl.de\/markt\/wp-json\/wp\/v2\/product_brand?post=155749"},{"taxonomy":"product_cat","embeddable":true,"href":"https:\/\/marktxxl.de\/markt\/wp-json\/wp\/v2\/product_cat?post=155749"},{"taxonomy":"product_tag","embeddable":true,"href":"https:\/\/marktxxl.de\/markt\/wp-json\/wp\/v2\/product_tag?post=155749"}],"curies":[{"name":"wp","href":"https:\/\/api.w.org\/{rel}","templated":true}]}}