{"id":155720,"date":"2022-10-11T21:04:45","date_gmt":"2022-10-11T19:04:45","guid":{"rendered":"https:\/\/marktxxl.de\/markt\/produkt\/julius-zoellner-kindersteppbett-set-basic-decke-mit-kissen-standard-100-by-oeko-tex-groesse-100x135-40x60-cm-weiss\/"},"modified":"2023-04-11T04:37:28","modified_gmt":"2023-04-11T02:37:28","slug":"julius-zoellner-kindersteppbett-set-basic-decke-mit-kissen-standard-100-by-oeko-tex-groesse-100x135-40x60-cm-weiss","status":"publish","type":"product","link":"https:\/\/marktxxl.de\/markt\/produkt\/julius-zoellner-kindersteppbett-set-basic-decke-mit-kissen-standard-100-by-oeko-tex-groesse-100x135-40x60-cm-weiss\/","title":{"rendered":"Julius Z\u00f6llner Kindersteppbett-Set Basic, Decke mit Kissen, Standard 100 by OEKO-TEX, Gr\u00f6\u00dfe 100&#215;135 + 40&#215;60 cm, Wei\u00df"},"content":{"rendered":"<p>F\u00fcr Babys und Kinder entwickelt: Angenehm warmes Steppbett-Set f\u00fcr das ganze Jahr mit Kissen und Decke<br \/>\nBesonders pflegeleicht &amp; f\u00fcr Allergiker geeignet- waschbar bei 60\u00b0C, trocknergeeignet<br \/>\nLeicht und anschmiegsam &#8211; Bezug aus Mischgewebe (65% Baumwolle, 35% Polyester)<br \/>\nAtmungsaktive und temperaturausgleichende F\u00fcllung aus Klimafaser (100% Polyester)<br \/>\nSchadstoffgepr\u00fcft nach Standard 100 by OEKO-TEX, Made in EU<br \/>\n<div class=\"main-cross-sell\" data-asin=\"B00N5RED4Y\">\n\n\t<div class=\"WooZone-cross-sell-loader\">\n\t\t<div>\n\t\t\t<div id=\"floatingBarsG\">\n\t\t\t\t<div class=\"blockG\" id=\"rotateG_01\"><\/div>\n\t\t\t\t<div class=\"blockG\" id=\"rotateG_02\"><\/div>\n\t\t\t\t<div class=\"blockG\" id=\"rotateG_03\"><\/div>\n\t\t\t\t<div class=\"blockG\" id=\"rotateG_04\"><\/div>\n\t\t\t\t<div class=\"blockG\" id=\"rotateG_05\"><\/div>\n\t\t\t\t<div class=\"blockG\" id=\"rotateG_06\"><\/div>\n\t\t\t\t<div class=\"blockG\" id=\"rotateG_07\"><\/div>\n\t\t\t\t<div class=\"blockG\" id=\"rotateG_08\"><\/div>\n\t\t\t<\/div>\n\t\t\t<div class=\"WooZone-cross-sell-loader-text\"><\/div>\n\t\t<\/div>\n\t<\/div>\n\n\t\t\n<\/div>\n<div style=\"clear:both;\"><\/div><\/p>\n","protected":false},"excerpt":{"rendered":"<p>F\u00fcr Babys und Kinder entwickelt: Angenehm warmes Steppbett-Set f\u00fcr das ganze Jahr mit Kissen und Decke<br \/>\nBesonders pflegeleicht &amp; f\u00fcr Allergiker geeignet- waschbar bei 60\u00b0C, trocknergeeignet<br \/>\nLeicht und anschmiegsam &#8211; Bezug aus Mischgewebe (65% Baumwolle, 35% Polyester)<\/p>\n","protected":false},"featured_media":155721,"comment_status":"open","ping_status":"closed","template":"","meta":[],"product_brand":[],"product_cat":[21,8825],"product_tag":[],"class_list":{"0":"post-155720","1":"product","2":"type-product","3":"status-publish","4":"has-post-thumbnail","6":"product_cat-baby","7":"product_cat-baby-kleinkinderzimmer-baby","8":"pa_binding-babyartikel","9":"pa_brand-julius-zoellner","10":"pa_color-weiss","11":"pa_height-0-01181102361-zoll","12":"pa_languages-uebersetzung-deutsch-handbuch-italienisch-handbuch-deutsch-handbuch-franzoesisch-handbuch-englisch-handbuch-spanisch","13":"pa_length-53-149606245-zoll","14":"pa_manufacturer-julius-zoellner-gmbh-co-kg","15":"pa_model-42546","16":"pa_size-100x135-plus-40x60-cm","17":"pa_weight-1-54-pfund","18":"pa_width-39-3700787-zoll","20":"first","21":"instock","22":"shipping-taxable","23":"purchasable","24":"product-type-simple","25":"customify-col","26":"product-has-gallery"},"yoast_head":"<!-- This site is optimized with the Yoast SEO plugin v27.4 - https:\/\/yoast.com\/product\/yoast-seo-wordpress\/ -->\n<title>Julius Z\u00f6llner Kindersteppbett-Set Basic, Decke mit Kissen, Standard 100 by OEKO-TEX, Gr\u00f6\u00dfe 100x135 + 40x60 cm, Wei\u00df - Markt-XXL<\/title>\n<meta name=\"description\" content=\"Markt-XXL Julius Z\u00f6llner Kindersteppbett-Set Basic, Decke mit Kissen, Standard 100 by OEKO-TEX, Gr\u00f6\u00dfe 100x135 + 40x60 cm, Wei\u00df\" \/>\n<meta name=\"robots\" content=\"index, follow, max-snippet:-1, max-image-preview:large, max-video-preview:-1\" \/>\n<link rel=\"canonical\" href=\"https:\/\/marktxxl.de\/markt\/produkt\/julius-zoellner-kindersteppbett-set-basic-decke-mit-kissen-standard-100-by-oeko-tex-groesse-100x135-40x60-cm-weiss\/\" \/>\n<meta property=\"og:locale\" content=\"de_DE\" \/>\n<meta property=\"og:type\" content=\"article\" \/>\n<meta property=\"og:title\" content=\"Julius Z\u00f6llner Kindersteppbett-Set Basic, Decke mit Kissen, Standard 100 by OEKO-TEX, Gr\u00f6\u00dfe 100x135 + 40x60 cm, Wei\u00df - Markt-XXL\" \/>\n<meta property=\"og:description\" content=\"Markt-XXL Julius Z\u00f6llner Kindersteppbett-Set Basic, Decke mit Kissen, Standard 100 by OEKO-TEX, Gr\u00f6\u00dfe 100x135 + 40x60 cm, Wei\u00df\" \/>\n<meta property=\"og:url\" content=\"https:\/\/marktxxl.de\/markt\/produkt\/julius-zoellner-kindersteppbett-set-basic-decke-mit-kissen-standard-100-by-oeko-tex-groesse-100x135-40x60-cm-weiss\/\" \/>\n<meta property=\"og:site_name\" content=\"Markt-XXL\" \/>\n<meta property=\"article:modified_time\" content=\"2023-04-11T02:37:28+00:00\" \/>\n<meta property=\"og:image\" content=\"https:\/\/m.media-amazon.com\/images\/I\/2185uWgIjOL._SL500_.jpg\" \/>\n\t<meta property=\"og:image:width\" content=\"500\" \/>\n\t<meta property=\"og:image:height\" content=\"500\" \/>\n\t<meta property=\"og:image:type\" content=\"image\/jpeg\" \/>\n<meta name=\"twitter:card\" content=\"summary_large_image\" \/>\n<script type=\"application\/ld+json\" class=\"yoast-schema-graph\">{\"@context\":\"https:\\\/\\\/schema.org\",\"@graph\":[{\"@type\":\"WebPage\",\"@id\":\"https:\\\/\\\/marktxxl.de\\\/markt\\\/produkt\\\/julius-zoellner-kindersteppbett-set-basic-decke-mit-kissen-standard-100-by-oeko-tex-groesse-100x135-40x60-cm-weiss\\\/\",\"url\":\"https:\\\/\\\/marktxxl.de\\\/markt\\\/produkt\\\/julius-zoellner-kindersteppbett-set-basic-decke-mit-kissen-standard-100-by-oeko-tex-groesse-100x135-40x60-cm-weiss\\\/\",\"name\":\"Julius Z\u00f6llner Kindersteppbett-Set Basic, Decke mit Kissen, Standard 100 by OEKO-TEX, Gr\u00f6\u00dfe 100x135 + 40x60 cm, Wei\u00df - Markt-XXL\",\"isPartOf\":{\"@id\":\"https:\\\/\\\/marktxxl.de\\\/markt\\\/#website\"},\"primaryImageOfPage\":{\"@id\":\"https:\\\/\\\/marktxxl.de\\\/markt\\\/produkt\\\/julius-zoellner-kindersteppbett-set-basic-decke-mit-kissen-standard-100-by-oeko-tex-groesse-100x135-40x60-cm-weiss\\\/#primaryimage\"},\"image\":{\"@id\":\"https:\\\/\\\/marktxxl.de\\\/markt\\\/produkt\\\/julius-zoellner-kindersteppbett-set-basic-decke-mit-kissen-standard-100-by-oeko-tex-groesse-100x135-40x60-cm-weiss\\\/#primaryimage\"},\"thumbnailUrl\":\"https:\\\/\\\/m.media-amazon.com\\\/images\\\/I\\\/2185uWgIjOL._SL500_.jpg\",\"datePublished\":\"2022-10-11T19:04:45+00:00\",\"dateModified\":\"2023-04-11T02:37:28+00:00\",\"description\":\"Markt-XXL Julius Z\u00f6llner Kindersteppbett-Set Basic, Decke mit Kissen, Standard 100 by OEKO-TEX, Gr\u00f6\u00dfe 100x135 + 40x60 cm, Wei\u00df\",\"breadcrumb\":{\"@id\":\"https:\\\/\\\/marktxxl.de\\\/markt\\\/produkt\\\/julius-zoellner-kindersteppbett-set-basic-decke-mit-kissen-standard-100-by-oeko-tex-groesse-100x135-40x60-cm-weiss\\\/#breadcrumb\"},\"inLanguage\":\"de\",\"potentialAction\":[{\"@type\":\"ReadAction\",\"target\":[\"https:\\\/\\\/marktxxl.de\\\/markt\\\/produkt\\\/julius-zoellner-kindersteppbett-set-basic-decke-mit-kissen-standard-100-by-oeko-tex-groesse-100x135-40x60-cm-weiss\\\/\"]}]},{\"@type\":\"ImageObject\",\"inLanguage\":\"de\",\"@id\":\"https:\\\/\\\/marktxxl.de\\\/markt\\\/produkt\\\/julius-zoellner-kindersteppbett-set-basic-decke-mit-kissen-standard-100-by-oeko-tex-groesse-100x135-40x60-cm-weiss\\\/#primaryimage\",\"url\":\"https:\\\/\\\/m.media-amazon.com\\\/images\\\/I\\\/2185uWgIjOL._SL500_.jpg\",\"contentUrl\":\"https:\\\/\\\/m.media-amazon.com\\\/images\\\/I\\\/2185uWgIjOL._SL500_.jpg\",\"width\":500,\"height\":500},{\"@type\":\"BreadcrumbList\",\"@id\":\"https:\\\/\\\/marktxxl.de\\\/markt\\\/produkt\\\/julius-zoellner-kindersteppbett-set-basic-decke-mit-kissen-standard-100-by-oeko-tex-groesse-100x135-40x60-cm-weiss\\\/#breadcrumb\",\"itemListElement\":[{\"@type\":\"ListItem\",\"position\":1,\"name\":\"Startseite\",\"item\":\"https:\\\/\\\/marktxxl.de\\\/markt\\\/\"},{\"@type\":\"ListItem\",\"position\":2,\"name\":\"Markt\",\"item\":\"https:\\\/\\\/marktxxl.de\\\/markt\\\/\"},{\"@type\":\"ListItem\",\"position\":3,\"name\":\"Julius Z\u00f6llner Kindersteppbett-Set Basic, Decke mit Kissen, Standard 100 by OEKO-TEX, Gr\u00f6\u00dfe 100&#215;135 + 40&#215;60 cm, Wei\u00df\"}]},{\"@type\":\"WebSite\",\"@id\":\"https:\\\/\\\/marktxxl.de\\\/markt\\\/#website\",\"url\":\"https:\\\/\\\/marktxxl.de\\\/markt\\\/\",\"name\":\"Markt-XXL\",\"description\":\"Ihr Markt Online\",\"publisher\":{\"@id\":\"https:\\\/\\\/marktxxl.de\\\/markt\\\/#organization\"},\"potentialAction\":[{\"@type\":\"SearchAction\",\"target\":{\"@type\":\"EntryPoint\",\"urlTemplate\":\"https:\\\/\\\/marktxxl.de\\\/markt\\\/?s={search_term_string}\"},\"query-input\":{\"@type\":\"PropertyValueSpecification\",\"valueRequired\":true,\"valueName\":\"search_term_string\"}}],\"inLanguage\":\"de\"},{\"@type\":\"Organization\",\"@id\":\"https:\\\/\\\/marktxxl.de\\\/markt\\\/#organization\",\"name\":\"Markt-XXL\",\"url\":\"https:\\\/\\\/marktxxl.de\\\/markt\\\/\",\"logo\":{\"@type\":\"ImageObject\",\"inLanguage\":\"de\",\"@id\":\"https:\\\/\\\/marktxxl.de\\\/markt\\\/#\\\/schema\\\/logo\\\/image\\\/\",\"url\":\"https:\\\/\\\/marktxxl.de\\\/markt\\\/wp-content\\\/uploads\\\/sites\\\/3\\\/2020\\\/12\\\/logo.png\",\"contentUrl\":\"https:\\\/\\\/marktxxl.de\\\/markt\\\/wp-content\\\/uploads\\\/sites\\\/3\\\/2020\\\/12\\\/logo.png\",\"width\":200,\"height\":70,\"caption\":\"Markt-XXL\"},\"image\":{\"@id\":\"https:\\\/\\\/marktxxl.de\\\/markt\\\/#\\\/schema\\\/logo\\\/image\\\/\"}}]}<\/script>\n<!-- \/ Yoast SEO plugin. -->","yoast_head_json":{"title":"Julius Z\u00f6llner Kindersteppbett-Set Basic, Decke mit Kissen, Standard 100 by OEKO-TEX, Gr\u00f6\u00dfe 100x135 + 40x60 cm, Wei\u00df - Markt-XXL","description":"Markt-XXL Julius Z\u00f6llner Kindersteppbett-Set Basic, Decke mit Kissen, Standard 100 by OEKO-TEX, Gr\u00f6\u00dfe 100x135 + 40x60 cm, Wei\u00df","robots":{"index":"index","follow":"follow","max-snippet":"max-snippet:-1","max-image-preview":"max-image-preview:large","max-video-preview":"max-video-preview:-1"},"canonical":"https:\/\/marktxxl.de\/markt\/produkt\/julius-zoellner-kindersteppbett-set-basic-decke-mit-kissen-standard-100-by-oeko-tex-groesse-100x135-40x60-cm-weiss\/","og_locale":"de_DE","og_type":"article","og_title":"Julius Z\u00f6llner Kindersteppbett-Set Basic, Decke mit Kissen, Standard 100 by OEKO-TEX, Gr\u00f6\u00dfe 100x135 + 40x60 cm, Wei\u00df - Markt-XXL","og_description":"Markt-XXL Julius Z\u00f6llner Kindersteppbett-Set Basic, Decke mit Kissen, Standard 100 by OEKO-TEX, Gr\u00f6\u00dfe 100x135 + 40x60 cm, Wei\u00df","og_url":"https:\/\/marktxxl.de\/markt\/produkt\/julius-zoellner-kindersteppbett-set-basic-decke-mit-kissen-standard-100-by-oeko-tex-groesse-100x135-40x60-cm-weiss\/","og_site_name":"Markt-XXL","article_modified_time":"2023-04-11T02:37:28+00:00","og_image":[{"width":500,"height":500,"url":"https:\/\/m.media-amazon.com\/images\/I\/2185uWgIjOL._SL500_.jpg","type":"image\/jpeg"}],"twitter_card":"summary_large_image","schema":{"@context":"https:\/\/schema.org","@graph":[{"@type":"WebPage","@id":"https:\/\/marktxxl.de\/markt\/produkt\/julius-zoellner-kindersteppbett-set-basic-decke-mit-kissen-standard-100-by-oeko-tex-groesse-100x135-40x60-cm-weiss\/","url":"https:\/\/marktxxl.de\/markt\/produkt\/julius-zoellner-kindersteppbett-set-basic-decke-mit-kissen-standard-100-by-oeko-tex-groesse-100x135-40x60-cm-weiss\/","name":"Julius Z\u00f6llner Kindersteppbett-Set Basic, Decke mit Kissen, Standard 100 by OEKO-TEX, Gr\u00f6\u00dfe 100x135 + 40x60 cm, Wei\u00df - Markt-XXL","isPartOf":{"@id":"https:\/\/marktxxl.de\/markt\/#website"},"primaryImageOfPage":{"@id":"https:\/\/marktxxl.de\/markt\/produkt\/julius-zoellner-kindersteppbett-set-basic-decke-mit-kissen-standard-100-by-oeko-tex-groesse-100x135-40x60-cm-weiss\/#primaryimage"},"image":{"@id":"https:\/\/marktxxl.de\/markt\/produkt\/julius-zoellner-kindersteppbett-set-basic-decke-mit-kissen-standard-100-by-oeko-tex-groesse-100x135-40x60-cm-weiss\/#primaryimage"},"thumbnailUrl":"https:\/\/m.media-amazon.com\/images\/I\/2185uWgIjOL._SL500_.jpg","datePublished":"2022-10-11T19:04:45+00:00","dateModified":"2023-04-11T02:37:28+00:00","description":"Markt-XXL Julius Z\u00f6llner Kindersteppbett-Set Basic, Decke mit Kissen, Standard 100 by OEKO-TEX, Gr\u00f6\u00dfe 100x135 + 40x60 cm, Wei\u00df","breadcrumb":{"@id":"https:\/\/marktxxl.de\/markt\/produkt\/julius-zoellner-kindersteppbett-set-basic-decke-mit-kissen-standard-100-by-oeko-tex-groesse-100x135-40x60-cm-weiss\/#breadcrumb"},"inLanguage":"de","potentialAction":[{"@type":"ReadAction","target":["https:\/\/marktxxl.de\/markt\/produkt\/julius-zoellner-kindersteppbett-set-basic-decke-mit-kissen-standard-100-by-oeko-tex-groesse-100x135-40x60-cm-weiss\/"]}]},{"@type":"ImageObject","inLanguage":"de","@id":"https:\/\/marktxxl.de\/markt\/produkt\/julius-zoellner-kindersteppbett-set-basic-decke-mit-kissen-standard-100-by-oeko-tex-groesse-100x135-40x60-cm-weiss\/#primaryimage","url":"https:\/\/m.media-amazon.com\/images\/I\/2185uWgIjOL._SL500_.jpg","contentUrl":"https:\/\/m.media-amazon.com\/images\/I\/2185uWgIjOL._SL500_.jpg","width":500,"height":500},{"@type":"BreadcrumbList","@id":"https:\/\/marktxxl.de\/markt\/produkt\/julius-zoellner-kindersteppbett-set-basic-decke-mit-kissen-standard-100-by-oeko-tex-groesse-100x135-40x60-cm-weiss\/#breadcrumb","itemListElement":[{"@type":"ListItem","position":1,"name":"Startseite","item":"https:\/\/marktxxl.de\/markt\/"},{"@type":"ListItem","position":2,"name":"Markt","item":"https:\/\/marktxxl.de\/markt\/"},{"@type":"ListItem","position":3,"name":"Julius Z\u00f6llner Kindersteppbett-Set Basic, Decke mit Kissen, Standard 100 by OEKO-TEX, Gr\u00f6\u00dfe 100&#215;135 + 40&#215;60 cm, Wei\u00df"}]},{"@type":"WebSite","@id":"https:\/\/marktxxl.de\/markt\/#website","url":"https:\/\/marktxxl.de\/markt\/","name":"Markt-XXL","description":"Ihr Markt Online","publisher":{"@id":"https:\/\/marktxxl.de\/markt\/#organization"},"potentialAction":[{"@type":"SearchAction","target":{"@type":"EntryPoint","urlTemplate":"https:\/\/marktxxl.de\/markt\/?s={search_term_string}"},"query-input":{"@type":"PropertyValueSpecification","valueRequired":true,"valueName":"search_term_string"}}],"inLanguage":"de"},{"@type":"Organization","@id":"https:\/\/marktxxl.de\/markt\/#organization","name":"Markt-XXL","url":"https:\/\/marktxxl.de\/markt\/","logo":{"@type":"ImageObject","inLanguage":"de","@id":"https:\/\/marktxxl.de\/markt\/#\/schema\/logo\/image\/","url":"https:\/\/marktxxl.de\/markt\/wp-content\/uploads\/sites\/3\/2020\/12\/logo.png","contentUrl":"https:\/\/marktxxl.de\/markt\/wp-content\/uploads\/sites\/3\/2020\/12\/logo.png","width":200,"height":70,"caption":"Markt-XXL"},"image":{"@id":"https:\/\/marktxxl.de\/markt\/#\/schema\/logo\/image\/"}}]}},"_links":{"self":[{"href":"https:\/\/marktxxl.de\/markt\/wp-json\/wp\/v2\/product\/155720","targetHints":{"allow":["GET"]}}],"collection":[{"href":"https:\/\/marktxxl.de\/markt\/wp-json\/wp\/v2\/product"}],"about":[{"href":"https:\/\/marktxxl.de\/markt\/wp-json\/wp\/v2\/types\/product"}],"replies":[{"embeddable":true,"href":"https:\/\/marktxxl.de\/markt\/wp-json\/wp\/v2\/comments?post=155720"}],"wp:featuredmedia":[{"embeddable":true,"href":"https:\/\/marktxxl.de\/markt\/wp-json\/wp\/v2\/media\/155721"}],"wp:attachment":[{"href":"https:\/\/marktxxl.de\/markt\/wp-json\/wp\/v2\/media?parent=155720"}],"wp:term":[{"taxonomy":"product_brand","embeddable":true,"href":"https:\/\/marktxxl.de\/markt\/wp-json\/wp\/v2\/product_brand?post=155720"},{"taxonomy":"product_cat","embeddable":true,"href":"https:\/\/marktxxl.de\/markt\/wp-json\/wp\/v2\/product_cat?post=155720"},{"taxonomy":"product_tag","embeddable":true,"href":"https:\/\/marktxxl.de\/markt\/wp-json\/wp\/v2\/product_tag?post=155720"}],"curies":[{"name":"wp","href":"https:\/\/api.w.org\/{rel}","templated":true}]}}