{"id":155637,"date":"2022-10-11T21:01:23","date_gmt":"2022-10-11T19:01:23","guid":{"rendered":"https:\/\/marktxxl.de\/markt\/produkt\/baybou-wickeldecke-mit-bademantel-und-wickeltuch-geschenkbox\/"},"modified":"2023-04-11T04:37:27","modified_gmt":"2023-04-11T02:37:27","slug":"baybou-wickeldecke-mit-bademantel-und-wickeltuch-geschenkbox","status":"publish","type":"product","link":"https:\/\/marktxxl.de\/markt\/produkt\/baybou-wickeldecke-mit-bademantel-und-wickeltuch-geschenkbox\/","title":{"rendered":"Baybou Robe and Swaddle Set Matching Mommy and Me Set Baby Girl Swaddle Blanket Gift 5-teiliges Set Hospital Robe\u2026"},"content":{"rendered":"<p>Passendes 5-teiliges Set mit Bademantel und Wickeltuch f\u00fcr M\u00e4dchen &#8211; am besten passender Umstands-Mama-Robe und Wickel-Set. Mommy and Me passendes Krankenhaus-Outfit. Das Set enth\u00e4lt alles, was Sie brauchen. 1 weicher Umstandsmantel mit Taschen + 1 Baby-Wickeldecke + 1 Baby-Krankenhaus-Knotenm\u00fctze + 1 passendes Baby-Stirnband + 1 h\u00f6lzerne Geburtsank\u00fcndigung. Perfektes Bademantel- und Wickel-Set. Das Wickelset f\u00fcr M\u00e4dchen mit Bademantel und Baby ist das perfekte Outfit f\u00fcr Mutter und Baby<br \/>\nHochwertiges, weiches Bambus-Viskose-Material. Dieses Bademantel- und Wickelset besteht aus superweichem Premium-Bambus-Viskose-Material. Bestes Robe und Baby Wickelset Dehnbares Material sorgt daf\u00fcr, dass Mama und Baby vom ersten Tag an stilvoll und bequem sind. Dieses Mommy and Me Wickelset f\u00fcr M\u00e4dchen bietet ultimativen Komfort f\u00fcr Sie und Ihr Baby bei der Schwangerschaft, im Krankenhaus, nach der Geburt oder danach.<br \/>\nUmhang f\u00fcr Mutter im Krankenhaus \u2013 dieser Bademantel f\u00fcr M\u00fctter ist ein Muss f\u00fcr die Krankenhaustasche. Der passende Bademantel f\u00fcr M\u00fctter ist modern, weich, dehnbar, mit Bindeverschluss vorne und bietet Taschen. Der Krankenhausmantel f\u00fcr Mama ist in S\/M oder L\/XL erh\u00e4ltlich. Dieses Wickeltuch f\u00fcr M\u00fctter und Babys ist ein Muss f\u00fcr die Arbeit und Lieferung. Die Mommy Robe kann w\u00e4hrend der Schwangerschaft, Arbeit, Pflege und nach der Geburt verwendet werden.<br \/>\nKomplettes Baby-Wickelset f\u00fcr Babys &#8211; Dieses Baby-Wickelset enth\u00e4lt eine gro\u00dfe Wickeldecke f\u00fcr Babys mit passender Schleife und Baby-M\u00e4dchen-Knotenhut im Alter von 0\u20136 Monaten. Der Krankenhaushut ist dehnbar und weich f\u00fcr die zarte Babyhaut. Das Wickeltuch besteht aus superweichem Bambus-Viskose-Material und hat eine Gr\u00f6\u00dfe von 91,4 x 91,4 cm. Vielseitig einsetzbar Die Babydecke kann vielseitig verwendet werden: als Decke, Bauchzeitmatte, Foto-Requisite, Wickelunterlage, Spucktuch, und vieles mehr.<br \/>\nPerfektes Baby-Wickeltuch f\u00fcr Babypartys und mehr \u2013 dieses Baby-Wickel-Geschenk-Set ist perfekt als Geschenk f\u00fcr die neue Mutter. Das Set mit passendem Bademantel und Pucksack wird in einer sch\u00f6nen Geschenkbox geliefert. Dieses Set aus Bademantel und Wickeltuch ist das perfekte Geschenk f\u00fcr Babypartys, Muttertagsgeschenk, Geschenk f\u00fcr werdende M\u00fctter, Geschenk f\u00fcr neue Mutter, Baby-Ankunftsgeschenk, willkommenes Baby-Geschenk. Dieses Baby-Geschenkset ist das perfekte Wickel-Geschenk-Set, um tolle Erinnerungen f\u00fcr Mama und Baby zu schaffen<br \/>\n<div class=\"main-cross-sell\" data-asin=\"B09B6F9LJT\">\n\n\t<div class=\"WooZone-cross-sell-loader\">\n\t\t<div>\n\t\t\t<div id=\"floatingBarsG\">\n\t\t\t\t<div class=\"blockG\" id=\"rotateG_01\"><\/div>\n\t\t\t\t<div class=\"blockG\" id=\"rotateG_02\"><\/div>\n\t\t\t\t<div class=\"blockG\" id=\"rotateG_03\"><\/div>\n\t\t\t\t<div class=\"blockG\" id=\"rotateG_04\"><\/div>\n\t\t\t\t<div class=\"blockG\" id=\"rotateG_05\"><\/div>\n\t\t\t\t<div class=\"blockG\" id=\"rotateG_06\"><\/div>\n\t\t\t\t<div class=\"blockG\" id=\"rotateG_07\"><\/div>\n\t\t\t\t<div class=\"blockG\" id=\"rotateG_08\"><\/div>\n\t\t\t<\/div>\n\t\t\t<div class=\"WooZone-cross-sell-loader-text\"><\/div>\n\t\t<\/div>\n\t<\/div>\n\n\t\t\n<\/div>\n<div style=\"clear:both;\"><\/div><\/p>\n","protected":false},"excerpt":{"rendered":"<p>Passendes 5-teiliges Set mit Bademantel und Wickeltuch f\u00fcr M\u00e4dchen &#8211; am besten passender Umstands-Mama-Robe und Wickel-Set. Mommy and Me passendes Krankenhaus-Outfit. Das Set enth\u00e4lt alles, was Sie brauchen. 1 weicher Umstandsmantel mit Taschen + 1 Baby-Wickeldecke + 1 Baby-Krankenhaus-Knotenm\u00fctze + 1 passendes Baby-Stirnband + 1 h\u00f6lzerne Geburtsank\u00fcndigung. Perfektes Bademantel- und Wickel-Set. Das Wickelset f\u00fcr M\u00e4dchen mit Bademantel und Baby ist das perfekte Outfit f\u00fcr Mutter und Baby<br \/>\nHochwertiges, weiches Bambus-Viskose-Material. Dieses Bademantel- und Wickelset besteht aus superweichem Premium-Bambus-Viskose-Material. Bestes Robe und Baby Wickelset Dehnbares Material sorgt daf\u00fcr, dass Mama und Baby vom ersten Tag an stilvoll und bequem sind. Dieses Mommy and Me Wickelset f\u00fcr M\u00e4dchen bietet ultimativen Komfort f\u00fcr Sie und Ihr Baby bei der Schwangerschaft, im Krankenhaus, nach der Geburt oder danach.<br \/>\nUmhang f\u00fcr Mutter im Krankenhaus \u2013 dieser Bademantel f\u00fcr M\u00fctter ist ein Muss f\u00fcr die Krankenhaustasche. Der passende Bademantel f\u00fcr M\u00fctter ist modern, weich, dehnbar, mit Bindeverschluss vorne und bietet Taschen. Der Krankenhausmantel f\u00fcr Mama ist in S\/M oder L\/XL erh\u00e4ltlich. Dieses Wickeltuch f\u00fcr M\u00fctter und Babys ist ein Muss f\u00fcr die Arbeit und Lieferung. Die Mommy Robe kann w\u00e4hrend der Schwangerschaft, Arbeit, Pflege und nach der Geburt verwendet werden.<\/p>\n","protected":false},"featured_media":155638,"comment_status":"open","ping_status":"closed","template":"","meta":[],"product_brand":[],"product_cat":[21,8825],"product_tag":[],"class_list":{"0":"post-155637","1":"product","2":"type-product","3":"status-publish","4":"has-post-thumbnail","6":"product_cat-baby","7":"product_cat-baby-kleinkinderzimmer-baby","8":"pa_brand-baybou","9":"pa_manufacturer-baybou","11":"first","12":"instock","13":"shipping-taxable","14":"purchasable","15":"product-type-simple","16":"customify-col","17":"product-has-gallery"},"yoast_head":"<!-- This site is optimized with the Yoast SEO plugin v27.4 - https:\/\/yoast.com\/product\/yoast-seo-wordpress\/ -->\n<title>Baybou Robe and Swaddle Set Matching Mommy and Me Set Baby Girl Swaddle Blanket Gift 5-teiliges Set Hospital Robe\u2026 - Markt-XXL<\/title>\n<meta name=\"description\" content=\"Markt-XXL Baybou Robe and Swaddle Set Matching Mommy and Me Set Baby Girl Swaddle Blanket Gift 5-teiliges Set Hospital Robe\u2026\" \/>\n<meta name=\"robots\" content=\"index, follow, max-snippet:-1, max-image-preview:large, max-video-preview:-1\" \/>\n<link rel=\"canonical\" href=\"https:\/\/marktxxl.de\/markt\/produkt\/baybou-wickeldecke-mit-bademantel-und-wickeltuch-geschenkbox\/\" \/>\n<meta property=\"og:locale\" content=\"de_DE\" \/>\n<meta property=\"og:type\" content=\"article\" \/>\n<meta property=\"og:title\" content=\"Baybou Robe and Swaddle Set Matching Mommy and Me Set Baby Girl Swaddle Blanket Gift 5-teiliges Set Hospital Robe\u2026 - Markt-XXL\" \/>\n<meta property=\"og:description\" content=\"Markt-XXL Baybou Robe and Swaddle Set Matching Mommy and Me Set Baby Girl Swaddle Blanket Gift 5-teiliges Set Hospital Robe\u2026\" \/>\n<meta property=\"og:url\" content=\"https:\/\/marktxxl.de\/markt\/produkt\/baybou-wickeldecke-mit-bademantel-und-wickeltuch-geschenkbox\/\" \/>\n<meta property=\"og:site_name\" content=\"Markt-XXL\" \/>\n<meta property=\"article:modified_time\" content=\"2023-04-11T02:37:27+00:00\" \/>\n<meta property=\"og:image\" content=\"https:\/\/m.media-amazon.com\/images\/I\/51wDRjUnqxS._SL500_.jpg\" \/>\n\t<meta property=\"og:image:width\" content=\"500\" \/>\n\t<meta property=\"og:image:height\" content=\"375\" \/>\n\t<meta property=\"og:image:type\" content=\"image\/jpeg\" \/>\n<meta name=\"twitter:card\" content=\"summary_large_image\" \/>\n<meta name=\"twitter:label1\" content=\"Gesch\u00e4tzte Lesezeit\" \/>\n\t<meta name=\"twitter:data1\" content=\"2\u00a0Minuten\" \/>\n<script type=\"application\/ld+json\" class=\"yoast-schema-graph\">{\"@context\":\"https:\\\/\\\/schema.org\",\"@graph\":[{\"@type\":\"WebPage\",\"@id\":\"https:\\\/\\\/marktxxl.de\\\/markt\\\/produkt\\\/baybou-wickeldecke-mit-bademantel-und-wickeltuch-geschenkbox\\\/\",\"url\":\"https:\\\/\\\/marktxxl.de\\\/markt\\\/produkt\\\/baybou-wickeldecke-mit-bademantel-und-wickeltuch-geschenkbox\\\/\",\"name\":\"Baybou Robe and Swaddle Set Matching Mommy and Me Set Baby Girl Swaddle Blanket Gift 5-teiliges Set Hospital Robe\u2026 - Markt-XXL\",\"isPartOf\":{\"@id\":\"https:\\\/\\\/marktxxl.de\\\/markt\\\/#website\"},\"primaryImageOfPage\":{\"@id\":\"https:\\\/\\\/marktxxl.de\\\/markt\\\/produkt\\\/baybou-wickeldecke-mit-bademantel-und-wickeltuch-geschenkbox\\\/#primaryimage\"},\"image\":{\"@id\":\"https:\\\/\\\/marktxxl.de\\\/markt\\\/produkt\\\/baybou-wickeldecke-mit-bademantel-und-wickeltuch-geschenkbox\\\/#primaryimage\"},\"thumbnailUrl\":\"https:\\\/\\\/m.media-amazon.com\\\/images\\\/I\\\/51wDRjUnqxS._SL500_.jpg\",\"datePublished\":\"2022-10-11T19:01:23+00:00\",\"dateModified\":\"2023-04-11T02:37:27+00:00\",\"description\":\"Markt-XXL Baybou Robe and Swaddle Set Matching Mommy and Me Set Baby Girl Swaddle Blanket Gift 5-teiliges Set Hospital Robe\u2026\",\"breadcrumb\":{\"@id\":\"https:\\\/\\\/marktxxl.de\\\/markt\\\/produkt\\\/baybou-wickeldecke-mit-bademantel-und-wickeltuch-geschenkbox\\\/#breadcrumb\"},\"inLanguage\":\"de\",\"potentialAction\":[{\"@type\":\"ReadAction\",\"target\":[\"https:\\\/\\\/marktxxl.de\\\/markt\\\/produkt\\\/baybou-wickeldecke-mit-bademantel-und-wickeltuch-geschenkbox\\\/\"]}]},{\"@type\":\"ImageObject\",\"inLanguage\":\"de\",\"@id\":\"https:\\\/\\\/marktxxl.de\\\/markt\\\/produkt\\\/baybou-wickeldecke-mit-bademantel-und-wickeltuch-geschenkbox\\\/#primaryimage\",\"url\":\"https:\\\/\\\/m.media-amazon.com\\\/images\\\/I\\\/51wDRjUnqxS._SL500_.jpg\",\"contentUrl\":\"https:\\\/\\\/m.media-amazon.com\\\/images\\\/I\\\/51wDRjUnqxS._SL500_.jpg\",\"width\":500,\"height\":375},{\"@type\":\"BreadcrumbList\",\"@id\":\"https:\\\/\\\/marktxxl.de\\\/markt\\\/produkt\\\/baybou-wickeldecke-mit-bademantel-und-wickeltuch-geschenkbox\\\/#breadcrumb\",\"itemListElement\":[{\"@type\":\"ListItem\",\"position\":1,\"name\":\"Startseite\",\"item\":\"https:\\\/\\\/marktxxl.de\\\/markt\\\/\"},{\"@type\":\"ListItem\",\"position\":2,\"name\":\"Markt\",\"item\":\"https:\\\/\\\/marktxxl.de\\\/markt\\\/\"},{\"@type\":\"ListItem\",\"position\":3,\"name\":\"Baybou Robe and Swaddle Set Matching Mommy and Me Set Baby Girl Swaddle Blanket Gift 5-teiliges Set Hospital Robe\u2026\"}]},{\"@type\":\"WebSite\",\"@id\":\"https:\\\/\\\/marktxxl.de\\\/markt\\\/#website\",\"url\":\"https:\\\/\\\/marktxxl.de\\\/markt\\\/\",\"name\":\"Markt-XXL\",\"description\":\"Ihr Markt Online\",\"publisher\":{\"@id\":\"https:\\\/\\\/marktxxl.de\\\/markt\\\/#organization\"},\"potentialAction\":[{\"@type\":\"SearchAction\",\"target\":{\"@type\":\"EntryPoint\",\"urlTemplate\":\"https:\\\/\\\/marktxxl.de\\\/markt\\\/?s={search_term_string}\"},\"query-input\":{\"@type\":\"PropertyValueSpecification\",\"valueRequired\":true,\"valueName\":\"search_term_string\"}}],\"inLanguage\":\"de\"},{\"@type\":\"Organization\",\"@id\":\"https:\\\/\\\/marktxxl.de\\\/markt\\\/#organization\",\"name\":\"Markt-XXL\",\"url\":\"https:\\\/\\\/marktxxl.de\\\/markt\\\/\",\"logo\":{\"@type\":\"ImageObject\",\"inLanguage\":\"de\",\"@id\":\"https:\\\/\\\/marktxxl.de\\\/markt\\\/#\\\/schema\\\/logo\\\/image\\\/\",\"url\":\"https:\\\/\\\/marktxxl.de\\\/markt\\\/wp-content\\\/uploads\\\/sites\\\/3\\\/2020\\\/12\\\/logo.png\",\"contentUrl\":\"https:\\\/\\\/marktxxl.de\\\/markt\\\/wp-content\\\/uploads\\\/sites\\\/3\\\/2020\\\/12\\\/logo.png\",\"width\":200,\"height\":70,\"caption\":\"Markt-XXL\"},\"image\":{\"@id\":\"https:\\\/\\\/marktxxl.de\\\/markt\\\/#\\\/schema\\\/logo\\\/image\\\/\"}}]}<\/script>\n<!-- \/ Yoast SEO plugin. -->","yoast_head_json":{"title":"Baybou Robe and Swaddle Set Matching Mommy and Me Set Baby Girl Swaddle Blanket Gift 5-teiliges Set Hospital Robe\u2026 - Markt-XXL","description":"Markt-XXL Baybou Robe and Swaddle Set Matching Mommy and Me Set Baby Girl Swaddle Blanket Gift 5-teiliges Set Hospital Robe\u2026","robots":{"index":"index","follow":"follow","max-snippet":"max-snippet:-1","max-image-preview":"max-image-preview:large","max-video-preview":"max-video-preview:-1"},"canonical":"https:\/\/marktxxl.de\/markt\/produkt\/baybou-wickeldecke-mit-bademantel-und-wickeltuch-geschenkbox\/","og_locale":"de_DE","og_type":"article","og_title":"Baybou Robe and Swaddle Set Matching Mommy and Me Set Baby Girl Swaddle Blanket Gift 5-teiliges Set Hospital Robe\u2026 - Markt-XXL","og_description":"Markt-XXL Baybou Robe and Swaddle Set Matching Mommy and Me Set Baby Girl Swaddle Blanket Gift 5-teiliges Set Hospital Robe\u2026","og_url":"https:\/\/marktxxl.de\/markt\/produkt\/baybou-wickeldecke-mit-bademantel-und-wickeltuch-geschenkbox\/","og_site_name":"Markt-XXL","article_modified_time":"2023-04-11T02:37:27+00:00","og_image":[{"width":500,"height":375,"url":"https:\/\/m.media-amazon.com\/images\/I\/51wDRjUnqxS._SL500_.jpg","type":"image\/jpeg"}],"twitter_card":"summary_large_image","twitter_misc":{"Gesch\u00e4tzte Lesezeit":"2\u00a0Minuten"},"schema":{"@context":"https:\/\/schema.org","@graph":[{"@type":"WebPage","@id":"https:\/\/marktxxl.de\/markt\/produkt\/baybou-wickeldecke-mit-bademantel-und-wickeltuch-geschenkbox\/","url":"https:\/\/marktxxl.de\/markt\/produkt\/baybou-wickeldecke-mit-bademantel-und-wickeltuch-geschenkbox\/","name":"Baybou Robe and Swaddle Set Matching Mommy and Me Set Baby Girl Swaddle Blanket Gift 5-teiliges Set Hospital Robe\u2026 - Markt-XXL","isPartOf":{"@id":"https:\/\/marktxxl.de\/markt\/#website"},"primaryImageOfPage":{"@id":"https:\/\/marktxxl.de\/markt\/produkt\/baybou-wickeldecke-mit-bademantel-und-wickeltuch-geschenkbox\/#primaryimage"},"image":{"@id":"https:\/\/marktxxl.de\/markt\/produkt\/baybou-wickeldecke-mit-bademantel-und-wickeltuch-geschenkbox\/#primaryimage"},"thumbnailUrl":"https:\/\/m.media-amazon.com\/images\/I\/51wDRjUnqxS._SL500_.jpg","datePublished":"2022-10-11T19:01:23+00:00","dateModified":"2023-04-11T02:37:27+00:00","description":"Markt-XXL Baybou Robe and Swaddle Set Matching Mommy and Me Set Baby Girl Swaddle Blanket Gift 5-teiliges Set Hospital Robe\u2026","breadcrumb":{"@id":"https:\/\/marktxxl.de\/markt\/produkt\/baybou-wickeldecke-mit-bademantel-und-wickeltuch-geschenkbox\/#breadcrumb"},"inLanguage":"de","potentialAction":[{"@type":"ReadAction","target":["https:\/\/marktxxl.de\/markt\/produkt\/baybou-wickeldecke-mit-bademantel-und-wickeltuch-geschenkbox\/"]}]},{"@type":"ImageObject","inLanguage":"de","@id":"https:\/\/marktxxl.de\/markt\/produkt\/baybou-wickeldecke-mit-bademantel-und-wickeltuch-geschenkbox\/#primaryimage","url":"https:\/\/m.media-amazon.com\/images\/I\/51wDRjUnqxS._SL500_.jpg","contentUrl":"https:\/\/m.media-amazon.com\/images\/I\/51wDRjUnqxS._SL500_.jpg","width":500,"height":375},{"@type":"BreadcrumbList","@id":"https:\/\/marktxxl.de\/markt\/produkt\/baybou-wickeldecke-mit-bademantel-und-wickeltuch-geschenkbox\/#breadcrumb","itemListElement":[{"@type":"ListItem","position":1,"name":"Startseite","item":"https:\/\/marktxxl.de\/markt\/"},{"@type":"ListItem","position":2,"name":"Markt","item":"https:\/\/marktxxl.de\/markt\/"},{"@type":"ListItem","position":3,"name":"Baybou Robe and Swaddle Set Matching Mommy and Me Set Baby Girl Swaddle Blanket Gift 5-teiliges Set Hospital Robe\u2026"}]},{"@type":"WebSite","@id":"https:\/\/marktxxl.de\/markt\/#website","url":"https:\/\/marktxxl.de\/markt\/","name":"Markt-XXL","description":"Ihr Markt Online","publisher":{"@id":"https:\/\/marktxxl.de\/markt\/#organization"},"potentialAction":[{"@type":"SearchAction","target":{"@type":"EntryPoint","urlTemplate":"https:\/\/marktxxl.de\/markt\/?s={search_term_string}"},"query-input":{"@type":"PropertyValueSpecification","valueRequired":true,"valueName":"search_term_string"}}],"inLanguage":"de"},{"@type":"Organization","@id":"https:\/\/marktxxl.de\/markt\/#organization","name":"Markt-XXL","url":"https:\/\/marktxxl.de\/markt\/","logo":{"@type":"ImageObject","inLanguage":"de","@id":"https:\/\/marktxxl.de\/markt\/#\/schema\/logo\/image\/","url":"https:\/\/marktxxl.de\/markt\/wp-content\/uploads\/sites\/3\/2020\/12\/logo.png","contentUrl":"https:\/\/marktxxl.de\/markt\/wp-content\/uploads\/sites\/3\/2020\/12\/logo.png","width":200,"height":70,"caption":"Markt-XXL"},"image":{"@id":"https:\/\/marktxxl.de\/markt\/#\/schema\/logo\/image\/"}}]}},"_links":{"self":[{"href":"https:\/\/marktxxl.de\/markt\/wp-json\/wp\/v2\/product\/155637","targetHints":{"allow":["GET"]}}],"collection":[{"href":"https:\/\/marktxxl.de\/markt\/wp-json\/wp\/v2\/product"}],"about":[{"href":"https:\/\/marktxxl.de\/markt\/wp-json\/wp\/v2\/types\/product"}],"replies":[{"embeddable":true,"href":"https:\/\/marktxxl.de\/markt\/wp-json\/wp\/v2\/comments?post=155637"}],"wp:featuredmedia":[{"embeddable":true,"href":"https:\/\/marktxxl.de\/markt\/wp-json\/wp\/v2\/media\/155638"}],"wp:attachment":[{"href":"https:\/\/marktxxl.de\/markt\/wp-json\/wp\/v2\/media?parent=155637"}],"wp:term":[{"taxonomy":"product_brand","embeddable":true,"href":"https:\/\/marktxxl.de\/markt\/wp-json\/wp\/v2\/product_brand?post=155637"},{"taxonomy":"product_cat","embeddable":true,"href":"https:\/\/marktxxl.de\/markt\/wp-json\/wp\/v2\/product_cat?post=155637"},{"taxonomy":"product_tag","embeddable":true,"href":"https:\/\/marktxxl.de\/markt\/wp-json\/wp\/v2\/product_tag?post=155637"}],"curies":[{"name":"wp","href":"https:\/\/api.w.org\/{rel}","templated":true}]}}