{"id":155627,"date":"2022-10-11T21:01:11","date_gmt":"2022-10-11T19:01:11","guid":{"rendered":"https:\/\/marktxxl.de\/markt\/produkt\/regenbogen-baumwollseil-aufbewahrungskorb-mit-griffen-bunte-dekoration-zur-aufbewahrung-von-kinderspielzeug-und-zur-organisation-dekorativer-regenbogenkorb-von-creche\/"},"modified":"2023-04-11T04:37:26","modified_gmt":"2023-04-11T02:37:26","slug":"regenbogen-baumwollseil-aufbewahrungskorb-mit-griffen-bunte-dekoration-zur-aufbewahrung-von-kinderspielzeug-und-zur-organisation-dekorativer-regenbogenkorb-von-creche","status":"publish","type":"product","link":"https:\/\/marktxxl.de\/markt\/produkt\/regenbogen-baumwollseil-aufbewahrungskorb-mit-griffen-bunte-dekoration-zur-aufbewahrung-von-kinderspielzeug-und-zur-organisation-dekorativer-regenbogenkorb-von-creche\/","title":{"rendered":"OrganiHaus Regenbogen-Baumwollseil-Aufbewahrungskorb mit Griffen 38&#215;45 | Bunte Dekoration zur Aufbewahrung von\u2026"},"content":{"rendered":"<p>\u2b50Aufregender Regenbogen-W\u00e4schekorb\u2b50 &#8211; Als niedliches Einhorn-Dekor eignet sich dieser gewebte Regenbogenkorb perfekt zum Aufbewahren von W\u00e4sche, zum Organisieren zus\u00e4tzlicher Decken, zum Sammeln von Spielzeug oder als lustiger Aufbewahrungskorb f\u00fcr Kinder.<br \/>\n\u2b50 PREMIUM BAUMWOLLSEILGEWEBE \u2b50 &#8211; Diese wundersch\u00f6nen Regenbogen-Spielzeugk\u00f6rbe sind aus hochwertiger nat\u00fcrlicher Baumwolle gewebt, um ihnen die richtige Balance aus Weichheit und Haltbarkeit zu verleihen. Das macht sie perfekt f\u00fcr Schlafzimmer, Kinderzimmer und Waschk\u00fcchen.<br \/>\n\u2b50 N\u00dcTZLICHE GRIFFE F\u00dcR UNTERWEGS \u2b50 &#8211; Diese Regenbogen-Aufbewahrungsbeh\u00e4lter sind eine clevere Wahl als Dekoration f\u00fcr ein Spielzimmer oder ein Klassenzimmer. Sie verf\u00fcgen \u00fcber verst\u00e4rkte Griffe auf jeder Seite, damit Sie sie greifen, in Spielzeug, Kunst- und Bastelbedarf, Schreibwaren und Aufbewahrung einf\u00fcgen k\u00f6nnen irgendwo.<br \/>\n\u2b50Heller und farbenfroher Korb\u2b50 &#8211; Mit all den Farben des Regenbogens werden diese K\u00f6rbe kleine Kinder inspirieren und gleichzeitig das Aussehen und die Atmosph\u00e4re Ihres Raums verbessern. Platzieren Sie sie auf M\u00f6beln, in Ecken und mehr.<br \/>\n\u2b50DEKORIEREN UND ORGANISIEREN SIE IHRE LIEBLINGSR\u00c4UME\u2b50 &#8211; Diese K\u00f6rbe sind funktional und unterhaltsam und \u00e4hneln einem farbenfrohen Regenbogendekor, das Ihre R\u00e4ume aufhellt und Ihnen dabei hilft, organisierter zu bleiben, wodurch sie perfekt f\u00fcr gesch\u00e4ftige Haushalte mit Kindern oder Haustieren sind.<br \/>\n<div class=\"main-cross-sell\" data-asin=\"B09C5963V4\">\n\n\t<div class=\"WooZone-cross-sell-loader\">\n\t\t<div>\n\t\t\t<div id=\"floatingBarsG\">\n\t\t\t\t<div class=\"blockG\" id=\"rotateG_01\"><\/div>\n\t\t\t\t<div class=\"blockG\" id=\"rotateG_02\"><\/div>\n\t\t\t\t<div class=\"blockG\" id=\"rotateG_03\"><\/div>\n\t\t\t\t<div class=\"blockG\" id=\"rotateG_04\"><\/div>\n\t\t\t\t<div class=\"blockG\" id=\"rotateG_05\"><\/div>\n\t\t\t\t<div class=\"blockG\" id=\"rotateG_06\"><\/div>\n\t\t\t\t<div class=\"blockG\" id=\"rotateG_07\"><\/div>\n\t\t\t\t<div class=\"blockG\" id=\"rotateG_08\"><\/div>\n\t\t\t<\/div>\n\t\t\t<div class=\"WooZone-cross-sell-loader-text\"><\/div>\n\t\t<\/div>\n\t<\/div>\n\n\t\t\n<\/div>\n<div style=\"clear:both;\"><\/div><\/p>\n","protected":false},"excerpt":{"rendered":"<p>\u2b50Aufregender Regenbogen-W\u00e4schekorb\u2b50 &#8211; Als niedliches Einhorn-Dekor eignet sich dieser gewebte Regenbogenkorb perfekt zum Aufbewahren von W\u00e4sche, zum Organisieren zus\u00e4tzlicher Decken, zum Sammeln von Spielzeug oder als lustiger Aufbewahrungskorb f\u00fcr Kinder.<br \/>\n\u2b50 PREMIUM BAUMWOLLSEILGEWEBE \u2b50 &#8211; Diese wundersch\u00f6nen Regenbogen-Spielzeugk\u00f6rbe sind aus hochwertiger nat\u00fcrlicher Baumwolle gewebt, um ihnen die richtige Balance aus Weichheit und Haltbarkeit zu verleihen. Das macht sie perfekt f\u00fcr Schlafzimmer, Kinderzimmer und Waschk\u00fcchen.<br \/>\n\u2b50 N\u00dcTZLICHE GRIFFE F\u00dcR UNTERWEGS \u2b50 &#8211; Diese Regenbogen-Aufbewahrungsbeh\u00e4lter sind eine clevere Wahl als Dekoration f\u00fcr ein Spielzimmer oder ein Klassenzimmer. Sie verf\u00fcgen \u00fcber verst\u00e4rkte Griffe auf jeder Seite, damit Sie sie greifen, in Spielzeug, Kunst- und Bastelbedarf, Schreibwaren und Aufbewahrung einf\u00fcgen k\u00f6nnen irgendwo.<\/p>\n","protected":false},"featured_media":155628,"comment_status":"open","ping_status":"closed","template":"","meta":[],"product_brand":[],"product_cat":[21,8825],"product_tag":[],"class_list":{"0":"post-155627","1":"product","2":"type-product","3":"status-publish","4":"has-post-thumbnail","6":"product_cat-baby","7":"product_cat-baby-kleinkinderzimmer-baby","8":"pa_brand-organihaus","9":"pa_brand-thames-hudson","10":"pa_manufacturer-organihaus","11":"pa_size-extra-large","13":"first","14":"instock","15":"shipping-taxable","16":"purchasable","17":"product-type-simple","18":"customify-col","19":"product-has-gallery"},"yoast_head":"<!-- This site is optimized with the Yoast SEO plugin v27.4 - https:\/\/yoast.com\/product\/yoast-seo-wordpress\/ -->\n<title>OrganiHaus Regenbogen-Baumwollseil-Aufbewahrungskorb mit Griffen 38x45 | Bunte Dekoration zur Aufbewahrung von\u2026 - Markt-XXL<\/title>\n<meta name=\"description\" content=\"Markt-XXL OrganiHaus Regenbogen-Baumwollseil-Aufbewahrungskorb mit Griffen 38x45 | Bunte Dekoration zur Aufbewahrung von\u2026\" \/>\n<meta name=\"robots\" content=\"index, follow, max-snippet:-1, max-image-preview:large, max-video-preview:-1\" \/>\n<link rel=\"canonical\" href=\"https:\/\/marktxxl.de\/markt\/produkt\/regenbogen-baumwollseil-aufbewahrungskorb-mit-griffen-bunte-dekoration-zur-aufbewahrung-von-kinderspielzeug-und-zur-organisation-dekorativer-regenbogenkorb-von-creche\/\" \/>\n<meta property=\"og:locale\" content=\"de_DE\" \/>\n<meta property=\"og:type\" content=\"article\" \/>\n<meta property=\"og:title\" content=\"OrganiHaus Regenbogen-Baumwollseil-Aufbewahrungskorb mit Griffen 38x45 | Bunte Dekoration zur Aufbewahrung von\u2026 - Markt-XXL\" \/>\n<meta property=\"og:description\" content=\"Markt-XXL OrganiHaus Regenbogen-Baumwollseil-Aufbewahrungskorb mit Griffen 38x45 | Bunte Dekoration zur Aufbewahrung von\u2026\" \/>\n<meta property=\"og:url\" content=\"https:\/\/marktxxl.de\/markt\/produkt\/regenbogen-baumwollseil-aufbewahrungskorb-mit-griffen-bunte-dekoration-zur-aufbewahrung-von-kinderspielzeug-und-zur-organisation-dekorativer-regenbogenkorb-von-creche\/\" \/>\n<meta property=\"og:site_name\" content=\"Markt-XXL\" \/>\n<meta property=\"article:modified_time\" content=\"2023-04-11T02:37:26+00:00\" \/>\n<meta property=\"og:image\" content=\"https:\/\/m.media-amazon.com\/images\/I\/51YSjWuch-L._SL500_.jpg\" \/>\n\t<meta property=\"og:image:width\" content=\"500\" \/>\n\t<meta property=\"og:image:height\" content=\"500\" \/>\n\t<meta property=\"og:image:type\" content=\"image\/jpeg\" \/>\n<meta name=\"twitter:card\" content=\"summary_large_image\" \/>\n<meta name=\"twitter:label1\" content=\"Gesch\u00e4tzte Lesezeit\" \/>\n\t<meta name=\"twitter:data1\" content=\"1\u00a0Minute\" \/>\n<script type=\"application\/ld+json\" class=\"yoast-schema-graph\">{\"@context\":\"https:\\\/\\\/schema.org\",\"@graph\":[{\"@type\":\"WebPage\",\"@id\":\"https:\\\/\\\/marktxxl.de\\\/markt\\\/produkt\\\/regenbogen-baumwollseil-aufbewahrungskorb-mit-griffen-bunte-dekoration-zur-aufbewahrung-von-kinderspielzeug-und-zur-organisation-dekorativer-regenbogenkorb-von-creche\\\/\",\"url\":\"https:\\\/\\\/marktxxl.de\\\/markt\\\/produkt\\\/regenbogen-baumwollseil-aufbewahrungskorb-mit-griffen-bunte-dekoration-zur-aufbewahrung-von-kinderspielzeug-und-zur-organisation-dekorativer-regenbogenkorb-von-creche\\\/\",\"name\":\"OrganiHaus Regenbogen-Baumwollseil-Aufbewahrungskorb mit Griffen 38x45 | Bunte Dekoration zur Aufbewahrung von\u2026 - Markt-XXL\",\"isPartOf\":{\"@id\":\"https:\\\/\\\/marktxxl.de\\\/markt\\\/#website\"},\"primaryImageOfPage\":{\"@id\":\"https:\\\/\\\/marktxxl.de\\\/markt\\\/produkt\\\/regenbogen-baumwollseil-aufbewahrungskorb-mit-griffen-bunte-dekoration-zur-aufbewahrung-von-kinderspielzeug-und-zur-organisation-dekorativer-regenbogenkorb-von-creche\\\/#primaryimage\"},\"image\":{\"@id\":\"https:\\\/\\\/marktxxl.de\\\/markt\\\/produkt\\\/regenbogen-baumwollseil-aufbewahrungskorb-mit-griffen-bunte-dekoration-zur-aufbewahrung-von-kinderspielzeug-und-zur-organisation-dekorativer-regenbogenkorb-von-creche\\\/#primaryimage\"},\"thumbnailUrl\":\"https:\\\/\\\/m.media-amazon.com\\\/images\\\/I\\\/51YSjWuch-L._SL500_.jpg\",\"datePublished\":\"2022-10-11T19:01:11+00:00\",\"dateModified\":\"2023-04-11T02:37:26+00:00\",\"description\":\"Markt-XXL OrganiHaus Regenbogen-Baumwollseil-Aufbewahrungskorb mit Griffen 38x45 | Bunte Dekoration zur Aufbewahrung von\u2026\",\"breadcrumb\":{\"@id\":\"https:\\\/\\\/marktxxl.de\\\/markt\\\/produkt\\\/regenbogen-baumwollseil-aufbewahrungskorb-mit-griffen-bunte-dekoration-zur-aufbewahrung-von-kinderspielzeug-und-zur-organisation-dekorativer-regenbogenkorb-von-creche\\\/#breadcrumb\"},\"inLanguage\":\"de\",\"potentialAction\":[{\"@type\":\"ReadAction\",\"target\":[\"https:\\\/\\\/marktxxl.de\\\/markt\\\/produkt\\\/regenbogen-baumwollseil-aufbewahrungskorb-mit-griffen-bunte-dekoration-zur-aufbewahrung-von-kinderspielzeug-und-zur-organisation-dekorativer-regenbogenkorb-von-creche\\\/\"]}]},{\"@type\":\"ImageObject\",\"inLanguage\":\"de\",\"@id\":\"https:\\\/\\\/marktxxl.de\\\/markt\\\/produkt\\\/regenbogen-baumwollseil-aufbewahrungskorb-mit-griffen-bunte-dekoration-zur-aufbewahrung-von-kinderspielzeug-und-zur-organisation-dekorativer-regenbogenkorb-von-creche\\\/#primaryimage\",\"url\":\"https:\\\/\\\/m.media-amazon.com\\\/images\\\/I\\\/51YSjWuch-L._SL500_.jpg\",\"contentUrl\":\"https:\\\/\\\/m.media-amazon.com\\\/images\\\/I\\\/51YSjWuch-L._SL500_.jpg\",\"width\":500,\"height\":500},{\"@type\":\"BreadcrumbList\",\"@id\":\"https:\\\/\\\/marktxxl.de\\\/markt\\\/produkt\\\/regenbogen-baumwollseil-aufbewahrungskorb-mit-griffen-bunte-dekoration-zur-aufbewahrung-von-kinderspielzeug-und-zur-organisation-dekorativer-regenbogenkorb-von-creche\\\/#breadcrumb\",\"itemListElement\":[{\"@type\":\"ListItem\",\"position\":1,\"name\":\"Startseite\",\"item\":\"https:\\\/\\\/marktxxl.de\\\/markt\\\/\"},{\"@type\":\"ListItem\",\"position\":2,\"name\":\"Markt\",\"item\":\"https:\\\/\\\/marktxxl.de\\\/markt\\\/\"},{\"@type\":\"ListItem\",\"position\":3,\"name\":\"OrganiHaus Regenbogen-Baumwollseil-Aufbewahrungskorb mit Griffen 38&#215;45 | Bunte Dekoration zur Aufbewahrung von\u2026\"}]},{\"@type\":\"WebSite\",\"@id\":\"https:\\\/\\\/marktxxl.de\\\/markt\\\/#website\",\"url\":\"https:\\\/\\\/marktxxl.de\\\/markt\\\/\",\"name\":\"Markt-XXL\",\"description\":\"Ihr Markt Online\",\"publisher\":{\"@id\":\"https:\\\/\\\/marktxxl.de\\\/markt\\\/#organization\"},\"potentialAction\":[{\"@type\":\"SearchAction\",\"target\":{\"@type\":\"EntryPoint\",\"urlTemplate\":\"https:\\\/\\\/marktxxl.de\\\/markt\\\/?s={search_term_string}\"},\"query-input\":{\"@type\":\"PropertyValueSpecification\",\"valueRequired\":true,\"valueName\":\"search_term_string\"}}],\"inLanguage\":\"de\"},{\"@type\":\"Organization\",\"@id\":\"https:\\\/\\\/marktxxl.de\\\/markt\\\/#organization\",\"name\":\"Markt-XXL\",\"url\":\"https:\\\/\\\/marktxxl.de\\\/markt\\\/\",\"logo\":{\"@type\":\"ImageObject\",\"inLanguage\":\"de\",\"@id\":\"https:\\\/\\\/marktxxl.de\\\/markt\\\/#\\\/schema\\\/logo\\\/image\\\/\",\"url\":\"https:\\\/\\\/marktxxl.de\\\/markt\\\/wp-content\\\/uploads\\\/sites\\\/3\\\/2020\\\/12\\\/logo.png\",\"contentUrl\":\"https:\\\/\\\/marktxxl.de\\\/markt\\\/wp-content\\\/uploads\\\/sites\\\/3\\\/2020\\\/12\\\/logo.png\",\"width\":200,\"height\":70,\"caption\":\"Markt-XXL\"},\"image\":{\"@id\":\"https:\\\/\\\/marktxxl.de\\\/markt\\\/#\\\/schema\\\/logo\\\/image\\\/\"}}]}<\/script>\n<!-- \/ Yoast SEO plugin. -->","yoast_head_json":{"title":"OrganiHaus Regenbogen-Baumwollseil-Aufbewahrungskorb mit Griffen 38x45 | Bunte Dekoration zur Aufbewahrung von\u2026 - Markt-XXL","description":"Markt-XXL OrganiHaus Regenbogen-Baumwollseil-Aufbewahrungskorb mit Griffen 38x45 | Bunte Dekoration zur Aufbewahrung von\u2026","robots":{"index":"index","follow":"follow","max-snippet":"max-snippet:-1","max-image-preview":"max-image-preview:large","max-video-preview":"max-video-preview:-1"},"canonical":"https:\/\/marktxxl.de\/markt\/produkt\/regenbogen-baumwollseil-aufbewahrungskorb-mit-griffen-bunte-dekoration-zur-aufbewahrung-von-kinderspielzeug-und-zur-organisation-dekorativer-regenbogenkorb-von-creche\/","og_locale":"de_DE","og_type":"article","og_title":"OrganiHaus Regenbogen-Baumwollseil-Aufbewahrungskorb mit Griffen 38x45 | Bunte Dekoration zur Aufbewahrung von\u2026 - Markt-XXL","og_description":"Markt-XXL OrganiHaus Regenbogen-Baumwollseil-Aufbewahrungskorb mit Griffen 38x45 | Bunte Dekoration zur Aufbewahrung von\u2026","og_url":"https:\/\/marktxxl.de\/markt\/produkt\/regenbogen-baumwollseil-aufbewahrungskorb-mit-griffen-bunte-dekoration-zur-aufbewahrung-von-kinderspielzeug-und-zur-organisation-dekorativer-regenbogenkorb-von-creche\/","og_site_name":"Markt-XXL","article_modified_time":"2023-04-11T02:37:26+00:00","og_image":[{"width":500,"height":500,"url":"https:\/\/m.media-amazon.com\/images\/I\/51YSjWuch-L._SL500_.jpg","type":"image\/jpeg"}],"twitter_card":"summary_large_image","twitter_misc":{"Gesch\u00e4tzte Lesezeit":"1\u00a0Minute"},"schema":{"@context":"https:\/\/schema.org","@graph":[{"@type":"WebPage","@id":"https:\/\/marktxxl.de\/markt\/produkt\/regenbogen-baumwollseil-aufbewahrungskorb-mit-griffen-bunte-dekoration-zur-aufbewahrung-von-kinderspielzeug-und-zur-organisation-dekorativer-regenbogenkorb-von-creche\/","url":"https:\/\/marktxxl.de\/markt\/produkt\/regenbogen-baumwollseil-aufbewahrungskorb-mit-griffen-bunte-dekoration-zur-aufbewahrung-von-kinderspielzeug-und-zur-organisation-dekorativer-regenbogenkorb-von-creche\/","name":"OrganiHaus Regenbogen-Baumwollseil-Aufbewahrungskorb mit Griffen 38x45 | Bunte Dekoration zur Aufbewahrung von\u2026 - Markt-XXL","isPartOf":{"@id":"https:\/\/marktxxl.de\/markt\/#website"},"primaryImageOfPage":{"@id":"https:\/\/marktxxl.de\/markt\/produkt\/regenbogen-baumwollseil-aufbewahrungskorb-mit-griffen-bunte-dekoration-zur-aufbewahrung-von-kinderspielzeug-und-zur-organisation-dekorativer-regenbogenkorb-von-creche\/#primaryimage"},"image":{"@id":"https:\/\/marktxxl.de\/markt\/produkt\/regenbogen-baumwollseil-aufbewahrungskorb-mit-griffen-bunte-dekoration-zur-aufbewahrung-von-kinderspielzeug-und-zur-organisation-dekorativer-regenbogenkorb-von-creche\/#primaryimage"},"thumbnailUrl":"https:\/\/m.media-amazon.com\/images\/I\/51YSjWuch-L._SL500_.jpg","datePublished":"2022-10-11T19:01:11+00:00","dateModified":"2023-04-11T02:37:26+00:00","description":"Markt-XXL OrganiHaus Regenbogen-Baumwollseil-Aufbewahrungskorb mit Griffen 38x45 | Bunte Dekoration zur Aufbewahrung von\u2026","breadcrumb":{"@id":"https:\/\/marktxxl.de\/markt\/produkt\/regenbogen-baumwollseil-aufbewahrungskorb-mit-griffen-bunte-dekoration-zur-aufbewahrung-von-kinderspielzeug-und-zur-organisation-dekorativer-regenbogenkorb-von-creche\/#breadcrumb"},"inLanguage":"de","potentialAction":[{"@type":"ReadAction","target":["https:\/\/marktxxl.de\/markt\/produkt\/regenbogen-baumwollseil-aufbewahrungskorb-mit-griffen-bunte-dekoration-zur-aufbewahrung-von-kinderspielzeug-und-zur-organisation-dekorativer-regenbogenkorb-von-creche\/"]}]},{"@type":"ImageObject","inLanguage":"de","@id":"https:\/\/marktxxl.de\/markt\/produkt\/regenbogen-baumwollseil-aufbewahrungskorb-mit-griffen-bunte-dekoration-zur-aufbewahrung-von-kinderspielzeug-und-zur-organisation-dekorativer-regenbogenkorb-von-creche\/#primaryimage","url":"https:\/\/m.media-amazon.com\/images\/I\/51YSjWuch-L._SL500_.jpg","contentUrl":"https:\/\/m.media-amazon.com\/images\/I\/51YSjWuch-L._SL500_.jpg","width":500,"height":500},{"@type":"BreadcrumbList","@id":"https:\/\/marktxxl.de\/markt\/produkt\/regenbogen-baumwollseil-aufbewahrungskorb-mit-griffen-bunte-dekoration-zur-aufbewahrung-von-kinderspielzeug-und-zur-organisation-dekorativer-regenbogenkorb-von-creche\/#breadcrumb","itemListElement":[{"@type":"ListItem","position":1,"name":"Startseite","item":"https:\/\/marktxxl.de\/markt\/"},{"@type":"ListItem","position":2,"name":"Markt","item":"https:\/\/marktxxl.de\/markt\/"},{"@type":"ListItem","position":3,"name":"OrganiHaus Regenbogen-Baumwollseil-Aufbewahrungskorb mit Griffen 38&#215;45 | Bunte Dekoration zur Aufbewahrung von\u2026"}]},{"@type":"WebSite","@id":"https:\/\/marktxxl.de\/markt\/#website","url":"https:\/\/marktxxl.de\/markt\/","name":"Markt-XXL","description":"Ihr Markt Online","publisher":{"@id":"https:\/\/marktxxl.de\/markt\/#organization"},"potentialAction":[{"@type":"SearchAction","target":{"@type":"EntryPoint","urlTemplate":"https:\/\/marktxxl.de\/markt\/?s={search_term_string}"},"query-input":{"@type":"PropertyValueSpecification","valueRequired":true,"valueName":"search_term_string"}}],"inLanguage":"de"},{"@type":"Organization","@id":"https:\/\/marktxxl.de\/markt\/#organization","name":"Markt-XXL","url":"https:\/\/marktxxl.de\/markt\/","logo":{"@type":"ImageObject","inLanguage":"de","@id":"https:\/\/marktxxl.de\/markt\/#\/schema\/logo\/image\/","url":"https:\/\/marktxxl.de\/markt\/wp-content\/uploads\/sites\/3\/2020\/12\/logo.png","contentUrl":"https:\/\/marktxxl.de\/markt\/wp-content\/uploads\/sites\/3\/2020\/12\/logo.png","width":200,"height":70,"caption":"Markt-XXL"},"image":{"@id":"https:\/\/marktxxl.de\/markt\/#\/schema\/logo\/image\/"}}]}},"_links":{"self":[{"href":"https:\/\/marktxxl.de\/markt\/wp-json\/wp\/v2\/product\/155627","targetHints":{"allow":["GET"]}}],"collection":[{"href":"https:\/\/marktxxl.de\/markt\/wp-json\/wp\/v2\/product"}],"about":[{"href":"https:\/\/marktxxl.de\/markt\/wp-json\/wp\/v2\/types\/product"}],"replies":[{"embeddable":true,"href":"https:\/\/marktxxl.de\/markt\/wp-json\/wp\/v2\/comments?post=155627"}],"wp:featuredmedia":[{"embeddable":true,"href":"https:\/\/marktxxl.de\/markt\/wp-json\/wp\/v2\/media\/155628"}],"wp:attachment":[{"href":"https:\/\/marktxxl.de\/markt\/wp-json\/wp\/v2\/media?parent=155627"}],"wp:term":[{"taxonomy":"product_brand","embeddable":true,"href":"https:\/\/marktxxl.de\/markt\/wp-json\/wp\/v2\/product_brand?post=155627"},{"taxonomy":"product_cat","embeddable":true,"href":"https:\/\/marktxxl.de\/markt\/wp-json\/wp\/v2\/product_cat?post=155627"},{"taxonomy":"product_tag","embeddable":true,"href":"https:\/\/marktxxl.de\/markt\/wp-json\/wp\/v2\/product_tag?post=155627"}],"curies":[{"name":"wp","href":"https:\/\/api.w.org\/{rel}","templated":true}]}}