{"id":155588,"date":"2022-10-11T20:50:06","date_gmt":"2022-10-11T18:50:06","guid":{"rendered":"https:\/\/marktxxl.de\/markt\/produkt\/biaoqinbo-herren-body-brust-harness-pu-leder-maenner-brust-geschirr-punk-gothic-fetisch-bandage-kostueme-cosplay-party-kostueme-sexy-sklave-clubwear\/"},"modified":"2023-04-11T04:37:26","modified_gmt":"2023-04-11T02:37:26","slug":"biaoqinbo-herren-body-brust-harness-pu-leder-maenner-brust-geschirr-punk-gothic-fetisch-bandage-kostueme-cosplay-party-kostueme-sexy-sklave-clubwear","status":"publish","type":"product","link":"https:\/\/marktxxl.de\/markt\/produkt\/biaoqinbo-herren-body-brust-harness-pu-leder-maenner-brust-geschirr-punk-gothic-fetisch-bandage-kostueme-cosplay-party-kostueme-sexy-sklave-clubwear\/","title":{"rendered":"BIAOQINBO Herren Body Brust Harness PU Leder M\u00e4nner Brust Geschirr Punk Gothic Fetisch Bandage Kost\u00fcme Cosplay Party\u2026"},"content":{"rendered":"<p>\ud83d\udc4d\u3010Hochwertige Materialien\u3011Herrengeschirr ist aus hochwertigem weichem Leder,sehr weich und flexibel, langlebig, so k\u00f6nnen Sie dies t\u00e4glich ohne Beschwerden tragen.<br \/>\n\u3010Einstellbares Design\u3011: Entworfen mit verstellbaren Snap-Tr\u00e4gern, Es gibt viele Einstelll\u00f6cher am Gurt, und die Enge kann frei eingestellt werden,f\u00fcr die meisten Menschen geeignet.<br \/>\n\u2764 \u3010Zeigen Sie Ihren Charme\u3011Dieser maskulin aussehende Body Harness kann \u00fcber einem T-Shirt, Hemd oder kein hemd, das zu verschiedenen Looks passt, Ihre Figur zeigt und Sie sehr sexy und modisch aussehen l\u00e4sst. Ihre Frau wird nicht in der Lage sein, seine Augen von Ihnen abzuwenden, wenn Ihr attraktiver K\u00f6rper in dieses leder\u00e4hnliche Material geh\u00fcllt ist.<br \/>\n\u3010Fetischklassiker K\u00f6rper Harness\u3011Erh\u00f6hen Sex Attraktion, und die harmonische Sexualleben,ein Flirt-Produkt f\u00fcr Sexualleben. Perfekt f\u00fcr Cosplay oder Rollenspiel, Nachtclub, Party, Dessous-Nacht oder Selbstgenuss.<br \/>\n\u2764Nachdem Sie das Produkt erhalten haben, empfiehlt es sich, es vor dem Gebrauch mehrere Stunden an einem bel\u00fcfteten Ort oder in der Sonne zu verwenden, um zu verhindern, dass die Waren aufgrund der langen luftdichten Verpackung gerochen werden.Bei Fragen k\u00f6nnen Sie sich gerne an uns wenden, wir werden Ihnen auf jeden Fall eine zufriedenstellende Antwort geben.<br \/>\n<div class=\"main-cross-sell\" data-asin=\"B0B2918Z1J\">\n\n\t<div class=\"WooZone-cross-sell-loader\">\n\t\t<div>\n\t\t\t<div id=\"floatingBarsG\">\n\t\t\t\t<div class=\"blockG\" id=\"rotateG_01\"><\/div>\n\t\t\t\t<div class=\"blockG\" id=\"rotateG_02\"><\/div>\n\t\t\t\t<div class=\"blockG\" id=\"rotateG_03\"><\/div>\n\t\t\t\t<div class=\"blockG\" id=\"rotateG_04\"><\/div>\n\t\t\t\t<div class=\"blockG\" id=\"rotateG_05\"><\/div>\n\t\t\t\t<div class=\"blockG\" id=\"rotateG_06\"><\/div>\n\t\t\t\t<div class=\"blockG\" id=\"rotateG_07\"><\/div>\n\t\t\t\t<div class=\"blockG\" id=\"rotateG_08\"><\/div>\n\t\t\t<\/div>\n\t\t\t<div class=\"WooZone-cross-sell-loader-text\"><\/div>\n\t\t<\/div>\n\t<\/div>\n\n\t\t\n<\/div>\n<div style=\"clear:both;\"><\/div><\/p>\n","protected":false},"excerpt":{"rendered":"<p>\ud83d\udc4d\u3010Hochwertige Materialien\u3011Herrengeschirr ist aus hochwertigem weichem Leder,sehr weich und flexibel, langlebig, so k\u00f6nnen Sie dies t\u00e4glich ohne Beschwerden tragen.<br \/>\n\u3010Einstellbares Design\u3011: Entworfen mit verstellbaren Snap-Tr\u00e4gern, Es gibt viele Einstelll\u00f6cher am Gurt, und die Enge kann frei eingestellt werden,f\u00fcr die meisten Menschen geeignet.<br \/>\n\u2764 \u3010Zeigen Sie Ihren Charme\u3011Dieser maskulin aussehende Body Harness kann \u00fcber einem T-Shirt, Hemd oder kein hemd, das zu verschiedenen Looks passt, Ihre Figur zeigt und Sie sehr sexy und modisch aussehen l\u00e4sst. Ihre Frau wird nicht in der Lage sein, seine Augen von Ihnen abzuwenden, wenn Ihr attraktiver K\u00f6rper in dieses leder\u00e4hnliche Material geh\u00fcllt ist.<\/p>\n","protected":false},"featured_media":155589,"comment_status":"open","ping_status":"closed","template":"","meta":[],"product_brand":[],"product_cat":[652,3064],"product_tag":[],"class_list":{"0":"post-155588","1":"product","2":"type-product","3":"status-publish","4":"has-post-thumbnail","6":"product_cat-erotik-markt-xxl","7":"product_cat-fesseln-bondage","8":"pa_brand-biaoqinbo","9":"pa_color-42531","10":"pa_manufacturer-biaoqinbo","11":"pa_size-einheitsgroesse","13":"first","14":"instock","15":"shipping-taxable","16":"purchasable","17":"product-type-simple","18":"customify-col","19":"product-has-gallery"},"yoast_head":"<!-- This site is optimized with the Yoast SEO plugin v27.4 - https:\/\/yoast.com\/product\/yoast-seo-wordpress\/ -->\n<title>BIAOQINBO Herren Body Brust Harness PU Leder M\u00e4nner Brust Geschirr Punk Gothic Fetisch Bandage Kost\u00fcme Cosplay Party\u2026 - Markt-XXL<\/title>\n<meta name=\"description\" content=\"Markt-XXL BIAOQINBO Herren Body Brust Harness PU Leder M\u00e4nner Brust Geschirr Punk Gothic Fetisch Bandage Kost\u00fcme Cosplay Party\u2026\" \/>\n<meta name=\"robots\" content=\"index, follow, max-snippet:-1, max-image-preview:large, max-video-preview:-1\" \/>\n<link rel=\"canonical\" href=\"https:\/\/marktxxl.de\/markt\/produkt\/biaoqinbo-herren-body-brust-harness-pu-leder-maenner-brust-geschirr-punk-gothic-fetisch-bandage-kostueme-cosplay-party-kostueme-sexy-sklave-clubwear\/\" \/>\n<meta property=\"og:locale\" content=\"de_DE\" \/>\n<meta property=\"og:type\" content=\"article\" \/>\n<meta property=\"og:title\" content=\"BIAOQINBO Herren Body Brust Harness PU Leder M\u00e4nner Brust Geschirr Punk Gothic Fetisch Bandage Kost\u00fcme Cosplay Party\u2026 - Markt-XXL\" \/>\n<meta property=\"og:description\" content=\"Markt-XXL BIAOQINBO Herren Body Brust Harness PU Leder M\u00e4nner Brust Geschirr Punk Gothic Fetisch Bandage Kost\u00fcme Cosplay Party\u2026\" \/>\n<meta property=\"og:url\" content=\"https:\/\/marktxxl.de\/markt\/produkt\/biaoqinbo-herren-body-brust-harness-pu-leder-maenner-brust-geschirr-punk-gothic-fetisch-bandage-kostueme-cosplay-party-kostueme-sexy-sklave-clubwear\/\" \/>\n<meta property=\"og:site_name\" content=\"Markt-XXL\" \/>\n<meta property=\"article:modified_time\" content=\"2023-04-11T02:37:26+00:00\" \/>\n<meta property=\"og:image\" content=\"https:\/\/m.media-amazon.com\/images\/I\/41OC2pTvw3L._SL500_.jpg\" \/>\n\t<meta property=\"og:image:width\" content=\"500\" \/>\n\t<meta property=\"og:image:height\" content=\"500\" \/>\n\t<meta property=\"og:image:type\" content=\"image\/jpeg\" \/>\n<meta name=\"twitter:card\" content=\"summary_large_image\" \/>\n<meta name=\"twitter:label1\" content=\"Gesch\u00e4tzte Lesezeit\" \/>\n\t<meta name=\"twitter:data1\" content=\"1\u00a0Minute\" \/>\n<script type=\"application\/ld+json\" class=\"yoast-schema-graph\">{\"@context\":\"https:\\\/\\\/schema.org\",\"@graph\":[{\"@type\":\"WebPage\",\"@id\":\"https:\\\/\\\/marktxxl.de\\\/markt\\\/produkt\\\/biaoqinbo-herren-body-brust-harness-pu-leder-maenner-brust-geschirr-punk-gothic-fetisch-bandage-kostueme-cosplay-party-kostueme-sexy-sklave-clubwear\\\/\",\"url\":\"https:\\\/\\\/marktxxl.de\\\/markt\\\/produkt\\\/biaoqinbo-herren-body-brust-harness-pu-leder-maenner-brust-geschirr-punk-gothic-fetisch-bandage-kostueme-cosplay-party-kostueme-sexy-sklave-clubwear\\\/\",\"name\":\"BIAOQINBO Herren Body Brust Harness PU Leder M\u00e4nner Brust Geschirr Punk Gothic Fetisch Bandage Kost\u00fcme Cosplay Party\u2026 - Markt-XXL\",\"isPartOf\":{\"@id\":\"https:\\\/\\\/marktxxl.de\\\/markt\\\/#website\"},\"primaryImageOfPage\":{\"@id\":\"https:\\\/\\\/marktxxl.de\\\/markt\\\/produkt\\\/biaoqinbo-herren-body-brust-harness-pu-leder-maenner-brust-geschirr-punk-gothic-fetisch-bandage-kostueme-cosplay-party-kostueme-sexy-sklave-clubwear\\\/#primaryimage\"},\"image\":{\"@id\":\"https:\\\/\\\/marktxxl.de\\\/markt\\\/produkt\\\/biaoqinbo-herren-body-brust-harness-pu-leder-maenner-brust-geschirr-punk-gothic-fetisch-bandage-kostueme-cosplay-party-kostueme-sexy-sklave-clubwear\\\/#primaryimage\"},\"thumbnailUrl\":\"https:\\\/\\\/m.media-amazon.com\\\/images\\\/I\\\/41OC2pTvw3L._SL500_.jpg\",\"datePublished\":\"2022-10-11T18:50:06+00:00\",\"dateModified\":\"2023-04-11T02:37:26+00:00\",\"description\":\"Markt-XXL BIAOQINBO Herren Body Brust Harness PU Leder M\u00e4nner Brust Geschirr Punk Gothic Fetisch Bandage Kost\u00fcme Cosplay Party\u2026\",\"breadcrumb\":{\"@id\":\"https:\\\/\\\/marktxxl.de\\\/markt\\\/produkt\\\/biaoqinbo-herren-body-brust-harness-pu-leder-maenner-brust-geschirr-punk-gothic-fetisch-bandage-kostueme-cosplay-party-kostueme-sexy-sklave-clubwear\\\/#breadcrumb\"},\"inLanguage\":\"de\",\"potentialAction\":[{\"@type\":\"ReadAction\",\"target\":[\"https:\\\/\\\/marktxxl.de\\\/markt\\\/produkt\\\/biaoqinbo-herren-body-brust-harness-pu-leder-maenner-brust-geschirr-punk-gothic-fetisch-bandage-kostueme-cosplay-party-kostueme-sexy-sklave-clubwear\\\/\"]}]},{\"@type\":\"ImageObject\",\"inLanguage\":\"de\",\"@id\":\"https:\\\/\\\/marktxxl.de\\\/markt\\\/produkt\\\/biaoqinbo-herren-body-brust-harness-pu-leder-maenner-brust-geschirr-punk-gothic-fetisch-bandage-kostueme-cosplay-party-kostueme-sexy-sklave-clubwear\\\/#primaryimage\",\"url\":\"https:\\\/\\\/m.media-amazon.com\\\/images\\\/I\\\/41OC2pTvw3L._SL500_.jpg\",\"contentUrl\":\"https:\\\/\\\/m.media-amazon.com\\\/images\\\/I\\\/41OC2pTvw3L._SL500_.jpg\",\"width\":500,\"height\":500},{\"@type\":\"BreadcrumbList\",\"@id\":\"https:\\\/\\\/marktxxl.de\\\/markt\\\/produkt\\\/biaoqinbo-herren-body-brust-harness-pu-leder-maenner-brust-geschirr-punk-gothic-fetisch-bandage-kostueme-cosplay-party-kostueme-sexy-sklave-clubwear\\\/#breadcrumb\",\"itemListElement\":[{\"@type\":\"ListItem\",\"position\":1,\"name\":\"Startseite\",\"item\":\"https:\\\/\\\/marktxxl.de\\\/markt\\\/\"},{\"@type\":\"ListItem\",\"position\":2,\"name\":\"Markt\",\"item\":\"https:\\\/\\\/marktxxl.de\\\/markt\\\/\"},{\"@type\":\"ListItem\",\"position\":3,\"name\":\"BIAOQINBO Herren Body Brust Harness PU Leder M\u00e4nner Brust Geschirr Punk Gothic Fetisch Bandage Kost\u00fcme Cosplay Party\u2026\"}]},{\"@type\":\"WebSite\",\"@id\":\"https:\\\/\\\/marktxxl.de\\\/markt\\\/#website\",\"url\":\"https:\\\/\\\/marktxxl.de\\\/markt\\\/\",\"name\":\"Markt-XXL\",\"description\":\"Ihr Markt Online\",\"publisher\":{\"@id\":\"https:\\\/\\\/marktxxl.de\\\/markt\\\/#organization\"},\"potentialAction\":[{\"@type\":\"SearchAction\",\"target\":{\"@type\":\"EntryPoint\",\"urlTemplate\":\"https:\\\/\\\/marktxxl.de\\\/markt\\\/?s={search_term_string}\"},\"query-input\":{\"@type\":\"PropertyValueSpecification\",\"valueRequired\":true,\"valueName\":\"search_term_string\"}}],\"inLanguage\":\"de\"},{\"@type\":\"Organization\",\"@id\":\"https:\\\/\\\/marktxxl.de\\\/markt\\\/#organization\",\"name\":\"Markt-XXL\",\"url\":\"https:\\\/\\\/marktxxl.de\\\/markt\\\/\",\"logo\":{\"@type\":\"ImageObject\",\"inLanguage\":\"de\",\"@id\":\"https:\\\/\\\/marktxxl.de\\\/markt\\\/#\\\/schema\\\/logo\\\/image\\\/\",\"url\":\"https:\\\/\\\/marktxxl.de\\\/markt\\\/wp-content\\\/uploads\\\/sites\\\/3\\\/2020\\\/12\\\/logo.png\",\"contentUrl\":\"https:\\\/\\\/marktxxl.de\\\/markt\\\/wp-content\\\/uploads\\\/sites\\\/3\\\/2020\\\/12\\\/logo.png\",\"width\":200,\"height\":70,\"caption\":\"Markt-XXL\"},\"image\":{\"@id\":\"https:\\\/\\\/marktxxl.de\\\/markt\\\/#\\\/schema\\\/logo\\\/image\\\/\"}}]}<\/script>\n<!-- \/ Yoast SEO plugin. -->","yoast_head_json":{"title":"BIAOQINBO Herren Body Brust Harness PU Leder M\u00e4nner Brust Geschirr Punk Gothic Fetisch Bandage Kost\u00fcme Cosplay Party\u2026 - Markt-XXL","description":"Markt-XXL BIAOQINBO Herren Body Brust Harness PU Leder M\u00e4nner Brust Geschirr Punk Gothic Fetisch Bandage Kost\u00fcme Cosplay Party\u2026","robots":{"index":"index","follow":"follow","max-snippet":"max-snippet:-1","max-image-preview":"max-image-preview:large","max-video-preview":"max-video-preview:-1"},"canonical":"https:\/\/marktxxl.de\/markt\/produkt\/biaoqinbo-herren-body-brust-harness-pu-leder-maenner-brust-geschirr-punk-gothic-fetisch-bandage-kostueme-cosplay-party-kostueme-sexy-sklave-clubwear\/","og_locale":"de_DE","og_type":"article","og_title":"BIAOQINBO Herren Body Brust Harness PU Leder M\u00e4nner Brust Geschirr Punk Gothic Fetisch Bandage Kost\u00fcme Cosplay Party\u2026 - Markt-XXL","og_description":"Markt-XXL BIAOQINBO Herren Body Brust Harness PU Leder M\u00e4nner Brust Geschirr Punk Gothic Fetisch Bandage Kost\u00fcme Cosplay Party\u2026","og_url":"https:\/\/marktxxl.de\/markt\/produkt\/biaoqinbo-herren-body-brust-harness-pu-leder-maenner-brust-geschirr-punk-gothic-fetisch-bandage-kostueme-cosplay-party-kostueme-sexy-sklave-clubwear\/","og_site_name":"Markt-XXL","article_modified_time":"2023-04-11T02:37:26+00:00","og_image":[{"width":500,"height":500,"url":"https:\/\/m.media-amazon.com\/images\/I\/41OC2pTvw3L._SL500_.jpg","type":"image\/jpeg"}],"twitter_card":"summary_large_image","twitter_misc":{"Gesch\u00e4tzte Lesezeit":"1\u00a0Minute"},"schema":{"@context":"https:\/\/schema.org","@graph":[{"@type":"WebPage","@id":"https:\/\/marktxxl.de\/markt\/produkt\/biaoqinbo-herren-body-brust-harness-pu-leder-maenner-brust-geschirr-punk-gothic-fetisch-bandage-kostueme-cosplay-party-kostueme-sexy-sklave-clubwear\/","url":"https:\/\/marktxxl.de\/markt\/produkt\/biaoqinbo-herren-body-brust-harness-pu-leder-maenner-brust-geschirr-punk-gothic-fetisch-bandage-kostueme-cosplay-party-kostueme-sexy-sklave-clubwear\/","name":"BIAOQINBO Herren Body Brust Harness PU Leder M\u00e4nner Brust Geschirr Punk Gothic Fetisch Bandage Kost\u00fcme Cosplay Party\u2026 - Markt-XXL","isPartOf":{"@id":"https:\/\/marktxxl.de\/markt\/#website"},"primaryImageOfPage":{"@id":"https:\/\/marktxxl.de\/markt\/produkt\/biaoqinbo-herren-body-brust-harness-pu-leder-maenner-brust-geschirr-punk-gothic-fetisch-bandage-kostueme-cosplay-party-kostueme-sexy-sklave-clubwear\/#primaryimage"},"image":{"@id":"https:\/\/marktxxl.de\/markt\/produkt\/biaoqinbo-herren-body-brust-harness-pu-leder-maenner-brust-geschirr-punk-gothic-fetisch-bandage-kostueme-cosplay-party-kostueme-sexy-sklave-clubwear\/#primaryimage"},"thumbnailUrl":"https:\/\/m.media-amazon.com\/images\/I\/41OC2pTvw3L._SL500_.jpg","datePublished":"2022-10-11T18:50:06+00:00","dateModified":"2023-04-11T02:37:26+00:00","description":"Markt-XXL BIAOQINBO Herren Body Brust Harness PU Leder M\u00e4nner Brust Geschirr Punk Gothic Fetisch Bandage Kost\u00fcme Cosplay Party\u2026","breadcrumb":{"@id":"https:\/\/marktxxl.de\/markt\/produkt\/biaoqinbo-herren-body-brust-harness-pu-leder-maenner-brust-geschirr-punk-gothic-fetisch-bandage-kostueme-cosplay-party-kostueme-sexy-sklave-clubwear\/#breadcrumb"},"inLanguage":"de","potentialAction":[{"@type":"ReadAction","target":["https:\/\/marktxxl.de\/markt\/produkt\/biaoqinbo-herren-body-brust-harness-pu-leder-maenner-brust-geschirr-punk-gothic-fetisch-bandage-kostueme-cosplay-party-kostueme-sexy-sklave-clubwear\/"]}]},{"@type":"ImageObject","inLanguage":"de","@id":"https:\/\/marktxxl.de\/markt\/produkt\/biaoqinbo-herren-body-brust-harness-pu-leder-maenner-brust-geschirr-punk-gothic-fetisch-bandage-kostueme-cosplay-party-kostueme-sexy-sklave-clubwear\/#primaryimage","url":"https:\/\/m.media-amazon.com\/images\/I\/41OC2pTvw3L._SL500_.jpg","contentUrl":"https:\/\/m.media-amazon.com\/images\/I\/41OC2pTvw3L._SL500_.jpg","width":500,"height":500},{"@type":"BreadcrumbList","@id":"https:\/\/marktxxl.de\/markt\/produkt\/biaoqinbo-herren-body-brust-harness-pu-leder-maenner-brust-geschirr-punk-gothic-fetisch-bandage-kostueme-cosplay-party-kostueme-sexy-sklave-clubwear\/#breadcrumb","itemListElement":[{"@type":"ListItem","position":1,"name":"Startseite","item":"https:\/\/marktxxl.de\/markt\/"},{"@type":"ListItem","position":2,"name":"Markt","item":"https:\/\/marktxxl.de\/markt\/"},{"@type":"ListItem","position":3,"name":"BIAOQINBO Herren Body Brust Harness PU Leder M\u00e4nner Brust Geschirr Punk Gothic Fetisch Bandage Kost\u00fcme Cosplay Party\u2026"}]},{"@type":"WebSite","@id":"https:\/\/marktxxl.de\/markt\/#website","url":"https:\/\/marktxxl.de\/markt\/","name":"Markt-XXL","description":"Ihr Markt Online","publisher":{"@id":"https:\/\/marktxxl.de\/markt\/#organization"},"potentialAction":[{"@type":"SearchAction","target":{"@type":"EntryPoint","urlTemplate":"https:\/\/marktxxl.de\/markt\/?s={search_term_string}"},"query-input":{"@type":"PropertyValueSpecification","valueRequired":true,"valueName":"search_term_string"}}],"inLanguage":"de"},{"@type":"Organization","@id":"https:\/\/marktxxl.de\/markt\/#organization","name":"Markt-XXL","url":"https:\/\/marktxxl.de\/markt\/","logo":{"@type":"ImageObject","inLanguage":"de","@id":"https:\/\/marktxxl.de\/markt\/#\/schema\/logo\/image\/","url":"https:\/\/marktxxl.de\/markt\/wp-content\/uploads\/sites\/3\/2020\/12\/logo.png","contentUrl":"https:\/\/marktxxl.de\/markt\/wp-content\/uploads\/sites\/3\/2020\/12\/logo.png","width":200,"height":70,"caption":"Markt-XXL"},"image":{"@id":"https:\/\/marktxxl.de\/markt\/#\/schema\/logo\/image\/"}}]}},"_links":{"self":[{"href":"https:\/\/marktxxl.de\/markt\/wp-json\/wp\/v2\/product\/155588","targetHints":{"allow":["GET"]}}],"collection":[{"href":"https:\/\/marktxxl.de\/markt\/wp-json\/wp\/v2\/product"}],"about":[{"href":"https:\/\/marktxxl.de\/markt\/wp-json\/wp\/v2\/types\/product"}],"replies":[{"embeddable":true,"href":"https:\/\/marktxxl.de\/markt\/wp-json\/wp\/v2\/comments?post=155588"}],"wp:featuredmedia":[{"embeddable":true,"href":"https:\/\/marktxxl.de\/markt\/wp-json\/wp\/v2\/media\/155589"}],"wp:attachment":[{"href":"https:\/\/marktxxl.de\/markt\/wp-json\/wp\/v2\/media?parent=155588"}],"wp:term":[{"taxonomy":"product_brand","embeddable":true,"href":"https:\/\/marktxxl.de\/markt\/wp-json\/wp\/v2\/product_brand?post=155588"},{"taxonomy":"product_cat","embeddable":true,"href":"https:\/\/marktxxl.de\/markt\/wp-json\/wp\/v2\/product_cat?post=155588"},{"taxonomy":"product_tag","embeddable":true,"href":"https:\/\/marktxxl.de\/markt\/wp-json\/wp\/v2\/product_tag?post=155588"}],"curies":[{"name":"wp","href":"https:\/\/api.w.org\/{rel}","templated":true}]}}