{"id":155551,"date":"2022-10-11T20:49:11","date_gmt":"2022-10-11T18:49:11","guid":{"rendered":"https:\/\/marktxxl.de\/markt\/produkt\/tacstealth-handschellen-aus-stahl-mit-zwei-schluesseln-und-handschellen-etui-robust-schwarz-und-silber-professionelle-qualitaet-biegsam-bruchfrei-sichere-fessel\/"},"modified":"2023-04-11T04:37:25","modified_gmt":"2023-04-11T02:37:25","slug":"tacstealth-handschellen-aus-stahl-mit-zwei-schluesseln-und-handschellen-etui-robust-schwarz-und-silber-professionelle-qualitaet-biegsam-bruchfrei-sichere-fessel","status":"publish","type":"product","link":"https:\/\/marktxxl.de\/markt\/produkt\/tacstealth-handschellen-aus-stahl-mit-zwei-schluesseln-und-handschellen-etui-robust-schwarz-und-silber-professionelle-qualitaet-biegsam-bruchfrei-sichere-fessel\/","title":{"rendered":"TacStealth Handschellen aus Stahl mit zwei Schl\u00fcsseln und Handschellen-Etui, robust, Schwarz und Silber, professionelle\u2026"},"content":{"rendered":"<p>\u2705 Robustes Produkt \u2013 TacStealth Handschellen wurden aus hochwertigem Material hergestellt, das unter allen Bedingungen wartungsf\u00e4hig ist. Diese echten Handschellen aus robustem Stahl halten Gewicht, Kraft und Verdrehen in jede Richtung perfekt stand. Egal wie leistungsstark die Person ist, Sie k\u00f6nnen diesem Produkt leicht vertrauen, um seine Arbeit zu erledigen.<br \/>\n\u2705 DOPPELSCHLOSS &#8211; Wenn Sie eine professionelle Sicherheit sind, haben Sie eine wirklich ernsthafte Routine in Anspruch. In all dieser Happard-Routine m\u00fcssen Sie alle auf jede Art von Situationen vorbereitet sein. Unsere aufklappbaren Handschellen sind mit einem doppelten Verriegelungsdesign ausgestattet, was einen festen und sicheren Halt gew\u00e4hrleistet. Egal, wie sehr Sie Ihre Vorbereitungsk\u00e4mpfe haben, die schwarzen Handschellen werden f\u00fcr Sie keine Beschwerden oder Festziehen verursachen.<br \/>\n\u2705 ROSTBEST\u00c4NDIG \u2013 Das hochwertige schwarze Finish unseres Produkts sch\u00fctzt es vor Rost und ungew\u00f6hnlichen Wetterbedingungen und macht es zu einem langlebigen Produkt. Die elegante schwarze Veredelung macht die Handschellen nicht nur rostbest\u00e4ndig, sondern verleiht ihnen auch einen einsch\u00fcchternden Look. Mit der Stahlst\u00e4rke und dem abgedeckten Schutz sind diese Handschellen bereit f\u00fcr alle ernsthaften Gesch\u00e4fte.<br \/>\n\u2705 LANGLEBIG &#8211; TacStealth stellt sicher, dass das beste Material seine Kunden erreicht, mit dem im Hinblick auf diese Handschellen hergestellt wurden, um die besten Handschellen zu \u00fcberdauern, die Sie gekauft haben. Wir haben diese Handschellen mit dem besten Haltematerial hergestellt, um eine langfristige Partnerschaft zwischen unseren Kunden und unserem Produkt zu gew\u00e4hrleisten.<br \/>\n\u2705 MEHRZWECK &#8211; Hergestellt aus hochwertigem und langlebigem Material, haben diese Handschellen unbegrenzte Nutzungsm\u00f6glichkeiten. Sie k\u00f6nnen sie f\u00fcr professionelle Gesch\u00e4fte verwenden, wenn Sie ein Sicherheitsbeauftragter sind. Nicht nur das, der einfache Mechanismus und das sichere Design machen es auch geeignet f\u00fcr die Verwendung von normalen B\u00fcrgern, die sich gerade um ihre eigene Sicherheit in gef\u00e4hrlichen Situationen k\u00fcmmern.<br \/>\n<div class=\"main-cross-sell\" data-asin=\"B089G9TN7F\">\n\n\t<div class=\"WooZone-cross-sell-loader\">\n\t\t<div>\n\t\t\t<div id=\"floatingBarsG\">\n\t\t\t\t<div class=\"blockG\" id=\"rotateG_01\"><\/div>\n\t\t\t\t<div class=\"blockG\" id=\"rotateG_02\"><\/div>\n\t\t\t\t<div class=\"blockG\" id=\"rotateG_03\"><\/div>\n\t\t\t\t<div class=\"blockG\" id=\"rotateG_04\"><\/div>\n\t\t\t\t<div class=\"blockG\" id=\"rotateG_05\"><\/div>\n\t\t\t\t<div class=\"blockG\" id=\"rotateG_06\"><\/div>\n\t\t\t\t<div class=\"blockG\" id=\"rotateG_07\"><\/div>\n\t\t\t\t<div class=\"blockG\" id=\"rotateG_08\"><\/div>\n\t\t\t<\/div>\n\t\t\t<div class=\"WooZone-cross-sell-loader-text\"><\/div>\n\t\t<\/div>\n\t<\/div>\n\n\t\t\n<\/div>\n<div style=\"clear:both;\"><\/div><\/p>\n","protected":false},"excerpt":{"rendered":"<p>\u2705 Robustes Produkt \u2013 TacStealth Handschellen wurden aus hochwertigem Material hergestellt, das unter allen Bedingungen wartungsf\u00e4hig ist. Diese echten Handschellen aus robustem Stahl halten Gewicht, Kraft und Verdrehen in jede Richtung perfekt stand. Egal wie leistungsstark die Person ist, Sie k\u00f6nnen diesem Produkt leicht vertrauen, um seine Arbeit zu erledigen.<br \/>\n\u2705 DOPPELSCHLOSS &#8211; Wenn Sie eine professionelle Sicherheit sind, haben Sie eine wirklich ernsthafte Routine in Anspruch. In all dieser Happard-Routine m\u00fcssen Sie alle auf jede Art von Situationen vorbereitet sein. Unsere aufklappbaren Handschellen sind mit einem doppelten Verriegelungsdesign ausgestattet, was einen festen und sicheren Halt gew\u00e4hrleistet. Egal, wie sehr Sie Ihre Vorbereitungsk\u00e4mpfe haben, die schwarzen Handschellen werden f\u00fcr Sie keine Beschwerden oder Festziehen verursachen.<br \/>\n\u2705 ROSTBEST\u00c4NDIG \u2013 Das hochwertige schwarze Finish unseres Produkts sch\u00fctzt es vor Rost und ungew\u00f6hnlichen Wetterbedingungen und macht es zu einem langlebigen Produkt. Die elegante schwarze Veredelung macht die Handschellen nicht nur rostbest\u00e4ndig, sondern verleiht ihnen auch einen einsch\u00fcchternden Look. Mit der Stahlst\u00e4rke und dem abgedeckten Schutz sind diese Handschellen bereit f\u00fcr alle ernsthaften Gesch\u00e4fte.<\/p>\n","protected":false},"featured_media":155552,"comment_status":"open","ping_status":"closed","template":"","meta":[],"product_brand":[],"product_cat":[652,3064],"product_tag":[],"class_list":{"0":"post-155551","1":"product","2":"type-product","3":"status-publish","4":"has-post-thumbnail","6":"product_cat-erotik-markt-xxl","7":"product_cat-fesseln-bondage","8":"pa_brand-tacstealth","9":"pa_color-schwarz","10":"pa_manufacturer-tacstealth","12":"first","13":"instock","14":"shipping-taxable","15":"purchasable","16":"product-type-simple","17":"customify-col","18":"product-has-gallery"},"yoast_head":"<!-- This site is optimized with the Yoast SEO plugin v27.4 - https:\/\/yoast.com\/product\/yoast-seo-wordpress\/ -->\n<title>TacStealth Handschellen aus Stahl mit zwei Schl\u00fcsseln und Handschellen-Etui, robust, Schwarz und Silber, professionelle\u2026 - Markt-XXL<\/title>\n<meta name=\"description\" content=\"Markt-XXL TacStealth Handschellen aus Stahl mit zwei Schl\u00fcsseln und Handschellen-Etui, robust, Schwarz und Silber, professionelle\u2026\" \/>\n<meta name=\"robots\" content=\"index, follow, max-snippet:-1, max-image-preview:large, max-video-preview:-1\" \/>\n<link rel=\"canonical\" href=\"https:\/\/marktxxl.de\/markt\/produkt\/tacstealth-handschellen-aus-stahl-mit-zwei-schluesseln-und-handschellen-etui-robust-schwarz-und-silber-professionelle-qualitaet-biegsam-bruchfrei-sichere-fessel\/\" \/>\n<meta property=\"og:locale\" content=\"de_DE\" \/>\n<meta property=\"og:type\" content=\"article\" \/>\n<meta property=\"og:title\" content=\"TacStealth Handschellen aus Stahl mit zwei Schl\u00fcsseln und Handschellen-Etui, robust, Schwarz und Silber, professionelle\u2026 - Markt-XXL\" \/>\n<meta property=\"og:description\" content=\"Markt-XXL TacStealth Handschellen aus Stahl mit zwei Schl\u00fcsseln und Handschellen-Etui, robust, Schwarz und Silber, professionelle\u2026\" \/>\n<meta property=\"og:url\" content=\"https:\/\/marktxxl.de\/markt\/produkt\/tacstealth-handschellen-aus-stahl-mit-zwei-schluesseln-und-handschellen-etui-robust-schwarz-und-silber-professionelle-qualitaet-biegsam-bruchfrei-sichere-fessel\/\" \/>\n<meta property=\"og:site_name\" content=\"Markt-XXL\" \/>\n<meta property=\"article:modified_time\" content=\"2023-04-11T02:37:25+00:00\" \/>\n<meta property=\"og:image\" content=\"https:\/\/m.media-amazon.com\/images\/I\/515npvbWWjL._SL500_.jpg\" \/>\n\t<meta property=\"og:image:width\" content=\"500\" \/>\n\t<meta property=\"og:image:height\" content=\"500\" \/>\n\t<meta property=\"og:image:type\" content=\"image\/jpeg\" \/>\n<meta name=\"twitter:card\" content=\"summary_large_image\" \/>\n<meta name=\"twitter:label1\" content=\"Gesch\u00e4tzte Lesezeit\" \/>\n\t<meta name=\"twitter:data1\" content=\"2\u00a0Minuten\" \/>\n<script type=\"application\/ld+json\" class=\"yoast-schema-graph\">{\"@context\":\"https:\\\/\\\/schema.org\",\"@graph\":[{\"@type\":\"WebPage\",\"@id\":\"https:\\\/\\\/marktxxl.de\\\/markt\\\/produkt\\\/tacstealth-handschellen-aus-stahl-mit-zwei-schluesseln-und-handschellen-etui-robust-schwarz-und-silber-professionelle-qualitaet-biegsam-bruchfrei-sichere-fessel\\\/\",\"url\":\"https:\\\/\\\/marktxxl.de\\\/markt\\\/produkt\\\/tacstealth-handschellen-aus-stahl-mit-zwei-schluesseln-und-handschellen-etui-robust-schwarz-und-silber-professionelle-qualitaet-biegsam-bruchfrei-sichere-fessel\\\/\",\"name\":\"TacStealth Handschellen aus Stahl mit zwei Schl\u00fcsseln und Handschellen-Etui, robust, Schwarz und Silber, professionelle\u2026 - Markt-XXL\",\"isPartOf\":{\"@id\":\"https:\\\/\\\/marktxxl.de\\\/markt\\\/#website\"},\"primaryImageOfPage\":{\"@id\":\"https:\\\/\\\/marktxxl.de\\\/markt\\\/produkt\\\/tacstealth-handschellen-aus-stahl-mit-zwei-schluesseln-und-handschellen-etui-robust-schwarz-und-silber-professionelle-qualitaet-biegsam-bruchfrei-sichere-fessel\\\/#primaryimage\"},\"image\":{\"@id\":\"https:\\\/\\\/marktxxl.de\\\/markt\\\/produkt\\\/tacstealth-handschellen-aus-stahl-mit-zwei-schluesseln-und-handschellen-etui-robust-schwarz-und-silber-professionelle-qualitaet-biegsam-bruchfrei-sichere-fessel\\\/#primaryimage\"},\"thumbnailUrl\":\"https:\\\/\\\/m.media-amazon.com\\\/images\\\/I\\\/515npvbWWjL._SL500_.jpg\",\"datePublished\":\"2022-10-11T18:49:11+00:00\",\"dateModified\":\"2023-04-11T02:37:25+00:00\",\"description\":\"Markt-XXL TacStealth Handschellen aus Stahl mit zwei Schl\u00fcsseln und Handschellen-Etui, robust, Schwarz und Silber, professionelle\u2026\",\"breadcrumb\":{\"@id\":\"https:\\\/\\\/marktxxl.de\\\/markt\\\/produkt\\\/tacstealth-handschellen-aus-stahl-mit-zwei-schluesseln-und-handschellen-etui-robust-schwarz-und-silber-professionelle-qualitaet-biegsam-bruchfrei-sichere-fessel\\\/#breadcrumb\"},\"inLanguage\":\"de\",\"potentialAction\":[{\"@type\":\"ReadAction\",\"target\":[\"https:\\\/\\\/marktxxl.de\\\/markt\\\/produkt\\\/tacstealth-handschellen-aus-stahl-mit-zwei-schluesseln-und-handschellen-etui-robust-schwarz-und-silber-professionelle-qualitaet-biegsam-bruchfrei-sichere-fessel\\\/\"]}]},{\"@type\":\"ImageObject\",\"inLanguage\":\"de\",\"@id\":\"https:\\\/\\\/marktxxl.de\\\/markt\\\/produkt\\\/tacstealth-handschellen-aus-stahl-mit-zwei-schluesseln-und-handschellen-etui-robust-schwarz-und-silber-professionelle-qualitaet-biegsam-bruchfrei-sichere-fessel\\\/#primaryimage\",\"url\":\"https:\\\/\\\/m.media-amazon.com\\\/images\\\/I\\\/515npvbWWjL._SL500_.jpg\",\"contentUrl\":\"https:\\\/\\\/m.media-amazon.com\\\/images\\\/I\\\/515npvbWWjL._SL500_.jpg\",\"width\":500,\"height\":500},{\"@type\":\"BreadcrumbList\",\"@id\":\"https:\\\/\\\/marktxxl.de\\\/markt\\\/produkt\\\/tacstealth-handschellen-aus-stahl-mit-zwei-schluesseln-und-handschellen-etui-robust-schwarz-und-silber-professionelle-qualitaet-biegsam-bruchfrei-sichere-fessel\\\/#breadcrumb\",\"itemListElement\":[{\"@type\":\"ListItem\",\"position\":1,\"name\":\"Startseite\",\"item\":\"https:\\\/\\\/marktxxl.de\\\/markt\\\/\"},{\"@type\":\"ListItem\",\"position\":2,\"name\":\"Markt\",\"item\":\"https:\\\/\\\/marktxxl.de\\\/markt\\\/\"},{\"@type\":\"ListItem\",\"position\":3,\"name\":\"TacStealth Handschellen aus Stahl mit zwei Schl\u00fcsseln und Handschellen-Etui, robust, Schwarz und Silber, professionelle\u2026\"}]},{\"@type\":\"WebSite\",\"@id\":\"https:\\\/\\\/marktxxl.de\\\/markt\\\/#website\",\"url\":\"https:\\\/\\\/marktxxl.de\\\/markt\\\/\",\"name\":\"Markt-XXL\",\"description\":\"Ihr Markt Online\",\"publisher\":{\"@id\":\"https:\\\/\\\/marktxxl.de\\\/markt\\\/#organization\"},\"potentialAction\":[{\"@type\":\"SearchAction\",\"target\":{\"@type\":\"EntryPoint\",\"urlTemplate\":\"https:\\\/\\\/marktxxl.de\\\/markt\\\/?s={search_term_string}\"},\"query-input\":{\"@type\":\"PropertyValueSpecification\",\"valueRequired\":true,\"valueName\":\"search_term_string\"}}],\"inLanguage\":\"de\"},{\"@type\":\"Organization\",\"@id\":\"https:\\\/\\\/marktxxl.de\\\/markt\\\/#organization\",\"name\":\"Markt-XXL\",\"url\":\"https:\\\/\\\/marktxxl.de\\\/markt\\\/\",\"logo\":{\"@type\":\"ImageObject\",\"inLanguage\":\"de\",\"@id\":\"https:\\\/\\\/marktxxl.de\\\/markt\\\/#\\\/schema\\\/logo\\\/image\\\/\",\"url\":\"https:\\\/\\\/marktxxl.de\\\/markt\\\/wp-content\\\/uploads\\\/sites\\\/3\\\/2020\\\/12\\\/logo.png\",\"contentUrl\":\"https:\\\/\\\/marktxxl.de\\\/markt\\\/wp-content\\\/uploads\\\/sites\\\/3\\\/2020\\\/12\\\/logo.png\",\"width\":200,\"height\":70,\"caption\":\"Markt-XXL\"},\"image\":{\"@id\":\"https:\\\/\\\/marktxxl.de\\\/markt\\\/#\\\/schema\\\/logo\\\/image\\\/\"}}]}<\/script>\n<!-- \/ Yoast SEO plugin. -->","yoast_head_json":{"title":"TacStealth Handschellen aus Stahl mit zwei Schl\u00fcsseln und Handschellen-Etui, robust, Schwarz und Silber, professionelle\u2026 - Markt-XXL","description":"Markt-XXL TacStealth Handschellen aus Stahl mit zwei Schl\u00fcsseln und Handschellen-Etui, robust, Schwarz und Silber, professionelle\u2026","robots":{"index":"index","follow":"follow","max-snippet":"max-snippet:-1","max-image-preview":"max-image-preview:large","max-video-preview":"max-video-preview:-1"},"canonical":"https:\/\/marktxxl.de\/markt\/produkt\/tacstealth-handschellen-aus-stahl-mit-zwei-schluesseln-und-handschellen-etui-robust-schwarz-und-silber-professionelle-qualitaet-biegsam-bruchfrei-sichere-fessel\/","og_locale":"de_DE","og_type":"article","og_title":"TacStealth Handschellen aus Stahl mit zwei Schl\u00fcsseln und Handschellen-Etui, robust, Schwarz und Silber, professionelle\u2026 - Markt-XXL","og_description":"Markt-XXL TacStealth Handschellen aus Stahl mit zwei Schl\u00fcsseln und Handschellen-Etui, robust, Schwarz und Silber, professionelle\u2026","og_url":"https:\/\/marktxxl.de\/markt\/produkt\/tacstealth-handschellen-aus-stahl-mit-zwei-schluesseln-und-handschellen-etui-robust-schwarz-und-silber-professionelle-qualitaet-biegsam-bruchfrei-sichere-fessel\/","og_site_name":"Markt-XXL","article_modified_time":"2023-04-11T02:37:25+00:00","og_image":[{"width":500,"height":500,"url":"https:\/\/m.media-amazon.com\/images\/I\/515npvbWWjL._SL500_.jpg","type":"image\/jpeg"}],"twitter_card":"summary_large_image","twitter_misc":{"Gesch\u00e4tzte Lesezeit":"2\u00a0Minuten"},"schema":{"@context":"https:\/\/schema.org","@graph":[{"@type":"WebPage","@id":"https:\/\/marktxxl.de\/markt\/produkt\/tacstealth-handschellen-aus-stahl-mit-zwei-schluesseln-und-handschellen-etui-robust-schwarz-und-silber-professionelle-qualitaet-biegsam-bruchfrei-sichere-fessel\/","url":"https:\/\/marktxxl.de\/markt\/produkt\/tacstealth-handschellen-aus-stahl-mit-zwei-schluesseln-und-handschellen-etui-robust-schwarz-und-silber-professionelle-qualitaet-biegsam-bruchfrei-sichere-fessel\/","name":"TacStealth Handschellen aus Stahl mit zwei Schl\u00fcsseln und Handschellen-Etui, robust, Schwarz und Silber, professionelle\u2026 - Markt-XXL","isPartOf":{"@id":"https:\/\/marktxxl.de\/markt\/#website"},"primaryImageOfPage":{"@id":"https:\/\/marktxxl.de\/markt\/produkt\/tacstealth-handschellen-aus-stahl-mit-zwei-schluesseln-und-handschellen-etui-robust-schwarz-und-silber-professionelle-qualitaet-biegsam-bruchfrei-sichere-fessel\/#primaryimage"},"image":{"@id":"https:\/\/marktxxl.de\/markt\/produkt\/tacstealth-handschellen-aus-stahl-mit-zwei-schluesseln-und-handschellen-etui-robust-schwarz-und-silber-professionelle-qualitaet-biegsam-bruchfrei-sichere-fessel\/#primaryimage"},"thumbnailUrl":"https:\/\/m.media-amazon.com\/images\/I\/515npvbWWjL._SL500_.jpg","datePublished":"2022-10-11T18:49:11+00:00","dateModified":"2023-04-11T02:37:25+00:00","description":"Markt-XXL TacStealth Handschellen aus Stahl mit zwei Schl\u00fcsseln und Handschellen-Etui, robust, Schwarz und Silber, professionelle\u2026","breadcrumb":{"@id":"https:\/\/marktxxl.de\/markt\/produkt\/tacstealth-handschellen-aus-stahl-mit-zwei-schluesseln-und-handschellen-etui-robust-schwarz-und-silber-professionelle-qualitaet-biegsam-bruchfrei-sichere-fessel\/#breadcrumb"},"inLanguage":"de","potentialAction":[{"@type":"ReadAction","target":["https:\/\/marktxxl.de\/markt\/produkt\/tacstealth-handschellen-aus-stahl-mit-zwei-schluesseln-und-handschellen-etui-robust-schwarz-und-silber-professionelle-qualitaet-biegsam-bruchfrei-sichere-fessel\/"]}]},{"@type":"ImageObject","inLanguage":"de","@id":"https:\/\/marktxxl.de\/markt\/produkt\/tacstealth-handschellen-aus-stahl-mit-zwei-schluesseln-und-handschellen-etui-robust-schwarz-und-silber-professionelle-qualitaet-biegsam-bruchfrei-sichere-fessel\/#primaryimage","url":"https:\/\/m.media-amazon.com\/images\/I\/515npvbWWjL._SL500_.jpg","contentUrl":"https:\/\/m.media-amazon.com\/images\/I\/515npvbWWjL._SL500_.jpg","width":500,"height":500},{"@type":"BreadcrumbList","@id":"https:\/\/marktxxl.de\/markt\/produkt\/tacstealth-handschellen-aus-stahl-mit-zwei-schluesseln-und-handschellen-etui-robust-schwarz-und-silber-professionelle-qualitaet-biegsam-bruchfrei-sichere-fessel\/#breadcrumb","itemListElement":[{"@type":"ListItem","position":1,"name":"Startseite","item":"https:\/\/marktxxl.de\/markt\/"},{"@type":"ListItem","position":2,"name":"Markt","item":"https:\/\/marktxxl.de\/markt\/"},{"@type":"ListItem","position":3,"name":"TacStealth Handschellen aus Stahl mit zwei Schl\u00fcsseln und Handschellen-Etui, robust, Schwarz und Silber, professionelle\u2026"}]},{"@type":"WebSite","@id":"https:\/\/marktxxl.de\/markt\/#website","url":"https:\/\/marktxxl.de\/markt\/","name":"Markt-XXL","description":"Ihr Markt Online","publisher":{"@id":"https:\/\/marktxxl.de\/markt\/#organization"},"potentialAction":[{"@type":"SearchAction","target":{"@type":"EntryPoint","urlTemplate":"https:\/\/marktxxl.de\/markt\/?s={search_term_string}"},"query-input":{"@type":"PropertyValueSpecification","valueRequired":true,"valueName":"search_term_string"}}],"inLanguage":"de"},{"@type":"Organization","@id":"https:\/\/marktxxl.de\/markt\/#organization","name":"Markt-XXL","url":"https:\/\/marktxxl.de\/markt\/","logo":{"@type":"ImageObject","inLanguage":"de","@id":"https:\/\/marktxxl.de\/markt\/#\/schema\/logo\/image\/","url":"https:\/\/marktxxl.de\/markt\/wp-content\/uploads\/sites\/3\/2020\/12\/logo.png","contentUrl":"https:\/\/marktxxl.de\/markt\/wp-content\/uploads\/sites\/3\/2020\/12\/logo.png","width":200,"height":70,"caption":"Markt-XXL"},"image":{"@id":"https:\/\/marktxxl.de\/markt\/#\/schema\/logo\/image\/"}}]}},"_links":{"self":[{"href":"https:\/\/marktxxl.de\/markt\/wp-json\/wp\/v2\/product\/155551","targetHints":{"allow":["GET"]}}],"collection":[{"href":"https:\/\/marktxxl.de\/markt\/wp-json\/wp\/v2\/product"}],"about":[{"href":"https:\/\/marktxxl.de\/markt\/wp-json\/wp\/v2\/types\/product"}],"replies":[{"embeddable":true,"href":"https:\/\/marktxxl.de\/markt\/wp-json\/wp\/v2\/comments?post=155551"}],"wp:featuredmedia":[{"embeddable":true,"href":"https:\/\/marktxxl.de\/markt\/wp-json\/wp\/v2\/media\/155552"}],"wp:attachment":[{"href":"https:\/\/marktxxl.de\/markt\/wp-json\/wp\/v2\/media?parent=155551"}],"wp:term":[{"taxonomy":"product_brand","embeddable":true,"href":"https:\/\/marktxxl.de\/markt\/wp-json\/wp\/v2\/product_brand?post=155551"},{"taxonomy":"product_cat","embeddable":true,"href":"https:\/\/marktxxl.de\/markt\/wp-json\/wp\/v2\/product_cat?post=155551"},{"taxonomy":"product_tag","embeddable":true,"href":"https:\/\/marktxxl.de\/markt\/wp-json\/wp\/v2\/product_tag?post=155551"}],"curies":[{"name":"wp","href":"https:\/\/api.w.org\/{rel}","templated":true}]}}