{"id":155315,"date":"2022-10-11T20:19:35","date_gmt":"2022-10-11T18:19:35","guid":{"rendered":"https:\/\/marktxxl.de\/markt\/produkt\/love-you-sexy-damen-dessous-set-aus-spitze-spitzen-bh-und-hoeschen-mit-umguertetem-3-teiligem-set\/"},"modified":"2023-04-10T04:42:22","modified_gmt":"2023-04-10T02:42:22","slug":"love-you-sexy-damen-dessous-set-aus-spitze-spitzen-bh-und-hoeschen-mit-umguertetem-3-teiligem-set","status":"publish","type":"product","link":"https:\/\/marktxxl.de\/markt\/produkt\/love-you-sexy-damen-dessous-set-aus-spitze-spitzen-bh-und-hoeschen-mit-umguertetem-3-teiligem-set\/","title":{"rendered":"LOVE YOU SEXY Damen-Dessous-Set aus Spitze, Spitzen-BH und H\u00f6schen mit umg\u00fcrtetem 3-teiligem Set"},"content":{"rendered":"<p>Die einzigen Dessous von LOVE YOU SEXY finden Sie hier! Besuchen Sie unseren Webshop hier f\u00fcr weitere hochwertige, sch\u00f6ne Designs. Die Gesamtlieferzeit betr\u00e4gt ca. 7-14 Tage.<br \/>\nEin ganz neues Niveau von h\u00fcbsch trifft bequem in einem \u2013 dieser B\u00fcgel-BH und schillernde Strassschleifendetails, dehnbare, superweiche Spitze und ultraleichte Mesh-Polsterung verbessern Ihre nat\u00fcrliche Form mit sanfter Unterst\u00fctzung. Ein tiefer V-Ausschnitt, perfekt f\u00fcr tief ausgeschnittene Oberteile, der das Dekollet\u00e9 zeigt, das Sie lieben, und Spitzenkanten, die unter der Kleidung verschwinden und Ihnen ein einzigartiges und feminines Gef\u00fchl verleihen. Hellen Sie Ihre Aussicht sofort auf.<br \/>\nModische Dessous mit Sch\u00f6nheit und St\u00e4rke im Herzen, die verf\u00fchrerische Texturen mit einem waghalsigen Gef\u00fchl kombinieren, das Sinnlichkeit neu definieren soll. Weniger ist mehr in diesem kaum sichtbaren G-String, hautfreier Effekt oder jeder, der die kleinen Dinge sch\u00e4tzt: Ein durchsichtiger Blumenbesatz mit einer sch\u00f6nen Mischung aus Schleifendetails ist mit komplizierten Akzenten geschm\u00fcckt, die Sie auch lieben werden. Bonus: Unsere Spitze besteht zu 100 % aus recycelten Garnen.<br \/>\nF\u00fcr den r\u00fcckenfreien G-String, den Hautentbl\u00f6\u00dfungseffekt oder alle, die die kleinen Dinge sch\u00e4tzen: Ein durchsichtiger Blumenbesatz mit einer wundersch\u00f6nen Mischung aus schillernden Schleifendetails aus Strass ist mit komplizierten Akzenten geschm\u00fcckt, die Sie nicht missen m\u00f6chten. Bonus: Unsere Spitze besteht zu 100 % aus recycelten Garnen.<br \/>\nUNSERE GARANTIE: Wenn unsere Dessous Ihren Anforderungen nicht entsprechen, senden Sie sie bitte f\u00fcr eine vollst\u00e4ndige R\u00fcckerstattung zur\u00fcck oder kontaktieren Sie uns f\u00fcr Hilfe. Es ist uns eine Ehre, Sie zufrieden zu stellen. Farben k\u00f6nnen aufgrund von Computerbildschirm- und Monitoreinstellungen unterschiedlich erscheinen. Unser passendes Modell hat K\u00f6rbchengr\u00f6\u00dfe 70C, Brustumfang: 35 Zoll, Taille: 25 Zoll, H\u00fcfte: 35 Zoll, sie modelliert S\/70B Genie\u00dfen Sie unsere Dessous.<br \/>\n<div class=\"main-cross-sell\" data-asin=\"B0B1KSSCYY\">\n\n\t<div class=\"WooZone-cross-sell-loader\">\n\t\t<div>\n\t\t\t<div id=\"floatingBarsG\">\n\t\t\t\t<div class=\"blockG\" id=\"rotateG_01\"><\/div>\n\t\t\t\t<div class=\"blockG\" id=\"rotateG_02\"><\/div>\n\t\t\t\t<div class=\"blockG\" id=\"rotateG_03\"><\/div>\n\t\t\t\t<div class=\"blockG\" id=\"rotateG_04\"><\/div>\n\t\t\t\t<div class=\"blockG\" id=\"rotateG_05\"><\/div>\n\t\t\t\t<div class=\"blockG\" id=\"rotateG_06\"><\/div>\n\t\t\t\t<div class=\"blockG\" id=\"rotateG_07\"><\/div>\n\t\t\t\t<div class=\"blockG\" id=\"rotateG_08\"><\/div>\n\t\t\t<\/div>\n\t\t\t<div class=\"WooZone-cross-sell-loader-text\"><\/div>\n\t\t<\/div>\n\t<\/div>\n\n\t\t\n<\/div>\n<div style=\"clear:both;\"><\/div><\/p>\n","protected":false},"excerpt":{"rendered":"<p>Die einzigen Dessous von LOVE YOU SEXY finden Sie hier! Besuchen Sie unseren Webshop hier f\u00fcr weitere hochwertige, sch\u00f6ne Designs. Die Gesamtlieferzeit betr\u00e4gt ca. 7-14 Tage.<br \/>\nEin ganz neues Niveau von h\u00fcbsch trifft bequem in einem \u2013 dieser B\u00fcgel-BH und schillernde Strassschleifendetails, dehnbare, superweiche Spitze und ultraleichte Mesh-Polsterung verbessern Ihre nat\u00fcrliche Form mit sanfter Unterst\u00fctzung. Ein tiefer V-Ausschnitt, perfekt f\u00fcr tief ausgeschnittene Oberteile, der das Dekollet\u00e9 zeigt, das Sie lieben, und Spitzenkanten, die unter der Kleidung verschwinden und Ihnen ein einzigartiges und feminines Gef\u00fchl verleihen. Hellen Sie Ihre Aussicht sofort auf.<br \/>\nModische Dessous mit Sch\u00f6nheit und St\u00e4rke im Herzen, die verf\u00fchrerische Texturen mit einem waghalsigen Gef\u00fchl kombinieren, das Sinnlichkeit neu definieren soll. Weniger ist mehr in diesem kaum sichtbaren G-String, hautfreier Effekt oder jeder, der die kleinen Dinge sch\u00e4tzt: Ein durchsichtiger Blumenbesatz mit einer sch\u00f6nen Mischung aus Schleifendetails ist mit komplizierten Akzenten geschm\u00fcckt, die Sie auch lieben werden. Bonus: Unsere Spitze besteht zu 100 % aus recycelten Garnen.<\/p>\n","protected":false},"featured_media":155316,"comment_status":"open","ping_status":"closed","template":"","meta":[],"product_brand":[],"product_cat":[652],"product_tag":[],"class_list":{"0":"post-155315","1":"product","2":"type-product","3":"status-publish","4":"has-post-thumbnail","6":"product_cat-erotik-markt-xxl","7":"pa_binding-textilien","8":"pa_brand-love-you-sexy","9":"pa_manufacturer-love-you-sexy","11":"first","12":"instock","13":"shipping-taxable","14":"purchasable","15":"product-type-simple","16":"customify-col","17":"product-has-gallery"},"yoast_head":"<!-- This site is optimized with the Yoast SEO plugin v27.4 - https:\/\/yoast.com\/product\/yoast-seo-wordpress\/ -->\n<title>LOVE YOU SEXY Damen-Dessous-Set aus Spitze, Spitzen-BH und H\u00f6schen mit umg\u00fcrtetem 3-teiligem Set - Markt-XXL<\/title>\n<meta name=\"description\" content=\"Markt-XXL LOVE YOU SEXY Damen-Dessous-Set aus Spitze, Spitzen-BH und H\u00f6schen mit umg\u00fcrtetem 3-teiligem Set\" \/>\n<meta name=\"robots\" content=\"index, follow, max-snippet:-1, max-image-preview:large, max-video-preview:-1\" \/>\n<link rel=\"canonical\" href=\"https:\/\/marktxxl.de\/markt\/produkt\/love-you-sexy-damen-dessous-set-aus-spitze-spitzen-bh-und-hoeschen-mit-umguertetem-3-teiligem-set\/\" \/>\n<meta property=\"og:locale\" content=\"de_DE\" \/>\n<meta property=\"og:type\" content=\"article\" \/>\n<meta property=\"og:title\" content=\"LOVE YOU SEXY Damen-Dessous-Set aus Spitze, Spitzen-BH und H\u00f6schen mit umg\u00fcrtetem 3-teiligem Set - Markt-XXL\" \/>\n<meta property=\"og:description\" content=\"Markt-XXL LOVE YOU SEXY Damen-Dessous-Set aus Spitze, Spitzen-BH und H\u00f6schen mit umg\u00fcrtetem 3-teiligem Set\" \/>\n<meta property=\"og:url\" content=\"https:\/\/marktxxl.de\/markt\/produkt\/love-you-sexy-damen-dessous-set-aus-spitze-spitzen-bh-und-hoeschen-mit-umguertetem-3-teiligem-set\/\" \/>\n<meta property=\"og:site_name\" content=\"Markt-XXL\" \/>\n<meta property=\"article:modified_time\" content=\"2023-04-10T02:42:22+00:00\" \/>\n<meta property=\"og:image\" content=\"https:\/\/m.media-amazon.com\/images\/I\/41GtOvqGY6L._SL500_.jpg\" \/>\n\t<meta property=\"og:image:width\" content=\"385\" \/>\n\t<meta property=\"og:image:height\" content=\"500\" \/>\n\t<meta property=\"og:image:type\" content=\"image\/jpeg\" \/>\n<meta name=\"twitter:card\" content=\"summary_large_image\" \/>\n<meta name=\"twitter:label1\" content=\"Gesch\u00e4tzte Lesezeit\" \/>\n\t<meta name=\"twitter:data1\" content=\"2\u00a0Minuten\" \/>\n<script type=\"application\/ld+json\" class=\"yoast-schema-graph\">{\"@context\":\"https:\\\/\\\/schema.org\",\"@graph\":[{\"@type\":\"WebPage\",\"@id\":\"https:\\\/\\\/marktxxl.de\\\/markt\\\/produkt\\\/love-you-sexy-damen-dessous-set-aus-spitze-spitzen-bh-und-hoeschen-mit-umguertetem-3-teiligem-set\\\/\",\"url\":\"https:\\\/\\\/marktxxl.de\\\/markt\\\/produkt\\\/love-you-sexy-damen-dessous-set-aus-spitze-spitzen-bh-und-hoeschen-mit-umguertetem-3-teiligem-set\\\/\",\"name\":\"LOVE YOU SEXY Damen-Dessous-Set aus Spitze, Spitzen-BH und H\u00f6schen mit umg\u00fcrtetem 3-teiligem Set - Markt-XXL\",\"isPartOf\":{\"@id\":\"https:\\\/\\\/marktxxl.de\\\/markt\\\/#website\"},\"primaryImageOfPage\":{\"@id\":\"https:\\\/\\\/marktxxl.de\\\/markt\\\/produkt\\\/love-you-sexy-damen-dessous-set-aus-spitze-spitzen-bh-und-hoeschen-mit-umguertetem-3-teiligem-set\\\/#primaryimage\"},\"image\":{\"@id\":\"https:\\\/\\\/marktxxl.de\\\/markt\\\/produkt\\\/love-you-sexy-damen-dessous-set-aus-spitze-spitzen-bh-und-hoeschen-mit-umguertetem-3-teiligem-set\\\/#primaryimage\"},\"thumbnailUrl\":\"https:\\\/\\\/m.media-amazon.com\\\/images\\\/I\\\/41GtOvqGY6L._SL500_.jpg\",\"datePublished\":\"2022-10-11T18:19:35+00:00\",\"dateModified\":\"2023-04-10T02:42:22+00:00\",\"description\":\"Markt-XXL LOVE YOU SEXY Damen-Dessous-Set aus Spitze, Spitzen-BH und H\u00f6schen mit umg\u00fcrtetem 3-teiligem Set\",\"breadcrumb\":{\"@id\":\"https:\\\/\\\/marktxxl.de\\\/markt\\\/produkt\\\/love-you-sexy-damen-dessous-set-aus-spitze-spitzen-bh-und-hoeschen-mit-umguertetem-3-teiligem-set\\\/#breadcrumb\"},\"inLanguage\":\"de\",\"potentialAction\":[{\"@type\":\"ReadAction\",\"target\":[\"https:\\\/\\\/marktxxl.de\\\/markt\\\/produkt\\\/love-you-sexy-damen-dessous-set-aus-spitze-spitzen-bh-und-hoeschen-mit-umguertetem-3-teiligem-set\\\/\"]}]},{\"@type\":\"ImageObject\",\"inLanguage\":\"de\",\"@id\":\"https:\\\/\\\/marktxxl.de\\\/markt\\\/produkt\\\/love-you-sexy-damen-dessous-set-aus-spitze-spitzen-bh-und-hoeschen-mit-umguertetem-3-teiligem-set\\\/#primaryimage\",\"url\":\"https:\\\/\\\/m.media-amazon.com\\\/images\\\/I\\\/41GtOvqGY6L._SL500_.jpg\",\"contentUrl\":\"https:\\\/\\\/m.media-amazon.com\\\/images\\\/I\\\/41GtOvqGY6L._SL500_.jpg\",\"width\":385,\"height\":500},{\"@type\":\"BreadcrumbList\",\"@id\":\"https:\\\/\\\/marktxxl.de\\\/markt\\\/produkt\\\/love-you-sexy-damen-dessous-set-aus-spitze-spitzen-bh-und-hoeschen-mit-umguertetem-3-teiligem-set\\\/#breadcrumb\",\"itemListElement\":[{\"@type\":\"ListItem\",\"position\":1,\"name\":\"Startseite\",\"item\":\"https:\\\/\\\/marktxxl.de\\\/markt\\\/\"},{\"@type\":\"ListItem\",\"position\":2,\"name\":\"Markt\",\"item\":\"https:\\\/\\\/marktxxl.de\\\/markt\\\/\"},{\"@type\":\"ListItem\",\"position\":3,\"name\":\"LOVE YOU SEXY Damen-Dessous-Set aus Spitze, Spitzen-BH und H\u00f6schen mit umg\u00fcrtetem 3-teiligem Set\"}]},{\"@type\":\"WebSite\",\"@id\":\"https:\\\/\\\/marktxxl.de\\\/markt\\\/#website\",\"url\":\"https:\\\/\\\/marktxxl.de\\\/markt\\\/\",\"name\":\"Markt-XXL\",\"description\":\"Ihr Markt Online\",\"publisher\":{\"@id\":\"https:\\\/\\\/marktxxl.de\\\/markt\\\/#organization\"},\"potentialAction\":[{\"@type\":\"SearchAction\",\"target\":{\"@type\":\"EntryPoint\",\"urlTemplate\":\"https:\\\/\\\/marktxxl.de\\\/markt\\\/?s={search_term_string}\"},\"query-input\":{\"@type\":\"PropertyValueSpecification\",\"valueRequired\":true,\"valueName\":\"search_term_string\"}}],\"inLanguage\":\"de\"},{\"@type\":\"Organization\",\"@id\":\"https:\\\/\\\/marktxxl.de\\\/markt\\\/#organization\",\"name\":\"Markt-XXL\",\"url\":\"https:\\\/\\\/marktxxl.de\\\/markt\\\/\",\"logo\":{\"@type\":\"ImageObject\",\"inLanguage\":\"de\",\"@id\":\"https:\\\/\\\/marktxxl.de\\\/markt\\\/#\\\/schema\\\/logo\\\/image\\\/\",\"url\":\"https:\\\/\\\/marktxxl.de\\\/markt\\\/wp-content\\\/uploads\\\/sites\\\/3\\\/2020\\\/12\\\/logo.png\",\"contentUrl\":\"https:\\\/\\\/marktxxl.de\\\/markt\\\/wp-content\\\/uploads\\\/sites\\\/3\\\/2020\\\/12\\\/logo.png\",\"width\":200,\"height\":70,\"caption\":\"Markt-XXL\"},\"image\":{\"@id\":\"https:\\\/\\\/marktxxl.de\\\/markt\\\/#\\\/schema\\\/logo\\\/image\\\/\"}}]}<\/script>\n<!-- \/ Yoast SEO plugin. -->","yoast_head_json":{"title":"LOVE YOU SEXY Damen-Dessous-Set aus Spitze, Spitzen-BH und H\u00f6schen mit umg\u00fcrtetem 3-teiligem Set - Markt-XXL","description":"Markt-XXL LOVE YOU SEXY Damen-Dessous-Set aus Spitze, Spitzen-BH und H\u00f6schen mit umg\u00fcrtetem 3-teiligem Set","robots":{"index":"index","follow":"follow","max-snippet":"max-snippet:-1","max-image-preview":"max-image-preview:large","max-video-preview":"max-video-preview:-1"},"canonical":"https:\/\/marktxxl.de\/markt\/produkt\/love-you-sexy-damen-dessous-set-aus-spitze-spitzen-bh-und-hoeschen-mit-umguertetem-3-teiligem-set\/","og_locale":"de_DE","og_type":"article","og_title":"LOVE YOU SEXY Damen-Dessous-Set aus Spitze, Spitzen-BH und H\u00f6schen mit umg\u00fcrtetem 3-teiligem Set - Markt-XXL","og_description":"Markt-XXL LOVE YOU SEXY Damen-Dessous-Set aus Spitze, Spitzen-BH und H\u00f6schen mit umg\u00fcrtetem 3-teiligem Set","og_url":"https:\/\/marktxxl.de\/markt\/produkt\/love-you-sexy-damen-dessous-set-aus-spitze-spitzen-bh-und-hoeschen-mit-umguertetem-3-teiligem-set\/","og_site_name":"Markt-XXL","article_modified_time":"2023-04-10T02:42:22+00:00","og_image":[{"width":385,"height":500,"url":"https:\/\/m.media-amazon.com\/images\/I\/41GtOvqGY6L._SL500_.jpg","type":"image\/jpeg"}],"twitter_card":"summary_large_image","twitter_misc":{"Gesch\u00e4tzte Lesezeit":"2\u00a0Minuten"},"schema":{"@context":"https:\/\/schema.org","@graph":[{"@type":"WebPage","@id":"https:\/\/marktxxl.de\/markt\/produkt\/love-you-sexy-damen-dessous-set-aus-spitze-spitzen-bh-und-hoeschen-mit-umguertetem-3-teiligem-set\/","url":"https:\/\/marktxxl.de\/markt\/produkt\/love-you-sexy-damen-dessous-set-aus-spitze-spitzen-bh-und-hoeschen-mit-umguertetem-3-teiligem-set\/","name":"LOVE YOU SEXY Damen-Dessous-Set aus Spitze, Spitzen-BH und H\u00f6schen mit umg\u00fcrtetem 3-teiligem Set - Markt-XXL","isPartOf":{"@id":"https:\/\/marktxxl.de\/markt\/#website"},"primaryImageOfPage":{"@id":"https:\/\/marktxxl.de\/markt\/produkt\/love-you-sexy-damen-dessous-set-aus-spitze-spitzen-bh-und-hoeschen-mit-umguertetem-3-teiligem-set\/#primaryimage"},"image":{"@id":"https:\/\/marktxxl.de\/markt\/produkt\/love-you-sexy-damen-dessous-set-aus-spitze-spitzen-bh-und-hoeschen-mit-umguertetem-3-teiligem-set\/#primaryimage"},"thumbnailUrl":"https:\/\/m.media-amazon.com\/images\/I\/41GtOvqGY6L._SL500_.jpg","datePublished":"2022-10-11T18:19:35+00:00","dateModified":"2023-04-10T02:42:22+00:00","description":"Markt-XXL LOVE YOU SEXY Damen-Dessous-Set aus Spitze, Spitzen-BH und H\u00f6schen mit umg\u00fcrtetem 3-teiligem Set","breadcrumb":{"@id":"https:\/\/marktxxl.de\/markt\/produkt\/love-you-sexy-damen-dessous-set-aus-spitze-spitzen-bh-und-hoeschen-mit-umguertetem-3-teiligem-set\/#breadcrumb"},"inLanguage":"de","potentialAction":[{"@type":"ReadAction","target":["https:\/\/marktxxl.de\/markt\/produkt\/love-you-sexy-damen-dessous-set-aus-spitze-spitzen-bh-und-hoeschen-mit-umguertetem-3-teiligem-set\/"]}]},{"@type":"ImageObject","inLanguage":"de","@id":"https:\/\/marktxxl.de\/markt\/produkt\/love-you-sexy-damen-dessous-set-aus-spitze-spitzen-bh-und-hoeschen-mit-umguertetem-3-teiligem-set\/#primaryimage","url":"https:\/\/m.media-amazon.com\/images\/I\/41GtOvqGY6L._SL500_.jpg","contentUrl":"https:\/\/m.media-amazon.com\/images\/I\/41GtOvqGY6L._SL500_.jpg","width":385,"height":500},{"@type":"BreadcrumbList","@id":"https:\/\/marktxxl.de\/markt\/produkt\/love-you-sexy-damen-dessous-set-aus-spitze-spitzen-bh-und-hoeschen-mit-umguertetem-3-teiligem-set\/#breadcrumb","itemListElement":[{"@type":"ListItem","position":1,"name":"Startseite","item":"https:\/\/marktxxl.de\/markt\/"},{"@type":"ListItem","position":2,"name":"Markt","item":"https:\/\/marktxxl.de\/markt\/"},{"@type":"ListItem","position":3,"name":"LOVE YOU SEXY Damen-Dessous-Set aus Spitze, Spitzen-BH und H\u00f6schen mit umg\u00fcrtetem 3-teiligem Set"}]},{"@type":"WebSite","@id":"https:\/\/marktxxl.de\/markt\/#website","url":"https:\/\/marktxxl.de\/markt\/","name":"Markt-XXL","description":"Ihr Markt Online","publisher":{"@id":"https:\/\/marktxxl.de\/markt\/#organization"},"potentialAction":[{"@type":"SearchAction","target":{"@type":"EntryPoint","urlTemplate":"https:\/\/marktxxl.de\/markt\/?s={search_term_string}"},"query-input":{"@type":"PropertyValueSpecification","valueRequired":true,"valueName":"search_term_string"}}],"inLanguage":"de"},{"@type":"Organization","@id":"https:\/\/marktxxl.de\/markt\/#organization","name":"Markt-XXL","url":"https:\/\/marktxxl.de\/markt\/","logo":{"@type":"ImageObject","inLanguage":"de","@id":"https:\/\/marktxxl.de\/markt\/#\/schema\/logo\/image\/","url":"https:\/\/marktxxl.de\/markt\/wp-content\/uploads\/sites\/3\/2020\/12\/logo.png","contentUrl":"https:\/\/marktxxl.de\/markt\/wp-content\/uploads\/sites\/3\/2020\/12\/logo.png","width":200,"height":70,"caption":"Markt-XXL"},"image":{"@id":"https:\/\/marktxxl.de\/markt\/#\/schema\/logo\/image\/"}}]}},"_links":{"self":[{"href":"https:\/\/marktxxl.de\/markt\/wp-json\/wp\/v2\/product\/155315","targetHints":{"allow":["GET"]}}],"collection":[{"href":"https:\/\/marktxxl.de\/markt\/wp-json\/wp\/v2\/product"}],"about":[{"href":"https:\/\/marktxxl.de\/markt\/wp-json\/wp\/v2\/types\/product"}],"replies":[{"embeddable":true,"href":"https:\/\/marktxxl.de\/markt\/wp-json\/wp\/v2\/comments?post=155315"}],"wp:featuredmedia":[{"embeddable":true,"href":"https:\/\/marktxxl.de\/markt\/wp-json\/wp\/v2\/media\/155316"}],"wp:attachment":[{"href":"https:\/\/marktxxl.de\/markt\/wp-json\/wp\/v2\/media?parent=155315"}],"wp:term":[{"taxonomy":"product_brand","embeddable":true,"href":"https:\/\/marktxxl.de\/markt\/wp-json\/wp\/v2\/product_brand?post=155315"},{"taxonomy":"product_cat","embeddable":true,"href":"https:\/\/marktxxl.de\/markt\/wp-json\/wp\/v2\/product_cat?post=155315"},{"taxonomy":"product_tag","embeddable":true,"href":"https:\/\/marktxxl.de\/markt\/wp-json\/wp\/v2\/product_tag?post=155315"}],"curies":[{"name":"wp","href":"https:\/\/api.w.org\/{rel}","templated":true}]}}