{"id":155071,"date":"2022-09-12T11:28:21","date_gmt":"2022-09-12T09:28:21","guid":{"rendered":"https:\/\/marktxxl.de\/markt\/produkt\/durex-nude-kondome-ohne-latex-hautgefuehl-gegen-haut-20-stueck\/"},"modified":"2023-04-10T04:42:19","modified_gmt":"2023-04-10T02:42:19","slug":"durex-nude-kondome-ohne-latex-hautgefuehl-gegen-haut-20-stueck","status":"publish","type":"product","link":"https:\/\/marktxxl.de\/markt\/produkt\/durex-nude-kondome-ohne-latex-hautgefuehl-gegen-haut-20-stueck\/","title":{"rendered":"Durex &#8211; Nude Kondome ohne Latex &#8211; Hautgef\u00fchl gegen Haut &#8211; 20 St\u00fcck"},"content":{"rendered":"<p>Latexfrei \u2013 Die Kondome sind transparent ohne Latex aus synthetischem Polystyrol f\u00fcr mehr Komfort und sein Gleitmittel ist aus weichem Silikon<br \/>\nKomfort \u2013 diese Nude Kondome haben eine gerade Form mit einem Reservoir f\u00fcr ein einfaches Anlegen des Kondoms und sorgen f\u00fcr mehr Komfort und Spa\u00df<br \/>\nF\u00fchlen \u2013 Nude Kondome sind transparent und aus Naturkautschuklatex f\u00fcr mehr Komfort und sind auf Silikonbasis geschmiert und haben einen angenehmen Geruch<br \/>\nOPTIMALE BREITE &#8211; Diese Kondome mit einer nominalen Breite von 56 mm wurden entwickelt, um das Gef\u00fchl zu maximieren und gleichzeitig ein hohes Ma\u00df an Sicherheit und Schutz zu bieten<br \/>\nQualit\u00e4t und Sicherheit \u2013 100 % unserer Kondome werden elektronisch getestet, um sicherzustellen, dass keine L\u00f6cher und Unvollkommenheiten vorhanden sind. Durex Einwegkondome haben mehr als 90 Jahre Erfahrung in der Herstellung von Kondomen. Heute ist Durex die weltweit f\u00fchrende Marke f\u00fcr Kondome<br \/>\n<div class=\"main-cross-sell\" data-asin=\"B09TTL2XM7\">\n\n\t<div class=\"WooZone-cross-sell-loader\">\n\t\t<div>\n\t\t\t<div id=\"floatingBarsG\">\n\t\t\t\t<div class=\"blockG\" id=\"rotateG_01\"><\/div>\n\t\t\t\t<div class=\"blockG\" id=\"rotateG_02\"><\/div>\n\t\t\t\t<div class=\"blockG\" id=\"rotateG_03\"><\/div>\n\t\t\t\t<div class=\"blockG\" id=\"rotateG_04\"><\/div>\n\t\t\t\t<div class=\"blockG\" id=\"rotateG_05\"><\/div>\n\t\t\t\t<div class=\"blockG\" id=\"rotateG_06\"><\/div>\n\t\t\t\t<div class=\"blockG\" id=\"rotateG_07\"><\/div>\n\t\t\t\t<div class=\"blockG\" id=\"rotateG_08\"><\/div>\n\t\t\t<\/div>\n\t\t\t<div class=\"WooZone-cross-sell-loader-text\"><\/div>\n\t\t<\/div>\n\t<\/div>\n\n\t\t\n<\/div>\n<div style=\"clear:both;\"><\/div><\/p>\n","protected":false},"excerpt":{"rendered":"<p>Latexfrei \u2013 Die Kondome sind transparent ohne Latex aus synthetischem Polystyrol f\u00fcr mehr Komfort und sein Gleitmittel ist aus weichem Silikon<br \/>\nKomfort \u2013 diese Nude Kondome haben eine gerade Form mit einem Reservoir f\u00fcr ein einfaches Anlegen des Kondoms und sorgen f\u00fcr mehr Komfort und Spa\u00df<br \/>\nF\u00fchlen \u2013 Nude Kondome sind transparent und aus Naturkautschuklatex f\u00fcr mehr Komfort und sind auf Silikonbasis geschmiert und haben einen angenehmen Geruch<\/p>\n","protected":false},"featured_media":155072,"comment_status":"open","ping_status":"closed","template":"","meta":[],"product_brand":[],"product_cat":[652],"product_tag":[],"class_list":{"0":"post-155071","1":"product","2":"type-product","3":"status-publish","4":"has-post-thumbnail","6":"product_cat-erotik-markt-xxl","7":"pa_binding-badartikel","8":"pa_brand-durex","9":"pa_color-weiss","10":"pa_manufacturer-reckitt-benckiser-france-personal-care-core","12":"first","13":"instock","14":"shipping-taxable","15":"purchasable","16":"product-type-simple","17":"customify-col","18":"product-has-gallery"},"yoast_head":"<!-- This site is optimized with the Yoast SEO plugin v27.4 - https:\/\/yoast.com\/product\/yoast-seo-wordpress\/ -->\n<title>Durex - Nude Kondome ohne Latex - Hautgef\u00fchl gegen Haut - 20 St\u00fcck - Markt-XXL<\/title>\n<meta name=\"description\" content=\"Markt-XXL Durex - Nude Kondome ohne Latex - Hautgef\u00fchl gegen Haut - 20 St\u00fcck\" \/>\n<meta name=\"robots\" content=\"index, follow, max-snippet:-1, max-image-preview:large, max-video-preview:-1\" \/>\n<link rel=\"canonical\" href=\"https:\/\/marktxxl.de\/markt\/produkt\/durex-nude-kondome-ohne-latex-hautgefuehl-gegen-haut-20-stueck\/\" \/>\n<meta property=\"og:locale\" content=\"de_DE\" \/>\n<meta property=\"og:type\" content=\"article\" \/>\n<meta property=\"og:title\" content=\"Durex - Nude Kondome ohne Latex - Hautgef\u00fchl gegen Haut - 20 St\u00fcck - Markt-XXL\" \/>\n<meta property=\"og:description\" content=\"Markt-XXL Durex - Nude Kondome ohne Latex - Hautgef\u00fchl gegen Haut - 20 St\u00fcck\" \/>\n<meta property=\"og:url\" content=\"https:\/\/marktxxl.de\/markt\/produkt\/durex-nude-kondome-ohne-latex-hautgefuehl-gegen-haut-20-stueck\/\" \/>\n<meta property=\"og:site_name\" content=\"Markt-XXL\" \/>\n<meta property=\"article:modified_time\" content=\"2023-04-10T02:42:19+00:00\" \/>\n<meta property=\"og:image\" content=\"https:\/\/m.media-amazon.com\/images\/I\/41MghUPMBDL._SL500_.jpg\" \/>\n\t<meta property=\"og:image:width\" content=\"500\" \/>\n\t<meta property=\"og:image:height\" content=\"500\" \/>\n\t<meta property=\"og:image:type\" content=\"image\/jpeg\" \/>\n<meta name=\"twitter:card\" content=\"summary_large_image\" \/>\n<meta name=\"twitter:label1\" content=\"Gesch\u00e4tzte Lesezeit\" \/>\n\t<meta name=\"twitter:data1\" content=\"1\u00a0Minute\" \/>\n<script type=\"application\/ld+json\" class=\"yoast-schema-graph\">{\"@context\":\"https:\\\/\\\/schema.org\",\"@graph\":[{\"@type\":\"WebPage\",\"@id\":\"https:\\\/\\\/marktxxl.de\\\/markt\\\/produkt\\\/durex-nude-kondome-ohne-latex-hautgefuehl-gegen-haut-20-stueck\\\/\",\"url\":\"https:\\\/\\\/marktxxl.de\\\/markt\\\/produkt\\\/durex-nude-kondome-ohne-latex-hautgefuehl-gegen-haut-20-stueck\\\/\",\"name\":\"Durex - Nude Kondome ohne Latex - Hautgef\u00fchl gegen Haut - 20 St\u00fcck - Markt-XXL\",\"isPartOf\":{\"@id\":\"https:\\\/\\\/marktxxl.de\\\/markt\\\/#website\"},\"primaryImageOfPage\":{\"@id\":\"https:\\\/\\\/marktxxl.de\\\/markt\\\/produkt\\\/durex-nude-kondome-ohne-latex-hautgefuehl-gegen-haut-20-stueck\\\/#primaryimage\"},\"image\":{\"@id\":\"https:\\\/\\\/marktxxl.de\\\/markt\\\/produkt\\\/durex-nude-kondome-ohne-latex-hautgefuehl-gegen-haut-20-stueck\\\/#primaryimage\"},\"thumbnailUrl\":\"https:\\\/\\\/m.media-amazon.com\\\/images\\\/I\\\/41MghUPMBDL._SL500_.jpg\",\"datePublished\":\"2022-09-12T09:28:21+00:00\",\"dateModified\":\"2023-04-10T02:42:19+00:00\",\"description\":\"Markt-XXL Durex - Nude Kondome ohne Latex - Hautgef\u00fchl gegen Haut - 20 St\u00fcck\",\"breadcrumb\":{\"@id\":\"https:\\\/\\\/marktxxl.de\\\/markt\\\/produkt\\\/durex-nude-kondome-ohne-latex-hautgefuehl-gegen-haut-20-stueck\\\/#breadcrumb\"},\"inLanguage\":\"de\",\"potentialAction\":[{\"@type\":\"ReadAction\",\"target\":[\"https:\\\/\\\/marktxxl.de\\\/markt\\\/produkt\\\/durex-nude-kondome-ohne-latex-hautgefuehl-gegen-haut-20-stueck\\\/\"]}]},{\"@type\":\"ImageObject\",\"inLanguage\":\"de\",\"@id\":\"https:\\\/\\\/marktxxl.de\\\/markt\\\/produkt\\\/durex-nude-kondome-ohne-latex-hautgefuehl-gegen-haut-20-stueck\\\/#primaryimage\",\"url\":\"https:\\\/\\\/m.media-amazon.com\\\/images\\\/I\\\/41MghUPMBDL._SL500_.jpg\",\"contentUrl\":\"https:\\\/\\\/m.media-amazon.com\\\/images\\\/I\\\/41MghUPMBDL._SL500_.jpg\",\"width\":500,\"height\":500},{\"@type\":\"BreadcrumbList\",\"@id\":\"https:\\\/\\\/marktxxl.de\\\/markt\\\/produkt\\\/durex-nude-kondome-ohne-latex-hautgefuehl-gegen-haut-20-stueck\\\/#breadcrumb\",\"itemListElement\":[{\"@type\":\"ListItem\",\"position\":1,\"name\":\"Startseite\",\"item\":\"https:\\\/\\\/marktxxl.de\\\/markt\\\/\"},{\"@type\":\"ListItem\",\"position\":2,\"name\":\"Markt\",\"item\":\"https:\\\/\\\/marktxxl.de\\\/markt\\\/\"},{\"@type\":\"ListItem\",\"position\":3,\"name\":\"Durex &#8211; Nude Kondome ohne Latex &#8211; Hautgef\u00fchl gegen Haut &#8211; 20 St\u00fcck\"}]},{\"@type\":\"WebSite\",\"@id\":\"https:\\\/\\\/marktxxl.de\\\/markt\\\/#website\",\"url\":\"https:\\\/\\\/marktxxl.de\\\/markt\\\/\",\"name\":\"Markt-XXL\",\"description\":\"Ihr Markt Online\",\"publisher\":{\"@id\":\"https:\\\/\\\/marktxxl.de\\\/markt\\\/#organization\"},\"potentialAction\":[{\"@type\":\"SearchAction\",\"target\":{\"@type\":\"EntryPoint\",\"urlTemplate\":\"https:\\\/\\\/marktxxl.de\\\/markt\\\/?s={search_term_string}\"},\"query-input\":{\"@type\":\"PropertyValueSpecification\",\"valueRequired\":true,\"valueName\":\"search_term_string\"}}],\"inLanguage\":\"de\"},{\"@type\":\"Organization\",\"@id\":\"https:\\\/\\\/marktxxl.de\\\/markt\\\/#organization\",\"name\":\"Markt-XXL\",\"url\":\"https:\\\/\\\/marktxxl.de\\\/markt\\\/\",\"logo\":{\"@type\":\"ImageObject\",\"inLanguage\":\"de\",\"@id\":\"https:\\\/\\\/marktxxl.de\\\/markt\\\/#\\\/schema\\\/logo\\\/image\\\/\",\"url\":\"https:\\\/\\\/marktxxl.de\\\/markt\\\/wp-content\\\/uploads\\\/sites\\\/3\\\/2020\\\/12\\\/logo.png\",\"contentUrl\":\"https:\\\/\\\/marktxxl.de\\\/markt\\\/wp-content\\\/uploads\\\/sites\\\/3\\\/2020\\\/12\\\/logo.png\",\"width\":200,\"height\":70,\"caption\":\"Markt-XXL\"},\"image\":{\"@id\":\"https:\\\/\\\/marktxxl.de\\\/markt\\\/#\\\/schema\\\/logo\\\/image\\\/\"}}]}<\/script>\n<!-- \/ Yoast SEO plugin. -->","yoast_head_json":{"title":"Durex - Nude Kondome ohne Latex - Hautgef\u00fchl gegen Haut - 20 St\u00fcck - Markt-XXL","description":"Markt-XXL Durex - Nude Kondome ohne Latex - Hautgef\u00fchl gegen Haut - 20 St\u00fcck","robots":{"index":"index","follow":"follow","max-snippet":"max-snippet:-1","max-image-preview":"max-image-preview:large","max-video-preview":"max-video-preview:-1"},"canonical":"https:\/\/marktxxl.de\/markt\/produkt\/durex-nude-kondome-ohne-latex-hautgefuehl-gegen-haut-20-stueck\/","og_locale":"de_DE","og_type":"article","og_title":"Durex - Nude Kondome ohne Latex - Hautgef\u00fchl gegen Haut - 20 St\u00fcck - Markt-XXL","og_description":"Markt-XXL Durex - Nude Kondome ohne Latex - Hautgef\u00fchl gegen Haut - 20 St\u00fcck","og_url":"https:\/\/marktxxl.de\/markt\/produkt\/durex-nude-kondome-ohne-latex-hautgefuehl-gegen-haut-20-stueck\/","og_site_name":"Markt-XXL","article_modified_time":"2023-04-10T02:42:19+00:00","og_image":[{"width":500,"height":500,"url":"https:\/\/m.media-amazon.com\/images\/I\/41MghUPMBDL._SL500_.jpg","type":"image\/jpeg"}],"twitter_card":"summary_large_image","twitter_misc":{"Gesch\u00e4tzte Lesezeit":"1\u00a0Minute"},"schema":{"@context":"https:\/\/schema.org","@graph":[{"@type":"WebPage","@id":"https:\/\/marktxxl.de\/markt\/produkt\/durex-nude-kondome-ohne-latex-hautgefuehl-gegen-haut-20-stueck\/","url":"https:\/\/marktxxl.de\/markt\/produkt\/durex-nude-kondome-ohne-latex-hautgefuehl-gegen-haut-20-stueck\/","name":"Durex - Nude Kondome ohne Latex - Hautgef\u00fchl gegen Haut - 20 St\u00fcck - Markt-XXL","isPartOf":{"@id":"https:\/\/marktxxl.de\/markt\/#website"},"primaryImageOfPage":{"@id":"https:\/\/marktxxl.de\/markt\/produkt\/durex-nude-kondome-ohne-latex-hautgefuehl-gegen-haut-20-stueck\/#primaryimage"},"image":{"@id":"https:\/\/marktxxl.de\/markt\/produkt\/durex-nude-kondome-ohne-latex-hautgefuehl-gegen-haut-20-stueck\/#primaryimage"},"thumbnailUrl":"https:\/\/m.media-amazon.com\/images\/I\/41MghUPMBDL._SL500_.jpg","datePublished":"2022-09-12T09:28:21+00:00","dateModified":"2023-04-10T02:42:19+00:00","description":"Markt-XXL Durex - Nude Kondome ohne Latex - Hautgef\u00fchl gegen Haut - 20 St\u00fcck","breadcrumb":{"@id":"https:\/\/marktxxl.de\/markt\/produkt\/durex-nude-kondome-ohne-latex-hautgefuehl-gegen-haut-20-stueck\/#breadcrumb"},"inLanguage":"de","potentialAction":[{"@type":"ReadAction","target":["https:\/\/marktxxl.de\/markt\/produkt\/durex-nude-kondome-ohne-latex-hautgefuehl-gegen-haut-20-stueck\/"]}]},{"@type":"ImageObject","inLanguage":"de","@id":"https:\/\/marktxxl.de\/markt\/produkt\/durex-nude-kondome-ohne-latex-hautgefuehl-gegen-haut-20-stueck\/#primaryimage","url":"https:\/\/m.media-amazon.com\/images\/I\/41MghUPMBDL._SL500_.jpg","contentUrl":"https:\/\/m.media-amazon.com\/images\/I\/41MghUPMBDL._SL500_.jpg","width":500,"height":500},{"@type":"BreadcrumbList","@id":"https:\/\/marktxxl.de\/markt\/produkt\/durex-nude-kondome-ohne-latex-hautgefuehl-gegen-haut-20-stueck\/#breadcrumb","itemListElement":[{"@type":"ListItem","position":1,"name":"Startseite","item":"https:\/\/marktxxl.de\/markt\/"},{"@type":"ListItem","position":2,"name":"Markt","item":"https:\/\/marktxxl.de\/markt\/"},{"@type":"ListItem","position":3,"name":"Durex &#8211; Nude Kondome ohne Latex &#8211; Hautgef\u00fchl gegen Haut &#8211; 20 St\u00fcck"}]},{"@type":"WebSite","@id":"https:\/\/marktxxl.de\/markt\/#website","url":"https:\/\/marktxxl.de\/markt\/","name":"Markt-XXL","description":"Ihr Markt Online","publisher":{"@id":"https:\/\/marktxxl.de\/markt\/#organization"},"potentialAction":[{"@type":"SearchAction","target":{"@type":"EntryPoint","urlTemplate":"https:\/\/marktxxl.de\/markt\/?s={search_term_string}"},"query-input":{"@type":"PropertyValueSpecification","valueRequired":true,"valueName":"search_term_string"}}],"inLanguage":"de"},{"@type":"Organization","@id":"https:\/\/marktxxl.de\/markt\/#organization","name":"Markt-XXL","url":"https:\/\/marktxxl.de\/markt\/","logo":{"@type":"ImageObject","inLanguage":"de","@id":"https:\/\/marktxxl.de\/markt\/#\/schema\/logo\/image\/","url":"https:\/\/marktxxl.de\/markt\/wp-content\/uploads\/sites\/3\/2020\/12\/logo.png","contentUrl":"https:\/\/marktxxl.de\/markt\/wp-content\/uploads\/sites\/3\/2020\/12\/logo.png","width":200,"height":70,"caption":"Markt-XXL"},"image":{"@id":"https:\/\/marktxxl.de\/markt\/#\/schema\/logo\/image\/"}}]}},"_links":{"self":[{"href":"https:\/\/marktxxl.de\/markt\/wp-json\/wp\/v2\/product\/155071","targetHints":{"allow":["GET"]}}],"collection":[{"href":"https:\/\/marktxxl.de\/markt\/wp-json\/wp\/v2\/product"}],"about":[{"href":"https:\/\/marktxxl.de\/markt\/wp-json\/wp\/v2\/types\/product"}],"replies":[{"embeddable":true,"href":"https:\/\/marktxxl.de\/markt\/wp-json\/wp\/v2\/comments?post=155071"}],"wp:featuredmedia":[{"embeddable":true,"href":"https:\/\/marktxxl.de\/markt\/wp-json\/wp\/v2\/media\/155072"}],"wp:attachment":[{"href":"https:\/\/marktxxl.de\/markt\/wp-json\/wp\/v2\/media?parent=155071"}],"wp:term":[{"taxonomy":"product_brand","embeddable":true,"href":"https:\/\/marktxxl.de\/markt\/wp-json\/wp\/v2\/product_brand?post=155071"},{"taxonomy":"product_cat","embeddable":true,"href":"https:\/\/marktxxl.de\/markt\/wp-json\/wp\/v2\/product_cat?post=155071"},{"taxonomy":"product_tag","embeddable":true,"href":"https:\/\/marktxxl.de\/markt\/wp-json\/wp\/v2\/product_tag?post=155071"}],"curies":[{"name":"wp","href":"https:\/\/api.w.org\/{rel}","templated":true}]}}