{"id":154831,"date":"2022-09-12T10:49:55","date_gmt":"2022-09-12T08:49:55","guid":{"rendered":"https:\/\/marktxxl.de\/markt\/produkt\/mitdir-water-zahnseide-munddusche-5-strahlspitzen-4-modi-ipx7-wasserdicht-300-ml-abnehmbarer-grosser-wassertank-tragbarer-kabelloser-wiederaufladbarer-zahnreiniger-fuer-zuhause-und-reisen\/"},"modified":"2023-04-10T04:42:13","modified_gmt":"2023-04-10T02:42:13","slug":"mitdir-water-zahnseide-munddusche-5-strahlspitzen-4-modi-ipx7-wasserdicht-300-ml-abnehmbarer-grosser-wassertank-tragbarer-kabelloser-wiederaufladbarer-zahnreiniger-fuer-zuhause-und-reisen","status":"publish","type":"product","link":"https:\/\/marktxxl.de\/markt\/produkt\/mitdir-water-zahnseide-munddusche-5-strahlspitzen-4-modi-ipx7-wasserdicht-300-ml-abnehmbarer-grosser-wassertank-tragbarer-kabelloser-wiederaufladbarer-zahnreiniger-fuer-zuhause-und-reisen\/","title":{"rendered":"MiTdir Water Zahnseide Munddusche 5 Strahlspitzen 4 Modi IPX7 Wasserdicht 300 ml Abnehmbarer gro\u00dfer Wassertank Tragbarer\u2026"},"content":{"rendered":"<p>\u3010Professionelle Mundpflege\u3011Sp\u00fclen Sie die Speisereste zwischen den Z\u00e4hnen und unter dem Zahnfleischrand gr\u00fcndlich weg mit kraftvollen 1400-1800 pro Minute Pulsfrequenz 40-125 PSI Wasserdruck. Decken Sie die tiefen und verborgenen Bereiche oder Zahnspangen und andere zahn\u00e4rztliche Ger\u00e4te vollst\u00e4ndig ab, an denen das herk\u00f6mmliche B\u00fcrsten schwer zu erreichen ist.<br \/>\n\u3010Sichere Garantien\u3011 Die Wasserdichtigkeitsklasse IPX 7 gew\u00e4hrleistet eine sichere Verwendung in der Dusche oder im Badezimmer. Automatische Abschaltung nach 2 Minuten Inaktivit\u00e4t. Stoppen Sie den Ladevorgang automatisch, wenn das Kabel h\u00f6her als 60 Grad ist. Die Chips, Pumpen und Kolben der neuen Generation sorgen sicher und genau f\u00fcr eine starke und komfortable Stromabgabe mit erh\u00f6hter Produktlebensdauer.<br \/>\n\u30104 Modi optional\u3011 Der MiTdir Zahnsp\u00fcler verf\u00fcgt \u00fcber 4 Reinigungsmodi \u201eStark\/Mittel\/Niedrig\/Weich\u201c. Geeignet f\u00fcr Kinder, Erwachsene, Zahnspangen oder empfindliches Zahnfleisch und Z\u00e4hne. W\u00e4hlen Sie einfach die bequemsten Modi f\u00fcr Sie aus. Der letzte Verwendungsmodus wird automatisch f\u00fcr die n\u00e4chste Verwendung gespeichert.<br \/>\n\u3010Durchdachtes Design\u3011 MiTdir Zahnseide ist f\u00fcr eine einfache One-Touch-Bedienung konzipiert. Leiser Betrieb bei 72 dB. Das gro\u00dfe abnehmbare 300-ml-Reservoir speichert viel Wasser f\u00fcr die kontinuierliche Zahnseide und ist auch leicht nachzuf\u00fcllen und zu reinigen. Eine einzige Ladung reicht f\u00fcr wochenlange normale Nutzung. Bequemes Aufladen mit mitgeliefertem USB-Kabel. Die ergonomische Kurve und das Anti-Rutsch-Design machen das Ger\u00e4t angenehm zu greifen.<br \/>\n\u3010Was ist enthalten\u3011Enthalten Sie 1 MiTdir tragbare kabellose Munddusche. 5 austauschbare, um 360 Grad drehbare D\u00fcsen (3 D\u00fcsenspitzen, 1 kieferorthop\u00e4dische Spitze, 1 Zungenreinigungsspitze). 1 USB-Ladekabel, 1 Bedienungsanleitung und 12 Monate Garantie. Es ist ein ideales Geschenk f\u00fcr Familien und Freunde, die eine bessere Mundgesundheit verdienen.<br \/>\n<div class=\"main-cross-sell\" data-asin=\"B0B3XCHQNL\">\n\n\t<div class=\"WooZone-cross-sell-loader\">\n\t\t<div>\n\t\t\t<div id=\"floatingBarsG\">\n\t\t\t\t<div class=\"blockG\" id=\"rotateG_01\"><\/div>\n\t\t\t\t<div class=\"blockG\" id=\"rotateG_02\"><\/div>\n\t\t\t\t<div class=\"blockG\" id=\"rotateG_03\"><\/div>\n\t\t\t\t<div class=\"blockG\" id=\"rotateG_04\"><\/div>\n\t\t\t\t<div class=\"blockG\" id=\"rotateG_05\"><\/div>\n\t\t\t\t<div class=\"blockG\" id=\"rotateG_06\"><\/div>\n\t\t\t\t<div class=\"blockG\" id=\"rotateG_07\"><\/div>\n\t\t\t\t<div class=\"blockG\" id=\"rotateG_08\"><\/div>\n\t\t\t<\/div>\n\t\t\t<div class=\"WooZone-cross-sell-loader-text\"><\/div>\n\t\t<\/div>\n\t<\/div>\n\n\t\t\n<\/div>\n<div style=\"clear:both;\"><\/div><\/p>\n","protected":false},"excerpt":{"rendered":"<p>\u3010Professionelle Mundpflege\u3011Sp\u00fclen Sie die Speisereste zwischen den Z\u00e4hnen und unter dem Zahnfleischrand gr\u00fcndlich weg mit kraftvollen 1400-1800 pro Minute Pulsfrequenz 40-125 PSI Wasserdruck. Decken Sie die tiefen und verborgenen Bereiche oder Zahnspangen und andere zahn\u00e4rztliche Ger\u00e4te vollst\u00e4ndig ab, an denen das herk\u00f6mmliche B\u00fcrsten schwer zu erreichen ist.<br \/>\n\u3010Sichere Garantien\u3011 Die Wasserdichtigkeitsklasse IPX 7 gew\u00e4hrleistet eine sichere Verwendung in der Dusche oder im Badezimmer. Automatische Abschaltung nach 2 Minuten Inaktivit\u00e4t. Stoppen Sie den Ladevorgang automatisch, wenn das Kabel h\u00f6her als 60 Grad ist. Die Chips, Pumpen und Kolben der neuen Generation sorgen sicher und genau f\u00fcr eine starke und komfortable Stromabgabe mit erh\u00f6hter Produktlebensdauer.<br \/>\n\u30104 Modi optional\u3011 Der MiTdir Zahnsp\u00fcler verf\u00fcgt \u00fcber 4 Reinigungsmodi \u201eStark\/Mittel\/Niedrig\/Weich\u201c. Geeignet f\u00fcr Kinder, Erwachsene, Zahnspangen oder empfindliches Zahnfleisch und Z\u00e4hne. W\u00e4hlen Sie einfach die bequemsten Modi f\u00fcr Sie aus. Der letzte Verwendungsmodus wird automatisch f\u00fcr die n\u00e4chste Verwendung gespeichert.<\/p>\n","protected":false},"featured_media":154832,"comment_status":"open","ping_status":"closed","template":"","meta":[],"product_brand":[],"product_cat":[566,5981],"product_tag":[],"class_list":{"0":"post-154831","1":"product","2":"type-product","3":"status-publish","4":"has-post-thumbnail","6":"product_cat-drogerie-koerperpflege","7":"product_cat-mund-zahnpflege","8":"pa_brand-mitdir","9":"pa_manufacturer-mitdir","11":"first","12":"instock","13":"shipping-taxable","14":"purchasable","15":"product-type-simple","16":"customify-col","17":"product-has-gallery"},"yoast_head":"<!-- This site is optimized with the Yoast SEO plugin v27.4 - https:\/\/yoast.com\/product\/yoast-seo-wordpress\/ -->\n<title>MiTdir Water Zahnseide Munddusche 5 Strahlspitzen 4 Modi IPX7 Wasserdicht 300 ml Abnehmbarer gro\u00dfer Wassertank Tragbarer\u2026 - Markt-XXL<\/title>\n<meta name=\"description\" content=\"Markt-XXL MiTdir Water Zahnseide Munddusche 5 Strahlspitzen 4 Modi IPX7 Wasserdicht 300 ml Abnehmbarer gro\u00dfer Wassertank Tragbarer\u2026\" \/>\n<meta name=\"robots\" content=\"index, follow, max-snippet:-1, max-image-preview:large, max-video-preview:-1\" \/>\n<link rel=\"canonical\" href=\"https:\/\/marktxxl.de\/markt\/produkt\/mitdir-water-zahnseide-munddusche-5-strahlspitzen-4-modi-ipx7-wasserdicht-300-ml-abnehmbarer-grosser-wassertank-tragbarer-kabelloser-wiederaufladbarer-zahnreiniger-fuer-zuhause-und-reisen\/\" \/>\n<meta property=\"og:locale\" content=\"de_DE\" \/>\n<meta property=\"og:type\" content=\"article\" \/>\n<meta property=\"og:title\" content=\"MiTdir Water Zahnseide Munddusche 5 Strahlspitzen 4 Modi IPX7 Wasserdicht 300 ml Abnehmbarer gro\u00dfer Wassertank Tragbarer\u2026 - Markt-XXL\" \/>\n<meta property=\"og:description\" content=\"Markt-XXL MiTdir Water Zahnseide Munddusche 5 Strahlspitzen 4 Modi IPX7 Wasserdicht 300 ml Abnehmbarer gro\u00dfer Wassertank Tragbarer\u2026\" \/>\n<meta property=\"og:url\" content=\"https:\/\/marktxxl.de\/markt\/produkt\/mitdir-water-zahnseide-munddusche-5-strahlspitzen-4-modi-ipx7-wasserdicht-300-ml-abnehmbarer-grosser-wassertank-tragbarer-kabelloser-wiederaufladbarer-zahnreiniger-fuer-zuhause-und-reisen\/\" \/>\n<meta property=\"og:site_name\" content=\"Markt-XXL\" \/>\n<meta property=\"article:modified_time\" content=\"2023-04-10T02:42:13+00:00\" \/>\n<meta property=\"og:image\" content=\"https:\/\/m.media-amazon.com\/images\/I\/41OMoR7AvhL._SL500_.jpg\" \/>\n\t<meta property=\"og:image:width\" content=\"500\" \/>\n\t<meta property=\"og:image:height\" content=\"500\" \/>\n\t<meta property=\"og:image:type\" content=\"image\/jpeg\" \/>\n<meta name=\"twitter:card\" content=\"summary_large_image\" \/>\n<meta name=\"twitter:label1\" content=\"Gesch\u00e4tzte Lesezeit\" \/>\n\t<meta name=\"twitter:data1\" content=\"1\u00a0Minute\" \/>\n<script type=\"application\/ld+json\" class=\"yoast-schema-graph\">{\"@context\":\"https:\\\/\\\/schema.org\",\"@graph\":[{\"@type\":\"WebPage\",\"@id\":\"https:\\\/\\\/marktxxl.de\\\/markt\\\/produkt\\\/mitdir-water-zahnseide-munddusche-5-strahlspitzen-4-modi-ipx7-wasserdicht-300-ml-abnehmbarer-grosser-wassertank-tragbarer-kabelloser-wiederaufladbarer-zahnreiniger-fuer-zuhause-und-reisen\\\/\",\"url\":\"https:\\\/\\\/marktxxl.de\\\/markt\\\/produkt\\\/mitdir-water-zahnseide-munddusche-5-strahlspitzen-4-modi-ipx7-wasserdicht-300-ml-abnehmbarer-grosser-wassertank-tragbarer-kabelloser-wiederaufladbarer-zahnreiniger-fuer-zuhause-und-reisen\\\/\",\"name\":\"MiTdir Water Zahnseide Munddusche 5 Strahlspitzen 4 Modi IPX7 Wasserdicht 300 ml Abnehmbarer gro\u00dfer Wassertank Tragbarer\u2026 - Markt-XXL\",\"isPartOf\":{\"@id\":\"https:\\\/\\\/marktxxl.de\\\/markt\\\/#website\"},\"primaryImageOfPage\":{\"@id\":\"https:\\\/\\\/marktxxl.de\\\/markt\\\/produkt\\\/mitdir-water-zahnseide-munddusche-5-strahlspitzen-4-modi-ipx7-wasserdicht-300-ml-abnehmbarer-grosser-wassertank-tragbarer-kabelloser-wiederaufladbarer-zahnreiniger-fuer-zuhause-und-reisen\\\/#primaryimage\"},\"image\":{\"@id\":\"https:\\\/\\\/marktxxl.de\\\/markt\\\/produkt\\\/mitdir-water-zahnseide-munddusche-5-strahlspitzen-4-modi-ipx7-wasserdicht-300-ml-abnehmbarer-grosser-wassertank-tragbarer-kabelloser-wiederaufladbarer-zahnreiniger-fuer-zuhause-und-reisen\\\/#primaryimage\"},\"thumbnailUrl\":\"https:\\\/\\\/m.media-amazon.com\\\/images\\\/I\\\/41OMoR7AvhL._SL500_.jpg\",\"datePublished\":\"2022-09-12T08:49:55+00:00\",\"dateModified\":\"2023-04-10T02:42:13+00:00\",\"description\":\"Markt-XXL MiTdir Water Zahnseide Munddusche 5 Strahlspitzen 4 Modi IPX7 Wasserdicht 300 ml Abnehmbarer gro\u00dfer Wassertank Tragbarer\u2026\",\"breadcrumb\":{\"@id\":\"https:\\\/\\\/marktxxl.de\\\/markt\\\/produkt\\\/mitdir-water-zahnseide-munddusche-5-strahlspitzen-4-modi-ipx7-wasserdicht-300-ml-abnehmbarer-grosser-wassertank-tragbarer-kabelloser-wiederaufladbarer-zahnreiniger-fuer-zuhause-und-reisen\\\/#breadcrumb\"},\"inLanguage\":\"de\",\"potentialAction\":[{\"@type\":\"ReadAction\",\"target\":[\"https:\\\/\\\/marktxxl.de\\\/markt\\\/produkt\\\/mitdir-water-zahnseide-munddusche-5-strahlspitzen-4-modi-ipx7-wasserdicht-300-ml-abnehmbarer-grosser-wassertank-tragbarer-kabelloser-wiederaufladbarer-zahnreiniger-fuer-zuhause-und-reisen\\\/\"]}]},{\"@type\":\"ImageObject\",\"inLanguage\":\"de\",\"@id\":\"https:\\\/\\\/marktxxl.de\\\/markt\\\/produkt\\\/mitdir-water-zahnseide-munddusche-5-strahlspitzen-4-modi-ipx7-wasserdicht-300-ml-abnehmbarer-grosser-wassertank-tragbarer-kabelloser-wiederaufladbarer-zahnreiniger-fuer-zuhause-und-reisen\\\/#primaryimage\",\"url\":\"https:\\\/\\\/m.media-amazon.com\\\/images\\\/I\\\/41OMoR7AvhL._SL500_.jpg\",\"contentUrl\":\"https:\\\/\\\/m.media-amazon.com\\\/images\\\/I\\\/41OMoR7AvhL._SL500_.jpg\",\"width\":500,\"height\":500},{\"@type\":\"BreadcrumbList\",\"@id\":\"https:\\\/\\\/marktxxl.de\\\/markt\\\/produkt\\\/mitdir-water-zahnseide-munddusche-5-strahlspitzen-4-modi-ipx7-wasserdicht-300-ml-abnehmbarer-grosser-wassertank-tragbarer-kabelloser-wiederaufladbarer-zahnreiniger-fuer-zuhause-und-reisen\\\/#breadcrumb\",\"itemListElement\":[{\"@type\":\"ListItem\",\"position\":1,\"name\":\"Startseite\",\"item\":\"https:\\\/\\\/marktxxl.de\\\/markt\\\/\"},{\"@type\":\"ListItem\",\"position\":2,\"name\":\"Markt\",\"item\":\"https:\\\/\\\/marktxxl.de\\\/markt\\\/\"},{\"@type\":\"ListItem\",\"position\":3,\"name\":\"MiTdir Water Zahnseide Munddusche 5 Strahlspitzen 4 Modi IPX7 Wasserdicht 300 ml Abnehmbarer gro\u00dfer Wassertank Tragbarer\u2026\"}]},{\"@type\":\"WebSite\",\"@id\":\"https:\\\/\\\/marktxxl.de\\\/markt\\\/#website\",\"url\":\"https:\\\/\\\/marktxxl.de\\\/markt\\\/\",\"name\":\"Markt-XXL\",\"description\":\"Ihr Markt Online\",\"publisher\":{\"@id\":\"https:\\\/\\\/marktxxl.de\\\/markt\\\/#organization\"},\"potentialAction\":[{\"@type\":\"SearchAction\",\"target\":{\"@type\":\"EntryPoint\",\"urlTemplate\":\"https:\\\/\\\/marktxxl.de\\\/markt\\\/?s={search_term_string}\"},\"query-input\":{\"@type\":\"PropertyValueSpecification\",\"valueRequired\":true,\"valueName\":\"search_term_string\"}}],\"inLanguage\":\"de\"},{\"@type\":\"Organization\",\"@id\":\"https:\\\/\\\/marktxxl.de\\\/markt\\\/#organization\",\"name\":\"Markt-XXL\",\"url\":\"https:\\\/\\\/marktxxl.de\\\/markt\\\/\",\"logo\":{\"@type\":\"ImageObject\",\"inLanguage\":\"de\",\"@id\":\"https:\\\/\\\/marktxxl.de\\\/markt\\\/#\\\/schema\\\/logo\\\/image\\\/\",\"url\":\"https:\\\/\\\/marktxxl.de\\\/markt\\\/wp-content\\\/uploads\\\/sites\\\/3\\\/2020\\\/12\\\/logo.png\",\"contentUrl\":\"https:\\\/\\\/marktxxl.de\\\/markt\\\/wp-content\\\/uploads\\\/sites\\\/3\\\/2020\\\/12\\\/logo.png\",\"width\":200,\"height\":70,\"caption\":\"Markt-XXL\"},\"image\":{\"@id\":\"https:\\\/\\\/marktxxl.de\\\/markt\\\/#\\\/schema\\\/logo\\\/image\\\/\"}}]}<\/script>\n<!-- \/ Yoast SEO plugin. -->","yoast_head_json":{"title":"MiTdir Water Zahnseide Munddusche 5 Strahlspitzen 4 Modi IPX7 Wasserdicht 300 ml Abnehmbarer gro\u00dfer Wassertank Tragbarer\u2026 - Markt-XXL","description":"Markt-XXL MiTdir Water Zahnseide Munddusche 5 Strahlspitzen 4 Modi IPX7 Wasserdicht 300 ml Abnehmbarer gro\u00dfer Wassertank Tragbarer\u2026","robots":{"index":"index","follow":"follow","max-snippet":"max-snippet:-1","max-image-preview":"max-image-preview:large","max-video-preview":"max-video-preview:-1"},"canonical":"https:\/\/marktxxl.de\/markt\/produkt\/mitdir-water-zahnseide-munddusche-5-strahlspitzen-4-modi-ipx7-wasserdicht-300-ml-abnehmbarer-grosser-wassertank-tragbarer-kabelloser-wiederaufladbarer-zahnreiniger-fuer-zuhause-und-reisen\/","og_locale":"de_DE","og_type":"article","og_title":"MiTdir Water Zahnseide Munddusche 5 Strahlspitzen 4 Modi IPX7 Wasserdicht 300 ml Abnehmbarer gro\u00dfer Wassertank Tragbarer\u2026 - Markt-XXL","og_description":"Markt-XXL MiTdir Water Zahnseide Munddusche 5 Strahlspitzen 4 Modi IPX7 Wasserdicht 300 ml Abnehmbarer gro\u00dfer Wassertank Tragbarer\u2026","og_url":"https:\/\/marktxxl.de\/markt\/produkt\/mitdir-water-zahnseide-munddusche-5-strahlspitzen-4-modi-ipx7-wasserdicht-300-ml-abnehmbarer-grosser-wassertank-tragbarer-kabelloser-wiederaufladbarer-zahnreiniger-fuer-zuhause-und-reisen\/","og_site_name":"Markt-XXL","article_modified_time":"2023-04-10T02:42:13+00:00","og_image":[{"width":500,"height":500,"url":"https:\/\/m.media-amazon.com\/images\/I\/41OMoR7AvhL._SL500_.jpg","type":"image\/jpeg"}],"twitter_card":"summary_large_image","twitter_misc":{"Gesch\u00e4tzte Lesezeit":"1\u00a0Minute"},"schema":{"@context":"https:\/\/schema.org","@graph":[{"@type":"WebPage","@id":"https:\/\/marktxxl.de\/markt\/produkt\/mitdir-water-zahnseide-munddusche-5-strahlspitzen-4-modi-ipx7-wasserdicht-300-ml-abnehmbarer-grosser-wassertank-tragbarer-kabelloser-wiederaufladbarer-zahnreiniger-fuer-zuhause-und-reisen\/","url":"https:\/\/marktxxl.de\/markt\/produkt\/mitdir-water-zahnseide-munddusche-5-strahlspitzen-4-modi-ipx7-wasserdicht-300-ml-abnehmbarer-grosser-wassertank-tragbarer-kabelloser-wiederaufladbarer-zahnreiniger-fuer-zuhause-und-reisen\/","name":"MiTdir Water Zahnseide Munddusche 5 Strahlspitzen 4 Modi IPX7 Wasserdicht 300 ml Abnehmbarer gro\u00dfer Wassertank Tragbarer\u2026 - Markt-XXL","isPartOf":{"@id":"https:\/\/marktxxl.de\/markt\/#website"},"primaryImageOfPage":{"@id":"https:\/\/marktxxl.de\/markt\/produkt\/mitdir-water-zahnseide-munddusche-5-strahlspitzen-4-modi-ipx7-wasserdicht-300-ml-abnehmbarer-grosser-wassertank-tragbarer-kabelloser-wiederaufladbarer-zahnreiniger-fuer-zuhause-und-reisen\/#primaryimage"},"image":{"@id":"https:\/\/marktxxl.de\/markt\/produkt\/mitdir-water-zahnseide-munddusche-5-strahlspitzen-4-modi-ipx7-wasserdicht-300-ml-abnehmbarer-grosser-wassertank-tragbarer-kabelloser-wiederaufladbarer-zahnreiniger-fuer-zuhause-und-reisen\/#primaryimage"},"thumbnailUrl":"https:\/\/m.media-amazon.com\/images\/I\/41OMoR7AvhL._SL500_.jpg","datePublished":"2022-09-12T08:49:55+00:00","dateModified":"2023-04-10T02:42:13+00:00","description":"Markt-XXL MiTdir Water Zahnseide Munddusche 5 Strahlspitzen 4 Modi IPX7 Wasserdicht 300 ml Abnehmbarer gro\u00dfer Wassertank Tragbarer\u2026","breadcrumb":{"@id":"https:\/\/marktxxl.de\/markt\/produkt\/mitdir-water-zahnseide-munddusche-5-strahlspitzen-4-modi-ipx7-wasserdicht-300-ml-abnehmbarer-grosser-wassertank-tragbarer-kabelloser-wiederaufladbarer-zahnreiniger-fuer-zuhause-und-reisen\/#breadcrumb"},"inLanguage":"de","potentialAction":[{"@type":"ReadAction","target":["https:\/\/marktxxl.de\/markt\/produkt\/mitdir-water-zahnseide-munddusche-5-strahlspitzen-4-modi-ipx7-wasserdicht-300-ml-abnehmbarer-grosser-wassertank-tragbarer-kabelloser-wiederaufladbarer-zahnreiniger-fuer-zuhause-und-reisen\/"]}]},{"@type":"ImageObject","inLanguage":"de","@id":"https:\/\/marktxxl.de\/markt\/produkt\/mitdir-water-zahnseide-munddusche-5-strahlspitzen-4-modi-ipx7-wasserdicht-300-ml-abnehmbarer-grosser-wassertank-tragbarer-kabelloser-wiederaufladbarer-zahnreiniger-fuer-zuhause-und-reisen\/#primaryimage","url":"https:\/\/m.media-amazon.com\/images\/I\/41OMoR7AvhL._SL500_.jpg","contentUrl":"https:\/\/m.media-amazon.com\/images\/I\/41OMoR7AvhL._SL500_.jpg","width":500,"height":500},{"@type":"BreadcrumbList","@id":"https:\/\/marktxxl.de\/markt\/produkt\/mitdir-water-zahnseide-munddusche-5-strahlspitzen-4-modi-ipx7-wasserdicht-300-ml-abnehmbarer-grosser-wassertank-tragbarer-kabelloser-wiederaufladbarer-zahnreiniger-fuer-zuhause-und-reisen\/#breadcrumb","itemListElement":[{"@type":"ListItem","position":1,"name":"Startseite","item":"https:\/\/marktxxl.de\/markt\/"},{"@type":"ListItem","position":2,"name":"Markt","item":"https:\/\/marktxxl.de\/markt\/"},{"@type":"ListItem","position":3,"name":"MiTdir Water Zahnseide Munddusche 5 Strahlspitzen 4 Modi IPX7 Wasserdicht 300 ml Abnehmbarer gro\u00dfer Wassertank Tragbarer\u2026"}]},{"@type":"WebSite","@id":"https:\/\/marktxxl.de\/markt\/#website","url":"https:\/\/marktxxl.de\/markt\/","name":"Markt-XXL","description":"Ihr Markt Online","publisher":{"@id":"https:\/\/marktxxl.de\/markt\/#organization"},"potentialAction":[{"@type":"SearchAction","target":{"@type":"EntryPoint","urlTemplate":"https:\/\/marktxxl.de\/markt\/?s={search_term_string}"},"query-input":{"@type":"PropertyValueSpecification","valueRequired":true,"valueName":"search_term_string"}}],"inLanguage":"de"},{"@type":"Organization","@id":"https:\/\/marktxxl.de\/markt\/#organization","name":"Markt-XXL","url":"https:\/\/marktxxl.de\/markt\/","logo":{"@type":"ImageObject","inLanguage":"de","@id":"https:\/\/marktxxl.de\/markt\/#\/schema\/logo\/image\/","url":"https:\/\/marktxxl.de\/markt\/wp-content\/uploads\/sites\/3\/2020\/12\/logo.png","contentUrl":"https:\/\/marktxxl.de\/markt\/wp-content\/uploads\/sites\/3\/2020\/12\/logo.png","width":200,"height":70,"caption":"Markt-XXL"},"image":{"@id":"https:\/\/marktxxl.de\/markt\/#\/schema\/logo\/image\/"}}]}},"_links":{"self":[{"href":"https:\/\/marktxxl.de\/markt\/wp-json\/wp\/v2\/product\/154831","targetHints":{"allow":["GET"]}}],"collection":[{"href":"https:\/\/marktxxl.de\/markt\/wp-json\/wp\/v2\/product"}],"about":[{"href":"https:\/\/marktxxl.de\/markt\/wp-json\/wp\/v2\/types\/product"}],"replies":[{"embeddable":true,"href":"https:\/\/marktxxl.de\/markt\/wp-json\/wp\/v2\/comments?post=154831"}],"wp:featuredmedia":[{"embeddable":true,"href":"https:\/\/marktxxl.de\/markt\/wp-json\/wp\/v2\/media\/154832"}],"wp:attachment":[{"href":"https:\/\/marktxxl.de\/markt\/wp-json\/wp\/v2\/media?parent=154831"}],"wp:term":[{"taxonomy":"product_brand","embeddable":true,"href":"https:\/\/marktxxl.de\/markt\/wp-json\/wp\/v2\/product_brand?post=154831"},{"taxonomy":"product_cat","embeddable":true,"href":"https:\/\/marktxxl.de\/markt\/wp-json\/wp\/v2\/product_cat?post=154831"},{"taxonomy":"product_tag","embeddable":true,"href":"https:\/\/marktxxl.de\/markt\/wp-json\/wp\/v2\/product_tag?post=154831"}],"curies":[{"name":"wp","href":"https:\/\/api.w.org\/{rel}","templated":true}]}}