{"id":154338,"date":"2022-09-12T10:01:18","date_gmt":"2022-09-12T08:01:18","guid":{"rendered":"https:\/\/marktxxl.de\/markt\/produkt\/pg-540xl-cl-541xl-patronen-heshun-fuer-canon-druckerpatronen-540-541-pg540xl-cl541xl-canon-540-541-xl-canon-540-541-multipack-fuer-canon-pixma-ts5150-mg3650-mg3600-mx475-mg3500-mx535\/"},"modified":"2023-04-11T04:35:18","modified_gmt":"2023-04-11T02:35:18","slug":"pg-540xl-cl-541xl-patronen-heshun-fuer-canon-druckerpatronen-540-541-pg540xl-cl541xl-canon-540-541-xl-canon-540-541-multipack-fuer-canon-pixma-ts5150-mg3650-mg3600-mx475-mg3500-mx535","status":"publish","type":"product","link":"https:\/\/marktxxl.de\/markt\/produkt\/pg-540xl-cl-541xl-patronen-heshun-fuer-canon-druckerpatronen-540-541-pg540xl-cl541xl-canon-540-541-xl-canon-540-541-multipack-fuer-canon-pixma-ts5150-mg3650-mg3600-mx475-mg3500-mx535\/","title":{"rendered":"PG-540XL CL-541XL Patronen Heshun f\u00fcr Canon Druckerpatronen 540 541 pg540xl cl541xl Canon 540 541 XL Canon 540 541\u2026"},"content":{"rendered":"<p>\u3010Fur Canon druckerpatronen 540 541 XL Multipack\u3011100% kompatibel Mit einem neuen High-Tech-kompatiblen Chip ist der Betrieb stabiler. Kompatibel mit Pixma TS5150 TS5151 MG3650 MG3600 MG365 MG3650 MG365 MG350 MG355 MG350 MG350 MG350 MG415 MG4100 MG415 MG425 MG215 MG215 MG225 MG225 MX475 MX375 MX374 MX395 MX435 MX515 MX525 MX535 MX455<br \/>\n\u3010Zero Carbon Technology\u3011Gef\u00fcllt mit importierter Kohlenstoff-Null-Technologie-Rohstofftinte betr\u00e4gt die Partikelgr\u00f6\u00dfe in der Tinte nur 0,15 um. Langfristiger Gebrauch blockiert die D\u00fcse nicht. Wir haben die Tintenzusammensetzung und die Farbs\u00e4ttigung entsprechend den Druckeigenschaften verschiedener Drucker angepasst und abgestimmt, damit die Bilder eine starke UV-Best\u00e4ndigkeit aufweisen und die Farben lange wie neu leuchtend bleiben.<br \/>\n\u3010Vakuum-F\u00fclltechnologie\u3011 Die Verwendung der Unterdruck-Vakuumtechnologie zum Bef\u00fcllen der Tinte bietet eine zuverl\u00e4ssige Luftdichtheitsgarantie w\u00e4hrend des Gebrauchs und des Transports, das Auslaufen der Tinte ist nicht leicht und die Verwendung ist angenehmer. Das Produkt enth\u00e4lt: 1 * PG-540 XL+1 * CL-541 XL (18ML, mit Kartuschenschutzh\u00fclle), 1 * Deutsches Produkthandbuch, 1 * Kundenspezifische Farbbox<br \/>\n\u3010Effiziente Nutzungsrate\u3011Die Tintenpatrone verwendet eine Unterdruckbehandlung, und die Funktion zum Entfernen von Resttinte wird hinzugef\u00fcgt, um die Menge an Tintenr\u00fcckst\u00e4nden in der Tintenpatrone zu minimieren. Eine h\u00f6here Tintennutzungsrate erh\u00f6ht die Lebensdauer des Produkts und verringert die H\u00e4ufigkeit des Produktaustauschs. Die Tintenausnutzungsrate rangiert an der Spitze der Markentintenpatronen.<br \/>\n\u3010Sorglos After-Sales-Service\u3011 Dieses Produkt hat CE, ISO9001, MSDS und andere internationale Mainstream-Zertifizierungen bestanden. Sollte innerhalb von 2 Monaten eine Fehlfunktion des Produkts auftreten, k\u00f6nnen wir den R\u00fcckgabe- und Umtauschservice f\u00fcr Sie kostenlos abwickeln. Mit einem 24-Stunden-Online-Kundenservice und einer 24-monatigen Produktgarantie freut sich unser professionelles Kundenservice-Team von ganzem Herzen darauf, Sie zu bedienen.<br \/>\n<div class=\"main-cross-sell\" data-asin=\"B0BCF9VZQJ\">\n\n\t<div class=\"WooZone-cross-sell-loader\">\n\t\t<div>\n\t\t\t<div id=\"floatingBarsG\">\n\t\t\t\t<div class=\"blockG\" id=\"rotateG_01\"><\/div>\n\t\t\t\t<div class=\"blockG\" id=\"rotateG_02\"><\/div>\n\t\t\t\t<div class=\"blockG\" id=\"rotateG_03\"><\/div>\n\t\t\t\t<div class=\"blockG\" id=\"rotateG_04\"><\/div>\n\t\t\t\t<div class=\"blockG\" id=\"rotateG_05\"><\/div>\n\t\t\t\t<div class=\"blockG\" id=\"rotateG_06\"><\/div>\n\t\t\t\t<div class=\"blockG\" id=\"rotateG_07\"><\/div>\n\t\t\t\t<div class=\"blockG\" id=\"rotateG_08\"><\/div>\n\t\t\t<\/div>\n\t\t\t<div class=\"WooZone-cross-sell-loader-text\"><\/div>\n\t\t<\/div>\n\t<\/div>\n\n\t\t\n<\/div>\n<div style=\"clear:both;\"><\/div><\/p>\n","protected":false},"excerpt":{"rendered":"<p>\u3010Fur Canon druckerpatronen 540 541 XL Multipack\u3011100% kompatibel Mit einem neuen High-Tech-kompatiblen Chip ist der Betrieb stabiler. Kompatibel mit Pixma TS5150 TS5151 MG3650 MG3600 MG365 MG3650 MG365 MG350 MG355 MG350 MG350 MG350 MG415 MG4100 MG415 MG425 MG215 MG215 MG225 MG225 MX475 MX375 MX374 MX395 MX435 MX515 MX525 MX535 MX455<br \/>\n\u3010Zero Carbon Technology\u3011Gef\u00fcllt mit importierter Kohlenstoff-Null-Technologie-Rohstofftinte betr\u00e4gt die Partikelgr\u00f6\u00dfe in der Tinte nur 0,15 um. Langfristiger Gebrauch blockiert die D\u00fcse nicht. Wir haben die Tintenzusammensetzung und die Farbs\u00e4ttigung entsprechend den Druckeigenschaften verschiedener Drucker angepasst und abgestimmt, damit die Bilder eine starke UV-Best\u00e4ndigkeit aufweisen und die Farben lange wie neu leuchtend bleiben.<br \/>\n\u3010Vakuum-F\u00fclltechnologie\u3011 Die Verwendung der Unterdruck-Vakuumtechnologie zum Bef\u00fcllen der Tinte bietet eine zuverl\u00e4ssige Luftdichtheitsgarantie w\u00e4hrend des Gebrauchs und des Transports, das Auslaufen der Tinte ist nicht leicht und die Verwendung ist angenehmer. Das Produkt enth\u00e4lt: 1 * PG-540 XL+1 * CL-541 XL (18ML, mit Kartuschenschutzh\u00fclle), 1 * Deutsches Produkthandbuch, 1 * Kundenspezifische Farbbox<\/p>\n","protected":false},"featured_media":154339,"comment_status":"open","ping_status":"closed","template":"","meta":[],"product_brand":[],"product_cat":[863],"product_tag":[],"class_list":{"0":"post-154338","1":"product","2":"type-product","3":"status-publish","4":"has-post-thumbnail","6":"product_cat-computer-zubehoer","7":"pa_brand-heshun","8":"pa_color-schwarz-tri-farbe","9":"pa_manufacturer-heshun","10":"pa_model-pg-540-xl-cl-541-xl","11":"pa_size-540xl-541xl","12":"pa_warranty-120-days","14":"first","15":"instock","16":"shipping-taxable","17":"purchasable","18":"product-type-simple","19":"customify-col","20":"product-has-gallery"},"yoast_head":"<!-- This site is optimized with the Yoast SEO plugin v27.4 - https:\/\/yoast.com\/product\/yoast-seo-wordpress\/ -->\n<title>PG-540XL CL-541XL Patronen Heshun f\u00fcr Canon Druckerpatronen 540 541 pg540xl cl541xl Canon 540 541 XL Canon 540 541\u2026 - Markt-XXL<\/title>\n<meta name=\"description\" content=\"Markt-XXL PG-540XL CL-541XL Patronen Heshun f\u00fcr Canon Druckerpatronen 540 541 pg540xl cl541xl Canon 540 541 XL Canon 540 541\u2026\" \/>\n<meta name=\"robots\" content=\"index, follow, max-snippet:-1, max-image-preview:large, max-video-preview:-1\" \/>\n<link rel=\"canonical\" href=\"https:\/\/marktxxl.de\/markt\/produkt\/pg-540xl-cl-541xl-patronen-heshun-fuer-canon-druckerpatronen-540-541-pg540xl-cl541xl-canon-540-541-xl-canon-540-541-multipack-fuer-canon-pixma-ts5150-mg3650-mg3600-mx475-mg3500-mx535\/\" \/>\n<meta property=\"og:locale\" content=\"de_DE\" \/>\n<meta property=\"og:type\" content=\"article\" \/>\n<meta property=\"og:title\" content=\"PG-540XL CL-541XL Patronen Heshun f\u00fcr Canon Druckerpatronen 540 541 pg540xl cl541xl Canon 540 541 XL Canon 540 541\u2026 - Markt-XXL\" \/>\n<meta property=\"og:description\" content=\"Markt-XXL PG-540XL CL-541XL Patronen Heshun f\u00fcr Canon Druckerpatronen 540 541 pg540xl cl541xl Canon 540 541 XL Canon 540 541\u2026\" \/>\n<meta property=\"og:url\" content=\"https:\/\/marktxxl.de\/markt\/produkt\/pg-540xl-cl-541xl-patronen-heshun-fuer-canon-druckerpatronen-540-541-pg540xl-cl541xl-canon-540-541-xl-canon-540-541-multipack-fuer-canon-pixma-ts5150-mg3650-mg3600-mx475-mg3500-mx535\/\" \/>\n<meta property=\"og:site_name\" content=\"Markt-XXL\" \/>\n<meta property=\"article:modified_time\" content=\"2023-04-11T02:35:18+00:00\" \/>\n<meta property=\"og:image\" content=\"https:\/\/m.media-amazon.com\/images\/I\/41zigxbnt9L._SL500_.jpg\" \/>\n\t<meta property=\"og:image:width\" content=\"500\" \/>\n\t<meta property=\"og:image:height\" content=\"500\" \/>\n\t<meta property=\"og:image:type\" content=\"image\/jpeg\" \/>\n<meta name=\"twitter:card\" content=\"summary_large_image\" \/>\n<meta name=\"twitter:label1\" content=\"Gesch\u00e4tzte Lesezeit\" \/>\n\t<meta name=\"twitter:data1\" content=\"1\u00a0Minute\" \/>\n<script type=\"application\/ld+json\" class=\"yoast-schema-graph\">{\"@context\":\"https:\\\/\\\/schema.org\",\"@graph\":[{\"@type\":\"WebPage\",\"@id\":\"https:\\\/\\\/marktxxl.de\\\/markt\\\/produkt\\\/pg-540xl-cl-541xl-patronen-heshun-fuer-canon-druckerpatronen-540-541-pg540xl-cl541xl-canon-540-541-xl-canon-540-541-multipack-fuer-canon-pixma-ts5150-mg3650-mg3600-mx475-mg3500-mx535\\\/\",\"url\":\"https:\\\/\\\/marktxxl.de\\\/markt\\\/produkt\\\/pg-540xl-cl-541xl-patronen-heshun-fuer-canon-druckerpatronen-540-541-pg540xl-cl541xl-canon-540-541-xl-canon-540-541-multipack-fuer-canon-pixma-ts5150-mg3650-mg3600-mx475-mg3500-mx535\\\/\",\"name\":\"PG-540XL CL-541XL Patronen Heshun f\u00fcr Canon Druckerpatronen 540 541 pg540xl cl541xl Canon 540 541 XL Canon 540 541\u2026 - Markt-XXL\",\"isPartOf\":{\"@id\":\"https:\\\/\\\/marktxxl.de\\\/markt\\\/#website\"},\"primaryImageOfPage\":{\"@id\":\"https:\\\/\\\/marktxxl.de\\\/markt\\\/produkt\\\/pg-540xl-cl-541xl-patronen-heshun-fuer-canon-druckerpatronen-540-541-pg540xl-cl541xl-canon-540-541-xl-canon-540-541-multipack-fuer-canon-pixma-ts5150-mg3650-mg3600-mx475-mg3500-mx535\\\/#primaryimage\"},\"image\":{\"@id\":\"https:\\\/\\\/marktxxl.de\\\/markt\\\/produkt\\\/pg-540xl-cl-541xl-patronen-heshun-fuer-canon-druckerpatronen-540-541-pg540xl-cl541xl-canon-540-541-xl-canon-540-541-multipack-fuer-canon-pixma-ts5150-mg3650-mg3600-mx475-mg3500-mx535\\\/#primaryimage\"},\"thumbnailUrl\":\"https:\\\/\\\/m.media-amazon.com\\\/images\\\/I\\\/41zigxbnt9L._SL500_.jpg\",\"datePublished\":\"2022-09-12T08:01:18+00:00\",\"dateModified\":\"2023-04-11T02:35:18+00:00\",\"description\":\"Markt-XXL PG-540XL CL-541XL Patronen Heshun f\u00fcr Canon Druckerpatronen 540 541 pg540xl cl541xl Canon 540 541 XL Canon 540 541\u2026\",\"breadcrumb\":{\"@id\":\"https:\\\/\\\/marktxxl.de\\\/markt\\\/produkt\\\/pg-540xl-cl-541xl-patronen-heshun-fuer-canon-druckerpatronen-540-541-pg540xl-cl541xl-canon-540-541-xl-canon-540-541-multipack-fuer-canon-pixma-ts5150-mg3650-mg3600-mx475-mg3500-mx535\\\/#breadcrumb\"},\"inLanguage\":\"de\",\"potentialAction\":[{\"@type\":\"ReadAction\",\"target\":[\"https:\\\/\\\/marktxxl.de\\\/markt\\\/produkt\\\/pg-540xl-cl-541xl-patronen-heshun-fuer-canon-druckerpatronen-540-541-pg540xl-cl541xl-canon-540-541-xl-canon-540-541-multipack-fuer-canon-pixma-ts5150-mg3650-mg3600-mx475-mg3500-mx535\\\/\"]}]},{\"@type\":\"ImageObject\",\"inLanguage\":\"de\",\"@id\":\"https:\\\/\\\/marktxxl.de\\\/markt\\\/produkt\\\/pg-540xl-cl-541xl-patronen-heshun-fuer-canon-druckerpatronen-540-541-pg540xl-cl541xl-canon-540-541-xl-canon-540-541-multipack-fuer-canon-pixma-ts5150-mg3650-mg3600-mx475-mg3500-mx535\\\/#primaryimage\",\"url\":\"https:\\\/\\\/m.media-amazon.com\\\/images\\\/I\\\/41zigxbnt9L._SL500_.jpg\",\"contentUrl\":\"https:\\\/\\\/m.media-amazon.com\\\/images\\\/I\\\/41zigxbnt9L._SL500_.jpg\",\"width\":500,\"height\":500},{\"@type\":\"BreadcrumbList\",\"@id\":\"https:\\\/\\\/marktxxl.de\\\/markt\\\/produkt\\\/pg-540xl-cl-541xl-patronen-heshun-fuer-canon-druckerpatronen-540-541-pg540xl-cl541xl-canon-540-541-xl-canon-540-541-multipack-fuer-canon-pixma-ts5150-mg3650-mg3600-mx475-mg3500-mx535\\\/#breadcrumb\",\"itemListElement\":[{\"@type\":\"ListItem\",\"position\":1,\"name\":\"Startseite\",\"item\":\"https:\\\/\\\/marktxxl.de\\\/markt\\\/\"},{\"@type\":\"ListItem\",\"position\":2,\"name\":\"Markt\",\"item\":\"https:\\\/\\\/marktxxl.de\\\/markt\\\/\"},{\"@type\":\"ListItem\",\"position\":3,\"name\":\"PG-540XL CL-541XL Patronen Heshun f\u00fcr Canon Druckerpatronen 540 541 pg540xl cl541xl Canon 540 541 XL Canon 540 541\u2026\"}]},{\"@type\":\"WebSite\",\"@id\":\"https:\\\/\\\/marktxxl.de\\\/markt\\\/#website\",\"url\":\"https:\\\/\\\/marktxxl.de\\\/markt\\\/\",\"name\":\"Markt-XXL\",\"description\":\"Ihr Markt Online\",\"publisher\":{\"@id\":\"https:\\\/\\\/marktxxl.de\\\/markt\\\/#organization\"},\"potentialAction\":[{\"@type\":\"SearchAction\",\"target\":{\"@type\":\"EntryPoint\",\"urlTemplate\":\"https:\\\/\\\/marktxxl.de\\\/markt\\\/?s={search_term_string}\"},\"query-input\":{\"@type\":\"PropertyValueSpecification\",\"valueRequired\":true,\"valueName\":\"search_term_string\"}}],\"inLanguage\":\"de\"},{\"@type\":\"Organization\",\"@id\":\"https:\\\/\\\/marktxxl.de\\\/markt\\\/#organization\",\"name\":\"Markt-XXL\",\"url\":\"https:\\\/\\\/marktxxl.de\\\/markt\\\/\",\"logo\":{\"@type\":\"ImageObject\",\"inLanguage\":\"de\",\"@id\":\"https:\\\/\\\/marktxxl.de\\\/markt\\\/#\\\/schema\\\/logo\\\/image\\\/\",\"url\":\"https:\\\/\\\/marktxxl.de\\\/markt\\\/wp-content\\\/uploads\\\/sites\\\/3\\\/2020\\\/12\\\/logo.png\",\"contentUrl\":\"https:\\\/\\\/marktxxl.de\\\/markt\\\/wp-content\\\/uploads\\\/sites\\\/3\\\/2020\\\/12\\\/logo.png\",\"width\":200,\"height\":70,\"caption\":\"Markt-XXL\"},\"image\":{\"@id\":\"https:\\\/\\\/marktxxl.de\\\/markt\\\/#\\\/schema\\\/logo\\\/image\\\/\"}}]}<\/script>\n<!-- \/ Yoast SEO plugin. -->","yoast_head_json":{"title":"PG-540XL CL-541XL Patronen Heshun f\u00fcr Canon Druckerpatronen 540 541 pg540xl cl541xl Canon 540 541 XL Canon 540 541\u2026 - Markt-XXL","description":"Markt-XXL PG-540XL CL-541XL Patronen Heshun f\u00fcr Canon Druckerpatronen 540 541 pg540xl cl541xl Canon 540 541 XL Canon 540 541\u2026","robots":{"index":"index","follow":"follow","max-snippet":"max-snippet:-1","max-image-preview":"max-image-preview:large","max-video-preview":"max-video-preview:-1"},"canonical":"https:\/\/marktxxl.de\/markt\/produkt\/pg-540xl-cl-541xl-patronen-heshun-fuer-canon-druckerpatronen-540-541-pg540xl-cl541xl-canon-540-541-xl-canon-540-541-multipack-fuer-canon-pixma-ts5150-mg3650-mg3600-mx475-mg3500-mx535\/","og_locale":"de_DE","og_type":"article","og_title":"PG-540XL CL-541XL Patronen Heshun f\u00fcr Canon Druckerpatronen 540 541 pg540xl cl541xl Canon 540 541 XL Canon 540 541\u2026 - Markt-XXL","og_description":"Markt-XXL PG-540XL CL-541XL Patronen Heshun f\u00fcr Canon Druckerpatronen 540 541 pg540xl cl541xl Canon 540 541 XL Canon 540 541\u2026","og_url":"https:\/\/marktxxl.de\/markt\/produkt\/pg-540xl-cl-541xl-patronen-heshun-fuer-canon-druckerpatronen-540-541-pg540xl-cl541xl-canon-540-541-xl-canon-540-541-multipack-fuer-canon-pixma-ts5150-mg3650-mg3600-mx475-mg3500-mx535\/","og_site_name":"Markt-XXL","article_modified_time":"2023-04-11T02:35:18+00:00","og_image":[{"width":500,"height":500,"url":"https:\/\/m.media-amazon.com\/images\/I\/41zigxbnt9L._SL500_.jpg","type":"image\/jpeg"}],"twitter_card":"summary_large_image","twitter_misc":{"Gesch\u00e4tzte Lesezeit":"1\u00a0Minute"},"schema":{"@context":"https:\/\/schema.org","@graph":[{"@type":"WebPage","@id":"https:\/\/marktxxl.de\/markt\/produkt\/pg-540xl-cl-541xl-patronen-heshun-fuer-canon-druckerpatronen-540-541-pg540xl-cl541xl-canon-540-541-xl-canon-540-541-multipack-fuer-canon-pixma-ts5150-mg3650-mg3600-mx475-mg3500-mx535\/","url":"https:\/\/marktxxl.de\/markt\/produkt\/pg-540xl-cl-541xl-patronen-heshun-fuer-canon-druckerpatronen-540-541-pg540xl-cl541xl-canon-540-541-xl-canon-540-541-multipack-fuer-canon-pixma-ts5150-mg3650-mg3600-mx475-mg3500-mx535\/","name":"PG-540XL CL-541XL Patronen Heshun f\u00fcr Canon Druckerpatronen 540 541 pg540xl cl541xl Canon 540 541 XL Canon 540 541\u2026 - Markt-XXL","isPartOf":{"@id":"https:\/\/marktxxl.de\/markt\/#website"},"primaryImageOfPage":{"@id":"https:\/\/marktxxl.de\/markt\/produkt\/pg-540xl-cl-541xl-patronen-heshun-fuer-canon-druckerpatronen-540-541-pg540xl-cl541xl-canon-540-541-xl-canon-540-541-multipack-fuer-canon-pixma-ts5150-mg3650-mg3600-mx475-mg3500-mx535\/#primaryimage"},"image":{"@id":"https:\/\/marktxxl.de\/markt\/produkt\/pg-540xl-cl-541xl-patronen-heshun-fuer-canon-druckerpatronen-540-541-pg540xl-cl541xl-canon-540-541-xl-canon-540-541-multipack-fuer-canon-pixma-ts5150-mg3650-mg3600-mx475-mg3500-mx535\/#primaryimage"},"thumbnailUrl":"https:\/\/m.media-amazon.com\/images\/I\/41zigxbnt9L._SL500_.jpg","datePublished":"2022-09-12T08:01:18+00:00","dateModified":"2023-04-11T02:35:18+00:00","description":"Markt-XXL PG-540XL CL-541XL Patronen Heshun f\u00fcr Canon Druckerpatronen 540 541 pg540xl cl541xl Canon 540 541 XL Canon 540 541\u2026","breadcrumb":{"@id":"https:\/\/marktxxl.de\/markt\/produkt\/pg-540xl-cl-541xl-patronen-heshun-fuer-canon-druckerpatronen-540-541-pg540xl-cl541xl-canon-540-541-xl-canon-540-541-multipack-fuer-canon-pixma-ts5150-mg3650-mg3600-mx475-mg3500-mx535\/#breadcrumb"},"inLanguage":"de","potentialAction":[{"@type":"ReadAction","target":["https:\/\/marktxxl.de\/markt\/produkt\/pg-540xl-cl-541xl-patronen-heshun-fuer-canon-druckerpatronen-540-541-pg540xl-cl541xl-canon-540-541-xl-canon-540-541-multipack-fuer-canon-pixma-ts5150-mg3650-mg3600-mx475-mg3500-mx535\/"]}]},{"@type":"ImageObject","inLanguage":"de","@id":"https:\/\/marktxxl.de\/markt\/produkt\/pg-540xl-cl-541xl-patronen-heshun-fuer-canon-druckerpatronen-540-541-pg540xl-cl541xl-canon-540-541-xl-canon-540-541-multipack-fuer-canon-pixma-ts5150-mg3650-mg3600-mx475-mg3500-mx535\/#primaryimage","url":"https:\/\/m.media-amazon.com\/images\/I\/41zigxbnt9L._SL500_.jpg","contentUrl":"https:\/\/m.media-amazon.com\/images\/I\/41zigxbnt9L._SL500_.jpg","width":500,"height":500},{"@type":"BreadcrumbList","@id":"https:\/\/marktxxl.de\/markt\/produkt\/pg-540xl-cl-541xl-patronen-heshun-fuer-canon-druckerpatronen-540-541-pg540xl-cl541xl-canon-540-541-xl-canon-540-541-multipack-fuer-canon-pixma-ts5150-mg3650-mg3600-mx475-mg3500-mx535\/#breadcrumb","itemListElement":[{"@type":"ListItem","position":1,"name":"Startseite","item":"https:\/\/marktxxl.de\/markt\/"},{"@type":"ListItem","position":2,"name":"Markt","item":"https:\/\/marktxxl.de\/markt\/"},{"@type":"ListItem","position":3,"name":"PG-540XL CL-541XL Patronen Heshun f\u00fcr Canon Druckerpatronen 540 541 pg540xl cl541xl Canon 540 541 XL Canon 540 541\u2026"}]},{"@type":"WebSite","@id":"https:\/\/marktxxl.de\/markt\/#website","url":"https:\/\/marktxxl.de\/markt\/","name":"Markt-XXL","description":"Ihr Markt Online","publisher":{"@id":"https:\/\/marktxxl.de\/markt\/#organization"},"potentialAction":[{"@type":"SearchAction","target":{"@type":"EntryPoint","urlTemplate":"https:\/\/marktxxl.de\/markt\/?s={search_term_string}"},"query-input":{"@type":"PropertyValueSpecification","valueRequired":true,"valueName":"search_term_string"}}],"inLanguage":"de"},{"@type":"Organization","@id":"https:\/\/marktxxl.de\/markt\/#organization","name":"Markt-XXL","url":"https:\/\/marktxxl.de\/markt\/","logo":{"@type":"ImageObject","inLanguage":"de","@id":"https:\/\/marktxxl.de\/markt\/#\/schema\/logo\/image\/","url":"https:\/\/marktxxl.de\/markt\/wp-content\/uploads\/sites\/3\/2020\/12\/logo.png","contentUrl":"https:\/\/marktxxl.de\/markt\/wp-content\/uploads\/sites\/3\/2020\/12\/logo.png","width":200,"height":70,"caption":"Markt-XXL"},"image":{"@id":"https:\/\/marktxxl.de\/markt\/#\/schema\/logo\/image\/"}}]}},"_links":{"self":[{"href":"https:\/\/marktxxl.de\/markt\/wp-json\/wp\/v2\/product\/154338","targetHints":{"allow":["GET"]}}],"collection":[{"href":"https:\/\/marktxxl.de\/markt\/wp-json\/wp\/v2\/product"}],"about":[{"href":"https:\/\/marktxxl.de\/markt\/wp-json\/wp\/v2\/types\/product"}],"replies":[{"embeddable":true,"href":"https:\/\/marktxxl.de\/markt\/wp-json\/wp\/v2\/comments?post=154338"}],"wp:featuredmedia":[{"embeddable":true,"href":"https:\/\/marktxxl.de\/markt\/wp-json\/wp\/v2\/media\/154339"}],"wp:attachment":[{"href":"https:\/\/marktxxl.de\/markt\/wp-json\/wp\/v2\/media?parent=154338"}],"wp:term":[{"taxonomy":"product_brand","embeddable":true,"href":"https:\/\/marktxxl.de\/markt\/wp-json\/wp\/v2\/product_brand?post=154338"},{"taxonomy":"product_cat","embeddable":true,"href":"https:\/\/marktxxl.de\/markt\/wp-json\/wp\/v2\/product_cat?post=154338"},{"taxonomy":"product_tag","embeddable":true,"href":"https:\/\/marktxxl.de\/markt\/wp-json\/wp\/v2\/product_tag?post=154338"}],"curies":[{"name":"wp","href":"https:\/\/api.w.org\/{rel}","templated":true}]}}