{"id":154315,"date":"2022-09-12T09:58:58","date_gmt":"2022-09-12T07:58:58","guid":{"rendered":"https:\/\/marktxxl.de\/markt\/produkt\/usb-c-kabel-auf-usb-c-3-1a-ainope-ladekabel-usb-c-schnellladekabel-usb-c-kabel-2m-nylon-geflochtenes-usb-a-auf-usb-c-ladekabel-fuer-samsung-galaxy-s22-s21-s20-ipad-pro-huawei\/"},"modified":"2023-04-11T04:35:17","modified_gmt":"2023-04-11T02:35:17","slug":"usb-c-kabel-auf-usb-c-3-1a-ainope-ladekabel-usb-c-schnellladekabel-usb-c-kabel-2m-nylon-geflochtenes-usb-a-auf-usb-c-ladekabel-fuer-samsung-galaxy-s22-s21-s20-ipad-pro-huawei","status":"publish","type":"product","link":"https:\/\/marktxxl.de\/markt\/produkt\/usb-c-kabel-auf-usb-c-3-1a-ainope-ladekabel-usb-c-schnellladekabel-usb-c-kabel-2m-nylon-geflochtenes-usb-a-auf-usb-c-ladekabel-fuer-samsung-galaxy-s22-s21-s20-ipad-pro-huawei\/","title":{"rendered":"AINOPE USB C Kabel Auf USB C 60W, 3.1A Ladekabel USB C Schnellladekabel USB C Kabel 2M Nylon Geflochtenes USB A auf USB\u2026"},"content":{"rendered":"<p>Multi-Interface-Design: Ladekabel usb c\uff08QC 3.1A\uff09und usb c kabel auf usb c\uff08PD Max 60W\uff09 2 in 1 Sie k\u00f6nnen damit alle USB-C-Ger\u00e4te anschlie\u00dfen. Cable Creation 2 in 1 usb c ladekabel, direktes Verbinden\/Laden des Ger\u00e4ts mit dem neuesten Typ-C-Laptop\/Ladeger\u00e4t. Einfach zu transportieren und bequemer zu verwenden. Kompatibel mit allen Ladeadaptern, unabh\u00e4ngig davon, ob sie einen USB-C-Ladeanschluss oder einen USB-A-Anschluss haben. HINWEIS: Zum Laden von MacBook\/iPad pro\/air-Ger\u00e4ten verwenden Sie bitte das USB-C-auf-USB-C-Kabel<br \/>\nZERTIFIZIERTES 3.1A FASR LADEN: Das AINOPE ladekabel usb c schnellladekabel enth\u00e4lt einen eingebauten 56K-Ohm-Widerstand und einen maximalen Ausgang von 3,1A, um Ihr Ger\u00e4t und den Ladeadapter vor Sch\u00e4den zu sch\u00fctzen. Der maximale Ausgangsstrom betr\u00e4gt 20V\/3.1A (MAX), aber Sie m\u00fcssen ein Netzteil mit der passenden Leistung von 18W\/30W\/45W\/60W verwenden. Laden Sie bis zu 80% in 30 Minuten und \u00fcbertragen Sie Daten mit bis zu 480Mbps (Synchronisierung von 1200 Songs pro Minute). Genie\u00dfen Sie Ihr bevorzugtes Ladekabel f\u00fcr das Samsung Galaxy S22 Ultra<br \/>\nUPGRADED 10X DURABLE: Laserschwei\u00dftechnologie wird im usb c schnellladekabel verwendet, um zu verhindern, dass Metallteile brechen. Die Haltbarkeit des Kabels wird durch das extralange gummiummantelte SR-Breakout-Design verbessert. Mit \u00fcber 40.000 bestandenen Biegetests bietet dieses doppelt geflochtene Nylon-Schnellladekabel usb c kabel eine au\u00dfergew\u00f6hnliche Haltbarkeit und Flexibilit\u00e4t<br \/>\n2M PERFEKTES DESIGN: Das usb c kabel 2M hat einen eingebauten schwarzen Technologie-Smart-Chip, der den Strom intelligent reguliert, und das ultralange Kabel verz\u00f6gert das superschnelle Laden nicht. Mit dem Multi-Port-Anschluss k\u00f6nnen Sie Videos oder Spiele genie\u00dfen, w\u00e4hrend Sie auf der Couch liegen. Es kann bei verschiedenen Gelegenheiten wie im Schlafzimmer, im B\u00fcro oder auf dem R\u00fccksitz des Autos verwendet werden. Dar\u00fcber hinaus kann dieses typ c ladekabel mit Klettverschluss gefaltet werden, um es nach Belieben zu verk\u00fcrzen, und Sie k\u00f6nnen jede tragbare Gr\u00f6\u00dfe w\u00e4hlen<br \/>\nBreiter Einsatz f\u00fcr alle USB C Ger\u00e4te: ladekabel usb c schnellladekabel kompatibel mit allen USB Typ C Ger\u00e4ten, passend f\u00fcr Samsung Galaxy S22 Ultra\/S21+\/S21\/S20\/S20+\/S20\/S10\/S9\/S8\/ Note 20 10 9, MacBook Air\/Pro 13&#8221;, iPad Pro 2021\/2020\/2018, iPad Air 2020, iPad Mini 6, LG G6\/G5\/V30\/V20, Google Pixel, Nexus 5X\/ 6P, Pixel C, Pixel XL 2 und kommende Ger\u00e4te mit USB C Anschluss<br \/>\n<div class=\"main-cross-sell\" data-asin=\"B0B963MY1V\">\n\n\t<div class=\"WooZone-cross-sell-loader\">\n\t\t<div>\n\t\t\t<div id=\"floatingBarsG\">\n\t\t\t\t<div class=\"blockG\" id=\"rotateG_01\"><\/div>\n\t\t\t\t<div class=\"blockG\" id=\"rotateG_02\"><\/div>\n\t\t\t\t<div class=\"blockG\" id=\"rotateG_03\"><\/div>\n\t\t\t\t<div class=\"blockG\" id=\"rotateG_04\"><\/div>\n\t\t\t\t<div class=\"blockG\" id=\"rotateG_05\"><\/div>\n\t\t\t\t<div class=\"blockG\" id=\"rotateG_06\"><\/div>\n\t\t\t\t<div class=\"blockG\" id=\"rotateG_07\"><\/div>\n\t\t\t\t<div class=\"blockG\" id=\"rotateG_08\"><\/div>\n\t\t\t<\/div>\n\t\t\t<div class=\"WooZone-cross-sell-loader-text\"><\/div>\n\t\t<\/div>\n\t<\/div>\n\n\t\t\n<\/div>\n<div style=\"clear:both;\"><\/div><\/p>\n","protected":false},"excerpt":{"rendered":"<p>Multi-Interface-Design: Ladekabel usb c\uff08QC 3.1A\uff09und usb c kabel auf usb c\uff08PD Max 60W\uff09 2 in 1 Sie k\u00f6nnen damit alle USB-C-Ger\u00e4te anschlie\u00dfen. Cable Creation 2 in 1 usb c ladekabel, direktes Verbinden\/Laden des Ger\u00e4ts mit dem neuesten Typ-C-Laptop\/Ladeger\u00e4t. Einfach zu transportieren und bequemer zu verwenden. Kompatibel mit allen Ladeadaptern, unabh\u00e4ngig davon, ob sie einen USB-C-Ladeanschluss oder einen USB-A-Anschluss haben. HINWEIS: Zum Laden von MacBook\/iPad pro\/air-Ger\u00e4ten verwenden Sie bitte das USB-C-auf-USB-C-Kabel<br \/>\nZERTIFIZIERTES 3.1A FASR LADEN: Das AINOPE ladekabel usb c schnellladekabel enth\u00e4lt einen eingebauten 56K-Ohm-Widerstand und einen maximalen Ausgang von 3,1A, um Ihr Ger\u00e4t und den Ladeadapter vor Sch\u00e4den zu sch\u00fctzen. Der maximale Ausgangsstrom betr\u00e4gt 20V\/3.1A (MAX), aber Sie m\u00fcssen ein Netzteil mit der passenden Leistung von 18W\/30W\/45W\/60W verwenden. Laden Sie bis zu 80% in 30 Minuten und \u00fcbertragen Sie Daten mit bis zu 480Mbps (Synchronisierung von 1200 Songs pro Minute). Genie\u00dfen Sie Ihr bevorzugtes Ladekabel f\u00fcr das Samsung Galaxy S22 Ultra<br \/>\nUPGRADED 10X DURABLE: Laserschwei\u00dftechnologie wird im usb c schnellladekabel verwendet, um zu verhindern, dass Metallteile brechen. Die Haltbarkeit des Kabels wird durch das extralange gummiummantelte SR-Breakout-Design verbessert. Mit \u00fcber 40.000 bestandenen Biegetests bietet dieses doppelt geflochtene Nylon-Schnellladekabel usb c kabel eine au\u00dfergew\u00f6hnliche Haltbarkeit und Flexibilit\u00e4t<\/p>\n","protected":false},"featured_media":154316,"comment_status":"open","ping_status":"closed","template":"","meta":[],"product_brand":[],"product_cat":[863],"product_tag":[],"class_list":{"0":"post-154315","1":"product","2":"type-product","3":"status-publish","4":"has-post-thumbnail","6":"product_cat-computer-zubehoer","7":"pa_brand-ainope","8":"pa_color-grau","9":"pa_manufacturer-ainope","10":"pa_warranty-1-jahr","12":"first","13":"instock","14":"shipping-taxable","15":"purchasable","16":"product-type-simple","17":"customify-col","18":"product-has-gallery"},"yoast_head":"<!-- This site is optimized with the Yoast SEO plugin v27.4 - https:\/\/yoast.com\/product\/yoast-seo-wordpress\/ -->\n<title>AINOPE USB C Kabel Auf USB C 60W, 3.1A Ladekabel USB C Schnellladekabel USB C Kabel 2M Nylon Geflochtenes USB A auf USB\u2026 - Markt-XXL<\/title>\n<meta name=\"description\" content=\"Markt-XXL AINOPE USB C Kabel Auf USB C 60W, 3.1A Ladekabel USB C Schnellladekabel USB C Kabel 2M Nylon Geflochtenes USB A auf USB\u2026\" \/>\n<meta name=\"robots\" content=\"index, follow, max-snippet:-1, max-image-preview:large, max-video-preview:-1\" \/>\n<link rel=\"canonical\" href=\"https:\/\/marktxxl.de\/markt\/produkt\/usb-c-kabel-auf-usb-c-3-1a-ainope-ladekabel-usb-c-schnellladekabel-usb-c-kabel-2m-nylon-geflochtenes-usb-a-auf-usb-c-ladekabel-fuer-samsung-galaxy-s22-s21-s20-ipad-pro-huawei\/\" \/>\n<meta property=\"og:locale\" content=\"de_DE\" \/>\n<meta property=\"og:type\" content=\"article\" \/>\n<meta property=\"og:title\" content=\"AINOPE USB C Kabel Auf USB C 60W, 3.1A Ladekabel USB C Schnellladekabel USB C Kabel 2M Nylon Geflochtenes USB A auf USB\u2026 - Markt-XXL\" \/>\n<meta property=\"og:description\" content=\"Markt-XXL AINOPE USB C Kabel Auf USB C 60W, 3.1A Ladekabel USB C Schnellladekabel USB C Kabel 2M Nylon Geflochtenes USB A auf USB\u2026\" \/>\n<meta property=\"og:url\" content=\"https:\/\/marktxxl.de\/markt\/produkt\/usb-c-kabel-auf-usb-c-3-1a-ainope-ladekabel-usb-c-schnellladekabel-usb-c-kabel-2m-nylon-geflochtenes-usb-a-auf-usb-c-ladekabel-fuer-samsung-galaxy-s22-s21-s20-ipad-pro-huawei\/\" \/>\n<meta property=\"og:site_name\" content=\"Markt-XXL\" \/>\n<meta property=\"article:modified_time\" content=\"2023-04-11T02:35:17+00:00\" \/>\n<meta property=\"og:image\" content=\"https:\/\/m.media-amazon.com\/images\/I\/51FkwZucl1L._SL500_.jpg\" \/>\n\t<meta property=\"og:image:width\" content=\"500\" \/>\n\t<meta property=\"og:image:height\" content=\"500\" \/>\n\t<meta property=\"og:image:type\" content=\"image\/jpeg\" \/>\n<meta name=\"twitter:card\" content=\"summary_large_image\" \/>\n<meta name=\"twitter:label1\" content=\"Gesch\u00e4tzte Lesezeit\" \/>\n\t<meta name=\"twitter:data1\" content=\"2\u00a0Minuten\" \/>\n<script type=\"application\/ld+json\" class=\"yoast-schema-graph\">{\"@context\":\"https:\\\/\\\/schema.org\",\"@graph\":[{\"@type\":\"WebPage\",\"@id\":\"https:\\\/\\\/marktxxl.de\\\/markt\\\/produkt\\\/usb-c-kabel-auf-usb-c-3-1a-ainope-ladekabel-usb-c-schnellladekabel-usb-c-kabel-2m-nylon-geflochtenes-usb-a-auf-usb-c-ladekabel-fuer-samsung-galaxy-s22-s21-s20-ipad-pro-huawei\\\/\",\"url\":\"https:\\\/\\\/marktxxl.de\\\/markt\\\/produkt\\\/usb-c-kabel-auf-usb-c-3-1a-ainope-ladekabel-usb-c-schnellladekabel-usb-c-kabel-2m-nylon-geflochtenes-usb-a-auf-usb-c-ladekabel-fuer-samsung-galaxy-s22-s21-s20-ipad-pro-huawei\\\/\",\"name\":\"AINOPE USB C Kabel Auf USB C 60W, 3.1A Ladekabel USB C Schnellladekabel USB C Kabel 2M Nylon Geflochtenes USB A auf USB\u2026 - Markt-XXL\",\"isPartOf\":{\"@id\":\"https:\\\/\\\/marktxxl.de\\\/markt\\\/#website\"},\"primaryImageOfPage\":{\"@id\":\"https:\\\/\\\/marktxxl.de\\\/markt\\\/produkt\\\/usb-c-kabel-auf-usb-c-3-1a-ainope-ladekabel-usb-c-schnellladekabel-usb-c-kabel-2m-nylon-geflochtenes-usb-a-auf-usb-c-ladekabel-fuer-samsung-galaxy-s22-s21-s20-ipad-pro-huawei\\\/#primaryimage\"},\"image\":{\"@id\":\"https:\\\/\\\/marktxxl.de\\\/markt\\\/produkt\\\/usb-c-kabel-auf-usb-c-3-1a-ainope-ladekabel-usb-c-schnellladekabel-usb-c-kabel-2m-nylon-geflochtenes-usb-a-auf-usb-c-ladekabel-fuer-samsung-galaxy-s22-s21-s20-ipad-pro-huawei\\\/#primaryimage\"},\"thumbnailUrl\":\"https:\\\/\\\/m.media-amazon.com\\\/images\\\/I\\\/51FkwZucl1L._SL500_.jpg\",\"datePublished\":\"2022-09-12T07:58:58+00:00\",\"dateModified\":\"2023-04-11T02:35:17+00:00\",\"description\":\"Markt-XXL AINOPE USB C Kabel Auf USB C 60W, 3.1A Ladekabel USB C Schnellladekabel USB C Kabel 2M Nylon Geflochtenes USB A auf USB\u2026\",\"breadcrumb\":{\"@id\":\"https:\\\/\\\/marktxxl.de\\\/markt\\\/produkt\\\/usb-c-kabel-auf-usb-c-3-1a-ainope-ladekabel-usb-c-schnellladekabel-usb-c-kabel-2m-nylon-geflochtenes-usb-a-auf-usb-c-ladekabel-fuer-samsung-galaxy-s22-s21-s20-ipad-pro-huawei\\\/#breadcrumb\"},\"inLanguage\":\"de\",\"potentialAction\":[{\"@type\":\"ReadAction\",\"target\":[\"https:\\\/\\\/marktxxl.de\\\/markt\\\/produkt\\\/usb-c-kabel-auf-usb-c-3-1a-ainope-ladekabel-usb-c-schnellladekabel-usb-c-kabel-2m-nylon-geflochtenes-usb-a-auf-usb-c-ladekabel-fuer-samsung-galaxy-s22-s21-s20-ipad-pro-huawei\\\/\"]}]},{\"@type\":\"ImageObject\",\"inLanguage\":\"de\",\"@id\":\"https:\\\/\\\/marktxxl.de\\\/markt\\\/produkt\\\/usb-c-kabel-auf-usb-c-3-1a-ainope-ladekabel-usb-c-schnellladekabel-usb-c-kabel-2m-nylon-geflochtenes-usb-a-auf-usb-c-ladekabel-fuer-samsung-galaxy-s22-s21-s20-ipad-pro-huawei\\\/#primaryimage\",\"url\":\"https:\\\/\\\/m.media-amazon.com\\\/images\\\/I\\\/51FkwZucl1L._SL500_.jpg\",\"contentUrl\":\"https:\\\/\\\/m.media-amazon.com\\\/images\\\/I\\\/51FkwZucl1L._SL500_.jpg\",\"width\":500,\"height\":500},{\"@type\":\"BreadcrumbList\",\"@id\":\"https:\\\/\\\/marktxxl.de\\\/markt\\\/produkt\\\/usb-c-kabel-auf-usb-c-3-1a-ainope-ladekabel-usb-c-schnellladekabel-usb-c-kabel-2m-nylon-geflochtenes-usb-a-auf-usb-c-ladekabel-fuer-samsung-galaxy-s22-s21-s20-ipad-pro-huawei\\\/#breadcrumb\",\"itemListElement\":[{\"@type\":\"ListItem\",\"position\":1,\"name\":\"Startseite\",\"item\":\"https:\\\/\\\/marktxxl.de\\\/markt\\\/\"},{\"@type\":\"ListItem\",\"position\":2,\"name\":\"Markt\",\"item\":\"https:\\\/\\\/marktxxl.de\\\/markt\\\/\"},{\"@type\":\"ListItem\",\"position\":3,\"name\":\"AINOPE USB C Kabel Auf USB C 60W, 3.1A Ladekabel USB C Schnellladekabel USB C Kabel 2M Nylon Geflochtenes USB A auf USB\u2026\"}]},{\"@type\":\"WebSite\",\"@id\":\"https:\\\/\\\/marktxxl.de\\\/markt\\\/#website\",\"url\":\"https:\\\/\\\/marktxxl.de\\\/markt\\\/\",\"name\":\"Markt-XXL\",\"description\":\"Ihr Markt Online\",\"publisher\":{\"@id\":\"https:\\\/\\\/marktxxl.de\\\/markt\\\/#organization\"},\"potentialAction\":[{\"@type\":\"SearchAction\",\"target\":{\"@type\":\"EntryPoint\",\"urlTemplate\":\"https:\\\/\\\/marktxxl.de\\\/markt\\\/?s={search_term_string}\"},\"query-input\":{\"@type\":\"PropertyValueSpecification\",\"valueRequired\":true,\"valueName\":\"search_term_string\"}}],\"inLanguage\":\"de\"},{\"@type\":\"Organization\",\"@id\":\"https:\\\/\\\/marktxxl.de\\\/markt\\\/#organization\",\"name\":\"Markt-XXL\",\"url\":\"https:\\\/\\\/marktxxl.de\\\/markt\\\/\",\"logo\":{\"@type\":\"ImageObject\",\"inLanguage\":\"de\",\"@id\":\"https:\\\/\\\/marktxxl.de\\\/markt\\\/#\\\/schema\\\/logo\\\/image\\\/\",\"url\":\"https:\\\/\\\/marktxxl.de\\\/markt\\\/wp-content\\\/uploads\\\/sites\\\/3\\\/2020\\\/12\\\/logo.png\",\"contentUrl\":\"https:\\\/\\\/marktxxl.de\\\/markt\\\/wp-content\\\/uploads\\\/sites\\\/3\\\/2020\\\/12\\\/logo.png\",\"width\":200,\"height\":70,\"caption\":\"Markt-XXL\"},\"image\":{\"@id\":\"https:\\\/\\\/marktxxl.de\\\/markt\\\/#\\\/schema\\\/logo\\\/image\\\/\"}}]}<\/script>\n<!-- \/ Yoast SEO plugin. -->","yoast_head_json":{"title":"AINOPE USB C Kabel Auf USB C 60W, 3.1A Ladekabel USB C Schnellladekabel USB C Kabel 2M Nylon Geflochtenes USB A auf USB\u2026 - Markt-XXL","description":"Markt-XXL AINOPE USB C Kabel Auf USB C 60W, 3.1A Ladekabel USB C Schnellladekabel USB C Kabel 2M Nylon Geflochtenes USB A auf USB\u2026","robots":{"index":"index","follow":"follow","max-snippet":"max-snippet:-1","max-image-preview":"max-image-preview:large","max-video-preview":"max-video-preview:-1"},"canonical":"https:\/\/marktxxl.de\/markt\/produkt\/usb-c-kabel-auf-usb-c-3-1a-ainope-ladekabel-usb-c-schnellladekabel-usb-c-kabel-2m-nylon-geflochtenes-usb-a-auf-usb-c-ladekabel-fuer-samsung-galaxy-s22-s21-s20-ipad-pro-huawei\/","og_locale":"de_DE","og_type":"article","og_title":"AINOPE USB C Kabel Auf USB C 60W, 3.1A Ladekabel USB C Schnellladekabel USB C Kabel 2M Nylon Geflochtenes USB A auf USB\u2026 - Markt-XXL","og_description":"Markt-XXL AINOPE USB C Kabel Auf USB C 60W, 3.1A Ladekabel USB C Schnellladekabel USB C Kabel 2M Nylon Geflochtenes USB A auf USB\u2026","og_url":"https:\/\/marktxxl.de\/markt\/produkt\/usb-c-kabel-auf-usb-c-3-1a-ainope-ladekabel-usb-c-schnellladekabel-usb-c-kabel-2m-nylon-geflochtenes-usb-a-auf-usb-c-ladekabel-fuer-samsung-galaxy-s22-s21-s20-ipad-pro-huawei\/","og_site_name":"Markt-XXL","article_modified_time":"2023-04-11T02:35:17+00:00","og_image":[{"width":500,"height":500,"url":"https:\/\/m.media-amazon.com\/images\/I\/51FkwZucl1L._SL500_.jpg","type":"image\/jpeg"}],"twitter_card":"summary_large_image","twitter_misc":{"Gesch\u00e4tzte Lesezeit":"2\u00a0Minuten"},"schema":{"@context":"https:\/\/schema.org","@graph":[{"@type":"WebPage","@id":"https:\/\/marktxxl.de\/markt\/produkt\/usb-c-kabel-auf-usb-c-3-1a-ainope-ladekabel-usb-c-schnellladekabel-usb-c-kabel-2m-nylon-geflochtenes-usb-a-auf-usb-c-ladekabel-fuer-samsung-galaxy-s22-s21-s20-ipad-pro-huawei\/","url":"https:\/\/marktxxl.de\/markt\/produkt\/usb-c-kabel-auf-usb-c-3-1a-ainope-ladekabel-usb-c-schnellladekabel-usb-c-kabel-2m-nylon-geflochtenes-usb-a-auf-usb-c-ladekabel-fuer-samsung-galaxy-s22-s21-s20-ipad-pro-huawei\/","name":"AINOPE USB C Kabel Auf USB C 60W, 3.1A Ladekabel USB C Schnellladekabel USB C Kabel 2M Nylon Geflochtenes USB A auf USB\u2026 - Markt-XXL","isPartOf":{"@id":"https:\/\/marktxxl.de\/markt\/#website"},"primaryImageOfPage":{"@id":"https:\/\/marktxxl.de\/markt\/produkt\/usb-c-kabel-auf-usb-c-3-1a-ainope-ladekabel-usb-c-schnellladekabel-usb-c-kabel-2m-nylon-geflochtenes-usb-a-auf-usb-c-ladekabel-fuer-samsung-galaxy-s22-s21-s20-ipad-pro-huawei\/#primaryimage"},"image":{"@id":"https:\/\/marktxxl.de\/markt\/produkt\/usb-c-kabel-auf-usb-c-3-1a-ainope-ladekabel-usb-c-schnellladekabel-usb-c-kabel-2m-nylon-geflochtenes-usb-a-auf-usb-c-ladekabel-fuer-samsung-galaxy-s22-s21-s20-ipad-pro-huawei\/#primaryimage"},"thumbnailUrl":"https:\/\/m.media-amazon.com\/images\/I\/51FkwZucl1L._SL500_.jpg","datePublished":"2022-09-12T07:58:58+00:00","dateModified":"2023-04-11T02:35:17+00:00","description":"Markt-XXL AINOPE USB C Kabel Auf USB C 60W, 3.1A Ladekabel USB C Schnellladekabel USB C Kabel 2M Nylon Geflochtenes USB A auf USB\u2026","breadcrumb":{"@id":"https:\/\/marktxxl.de\/markt\/produkt\/usb-c-kabel-auf-usb-c-3-1a-ainope-ladekabel-usb-c-schnellladekabel-usb-c-kabel-2m-nylon-geflochtenes-usb-a-auf-usb-c-ladekabel-fuer-samsung-galaxy-s22-s21-s20-ipad-pro-huawei\/#breadcrumb"},"inLanguage":"de","potentialAction":[{"@type":"ReadAction","target":["https:\/\/marktxxl.de\/markt\/produkt\/usb-c-kabel-auf-usb-c-3-1a-ainope-ladekabel-usb-c-schnellladekabel-usb-c-kabel-2m-nylon-geflochtenes-usb-a-auf-usb-c-ladekabel-fuer-samsung-galaxy-s22-s21-s20-ipad-pro-huawei\/"]}]},{"@type":"ImageObject","inLanguage":"de","@id":"https:\/\/marktxxl.de\/markt\/produkt\/usb-c-kabel-auf-usb-c-3-1a-ainope-ladekabel-usb-c-schnellladekabel-usb-c-kabel-2m-nylon-geflochtenes-usb-a-auf-usb-c-ladekabel-fuer-samsung-galaxy-s22-s21-s20-ipad-pro-huawei\/#primaryimage","url":"https:\/\/m.media-amazon.com\/images\/I\/51FkwZucl1L._SL500_.jpg","contentUrl":"https:\/\/m.media-amazon.com\/images\/I\/51FkwZucl1L._SL500_.jpg","width":500,"height":500},{"@type":"BreadcrumbList","@id":"https:\/\/marktxxl.de\/markt\/produkt\/usb-c-kabel-auf-usb-c-3-1a-ainope-ladekabel-usb-c-schnellladekabel-usb-c-kabel-2m-nylon-geflochtenes-usb-a-auf-usb-c-ladekabel-fuer-samsung-galaxy-s22-s21-s20-ipad-pro-huawei\/#breadcrumb","itemListElement":[{"@type":"ListItem","position":1,"name":"Startseite","item":"https:\/\/marktxxl.de\/markt\/"},{"@type":"ListItem","position":2,"name":"Markt","item":"https:\/\/marktxxl.de\/markt\/"},{"@type":"ListItem","position":3,"name":"AINOPE USB C Kabel Auf USB C 60W, 3.1A Ladekabel USB C Schnellladekabel USB C Kabel 2M Nylon Geflochtenes USB A auf USB\u2026"}]},{"@type":"WebSite","@id":"https:\/\/marktxxl.de\/markt\/#website","url":"https:\/\/marktxxl.de\/markt\/","name":"Markt-XXL","description":"Ihr Markt Online","publisher":{"@id":"https:\/\/marktxxl.de\/markt\/#organization"},"potentialAction":[{"@type":"SearchAction","target":{"@type":"EntryPoint","urlTemplate":"https:\/\/marktxxl.de\/markt\/?s={search_term_string}"},"query-input":{"@type":"PropertyValueSpecification","valueRequired":true,"valueName":"search_term_string"}}],"inLanguage":"de"},{"@type":"Organization","@id":"https:\/\/marktxxl.de\/markt\/#organization","name":"Markt-XXL","url":"https:\/\/marktxxl.de\/markt\/","logo":{"@type":"ImageObject","inLanguage":"de","@id":"https:\/\/marktxxl.de\/markt\/#\/schema\/logo\/image\/","url":"https:\/\/marktxxl.de\/markt\/wp-content\/uploads\/sites\/3\/2020\/12\/logo.png","contentUrl":"https:\/\/marktxxl.de\/markt\/wp-content\/uploads\/sites\/3\/2020\/12\/logo.png","width":200,"height":70,"caption":"Markt-XXL"},"image":{"@id":"https:\/\/marktxxl.de\/markt\/#\/schema\/logo\/image\/"}}]}},"_links":{"self":[{"href":"https:\/\/marktxxl.de\/markt\/wp-json\/wp\/v2\/product\/154315","targetHints":{"allow":["GET"]}}],"collection":[{"href":"https:\/\/marktxxl.de\/markt\/wp-json\/wp\/v2\/product"}],"about":[{"href":"https:\/\/marktxxl.de\/markt\/wp-json\/wp\/v2\/types\/product"}],"replies":[{"embeddable":true,"href":"https:\/\/marktxxl.de\/markt\/wp-json\/wp\/v2\/comments?post=154315"}],"wp:featuredmedia":[{"embeddable":true,"href":"https:\/\/marktxxl.de\/markt\/wp-json\/wp\/v2\/media\/154316"}],"wp:attachment":[{"href":"https:\/\/marktxxl.de\/markt\/wp-json\/wp\/v2\/media?parent=154315"}],"wp:term":[{"taxonomy":"product_brand","embeddable":true,"href":"https:\/\/marktxxl.de\/markt\/wp-json\/wp\/v2\/product_brand?post=154315"},{"taxonomy":"product_cat","embeddable":true,"href":"https:\/\/marktxxl.de\/markt\/wp-json\/wp\/v2\/product_cat?post=154315"},{"taxonomy":"product_tag","embeddable":true,"href":"https:\/\/marktxxl.de\/markt\/wp-json\/wp\/v2\/product_tag?post=154315"}],"curies":[{"name":"wp","href":"https:\/\/api.w.org\/{rel}","templated":true}]}}