{"id":154266,"date":"2022-09-12T09:58:23","date_gmt":"2022-09-12T07:58:23","guid":{"rendered":"https:\/\/marktxxl.de\/markt\/produkt\/android-12-0-tv-box-android-box-mit-4gb-ram-32gb-rom-allwinner-h618-quad-core-64-bit-arm-corter-a53-cpu-6k-aufloesung-2-4ghz-5ghz-wifi6-10-100m-lan-enternet-bluetooth-5-0\/"},"modified":"2023-04-11T04:35:17","modified_gmt":"2023-04-11T02:35:17","slug":"android-12-0-tv-box-android-box-mit-4gb-ram-32gb-rom-allwinner-h618-quad-core-64-bit-arm-corter-a53-cpu-6k-aufloesung-2-4ghz-5ghz-wifi6-10-100m-lan-enternet-bluetooth-5-0","status":"publish","type":"product","link":"https:\/\/marktxxl.de\/markt\/produkt\/android-12-0-tv-box-android-box-mit-4gb-ram-32gb-rom-allwinner-h618-quad-core-64-bit-arm-corter-a53-cpu-6k-aufloesung-2-4ghz-5ghz-wifi6-10-100m-lan-enternet-bluetooth-5-0\/","title":{"rendered":"Android 12.0 TV Box, Android Box mit 4GB RAM 32GB ROM Allwinner H618 Quad-Core 64-Bit-ARM Corter-A53-CPU 6K Aufl\u00f6sung 2\u2026"},"content":{"rendered":"<p>\u2605\u3010Das neueste Android 12.0-Betriebssystem\u3011 Die Android-TV-Box wird mit dem Betriebssystem Android 12.0 geliefert, das sicherstellt, dass die Box stabil und reibungslos l\u00e4uft, um Filme, Bilder und Spiele ohne Puffer zu laden. Android 12.0 legt die Messlatte in Leistung und Benutzerfreundlichkeit mit einer glatten, verz\u00f6gerungsfreien und stabileren Oberfl\u00e4che h\u00f6her.<br \/>\n\u2605\u30102.4G\/5.0G WIFI 6 &amp; BT 5.0\u3011Die Smart-TV-Box unterst\u00fctzt 2.4G\/5G WiFi 6, HDMI 2.0, 10\/100M Ethernet LAN und Bluetooth 5.0. WIFI6 erm\u00f6glicht die Kommunikation mit bis zu 8 Ger\u00e4ten mit einer maximalen \u00dcbertragungsrate von 9,6 Gbit\/s. Machen Sie sich keine Sorgen \u00fcber langsame Download-Geschwindigkeit und mehr Verbindungsoptionen, wenn Sie Videos ansehen und Spiele spielen usw.<br \/>\n\u2605\u30104 GB RAM 32 GB ROM\u3011 Die Android-TV-Box ist mit 4 GB RAM und 32 GB ROM ausgestattet, was die Geschwindigkeit und Stabilit\u00e4t des Betriebssystems gew\u00e4hrleistet und eine viel h\u00f6here Laufgeschwindigkeit unterst\u00fctzt, ohne zu puffern oder auszufallen. Und es ist gen\u00fcgend Platz vorhanden, um Apps, Spiele etc. zu installieren. \u00dcber den Micro-SD-Kartenslot l\u00e4sst sich der Speicher zus\u00e4tzlich erweitern. Sie m\u00fcssen sich keine Sorgen machen, dass Ihnen der Speicherplatz ausgeht.<br \/>\n\u2605\u3010Der leistungsstarke Chip\u3011Die Android-Box ist mit der neuesten Allwinner H618 Quad-Core Cortex-A53-CPU mit Mali-G31 MP2 mit st\u00e4rkerer Bildverarbeitungsfunktion ausgestattet. Bieten Sie Benutzern ein hervorragendes Erlebnis mit superschneller Laufgeschwindigkeit und professionellen Bildverarbeitungsfunktionen.<br \/>\n\u2605\u30106K + 3D &amp; H.265\u3011 Die TV-Box unterst\u00fctzt die Dekodierung und Wiedergabe fast aller g\u00e4ngigen Audio- und Videoformate, Sie k\u00f6nnen 6K ultimatives HD-Video genie\u00dfen, das die klarere Aufl\u00f6sung als 4K ist. Sie k\u00f6nnen Tausende von Android-Spielen auf einem gro\u00dfen 6K-Bildschirm spielen und ein qualitativ hochwertigeres Erlebnis mit weniger Pufferung genie\u00dfen. Dar\u00fcber hinaus unterst\u00fctzt diese TV-Box 3D, Sie k\u00f6nnen das visuelle Fest genie\u00dfen.<br \/>\n<div class=\"main-cross-sell\" data-asin=\"B0B8ZQ37ZG\">\n\n\t<div class=\"WooZone-cross-sell-loader\">\n\t\t<div>\n\t\t\t<div id=\"floatingBarsG\">\n\t\t\t\t<div class=\"blockG\" id=\"rotateG_01\"><\/div>\n\t\t\t\t<div class=\"blockG\" id=\"rotateG_02\"><\/div>\n\t\t\t\t<div class=\"blockG\" id=\"rotateG_03\"><\/div>\n\t\t\t\t<div class=\"blockG\" id=\"rotateG_04\"><\/div>\n\t\t\t\t<div class=\"blockG\" id=\"rotateG_05\"><\/div>\n\t\t\t\t<div class=\"blockG\" id=\"rotateG_06\"><\/div>\n\t\t\t\t<div class=\"blockG\" id=\"rotateG_07\"><\/div>\n\t\t\t\t<div class=\"blockG\" id=\"rotateG_08\"><\/div>\n\t\t\t<\/div>\n\t\t\t<div class=\"WooZone-cross-sell-loader-text\"><\/div>\n\t\t<\/div>\n\t<\/div>\n\n\t\t\n<\/div>\n<div style=\"clear:both;\"><\/div><\/p>\n","protected":false},"excerpt":{"rendered":"<p>\u2605\u3010Das neueste Android 12.0-Betriebssystem\u3011 Die Android-TV-Box wird mit dem Betriebssystem Android 12.0 geliefert, das sicherstellt, dass die Box stabil und reibungslos l\u00e4uft, um Filme, Bilder und Spiele ohne Puffer zu laden. Android 12.0 legt die Messlatte in Leistung und Benutzerfreundlichkeit mit einer glatten, verz\u00f6gerungsfreien und stabileren Oberfl\u00e4che h\u00f6her.<br \/>\n\u2605\u30102.4G\/5.0G WIFI 6 &amp; BT 5.0\u3011Die Smart-TV-Box unterst\u00fctzt 2.4G\/5G WiFi 6, HDMI 2.0, 10\/100M Ethernet LAN und Bluetooth 5.0. WIFI6 erm\u00f6glicht die Kommunikation mit bis zu 8 Ger\u00e4ten mit einer maximalen \u00dcbertragungsrate von 9,6 Gbit\/s. Machen Sie sich keine Sorgen \u00fcber langsame Download-Geschwindigkeit und mehr Verbindungsoptionen, wenn Sie Videos ansehen und Spiele spielen usw.<br \/>\n\u2605\u30104 GB RAM 32 GB ROM\u3011 Die Android-TV-Box ist mit 4 GB RAM und 32 GB ROM ausgestattet, was die Geschwindigkeit und Stabilit\u00e4t des Betriebssystems gew\u00e4hrleistet und eine viel h\u00f6here Laufgeschwindigkeit unterst\u00fctzt, ohne zu puffern oder auszufallen. Und es ist gen\u00fcgend Platz vorhanden, um Apps, Spiele etc. zu installieren. \u00dcber den Micro-SD-Kartenslot l\u00e4sst sich der Speicher zus\u00e4tzlich erweitern. Sie m\u00fcssen sich keine Sorgen machen, dass Ihnen der Speicherplatz ausgeht.<\/p>\n","protected":false},"featured_media":154267,"comment_status":"open","ping_status":"closed","template":"","meta":[],"product_brand":[],"product_cat":[863],"product_tag":[],"class_list":{"0":"post-154266","1":"product","2":"type-product","3":"status-publish","4":"has-post-thumbnail","6":"product_cat-computer-zubehoer","7":"pa_brand-idealroyal","8":"pa_manufacturer-idealroyal","9":"pa_warranty-1013","11":"first","12":"instock","13":"shipping-taxable","14":"purchasable","15":"product-type-simple","16":"customify-col","17":"product-has-gallery"},"yoast_head":"<!-- This site is optimized with the Yoast SEO plugin v27.3 - https:\/\/yoast.com\/product\/yoast-seo-wordpress\/ -->\n<title>Android 12.0 TV Box, Android Box mit 4GB RAM 32GB ROM Allwinner H618 Quad-Core 64-Bit-ARM Corter-A53-CPU 6K Aufl\u00f6sung 2\u2026 - Markt-XXL<\/title>\n<meta name=\"description\" content=\"Markt-XXL Android 12.0 TV Box, Android Box mit 4GB RAM 32GB ROM Allwinner H618 Quad-Core 64-Bit-ARM Corter-A53-CPU 6K Aufl\u00f6sung 2\u2026\" \/>\n<meta name=\"robots\" content=\"index, follow, max-snippet:-1, max-image-preview:large, max-video-preview:-1\" \/>\n<link rel=\"canonical\" href=\"https:\/\/marktxxl.de\/markt\/produkt\/android-12-0-tv-box-android-box-mit-4gb-ram-32gb-rom-allwinner-h618-quad-core-64-bit-arm-corter-a53-cpu-6k-aufloesung-2-4ghz-5ghz-wifi6-10-100m-lan-enternet-bluetooth-5-0\/\" \/>\n<meta property=\"og:locale\" content=\"de_DE\" \/>\n<meta property=\"og:type\" content=\"article\" \/>\n<meta property=\"og:title\" content=\"Android 12.0 TV Box, Android Box mit 4GB RAM 32GB ROM Allwinner H618 Quad-Core 64-Bit-ARM Corter-A53-CPU 6K Aufl\u00f6sung 2\u2026 - Markt-XXL\" \/>\n<meta property=\"og:description\" content=\"Markt-XXL Android 12.0 TV Box, Android Box mit 4GB RAM 32GB ROM Allwinner H618 Quad-Core 64-Bit-ARM Corter-A53-CPU 6K Aufl\u00f6sung 2\u2026\" \/>\n<meta property=\"og:url\" content=\"https:\/\/marktxxl.de\/markt\/produkt\/android-12-0-tv-box-android-box-mit-4gb-ram-32gb-rom-allwinner-h618-quad-core-64-bit-arm-corter-a53-cpu-6k-aufloesung-2-4ghz-5ghz-wifi6-10-100m-lan-enternet-bluetooth-5-0\/\" \/>\n<meta property=\"og:site_name\" content=\"Markt-XXL\" \/>\n<meta property=\"article:modified_time\" content=\"2023-04-11T02:35:17+00:00\" \/>\n<meta property=\"og:image\" content=\"https:\/\/m.media-amazon.com\/images\/I\/41Y1xNU4L3L._SL500_.jpg\" \/>\n\t<meta property=\"og:image:width\" content=\"500\" \/>\n\t<meta property=\"og:image:height\" content=\"500\" \/>\n\t<meta property=\"og:image:type\" content=\"image\/jpeg\" \/>\n<meta name=\"twitter:card\" content=\"summary_large_image\" \/>\n<meta name=\"twitter:label1\" content=\"Gesch\u00e4tzte Lesezeit\" \/>\n\t<meta name=\"twitter:data1\" content=\"1\u00a0Minute\" \/>\n<script type=\"application\/ld+json\" class=\"yoast-schema-graph\">{\"@context\":\"https:\\\/\\\/schema.org\",\"@graph\":[{\"@type\":\"WebPage\",\"@id\":\"https:\\\/\\\/marktxxl.de\\\/markt\\\/produkt\\\/android-12-0-tv-box-android-box-mit-4gb-ram-32gb-rom-allwinner-h618-quad-core-64-bit-arm-corter-a53-cpu-6k-aufloesung-2-4ghz-5ghz-wifi6-10-100m-lan-enternet-bluetooth-5-0\\\/\",\"url\":\"https:\\\/\\\/marktxxl.de\\\/markt\\\/produkt\\\/android-12-0-tv-box-android-box-mit-4gb-ram-32gb-rom-allwinner-h618-quad-core-64-bit-arm-corter-a53-cpu-6k-aufloesung-2-4ghz-5ghz-wifi6-10-100m-lan-enternet-bluetooth-5-0\\\/\",\"name\":\"Android 12.0 TV Box, Android Box mit 4GB RAM 32GB ROM Allwinner H618 Quad-Core 64-Bit-ARM Corter-A53-CPU 6K Aufl\u00f6sung 2\u2026 - Markt-XXL\",\"isPartOf\":{\"@id\":\"https:\\\/\\\/marktxxl.de\\\/markt\\\/#website\"},\"primaryImageOfPage\":{\"@id\":\"https:\\\/\\\/marktxxl.de\\\/markt\\\/produkt\\\/android-12-0-tv-box-android-box-mit-4gb-ram-32gb-rom-allwinner-h618-quad-core-64-bit-arm-corter-a53-cpu-6k-aufloesung-2-4ghz-5ghz-wifi6-10-100m-lan-enternet-bluetooth-5-0\\\/#primaryimage\"},\"image\":{\"@id\":\"https:\\\/\\\/marktxxl.de\\\/markt\\\/produkt\\\/android-12-0-tv-box-android-box-mit-4gb-ram-32gb-rom-allwinner-h618-quad-core-64-bit-arm-corter-a53-cpu-6k-aufloesung-2-4ghz-5ghz-wifi6-10-100m-lan-enternet-bluetooth-5-0\\\/#primaryimage\"},\"thumbnailUrl\":\"https:\\\/\\\/m.media-amazon.com\\\/images\\\/I\\\/41Y1xNU4L3L._SL500_.jpg\",\"datePublished\":\"2022-09-12T07:58:23+00:00\",\"dateModified\":\"2023-04-11T02:35:17+00:00\",\"description\":\"Markt-XXL Android 12.0 TV Box, Android Box mit 4GB RAM 32GB ROM Allwinner H618 Quad-Core 64-Bit-ARM Corter-A53-CPU 6K Aufl\u00f6sung 2\u2026\",\"breadcrumb\":{\"@id\":\"https:\\\/\\\/marktxxl.de\\\/markt\\\/produkt\\\/android-12-0-tv-box-android-box-mit-4gb-ram-32gb-rom-allwinner-h618-quad-core-64-bit-arm-corter-a53-cpu-6k-aufloesung-2-4ghz-5ghz-wifi6-10-100m-lan-enternet-bluetooth-5-0\\\/#breadcrumb\"},\"inLanguage\":\"de\",\"potentialAction\":[{\"@type\":\"ReadAction\",\"target\":[\"https:\\\/\\\/marktxxl.de\\\/markt\\\/produkt\\\/android-12-0-tv-box-android-box-mit-4gb-ram-32gb-rom-allwinner-h618-quad-core-64-bit-arm-corter-a53-cpu-6k-aufloesung-2-4ghz-5ghz-wifi6-10-100m-lan-enternet-bluetooth-5-0\\\/\"]}]},{\"@type\":\"ImageObject\",\"inLanguage\":\"de\",\"@id\":\"https:\\\/\\\/marktxxl.de\\\/markt\\\/produkt\\\/android-12-0-tv-box-android-box-mit-4gb-ram-32gb-rom-allwinner-h618-quad-core-64-bit-arm-corter-a53-cpu-6k-aufloesung-2-4ghz-5ghz-wifi6-10-100m-lan-enternet-bluetooth-5-0\\\/#primaryimage\",\"url\":\"https:\\\/\\\/m.media-amazon.com\\\/images\\\/I\\\/41Y1xNU4L3L._SL500_.jpg\",\"contentUrl\":\"https:\\\/\\\/m.media-amazon.com\\\/images\\\/I\\\/41Y1xNU4L3L._SL500_.jpg\",\"width\":500,\"height\":500},{\"@type\":\"BreadcrumbList\",\"@id\":\"https:\\\/\\\/marktxxl.de\\\/markt\\\/produkt\\\/android-12-0-tv-box-android-box-mit-4gb-ram-32gb-rom-allwinner-h618-quad-core-64-bit-arm-corter-a53-cpu-6k-aufloesung-2-4ghz-5ghz-wifi6-10-100m-lan-enternet-bluetooth-5-0\\\/#breadcrumb\",\"itemListElement\":[{\"@type\":\"ListItem\",\"position\":1,\"name\":\"Startseite\",\"item\":\"https:\\\/\\\/marktxxl.de\\\/markt\\\/\"},{\"@type\":\"ListItem\",\"position\":2,\"name\":\"Markt\",\"item\":\"https:\\\/\\\/marktxxl.de\\\/markt\\\/\"},{\"@type\":\"ListItem\",\"position\":3,\"name\":\"Android 12.0 TV Box, Android Box mit 4GB RAM 32GB ROM Allwinner H618 Quad-Core 64-Bit-ARM Corter-A53-CPU 6K Aufl\u00f6sung 2\u2026\"}]},{\"@type\":\"WebSite\",\"@id\":\"https:\\\/\\\/marktxxl.de\\\/markt\\\/#website\",\"url\":\"https:\\\/\\\/marktxxl.de\\\/markt\\\/\",\"name\":\"Markt-XXL\",\"description\":\"Ihr Markt Online\",\"publisher\":{\"@id\":\"https:\\\/\\\/marktxxl.de\\\/markt\\\/#organization\"},\"potentialAction\":[{\"@type\":\"SearchAction\",\"target\":{\"@type\":\"EntryPoint\",\"urlTemplate\":\"https:\\\/\\\/marktxxl.de\\\/markt\\\/?s={search_term_string}\"},\"query-input\":{\"@type\":\"PropertyValueSpecification\",\"valueRequired\":true,\"valueName\":\"search_term_string\"}}],\"inLanguage\":\"de\"},{\"@type\":\"Organization\",\"@id\":\"https:\\\/\\\/marktxxl.de\\\/markt\\\/#organization\",\"name\":\"Markt-XXL\",\"url\":\"https:\\\/\\\/marktxxl.de\\\/markt\\\/\",\"logo\":{\"@type\":\"ImageObject\",\"inLanguage\":\"de\",\"@id\":\"https:\\\/\\\/marktxxl.de\\\/markt\\\/#\\\/schema\\\/logo\\\/image\\\/\",\"url\":\"https:\\\/\\\/marktxxl.de\\\/markt\\\/wp-content\\\/uploads\\\/sites\\\/3\\\/2020\\\/12\\\/logo.png\",\"contentUrl\":\"https:\\\/\\\/marktxxl.de\\\/markt\\\/wp-content\\\/uploads\\\/sites\\\/3\\\/2020\\\/12\\\/logo.png\",\"width\":200,\"height\":70,\"caption\":\"Markt-XXL\"},\"image\":{\"@id\":\"https:\\\/\\\/marktxxl.de\\\/markt\\\/#\\\/schema\\\/logo\\\/image\\\/\"}}]}<\/script>\n<!-- \/ Yoast SEO plugin. -->","yoast_head_json":{"title":"Android 12.0 TV Box, Android Box mit 4GB RAM 32GB ROM Allwinner H618 Quad-Core 64-Bit-ARM Corter-A53-CPU 6K Aufl\u00f6sung 2\u2026 - Markt-XXL","description":"Markt-XXL Android 12.0 TV Box, Android Box mit 4GB RAM 32GB ROM Allwinner H618 Quad-Core 64-Bit-ARM Corter-A53-CPU 6K Aufl\u00f6sung 2\u2026","robots":{"index":"index","follow":"follow","max-snippet":"max-snippet:-1","max-image-preview":"max-image-preview:large","max-video-preview":"max-video-preview:-1"},"canonical":"https:\/\/marktxxl.de\/markt\/produkt\/android-12-0-tv-box-android-box-mit-4gb-ram-32gb-rom-allwinner-h618-quad-core-64-bit-arm-corter-a53-cpu-6k-aufloesung-2-4ghz-5ghz-wifi6-10-100m-lan-enternet-bluetooth-5-0\/","og_locale":"de_DE","og_type":"article","og_title":"Android 12.0 TV Box, Android Box mit 4GB RAM 32GB ROM Allwinner H618 Quad-Core 64-Bit-ARM Corter-A53-CPU 6K Aufl\u00f6sung 2\u2026 - Markt-XXL","og_description":"Markt-XXL Android 12.0 TV Box, Android Box mit 4GB RAM 32GB ROM Allwinner H618 Quad-Core 64-Bit-ARM Corter-A53-CPU 6K Aufl\u00f6sung 2\u2026","og_url":"https:\/\/marktxxl.de\/markt\/produkt\/android-12-0-tv-box-android-box-mit-4gb-ram-32gb-rom-allwinner-h618-quad-core-64-bit-arm-corter-a53-cpu-6k-aufloesung-2-4ghz-5ghz-wifi6-10-100m-lan-enternet-bluetooth-5-0\/","og_site_name":"Markt-XXL","article_modified_time":"2023-04-11T02:35:17+00:00","og_image":[{"width":500,"height":500,"url":"https:\/\/m.media-amazon.com\/images\/I\/41Y1xNU4L3L._SL500_.jpg","type":"image\/jpeg"}],"twitter_card":"summary_large_image","twitter_misc":{"Gesch\u00e4tzte Lesezeit":"1\u00a0Minute"},"schema":{"@context":"https:\/\/schema.org","@graph":[{"@type":"WebPage","@id":"https:\/\/marktxxl.de\/markt\/produkt\/android-12-0-tv-box-android-box-mit-4gb-ram-32gb-rom-allwinner-h618-quad-core-64-bit-arm-corter-a53-cpu-6k-aufloesung-2-4ghz-5ghz-wifi6-10-100m-lan-enternet-bluetooth-5-0\/","url":"https:\/\/marktxxl.de\/markt\/produkt\/android-12-0-tv-box-android-box-mit-4gb-ram-32gb-rom-allwinner-h618-quad-core-64-bit-arm-corter-a53-cpu-6k-aufloesung-2-4ghz-5ghz-wifi6-10-100m-lan-enternet-bluetooth-5-0\/","name":"Android 12.0 TV Box, Android Box mit 4GB RAM 32GB ROM Allwinner H618 Quad-Core 64-Bit-ARM Corter-A53-CPU 6K Aufl\u00f6sung 2\u2026 - Markt-XXL","isPartOf":{"@id":"https:\/\/marktxxl.de\/markt\/#website"},"primaryImageOfPage":{"@id":"https:\/\/marktxxl.de\/markt\/produkt\/android-12-0-tv-box-android-box-mit-4gb-ram-32gb-rom-allwinner-h618-quad-core-64-bit-arm-corter-a53-cpu-6k-aufloesung-2-4ghz-5ghz-wifi6-10-100m-lan-enternet-bluetooth-5-0\/#primaryimage"},"image":{"@id":"https:\/\/marktxxl.de\/markt\/produkt\/android-12-0-tv-box-android-box-mit-4gb-ram-32gb-rom-allwinner-h618-quad-core-64-bit-arm-corter-a53-cpu-6k-aufloesung-2-4ghz-5ghz-wifi6-10-100m-lan-enternet-bluetooth-5-0\/#primaryimage"},"thumbnailUrl":"https:\/\/m.media-amazon.com\/images\/I\/41Y1xNU4L3L._SL500_.jpg","datePublished":"2022-09-12T07:58:23+00:00","dateModified":"2023-04-11T02:35:17+00:00","description":"Markt-XXL Android 12.0 TV Box, Android Box mit 4GB RAM 32GB ROM Allwinner H618 Quad-Core 64-Bit-ARM Corter-A53-CPU 6K Aufl\u00f6sung 2\u2026","breadcrumb":{"@id":"https:\/\/marktxxl.de\/markt\/produkt\/android-12-0-tv-box-android-box-mit-4gb-ram-32gb-rom-allwinner-h618-quad-core-64-bit-arm-corter-a53-cpu-6k-aufloesung-2-4ghz-5ghz-wifi6-10-100m-lan-enternet-bluetooth-5-0\/#breadcrumb"},"inLanguage":"de","potentialAction":[{"@type":"ReadAction","target":["https:\/\/marktxxl.de\/markt\/produkt\/android-12-0-tv-box-android-box-mit-4gb-ram-32gb-rom-allwinner-h618-quad-core-64-bit-arm-corter-a53-cpu-6k-aufloesung-2-4ghz-5ghz-wifi6-10-100m-lan-enternet-bluetooth-5-0\/"]}]},{"@type":"ImageObject","inLanguage":"de","@id":"https:\/\/marktxxl.de\/markt\/produkt\/android-12-0-tv-box-android-box-mit-4gb-ram-32gb-rom-allwinner-h618-quad-core-64-bit-arm-corter-a53-cpu-6k-aufloesung-2-4ghz-5ghz-wifi6-10-100m-lan-enternet-bluetooth-5-0\/#primaryimage","url":"https:\/\/m.media-amazon.com\/images\/I\/41Y1xNU4L3L._SL500_.jpg","contentUrl":"https:\/\/m.media-amazon.com\/images\/I\/41Y1xNU4L3L._SL500_.jpg","width":500,"height":500},{"@type":"BreadcrumbList","@id":"https:\/\/marktxxl.de\/markt\/produkt\/android-12-0-tv-box-android-box-mit-4gb-ram-32gb-rom-allwinner-h618-quad-core-64-bit-arm-corter-a53-cpu-6k-aufloesung-2-4ghz-5ghz-wifi6-10-100m-lan-enternet-bluetooth-5-0\/#breadcrumb","itemListElement":[{"@type":"ListItem","position":1,"name":"Startseite","item":"https:\/\/marktxxl.de\/markt\/"},{"@type":"ListItem","position":2,"name":"Markt","item":"https:\/\/marktxxl.de\/markt\/"},{"@type":"ListItem","position":3,"name":"Android 12.0 TV Box, Android Box mit 4GB RAM 32GB ROM Allwinner H618 Quad-Core 64-Bit-ARM Corter-A53-CPU 6K Aufl\u00f6sung 2\u2026"}]},{"@type":"WebSite","@id":"https:\/\/marktxxl.de\/markt\/#website","url":"https:\/\/marktxxl.de\/markt\/","name":"Markt-XXL","description":"Ihr Markt Online","publisher":{"@id":"https:\/\/marktxxl.de\/markt\/#organization"},"potentialAction":[{"@type":"SearchAction","target":{"@type":"EntryPoint","urlTemplate":"https:\/\/marktxxl.de\/markt\/?s={search_term_string}"},"query-input":{"@type":"PropertyValueSpecification","valueRequired":true,"valueName":"search_term_string"}}],"inLanguage":"de"},{"@type":"Organization","@id":"https:\/\/marktxxl.de\/markt\/#organization","name":"Markt-XXL","url":"https:\/\/marktxxl.de\/markt\/","logo":{"@type":"ImageObject","inLanguage":"de","@id":"https:\/\/marktxxl.de\/markt\/#\/schema\/logo\/image\/","url":"https:\/\/marktxxl.de\/markt\/wp-content\/uploads\/sites\/3\/2020\/12\/logo.png","contentUrl":"https:\/\/marktxxl.de\/markt\/wp-content\/uploads\/sites\/3\/2020\/12\/logo.png","width":200,"height":70,"caption":"Markt-XXL"},"image":{"@id":"https:\/\/marktxxl.de\/markt\/#\/schema\/logo\/image\/"}}]}},"_links":{"self":[{"href":"https:\/\/marktxxl.de\/markt\/wp-json\/wp\/v2\/product\/154266","targetHints":{"allow":["GET"]}}],"collection":[{"href":"https:\/\/marktxxl.de\/markt\/wp-json\/wp\/v2\/product"}],"about":[{"href":"https:\/\/marktxxl.de\/markt\/wp-json\/wp\/v2\/types\/product"}],"replies":[{"embeddable":true,"href":"https:\/\/marktxxl.de\/markt\/wp-json\/wp\/v2\/comments?post=154266"}],"wp:featuredmedia":[{"embeddable":true,"href":"https:\/\/marktxxl.de\/markt\/wp-json\/wp\/v2\/media\/154267"}],"wp:attachment":[{"href":"https:\/\/marktxxl.de\/markt\/wp-json\/wp\/v2\/media?parent=154266"}],"wp:term":[{"taxonomy":"product_brand","embeddable":true,"href":"https:\/\/marktxxl.de\/markt\/wp-json\/wp\/v2\/product_brand?post=154266"},{"taxonomy":"product_cat","embeddable":true,"href":"https:\/\/marktxxl.de\/markt\/wp-json\/wp\/v2\/product_cat?post=154266"},{"taxonomy":"product_tag","embeddable":true,"href":"https:\/\/marktxxl.de\/markt\/wp-json\/wp\/v2\/product_tag?post=154266"}],"curies":[{"name":"wp","href":"https:\/\/api.w.org\/{rel}","templated":true}]}}