{"id":154146,"date":"2022-09-12T09:53:22","date_gmt":"2022-09-12T07:53:22","guid":{"rendered":"https:\/\/marktxxl.de\/markt\/produkt\/kabelclips-kabelhalter-2-stueck-selbstklebende-kabelclips-kabelfuehrung-kabel-organizer-set-kabelmanagement-organizer-klebehaken-fuer-schreibtisch-netzkabel-usb-ladekabel-audiokabel-ladekabeln-us\/"},"modified":"2023-04-11T04:35:16","modified_gmt":"2023-04-11T02:35:16","slug":"kabelclips-kabelhalter-2-stueck-selbstklebende-kabelclips-kabelfuehrung-kabel-organizer-set-kabelmanagement-organizer-klebehaken-fuer-schreibtisch-netzkabel-usb-ladekabel-audiokabel-ladekabeln-us","status":"publish","type":"product","link":"https:\/\/marktxxl.de\/markt\/produkt\/kabelclips-kabelhalter-2-stueck-selbstklebende-kabelclips-kabelfuehrung-kabel-organizer-set-kabelmanagement-organizer-klebehaken-fuer-schreibtisch-netzkabel-usb-ladekabel-audiokabel-ladekabeln-us\/","title":{"rendered":"Kabelclips Kabelhalter, 2 St\u00fcck Selbstklebende Kabelclips Kabelf\u00fchrung Kabel Organizer Set Kabelmanagement-Organizer\u2026"},"content":{"rendered":"<p>\u2728\u3010Kabel Organizer Set\u3011: Set beeinhaltet:2 x 3 Schlitze Kabelhalter.<br \/>\n\u2728\u3010Material\u3011: Hergestellt aus Silikon und starkem Klebstoff. Effektives kabelhalter f\u00fcr selbstklebende kabelhalter zur Kabelreinigung, gr\u00f6\u00dfer genug, um alle Ihre unordentlichen Kabel in den gew\u00fcnschten Positionen organisiert und zug\u00e4nglich zu halten.<br \/>\n\u2728\u3010Design\u3011: Das kompaktes Design verhindert, dass die Kabel abf\u00e4llt. Kompatibel f\u00fcr Kabel wie Ladekabel, Kopfh\u00f6rerkabel, Netzwerkkabel, Mauskabel, Audiokabel etc.<br \/>\n\u2728\u3010Multifunktional\u3011: Dank dem Klebestreifen k\u00f6nnen Sie diese Kabelclips auf alle glatten Oberfl\u00e4chen wie Glas, Metall, Plastik, Fliesen, Tapetenpapier etc. kleben ohne abzufallen.<br \/>\n\u2728\u3010Hinweis\u3011:1. Vor dem Aufkleben reinigen Sie bitte die Oberfl\u00e4che, damit er fest h\u00e4lt. Das Kabelhalter ist nicht f\u00fcr feuchte R\u00e4ume und grobe Fl\u00e4chen geeignet. 2. Nach dem Aufkleben sollen Sie es 15 Sek. lang fest andr\u00fccken.<br \/>\n<div class=\"main-cross-sell\" data-asin=\"B0BCV9XZKZ\">\n\n\t<div class=\"WooZone-cross-sell-loader\">\n\t\t<div>\n\t\t\t<div id=\"floatingBarsG\">\n\t\t\t\t<div class=\"blockG\" id=\"rotateG_01\"><\/div>\n\t\t\t\t<div class=\"blockG\" id=\"rotateG_02\"><\/div>\n\t\t\t\t<div class=\"blockG\" id=\"rotateG_03\"><\/div>\n\t\t\t\t<div class=\"blockG\" id=\"rotateG_04\"><\/div>\n\t\t\t\t<div class=\"blockG\" id=\"rotateG_05\"><\/div>\n\t\t\t\t<div class=\"blockG\" id=\"rotateG_06\"><\/div>\n\t\t\t\t<div class=\"blockG\" id=\"rotateG_07\"><\/div>\n\t\t\t\t<div class=\"blockG\" id=\"rotateG_08\"><\/div>\n\t\t\t<\/div>\n\t\t\t<div class=\"WooZone-cross-sell-loader-text\"><\/div>\n\t\t<\/div>\n\t<\/div>\n\n\t\t\n<\/div>\n<div style=\"clear:both;\"><\/div><\/p>\n","protected":false},"excerpt":{"rendered":"<p>\u2728\u3010Kabel Organizer Set\u3011: Set beeinhaltet:2 x 3 Schlitze Kabelhalter.<br \/>\n\u2728\u3010Material\u3011: Hergestellt aus Silikon und starkem Klebstoff. Effektives kabelhalter f\u00fcr selbstklebende kabelhalter zur Kabelreinigung, gr\u00f6\u00dfer genug, um alle Ihre unordentlichen Kabel in den gew\u00fcnschten Positionen organisiert und zug\u00e4nglich zu halten.<br \/>\n\u2728\u3010Design\u3011: Das kompaktes Design verhindert, dass die Kabel abf\u00e4llt. Kompatibel f\u00fcr Kabel wie Ladekabel, Kopfh\u00f6rerkabel, Netzwerkkabel, Mauskabel, Audiokabel etc.<\/p>\n","protected":false},"featured_media":154147,"comment_status":"open","ping_status":"closed","template":"","meta":[],"product_brand":[],"product_cat":[863],"product_tag":[],"class_list":{"0":"post-154146","1":"product","2":"type-product","3":"status-publish","4":"has-post-thumbnail","6":"product_cat-computer-zubehoer","7":"pa_brand-snakell","8":"pa_manufacturer-snakell","10":"first","11":"instock","12":"shipping-taxable","13":"purchasable","14":"product-type-simple","15":"customify-col","16":"product-has-gallery"},"yoast_head":"<!-- This site is optimized with the Yoast SEO plugin v27.4 - https:\/\/yoast.com\/product\/yoast-seo-wordpress\/ -->\n<title>Kabelclips Kabelhalter, 2 St\u00fcck Selbstklebende Kabelclips Kabelf\u00fchrung Kabel Organizer Set Kabelmanagement-Organizer\u2026 - Markt-XXL<\/title>\n<meta name=\"description\" content=\"Markt-XXL Kabelclips Kabelhalter, 2 St\u00fcck Selbstklebende Kabelclips Kabelf\u00fchrung Kabel Organizer Set Kabelmanagement-Organizer\u2026\" \/>\n<meta name=\"robots\" content=\"index, follow, max-snippet:-1, max-image-preview:large, max-video-preview:-1\" \/>\n<link rel=\"canonical\" href=\"https:\/\/marktxxl.de\/markt\/produkt\/kabelclips-kabelhalter-2-stueck-selbstklebende-kabelclips-kabelfuehrung-kabel-organizer-set-kabelmanagement-organizer-klebehaken-fuer-schreibtisch-netzkabel-usb-ladekabel-audiokabel-ladekabeln-us\/\" \/>\n<meta property=\"og:locale\" content=\"de_DE\" \/>\n<meta property=\"og:type\" content=\"article\" \/>\n<meta property=\"og:title\" content=\"Kabelclips Kabelhalter, 2 St\u00fcck Selbstklebende Kabelclips Kabelf\u00fchrung Kabel Organizer Set Kabelmanagement-Organizer\u2026 - Markt-XXL\" \/>\n<meta property=\"og:description\" content=\"Markt-XXL Kabelclips Kabelhalter, 2 St\u00fcck Selbstklebende Kabelclips Kabelf\u00fchrung Kabel Organizer Set Kabelmanagement-Organizer\u2026\" \/>\n<meta property=\"og:url\" content=\"https:\/\/marktxxl.de\/markt\/produkt\/kabelclips-kabelhalter-2-stueck-selbstklebende-kabelclips-kabelfuehrung-kabel-organizer-set-kabelmanagement-organizer-klebehaken-fuer-schreibtisch-netzkabel-usb-ladekabel-audiokabel-ladekabeln-us\/\" \/>\n<meta property=\"og:site_name\" content=\"Markt-XXL\" \/>\n<meta property=\"article:modified_time\" content=\"2023-04-11T02:35:16+00:00\" \/>\n<meta property=\"og:image\" content=\"https:\/\/m.media-amazon.com\/images\/I\/51XpOPBHELL._SL500_.jpg\" \/>\n\t<meta property=\"og:image:width\" content=\"500\" \/>\n\t<meta property=\"og:image:height\" content=\"500\" \/>\n\t<meta property=\"og:image:type\" content=\"image\/jpeg\" \/>\n<meta name=\"twitter:card\" content=\"summary_large_image\" \/>\n<meta name=\"twitter:label1\" content=\"Gesch\u00e4tzte Lesezeit\" \/>\n\t<meta name=\"twitter:data1\" content=\"1\u00a0Minute\" \/>\n<script type=\"application\/ld+json\" class=\"yoast-schema-graph\">{\"@context\":\"https:\\\/\\\/schema.org\",\"@graph\":[{\"@type\":\"WebPage\",\"@id\":\"https:\\\/\\\/marktxxl.de\\\/markt\\\/produkt\\\/kabelclips-kabelhalter-2-stueck-selbstklebende-kabelclips-kabelfuehrung-kabel-organizer-set-kabelmanagement-organizer-klebehaken-fuer-schreibtisch-netzkabel-usb-ladekabel-audiokabel-ladekabeln-us\\\/\",\"url\":\"https:\\\/\\\/marktxxl.de\\\/markt\\\/produkt\\\/kabelclips-kabelhalter-2-stueck-selbstklebende-kabelclips-kabelfuehrung-kabel-organizer-set-kabelmanagement-organizer-klebehaken-fuer-schreibtisch-netzkabel-usb-ladekabel-audiokabel-ladekabeln-us\\\/\",\"name\":\"Kabelclips Kabelhalter, 2 St\u00fcck Selbstklebende Kabelclips Kabelf\u00fchrung Kabel Organizer Set Kabelmanagement-Organizer\u2026 - Markt-XXL\",\"isPartOf\":{\"@id\":\"https:\\\/\\\/marktxxl.de\\\/markt\\\/#website\"},\"primaryImageOfPage\":{\"@id\":\"https:\\\/\\\/marktxxl.de\\\/markt\\\/produkt\\\/kabelclips-kabelhalter-2-stueck-selbstklebende-kabelclips-kabelfuehrung-kabel-organizer-set-kabelmanagement-organizer-klebehaken-fuer-schreibtisch-netzkabel-usb-ladekabel-audiokabel-ladekabeln-us\\\/#primaryimage\"},\"image\":{\"@id\":\"https:\\\/\\\/marktxxl.de\\\/markt\\\/produkt\\\/kabelclips-kabelhalter-2-stueck-selbstklebende-kabelclips-kabelfuehrung-kabel-organizer-set-kabelmanagement-organizer-klebehaken-fuer-schreibtisch-netzkabel-usb-ladekabel-audiokabel-ladekabeln-us\\\/#primaryimage\"},\"thumbnailUrl\":\"https:\\\/\\\/m.media-amazon.com\\\/images\\\/I\\\/51XpOPBHELL._SL500_.jpg\",\"datePublished\":\"2022-09-12T07:53:22+00:00\",\"dateModified\":\"2023-04-11T02:35:16+00:00\",\"description\":\"Markt-XXL Kabelclips Kabelhalter, 2 St\u00fcck Selbstklebende Kabelclips Kabelf\u00fchrung Kabel Organizer Set Kabelmanagement-Organizer\u2026\",\"breadcrumb\":{\"@id\":\"https:\\\/\\\/marktxxl.de\\\/markt\\\/produkt\\\/kabelclips-kabelhalter-2-stueck-selbstklebende-kabelclips-kabelfuehrung-kabel-organizer-set-kabelmanagement-organizer-klebehaken-fuer-schreibtisch-netzkabel-usb-ladekabel-audiokabel-ladekabeln-us\\\/#breadcrumb\"},\"inLanguage\":\"de\",\"potentialAction\":[{\"@type\":\"ReadAction\",\"target\":[\"https:\\\/\\\/marktxxl.de\\\/markt\\\/produkt\\\/kabelclips-kabelhalter-2-stueck-selbstklebende-kabelclips-kabelfuehrung-kabel-organizer-set-kabelmanagement-organizer-klebehaken-fuer-schreibtisch-netzkabel-usb-ladekabel-audiokabel-ladekabeln-us\\\/\"]}]},{\"@type\":\"ImageObject\",\"inLanguage\":\"de\",\"@id\":\"https:\\\/\\\/marktxxl.de\\\/markt\\\/produkt\\\/kabelclips-kabelhalter-2-stueck-selbstklebende-kabelclips-kabelfuehrung-kabel-organizer-set-kabelmanagement-organizer-klebehaken-fuer-schreibtisch-netzkabel-usb-ladekabel-audiokabel-ladekabeln-us\\\/#primaryimage\",\"url\":\"https:\\\/\\\/m.media-amazon.com\\\/images\\\/I\\\/51XpOPBHELL._SL500_.jpg\",\"contentUrl\":\"https:\\\/\\\/m.media-amazon.com\\\/images\\\/I\\\/51XpOPBHELL._SL500_.jpg\",\"width\":500,\"height\":500},{\"@type\":\"BreadcrumbList\",\"@id\":\"https:\\\/\\\/marktxxl.de\\\/markt\\\/produkt\\\/kabelclips-kabelhalter-2-stueck-selbstklebende-kabelclips-kabelfuehrung-kabel-organizer-set-kabelmanagement-organizer-klebehaken-fuer-schreibtisch-netzkabel-usb-ladekabel-audiokabel-ladekabeln-us\\\/#breadcrumb\",\"itemListElement\":[{\"@type\":\"ListItem\",\"position\":1,\"name\":\"Startseite\",\"item\":\"https:\\\/\\\/marktxxl.de\\\/markt\\\/\"},{\"@type\":\"ListItem\",\"position\":2,\"name\":\"Markt\",\"item\":\"https:\\\/\\\/marktxxl.de\\\/markt\\\/\"},{\"@type\":\"ListItem\",\"position\":3,\"name\":\"Kabelclips Kabelhalter, 2 St\u00fcck Selbstklebende Kabelclips Kabelf\u00fchrung Kabel Organizer Set Kabelmanagement-Organizer\u2026\"}]},{\"@type\":\"WebSite\",\"@id\":\"https:\\\/\\\/marktxxl.de\\\/markt\\\/#website\",\"url\":\"https:\\\/\\\/marktxxl.de\\\/markt\\\/\",\"name\":\"Markt-XXL\",\"description\":\"Ihr Markt Online\",\"publisher\":{\"@id\":\"https:\\\/\\\/marktxxl.de\\\/markt\\\/#organization\"},\"potentialAction\":[{\"@type\":\"SearchAction\",\"target\":{\"@type\":\"EntryPoint\",\"urlTemplate\":\"https:\\\/\\\/marktxxl.de\\\/markt\\\/?s={search_term_string}\"},\"query-input\":{\"@type\":\"PropertyValueSpecification\",\"valueRequired\":true,\"valueName\":\"search_term_string\"}}],\"inLanguage\":\"de\"},{\"@type\":\"Organization\",\"@id\":\"https:\\\/\\\/marktxxl.de\\\/markt\\\/#organization\",\"name\":\"Markt-XXL\",\"url\":\"https:\\\/\\\/marktxxl.de\\\/markt\\\/\",\"logo\":{\"@type\":\"ImageObject\",\"inLanguage\":\"de\",\"@id\":\"https:\\\/\\\/marktxxl.de\\\/markt\\\/#\\\/schema\\\/logo\\\/image\\\/\",\"url\":\"https:\\\/\\\/marktxxl.de\\\/markt\\\/wp-content\\\/uploads\\\/sites\\\/3\\\/2020\\\/12\\\/logo.png\",\"contentUrl\":\"https:\\\/\\\/marktxxl.de\\\/markt\\\/wp-content\\\/uploads\\\/sites\\\/3\\\/2020\\\/12\\\/logo.png\",\"width\":200,\"height\":70,\"caption\":\"Markt-XXL\"},\"image\":{\"@id\":\"https:\\\/\\\/marktxxl.de\\\/markt\\\/#\\\/schema\\\/logo\\\/image\\\/\"}}]}<\/script>\n<!-- \/ Yoast SEO plugin. -->","yoast_head_json":{"title":"Kabelclips Kabelhalter, 2 St\u00fcck Selbstklebende Kabelclips Kabelf\u00fchrung Kabel Organizer Set Kabelmanagement-Organizer\u2026 - Markt-XXL","description":"Markt-XXL Kabelclips Kabelhalter, 2 St\u00fcck Selbstklebende Kabelclips Kabelf\u00fchrung Kabel Organizer Set Kabelmanagement-Organizer\u2026","robots":{"index":"index","follow":"follow","max-snippet":"max-snippet:-1","max-image-preview":"max-image-preview:large","max-video-preview":"max-video-preview:-1"},"canonical":"https:\/\/marktxxl.de\/markt\/produkt\/kabelclips-kabelhalter-2-stueck-selbstklebende-kabelclips-kabelfuehrung-kabel-organizer-set-kabelmanagement-organizer-klebehaken-fuer-schreibtisch-netzkabel-usb-ladekabel-audiokabel-ladekabeln-us\/","og_locale":"de_DE","og_type":"article","og_title":"Kabelclips Kabelhalter, 2 St\u00fcck Selbstklebende Kabelclips Kabelf\u00fchrung Kabel Organizer Set Kabelmanagement-Organizer\u2026 - Markt-XXL","og_description":"Markt-XXL Kabelclips Kabelhalter, 2 St\u00fcck Selbstklebende Kabelclips Kabelf\u00fchrung Kabel Organizer Set Kabelmanagement-Organizer\u2026","og_url":"https:\/\/marktxxl.de\/markt\/produkt\/kabelclips-kabelhalter-2-stueck-selbstklebende-kabelclips-kabelfuehrung-kabel-organizer-set-kabelmanagement-organizer-klebehaken-fuer-schreibtisch-netzkabel-usb-ladekabel-audiokabel-ladekabeln-us\/","og_site_name":"Markt-XXL","article_modified_time":"2023-04-11T02:35:16+00:00","og_image":[{"width":500,"height":500,"url":"https:\/\/m.media-amazon.com\/images\/I\/51XpOPBHELL._SL500_.jpg","type":"image\/jpeg"}],"twitter_card":"summary_large_image","twitter_misc":{"Gesch\u00e4tzte Lesezeit":"1\u00a0Minute"},"schema":{"@context":"https:\/\/schema.org","@graph":[{"@type":"WebPage","@id":"https:\/\/marktxxl.de\/markt\/produkt\/kabelclips-kabelhalter-2-stueck-selbstklebende-kabelclips-kabelfuehrung-kabel-organizer-set-kabelmanagement-organizer-klebehaken-fuer-schreibtisch-netzkabel-usb-ladekabel-audiokabel-ladekabeln-us\/","url":"https:\/\/marktxxl.de\/markt\/produkt\/kabelclips-kabelhalter-2-stueck-selbstklebende-kabelclips-kabelfuehrung-kabel-organizer-set-kabelmanagement-organizer-klebehaken-fuer-schreibtisch-netzkabel-usb-ladekabel-audiokabel-ladekabeln-us\/","name":"Kabelclips Kabelhalter, 2 St\u00fcck Selbstklebende Kabelclips Kabelf\u00fchrung Kabel Organizer Set Kabelmanagement-Organizer\u2026 - Markt-XXL","isPartOf":{"@id":"https:\/\/marktxxl.de\/markt\/#website"},"primaryImageOfPage":{"@id":"https:\/\/marktxxl.de\/markt\/produkt\/kabelclips-kabelhalter-2-stueck-selbstklebende-kabelclips-kabelfuehrung-kabel-organizer-set-kabelmanagement-organizer-klebehaken-fuer-schreibtisch-netzkabel-usb-ladekabel-audiokabel-ladekabeln-us\/#primaryimage"},"image":{"@id":"https:\/\/marktxxl.de\/markt\/produkt\/kabelclips-kabelhalter-2-stueck-selbstklebende-kabelclips-kabelfuehrung-kabel-organizer-set-kabelmanagement-organizer-klebehaken-fuer-schreibtisch-netzkabel-usb-ladekabel-audiokabel-ladekabeln-us\/#primaryimage"},"thumbnailUrl":"https:\/\/m.media-amazon.com\/images\/I\/51XpOPBHELL._SL500_.jpg","datePublished":"2022-09-12T07:53:22+00:00","dateModified":"2023-04-11T02:35:16+00:00","description":"Markt-XXL Kabelclips Kabelhalter, 2 St\u00fcck Selbstklebende Kabelclips Kabelf\u00fchrung Kabel Organizer Set Kabelmanagement-Organizer\u2026","breadcrumb":{"@id":"https:\/\/marktxxl.de\/markt\/produkt\/kabelclips-kabelhalter-2-stueck-selbstklebende-kabelclips-kabelfuehrung-kabel-organizer-set-kabelmanagement-organizer-klebehaken-fuer-schreibtisch-netzkabel-usb-ladekabel-audiokabel-ladekabeln-us\/#breadcrumb"},"inLanguage":"de","potentialAction":[{"@type":"ReadAction","target":["https:\/\/marktxxl.de\/markt\/produkt\/kabelclips-kabelhalter-2-stueck-selbstklebende-kabelclips-kabelfuehrung-kabel-organizer-set-kabelmanagement-organizer-klebehaken-fuer-schreibtisch-netzkabel-usb-ladekabel-audiokabel-ladekabeln-us\/"]}]},{"@type":"ImageObject","inLanguage":"de","@id":"https:\/\/marktxxl.de\/markt\/produkt\/kabelclips-kabelhalter-2-stueck-selbstklebende-kabelclips-kabelfuehrung-kabel-organizer-set-kabelmanagement-organizer-klebehaken-fuer-schreibtisch-netzkabel-usb-ladekabel-audiokabel-ladekabeln-us\/#primaryimage","url":"https:\/\/m.media-amazon.com\/images\/I\/51XpOPBHELL._SL500_.jpg","contentUrl":"https:\/\/m.media-amazon.com\/images\/I\/51XpOPBHELL._SL500_.jpg","width":500,"height":500},{"@type":"BreadcrumbList","@id":"https:\/\/marktxxl.de\/markt\/produkt\/kabelclips-kabelhalter-2-stueck-selbstklebende-kabelclips-kabelfuehrung-kabel-organizer-set-kabelmanagement-organizer-klebehaken-fuer-schreibtisch-netzkabel-usb-ladekabel-audiokabel-ladekabeln-us\/#breadcrumb","itemListElement":[{"@type":"ListItem","position":1,"name":"Startseite","item":"https:\/\/marktxxl.de\/markt\/"},{"@type":"ListItem","position":2,"name":"Markt","item":"https:\/\/marktxxl.de\/markt\/"},{"@type":"ListItem","position":3,"name":"Kabelclips Kabelhalter, 2 St\u00fcck Selbstklebende Kabelclips Kabelf\u00fchrung Kabel Organizer Set Kabelmanagement-Organizer\u2026"}]},{"@type":"WebSite","@id":"https:\/\/marktxxl.de\/markt\/#website","url":"https:\/\/marktxxl.de\/markt\/","name":"Markt-XXL","description":"Ihr Markt Online","publisher":{"@id":"https:\/\/marktxxl.de\/markt\/#organization"},"potentialAction":[{"@type":"SearchAction","target":{"@type":"EntryPoint","urlTemplate":"https:\/\/marktxxl.de\/markt\/?s={search_term_string}"},"query-input":{"@type":"PropertyValueSpecification","valueRequired":true,"valueName":"search_term_string"}}],"inLanguage":"de"},{"@type":"Organization","@id":"https:\/\/marktxxl.de\/markt\/#organization","name":"Markt-XXL","url":"https:\/\/marktxxl.de\/markt\/","logo":{"@type":"ImageObject","inLanguage":"de","@id":"https:\/\/marktxxl.de\/markt\/#\/schema\/logo\/image\/","url":"https:\/\/marktxxl.de\/markt\/wp-content\/uploads\/sites\/3\/2020\/12\/logo.png","contentUrl":"https:\/\/marktxxl.de\/markt\/wp-content\/uploads\/sites\/3\/2020\/12\/logo.png","width":200,"height":70,"caption":"Markt-XXL"},"image":{"@id":"https:\/\/marktxxl.de\/markt\/#\/schema\/logo\/image\/"}}]}},"_links":{"self":[{"href":"https:\/\/marktxxl.de\/markt\/wp-json\/wp\/v2\/product\/154146","targetHints":{"allow":["GET"]}}],"collection":[{"href":"https:\/\/marktxxl.de\/markt\/wp-json\/wp\/v2\/product"}],"about":[{"href":"https:\/\/marktxxl.de\/markt\/wp-json\/wp\/v2\/types\/product"}],"replies":[{"embeddable":true,"href":"https:\/\/marktxxl.de\/markt\/wp-json\/wp\/v2\/comments?post=154146"}],"wp:featuredmedia":[{"embeddable":true,"href":"https:\/\/marktxxl.de\/markt\/wp-json\/wp\/v2\/media\/154147"}],"wp:attachment":[{"href":"https:\/\/marktxxl.de\/markt\/wp-json\/wp\/v2\/media?parent=154146"}],"wp:term":[{"taxonomy":"product_brand","embeddable":true,"href":"https:\/\/marktxxl.de\/markt\/wp-json\/wp\/v2\/product_brand?post=154146"},{"taxonomy":"product_cat","embeddable":true,"href":"https:\/\/marktxxl.de\/markt\/wp-json\/wp\/v2\/product_cat?post=154146"},{"taxonomy":"product_tag","embeddable":true,"href":"https:\/\/marktxxl.de\/markt\/wp-json\/wp\/v2\/product_tag?post=154146"}],"curies":[{"name":"wp","href":"https:\/\/api.w.org\/{rel}","templated":true}]}}