{"id":154112,"date":"2022-09-12T09:52:59","date_gmt":"2022-09-12T07:52:59","guid":{"rendered":"https:\/\/marktxxl.de\/markt\/produkt\/deutsche-bluetooth-tastatur-fuer-ipademetok-ultra-duenn-qwertz-tastatur-kompatible-mit-ipad-102-97ipad-pro-11-ipad-pro-12-9-ipad-air-ipad-mini-iphone-stabile-verbindung\/"},"modified":"2023-04-11T04:35:16","modified_gmt":"2023-04-11T02:35:16","slug":"deutsche-bluetooth-tastatur-fuer-ipademetok-ultra-duenn-qwertz-tastatur-kompatible-mit-ipad-102-97ipad-pro-11-ipad-pro-12-9-ipad-air-ipad-mini-iphone-stabile-verbindung","status":"publish","type":"product","link":"https:\/\/marktxxl.de\/markt\/produkt\/deutsche-bluetooth-tastatur-fuer-ipademetok-ultra-duenn-qwertz-tastatur-kompatible-mit-ipad-102-97ipad-pro-11-ipad-pro-12-9-ipad-air-ipad-mini-iphone-stabile-verbindung\/","title":{"rendered":"Emetok Deutsche Bluetooth Tastatur f\u00fcr iPad, Ultra-d\u00fcnn QWERTZ Tastatur kompatible mit iPad 10,2\/9,7,iPad Pro 11\/iPad\u2026"},"content":{"rendered":"<p>1.Vieleseitig: Die iPad Tastatur ist kompatible mit alle ipad tablet and iPhone<br \/>\n2.Pr\u00e4zises Tippen: Das Bluetooth Keyboard macht Tippen besonders angenehmen und einfach<br \/>\n3.Einfach Verbidung: Es ist kablelos and sehr einfach, um\u00a0iPad zu verbinden.<br \/>\n4.Tolle Funktionen: Mit Funktionstaste kann man wie die Helligkeit, Suchfunktion, Sperren des Bildschirms oder aber die Musikwiedergabe \u00fcber die Tastatur ausf\u00fchren .<br \/>\n5.Leichte Gewicht: Die flache Form und die kleine Gr\u00f6\u00dfe macht es super leicht \u00fcberall mitzunehmen<br \/>\n<div class=\"main-cross-sell\" data-asin=\"B0B7Y1XMV6\">\n\n\t<div class=\"WooZone-cross-sell-loader\">\n\t\t<div>\n\t\t\t<div id=\"floatingBarsG\">\n\t\t\t\t<div class=\"blockG\" id=\"rotateG_01\"><\/div>\n\t\t\t\t<div class=\"blockG\" id=\"rotateG_02\"><\/div>\n\t\t\t\t<div class=\"blockG\" id=\"rotateG_03\"><\/div>\n\t\t\t\t<div class=\"blockG\" id=\"rotateG_04\"><\/div>\n\t\t\t\t<div class=\"blockG\" id=\"rotateG_05\"><\/div>\n\t\t\t\t<div class=\"blockG\" id=\"rotateG_06\"><\/div>\n\t\t\t\t<div class=\"blockG\" id=\"rotateG_07\"><\/div>\n\t\t\t\t<div class=\"blockG\" id=\"rotateG_08\"><\/div>\n\t\t\t<\/div>\n\t\t\t<div class=\"WooZone-cross-sell-loader-text\"><\/div>\n\t\t<\/div>\n\t<\/div>\n\n\t\t\n<\/div>\n<div style=\"clear:both;\"><\/div><\/p>\n","protected":false},"excerpt":{"rendered":"<p>1.Vieleseitig: Die iPad Tastatur ist kompatible mit alle ipad tablet and iPhone<br \/>\n2.Pr\u00e4zises Tippen: Das Bluetooth Keyboard macht Tippen besonders angenehmen und einfach<br \/>\n3.Einfach Verbidung: Es ist kablelos and sehr einfach, um\u00a0iPad zu verbinden.<\/p>\n","protected":false},"featured_media":154113,"comment_status":"open","ping_status":"closed","template":"","meta":[],"product_brand":[],"product_cat":[863],"product_tag":[],"class_list":{"0":"post-154112","1":"product","2":"type-product","3":"status-publish","4":"has-post-thumbnail","6":"product_cat-computer-zubehoer","7":"pa_brand-emetok","8":"pa_manufacturer-emetok","9":"pa_model-em-001","10":"pa_warranty-2-year","12":"first","13":"instock","14":"shipping-taxable","15":"purchasable","16":"product-type-simple","17":"customify-col","18":"product-has-gallery"},"yoast_head":"<!-- This site is optimized with the Yoast SEO plugin v27.4 - https:\/\/yoast.com\/product\/yoast-seo-wordpress\/ -->\n<title>Emetok Deutsche Bluetooth Tastatur f\u00fcr iPad, Ultra-d\u00fcnn QWERTZ Tastatur kompatible mit iPad 10,2\/9,7,iPad Pro 11\/iPad\u2026 - Markt-XXL<\/title>\n<meta name=\"description\" content=\"Markt-XXL Emetok Deutsche Bluetooth Tastatur f\u00fcr iPad, Ultra-d\u00fcnn QWERTZ Tastatur kompatible mit iPad 10,2\/9,7,iPad Pro 11\/iPad\u2026\" \/>\n<meta name=\"robots\" content=\"index, follow, max-snippet:-1, max-image-preview:large, max-video-preview:-1\" \/>\n<link rel=\"canonical\" href=\"https:\/\/marktxxl.de\/markt\/produkt\/deutsche-bluetooth-tastatur-fuer-ipademetok-ultra-duenn-qwertz-tastatur-kompatible-mit-ipad-102-97ipad-pro-11-ipad-pro-12-9-ipad-air-ipad-mini-iphone-stabile-verbindung\/\" \/>\n<meta property=\"og:locale\" content=\"de_DE\" \/>\n<meta property=\"og:type\" content=\"article\" \/>\n<meta property=\"og:title\" content=\"Emetok Deutsche Bluetooth Tastatur f\u00fcr iPad, Ultra-d\u00fcnn QWERTZ Tastatur kompatible mit iPad 10,2\/9,7,iPad Pro 11\/iPad\u2026 - Markt-XXL\" \/>\n<meta property=\"og:description\" content=\"Markt-XXL Emetok Deutsche Bluetooth Tastatur f\u00fcr iPad, Ultra-d\u00fcnn QWERTZ Tastatur kompatible mit iPad 10,2\/9,7,iPad Pro 11\/iPad\u2026\" \/>\n<meta property=\"og:url\" content=\"https:\/\/marktxxl.de\/markt\/produkt\/deutsche-bluetooth-tastatur-fuer-ipademetok-ultra-duenn-qwertz-tastatur-kompatible-mit-ipad-102-97ipad-pro-11-ipad-pro-12-9-ipad-air-ipad-mini-iphone-stabile-verbindung\/\" \/>\n<meta property=\"og:site_name\" content=\"Markt-XXL\" \/>\n<meta property=\"article:modified_time\" content=\"2023-04-11T02:35:16+00:00\" \/>\n<meta property=\"og:image\" content=\"https:\/\/m.media-amazon.com\/images\/I\/415grmALQIL._SL500_.jpg\" \/>\n\t<meta property=\"og:image:width\" content=\"500\" \/>\n\t<meta property=\"og:image:height\" content=\"500\" \/>\n\t<meta property=\"og:image:type\" content=\"image\/jpeg\" \/>\n<meta name=\"twitter:card\" content=\"summary_large_image\" \/>\n<script type=\"application\/ld+json\" class=\"yoast-schema-graph\">{\"@context\":\"https:\\\/\\\/schema.org\",\"@graph\":[{\"@type\":\"WebPage\",\"@id\":\"https:\\\/\\\/marktxxl.de\\\/markt\\\/produkt\\\/deutsche-bluetooth-tastatur-fuer-ipademetok-ultra-duenn-qwertz-tastatur-kompatible-mit-ipad-102-97ipad-pro-11-ipad-pro-12-9-ipad-air-ipad-mini-iphone-stabile-verbindung\\\/\",\"url\":\"https:\\\/\\\/marktxxl.de\\\/markt\\\/produkt\\\/deutsche-bluetooth-tastatur-fuer-ipademetok-ultra-duenn-qwertz-tastatur-kompatible-mit-ipad-102-97ipad-pro-11-ipad-pro-12-9-ipad-air-ipad-mini-iphone-stabile-verbindung\\\/\",\"name\":\"Emetok Deutsche Bluetooth Tastatur f\u00fcr iPad, Ultra-d\u00fcnn QWERTZ Tastatur kompatible mit iPad 10,2\\\/9,7,iPad Pro 11\\\/iPad\u2026 - Markt-XXL\",\"isPartOf\":{\"@id\":\"https:\\\/\\\/marktxxl.de\\\/markt\\\/#website\"},\"primaryImageOfPage\":{\"@id\":\"https:\\\/\\\/marktxxl.de\\\/markt\\\/produkt\\\/deutsche-bluetooth-tastatur-fuer-ipademetok-ultra-duenn-qwertz-tastatur-kompatible-mit-ipad-102-97ipad-pro-11-ipad-pro-12-9-ipad-air-ipad-mini-iphone-stabile-verbindung\\\/#primaryimage\"},\"image\":{\"@id\":\"https:\\\/\\\/marktxxl.de\\\/markt\\\/produkt\\\/deutsche-bluetooth-tastatur-fuer-ipademetok-ultra-duenn-qwertz-tastatur-kompatible-mit-ipad-102-97ipad-pro-11-ipad-pro-12-9-ipad-air-ipad-mini-iphone-stabile-verbindung\\\/#primaryimage\"},\"thumbnailUrl\":\"https:\\\/\\\/m.media-amazon.com\\\/images\\\/I\\\/415grmALQIL._SL500_.jpg\",\"datePublished\":\"2022-09-12T07:52:59+00:00\",\"dateModified\":\"2023-04-11T02:35:16+00:00\",\"description\":\"Markt-XXL Emetok Deutsche Bluetooth Tastatur f\u00fcr iPad, Ultra-d\u00fcnn QWERTZ Tastatur kompatible mit iPad 10,2\\\/9,7,iPad Pro 11\\\/iPad\u2026\",\"breadcrumb\":{\"@id\":\"https:\\\/\\\/marktxxl.de\\\/markt\\\/produkt\\\/deutsche-bluetooth-tastatur-fuer-ipademetok-ultra-duenn-qwertz-tastatur-kompatible-mit-ipad-102-97ipad-pro-11-ipad-pro-12-9-ipad-air-ipad-mini-iphone-stabile-verbindung\\\/#breadcrumb\"},\"inLanguage\":\"de\",\"potentialAction\":[{\"@type\":\"ReadAction\",\"target\":[\"https:\\\/\\\/marktxxl.de\\\/markt\\\/produkt\\\/deutsche-bluetooth-tastatur-fuer-ipademetok-ultra-duenn-qwertz-tastatur-kompatible-mit-ipad-102-97ipad-pro-11-ipad-pro-12-9-ipad-air-ipad-mini-iphone-stabile-verbindung\\\/\"]}]},{\"@type\":\"ImageObject\",\"inLanguage\":\"de\",\"@id\":\"https:\\\/\\\/marktxxl.de\\\/markt\\\/produkt\\\/deutsche-bluetooth-tastatur-fuer-ipademetok-ultra-duenn-qwertz-tastatur-kompatible-mit-ipad-102-97ipad-pro-11-ipad-pro-12-9-ipad-air-ipad-mini-iphone-stabile-verbindung\\\/#primaryimage\",\"url\":\"https:\\\/\\\/m.media-amazon.com\\\/images\\\/I\\\/415grmALQIL._SL500_.jpg\",\"contentUrl\":\"https:\\\/\\\/m.media-amazon.com\\\/images\\\/I\\\/415grmALQIL._SL500_.jpg\",\"width\":500,\"height\":500},{\"@type\":\"BreadcrumbList\",\"@id\":\"https:\\\/\\\/marktxxl.de\\\/markt\\\/produkt\\\/deutsche-bluetooth-tastatur-fuer-ipademetok-ultra-duenn-qwertz-tastatur-kompatible-mit-ipad-102-97ipad-pro-11-ipad-pro-12-9-ipad-air-ipad-mini-iphone-stabile-verbindung\\\/#breadcrumb\",\"itemListElement\":[{\"@type\":\"ListItem\",\"position\":1,\"name\":\"Startseite\",\"item\":\"https:\\\/\\\/marktxxl.de\\\/markt\\\/\"},{\"@type\":\"ListItem\",\"position\":2,\"name\":\"Markt\",\"item\":\"https:\\\/\\\/marktxxl.de\\\/markt\\\/\"},{\"@type\":\"ListItem\",\"position\":3,\"name\":\"Emetok Deutsche Bluetooth Tastatur f\u00fcr iPad, Ultra-d\u00fcnn QWERTZ Tastatur kompatible mit iPad 10,2\\\/9,7,iPad Pro 11\\\/iPad\u2026\"}]},{\"@type\":\"WebSite\",\"@id\":\"https:\\\/\\\/marktxxl.de\\\/markt\\\/#website\",\"url\":\"https:\\\/\\\/marktxxl.de\\\/markt\\\/\",\"name\":\"Markt-XXL\",\"description\":\"Ihr Markt Online\",\"publisher\":{\"@id\":\"https:\\\/\\\/marktxxl.de\\\/markt\\\/#organization\"},\"potentialAction\":[{\"@type\":\"SearchAction\",\"target\":{\"@type\":\"EntryPoint\",\"urlTemplate\":\"https:\\\/\\\/marktxxl.de\\\/markt\\\/?s={search_term_string}\"},\"query-input\":{\"@type\":\"PropertyValueSpecification\",\"valueRequired\":true,\"valueName\":\"search_term_string\"}}],\"inLanguage\":\"de\"},{\"@type\":\"Organization\",\"@id\":\"https:\\\/\\\/marktxxl.de\\\/markt\\\/#organization\",\"name\":\"Markt-XXL\",\"url\":\"https:\\\/\\\/marktxxl.de\\\/markt\\\/\",\"logo\":{\"@type\":\"ImageObject\",\"inLanguage\":\"de\",\"@id\":\"https:\\\/\\\/marktxxl.de\\\/markt\\\/#\\\/schema\\\/logo\\\/image\\\/\",\"url\":\"https:\\\/\\\/marktxxl.de\\\/markt\\\/wp-content\\\/uploads\\\/sites\\\/3\\\/2020\\\/12\\\/logo.png\",\"contentUrl\":\"https:\\\/\\\/marktxxl.de\\\/markt\\\/wp-content\\\/uploads\\\/sites\\\/3\\\/2020\\\/12\\\/logo.png\",\"width\":200,\"height\":70,\"caption\":\"Markt-XXL\"},\"image\":{\"@id\":\"https:\\\/\\\/marktxxl.de\\\/markt\\\/#\\\/schema\\\/logo\\\/image\\\/\"}}]}<\/script>\n<!-- \/ Yoast SEO plugin. -->","yoast_head_json":{"title":"Emetok Deutsche Bluetooth Tastatur f\u00fcr iPad, Ultra-d\u00fcnn QWERTZ Tastatur kompatible mit iPad 10,2\/9,7,iPad Pro 11\/iPad\u2026 - Markt-XXL","description":"Markt-XXL Emetok Deutsche Bluetooth Tastatur f\u00fcr iPad, Ultra-d\u00fcnn QWERTZ Tastatur kompatible mit iPad 10,2\/9,7,iPad Pro 11\/iPad\u2026","robots":{"index":"index","follow":"follow","max-snippet":"max-snippet:-1","max-image-preview":"max-image-preview:large","max-video-preview":"max-video-preview:-1"},"canonical":"https:\/\/marktxxl.de\/markt\/produkt\/deutsche-bluetooth-tastatur-fuer-ipademetok-ultra-duenn-qwertz-tastatur-kompatible-mit-ipad-102-97ipad-pro-11-ipad-pro-12-9-ipad-air-ipad-mini-iphone-stabile-verbindung\/","og_locale":"de_DE","og_type":"article","og_title":"Emetok Deutsche Bluetooth Tastatur f\u00fcr iPad, Ultra-d\u00fcnn QWERTZ Tastatur kompatible mit iPad 10,2\/9,7,iPad Pro 11\/iPad\u2026 - Markt-XXL","og_description":"Markt-XXL Emetok Deutsche Bluetooth Tastatur f\u00fcr iPad, Ultra-d\u00fcnn QWERTZ Tastatur kompatible mit iPad 10,2\/9,7,iPad Pro 11\/iPad\u2026","og_url":"https:\/\/marktxxl.de\/markt\/produkt\/deutsche-bluetooth-tastatur-fuer-ipademetok-ultra-duenn-qwertz-tastatur-kompatible-mit-ipad-102-97ipad-pro-11-ipad-pro-12-9-ipad-air-ipad-mini-iphone-stabile-verbindung\/","og_site_name":"Markt-XXL","article_modified_time":"2023-04-11T02:35:16+00:00","og_image":[{"width":500,"height":500,"url":"https:\/\/m.media-amazon.com\/images\/I\/415grmALQIL._SL500_.jpg","type":"image\/jpeg"}],"twitter_card":"summary_large_image","schema":{"@context":"https:\/\/schema.org","@graph":[{"@type":"WebPage","@id":"https:\/\/marktxxl.de\/markt\/produkt\/deutsche-bluetooth-tastatur-fuer-ipademetok-ultra-duenn-qwertz-tastatur-kompatible-mit-ipad-102-97ipad-pro-11-ipad-pro-12-9-ipad-air-ipad-mini-iphone-stabile-verbindung\/","url":"https:\/\/marktxxl.de\/markt\/produkt\/deutsche-bluetooth-tastatur-fuer-ipademetok-ultra-duenn-qwertz-tastatur-kompatible-mit-ipad-102-97ipad-pro-11-ipad-pro-12-9-ipad-air-ipad-mini-iphone-stabile-verbindung\/","name":"Emetok Deutsche Bluetooth Tastatur f\u00fcr iPad, Ultra-d\u00fcnn QWERTZ Tastatur kompatible mit iPad 10,2\/9,7,iPad Pro 11\/iPad\u2026 - Markt-XXL","isPartOf":{"@id":"https:\/\/marktxxl.de\/markt\/#website"},"primaryImageOfPage":{"@id":"https:\/\/marktxxl.de\/markt\/produkt\/deutsche-bluetooth-tastatur-fuer-ipademetok-ultra-duenn-qwertz-tastatur-kompatible-mit-ipad-102-97ipad-pro-11-ipad-pro-12-9-ipad-air-ipad-mini-iphone-stabile-verbindung\/#primaryimage"},"image":{"@id":"https:\/\/marktxxl.de\/markt\/produkt\/deutsche-bluetooth-tastatur-fuer-ipademetok-ultra-duenn-qwertz-tastatur-kompatible-mit-ipad-102-97ipad-pro-11-ipad-pro-12-9-ipad-air-ipad-mini-iphone-stabile-verbindung\/#primaryimage"},"thumbnailUrl":"https:\/\/m.media-amazon.com\/images\/I\/415grmALQIL._SL500_.jpg","datePublished":"2022-09-12T07:52:59+00:00","dateModified":"2023-04-11T02:35:16+00:00","description":"Markt-XXL Emetok Deutsche Bluetooth Tastatur f\u00fcr iPad, Ultra-d\u00fcnn QWERTZ Tastatur kompatible mit iPad 10,2\/9,7,iPad Pro 11\/iPad\u2026","breadcrumb":{"@id":"https:\/\/marktxxl.de\/markt\/produkt\/deutsche-bluetooth-tastatur-fuer-ipademetok-ultra-duenn-qwertz-tastatur-kompatible-mit-ipad-102-97ipad-pro-11-ipad-pro-12-9-ipad-air-ipad-mini-iphone-stabile-verbindung\/#breadcrumb"},"inLanguage":"de","potentialAction":[{"@type":"ReadAction","target":["https:\/\/marktxxl.de\/markt\/produkt\/deutsche-bluetooth-tastatur-fuer-ipademetok-ultra-duenn-qwertz-tastatur-kompatible-mit-ipad-102-97ipad-pro-11-ipad-pro-12-9-ipad-air-ipad-mini-iphone-stabile-verbindung\/"]}]},{"@type":"ImageObject","inLanguage":"de","@id":"https:\/\/marktxxl.de\/markt\/produkt\/deutsche-bluetooth-tastatur-fuer-ipademetok-ultra-duenn-qwertz-tastatur-kompatible-mit-ipad-102-97ipad-pro-11-ipad-pro-12-9-ipad-air-ipad-mini-iphone-stabile-verbindung\/#primaryimage","url":"https:\/\/m.media-amazon.com\/images\/I\/415grmALQIL._SL500_.jpg","contentUrl":"https:\/\/m.media-amazon.com\/images\/I\/415grmALQIL._SL500_.jpg","width":500,"height":500},{"@type":"BreadcrumbList","@id":"https:\/\/marktxxl.de\/markt\/produkt\/deutsche-bluetooth-tastatur-fuer-ipademetok-ultra-duenn-qwertz-tastatur-kompatible-mit-ipad-102-97ipad-pro-11-ipad-pro-12-9-ipad-air-ipad-mini-iphone-stabile-verbindung\/#breadcrumb","itemListElement":[{"@type":"ListItem","position":1,"name":"Startseite","item":"https:\/\/marktxxl.de\/markt\/"},{"@type":"ListItem","position":2,"name":"Markt","item":"https:\/\/marktxxl.de\/markt\/"},{"@type":"ListItem","position":3,"name":"Emetok Deutsche Bluetooth Tastatur f\u00fcr iPad, Ultra-d\u00fcnn QWERTZ Tastatur kompatible mit iPad 10,2\/9,7,iPad Pro 11\/iPad\u2026"}]},{"@type":"WebSite","@id":"https:\/\/marktxxl.de\/markt\/#website","url":"https:\/\/marktxxl.de\/markt\/","name":"Markt-XXL","description":"Ihr Markt Online","publisher":{"@id":"https:\/\/marktxxl.de\/markt\/#organization"},"potentialAction":[{"@type":"SearchAction","target":{"@type":"EntryPoint","urlTemplate":"https:\/\/marktxxl.de\/markt\/?s={search_term_string}"},"query-input":{"@type":"PropertyValueSpecification","valueRequired":true,"valueName":"search_term_string"}}],"inLanguage":"de"},{"@type":"Organization","@id":"https:\/\/marktxxl.de\/markt\/#organization","name":"Markt-XXL","url":"https:\/\/marktxxl.de\/markt\/","logo":{"@type":"ImageObject","inLanguage":"de","@id":"https:\/\/marktxxl.de\/markt\/#\/schema\/logo\/image\/","url":"https:\/\/marktxxl.de\/markt\/wp-content\/uploads\/sites\/3\/2020\/12\/logo.png","contentUrl":"https:\/\/marktxxl.de\/markt\/wp-content\/uploads\/sites\/3\/2020\/12\/logo.png","width":200,"height":70,"caption":"Markt-XXL"},"image":{"@id":"https:\/\/marktxxl.de\/markt\/#\/schema\/logo\/image\/"}}]}},"_links":{"self":[{"href":"https:\/\/marktxxl.de\/markt\/wp-json\/wp\/v2\/product\/154112","targetHints":{"allow":["GET"]}}],"collection":[{"href":"https:\/\/marktxxl.de\/markt\/wp-json\/wp\/v2\/product"}],"about":[{"href":"https:\/\/marktxxl.de\/markt\/wp-json\/wp\/v2\/types\/product"}],"replies":[{"embeddable":true,"href":"https:\/\/marktxxl.de\/markt\/wp-json\/wp\/v2\/comments?post=154112"}],"wp:featuredmedia":[{"embeddable":true,"href":"https:\/\/marktxxl.de\/markt\/wp-json\/wp\/v2\/media\/154113"}],"wp:attachment":[{"href":"https:\/\/marktxxl.de\/markt\/wp-json\/wp\/v2\/media?parent=154112"}],"wp:term":[{"taxonomy":"product_brand","embeddable":true,"href":"https:\/\/marktxxl.de\/markt\/wp-json\/wp\/v2\/product_brand?post=154112"},{"taxonomy":"product_cat","embeddable":true,"href":"https:\/\/marktxxl.de\/markt\/wp-json\/wp\/v2\/product_cat?post=154112"},{"taxonomy":"product_tag","embeddable":true,"href":"https:\/\/marktxxl.de\/markt\/wp-json\/wp\/v2\/product_tag?post=154112"}],"curies":[{"name":"wp","href":"https:\/\/api.w.org\/{rel}","templated":true}]}}