{"id":154025,"date":"2022-09-12T09:49:14","date_gmt":"2022-09-12T07:49:14","guid":{"rendered":"https:\/\/marktxxl.de\/markt\/produkt\/vivava-2-stueck-matte-papier-folie-fuer-ipad-air-5-2022-ipad-air-4-2020-109-zoll-ipad-pro-11-zoll-2021-2020-2018-displayfolie-schutzfolie-schreiben-zeichnen-und-skizzieren-wie\/"},"modified":"2023-04-11T04:35:16","modified_gmt":"2023-04-11T02:35:16","slug":"vivava-2-stueck-matte-papier-folie-fuer-ipad-air-5-2022-ipad-air-4-2020-109-zoll-ipad-pro-11-zoll-2021-2020-2018-displayfolie-schutzfolie-schreiben-zeichnen-und-skizzieren-wie","status":"publish","type":"product","link":"https:\/\/marktxxl.de\/markt\/produkt\/vivava-2-stueck-matte-papier-folie-fuer-ipad-air-5-2022-ipad-air-4-2020-109-zoll-ipad-pro-11-zoll-2021-2020-2018-displayfolie-schutzfolie-schreiben-zeichnen-und-skizzieren-wie\/","title":{"rendered":"2 St\u00fcck matte Papier Folie f\u00fcr iPad Air 5 (2022) &amp; iPad Air 4 (2020) 10,9 Zoll &amp; iPad Pro 11 Zoll (2022, 2021, 2020\u2026"},"content":{"rendered":"<p>Optimal f\u00fcr Studenten, Sch\u00fcler &amp; Gesch\u00e4ftsleute: Die matte Oberfl\u00e4che verleiht dem iPad ein echtes Papier-Feeling beim Schreiben und Notizen dank des hochwertigen PET Materials aus Japan.<br \/>\nBesonders geeignet f\u00fcr Grafiker, Designer &amp; Mediengestalter: Dank der Nano-Technologie optimale Schreibintensit\u00e4t auf papier\u00e4hnlicher Textur f\u00fcr besonders lange und pr\u00e4zise Schreib- und Zeichensitzungen.<br \/>\nOptimaler Schutz gegen Kratzer und Fingerabdr\u00fccke. Keine Flecken mehr auf Ihrem Display und Ihr Tablet wird durch VIVAVA Displayfolie vollst\u00e4ndig gesch\u00fctzt und bleibt dadurch schonend.<br \/>\nVIVAVA Displayfolie unterst\u00fctzt FaceID und sie ist kompatibel mit Apple Pencil und vielen g\u00fcnstigeren Pen-Varianten auf dem Markt. Mit VIVAVA Displayfolie wird das Schreiben, Zeichnen und Skizzieren zu einem Erlebnis.<br \/>\nVIVAVA Displayfolie ist kompatibel mit iPad Air 5 (2022), iPad Air 4 (2020) 10,9 Zoll und iPad Pro 11 Zoll (2018, 2020, 2021). Die Anleitung finden Sie sowohl in unserem Video auch auf der Packung f\u00fcr Sie gezeichnet. Bei Fragen stehen wir Ihnen gerne zur Verf\u00fcgung. Wir w\u00fcnschen Ihnen einen tollen Schreiberlebnis mit Ihrer VIVAVA Displayfolie.<br \/>\n<div class=\"main-cross-sell\" data-asin=\"B0B9YVSQ8B\">\n\n\t<div class=\"WooZone-cross-sell-loader\">\n\t\t<div>\n\t\t\t<div id=\"floatingBarsG\">\n\t\t\t\t<div class=\"blockG\" id=\"rotateG_01\"><\/div>\n\t\t\t\t<div class=\"blockG\" id=\"rotateG_02\"><\/div>\n\t\t\t\t<div class=\"blockG\" id=\"rotateG_03\"><\/div>\n\t\t\t\t<div class=\"blockG\" id=\"rotateG_04\"><\/div>\n\t\t\t\t<div class=\"blockG\" id=\"rotateG_05\"><\/div>\n\t\t\t\t<div class=\"blockG\" id=\"rotateG_06\"><\/div>\n\t\t\t\t<div class=\"blockG\" id=\"rotateG_07\"><\/div>\n\t\t\t\t<div class=\"blockG\" id=\"rotateG_08\"><\/div>\n\t\t\t<\/div>\n\t\t\t<div class=\"WooZone-cross-sell-loader-text\"><\/div>\n\t\t<\/div>\n\t<\/div>\n\n\t\t\n<\/div>\n<div style=\"clear:both;\"><\/div><\/p>\n","protected":false},"excerpt":{"rendered":"<p>Optimal f\u00fcr Studenten, Sch\u00fcler &amp; Gesch\u00e4ftsleute: Die matte Oberfl\u00e4che verleiht dem iPad ein echtes Papier-Feeling beim Schreiben und Notizen dank des hochwertigen PET Materials aus Japan.<br \/>\nBesonders geeignet f\u00fcr Grafiker, Designer &amp; Mediengestalter: Dank der Nano-Technologie optimale Schreibintensit\u00e4t auf papier\u00e4hnlicher Textur f\u00fcr besonders lange und pr\u00e4zise Schreib- und Zeichensitzungen.<br \/>\nOptimaler Schutz gegen Kratzer und Fingerabdr\u00fccke. Keine Flecken mehr auf Ihrem Display und Ihr Tablet wird durch VIVAVA Displayfolie vollst\u00e4ndig gesch\u00fctzt und bleibt dadurch schonend.<\/p>\n","protected":false},"featured_media":154026,"comment_status":"open","ping_status":"closed","template":"","meta":[],"product_brand":[],"product_cat":[863],"product_tag":[],"class_list":{"0":"post-154025","1":"product","2":"type-product","3":"status-publish","4":"has-post-thumbnail","6":"product_cat-computer-zubehoer","7":"pa_brand-vivava","8":"pa_color-transparent","9":"pa_height-0-49999999949-zoll","10":"pa_length-9-6456692815-zoll","11":"pa_manufacturer-vivava","12":"pa_warranty-1-jahr-herstellergarantie","13":"pa_width-6-8897637725-zoll","15":"first","16":"instock","17":"shipping-taxable","18":"purchasable","19":"product-type-simple","20":"customify-col","21":"product-has-gallery"},"yoast_head":"<!-- This site is optimized with the Yoast SEO plugin v27.4 - https:\/\/yoast.com\/product\/yoast-seo-wordpress\/ -->\n<title>2 St\u00fcck matte Papier Folie f\u00fcr iPad Air 5 (2022) &amp; iPad Air 4 (2020) 10,9 Zoll &amp; iPad Pro 11 Zoll (2022, 2021, 2020\u2026 - Markt-XXL<\/title>\n<meta name=\"description\" content=\"Markt-XXL 2 St\u00fcck matte Papier Folie f\u00fcr iPad Air 5 (2022) &amp; iPad Air 4 (2020) 10,9 Zoll &amp; iPad Pro 11 Zoll (2022, 2021, 2020\u2026\" \/>\n<meta name=\"robots\" content=\"index, follow, max-snippet:-1, max-image-preview:large, max-video-preview:-1\" \/>\n<link rel=\"canonical\" href=\"https:\/\/marktxxl.de\/markt\/produkt\/vivava-2-stueck-matte-papier-folie-fuer-ipad-air-5-2022-ipad-air-4-2020-109-zoll-ipad-pro-11-zoll-2021-2020-2018-displayfolie-schutzfolie-schreiben-zeichnen-und-skizzieren-wie\/\" \/>\n<meta property=\"og:locale\" content=\"de_DE\" \/>\n<meta property=\"og:type\" content=\"article\" \/>\n<meta property=\"og:title\" content=\"2 St\u00fcck matte Papier Folie f\u00fcr iPad Air 5 (2022) &amp; iPad Air 4 (2020) 10,9 Zoll &amp; iPad Pro 11 Zoll (2022, 2021, 2020\u2026 - Markt-XXL\" \/>\n<meta property=\"og:description\" content=\"Markt-XXL 2 St\u00fcck matte Papier Folie f\u00fcr iPad Air 5 (2022) &amp; iPad Air 4 (2020) 10,9 Zoll &amp; iPad Pro 11 Zoll (2022, 2021, 2020\u2026\" \/>\n<meta property=\"og:url\" content=\"https:\/\/marktxxl.de\/markt\/produkt\/vivava-2-stueck-matte-papier-folie-fuer-ipad-air-5-2022-ipad-air-4-2020-109-zoll-ipad-pro-11-zoll-2021-2020-2018-displayfolie-schutzfolie-schreiben-zeichnen-und-skizzieren-wie\/\" \/>\n<meta property=\"og:site_name\" content=\"Markt-XXL\" \/>\n<meta property=\"article:modified_time\" content=\"2023-04-11T02:35:16+00:00\" \/>\n<meta property=\"og:image\" content=\"https:\/\/m.media-amazon.com\/images\/I\/41NNhWwALkL._SL500_.jpg\" \/>\n\t<meta property=\"og:image:width\" content=\"500\" \/>\n\t<meta property=\"og:image:height\" content=\"500\" \/>\n\t<meta property=\"og:image:type\" content=\"image\/jpeg\" \/>\n<meta name=\"twitter:card\" content=\"summary_large_image\" \/>\n<meta name=\"twitter:label1\" content=\"Gesch\u00e4tzte Lesezeit\" \/>\n\t<meta name=\"twitter:data1\" content=\"1\u00a0Minute\" \/>\n<script type=\"application\/ld+json\" class=\"yoast-schema-graph\">{\"@context\":\"https:\\\/\\\/schema.org\",\"@graph\":[{\"@type\":\"WebPage\",\"@id\":\"https:\\\/\\\/marktxxl.de\\\/markt\\\/produkt\\\/vivava-2-stueck-matte-papier-folie-fuer-ipad-air-5-2022-ipad-air-4-2020-109-zoll-ipad-pro-11-zoll-2021-2020-2018-displayfolie-schutzfolie-schreiben-zeichnen-und-skizzieren-wie\\\/\",\"url\":\"https:\\\/\\\/marktxxl.de\\\/markt\\\/produkt\\\/vivava-2-stueck-matte-papier-folie-fuer-ipad-air-5-2022-ipad-air-4-2020-109-zoll-ipad-pro-11-zoll-2021-2020-2018-displayfolie-schutzfolie-schreiben-zeichnen-und-skizzieren-wie\\\/\",\"name\":\"2 St\u00fcck matte Papier Folie f\u00fcr iPad Air 5 (2022) &amp; iPad Air 4 (2020) 10,9 Zoll &amp; iPad Pro 11 Zoll (2022, 2021, 2020\u2026 - Markt-XXL\",\"isPartOf\":{\"@id\":\"https:\\\/\\\/marktxxl.de\\\/markt\\\/#website\"},\"primaryImageOfPage\":{\"@id\":\"https:\\\/\\\/marktxxl.de\\\/markt\\\/produkt\\\/vivava-2-stueck-matte-papier-folie-fuer-ipad-air-5-2022-ipad-air-4-2020-109-zoll-ipad-pro-11-zoll-2021-2020-2018-displayfolie-schutzfolie-schreiben-zeichnen-und-skizzieren-wie\\\/#primaryimage\"},\"image\":{\"@id\":\"https:\\\/\\\/marktxxl.de\\\/markt\\\/produkt\\\/vivava-2-stueck-matte-papier-folie-fuer-ipad-air-5-2022-ipad-air-4-2020-109-zoll-ipad-pro-11-zoll-2021-2020-2018-displayfolie-schutzfolie-schreiben-zeichnen-und-skizzieren-wie\\\/#primaryimage\"},\"thumbnailUrl\":\"https:\\\/\\\/m.media-amazon.com\\\/images\\\/I\\\/41NNhWwALkL._SL500_.jpg\",\"datePublished\":\"2022-09-12T07:49:14+00:00\",\"dateModified\":\"2023-04-11T02:35:16+00:00\",\"description\":\"Markt-XXL 2 St\u00fcck matte Papier Folie f\u00fcr iPad Air 5 (2022) &amp; iPad Air 4 (2020) 10,9 Zoll &amp; iPad Pro 11 Zoll (2022, 2021, 2020\u2026\",\"breadcrumb\":{\"@id\":\"https:\\\/\\\/marktxxl.de\\\/markt\\\/produkt\\\/vivava-2-stueck-matte-papier-folie-fuer-ipad-air-5-2022-ipad-air-4-2020-109-zoll-ipad-pro-11-zoll-2021-2020-2018-displayfolie-schutzfolie-schreiben-zeichnen-und-skizzieren-wie\\\/#breadcrumb\"},\"inLanguage\":\"de\",\"potentialAction\":[{\"@type\":\"ReadAction\",\"target\":[\"https:\\\/\\\/marktxxl.de\\\/markt\\\/produkt\\\/vivava-2-stueck-matte-papier-folie-fuer-ipad-air-5-2022-ipad-air-4-2020-109-zoll-ipad-pro-11-zoll-2021-2020-2018-displayfolie-schutzfolie-schreiben-zeichnen-und-skizzieren-wie\\\/\"]}]},{\"@type\":\"ImageObject\",\"inLanguage\":\"de\",\"@id\":\"https:\\\/\\\/marktxxl.de\\\/markt\\\/produkt\\\/vivava-2-stueck-matte-papier-folie-fuer-ipad-air-5-2022-ipad-air-4-2020-109-zoll-ipad-pro-11-zoll-2021-2020-2018-displayfolie-schutzfolie-schreiben-zeichnen-und-skizzieren-wie\\\/#primaryimage\",\"url\":\"https:\\\/\\\/m.media-amazon.com\\\/images\\\/I\\\/41NNhWwALkL._SL500_.jpg\",\"contentUrl\":\"https:\\\/\\\/m.media-amazon.com\\\/images\\\/I\\\/41NNhWwALkL._SL500_.jpg\",\"width\":500,\"height\":500},{\"@type\":\"BreadcrumbList\",\"@id\":\"https:\\\/\\\/marktxxl.de\\\/markt\\\/produkt\\\/vivava-2-stueck-matte-papier-folie-fuer-ipad-air-5-2022-ipad-air-4-2020-109-zoll-ipad-pro-11-zoll-2021-2020-2018-displayfolie-schutzfolie-schreiben-zeichnen-und-skizzieren-wie\\\/#breadcrumb\",\"itemListElement\":[{\"@type\":\"ListItem\",\"position\":1,\"name\":\"Startseite\",\"item\":\"https:\\\/\\\/marktxxl.de\\\/markt\\\/\"},{\"@type\":\"ListItem\",\"position\":2,\"name\":\"Markt\",\"item\":\"https:\\\/\\\/marktxxl.de\\\/markt\\\/\"},{\"@type\":\"ListItem\",\"position\":3,\"name\":\"2 St\u00fcck matte Papier Folie f\u00fcr iPad Air 5 (2022) &amp; iPad Air 4 (2020) 10,9 Zoll &amp; iPad Pro 11 Zoll (2022, 2021, 2020\u2026\"}]},{\"@type\":\"WebSite\",\"@id\":\"https:\\\/\\\/marktxxl.de\\\/markt\\\/#website\",\"url\":\"https:\\\/\\\/marktxxl.de\\\/markt\\\/\",\"name\":\"Markt-XXL\",\"description\":\"Ihr Markt Online\",\"publisher\":{\"@id\":\"https:\\\/\\\/marktxxl.de\\\/markt\\\/#organization\"},\"potentialAction\":[{\"@type\":\"SearchAction\",\"target\":{\"@type\":\"EntryPoint\",\"urlTemplate\":\"https:\\\/\\\/marktxxl.de\\\/markt\\\/?s={search_term_string}\"},\"query-input\":{\"@type\":\"PropertyValueSpecification\",\"valueRequired\":true,\"valueName\":\"search_term_string\"}}],\"inLanguage\":\"de\"},{\"@type\":\"Organization\",\"@id\":\"https:\\\/\\\/marktxxl.de\\\/markt\\\/#organization\",\"name\":\"Markt-XXL\",\"url\":\"https:\\\/\\\/marktxxl.de\\\/markt\\\/\",\"logo\":{\"@type\":\"ImageObject\",\"inLanguage\":\"de\",\"@id\":\"https:\\\/\\\/marktxxl.de\\\/markt\\\/#\\\/schema\\\/logo\\\/image\\\/\",\"url\":\"https:\\\/\\\/marktxxl.de\\\/markt\\\/wp-content\\\/uploads\\\/sites\\\/3\\\/2020\\\/12\\\/logo.png\",\"contentUrl\":\"https:\\\/\\\/marktxxl.de\\\/markt\\\/wp-content\\\/uploads\\\/sites\\\/3\\\/2020\\\/12\\\/logo.png\",\"width\":200,\"height\":70,\"caption\":\"Markt-XXL\"},\"image\":{\"@id\":\"https:\\\/\\\/marktxxl.de\\\/markt\\\/#\\\/schema\\\/logo\\\/image\\\/\"}}]}<\/script>\n<!-- \/ Yoast SEO plugin. -->","yoast_head_json":{"title":"2 St\u00fcck matte Papier Folie f\u00fcr iPad Air 5 (2022) &amp; iPad Air 4 (2020) 10,9 Zoll &amp; iPad Pro 11 Zoll (2022, 2021, 2020\u2026 - Markt-XXL","description":"Markt-XXL 2 St\u00fcck matte Papier Folie f\u00fcr iPad Air 5 (2022) &amp; iPad Air 4 (2020) 10,9 Zoll &amp; iPad Pro 11 Zoll (2022, 2021, 2020\u2026","robots":{"index":"index","follow":"follow","max-snippet":"max-snippet:-1","max-image-preview":"max-image-preview:large","max-video-preview":"max-video-preview:-1"},"canonical":"https:\/\/marktxxl.de\/markt\/produkt\/vivava-2-stueck-matte-papier-folie-fuer-ipad-air-5-2022-ipad-air-4-2020-109-zoll-ipad-pro-11-zoll-2021-2020-2018-displayfolie-schutzfolie-schreiben-zeichnen-und-skizzieren-wie\/","og_locale":"de_DE","og_type":"article","og_title":"2 St\u00fcck matte Papier Folie f\u00fcr iPad Air 5 (2022) &amp; iPad Air 4 (2020) 10,9 Zoll &amp; iPad Pro 11 Zoll (2022, 2021, 2020\u2026 - Markt-XXL","og_description":"Markt-XXL 2 St\u00fcck matte Papier Folie f\u00fcr iPad Air 5 (2022) &amp; iPad Air 4 (2020) 10,9 Zoll &amp; iPad Pro 11 Zoll (2022, 2021, 2020\u2026","og_url":"https:\/\/marktxxl.de\/markt\/produkt\/vivava-2-stueck-matte-papier-folie-fuer-ipad-air-5-2022-ipad-air-4-2020-109-zoll-ipad-pro-11-zoll-2021-2020-2018-displayfolie-schutzfolie-schreiben-zeichnen-und-skizzieren-wie\/","og_site_name":"Markt-XXL","article_modified_time":"2023-04-11T02:35:16+00:00","og_image":[{"width":500,"height":500,"url":"https:\/\/m.media-amazon.com\/images\/I\/41NNhWwALkL._SL500_.jpg","type":"image\/jpeg"}],"twitter_card":"summary_large_image","twitter_misc":{"Gesch\u00e4tzte Lesezeit":"1\u00a0Minute"},"schema":{"@context":"https:\/\/schema.org","@graph":[{"@type":"WebPage","@id":"https:\/\/marktxxl.de\/markt\/produkt\/vivava-2-stueck-matte-papier-folie-fuer-ipad-air-5-2022-ipad-air-4-2020-109-zoll-ipad-pro-11-zoll-2021-2020-2018-displayfolie-schutzfolie-schreiben-zeichnen-und-skizzieren-wie\/","url":"https:\/\/marktxxl.de\/markt\/produkt\/vivava-2-stueck-matte-papier-folie-fuer-ipad-air-5-2022-ipad-air-4-2020-109-zoll-ipad-pro-11-zoll-2021-2020-2018-displayfolie-schutzfolie-schreiben-zeichnen-und-skizzieren-wie\/","name":"2 St\u00fcck matte Papier Folie f\u00fcr iPad Air 5 (2022) &amp; iPad Air 4 (2020) 10,9 Zoll &amp; iPad Pro 11 Zoll (2022, 2021, 2020\u2026 - Markt-XXL","isPartOf":{"@id":"https:\/\/marktxxl.de\/markt\/#website"},"primaryImageOfPage":{"@id":"https:\/\/marktxxl.de\/markt\/produkt\/vivava-2-stueck-matte-papier-folie-fuer-ipad-air-5-2022-ipad-air-4-2020-109-zoll-ipad-pro-11-zoll-2021-2020-2018-displayfolie-schutzfolie-schreiben-zeichnen-und-skizzieren-wie\/#primaryimage"},"image":{"@id":"https:\/\/marktxxl.de\/markt\/produkt\/vivava-2-stueck-matte-papier-folie-fuer-ipad-air-5-2022-ipad-air-4-2020-109-zoll-ipad-pro-11-zoll-2021-2020-2018-displayfolie-schutzfolie-schreiben-zeichnen-und-skizzieren-wie\/#primaryimage"},"thumbnailUrl":"https:\/\/m.media-amazon.com\/images\/I\/41NNhWwALkL._SL500_.jpg","datePublished":"2022-09-12T07:49:14+00:00","dateModified":"2023-04-11T02:35:16+00:00","description":"Markt-XXL 2 St\u00fcck matte Papier Folie f\u00fcr iPad Air 5 (2022) &amp; iPad Air 4 (2020) 10,9 Zoll &amp; iPad Pro 11 Zoll (2022, 2021, 2020\u2026","breadcrumb":{"@id":"https:\/\/marktxxl.de\/markt\/produkt\/vivava-2-stueck-matte-papier-folie-fuer-ipad-air-5-2022-ipad-air-4-2020-109-zoll-ipad-pro-11-zoll-2021-2020-2018-displayfolie-schutzfolie-schreiben-zeichnen-und-skizzieren-wie\/#breadcrumb"},"inLanguage":"de","potentialAction":[{"@type":"ReadAction","target":["https:\/\/marktxxl.de\/markt\/produkt\/vivava-2-stueck-matte-papier-folie-fuer-ipad-air-5-2022-ipad-air-4-2020-109-zoll-ipad-pro-11-zoll-2021-2020-2018-displayfolie-schutzfolie-schreiben-zeichnen-und-skizzieren-wie\/"]}]},{"@type":"ImageObject","inLanguage":"de","@id":"https:\/\/marktxxl.de\/markt\/produkt\/vivava-2-stueck-matte-papier-folie-fuer-ipad-air-5-2022-ipad-air-4-2020-109-zoll-ipad-pro-11-zoll-2021-2020-2018-displayfolie-schutzfolie-schreiben-zeichnen-und-skizzieren-wie\/#primaryimage","url":"https:\/\/m.media-amazon.com\/images\/I\/41NNhWwALkL._SL500_.jpg","contentUrl":"https:\/\/m.media-amazon.com\/images\/I\/41NNhWwALkL._SL500_.jpg","width":500,"height":500},{"@type":"BreadcrumbList","@id":"https:\/\/marktxxl.de\/markt\/produkt\/vivava-2-stueck-matte-papier-folie-fuer-ipad-air-5-2022-ipad-air-4-2020-109-zoll-ipad-pro-11-zoll-2021-2020-2018-displayfolie-schutzfolie-schreiben-zeichnen-und-skizzieren-wie\/#breadcrumb","itemListElement":[{"@type":"ListItem","position":1,"name":"Startseite","item":"https:\/\/marktxxl.de\/markt\/"},{"@type":"ListItem","position":2,"name":"Markt","item":"https:\/\/marktxxl.de\/markt\/"},{"@type":"ListItem","position":3,"name":"2 St\u00fcck matte Papier Folie f\u00fcr iPad Air 5 (2022) &amp; iPad Air 4 (2020) 10,9 Zoll &amp; iPad Pro 11 Zoll (2022, 2021, 2020\u2026"}]},{"@type":"WebSite","@id":"https:\/\/marktxxl.de\/markt\/#website","url":"https:\/\/marktxxl.de\/markt\/","name":"Markt-XXL","description":"Ihr Markt Online","publisher":{"@id":"https:\/\/marktxxl.de\/markt\/#organization"},"potentialAction":[{"@type":"SearchAction","target":{"@type":"EntryPoint","urlTemplate":"https:\/\/marktxxl.de\/markt\/?s={search_term_string}"},"query-input":{"@type":"PropertyValueSpecification","valueRequired":true,"valueName":"search_term_string"}}],"inLanguage":"de"},{"@type":"Organization","@id":"https:\/\/marktxxl.de\/markt\/#organization","name":"Markt-XXL","url":"https:\/\/marktxxl.de\/markt\/","logo":{"@type":"ImageObject","inLanguage":"de","@id":"https:\/\/marktxxl.de\/markt\/#\/schema\/logo\/image\/","url":"https:\/\/marktxxl.de\/markt\/wp-content\/uploads\/sites\/3\/2020\/12\/logo.png","contentUrl":"https:\/\/marktxxl.de\/markt\/wp-content\/uploads\/sites\/3\/2020\/12\/logo.png","width":200,"height":70,"caption":"Markt-XXL"},"image":{"@id":"https:\/\/marktxxl.de\/markt\/#\/schema\/logo\/image\/"}}]}},"_links":{"self":[{"href":"https:\/\/marktxxl.de\/markt\/wp-json\/wp\/v2\/product\/154025","targetHints":{"allow":["GET"]}}],"collection":[{"href":"https:\/\/marktxxl.de\/markt\/wp-json\/wp\/v2\/product"}],"about":[{"href":"https:\/\/marktxxl.de\/markt\/wp-json\/wp\/v2\/types\/product"}],"replies":[{"embeddable":true,"href":"https:\/\/marktxxl.de\/markt\/wp-json\/wp\/v2\/comments?post=154025"}],"wp:featuredmedia":[{"embeddable":true,"href":"https:\/\/marktxxl.de\/markt\/wp-json\/wp\/v2\/media\/154026"}],"wp:attachment":[{"href":"https:\/\/marktxxl.de\/markt\/wp-json\/wp\/v2\/media?parent=154025"}],"wp:term":[{"taxonomy":"product_brand","embeddable":true,"href":"https:\/\/marktxxl.de\/markt\/wp-json\/wp\/v2\/product_brand?post=154025"},{"taxonomy":"product_cat","embeddable":true,"href":"https:\/\/marktxxl.de\/markt\/wp-json\/wp\/v2\/product_cat?post=154025"},{"taxonomy":"product_tag","embeddable":true,"href":"https:\/\/marktxxl.de\/markt\/wp-json\/wp\/v2\/product_tag?post=154025"}],"curies":[{"name":"wp","href":"https:\/\/api.w.org\/{rel}","templated":true}]}}