{"id":154008,"date":"2022-09-12T09:49:02","date_gmt":"2022-09-12T07:49:02","guid":{"rendered":"https:\/\/marktxxl.de\/markt\/produkt\/vobafe-huelle-kompatibel-mit-ipad-air-5-2022-huelle-ipad-air-4-2020-huelle-109-zoll-trifold-staender-schutzhuelle-mit-stifthalter-unterstuetzt-2-gen-ipencil-aufladen\/"},"modified":"2023-04-11T04:35:16","modified_gmt":"2023-04-11T02:35:16","slug":"vobafe-huelle-kompatibel-mit-ipad-air-5-2022-huelle-ipad-air-4-2020-huelle-109-zoll-trifold-staender-schutzhuelle-mit-stifthalter-unterstuetzt-2-gen-ipencil-aufladen","status":"publish","type":"product","link":"https:\/\/marktxxl.de\/markt\/produkt\/vobafe-huelle-kompatibel-mit-ipad-air-5-2022-huelle-ipad-air-4-2020-huelle-109-zoll-trifold-staender-schutzhuelle-mit-stifthalter-unterstuetzt-2-gen-ipencil-aufladen\/","title":{"rendered":"Vobafe H\u00fclle Kompatibel mit iPad Air 5 2022 H\u00fclle\/iPad Air 4 2020 H\u00fclle (10,9 Zoll), Trifold St\u00e4nder Schutzh\u00fclle mit\u2026"},"content":{"rendered":"<p>\u25c6 Kompatibilit\u00e4t: Diese H\u00fclle ist Kompatibel mit Apple iPad 10,9 Zoll H\u00fclle. Kompatibel mit Apple iPad Air 5. Generation 2022 \/ iPad Air 4. Generation 2020 Nur. (Passend f\u00fcr iPad-Modelle: A2072 \/ A2316 \/ A2324 \/ A2325). Hinweis: Passen Sie NICHT auf ein anderes Tablet. Bitte \u00fcberpr\u00fcfen Sie die R\u00fcckseite Ihres iPad, um die Modellnummer zu finden.<br \/>\n\u25c6 Auto Schlafen\/Wachen: Die iPad Air 2022 2020 H\u00fclle Kompatibel mit iPad mit Auto Schlafen\/Wachen Funktion. Eingebauter Magnetstreifen, wacht automatisch auf oder schl\u00e4ft, wenn Sie die Smart-Abdeckung \u00f6ffnen oder schlie\u00dfen. Einfach und bequem zu bedienen.<br \/>\n\u25c6 Stifthalter &amp; Kabelloses Laden: Mit dieser Abdeckung Kompatibel mit iPad Air 5 4 H\u00fclle mit Stifthalter, die mit einem Bleistiffloch versehen ist, k\u00f6nnen Sie Ihren Stift bei Verwendung leicht entfernen. Unterst\u00fctzen Sie die magnetische Befestigung und das kabellose Laden, ohne den Stift herauszunehmen, und sorgen Sie so f\u00fcr eine bequeme und flexible Lebenserfahrung. (Bleistift ist nicht im Lieferumfang enthalten)<br \/>\n\u25c6 Mehrere Betrachtungswinkel: Die H\u00fclle Kompatibel mit iPad Air 5. 4. Generation mit dreifachem St\u00e4nder passt den Winkel einfach an Ihre Betrachtungs- und Schreibanforderungen an. Befreien Sie Ihre H\u00e4nde f\u00fcr andere Unterhaltungen.<br \/>\n\u25c6 Voller Schutz: Diese H\u00fclle Kompatibel mit iPad Air 2022\/2020 aus weichem TPU-Material und Mikrofaserfutter mit PU-Leder-Au\u00dfenseite verhindert, dass Ihr Tablet st\u00f6\u00dft, herunterf\u00e4llt und kratzt. Schlankes und leichtes Design, leicht zu tragen.<br \/>\n<div class=\"main-cross-sell\" data-asin=\"B08RN62SDT\">\n\n\t<div class=\"WooZone-cross-sell-loader\">\n\t\t<div>\n\t\t\t<div id=\"floatingBarsG\">\n\t\t\t\t<div class=\"blockG\" id=\"rotateG_01\"><\/div>\n\t\t\t\t<div class=\"blockG\" id=\"rotateG_02\"><\/div>\n\t\t\t\t<div class=\"blockG\" id=\"rotateG_03\"><\/div>\n\t\t\t\t<div class=\"blockG\" id=\"rotateG_04\"><\/div>\n\t\t\t\t<div class=\"blockG\" id=\"rotateG_05\"><\/div>\n\t\t\t\t<div class=\"blockG\" id=\"rotateG_06\"><\/div>\n\t\t\t\t<div class=\"blockG\" id=\"rotateG_07\"><\/div>\n\t\t\t\t<div class=\"blockG\" id=\"rotateG_08\"><\/div>\n\t\t\t<\/div>\n\t\t\t<div class=\"WooZone-cross-sell-loader-text\"><\/div>\n\t\t<\/div>\n\t<\/div>\n\n\t\t\n<\/div>\n<div style=\"clear:both;\"><\/div><\/p>\n","protected":false},"excerpt":{"rendered":"<p>\u25c6 Kompatibilit\u00e4t: Diese H\u00fclle ist Kompatibel mit Apple iPad 10,9 Zoll H\u00fclle. Kompatibel mit Apple iPad Air 5. Generation 2022 \/ iPad Air 4. Generation 2020 Nur. (Passend f\u00fcr iPad-Modelle: A2072 \/ A2316 \/ A2324 \/ A2325). Hinweis: Passen Sie NICHT auf ein anderes Tablet. Bitte \u00fcberpr\u00fcfen Sie die R\u00fcckseite Ihres iPad, um die Modellnummer zu finden.<br \/>\n\u25c6 Auto Schlafen\/Wachen: Die iPad Air 2022 2020 H\u00fclle Kompatibel mit iPad mit Auto Schlafen\/Wachen Funktion. Eingebauter Magnetstreifen, wacht automatisch auf oder schl\u00e4ft, wenn Sie die Smart-Abdeckung \u00f6ffnen oder schlie\u00dfen. Einfach und bequem zu bedienen.<br \/>\n\u25c6 Stifthalter &amp; Kabelloses Laden: Mit dieser Abdeckung Kompatibel mit iPad Air 5 4 H\u00fclle mit Stifthalter, die mit einem Bleistiffloch versehen ist, k\u00f6nnen Sie Ihren Stift bei Verwendung leicht entfernen. Unterst\u00fctzen Sie die magnetische Befestigung und das kabellose Laden, ohne den Stift herauszunehmen, und sorgen Sie so f\u00fcr eine bequeme und flexible Lebenserfahrung. (Bleistift ist nicht im Lieferumfang enthalten)<\/p>\n","protected":false},"featured_media":154009,"comment_status":"open","ping_status":"closed","template":"","meta":[],"product_brand":[],"product_cat":[863],"product_tag":[],"class_list":{"0":"post-154008","1":"product","2":"type-product","3":"status-publish","4":"has-post-thumbnail","6":"product_cat-computer-zubehoer","7":"pa_brand-vobafe","8":"pa_manufacturer-vobafe","10":"first","11":"instock","12":"shipping-taxable","13":"purchasable","14":"product-type-simple","15":"customify-col","16":"product-has-gallery"},"yoast_head":"<!-- This site is optimized with the Yoast SEO plugin v27.3 - https:\/\/yoast.com\/product\/yoast-seo-wordpress\/ -->\n<title>Vobafe H\u00fclle Kompatibel mit iPad Air 5 2022 H\u00fclle\/iPad Air 4 2020 H\u00fclle (10,9 Zoll), Trifold St\u00e4nder Schutzh\u00fclle mit\u2026 - Markt-XXL<\/title>\n<meta name=\"description\" content=\"Markt-XXL Vobafe H\u00fclle Kompatibel mit iPad Air 5 2022 H\u00fclle\/iPad Air 4 2020 H\u00fclle (10,9 Zoll), Trifold St\u00e4nder Schutzh\u00fclle mit\u2026\" \/>\n<meta name=\"robots\" content=\"index, follow, max-snippet:-1, max-image-preview:large, max-video-preview:-1\" \/>\n<link rel=\"canonical\" href=\"https:\/\/marktxxl.de\/markt\/produkt\/vobafe-huelle-kompatibel-mit-ipad-air-5-2022-huelle-ipad-air-4-2020-huelle-109-zoll-trifold-staender-schutzhuelle-mit-stifthalter-unterstuetzt-2-gen-ipencil-aufladen\/\" \/>\n<meta property=\"og:locale\" content=\"de_DE\" \/>\n<meta property=\"og:type\" content=\"article\" \/>\n<meta property=\"og:title\" content=\"Vobafe H\u00fclle Kompatibel mit iPad Air 5 2022 H\u00fclle\/iPad Air 4 2020 H\u00fclle (10,9 Zoll), Trifold St\u00e4nder Schutzh\u00fclle mit\u2026 - Markt-XXL\" \/>\n<meta property=\"og:description\" content=\"Markt-XXL Vobafe H\u00fclle Kompatibel mit iPad Air 5 2022 H\u00fclle\/iPad Air 4 2020 H\u00fclle (10,9 Zoll), Trifold St\u00e4nder Schutzh\u00fclle mit\u2026\" \/>\n<meta property=\"og:url\" content=\"https:\/\/marktxxl.de\/markt\/produkt\/vobafe-huelle-kompatibel-mit-ipad-air-5-2022-huelle-ipad-air-4-2020-huelle-109-zoll-trifold-staender-schutzhuelle-mit-stifthalter-unterstuetzt-2-gen-ipencil-aufladen\/\" \/>\n<meta property=\"og:site_name\" content=\"Markt-XXL\" \/>\n<meta property=\"article:modified_time\" content=\"2023-04-11T02:35:16+00:00\" \/>\n<meta property=\"og:image\" content=\"https:\/\/m.media-amazon.com\/images\/I\/41G5jMsPwDL._SL500_.jpg\" \/>\n\t<meta property=\"og:image:width\" content=\"500\" \/>\n\t<meta property=\"og:image:height\" content=\"500\" \/>\n\t<meta property=\"og:image:type\" content=\"image\/jpeg\" \/>\n<meta name=\"twitter:card\" content=\"summary_large_image\" \/>\n<meta name=\"twitter:label1\" content=\"Gesch\u00e4tzte Lesezeit\" \/>\n\t<meta name=\"twitter:data1\" content=\"1\u00a0Minute\" \/>\n<script type=\"application\/ld+json\" class=\"yoast-schema-graph\">{\"@context\":\"https:\\\/\\\/schema.org\",\"@graph\":[{\"@type\":\"WebPage\",\"@id\":\"https:\\\/\\\/marktxxl.de\\\/markt\\\/produkt\\\/vobafe-huelle-kompatibel-mit-ipad-air-5-2022-huelle-ipad-air-4-2020-huelle-109-zoll-trifold-staender-schutzhuelle-mit-stifthalter-unterstuetzt-2-gen-ipencil-aufladen\\\/\",\"url\":\"https:\\\/\\\/marktxxl.de\\\/markt\\\/produkt\\\/vobafe-huelle-kompatibel-mit-ipad-air-5-2022-huelle-ipad-air-4-2020-huelle-109-zoll-trifold-staender-schutzhuelle-mit-stifthalter-unterstuetzt-2-gen-ipencil-aufladen\\\/\",\"name\":\"Vobafe H\u00fclle Kompatibel mit iPad Air 5 2022 H\u00fclle\\\/iPad Air 4 2020 H\u00fclle (10,9 Zoll), Trifold St\u00e4nder Schutzh\u00fclle mit\u2026 - Markt-XXL\",\"isPartOf\":{\"@id\":\"https:\\\/\\\/marktxxl.de\\\/markt\\\/#website\"},\"primaryImageOfPage\":{\"@id\":\"https:\\\/\\\/marktxxl.de\\\/markt\\\/produkt\\\/vobafe-huelle-kompatibel-mit-ipad-air-5-2022-huelle-ipad-air-4-2020-huelle-109-zoll-trifold-staender-schutzhuelle-mit-stifthalter-unterstuetzt-2-gen-ipencil-aufladen\\\/#primaryimage\"},\"image\":{\"@id\":\"https:\\\/\\\/marktxxl.de\\\/markt\\\/produkt\\\/vobafe-huelle-kompatibel-mit-ipad-air-5-2022-huelle-ipad-air-4-2020-huelle-109-zoll-trifold-staender-schutzhuelle-mit-stifthalter-unterstuetzt-2-gen-ipencil-aufladen\\\/#primaryimage\"},\"thumbnailUrl\":\"https:\\\/\\\/m.media-amazon.com\\\/images\\\/I\\\/41G5jMsPwDL._SL500_.jpg\",\"datePublished\":\"2022-09-12T07:49:02+00:00\",\"dateModified\":\"2023-04-11T02:35:16+00:00\",\"description\":\"Markt-XXL Vobafe H\u00fclle Kompatibel mit iPad Air 5 2022 H\u00fclle\\\/iPad Air 4 2020 H\u00fclle (10,9 Zoll), Trifold St\u00e4nder Schutzh\u00fclle mit\u2026\",\"breadcrumb\":{\"@id\":\"https:\\\/\\\/marktxxl.de\\\/markt\\\/produkt\\\/vobafe-huelle-kompatibel-mit-ipad-air-5-2022-huelle-ipad-air-4-2020-huelle-109-zoll-trifold-staender-schutzhuelle-mit-stifthalter-unterstuetzt-2-gen-ipencil-aufladen\\\/#breadcrumb\"},\"inLanguage\":\"de\",\"potentialAction\":[{\"@type\":\"ReadAction\",\"target\":[\"https:\\\/\\\/marktxxl.de\\\/markt\\\/produkt\\\/vobafe-huelle-kompatibel-mit-ipad-air-5-2022-huelle-ipad-air-4-2020-huelle-109-zoll-trifold-staender-schutzhuelle-mit-stifthalter-unterstuetzt-2-gen-ipencil-aufladen\\\/\"]}]},{\"@type\":\"ImageObject\",\"inLanguage\":\"de\",\"@id\":\"https:\\\/\\\/marktxxl.de\\\/markt\\\/produkt\\\/vobafe-huelle-kompatibel-mit-ipad-air-5-2022-huelle-ipad-air-4-2020-huelle-109-zoll-trifold-staender-schutzhuelle-mit-stifthalter-unterstuetzt-2-gen-ipencil-aufladen\\\/#primaryimage\",\"url\":\"https:\\\/\\\/m.media-amazon.com\\\/images\\\/I\\\/41G5jMsPwDL._SL500_.jpg\",\"contentUrl\":\"https:\\\/\\\/m.media-amazon.com\\\/images\\\/I\\\/41G5jMsPwDL._SL500_.jpg\",\"width\":500,\"height\":500},{\"@type\":\"BreadcrumbList\",\"@id\":\"https:\\\/\\\/marktxxl.de\\\/markt\\\/produkt\\\/vobafe-huelle-kompatibel-mit-ipad-air-5-2022-huelle-ipad-air-4-2020-huelle-109-zoll-trifold-staender-schutzhuelle-mit-stifthalter-unterstuetzt-2-gen-ipencil-aufladen\\\/#breadcrumb\",\"itemListElement\":[{\"@type\":\"ListItem\",\"position\":1,\"name\":\"Startseite\",\"item\":\"https:\\\/\\\/marktxxl.de\\\/markt\\\/\"},{\"@type\":\"ListItem\",\"position\":2,\"name\":\"Markt\",\"item\":\"https:\\\/\\\/marktxxl.de\\\/markt\\\/\"},{\"@type\":\"ListItem\",\"position\":3,\"name\":\"Vobafe H\u00fclle Kompatibel mit iPad Air 5 2022 H\u00fclle\\\/iPad Air 4 2020 H\u00fclle (10,9 Zoll), Trifold St\u00e4nder Schutzh\u00fclle mit\u2026\"}]},{\"@type\":\"WebSite\",\"@id\":\"https:\\\/\\\/marktxxl.de\\\/markt\\\/#website\",\"url\":\"https:\\\/\\\/marktxxl.de\\\/markt\\\/\",\"name\":\"Markt-XXL\",\"description\":\"Ihr Markt Online\",\"publisher\":{\"@id\":\"https:\\\/\\\/marktxxl.de\\\/markt\\\/#organization\"},\"potentialAction\":[{\"@type\":\"SearchAction\",\"target\":{\"@type\":\"EntryPoint\",\"urlTemplate\":\"https:\\\/\\\/marktxxl.de\\\/markt\\\/?s={search_term_string}\"},\"query-input\":{\"@type\":\"PropertyValueSpecification\",\"valueRequired\":true,\"valueName\":\"search_term_string\"}}],\"inLanguage\":\"de\"},{\"@type\":\"Organization\",\"@id\":\"https:\\\/\\\/marktxxl.de\\\/markt\\\/#organization\",\"name\":\"Markt-XXL\",\"url\":\"https:\\\/\\\/marktxxl.de\\\/markt\\\/\",\"logo\":{\"@type\":\"ImageObject\",\"inLanguage\":\"de\",\"@id\":\"https:\\\/\\\/marktxxl.de\\\/markt\\\/#\\\/schema\\\/logo\\\/image\\\/\",\"url\":\"https:\\\/\\\/marktxxl.de\\\/markt\\\/wp-content\\\/uploads\\\/sites\\\/3\\\/2020\\\/12\\\/logo.png\",\"contentUrl\":\"https:\\\/\\\/marktxxl.de\\\/markt\\\/wp-content\\\/uploads\\\/sites\\\/3\\\/2020\\\/12\\\/logo.png\",\"width\":200,\"height\":70,\"caption\":\"Markt-XXL\"},\"image\":{\"@id\":\"https:\\\/\\\/marktxxl.de\\\/markt\\\/#\\\/schema\\\/logo\\\/image\\\/\"}}]}<\/script>\n<!-- \/ Yoast SEO plugin. -->","yoast_head_json":{"title":"Vobafe H\u00fclle Kompatibel mit iPad Air 5 2022 H\u00fclle\/iPad Air 4 2020 H\u00fclle (10,9 Zoll), Trifold St\u00e4nder Schutzh\u00fclle mit\u2026 - Markt-XXL","description":"Markt-XXL Vobafe H\u00fclle Kompatibel mit iPad Air 5 2022 H\u00fclle\/iPad Air 4 2020 H\u00fclle (10,9 Zoll), Trifold St\u00e4nder Schutzh\u00fclle mit\u2026","robots":{"index":"index","follow":"follow","max-snippet":"max-snippet:-1","max-image-preview":"max-image-preview:large","max-video-preview":"max-video-preview:-1"},"canonical":"https:\/\/marktxxl.de\/markt\/produkt\/vobafe-huelle-kompatibel-mit-ipad-air-5-2022-huelle-ipad-air-4-2020-huelle-109-zoll-trifold-staender-schutzhuelle-mit-stifthalter-unterstuetzt-2-gen-ipencil-aufladen\/","og_locale":"de_DE","og_type":"article","og_title":"Vobafe H\u00fclle Kompatibel mit iPad Air 5 2022 H\u00fclle\/iPad Air 4 2020 H\u00fclle (10,9 Zoll), Trifold St\u00e4nder Schutzh\u00fclle mit\u2026 - Markt-XXL","og_description":"Markt-XXL Vobafe H\u00fclle Kompatibel mit iPad Air 5 2022 H\u00fclle\/iPad Air 4 2020 H\u00fclle (10,9 Zoll), Trifold St\u00e4nder Schutzh\u00fclle mit\u2026","og_url":"https:\/\/marktxxl.de\/markt\/produkt\/vobafe-huelle-kompatibel-mit-ipad-air-5-2022-huelle-ipad-air-4-2020-huelle-109-zoll-trifold-staender-schutzhuelle-mit-stifthalter-unterstuetzt-2-gen-ipencil-aufladen\/","og_site_name":"Markt-XXL","article_modified_time":"2023-04-11T02:35:16+00:00","og_image":[{"width":500,"height":500,"url":"https:\/\/m.media-amazon.com\/images\/I\/41G5jMsPwDL._SL500_.jpg","type":"image\/jpeg"}],"twitter_card":"summary_large_image","twitter_misc":{"Gesch\u00e4tzte Lesezeit":"1\u00a0Minute"},"schema":{"@context":"https:\/\/schema.org","@graph":[{"@type":"WebPage","@id":"https:\/\/marktxxl.de\/markt\/produkt\/vobafe-huelle-kompatibel-mit-ipad-air-5-2022-huelle-ipad-air-4-2020-huelle-109-zoll-trifold-staender-schutzhuelle-mit-stifthalter-unterstuetzt-2-gen-ipencil-aufladen\/","url":"https:\/\/marktxxl.de\/markt\/produkt\/vobafe-huelle-kompatibel-mit-ipad-air-5-2022-huelle-ipad-air-4-2020-huelle-109-zoll-trifold-staender-schutzhuelle-mit-stifthalter-unterstuetzt-2-gen-ipencil-aufladen\/","name":"Vobafe H\u00fclle Kompatibel mit iPad Air 5 2022 H\u00fclle\/iPad Air 4 2020 H\u00fclle (10,9 Zoll), Trifold St\u00e4nder Schutzh\u00fclle mit\u2026 - Markt-XXL","isPartOf":{"@id":"https:\/\/marktxxl.de\/markt\/#website"},"primaryImageOfPage":{"@id":"https:\/\/marktxxl.de\/markt\/produkt\/vobafe-huelle-kompatibel-mit-ipad-air-5-2022-huelle-ipad-air-4-2020-huelle-109-zoll-trifold-staender-schutzhuelle-mit-stifthalter-unterstuetzt-2-gen-ipencil-aufladen\/#primaryimage"},"image":{"@id":"https:\/\/marktxxl.de\/markt\/produkt\/vobafe-huelle-kompatibel-mit-ipad-air-5-2022-huelle-ipad-air-4-2020-huelle-109-zoll-trifold-staender-schutzhuelle-mit-stifthalter-unterstuetzt-2-gen-ipencil-aufladen\/#primaryimage"},"thumbnailUrl":"https:\/\/m.media-amazon.com\/images\/I\/41G5jMsPwDL._SL500_.jpg","datePublished":"2022-09-12T07:49:02+00:00","dateModified":"2023-04-11T02:35:16+00:00","description":"Markt-XXL Vobafe H\u00fclle Kompatibel mit iPad Air 5 2022 H\u00fclle\/iPad Air 4 2020 H\u00fclle (10,9 Zoll), Trifold St\u00e4nder Schutzh\u00fclle mit\u2026","breadcrumb":{"@id":"https:\/\/marktxxl.de\/markt\/produkt\/vobafe-huelle-kompatibel-mit-ipad-air-5-2022-huelle-ipad-air-4-2020-huelle-109-zoll-trifold-staender-schutzhuelle-mit-stifthalter-unterstuetzt-2-gen-ipencil-aufladen\/#breadcrumb"},"inLanguage":"de","potentialAction":[{"@type":"ReadAction","target":["https:\/\/marktxxl.de\/markt\/produkt\/vobafe-huelle-kompatibel-mit-ipad-air-5-2022-huelle-ipad-air-4-2020-huelle-109-zoll-trifold-staender-schutzhuelle-mit-stifthalter-unterstuetzt-2-gen-ipencil-aufladen\/"]}]},{"@type":"ImageObject","inLanguage":"de","@id":"https:\/\/marktxxl.de\/markt\/produkt\/vobafe-huelle-kompatibel-mit-ipad-air-5-2022-huelle-ipad-air-4-2020-huelle-109-zoll-trifold-staender-schutzhuelle-mit-stifthalter-unterstuetzt-2-gen-ipencil-aufladen\/#primaryimage","url":"https:\/\/m.media-amazon.com\/images\/I\/41G5jMsPwDL._SL500_.jpg","contentUrl":"https:\/\/m.media-amazon.com\/images\/I\/41G5jMsPwDL._SL500_.jpg","width":500,"height":500},{"@type":"BreadcrumbList","@id":"https:\/\/marktxxl.de\/markt\/produkt\/vobafe-huelle-kompatibel-mit-ipad-air-5-2022-huelle-ipad-air-4-2020-huelle-109-zoll-trifold-staender-schutzhuelle-mit-stifthalter-unterstuetzt-2-gen-ipencil-aufladen\/#breadcrumb","itemListElement":[{"@type":"ListItem","position":1,"name":"Startseite","item":"https:\/\/marktxxl.de\/markt\/"},{"@type":"ListItem","position":2,"name":"Markt","item":"https:\/\/marktxxl.de\/markt\/"},{"@type":"ListItem","position":3,"name":"Vobafe H\u00fclle Kompatibel mit iPad Air 5 2022 H\u00fclle\/iPad Air 4 2020 H\u00fclle (10,9 Zoll), Trifold St\u00e4nder Schutzh\u00fclle mit\u2026"}]},{"@type":"WebSite","@id":"https:\/\/marktxxl.de\/markt\/#website","url":"https:\/\/marktxxl.de\/markt\/","name":"Markt-XXL","description":"Ihr Markt Online","publisher":{"@id":"https:\/\/marktxxl.de\/markt\/#organization"},"potentialAction":[{"@type":"SearchAction","target":{"@type":"EntryPoint","urlTemplate":"https:\/\/marktxxl.de\/markt\/?s={search_term_string}"},"query-input":{"@type":"PropertyValueSpecification","valueRequired":true,"valueName":"search_term_string"}}],"inLanguage":"de"},{"@type":"Organization","@id":"https:\/\/marktxxl.de\/markt\/#organization","name":"Markt-XXL","url":"https:\/\/marktxxl.de\/markt\/","logo":{"@type":"ImageObject","inLanguage":"de","@id":"https:\/\/marktxxl.de\/markt\/#\/schema\/logo\/image\/","url":"https:\/\/marktxxl.de\/markt\/wp-content\/uploads\/sites\/3\/2020\/12\/logo.png","contentUrl":"https:\/\/marktxxl.de\/markt\/wp-content\/uploads\/sites\/3\/2020\/12\/logo.png","width":200,"height":70,"caption":"Markt-XXL"},"image":{"@id":"https:\/\/marktxxl.de\/markt\/#\/schema\/logo\/image\/"}}]}},"_links":{"self":[{"href":"https:\/\/marktxxl.de\/markt\/wp-json\/wp\/v2\/product\/154008","targetHints":{"allow":["GET"]}}],"collection":[{"href":"https:\/\/marktxxl.de\/markt\/wp-json\/wp\/v2\/product"}],"about":[{"href":"https:\/\/marktxxl.de\/markt\/wp-json\/wp\/v2\/types\/product"}],"replies":[{"embeddable":true,"href":"https:\/\/marktxxl.de\/markt\/wp-json\/wp\/v2\/comments?post=154008"}],"wp:featuredmedia":[{"embeddable":true,"href":"https:\/\/marktxxl.de\/markt\/wp-json\/wp\/v2\/media\/154009"}],"wp:attachment":[{"href":"https:\/\/marktxxl.de\/markt\/wp-json\/wp\/v2\/media?parent=154008"}],"wp:term":[{"taxonomy":"product_brand","embeddable":true,"href":"https:\/\/marktxxl.de\/markt\/wp-json\/wp\/v2\/product_brand?post=154008"},{"taxonomy":"product_cat","embeddable":true,"href":"https:\/\/marktxxl.de\/markt\/wp-json\/wp\/v2\/product_cat?post=154008"},{"taxonomy":"product_tag","embeddable":true,"href":"https:\/\/marktxxl.de\/markt\/wp-json\/wp\/v2\/product_tag?post=154008"}],"curies":[{"name":"wp","href":"https:\/\/api.w.org\/{rel}","templated":true}]}}