{"id":153967,"date":"2022-09-12T09:46:47","date_gmt":"2022-09-12T07:46:47","guid":{"rendered":"https:\/\/marktxxl.de\/markt\/produkt\/copdorn-usb-stick-512gb-3-in-1-speicherstick-externer-hohe-kapazitaet-usb-3-0-flash-laufwerk-512gb-speichererweiterung-fotostick-fuer-mobile-geraete-android-handy-computer-tablet-pc\/"},"modified":"2023-04-11T04:35:16","modified_gmt":"2023-04-11T02:35:16","slug":"copdorn-usb-stick-512gb-3-in-1-speicherstick-externer-hohe-kapazitaet-usb-3-0-flash-laufwerk-512gb-speichererweiterung-fotostick-fuer-mobile-geraete-android-handy-computer-tablet-pc","status":"publish","type":"product","link":"https:\/\/marktxxl.de\/markt\/produkt\/copdorn-usb-stick-512gb-3-in-1-speicherstick-externer-hohe-kapazitaet-usb-3-0-flash-laufwerk-512gb-speichererweiterung-fotostick-fuer-mobile-geraete-android-handy-computer-tablet-pc\/","title":{"rendered":"Copdorn USB Stick 512GB 3 in 1 Speicherstick Externer Hohe Kapazit\u00e4t USB 3.0 Flash Laufwerk 512GB Speichererweiterung\u2026"},"content":{"rendered":"<p>\u30103-in-1-USB-Speicher\u3011 Der Speicherstick verf\u00fcgt \u00fcber einen USB 3.0-Anschluss + Anschluss f\u00fcr mobile Ger\u00e4te + Micro-USB-Anschluss, sodass Sie Filme ansehen und Musik direkt vom Flash-Laufwerk h\u00f6ren k\u00f6nnen. Unterst\u00fctzt auch den Datenaustausch des Handy-Speichersticks zwischen PC und Handy.<br \/>\n\u3010512 GB Super Memory Stick\u3011 Mit diesem Flash-Laufwerk k\u00f6nnen Sie viele Fotos, HD-Videos, Songs und Office-Dateien speichern. Erweitern Sie den Speicherplatz effektiv, ohne sich Gedanken \u00fcber die Kapazit\u00e4t mobiler Ger\u00e4te machen zu m\u00fcssen, und sparen Sie mehr Zeit und M\u00fche beim \u00dcbertragen und Hochladen von Dateien.<br \/>\n\u3010Intelligenter Datenschutz\u3011 \u00dcber die Anwendung &#8220;CooDisk&#8221; k\u00f6nnen Sie w\u00e4hlen, ob Sie die gesamte U-Disk oder eine bestimmte Datei verschl\u00fcsseln m\u00f6chten. Machen Sie sich keine Sorgen, dass andere Ihre Dateien stehlen k\u00f6nnten. Sie k\u00f6nnen diese App auch verwenden, um Ihre Daten zu verschieben, zu kopieren, zu l\u00f6schen, zu verschl\u00fcsseln und Ihre Fotos direkt auf Facebook und anderen Social-Media-Kan\u00e4len zu teilen. Android sollte die OTG-Funktion aktiviert haben.<br \/>\n\u3010Plug and Play\u3011Der Memory Stick ist einfach und benutzerfreundlich, Ein-Klick-Sicherung mehrerer Dateien wie Videos\/Bilder\/Dokumente, kein m\u00fchsames Einf\u00fcgen und Kopieren mehr, wodurch mehr Zeit gespart wird. Sie k\u00f6nnen Filme direkt auf dem 512-GB-Flash-Laufwerk ansehen. Halten Sie unterwegs die besten Momente fest oder teilen Sie Ihre Fotos direkt von Ihrem USB-Speicherger\u00e4t in sozialen Medien.<br \/>\n\u3010Hochgeschwindigkeits-\u00dcbertragungssicherung\u3011 Das USB-Flash-Laufwerk des Mobiltelefons kann stabil als externer Speicherstick ausgef\u00fchrt werden, mit einem hochwertigen Chip, um eine schnelle und stabile Daten\u00fcbertragung zu gew\u00e4hrleisten. Erleben Sie schnellere Schreibgeschwindigkeiten und ein One-Click-Backup von Fotos, Videos und Dokumenten auf einem USB-Laufwerk. Geben Sie schnell Speicherplatz auf Ihrem Ger\u00e4t frei und genie\u00dfen Sie Ihre eigene Zeit.<br \/>\n<div class=\"main-cross-sell\" data-asin=\"B0BB7GQLN5\">\n\n\t<div class=\"WooZone-cross-sell-loader\">\n\t\t<div>\n\t\t\t<div id=\"floatingBarsG\">\n\t\t\t\t<div class=\"blockG\" id=\"rotateG_01\"><\/div>\n\t\t\t\t<div class=\"blockG\" id=\"rotateG_02\"><\/div>\n\t\t\t\t<div class=\"blockG\" id=\"rotateG_03\"><\/div>\n\t\t\t\t<div class=\"blockG\" id=\"rotateG_04\"><\/div>\n\t\t\t\t<div class=\"blockG\" id=\"rotateG_05\"><\/div>\n\t\t\t\t<div class=\"blockG\" id=\"rotateG_06\"><\/div>\n\t\t\t\t<div class=\"blockG\" id=\"rotateG_07\"><\/div>\n\t\t\t\t<div class=\"blockG\" id=\"rotateG_08\"><\/div>\n\t\t\t<\/div>\n\t\t\t<div class=\"WooZone-cross-sell-loader-text\"><\/div>\n\t\t<\/div>\n\t<\/div>\n\n\t\t\n<\/div>\n<div style=\"clear:both;\"><\/div><\/p>\n","protected":false},"excerpt":{"rendered":"<p>\u30103-in-1-USB-Speicher\u3011 Der Speicherstick verf\u00fcgt \u00fcber einen USB 3.0-Anschluss + Anschluss f\u00fcr mobile Ger\u00e4te + Micro-USB-Anschluss, sodass Sie Filme ansehen und Musik direkt vom Flash-Laufwerk h\u00f6ren k\u00f6nnen. Unterst\u00fctzt auch den Datenaustausch des Handy-Speichersticks zwischen PC und Handy.<br \/>\n\u3010512 GB Super Memory Stick\u3011 Mit diesem Flash-Laufwerk k\u00f6nnen Sie viele Fotos, HD-Videos, Songs und Office-Dateien speichern. Erweitern Sie den Speicherplatz effektiv, ohne sich Gedanken \u00fcber die Kapazit\u00e4t mobiler Ger\u00e4te machen zu m\u00fcssen, und sparen Sie mehr Zeit und M\u00fche beim \u00dcbertragen und Hochladen von Dateien.<br \/>\n\u3010Intelligenter Datenschutz\u3011 \u00dcber die Anwendung &#8220;CooDisk&#8221; k\u00f6nnen Sie w\u00e4hlen, ob Sie die gesamte U-Disk oder eine bestimmte Datei verschl\u00fcsseln m\u00f6chten. Machen Sie sich keine Sorgen, dass andere Ihre Dateien stehlen k\u00f6nnten. Sie k\u00f6nnen diese App auch verwenden, um Ihre Daten zu verschieben, zu kopieren, zu l\u00f6schen, zu verschl\u00fcsseln und Ihre Fotos direkt auf Facebook und anderen Social-Media-Kan\u00e4len zu teilen. Android sollte die OTG-Funktion aktiviert haben.<\/p>\n","protected":false},"featured_media":153968,"comment_status":"open","ping_status":"closed","template":"","meta":[],"product_brand":[],"product_cat":[863],"product_tag":[],"class_list":{"0":"post-153967","1":"product","2":"type-product","3":"status-publish","4":"has-post-thumbnail","6":"product_cat-computer-zubehoer","7":"pa_brand-copdorn","8":"pa_color-black","9":"pa_manufacturer-copdorn","10":"pa_warranty-90-days","12":"first","13":"instock","14":"shipping-taxable","15":"purchasable","16":"product-type-simple","17":"customify-col","18":"product-has-gallery"},"yoast_head":"<!-- This site is optimized with the Yoast SEO plugin v27.4 - https:\/\/yoast.com\/product\/yoast-seo-wordpress\/ -->\n<title>Copdorn USB Stick 512GB 3 in 1 Speicherstick Externer Hohe Kapazit\u00e4t USB 3.0 Flash Laufwerk 512GB Speichererweiterung\u2026 - Markt-XXL<\/title>\n<meta name=\"description\" content=\"Markt-XXL Copdorn USB Stick 512GB 3 in 1 Speicherstick Externer Hohe Kapazit\u00e4t USB 3.0 Flash Laufwerk 512GB Speichererweiterung\u2026\" \/>\n<meta name=\"robots\" content=\"index, follow, max-snippet:-1, max-image-preview:large, max-video-preview:-1\" \/>\n<link rel=\"canonical\" href=\"https:\/\/marktxxl.de\/markt\/produkt\/copdorn-usb-stick-512gb-3-in-1-speicherstick-externer-hohe-kapazitaet-usb-3-0-flash-laufwerk-512gb-speichererweiterung-fotostick-fuer-mobile-geraete-android-handy-computer-tablet-pc\/\" \/>\n<meta property=\"og:locale\" content=\"de_DE\" \/>\n<meta property=\"og:type\" content=\"article\" \/>\n<meta property=\"og:title\" content=\"Copdorn USB Stick 512GB 3 in 1 Speicherstick Externer Hohe Kapazit\u00e4t USB 3.0 Flash Laufwerk 512GB Speichererweiterung\u2026 - Markt-XXL\" \/>\n<meta property=\"og:description\" content=\"Markt-XXL Copdorn USB Stick 512GB 3 in 1 Speicherstick Externer Hohe Kapazit\u00e4t USB 3.0 Flash Laufwerk 512GB Speichererweiterung\u2026\" \/>\n<meta property=\"og:url\" content=\"https:\/\/marktxxl.de\/markt\/produkt\/copdorn-usb-stick-512gb-3-in-1-speicherstick-externer-hohe-kapazitaet-usb-3-0-flash-laufwerk-512gb-speichererweiterung-fotostick-fuer-mobile-geraete-android-handy-computer-tablet-pc\/\" \/>\n<meta property=\"og:site_name\" content=\"Markt-XXL\" \/>\n<meta property=\"article:modified_time\" content=\"2023-04-11T02:35:16+00:00\" \/>\n<meta property=\"og:image\" content=\"https:\/\/m.media-amazon.com\/images\/I\/41g1JeyEzmL._SL500_.jpg\" \/>\n\t<meta property=\"og:image:width\" content=\"500\" \/>\n\t<meta property=\"og:image:height\" content=\"500\" \/>\n\t<meta property=\"og:image:type\" content=\"image\/jpeg\" \/>\n<meta name=\"twitter:card\" content=\"summary_large_image\" \/>\n<meta name=\"twitter:label1\" content=\"Gesch\u00e4tzte Lesezeit\" \/>\n\t<meta name=\"twitter:data1\" content=\"1\u00a0Minute\" \/>\n<script type=\"application\/ld+json\" class=\"yoast-schema-graph\">{\"@context\":\"https:\\\/\\\/schema.org\",\"@graph\":[{\"@type\":\"WebPage\",\"@id\":\"https:\\\/\\\/marktxxl.de\\\/markt\\\/produkt\\\/copdorn-usb-stick-512gb-3-in-1-speicherstick-externer-hohe-kapazitaet-usb-3-0-flash-laufwerk-512gb-speichererweiterung-fotostick-fuer-mobile-geraete-android-handy-computer-tablet-pc\\\/\",\"url\":\"https:\\\/\\\/marktxxl.de\\\/markt\\\/produkt\\\/copdorn-usb-stick-512gb-3-in-1-speicherstick-externer-hohe-kapazitaet-usb-3-0-flash-laufwerk-512gb-speichererweiterung-fotostick-fuer-mobile-geraete-android-handy-computer-tablet-pc\\\/\",\"name\":\"Copdorn USB Stick 512GB 3 in 1 Speicherstick Externer Hohe Kapazit\u00e4t USB 3.0 Flash Laufwerk 512GB Speichererweiterung\u2026 - Markt-XXL\",\"isPartOf\":{\"@id\":\"https:\\\/\\\/marktxxl.de\\\/markt\\\/#website\"},\"primaryImageOfPage\":{\"@id\":\"https:\\\/\\\/marktxxl.de\\\/markt\\\/produkt\\\/copdorn-usb-stick-512gb-3-in-1-speicherstick-externer-hohe-kapazitaet-usb-3-0-flash-laufwerk-512gb-speichererweiterung-fotostick-fuer-mobile-geraete-android-handy-computer-tablet-pc\\\/#primaryimage\"},\"image\":{\"@id\":\"https:\\\/\\\/marktxxl.de\\\/markt\\\/produkt\\\/copdorn-usb-stick-512gb-3-in-1-speicherstick-externer-hohe-kapazitaet-usb-3-0-flash-laufwerk-512gb-speichererweiterung-fotostick-fuer-mobile-geraete-android-handy-computer-tablet-pc\\\/#primaryimage\"},\"thumbnailUrl\":\"https:\\\/\\\/m.media-amazon.com\\\/images\\\/I\\\/41g1JeyEzmL._SL500_.jpg\",\"datePublished\":\"2022-09-12T07:46:47+00:00\",\"dateModified\":\"2023-04-11T02:35:16+00:00\",\"description\":\"Markt-XXL Copdorn USB Stick 512GB 3 in 1 Speicherstick Externer Hohe Kapazit\u00e4t USB 3.0 Flash Laufwerk 512GB Speichererweiterung\u2026\",\"breadcrumb\":{\"@id\":\"https:\\\/\\\/marktxxl.de\\\/markt\\\/produkt\\\/copdorn-usb-stick-512gb-3-in-1-speicherstick-externer-hohe-kapazitaet-usb-3-0-flash-laufwerk-512gb-speichererweiterung-fotostick-fuer-mobile-geraete-android-handy-computer-tablet-pc\\\/#breadcrumb\"},\"inLanguage\":\"de\",\"potentialAction\":[{\"@type\":\"ReadAction\",\"target\":[\"https:\\\/\\\/marktxxl.de\\\/markt\\\/produkt\\\/copdorn-usb-stick-512gb-3-in-1-speicherstick-externer-hohe-kapazitaet-usb-3-0-flash-laufwerk-512gb-speichererweiterung-fotostick-fuer-mobile-geraete-android-handy-computer-tablet-pc\\\/\"]}]},{\"@type\":\"ImageObject\",\"inLanguage\":\"de\",\"@id\":\"https:\\\/\\\/marktxxl.de\\\/markt\\\/produkt\\\/copdorn-usb-stick-512gb-3-in-1-speicherstick-externer-hohe-kapazitaet-usb-3-0-flash-laufwerk-512gb-speichererweiterung-fotostick-fuer-mobile-geraete-android-handy-computer-tablet-pc\\\/#primaryimage\",\"url\":\"https:\\\/\\\/m.media-amazon.com\\\/images\\\/I\\\/41g1JeyEzmL._SL500_.jpg\",\"contentUrl\":\"https:\\\/\\\/m.media-amazon.com\\\/images\\\/I\\\/41g1JeyEzmL._SL500_.jpg\",\"width\":500,\"height\":500},{\"@type\":\"BreadcrumbList\",\"@id\":\"https:\\\/\\\/marktxxl.de\\\/markt\\\/produkt\\\/copdorn-usb-stick-512gb-3-in-1-speicherstick-externer-hohe-kapazitaet-usb-3-0-flash-laufwerk-512gb-speichererweiterung-fotostick-fuer-mobile-geraete-android-handy-computer-tablet-pc\\\/#breadcrumb\",\"itemListElement\":[{\"@type\":\"ListItem\",\"position\":1,\"name\":\"Startseite\",\"item\":\"https:\\\/\\\/marktxxl.de\\\/markt\\\/\"},{\"@type\":\"ListItem\",\"position\":2,\"name\":\"Markt\",\"item\":\"https:\\\/\\\/marktxxl.de\\\/markt\\\/\"},{\"@type\":\"ListItem\",\"position\":3,\"name\":\"Copdorn USB Stick 512GB 3 in 1 Speicherstick Externer Hohe Kapazit\u00e4t USB 3.0 Flash Laufwerk 512GB Speichererweiterung\u2026\"}]},{\"@type\":\"WebSite\",\"@id\":\"https:\\\/\\\/marktxxl.de\\\/markt\\\/#website\",\"url\":\"https:\\\/\\\/marktxxl.de\\\/markt\\\/\",\"name\":\"Markt-XXL\",\"description\":\"Ihr Markt Online\",\"publisher\":{\"@id\":\"https:\\\/\\\/marktxxl.de\\\/markt\\\/#organization\"},\"potentialAction\":[{\"@type\":\"SearchAction\",\"target\":{\"@type\":\"EntryPoint\",\"urlTemplate\":\"https:\\\/\\\/marktxxl.de\\\/markt\\\/?s={search_term_string}\"},\"query-input\":{\"@type\":\"PropertyValueSpecification\",\"valueRequired\":true,\"valueName\":\"search_term_string\"}}],\"inLanguage\":\"de\"},{\"@type\":\"Organization\",\"@id\":\"https:\\\/\\\/marktxxl.de\\\/markt\\\/#organization\",\"name\":\"Markt-XXL\",\"url\":\"https:\\\/\\\/marktxxl.de\\\/markt\\\/\",\"logo\":{\"@type\":\"ImageObject\",\"inLanguage\":\"de\",\"@id\":\"https:\\\/\\\/marktxxl.de\\\/markt\\\/#\\\/schema\\\/logo\\\/image\\\/\",\"url\":\"https:\\\/\\\/marktxxl.de\\\/markt\\\/wp-content\\\/uploads\\\/sites\\\/3\\\/2020\\\/12\\\/logo.png\",\"contentUrl\":\"https:\\\/\\\/marktxxl.de\\\/markt\\\/wp-content\\\/uploads\\\/sites\\\/3\\\/2020\\\/12\\\/logo.png\",\"width\":200,\"height\":70,\"caption\":\"Markt-XXL\"},\"image\":{\"@id\":\"https:\\\/\\\/marktxxl.de\\\/markt\\\/#\\\/schema\\\/logo\\\/image\\\/\"}}]}<\/script>\n<!-- \/ Yoast SEO plugin. -->","yoast_head_json":{"title":"Copdorn USB Stick 512GB 3 in 1 Speicherstick Externer Hohe Kapazit\u00e4t USB 3.0 Flash Laufwerk 512GB Speichererweiterung\u2026 - Markt-XXL","description":"Markt-XXL Copdorn USB Stick 512GB 3 in 1 Speicherstick Externer Hohe Kapazit\u00e4t USB 3.0 Flash Laufwerk 512GB Speichererweiterung\u2026","robots":{"index":"index","follow":"follow","max-snippet":"max-snippet:-1","max-image-preview":"max-image-preview:large","max-video-preview":"max-video-preview:-1"},"canonical":"https:\/\/marktxxl.de\/markt\/produkt\/copdorn-usb-stick-512gb-3-in-1-speicherstick-externer-hohe-kapazitaet-usb-3-0-flash-laufwerk-512gb-speichererweiterung-fotostick-fuer-mobile-geraete-android-handy-computer-tablet-pc\/","og_locale":"de_DE","og_type":"article","og_title":"Copdorn USB Stick 512GB 3 in 1 Speicherstick Externer Hohe Kapazit\u00e4t USB 3.0 Flash Laufwerk 512GB Speichererweiterung\u2026 - Markt-XXL","og_description":"Markt-XXL Copdorn USB Stick 512GB 3 in 1 Speicherstick Externer Hohe Kapazit\u00e4t USB 3.0 Flash Laufwerk 512GB Speichererweiterung\u2026","og_url":"https:\/\/marktxxl.de\/markt\/produkt\/copdorn-usb-stick-512gb-3-in-1-speicherstick-externer-hohe-kapazitaet-usb-3-0-flash-laufwerk-512gb-speichererweiterung-fotostick-fuer-mobile-geraete-android-handy-computer-tablet-pc\/","og_site_name":"Markt-XXL","article_modified_time":"2023-04-11T02:35:16+00:00","og_image":[{"width":500,"height":500,"url":"https:\/\/m.media-amazon.com\/images\/I\/41g1JeyEzmL._SL500_.jpg","type":"image\/jpeg"}],"twitter_card":"summary_large_image","twitter_misc":{"Gesch\u00e4tzte Lesezeit":"1\u00a0Minute"},"schema":{"@context":"https:\/\/schema.org","@graph":[{"@type":"WebPage","@id":"https:\/\/marktxxl.de\/markt\/produkt\/copdorn-usb-stick-512gb-3-in-1-speicherstick-externer-hohe-kapazitaet-usb-3-0-flash-laufwerk-512gb-speichererweiterung-fotostick-fuer-mobile-geraete-android-handy-computer-tablet-pc\/","url":"https:\/\/marktxxl.de\/markt\/produkt\/copdorn-usb-stick-512gb-3-in-1-speicherstick-externer-hohe-kapazitaet-usb-3-0-flash-laufwerk-512gb-speichererweiterung-fotostick-fuer-mobile-geraete-android-handy-computer-tablet-pc\/","name":"Copdorn USB Stick 512GB 3 in 1 Speicherstick Externer Hohe Kapazit\u00e4t USB 3.0 Flash Laufwerk 512GB Speichererweiterung\u2026 - Markt-XXL","isPartOf":{"@id":"https:\/\/marktxxl.de\/markt\/#website"},"primaryImageOfPage":{"@id":"https:\/\/marktxxl.de\/markt\/produkt\/copdorn-usb-stick-512gb-3-in-1-speicherstick-externer-hohe-kapazitaet-usb-3-0-flash-laufwerk-512gb-speichererweiterung-fotostick-fuer-mobile-geraete-android-handy-computer-tablet-pc\/#primaryimage"},"image":{"@id":"https:\/\/marktxxl.de\/markt\/produkt\/copdorn-usb-stick-512gb-3-in-1-speicherstick-externer-hohe-kapazitaet-usb-3-0-flash-laufwerk-512gb-speichererweiterung-fotostick-fuer-mobile-geraete-android-handy-computer-tablet-pc\/#primaryimage"},"thumbnailUrl":"https:\/\/m.media-amazon.com\/images\/I\/41g1JeyEzmL._SL500_.jpg","datePublished":"2022-09-12T07:46:47+00:00","dateModified":"2023-04-11T02:35:16+00:00","description":"Markt-XXL Copdorn USB Stick 512GB 3 in 1 Speicherstick Externer Hohe Kapazit\u00e4t USB 3.0 Flash Laufwerk 512GB Speichererweiterung\u2026","breadcrumb":{"@id":"https:\/\/marktxxl.de\/markt\/produkt\/copdorn-usb-stick-512gb-3-in-1-speicherstick-externer-hohe-kapazitaet-usb-3-0-flash-laufwerk-512gb-speichererweiterung-fotostick-fuer-mobile-geraete-android-handy-computer-tablet-pc\/#breadcrumb"},"inLanguage":"de","potentialAction":[{"@type":"ReadAction","target":["https:\/\/marktxxl.de\/markt\/produkt\/copdorn-usb-stick-512gb-3-in-1-speicherstick-externer-hohe-kapazitaet-usb-3-0-flash-laufwerk-512gb-speichererweiterung-fotostick-fuer-mobile-geraete-android-handy-computer-tablet-pc\/"]}]},{"@type":"ImageObject","inLanguage":"de","@id":"https:\/\/marktxxl.de\/markt\/produkt\/copdorn-usb-stick-512gb-3-in-1-speicherstick-externer-hohe-kapazitaet-usb-3-0-flash-laufwerk-512gb-speichererweiterung-fotostick-fuer-mobile-geraete-android-handy-computer-tablet-pc\/#primaryimage","url":"https:\/\/m.media-amazon.com\/images\/I\/41g1JeyEzmL._SL500_.jpg","contentUrl":"https:\/\/m.media-amazon.com\/images\/I\/41g1JeyEzmL._SL500_.jpg","width":500,"height":500},{"@type":"BreadcrumbList","@id":"https:\/\/marktxxl.de\/markt\/produkt\/copdorn-usb-stick-512gb-3-in-1-speicherstick-externer-hohe-kapazitaet-usb-3-0-flash-laufwerk-512gb-speichererweiterung-fotostick-fuer-mobile-geraete-android-handy-computer-tablet-pc\/#breadcrumb","itemListElement":[{"@type":"ListItem","position":1,"name":"Startseite","item":"https:\/\/marktxxl.de\/markt\/"},{"@type":"ListItem","position":2,"name":"Markt","item":"https:\/\/marktxxl.de\/markt\/"},{"@type":"ListItem","position":3,"name":"Copdorn USB Stick 512GB 3 in 1 Speicherstick Externer Hohe Kapazit\u00e4t USB 3.0 Flash Laufwerk 512GB Speichererweiterung\u2026"}]},{"@type":"WebSite","@id":"https:\/\/marktxxl.de\/markt\/#website","url":"https:\/\/marktxxl.de\/markt\/","name":"Markt-XXL","description":"Ihr Markt Online","publisher":{"@id":"https:\/\/marktxxl.de\/markt\/#organization"},"potentialAction":[{"@type":"SearchAction","target":{"@type":"EntryPoint","urlTemplate":"https:\/\/marktxxl.de\/markt\/?s={search_term_string}"},"query-input":{"@type":"PropertyValueSpecification","valueRequired":true,"valueName":"search_term_string"}}],"inLanguage":"de"},{"@type":"Organization","@id":"https:\/\/marktxxl.de\/markt\/#organization","name":"Markt-XXL","url":"https:\/\/marktxxl.de\/markt\/","logo":{"@type":"ImageObject","inLanguage":"de","@id":"https:\/\/marktxxl.de\/markt\/#\/schema\/logo\/image\/","url":"https:\/\/marktxxl.de\/markt\/wp-content\/uploads\/sites\/3\/2020\/12\/logo.png","contentUrl":"https:\/\/marktxxl.de\/markt\/wp-content\/uploads\/sites\/3\/2020\/12\/logo.png","width":200,"height":70,"caption":"Markt-XXL"},"image":{"@id":"https:\/\/marktxxl.de\/markt\/#\/schema\/logo\/image\/"}}]}},"_links":{"self":[{"href":"https:\/\/marktxxl.de\/markt\/wp-json\/wp\/v2\/product\/153967","targetHints":{"allow":["GET"]}}],"collection":[{"href":"https:\/\/marktxxl.de\/markt\/wp-json\/wp\/v2\/product"}],"about":[{"href":"https:\/\/marktxxl.de\/markt\/wp-json\/wp\/v2\/types\/product"}],"replies":[{"embeddable":true,"href":"https:\/\/marktxxl.de\/markt\/wp-json\/wp\/v2\/comments?post=153967"}],"wp:featuredmedia":[{"embeddable":true,"href":"https:\/\/marktxxl.de\/markt\/wp-json\/wp\/v2\/media\/153968"}],"wp:attachment":[{"href":"https:\/\/marktxxl.de\/markt\/wp-json\/wp\/v2\/media?parent=153967"}],"wp:term":[{"taxonomy":"product_brand","embeddable":true,"href":"https:\/\/marktxxl.de\/markt\/wp-json\/wp\/v2\/product_brand?post=153967"},{"taxonomy":"product_cat","embeddable":true,"href":"https:\/\/marktxxl.de\/markt\/wp-json\/wp\/v2\/product_cat?post=153967"},{"taxonomy":"product_tag","embeddable":true,"href":"https:\/\/marktxxl.de\/markt\/wp-json\/wp\/v2\/product_tag?post=153967"}],"curies":[{"name":"wp","href":"https:\/\/api.w.org\/{rel}","templated":true}]}}