{"id":153897,"date":"2022-09-12T09:43:30","date_gmt":"2022-09-12T07:43:30","guid":{"rendered":"https:\/\/marktxxl.de\/markt\/produkt\/fire-tv-stick-4k-zertifiziert-und-generalueberholt-mit-alexa-sprachfernbedienung-mit-tv-steuerungstasten\/"},"modified":"2023-04-11T04:35:15","modified_gmt":"2023-04-11T02:35:15","slug":"fire-tv-stick-4k-zertifiziert-und-generalueberholt-mit-alexa-sprachfernbedienung-mit-tv-steuerungstasten","status":"publish","type":"product","link":"https:\/\/marktxxl.de\/markt\/produkt\/fire-tv-stick-4k-zertifiziert-und-generalueberholt-mit-alexa-sprachfernbedienung-mit-tv-steuerungstasten\/","title":{"rendered":"Fire TV Stick 4K, Zertifiziert und general\u00fcberholt, mit Alexa-Sprachfernbedienung (mit TV-Steuerungstasten)"},"content":{"rendered":"<p>Ein cineastisches Erlebnis \u2013 Fernsehen in brillantem 4K Ultra HD, mit Unterst\u00fctzung f\u00fcr Dolby Vision, HDR und HDR10+.<br \/>\nHeimkinoklang mit Dolby Atmos \u2013 F\u00fcr ausgew\u00e4hlte Titel sorgt die Unterst\u00fctzung von immersivem Dolby Atmos-Audio mit kompatiblen Heim-Audiosystemen f\u00fcr ein noch realit\u00e4tsgetreueres Fernseherlebnis.<br \/>\nGrenzenlose Unterhaltung \u2013 Sie k\u00f6nnen \u00fcber Tausend Filme und Serienfolgen von Netflix, YouTube, Prime Video, WOW, Disney+ und vielen mehr streamen und haben Zugriff auf Millionen von Songs. Abonnementgeb\u00fchren k\u00f6nnen anfallen.<br \/>\nLive-TV und Free-TV \u2013 Sehen Sie Live-Fernsehen, Nachrichten und Sport mit Abonnements von ARD, ZDF, DAZN und mehr. Nutzen Sie kostenloses Streaming mit ARD, ZDF, Pluto TV, YouTube und mehr.<br \/>\nAlexa-Sprachfernbedienung \u2013 Suchen, starten und steuern Sie Inhalte mit Ihrer Stimme. Mit den voreingestellten Tasten rufen Sie schnell Ihre bevorzugten Apps auf. Mit nur einer Fernbedienung schalten Sie Ihre Ger\u00e4te an und aus und stellen die Lautst\u00e4rke ein.<br \/>\nSteuern Sie Ihr kompatibles Smart Home \u2013 Fragen Sie Alexa nach dem Wetter oder bitten Sie sie, das Licht zu dimmen, Live-Bilder von unterst\u00fctzten Kameras anzuzeigen, Musik zu streamen und mehr.<br \/>\nEinfache und intuitive Verwendung \u2013 Schneller Zugriff auf Ihre Lieblings-Apps, Live-TV sowie die Dinge, die Sie am meisten nutzen, ganz einfach \u00fcber das Hauptmen\u00fc.<br \/>\nEinfach einzurichten und klein genug, um unauff\u00e4llig platziert zu werden \u2013 Einfach auf der R\u00fcckseite des Fernsehers anschlie\u00dfen, Fernsehger\u00e4t einschalten, mit dem Internet verbinden und los geht\u2018s.<br \/>\n<div class=\"main-cross-sell\" data-asin=\"B08XWMVC8G\">\n\n\t<div class=\"WooZone-cross-sell-loader\">\n\t\t<div>\n\t\t\t<div id=\"floatingBarsG\">\n\t\t\t\t<div class=\"blockG\" id=\"rotateG_01\"><\/div>\n\t\t\t\t<div class=\"blockG\" id=\"rotateG_02\"><\/div>\n\t\t\t\t<div class=\"blockG\" id=\"rotateG_03\"><\/div>\n\t\t\t\t<div class=\"blockG\" id=\"rotateG_04\"><\/div>\n\t\t\t\t<div class=\"blockG\" id=\"rotateG_05\"><\/div>\n\t\t\t\t<div class=\"blockG\" id=\"rotateG_06\"><\/div>\n\t\t\t\t<div class=\"blockG\" id=\"rotateG_07\"><\/div>\n\t\t\t\t<div class=\"blockG\" id=\"rotateG_08\"><\/div>\n\t\t\t<\/div>\n\t\t\t<div class=\"WooZone-cross-sell-loader-text\"><\/div>\n\t\t<\/div>\n\t<\/div>\n\n\t\t\n<\/div>\n<div style=\"clear:both;\"><\/div><\/p>\n","protected":false},"excerpt":{"rendered":"<p>Ein cineastisches Erlebnis \u2013 Fernsehen in brillantem 4K Ultra HD, mit Unterst\u00fctzung f\u00fcr Dolby Vision, HDR und HDR10+.<br \/>\nHeimkinoklang mit Dolby Atmos \u2013 F\u00fcr ausgew\u00e4hlte Titel sorgt die Unterst\u00fctzung von immersivem Dolby Atmos-Audio mit kompatiblen Heim-Audiosystemen f\u00fcr ein noch realit\u00e4tsgetreueres Fernseherlebnis.<br \/>\nGrenzenlose Unterhaltung \u2013 Sie k\u00f6nnen \u00fcber Tausend Filme und Serienfolgen von Netflix, YouTube, Prime Video, WOW, Disney+ und vielen mehr streamen und haben Zugriff auf Millionen von Songs. Abonnementgeb\u00fchren k\u00f6nnen anfallen.<\/p>\n","protected":false},"featured_media":153898,"comment_status":"open","ping_status":"closed","template":"","meta":[],"product_brand":[],"product_cat":[863],"product_tag":[],"class_list":{"0":"post-153897","1":"product","2":"type-product","3":"status-publish","4":"has-post-thumbnail","6":"product_cat-computer-zubehoer","7":"pa_binding-elektronik","8":"pa_brand-amazon","9":"pa_color-black","10":"pa_height-0-55-zoll","11":"pa_length-4-27-zoll","12":"pa_manufacturer-amazon","13":"pa_model-e9l29y","14":"pa_weight-0-12-pfund","15":"pa_width-1-18-zoll","17":"first","18":"instock","19":"shipping-taxable","20":"purchasable","21":"product-type-simple","22":"customify-col","23":"product-has-gallery"},"yoast_head":"<!-- This site is optimized with the Yoast SEO plugin v27.4 - https:\/\/yoast.com\/product\/yoast-seo-wordpress\/ -->\n<title>Fire TV Stick 4K, Zertifiziert und general\u00fcberholt, mit Alexa-Sprachfernbedienung (mit TV-Steuerungstasten) - Markt-XXL<\/title>\n<meta name=\"description\" content=\"Markt-XXL Fire TV Stick 4K, Zertifiziert und general\u00fcberholt, mit Alexa-Sprachfernbedienung (mit TV-Steuerungstasten)\" \/>\n<meta name=\"robots\" content=\"index, follow, max-snippet:-1, max-image-preview:large, max-video-preview:-1\" \/>\n<link rel=\"canonical\" href=\"https:\/\/marktxxl.de\/markt\/produkt\/fire-tv-stick-4k-zertifiziert-und-generalueberholt-mit-alexa-sprachfernbedienung-mit-tv-steuerungstasten\/\" \/>\n<meta property=\"og:locale\" content=\"de_DE\" \/>\n<meta property=\"og:type\" content=\"article\" \/>\n<meta property=\"og:title\" content=\"Fire TV Stick 4K, Zertifiziert und general\u00fcberholt, mit Alexa-Sprachfernbedienung (mit TV-Steuerungstasten) - Markt-XXL\" \/>\n<meta property=\"og:description\" content=\"Markt-XXL Fire TV Stick 4K, Zertifiziert und general\u00fcberholt, mit Alexa-Sprachfernbedienung (mit TV-Steuerungstasten)\" \/>\n<meta property=\"og:url\" content=\"https:\/\/marktxxl.de\/markt\/produkt\/fire-tv-stick-4k-zertifiziert-und-generalueberholt-mit-alexa-sprachfernbedienung-mit-tv-steuerungstasten\/\" \/>\n<meta property=\"og:site_name\" content=\"Markt-XXL\" \/>\n<meta property=\"article:modified_time\" content=\"2023-04-11T02:35:15+00:00\" \/>\n<meta property=\"og:image\" content=\"https:\/\/m.media-amazon.com\/images\/I\/31+O9MrU74L._SL500_.jpg\" \/>\n\t<meta property=\"og:image:width\" content=\"500\" \/>\n\t<meta property=\"og:image:height\" content=\"500\" \/>\n\t<meta property=\"og:image:type\" content=\"image\/jpeg\" \/>\n<meta name=\"twitter:card\" content=\"summary_large_image\" \/>\n<meta name=\"twitter:label1\" content=\"Gesch\u00e4tzte Lesezeit\" \/>\n\t<meta name=\"twitter:data1\" content=\"1\u00a0Minute\" \/>\n<script type=\"application\/ld+json\" class=\"yoast-schema-graph\">{\"@context\":\"https:\\\/\\\/schema.org\",\"@graph\":[{\"@type\":\"WebPage\",\"@id\":\"https:\\\/\\\/marktxxl.de\\\/markt\\\/produkt\\\/fire-tv-stick-4k-zertifiziert-und-generalueberholt-mit-alexa-sprachfernbedienung-mit-tv-steuerungstasten\\\/\",\"url\":\"https:\\\/\\\/marktxxl.de\\\/markt\\\/produkt\\\/fire-tv-stick-4k-zertifiziert-und-generalueberholt-mit-alexa-sprachfernbedienung-mit-tv-steuerungstasten\\\/\",\"name\":\"Fire TV Stick 4K, Zertifiziert und general\u00fcberholt, mit Alexa-Sprachfernbedienung (mit TV-Steuerungstasten) - Markt-XXL\",\"isPartOf\":{\"@id\":\"https:\\\/\\\/marktxxl.de\\\/markt\\\/#website\"},\"primaryImageOfPage\":{\"@id\":\"https:\\\/\\\/marktxxl.de\\\/markt\\\/produkt\\\/fire-tv-stick-4k-zertifiziert-und-generalueberholt-mit-alexa-sprachfernbedienung-mit-tv-steuerungstasten\\\/#primaryimage\"},\"image\":{\"@id\":\"https:\\\/\\\/marktxxl.de\\\/markt\\\/produkt\\\/fire-tv-stick-4k-zertifiziert-und-generalueberholt-mit-alexa-sprachfernbedienung-mit-tv-steuerungstasten\\\/#primaryimage\"},\"thumbnailUrl\":\"https:\\\/\\\/m.media-amazon.com\\\/images\\\/I\\\/31+O9MrU74L._SL500_.jpg\",\"datePublished\":\"2022-09-12T07:43:30+00:00\",\"dateModified\":\"2023-04-11T02:35:15+00:00\",\"description\":\"Markt-XXL Fire TV Stick 4K, Zertifiziert und general\u00fcberholt, mit Alexa-Sprachfernbedienung (mit TV-Steuerungstasten)\",\"breadcrumb\":{\"@id\":\"https:\\\/\\\/marktxxl.de\\\/markt\\\/produkt\\\/fire-tv-stick-4k-zertifiziert-und-generalueberholt-mit-alexa-sprachfernbedienung-mit-tv-steuerungstasten\\\/#breadcrumb\"},\"inLanguage\":\"de\",\"potentialAction\":[{\"@type\":\"ReadAction\",\"target\":[\"https:\\\/\\\/marktxxl.de\\\/markt\\\/produkt\\\/fire-tv-stick-4k-zertifiziert-und-generalueberholt-mit-alexa-sprachfernbedienung-mit-tv-steuerungstasten\\\/\"]}]},{\"@type\":\"ImageObject\",\"inLanguage\":\"de\",\"@id\":\"https:\\\/\\\/marktxxl.de\\\/markt\\\/produkt\\\/fire-tv-stick-4k-zertifiziert-und-generalueberholt-mit-alexa-sprachfernbedienung-mit-tv-steuerungstasten\\\/#primaryimage\",\"url\":\"https:\\\/\\\/m.media-amazon.com\\\/images\\\/I\\\/31+O9MrU74L._SL500_.jpg\",\"contentUrl\":\"https:\\\/\\\/m.media-amazon.com\\\/images\\\/I\\\/31+O9MrU74L._SL500_.jpg\",\"width\":500,\"height\":500},{\"@type\":\"BreadcrumbList\",\"@id\":\"https:\\\/\\\/marktxxl.de\\\/markt\\\/produkt\\\/fire-tv-stick-4k-zertifiziert-und-generalueberholt-mit-alexa-sprachfernbedienung-mit-tv-steuerungstasten\\\/#breadcrumb\",\"itemListElement\":[{\"@type\":\"ListItem\",\"position\":1,\"name\":\"Startseite\",\"item\":\"https:\\\/\\\/marktxxl.de\\\/markt\\\/\"},{\"@type\":\"ListItem\",\"position\":2,\"name\":\"Markt\",\"item\":\"https:\\\/\\\/marktxxl.de\\\/markt\\\/\"},{\"@type\":\"ListItem\",\"position\":3,\"name\":\"Fire TV Stick 4K, Zertifiziert und general\u00fcberholt, mit Alexa-Sprachfernbedienung (mit TV-Steuerungstasten)\"}]},{\"@type\":\"WebSite\",\"@id\":\"https:\\\/\\\/marktxxl.de\\\/markt\\\/#website\",\"url\":\"https:\\\/\\\/marktxxl.de\\\/markt\\\/\",\"name\":\"Markt-XXL\",\"description\":\"Ihr Markt Online\",\"publisher\":{\"@id\":\"https:\\\/\\\/marktxxl.de\\\/markt\\\/#organization\"},\"potentialAction\":[{\"@type\":\"SearchAction\",\"target\":{\"@type\":\"EntryPoint\",\"urlTemplate\":\"https:\\\/\\\/marktxxl.de\\\/markt\\\/?s={search_term_string}\"},\"query-input\":{\"@type\":\"PropertyValueSpecification\",\"valueRequired\":true,\"valueName\":\"search_term_string\"}}],\"inLanguage\":\"de\"},{\"@type\":\"Organization\",\"@id\":\"https:\\\/\\\/marktxxl.de\\\/markt\\\/#organization\",\"name\":\"Markt-XXL\",\"url\":\"https:\\\/\\\/marktxxl.de\\\/markt\\\/\",\"logo\":{\"@type\":\"ImageObject\",\"inLanguage\":\"de\",\"@id\":\"https:\\\/\\\/marktxxl.de\\\/markt\\\/#\\\/schema\\\/logo\\\/image\\\/\",\"url\":\"https:\\\/\\\/marktxxl.de\\\/markt\\\/wp-content\\\/uploads\\\/sites\\\/3\\\/2020\\\/12\\\/logo.png\",\"contentUrl\":\"https:\\\/\\\/marktxxl.de\\\/markt\\\/wp-content\\\/uploads\\\/sites\\\/3\\\/2020\\\/12\\\/logo.png\",\"width\":200,\"height\":70,\"caption\":\"Markt-XXL\"},\"image\":{\"@id\":\"https:\\\/\\\/marktxxl.de\\\/markt\\\/#\\\/schema\\\/logo\\\/image\\\/\"}}]}<\/script>\n<!-- \/ Yoast SEO plugin. -->","yoast_head_json":{"title":"Fire TV Stick 4K, Zertifiziert und general\u00fcberholt, mit Alexa-Sprachfernbedienung (mit TV-Steuerungstasten) - Markt-XXL","description":"Markt-XXL Fire TV Stick 4K, Zertifiziert und general\u00fcberholt, mit Alexa-Sprachfernbedienung (mit TV-Steuerungstasten)","robots":{"index":"index","follow":"follow","max-snippet":"max-snippet:-1","max-image-preview":"max-image-preview:large","max-video-preview":"max-video-preview:-1"},"canonical":"https:\/\/marktxxl.de\/markt\/produkt\/fire-tv-stick-4k-zertifiziert-und-generalueberholt-mit-alexa-sprachfernbedienung-mit-tv-steuerungstasten\/","og_locale":"de_DE","og_type":"article","og_title":"Fire TV Stick 4K, Zertifiziert und general\u00fcberholt, mit Alexa-Sprachfernbedienung (mit TV-Steuerungstasten) - Markt-XXL","og_description":"Markt-XXL Fire TV Stick 4K, Zertifiziert und general\u00fcberholt, mit Alexa-Sprachfernbedienung (mit TV-Steuerungstasten)","og_url":"https:\/\/marktxxl.de\/markt\/produkt\/fire-tv-stick-4k-zertifiziert-und-generalueberholt-mit-alexa-sprachfernbedienung-mit-tv-steuerungstasten\/","og_site_name":"Markt-XXL","article_modified_time":"2023-04-11T02:35:15+00:00","og_image":[{"width":500,"height":500,"url":"https:\/\/m.media-amazon.com\/images\/I\/31+O9MrU74L._SL500_.jpg","type":"image\/jpeg"}],"twitter_card":"summary_large_image","twitter_misc":{"Gesch\u00e4tzte Lesezeit":"1\u00a0Minute"},"schema":{"@context":"https:\/\/schema.org","@graph":[{"@type":"WebPage","@id":"https:\/\/marktxxl.de\/markt\/produkt\/fire-tv-stick-4k-zertifiziert-und-generalueberholt-mit-alexa-sprachfernbedienung-mit-tv-steuerungstasten\/","url":"https:\/\/marktxxl.de\/markt\/produkt\/fire-tv-stick-4k-zertifiziert-und-generalueberholt-mit-alexa-sprachfernbedienung-mit-tv-steuerungstasten\/","name":"Fire TV Stick 4K, Zertifiziert und general\u00fcberholt, mit Alexa-Sprachfernbedienung (mit TV-Steuerungstasten) - Markt-XXL","isPartOf":{"@id":"https:\/\/marktxxl.de\/markt\/#website"},"primaryImageOfPage":{"@id":"https:\/\/marktxxl.de\/markt\/produkt\/fire-tv-stick-4k-zertifiziert-und-generalueberholt-mit-alexa-sprachfernbedienung-mit-tv-steuerungstasten\/#primaryimage"},"image":{"@id":"https:\/\/marktxxl.de\/markt\/produkt\/fire-tv-stick-4k-zertifiziert-und-generalueberholt-mit-alexa-sprachfernbedienung-mit-tv-steuerungstasten\/#primaryimage"},"thumbnailUrl":"https:\/\/m.media-amazon.com\/images\/I\/31+O9MrU74L._SL500_.jpg","datePublished":"2022-09-12T07:43:30+00:00","dateModified":"2023-04-11T02:35:15+00:00","description":"Markt-XXL Fire TV Stick 4K, Zertifiziert und general\u00fcberholt, mit Alexa-Sprachfernbedienung (mit TV-Steuerungstasten)","breadcrumb":{"@id":"https:\/\/marktxxl.de\/markt\/produkt\/fire-tv-stick-4k-zertifiziert-und-generalueberholt-mit-alexa-sprachfernbedienung-mit-tv-steuerungstasten\/#breadcrumb"},"inLanguage":"de","potentialAction":[{"@type":"ReadAction","target":["https:\/\/marktxxl.de\/markt\/produkt\/fire-tv-stick-4k-zertifiziert-und-generalueberholt-mit-alexa-sprachfernbedienung-mit-tv-steuerungstasten\/"]}]},{"@type":"ImageObject","inLanguage":"de","@id":"https:\/\/marktxxl.de\/markt\/produkt\/fire-tv-stick-4k-zertifiziert-und-generalueberholt-mit-alexa-sprachfernbedienung-mit-tv-steuerungstasten\/#primaryimage","url":"https:\/\/m.media-amazon.com\/images\/I\/31+O9MrU74L._SL500_.jpg","contentUrl":"https:\/\/m.media-amazon.com\/images\/I\/31+O9MrU74L._SL500_.jpg","width":500,"height":500},{"@type":"BreadcrumbList","@id":"https:\/\/marktxxl.de\/markt\/produkt\/fire-tv-stick-4k-zertifiziert-und-generalueberholt-mit-alexa-sprachfernbedienung-mit-tv-steuerungstasten\/#breadcrumb","itemListElement":[{"@type":"ListItem","position":1,"name":"Startseite","item":"https:\/\/marktxxl.de\/markt\/"},{"@type":"ListItem","position":2,"name":"Markt","item":"https:\/\/marktxxl.de\/markt\/"},{"@type":"ListItem","position":3,"name":"Fire TV Stick 4K, Zertifiziert und general\u00fcberholt, mit Alexa-Sprachfernbedienung (mit TV-Steuerungstasten)"}]},{"@type":"WebSite","@id":"https:\/\/marktxxl.de\/markt\/#website","url":"https:\/\/marktxxl.de\/markt\/","name":"Markt-XXL","description":"Ihr Markt Online","publisher":{"@id":"https:\/\/marktxxl.de\/markt\/#organization"},"potentialAction":[{"@type":"SearchAction","target":{"@type":"EntryPoint","urlTemplate":"https:\/\/marktxxl.de\/markt\/?s={search_term_string}"},"query-input":{"@type":"PropertyValueSpecification","valueRequired":true,"valueName":"search_term_string"}}],"inLanguage":"de"},{"@type":"Organization","@id":"https:\/\/marktxxl.de\/markt\/#organization","name":"Markt-XXL","url":"https:\/\/marktxxl.de\/markt\/","logo":{"@type":"ImageObject","inLanguage":"de","@id":"https:\/\/marktxxl.de\/markt\/#\/schema\/logo\/image\/","url":"https:\/\/marktxxl.de\/markt\/wp-content\/uploads\/sites\/3\/2020\/12\/logo.png","contentUrl":"https:\/\/marktxxl.de\/markt\/wp-content\/uploads\/sites\/3\/2020\/12\/logo.png","width":200,"height":70,"caption":"Markt-XXL"},"image":{"@id":"https:\/\/marktxxl.de\/markt\/#\/schema\/logo\/image\/"}}]}},"_links":{"self":[{"href":"https:\/\/marktxxl.de\/markt\/wp-json\/wp\/v2\/product\/153897","targetHints":{"allow":["GET"]}}],"collection":[{"href":"https:\/\/marktxxl.de\/markt\/wp-json\/wp\/v2\/product"}],"about":[{"href":"https:\/\/marktxxl.de\/markt\/wp-json\/wp\/v2\/types\/product"}],"replies":[{"embeddable":true,"href":"https:\/\/marktxxl.de\/markt\/wp-json\/wp\/v2\/comments?post=153897"}],"wp:featuredmedia":[{"embeddable":true,"href":"https:\/\/marktxxl.de\/markt\/wp-json\/wp\/v2\/media\/153898"}],"wp:attachment":[{"href":"https:\/\/marktxxl.de\/markt\/wp-json\/wp\/v2\/media?parent=153897"}],"wp:term":[{"taxonomy":"product_brand","embeddable":true,"href":"https:\/\/marktxxl.de\/markt\/wp-json\/wp\/v2\/product_brand?post=153897"},{"taxonomy":"product_cat","embeddable":true,"href":"https:\/\/marktxxl.de\/markt\/wp-json\/wp\/v2\/product_cat?post=153897"},{"taxonomy":"product_tag","embeddable":true,"href":"https:\/\/marktxxl.de\/markt\/wp-json\/wp\/v2\/product_tag?post=153897"}],"curies":[{"name":"wp","href":"https:\/\/api.w.org\/{rel}","templated":true}]}}