{"id":153583,"date":"2022-09-12T09:28:56","date_gmt":"2022-09-12T07:28:56","guid":{"rendered":"https:\/\/marktxxl.de\/markt\/produkt\/heckbo-jungen-jungs-kinder-turnbeutel-monster-motiv-waschmaschinenfest-40x32cm-fuer-kindergarten-krippe-reise-sport-schule-rucksack-tasche-spieltasche-sportbeutel-sportunterric\/"},"modified":"2023-04-11T04:35:10","modified_gmt":"2023-04-11T02:35:10","slug":"heckbo-jungen-jungs-kinder-turnbeutel-monster-motiv-waschmaschinenfest-40x32cm-fuer-kindergarten-krippe-reise-sport-schule-rucksack-tasche-spieltasche-sportbeutel-sportunterric","status":"publish","type":"product","link":"https:\/\/marktxxl.de\/markt\/produkt\/heckbo-jungen-jungs-kinder-turnbeutel-monster-motiv-waschmaschinenfest-40x32cm-fuer-kindergarten-krippe-reise-sport-schule-rucksack-tasche-spieltasche-sportbeutel-sportunterric\/","title":{"rendered":"HECKBO Jungen Jungs Kinder Turnbeutel &#8211; Monster Motiv &#8211; waschmaschinenfest &#8211; 40x32cm &#8211; f\u00fcr Kindergarten, Krippe, Reise\u2026"},"content":{"rendered":"<p>\u25ba\ud83d\ude0e COOLES MOTIV F\u00dcR KINDER: Auf diesem hellblauen HECKBO Turnbeutel ist beidseitig ein cooles Kinder-Motiv mit Monster in kr\u00e4ftigen Farben aufgedruckt. Ein Must-Have f\u00fcr alle Kinder die Monster lieben!<br \/>\n\u25ba\ud83d\udcaa EINZIGARTIGE QUALIT\u00c4T: Der HECKBO Jungen Turnbeutel hat eine Gr\u00f6\u00dfe von circa 40cm x32cm und ist aus strapazierf\u00e4higem Material (Baumwolle und Polyester) gefertigt. Die Ecken des Turnbeutels sind extra verst\u00e4rkt, sodass auch schwere Gegenst\u00e4nde im Beutel transportiert werden k\u00f6nnen. Die stabilen Kordeln erm\u00f6glichen ein einfaches \u00d6ffnen und Verschlie\u00dfen des Beutels und die extra gro\u00dfe \u00d6ffnung vereinfacht ihrem Kind zudem ein selbst\u00e4ndiges Ein- und Auspacken von Gegenst\u00e4nden.<br \/>\n\u25ba\u2702\ufe0f INDIVIDUELL ANPASSBAR: Durch die verknotbaren und k\u00fcrzbaren Kordeln kann der Turnbeutel jederzeit individuell an die K\u00f6rpergr\u00f6\u00dfe ihres Kindes angepasst werden. Daher ist der Turnbeutel auch schon f\u00fcr unsere Kleinsten geeignet \ud83d\ude42<br \/>\n\u25ba \ud83d\udc4d VIELSEITIG EINSETZBAR: Ob im Kindergarten, in der Schule, in der Krippe, auf dem Spielplatz, beim Sport, am Badesee, im Urlaub oder beim Einkaufen \u2013 mit dem HECKBO Turnbeutel ist ihr Kind f\u00fcr den Alltag bestens ger\u00fcstet und sieht dabei noch richtig cool aus \ud83d\ude42 Und sollte der Turnbeutel mal verschmutzt sein, kann er ganz einfach mit einem feuchten Tuch gereinigt oder auf der linken Seite bei 30\u00b0 C in der Waschmaschine gewaschen werden.<br \/>\n\u25ba\ud83c\udf81 LIEFERUMFANG: 1 Monster Turnbeutel; Material: 80% Polyester und 20% Baumwolle; Farbe: blau, t\u00fcrkis, lila, rot, gelb, gr\u00fcn, orange; Gr\u00f6\u00dfe: 40x32cm, schwarze Kordeln (k\u00fcrzbar)<br \/>\n<div class=\"main-cross-sell\" data-asin=\"B07L19B1JL\">\n\n\t<div class=\"WooZone-cross-sell-loader\">\n\t\t<div>\n\t\t\t<div id=\"floatingBarsG\">\n\t\t\t\t<div class=\"blockG\" id=\"rotateG_01\"><\/div>\n\t\t\t\t<div class=\"blockG\" id=\"rotateG_02\"><\/div>\n\t\t\t\t<div class=\"blockG\" id=\"rotateG_03\"><\/div>\n\t\t\t\t<div class=\"blockG\" id=\"rotateG_04\"><\/div>\n\t\t\t\t<div class=\"blockG\" id=\"rotateG_05\"><\/div>\n\t\t\t\t<div class=\"blockG\" id=\"rotateG_06\"><\/div>\n\t\t\t\t<div class=\"blockG\" id=\"rotateG_07\"><\/div>\n\t\t\t\t<div class=\"blockG\" id=\"rotateG_08\"><\/div>\n\t\t\t<\/div>\n\t\t\t<div class=\"WooZone-cross-sell-loader-text\"><\/div>\n\t\t<\/div>\n\t<\/div>\n\n\t\t\n<\/div>\n<div style=\"clear:both;\"><\/div><\/p>\n","protected":false},"excerpt":{"rendered":"<p>\u25ba\ud83d\ude0e COOLES MOTIV F\u00dcR KINDER: Auf diesem hellblauen HECKBO Turnbeutel ist beidseitig ein cooles Kinder-Motiv mit Monster in kr\u00e4ftigen Farben aufgedruckt. Ein Must-Have f\u00fcr alle Kinder die Monster lieben!<br \/>\n\u25ba\ud83d\udcaa EINZIGARTIGE QUALIT\u00c4T: Der HECKBO Jungen Turnbeutel hat eine Gr\u00f6\u00dfe von circa 40cm x32cm und ist aus strapazierf\u00e4higem Material (Baumwolle und Polyester) gefertigt. Die Ecken des Turnbeutels sind extra verst\u00e4rkt, sodass auch schwere Gegenst\u00e4nde im Beutel transportiert werden k\u00f6nnen. Die stabilen Kordeln erm\u00f6glichen ein einfaches \u00d6ffnen und Verschlie\u00dfen des Beutels und die extra gro\u00dfe \u00d6ffnung vereinfacht ihrem Kind zudem ein selbst\u00e4ndiges Ein- und Auspacken von Gegenst\u00e4nden.<br \/>\n\u25ba\u2702\ufe0f INDIVIDUELL ANPASSBAR: Durch die verknotbaren und k\u00fcrzbaren Kordeln kann der Turnbeutel jederzeit individuell an die K\u00f6rpergr\u00f6\u00dfe ihres Kindes angepasst werden. Daher ist der Turnbeutel auch schon f\u00fcr unsere Kleinsten geeignet \ud83d\ude42<\/p>\n","protected":false},"featured_media":153584,"comment_status":"open","ping_status":"closed","template":"","meta":[],"product_brand":[],"product_cat":[504,8631],"product_tag":[],"class_list":{"0":"post-153583","1":"product","2":"type-product","3":"status-publish","4":"has-post-thumbnail","6":"product_cat-buerobedarf-schreibwaren","7":"product_cat-schul-unibedarf","8":"pa_binding-misc","9":"pa_brand-heckbo","10":"pa_color-monster","11":"pa_manufacturer-heckbo","12":"pa_model-potwor","13":"pa_size-40cm-x-32cm","15":"first","16":"instock","17":"shipping-taxable","18":"purchasable","19":"product-type-simple","20":"customify-col","21":"product-has-gallery"},"yoast_head":"<!-- This site is optimized with the Yoast SEO plugin v27.4 - https:\/\/yoast.com\/product\/yoast-seo-wordpress\/ -->\n<title>HECKBO Jungen Jungs Kinder Turnbeutel - Monster Motiv - waschmaschinenfest - 40x32cm - f\u00fcr Kindergarten, Krippe, Reise\u2026 - Markt-XXL<\/title>\n<meta name=\"description\" content=\"Markt-XXL HECKBO Jungen Jungs Kinder Turnbeutel - Monster Motiv - waschmaschinenfest - 40x32cm - f\u00fcr Kindergarten, Krippe, Reise\u2026\" \/>\n<meta name=\"robots\" content=\"index, follow, max-snippet:-1, max-image-preview:large, max-video-preview:-1\" \/>\n<link rel=\"canonical\" href=\"https:\/\/marktxxl.de\/markt\/produkt\/heckbo-jungen-jungs-kinder-turnbeutel-monster-motiv-waschmaschinenfest-40x32cm-fuer-kindergarten-krippe-reise-sport-schule-rucksack-tasche-spieltasche-sportbeutel-sportunterric\/\" \/>\n<meta property=\"og:locale\" content=\"de_DE\" \/>\n<meta property=\"og:type\" content=\"article\" \/>\n<meta property=\"og:title\" content=\"HECKBO Jungen Jungs Kinder Turnbeutel - Monster Motiv - waschmaschinenfest - 40x32cm - f\u00fcr Kindergarten, Krippe, Reise\u2026 - Markt-XXL\" \/>\n<meta property=\"og:description\" content=\"Markt-XXL HECKBO Jungen Jungs Kinder Turnbeutel - Monster Motiv - waschmaschinenfest - 40x32cm - f\u00fcr Kindergarten, Krippe, Reise\u2026\" \/>\n<meta property=\"og:url\" content=\"https:\/\/marktxxl.de\/markt\/produkt\/heckbo-jungen-jungs-kinder-turnbeutel-monster-motiv-waschmaschinenfest-40x32cm-fuer-kindergarten-krippe-reise-sport-schule-rucksack-tasche-spieltasche-sportbeutel-sportunterric\/\" \/>\n<meta property=\"og:site_name\" content=\"Markt-XXL\" \/>\n<meta property=\"article:modified_time\" content=\"2023-04-11T02:35:10+00:00\" \/>\n<meta property=\"og:image\" content=\"https:\/\/m.media-amazon.com\/images\/I\/51KHa6yw8IL._SL500_.jpg\" \/>\n\t<meta property=\"og:image:width\" content=\"500\" \/>\n\t<meta property=\"og:image:height\" content=\"496\" \/>\n\t<meta property=\"og:image:type\" content=\"image\/jpeg\" \/>\n<meta name=\"twitter:card\" content=\"summary_large_image\" \/>\n<meta name=\"twitter:label1\" content=\"Gesch\u00e4tzte Lesezeit\" \/>\n\t<meta name=\"twitter:data1\" content=\"1\u00a0Minute\" \/>\n<script type=\"application\/ld+json\" class=\"yoast-schema-graph\">{\"@context\":\"https:\\\/\\\/schema.org\",\"@graph\":[{\"@type\":\"WebPage\",\"@id\":\"https:\\\/\\\/marktxxl.de\\\/markt\\\/produkt\\\/heckbo-jungen-jungs-kinder-turnbeutel-monster-motiv-waschmaschinenfest-40x32cm-fuer-kindergarten-krippe-reise-sport-schule-rucksack-tasche-spieltasche-sportbeutel-sportunterric\\\/\",\"url\":\"https:\\\/\\\/marktxxl.de\\\/markt\\\/produkt\\\/heckbo-jungen-jungs-kinder-turnbeutel-monster-motiv-waschmaschinenfest-40x32cm-fuer-kindergarten-krippe-reise-sport-schule-rucksack-tasche-spieltasche-sportbeutel-sportunterric\\\/\",\"name\":\"HECKBO Jungen Jungs Kinder Turnbeutel - Monster Motiv - waschmaschinenfest - 40x32cm - f\u00fcr Kindergarten, Krippe, Reise\u2026 - Markt-XXL\",\"isPartOf\":{\"@id\":\"https:\\\/\\\/marktxxl.de\\\/markt\\\/#website\"},\"primaryImageOfPage\":{\"@id\":\"https:\\\/\\\/marktxxl.de\\\/markt\\\/produkt\\\/heckbo-jungen-jungs-kinder-turnbeutel-monster-motiv-waschmaschinenfest-40x32cm-fuer-kindergarten-krippe-reise-sport-schule-rucksack-tasche-spieltasche-sportbeutel-sportunterric\\\/#primaryimage\"},\"image\":{\"@id\":\"https:\\\/\\\/marktxxl.de\\\/markt\\\/produkt\\\/heckbo-jungen-jungs-kinder-turnbeutel-monster-motiv-waschmaschinenfest-40x32cm-fuer-kindergarten-krippe-reise-sport-schule-rucksack-tasche-spieltasche-sportbeutel-sportunterric\\\/#primaryimage\"},\"thumbnailUrl\":\"https:\\\/\\\/m.media-amazon.com\\\/images\\\/I\\\/51KHa6yw8IL._SL500_.jpg\",\"datePublished\":\"2022-09-12T07:28:56+00:00\",\"dateModified\":\"2023-04-11T02:35:10+00:00\",\"description\":\"Markt-XXL HECKBO Jungen Jungs Kinder Turnbeutel - Monster Motiv - waschmaschinenfest - 40x32cm - f\u00fcr Kindergarten, Krippe, Reise\u2026\",\"breadcrumb\":{\"@id\":\"https:\\\/\\\/marktxxl.de\\\/markt\\\/produkt\\\/heckbo-jungen-jungs-kinder-turnbeutel-monster-motiv-waschmaschinenfest-40x32cm-fuer-kindergarten-krippe-reise-sport-schule-rucksack-tasche-spieltasche-sportbeutel-sportunterric\\\/#breadcrumb\"},\"inLanguage\":\"de\",\"potentialAction\":[{\"@type\":\"ReadAction\",\"target\":[\"https:\\\/\\\/marktxxl.de\\\/markt\\\/produkt\\\/heckbo-jungen-jungs-kinder-turnbeutel-monster-motiv-waschmaschinenfest-40x32cm-fuer-kindergarten-krippe-reise-sport-schule-rucksack-tasche-spieltasche-sportbeutel-sportunterric\\\/\"]}]},{\"@type\":\"ImageObject\",\"inLanguage\":\"de\",\"@id\":\"https:\\\/\\\/marktxxl.de\\\/markt\\\/produkt\\\/heckbo-jungen-jungs-kinder-turnbeutel-monster-motiv-waschmaschinenfest-40x32cm-fuer-kindergarten-krippe-reise-sport-schule-rucksack-tasche-spieltasche-sportbeutel-sportunterric\\\/#primaryimage\",\"url\":\"https:\\\/\\\/m.media-amazon.com\\\/images\\\/I\\\/51KHa6yw8IL._SL500_.jpg\",\"contentUrl\":\"https:\\\/\\\/m.media-amazon.com\\\/images\\\/I\\\/51KHa6yw8IL._SL500_.jpg\",\"width\":500,\"height\":496},{\"@type\":\"BreadcrumbList\",\"@id\":\"https:\\\/\\\/marktxxl.de\\\/markt\\\/produkt\\\/heckbo-jungen-jungs-kinder-turnbeutel-monster-motiv-waschmaschinenfest-40x32cm-fuer-kindergarten-krippe-reise-sport-schule-rucksack-tasche-spieltasche-sportbeutel-sportunterric\\\/#breadcrumb\",\"itemListElement\":[{\"@type\":\"ListItem\",\"position\":1,\"name\":\"Startseite\",\"item\":\"https:\\\/\\\/marktxxl.de\\\/markt\\\/\"},{\"@type\":\"ListItem\",\"position\":2,\"name\":\"Markt\",\"item\":\"https:\\\/\\\/marktxxl.de\\\/markt\\\/\"},{\"@type\":\"ListItem\",\"position\":3,\"name\":\"HECKBO Jungen Jungs Kinder Turnbeutel &#8211; Monster Motiv &#8211; waschmaschinenfest &#8211; 40x32cm &#8211; f\u00fcr Kindergarten, Krippe, Reise\u2026\"}]},{\"@type\":\"WebSite\",\"@id\":\"https:\\\/\\\/marktxxl.de\\\/markt\\\/#website\",\"url\":\"https:\\\/\\\/marktxxl.de\\\/markt\\\/\",\"name\":\"Markt-XXL\",\"description\":\"Ihr Markt Online\",\"publisher\":{\"@id\":\"https:\\\/\\\/marktxxl.de\\\/markt\\\/#organization\"},\"potentialAction\":[{\"@type\":\"SearchAction\",\"target\":{\"@type\":\"EntryPoint\",\"urlTemplate\":\"https:\\\/\\\/marktxxl.de\\\/markt\\\/?s={search_term_string}\"},\"query-input\":{\"@type\":\"PropertyValueSpecification\",\"valueRequired\":true,\"valueName\":\"search_term_string\"}}],\"inLanguage\":\"de\"},{\"@type\":\"Organization\",\"@id\":\"https:\\\/\\\/marktxxl.de\\\/markt\\\/#organization\",\"name\":\"Markt-XXL\",\"url\":\"https:\\\/\\\/marktxxl.de\\\/markt\\\/\",\"logo\":{\"@type\":\"ImageObject\",\"inLanguage\":\"de\",\"@id\":\"https:\\\/\\\/marktxxl.de\\\/markt\\\/#\\\/schema\\\/logo\\\/image\\\/\",\"url\":\"https:\\\/\\\/marktxxl.de\\\/markt\\\/wp-content\\\/uploads\\\/sites\\\/3\\\/2020\\\/12\\\/logo.png\",\"contentUrl\":\"https:\\\/\\\/marktxxl.de\\\/markt\\\/wp-content\\\/uploads\\\/sites\\\/3\\\/2020\\\/12\\\/logo.png\",\"width\":200,\"height\":70,\"caption\":\"Markt-XXL\"},\"image\":{\"@id\":\"https:\\\/\\\/marktxxl.de\\\/markt\\\/#\\\/schema\\\/logo\\\/image\\\/\"}}]}<\/script>\n<!-- \/ Yoast SEO plugin. -->","yoast_head_json":{"title":"HECKBO Jungen Jungs Kinder Turnbeutel - Monster Motiv - waschmaschinenfest - 40x32cm - f\u00fcr Kindergarten, Krippe, Reise\u2026 - Markt-XXL","description":"Markt-XXL HECKBO Jungen Jungs Kinder Turnbeutel - Monster Motiv - waschmaschinenfest - 40x32cm - f\u00fcr Kindergarten, Krippe, Reise\u2026","robots":{"index":"index","follow":"follow","max-snippet":"max-snippet:-1","max-image-preview":"max-image-preview:large","max-video-preview":"max-video-preview:-1"},"canonical":"https:\/\/marktxxl.de\/markt\/produkt\/heckbo-jungen-jungs-kinder-turnbeutel-monster-motiv-waschmaschinenfest-40x32cm-fuer-kindergarten-krippe-reise-sport-schule-rucksack-tasche-spieltasche-sportbeutel-sportunterric\/","og_locale":"de_DE","og_type":"article","og_title":"HECKBO Jungen Jungs Kinder Turnbeutel - Monster Motiv - waschmaschinenfest - 40x32cm - f\u00fcr Kindergarten, Krippe, Reise\u2026 - Markt-XXL","og_description":"Markt-XXL HECKBO Jungen Jungs Kinder Turnbeutel - Monster Motiv - waschmaschinenfest - 40x32cm - f\u00fcr Kindergarten, Krippe, Reise\u2026","og_url":"https:\/\/marktxxl.de\/markt\/produkt\/heckbo-jungen-jungs-kinder-turnbeutel-monster-motiv-waschmaschinenfest-40x32cm-fuer-kindergarten-krippe-reise-sport-schule-rucksack-tasche-spieltasche-sportbeutel-sportunterric\/","og_site_name":"Markt-XXL","article_modified_time":"2023-04-11T02:35:10+00:00","og_image":[{"width":500,"height":496,"url":"https:\/\/m.media-amazon.com\/images\/I\/51KHa6yw8IL._SL500_.jpg","type":"image\/jpeg"}],"twitter_card":"summary_large_image","twitter_misc":{"Gesch\u00e4tzte Lesezeit":"1\u00a0Minute"},"schema":{"@context":"https:\/\/schema.org","@graph":[{"@type":"WebPage","@id":"https:\/\/marktxxl.de\/markt\/produkt\/heckbo-jungen-jungs-kinder-turnbeutel-monster-motiv-waschmaschinenfest-40x32cm-fuer-kindergarten-krippe-reise-sport-schule-rucksack-tasche-spieltasche-sportbeutel-sportunterric\/","url":"https:\/\/marktxxl.de\/markt\/produkt\/heckbo-jungen-jungs-kinder-turnbeutel-monster-motiv-waschmaschinenfest-40x32cm-fuer-kindergarten-krippe-reise-sport-schule-rucksack-tasche-spieltasche-sportbeutel-sportunterric\/","name":"HECKBO Jungen Jungs Kinder Turnbeutel - Monster Motiv - waschmaschinenfest - 40x32cm - f\u00fcr Kindergarten, Krippe, Reise\u2026 - Markt-XXL","isPartOf":{"@id":"https:\/\/marktxxl.de\/markt\/#website"},"primaryImageOfPage":{"@id":"https:\/\/marktxxl.de\/markt\/produkt\/heckbo-jungen-jungs-kinder-turnbeutel-monster-motiv-waschmaschinenfest-40x32cm-fuer-kindergarten-krippe-reise-sport-schule-rucksack-tasche-spieltasche-sportbeutel-sportunterric\/#primaryimage"},"image":{"@id":"https:\/\/marktxxl.de\/markt\/produkt\/heckbo-jungen-jungs-kinder-turnbeutel-monster-motiv-waschmaschinenfest-40x32cm-fuer-kindergarten-krippe-reise-sport-schule-rucksack-tasche-spieltasche-sportbeutel-sportunterric\/#primaryimage"},"thumbnailUrl":"https:\/\/m.media-amazon.com\/images\/I\/51KHa6yw8IL._SL500_.jpg","datePublished":"2022-09-12T07:28:56+00:00","dateModified":"2023-04-11T02:35:10+00:00","description":"Markt-XXL HECKBO Jungen Jungs Kinder Turnbeutel - Monster Motiv - waschmaschinenfest - 40x32cm - f\u00fcr Kindergarten, Krippe, Reise\u2026","breadcrumb":{"@id":"https:\/\/marktxxl.de\/markt\/produkt\/heckbo-jungen-jungs-kinder-turnbeutel-monster-motiv-waschmaschinenfest-40x32cm-fuer-kindergarten-krippe-reise-sport-schule-rucksack-tasche-spieltasche-sportbeutel-sportunterric\/#breadcrumb"},"inLanguage":"de","potentialAction":[{"@type":"ReadAction","target":["https:\/\/marktxxl.de\/markt\/produkt\/heckbo-jungen-jungs-kinder-turnbeutel-monster-motiv-waschmaschinenfest-40x32cm-fuer-kindergarten-krippe-reise-sport-schule-rucksack-tasche-spieltasche-sportbeutel-sportunterric\/"]}]},{"@type":"ImageObject","inLanguage":"de","@id":"https:\/\/marktxxl.de\/markt\/produkt\/heckbo-jungen-jungs-kinder-turnbeutel-monster-motiv-waschmaschinenfest-40x32cm-fuer-kindergarten-krippe-reise-sport-schule-rucksack-tasche-spieltasche-sportbeutel-sportunterric\/#primaryimage","url":"https:\/\/m.media-amazon.com\/images\/I\/51KHa6yw8IL._SL500_.jpg","contentUrl":"https:\/\/m.media-amazon.com\/images\/I\/51KHa6yw8IL._SL500_.jpg","width":500,"height":496},{"@type":"BreadcrumbList","@id":"https:\/\/marktxxl.de\/markt\/produkt\/heckbo-jungen-jungs-kinder-turnbeutel-monster-motiv-waschmaschinenfest-40x32cm-fuer-kindergarten-krippe-reise-sport-schule-rucksack-tasche-spieltasche-sportbeutel-sportunterric\/#breadcrumb","itemListElement":[{"@type":"ListItem","position":1,"name":"Startseite","item":"https:\/\/marktxxl.de\/markt\/"},{"@type":"ListItem","position":2,"name":"Markt","item":"https:\/\/marktxxl.de\/markt\/"},{"@type":"ListItem","position":3,"name":"HECKBO Jungen Jungs Kinder Turnbeutel &#8211; Monster Motiv &#8211; waschmaschinenfest &#8211; 40x32cm &#8211; f\u00fcr Kindergarten, Krippe, Reise\u2026"}]},{"@type":"WebSite","@id":"https:\/\/marktxxl.de\/markt\/#website","url":"https:\/\/marktxxl.de\/markt\/","name":"Markt-XXL","description":"Ihr Markt Online","publisher":{"@id":"https:\/\/marktxxl.de\/markt\/#organization"},"potentialAction":[{"@type":"SearchAction","target":{"@type":"EntryPoint","urlTemplate":"https:\/\/marktxxl.de\/markt\/?s={search_term_string}"},"query-input":{"@type":"PropertyValueSpecification","valueRequired":true,"valueName":"search_term_string"}}],"inLanguage":"de"},{"@type":"Organization","@id":"https:\/\/marktxxl.de\/markt\/#organization","name":"Markt-XXL","url":"https:\/\/marktxxl.de\/markt\/","logo":{"@type":"ImageObject","inLanguage":"de","@id":"https:\/\/marktxxl.de\/markt\/#\/schema\/logo\/image\/","url":"https:\/\/marktxxl.de\/markt\/wp-content\/uploads\/sites\/3\/2020\/12\/logo.png","contentUrl":"https:\/\/marktxxl.de\/markt\/wp-content\/uploads\/sites\/3\/2020\/12\/logo.png","width":200,"height":70,"caption":"Markt-XXL"},"image":{"@id":"https:\/\/marktxxl.de\/markt\/#\/schema\/logo\/image\/"}}]}},"_links":{"self":[{"href":"https:\/\/marktxxl.de\/markt\/wp-json\/wp\/v2\/product\/153583","targetHints":{"allow":["GET"]}}],"collection":[{"href":"https:\/\/marktxxl.de\/markt\/wp-json\/wp\/v2\/product"}],"about":[{"href":"https:\/\/marktxxl.de\/markt\/wp-json\/wp\/v2\/types\/product"}],"replies":[{"embeddable":true,"href":"https:\/\/marktxxl.de\/markt\/wp-json\/wp\/v2\/comments?post=153583"}],"wp:featuredmedia":[{"embeddable":true,"href":"https:\/\/marktxxl.de\/markt\/wp-json\/wp\/v2\/media\/153584"}],"wp:attachment":[{"href":"https:\/\/marktxxl.de\/markt\/wp-json\/wp\/v2\/media?parent=153583"}],"wp:term":[{"taxonomy":"product_brand","embeddable":true,"href":"https:\/\/marktxxl.de\/markt\/wp-json\/wp\/v2\/product_brand?post=153583"},{"taxonomy":"product_cat","embeddable":true,"href":"https:\/\/marktxxl.de\/markt\/wp-json\/wp\/v2\/product_cat?post=153583"},{"taxonomy":"product_tag","embeddable":true,"href":"https:\/\/marktxxl.de\/markt\/wp-json\/wp\/v2\/product_tag?post=153583"}],"curies":[{"name":"wp","href":"https:\/\/api.w.org\/{rel}","templated":true}]}}