{"id":153564,"date":"2022-09-12T09:28:32","date_gmt":"2022-09-12T07:28:32","guid":{"rendered":"https:\/\/marktxxl.de\/markt\/produkt\/satch-pack-by-ergobag-2tlg-set-schulrucksack-schlamperbox-etui-blue-triangle\/"},"modified":"2023-04-11T04:35:09","modified_gmt":"2023-04-11T02:35:09","slug":"satch-pack-by-ergobag-2tlg-set-schulrucksack-schlamperbox-etui-blue-triangle","status":"publish","type":"product","link":"https:\/\/marktxxl.de\/markt\/produkt\/satch-pack-by-ergobag-2tlg-set-schulrucksack-schlamperbox-etui-blue-triangle\/","title":{"rendered":"Satch Pack by Ergobag &#8211; 2tlg. Set Schulrucksack (+SchlamperBox Etui) &#8211; Blue Triangle"},"content":{"rendered":"<p>Mit diesem satch Artikel k\u00f6nnen Sie Ihr Kind sorglos in die Schule schicken. F\u00fcr ausreichend Sicherheit sorgen die reflektierenden Fl\u00e4chen des satch Schulranzen, aber auch die Ordnung bleibt immer erhalten. Ma\u00dfe: 29 x 45 x 20 cm, Dieser satch Artikel bringt Spa\u00df im Alltag. Ob in der Schule oder auf der Arbeit, mit dem satch M\u00e4ppchen sind Sie immer gut ausgestattet! Klein und fein passt es in jede Tasche hinein. Ma\u00dfe: 22 x 6 x 10 cm<br \/>\n<div class=\"main-cross-sell\" data-asin=\"B01M9CHQPX\">\n\n\t<div class=\"WooZone-cross-sell-loader\">\n\t\t<div>\n\t\t\t<div id=\"floatingBarsG\">\n\t\t\t\t<div class=\"blockG\" id=\"rotateG_01\"><\/div>\n\t\t\t\t<div class=\"blockG\" id=\"rotateG_02\"><\/div>\n\t\t\t\t<div class=\"blockG\" id=\"rotateG_03\"><\/div>\n\t\t\t\t<div class=\"blockG\" id=\"rotateG_04\"><\/div>\n\t\t\t\t<div class=\"blockG\" id=\"rotateG_05\"><\/div>\n\t\t\t\t<div class=\"blockG\" id=\"rotateG_06\"><\/div>\n\t\t\t\t<div class=\"blockG\" id=\"rotateG_07\"><\/div>\n\t\t\t\t<div class=\"blockG\" id=\"rotateG_08\"><\/div>\n\t\t\t<\/div>\n\t\t\t<div class=\"WooZone-cross-sell-loader-text\"><\/div>\n\t\t<\/div>\n\t<\/div>\n\n\t\t\n<\/div>\n<div style=\"clear:both;\"><\/div><\/p>\n","protected":false},"excerpt":{"rendered":"<p>Mit diesem satch Artikel k\u00f6nnen Sie Ihr Kind sorglos in die Schule schicken. F\u00fcr ausreichend Sicherheit sorgen die reflektierenden Fl\u00e4chen des satch Schulranzen, aber auch die Ordnung bleibt immer erhalten. Ma\u00dfe: 29 x 45 x 20 cm, Dieser satch Artikel bringt Spa\u00df im Alltag. Ob in der Schule oder auf der Arbeit, mit dem satch M\u00e4ppchen sind Sie immer gut ausgestattet! Klein und fein passt es in jede Tasche hinein. Ma\u00dfe: 22 x 6 x 10 cm<\/p>\n","protected":false},"featured_media":153565,"comment_status":"open","ping_status":"closed","template":"","meta":[],"product_brand":[],"product_cat":[504,8631],"product_tag":[],"class_list":{"0":"post-153564","1":"product","2":"type-product","3":"status-publish","4":"has-post-thumbnail","6":"product_cat-buerobedarf-schreibwaren","7":"product_cat-schul-unibedarf","8":"pa_brand-satch","9":"pa_color-blue-triangle-schwarz-blau","10":"pa_height-17-716535415-zoll","11":"pa_length-7-87401574-zoll","12":"pa_manufacturer-satch","13":"pa_weight-2-65-pfund","14":"pa_width-11-417322823-zoll","16":"first","17":"instock","18":"shipping-taxable","19":"purchasable","20":"product-type-simple","21":"customify-col","22":"product-has-gallery"},"yoast_head":"<!-- This site is optimized with the Yoast SEO plugin v27.3 - https:\/\/yoast.com\/product\/yoast-seo-wordpress\/ -->\n<title>Satch Pack by Ergobag - 2tlg. Set Schulrucksack (+SchlamperBox Etui) - Blue Triangle - Markt-XXL<\/title>\n<meta name=\"description\" content=\"Markt-XXL Satch Pack by Ergobag - 2tlg. Set Schulrucksack (+SchlamperBox Etui) - Blue Triangle\" \/>\n<meta name=\"robots\" content=\"index, follow, max-snippet:-1, max-image-preview:large, max-video-preview:-1\" \/>\n<link rel=\"canonical\" href=\"https:\/\/marktxxl.de\/markt\/produkt\/satch-pack-by-ergobag-2tlg-set-schulrucksack-schlamperbox-etui-blue-triangle\/\" \/>\n<meta property=\"og:locale\" content=\"de_DE\" \/>\n<meta property=\"og:type\" content=\"article\" \/>\n<meta property=\"og:title\" content=\"Satch Pack by Ergobag - 2tlg. Set Schulrucksack (+SchlamperBox Etui) - Blue Triangle - Markt-XXL\" \/>\n<meta property=\"og:description\" content=\"Markt-XXL Satch Pack by Ergobag - 2tlg. Set Schulrucksack (+SchlamperBox Etui) - Blue Triangle\" \/>\n<meta property=\"og:url\" content=\"https:\/\/marktxxl.de\/markt\/produkt\/satch-pack-by-ergobag-2tlg-set-schulrucksack-schlamperbox-etui-blue-triangle\/\" \/>\n<meta property=\"og:site_name\" content=\"Markt-XXL\" \/>\n<meta property=\"article:modified_time\" content=\"2023-04-11T02:35:09+00:00\" \/>\n<meta property=\"og:image\" content=\"https:\/\/m.media-amazon.com\/images\/I\/414sprW8qEL._SL500_.jpg\" \/>\n\t<meta property=\"og:image:width\" content=\"500\" \/>\n\t<meta property=\"og:image:height\" content=\"500\" \/>\n\t<meta property=\"og:image:type\" content=\"image\/jpeg\" \/>\n<meta name=\"twitter:card\" content=\"summary_large_image\" \/>\n<script type=\"application\/ld+json\" class=\"yoast-schema-graph\">{\"@context\":\"https:\\\/\\\/schema.org\",\"@graph\":[{\"@type\":\"WebPage\",\"@id\":\"https:\\\/\\\/marktxxl.de\\\/markt\\\/produkt\\\/satch-pack-by-ergobag-2tlg-set-schulrucksack-schlamperbox-etui-blue-triangle\\\/\",\"url\":\"https:\\\/\\\/marktxxl.de\\\/markt\\\/produkt\\\/satch-pack-by-ergobag-2tlg-set-schulrucksack-schlamperbox-etui-blue-triangle\\\/\",\"name\":\"Satch Pack by Ergobag - 2tlg. Set Schulrucksack (+SchlamperBox Etui) - Blue Triangle - Markt-XXL\",\"isPartOf\":{\"@id\":\"https:\\\/\\\/marktxxl.de\\\/markt\\\/#website\"},\"primaryImageOfPage\":{\"@id\":\"https:\\\/\\\/marktxxl.de\\\/markt\\\/produkt\\\/satch-pack-by-ergobag-2tlg-set-schulrucksack-schlamperbox-etui-blue-triangle\\\/#primaryimage\"},\"image\":{\"@id\":\"https:\\\/\\\/marktxxl.de\\\/markt\\\/produkt\\\/satch-pack-by-ergobag-2tlg-set-schulrucksack-schlamperbox-etui-blue-triangle\\\/#primaryimage\"},\"thumbnailUrl\":\"https:\\\/\\\/m.media-amazon.com\\\/images\\\/I\\\/414sprW8qEL._SL500_.jpg\",\"datePublished\":\"2022-09-12T07:28:32+00:00\",\"dateModified\":\"2023-04-11T02:35:09+00:00\",\"description\":\"Markt-XXL Satch Pack by Ergobag - 2tlg. Set Schulrucksack (+SchlamperBox Etui) - Blue Triangle\",\"breadcrumb\":{\"@id\":\"https:\\\/\\\/marktxxl.de\\\/markt\\\/produkt\\\/satch-pack-by-ergobag-2tlg-set-schulrucksack-schlamperbox-etui-blue-triangle\\\/#breadcrumb\"},\"inLanguage\":\"de\",\"potentialAction\":[{\"@type\":\"ReadAction\",\"target\":[\"https:\\\/\\\/marktxxl.de\\\/markt\\\/produkt\\\/satch-pack-by-ergobag-2tlg-set-schulrucksack-schlamperbox-etui-blue-triangle\\\/\"]}]},{\"@type\":\"ImageObject\",\"inLanguage\":\"de\",\"@id\":\"https:\\\/\\\/marktxxl.de\\\/markt\\\/produkt\\\/satch-pack-by-ergobag-2tlg-set-schulrucksack-schlamperbox-etui-blue-triangle\\\/#primaryimage\",\"url\":\"https:\\\/\\\/m.media-amazon.com\\\/images\\\/I\\\/414sprW8qEL._SL500_.jpg\",\"contentUrl\":\"https:\\\/\\\/m.media-amazon.com\\\/images\\\/I\\\/414sprW8qEL._SL500_.jpg\",\"width\":500,\"height\":500},{\"@type\":\"BreadcrumbList\",\"@id\":\"https:\\\/\\\/marktxxl.de\\\/markt\\\/produkt\\\/satch-pack-by-ergobag-2tlg-set-schulrucksack-schlamperbox-etui-blue-triangle\\\/#breadcrumb\",\"itemListElement\":[{\"@type\":\"ListItem\",\"position\":1,\"name\":\"Startseite\",\"item\":\"https:\\\/\\\/marktxxl.de\\\/markt\\\/\"},{\"@type\":\"ListItem\",\"position\":2,\"name\":\"Markt\",\"item\":\"https:\\\/\\\/marktxxl.de\\\/markt\\\/\"},{\"@type\":\"ListItem\",\"position\":3,\"name\":\"Satch Pack by Ergobag &#8211; 2tlg. Set Schulrucksack (+SchlamperBox Etui) &#8211; Blue Triangle\"}]},{\"@type\":\"WebSite\",\"@id\":\"https:\\\/\\\/marktxxl.de\\\/markt\\\/#website\",\"url\":\"https:\\\/\\\/marktxxl.de\\\/markt\\\/\",\"name\":\"Markt-XXL\",\"description\":\"Ihr Markt Online\",\"publisher\":{\"@id\":\"https:\\\/\\\/marktxxl.de\\\/markt\\\/#organization\"},\"potentialAction\":[{\"@type\":\"SearchAction\",\"target\":{\"@type\":\"EntryPoint\",\"urlTemplate\":\"https:\\\/\\\/marktxxl.de\\\/markt\\\/?s={search_term_string}\"},\"query-input\":{\"@type\":\"PropertyValueSpecification\",\"valueRequired\":true,\"valueName\":\"search_term_string\"}}],\"inLanguage\":\"de\"},{\"@type\":\"Organization\",\"@id\":\"https:\\\/\\\/marktxxl.de\\\/markt\\\/#organization\",\"name\":\"Markt-XXL\",\"url\":\"https:\\\/\\\/marktxxl.de\\\/markt\\\/\",\"logo\":{\"@type\":\"ImageObject\",\"inLanguage\":\"de\",\"@id\":\"https:\\\/\\\/marktxxl.de\\\/markt\\\/#\\\/schema\\\/logo\\\/image\\\/\",\"url\":\"https:\\\/\\\/marktxxl.de\\\/markt\\\/wp-content\\\/uploads\\\/sites\\\/3\\\/2020\\\/12\\\/logo.png\",\"contentUrl\":\"https:\\\/\\\/marktxxl.de\\\/markt\\\/wp-content\\\/uploads\\\/sites\\\/3\\\/2020\\\/12\\\/logo.png\",\"width\":200,\"height\":70,\"caption\":\"Markt-XXL\"},\"image\":{\"@id\":\"https:\\\/\\\/marktxxl.de\\\/markt\\\/#\\\/schema\\\/logo\\\/image\\\/\"}}]}<\/script>\n<!-- \/ Yoast SEO plugin. -->","yoast_head_json":{"title":"Satch Pack by Ergobag - 2tlg. Set Schulrucksack (+SchlamperBox Etui) - Blue Triangle - Markt-XXL","description":"Markt-XXL Satch Pack by Ergobag - 2tlg. Set Schulrucksack (+SchlamperBox Etui) - Blue Triangle","robots":{"index":"index","follow":"follow","max-snippet":"max-snippet:-1","max-image-preview":"max-image-preview:large","max-video-preview":"max-video-preview:-1"},"canonical":"https:\/\/marktxxl.de\/markt\/produkt\/satch-pack-by-ergobag-2tlg-set-schulrucksack-schlamperbox-etui-blue-triangle\/","og_locale":"de_DE","og_type":"article","og_title":"Satch Pack by Ergobag - 2tlg. Set Schulrucksack (+SchlamperBox Etui) - Blue Triangle - Markt-XXL","og_description":"Markt-XXL Satch Pack by Ergobag - 2tlg. Set Schulrucksack (+SchlamperBox Etui) - Blue Triangle","og_url":"https:\/\/marktxxl.de\/markt\/produkt\/satch-pack-by-ergobag-2tlg-set-schulrucksack-schlamperbox-etui-blue-triangle\/","og_site_name":"Markt-XXL","article_modified_time":"2023-04-11T02:35:09+00:00","og_image":[{"width":500,"height":500,"url":"https:\/\/m.media-amazon.com\/images\/I\/414sprW8qEL._SL500_.jpg","type":"image\/jpeg"}],"twitter_card":"summary_large_image","schema":{"@context":"https:\/\/schema.org","@graph":[{"@type":"WebPage","@id":"https:\/\/marktxxl.de\/markt\/produkt\/satch-pack-by-ergobag-2tlg-set-schulrucksack-schlamperbox-etui-blue-triangle\/","url":"https:\/\/marktxxl.de\/markt\/produkt\/satch-pack-by-ergobag-2tlg-set-schulrucksack-schlamperbox-etui-blue-triangle\/","name":"Satch Pack by Ergobag - 2tlg. Set Schulrucksack (+SchlamperBox Etui) - Blue Triangle - Markt-XXL","isPartOf":{"@id":"https:\/\/marktxxl.de\/markt\/#website"},"primaryImageOfPage":{"@id":"https:\/\/marktxxl.de\/markt\/produkt\/satch-pack-by-ergobag-2tlg-set-schulrucksack-schlamperbox-etui-blue-triangle\/#primaryimage"},"image":{"@id":"https:\/\/marktxxl.de\/markt\/produkt\/satch-pack-by-ergobag-2tlg-set-schulrucksack-schlamperbox-etui-blue-triangle\/#primaryimage"},"thumbnailUrl":"https:\/\/m.media-amazon.com\/images\/I\/414sprW8qEL._SL500_.jpg","datePublished":"2022-09-12T07:28:32+00:00","dateModified":"2023-04-11T02:35:09+00:00","description":"Markt-XXL Satch Pack by Ergobag - 2tlg. Set Schulrucksack (+SchlamperBox Etui) - Blue Triangle","breadcrumb":{"@id":"https:\/\/marktxxl.de\/markt\/produkt\/satch-pack-by-ergobag-2tlg-set-schulrucksack-schlamperbox-etui-blue-triangle\/#breadcrumb"},"inLanguage":"de","potentialAction":[{"@type":"ReadAction","target":["https:\/\/marktxxl.de\/markt\/produkt\/satch-pack-by-ergobag-2tlg-set-schulrucksack-schlamperbox-etui-blue-triangle\/"]}]},{"@type":"ImageObject","inLanguage":"de","@id":"https:\/\/marktxxl.de\/markt\/produkt\/satch-pack-by-ergobag-2tlg-set-schulrucksack-schlamperbox-etui-blue-triangle\/#primaryimage","url":"https:\/\/m.media-amazon.com\/images\/I\/414sprW8qEL._SL500_.jpg","contentUrl":"https:\/\/m.media-amazon.com\/images\/I\/414sprW8qEL._SL500_.jpg","width":500,"height":500},{"@type":"BreadcrumbList","@id":"https:\/\/marktxxl.de\/markt\/produkt\/satch-pack-by-ergobag-2tlg-set-schulrucksack-schlamperbox-etui-blue-triangle\/#breadcrumb","itemListElement":[{"@type":"ListItem","position":1,"name":"Startseite","item":"https:\/\/marktxxl.de\/markt\/"},{"@type":"ListItem","position":2,"name":"Markt","item":"https:\/\/marktxxl.de\/markt\/"},{"@type":"ListItem","position":3,"name":"Satch Pack by Ergobag &#8211; 2tlg. Set Schulrucksack (+SchlamperBox Etui) &#8211; Blue Triangle"}]},{"@type":"WebSite","@id":"https:\/\/marktxxl.de\/markt\/#website","url":"https:\/\/marktxxl.de\/markt\/","name":"Markt-XXL","description":"Ihr Markt Online","publisher":{"@id":"https:\/\/marktxxl.de\/markt\/#organization"},"potentialAction":[{"@type":"SearchAction","target":{"@type":"EntryPoint","urlTemplate":"https:\/\/marktxxl.de\/markt\/?s={search_term_string}"},"query-input":{"@type":"PropertyValueSpecification","valueRequired":true,"valueName":"search_term_string"}}],"inLanguage":"de"},{"@type":"Organization","@id":"https:\/\/marktxxl.de\/markt\/#organization","name":"Markt-XXL","url":"https:\/\/marktxxl.de\/markt\/","logo":{"@type":"ImageObject","inLanguage":"de","@id":"https:\/\/marktxxl.de\/markt\/#\/schema\/logo\/image\/","url":"https:\/\/marktxxl.de\/markt\/wp-content\/uploads\/sites\/3\/2020\/12\/logo.png","contentUrl":"https:\/\/marktxxl.de\/markt\/wp-content\/uploads\/sites\/3\/2020\/12\/logo.png","width":200,"height":70,"caption":"Markt-XXL"},"image":{"@id":"https:\/\/marktxxl.de\/markt\/#\/schema\/logo\/image\/"}}]}},"_links":{"self":[{"href":"https:\/\/marktxxl.de\/markt\/wp-json\/wp\/v2\/product\/153564","targetHints":{"allow":["GET"]}}],"collection":[{"href":"https:\/\/marktxxl.de\/markt\/wp-json\/wp\/v2\/product"}],"about":[{"href":"https:\/\/marktxxl.de\/markt\/wp-json\/wp\/v2\/types\/product"}],"replies":[{"embeddable":true,"href":"https:\/\/marktxxl.de\/markt\/wp-json\/wp\/v2\/comments?post=153564"}],"wp:featuredmedia":[{"embeddable":true,"href":"https:\/\/marktxxl.de\/markt\/wp-json\/wp\/v2\/media\/153565"}],"wp:attachment":[{"href":"https:\/\/marktxxl.de\/markt\/wp-json\/wp\/v2\/media?parent=153564"}],"wp:term":[{"taxonomy":"product_brand","embeddable":true,"href":"https:\/\/marktxxl.de\/markt\/wp-json\/wp\/v2\/product_brand?post=153564"},{"taxonomy":"product_cat","embeddable":true,"href":"https:\/\/marktxxl.de\/markt\/wp-json\/wp\/v2\/product_cat?post=153564"},{"taxonomy":"product_tag","embeddable":true,"href":"https:\/\/marktxxl.de\/markt\/wp-json\/wp\/v2\/product_tag?post=153564"}],"curies":[{"name":"wp","href":"https:\/\/api.w.org\/{rel}","templated":true}]}}