{"id":153322,"date":"2022-09-12T08:59:07","date_gmt":"2022-09-12T06:59:07","guid":{"rendered":"https:\/\/marktxxl.de\/markt\/produkt\/kalender-2023-a5-rosenblatt-lebenskompass-schoener-wochenkalender-terminplaner-2023-hardcover-taschenkalender-2023-buchkalender-a5-viele-extras-1-woche-2-seiten\/"},"modified":"2023-04-10T04:40:37","modified_gmt":"2023-04-10T02:40:37","slug":"kalender-2023-a5-rosenblatt-lebenskompass-schoener-wochenkalender-terminplaner-2023-hardcover-taschenkalender-2023-buchkalender-a5-viele-extras-1-woche-2-seiten","status":"publish","type":"product","link":"https:\/\/marktxxl.de\/markt\/produkt\/kalender-2023-a5-rosenblatt-lebenskompass-schoener-wochenkalender-terminplaner-2023-hardcover-taschenkalender-2023-buchkalender-a5-viele-extras-1-woche-2-seiten\/","title":{"rendered":"Kalender 2023 Buchkalender A5 &#8220;ROSENBLATT&#8221; Lebenskompass\u00ae &#8211; Sch\u00f6ner Wochenkalender &amp; Terminplaner 2023 &#8211; Hardcover Taschenkalender 2023 &#8211; Buchkalender A5 + Viele Extras"},"content":{"rendered":"<p>KALENDER 2023: Von Januar 2023 bis Dezember 2023 &#8211; Kompaktes Format, perfekt f\u00fcr unterwegs und f\u00fcr die t\u00e4gliche Nutzung.<br \/>\n12 MONATE WOCHEN- &amp; MONATSPLANER: Der neue Lebenskompass Buchkalender 2023 bietet genug Platz f\u00fcr Wochenplanung auf 2 Seiten sowie Monatsplanungen.<br \/>\nPUNKTRASTER PLANUNG: Der Planer 2023 kommt mit einer Wochen\u00fcbersicht im Dot-Grid \/ Punktraster Stil f\u00fcr maximale Freiheiten &amp; Kreativit\u00e4t.<br \/>\nPREMIUM QUALIT\u00c4T: Der DIN A5 Wochenkalender 2023 kommt mit einem stabilen Hardcover, mit einem gl\u00e4nzenden Aufdruck, 2 Leseb\u00e4ndchen und hochwertigem FSC-zertifizierten Papier.<br \/>\nMARKENWARE: Lebenskompass wurde 2019 mit dem Ziel gegr\u00fcndet, Menschen auf ihrem Weg zu mehr Achtsamkeit, Struktur und Erf\u00fcllung im Leben zu helfen.<br \/>\n<div class=\"main-cross-sell\" data-asin=\"B07XLCSYGK\">\n\n\t<div class=\"WooZone-cross-sell-loader\">\n\t\t<div>\n\t\t\t<div id=\"floatingBarsG\">\n\t\t\t\t<div class=\"blockG\" id=\"rotateG_01\"><\/div>\n\t\t\t\t<div class=\"blockG\" id=\"rotateG_02\"><\/div>\n\t\t\t\t<div class=\"blockG\" id=\"rotateG_03\"><\/div>\n\t\t\t\t<div class=\"blockG\" id=\"rotateG_04\"><\/div>\n\t\t\t\t<div class=\"blockG\" id=\"rotateG_05\"><\/div>\n\t\t\t\t<div class=\"blockG\" id=\"rotateG_06\"><\/div>\n\t\t\t\t<div class=\"blockG\" id=\"rotateG_07\"><\/div>\n\t\t\t\t<div class=\"blockG\" id=\"rotateG_08\"><\/div>\n\t\t\t<\/div>\n\t\t\t<div class=\"WooZone-cross-sell-loader-text\"><\/div>\n\t\t<\/div>\n\t<\/div>\n\n\t\t\n<\/div>\n<div style=\"clear:both;\"><\/div><\/p>\n","protected":false},"excerpt":{"rendered":"<p>KALENDER 2023: Von Januar 2023 bis Dezember 2023 &#8211; Kompaktes Format, perfekt f\u00fcr unterwegs und f\u00fcr die t\u00e4gliche Nutzung.<br \/>\n12 MONATE WOCHEN- &amp; MONATSPLANER: Der neue Lebenskompass Buchkalender 2023 bietet genug Platz f\u00fcr Wochenplanung auf 2 Seiten sowie Monatsplanungen.<br \/>\nPUNKTRASTER PLANUNG: Der Planer 2023 kommt mit einer Wochen\u00fcbersicht im Dot-Grid \/ Punktraster Stil f\u00fcr maximale Freiheiten &amp; Kreativit\u00e4t.<\/p>\n","protected":false},"featured_media":153323,"comment_status":"open","ping_status":"closed","template":"","meta":[],"product_brand":[],"product_cat":[504,8381],"product_tag":[],"class_list":{"0":"post-153322","1":"product","2":"type-product","3":"status-publish","4":"has-post-thumbnail","6":"product_cat-buerobedarf-schreibwaren","7":"product_cat-kalender-planer-und-organizer","8":"pa_binding-buerobedarf-schreibwaren","9":"pa_brand-lebenskompass","10":"pa_manufacturer-lebenskompass","12":"first","13":"instock","14":"shipping-taxable","15":"purchasable","16":"product-type-simple","17":"customify-col","18":"product-has-gallery"},"yoast_head":"<!-- This site is optimized with the Yoast SEO plugin v27.4 - https:\/\/yoast.com\/product\/yoast-seo-wordpress\/ -->\n<title>Kalender 2023 Buchkalender A5 &quot;ROSENBLATT&quot; Lebenskompass\u00ae - Sch\u00f6ner Wochenkalender &amp; Terminplaner 2023 - Hardcover Taschenkalender 2023 - Buchkalender A5 + Viele Extras - Markt-XXL<\/title>\n<meta name=\"description\" content=\"Markt-XXL Kalender 2023 Buchkalender A5 &quot;ROSENBLATT&quot; Lebenskompass\u00ae - Sch\u00f6ner Wochenkalender &amp; Terminplaner 2023 - Hardcover Taschenkalender 2023 - Buchkalender A5 + Viele Extras\" \/>\n<meta name=\"robots\" content=\"index, follow, max-snippet:-1, max-image-preview:large, max-video-preview:-1\" \/>\n<link rel=\"canonical\" href=\"https:\/\/marktxxl.de\/markt\/produkt\/kalender-2023-a5-rosenblatt-lebenskompass-schoener-wochenkalender-terminplaner-2023-hardcover-taschenkalender-2023-buchkalender-a5-viele-extras-1-woche-2-seiten\/\" \/>\n<meta property=\"og:locale\" content=\"de_DE\" \/>\n<meta property=\"og:type\" content=\"article\" \/>\n<meta property=\"og:title\" content=\"Kalender 2023 Buchkalender A5 &quot;ROSENBLATT&quot; Lebenskompass\u00ae - Sch\u00f6ner Wochenkalender &amp; Terminplaner 2023 - Hardcover Taschenkalender 2023 - Buchkalender A5 + Viele Extras - Markt-XXL\" \/>\n<meta property=\"og:description\" content=\"Markt-XXL Kalender 2023 Buchkalender A5 &quot;ROSENBLATT&quot; Lebenskompass\u00ae - Sch\u00f6ner Wochenkalender &amp; Terminplaner 2023 - Hardcover Taschenkalender 2023 - Buchkalender A5 + Viele Extras\" \/>\n<meta property=\"og:url\" content=\"https:\/\/marktxxl.de\/markt\/produkt\/kalender-2023-a5-rosenblatt-lebenskompass-schoener-wochenkalender-terminplaner-2023-hardcover-taschenkalender-2023-buchkalender-a5-viele-extras-1-woche-2-seiten\/\" \/>\n<meta property=\"og:site_name\" content=\"Markt-XXL\" \/>\n<meta property=\"article:modified_time\" content=\"2023-04-10T02:40:37+00:00\" \/>\n<meta property=\"og:image\" content=\"https:\/\/m.media-amazon.com\/images\/I\/41Gx4Wyx-WL._SL500_.jpg\" \/>\n\t<meta property=\"og:image:width\" content=\"500\" \/>\n\t<meta property=\"og:image:height\" content=\"500\" \/>\n\t<meta property=\"og:image:type\" content=\"image\/jpeg\" \/>\n<meta name=\"twitter:card\" content=\"summary_large_image\" \/>\n<meta name=\"twitter:label1\" content=\"Gesch\u00e4tzte Lesezeit\" \/>\n\t<meta name=\"twitter:data1\" content=\"1\u00a0Minute\" \/>\n<script type=\"application\/ld+json\" class=\"yoast-schema-graph\">{\"@context\":\"https:\\\/\\\/schema.org\",\"@graph\":[{\"@type\":\"WebPage\",\"@id\":\"https:\\\/\\\/marktxxl.de\\\/markt\\\/produkt\\\/kalender-2023-a5-rosenblatt-lebenskompass-schoener-wochenkalender-terminplaner-2023-hardcover-taschenkalender-2023-buchkalender-a5-viele-extras-1-woche-2-seiten\\\/\",\"url\":\"https:\\\/\\\/marktxxl.de\\\/markt\\\/produkt\\\/kalender-2023-a5-rosenblatt-lebenskompass-schoener-wochenkalender-terminplaner-2023-hardcover-taschenkalender-2023-buchkalender-a5-viele-extras-1-woche-2-seiten\\\/\",\"name\":\"Kalender 2023 Buchkalender A5 \\\"ROSENBLATT\\\" Lebenskompass\u00ae - Sch\u00f6ner Wochenkalender &amp; Terminplaner 2023 - Hardcover Taschenkalender 2023 - Buchkalender A5 + Viele Extras - Markt-XXL\",\"isPartOf\":{\"@id\":\"https:\\\/\\\/marktxxl.de\\\/markt\\\/#website\"},\"primaryImageOfPage\":{\"@id\":\"https:\\\/\\\/marktxxl.de\\\/markt\\\/produkt\\\/kalender-2023-a5-rosenblatt-lebenskompass-schoener-wochenkalender-terminplaner-2023-hardcover-taschenkalender-2023-buchkalender-a5-viele-extras-1-woche-2-seiten\\\/#primaryimage\"},\"image\":{\"@id\":\"https:\\\/\\\/marktxxl.de\\\/markt\\\/produkt\\\/kalender-2023-a5-rosenblatt-lebenskompass-schoener-wochenkalender-terminplaner-2023-hardcover-taschenkalender-2023-buchkalender-a5-viele-extras-1-woche-2-seiten\\\/#primaryimage\"},\"thumbnailUrl\":\"https:\\\/\\\/m.media-amazon.com\\\/images\\\/I\\\/41Gx4Wyx-WL._SL500_.jpg\",\"datePublished\":\"2022-09-12T06:59:07+00:00\",\"dateModified\":\"2023-04-10T02:40:37+00:00\",\"description\":\"Markt-XXL Kalender 2023 Buchkalender A5 \\\"ROSENBLATT\\\" Lebenskompass\u00ae - Sch\u00f6ner Wochenkalender &amp; Terminplaner 2023 - Hardcover Taschenkalender 2023 - Buchkalender A5 + Viele Extras\",\"breadcrumb\":{\"@id\":\"https:\\\/\\\/marktxxl.de\\\/markt\\\/produkt\\\/kalender-2023-a5-rosenblatt-lebenskompass-schoener-wochenkalender-terminplaner-2023-hardcover-taschenkalender-2023-buchkalender-a5-viele-extras-1-woche-2-seiten\\\/#breadcrumb\"},\"inLanguage\":\"de\",\"potentialAction\":[{\"@type\":\"ReadAction\",\"target\":[\"https:\\\/\\\/marktxxl.de\\\/markt\\\/produkt\\\/kalender-2023-a5-rosenblatt-lebenskompass-schoener-wochenkalender-terminplaner-2023-hardcover-taschenkalender-2023-buchkalender-a5-viele-extras-1-woche-2-seiten\\\/\"]}]},{\"@type\":\"ImageObject\",\"inLanguage\":\"de\",\"@id\":\"https:\\\/\\\/marktxxl.de\\\/markt\\\/produkt\\\/kalender-2023-a5-rosenblatt-lebenskompass-schoener-wochenkalender-terminplaner-2023-hardcover-taschenkalender-2023-buchkalender-a5-viele-extras-1-woche-2-seiten\\\/#primaryimage\",\"url\":\"https:\\\/\\\/m.media-amazon.com\\\/images\\\/I\\\/41Gx4Wyx-WL._SL500_.jpg\",\"contentUrl\":\"https:\\\/\\\/m.media-amazon.com\\\/images\\\/I\\\/41Gx4Wyx-WL._SL500_.jpg\",\"width\":500,\"height\":500},{\"@type\":\"BreadcrumbList\",\"@id\":\"https:\\\/\\\/marktxxl.de\\\/markt\\\/produkt\\\/kalender-2023-a5-rosenblatt-lebenskompass-schoener-wochenkalender-terminplaner-2023-hardcover-taschenkalender-2023-buchkalender-a5-viele-extras-1-woche-2-seiten\\\/#breadcrumb\",\"itemListElement\":[{\"@type\":\"ListItem\",\"position\":1,\"name\":\"Startseite\",\"item\":\"https:\\\/\\\/marktxxl.de\\\/markt\\\/\"},{\"@type\":\"ListItem\",\"position\":2,\"name\":\"Markt\",\"item\":\"https:\\\/\\\/marktxxl.de\\\/markt\\\/\"},{\"@type\":\"ListItem\",\"position\":3,\"name\":\"Kalender 2023 Buchkalender A5 &#8220;ROSENBLATT&#8221; Lebenskompass\u00ae &#8211; Sch\u00f6ner Wochenkalender &amp; Terminplaner 2023 &#8211; Hardcover Taschenkalender 2023 &#8211; Buchkalender A5 + Viele Extras\"}]},{\"@type\":\"WebSite\",\"@id\":\"https:\\\/\\\/marktxxl.de\\\/markt\\\/#website\",\"url\":\"https:\\\/\\\/marktxxl.de\\\/markt\\\/\",\"name\":\"Markt-XXL\",\"description\":\"Ihr Markt Online\",\"publisher\":{\"@id\":\"https:\\\/\\\/marktxxl.de\\\/markt\\\/#organization\"},\"potentialAction\":[{\"@type\":\"SearchAction\",\"target\":{\"@type\":\"EntryPoint\",\"urlTemplate\":\"https:\\\/\\\/marktxxl.de\\\/markt\\\/?s={search_term_string}\"},\"query-input\":{\"@type\":\"PropertyValueSpecification\",\"valueRequired\":true,\"valueName\":\"search_term_string\"}}],\"inLanguage\":\"de\"},{\"@type\":\"Organization\",\"@id\":\"https:\\\/\\\/marktxxl.de\\\/markt\\\/#organization\",\"name\":\"Markt-XXL\",\"url\":\"https:\\\/\\\/marktxxl.de\\\/markt\\\/\",\"logo\":{\"@type\":\"ImageObject\",\"inLanguage\":\"de\",\"@id\":\"https:\\\/\\\/marktxxl.de\\\/markt\\\/#\\\/schema\\\/logo\\\/image\\\/\",\"url\":\"https:\\\/\\\/marktxxl.de\\\/markt\\\/wp-content\\\/uploads\\\/sites\\\/3\\\/2020\\\/12\\\/logo.png\",\"contentUrl\":\"https:\\\/\\\/marktxxl.de\\\/markt\\\/wp-content\\\/uploads\\\/sites\\\/3\\\/2020\\\/12\\\/logo.png\",\"width\":200,\"height\":70,\"caption\":\"Markt-XXL\"},\"image\":{\"@id\":\"https:\\\/\\\/marktxxl.de\\\/markt\\\/#\\\/schema\\\/logo\\\/image\\\/\"}}]}<\/script>\n<!-- \/ Yoast SEO plugin. -->","yoast_head_json":{"title":"Kalender 2023 Buchkalender A5 \"ROSENBLATT\" Lebenskompass\u00ae - Sch\u00f6ner Wochenkalender &amp; Terminplaner 2023 - Hardcover Taschenkalender 2023 - Buchkalender A5 + Viele Extras - Markt-XXL","description":"Markt-XXL Kalender 2023 Buchkalender A5 \"ROSENBLATT\" Lebenskompass\u00ae - Sch\u00f6ner Wochenkalender &amp; Terminplaner 2023 - Hardcover Taschenkalender 2023 - Buchkalender A5 + Viele Extras","robots":{"index":"index","follow":"follow","max-snippet":"max-snippet:-1","max-image-preview":"max-image-preview:large","max-video-preview":"max-video-preview:-1"},"canonical":"https:\/\/marktxxl.de\/markt\/produkt\/kalender-2023-a5-rosenblatt-lebenskompass-schoener-wochenkalender-terminplaner-2023-hardcover-taschenkalender-2023-buchkalender-a5-viele-extras-1-woche-2-seiten\/","og_locale":"de_DE","og_type":"article","og_title":"Kalender 2023 Buchkalender A5 \"ROSENBLATT\" Lebenskompass\u00ae - Sch\u00f6ner Wochenkalender &amp; Terminplaner 2023 - Hardcover Taschenkalender 2023 - Buchkalender A5 + Viele Extras - Markt-XXL","og_description":"Markt-XXL Kalender 2023 Buchkalender A5 \"ROSENBLATT\" Lebenskompass\u00ae - Sch\u00f6ner Wochenkalender &amp; Terminplaner 2023 - Hardcover Taschenkalender 2023 - Buchkalender A5 + Viele Extras","og_url":"https:\/\/marktxxl.de\/markt\/produkt\/kalender-2023-a5-rosenblatt-lebenskompass-schoener-wochenkalender-terminplaner-2023-hardcover-taschenkalender-2023-buchkalender-a5-viele-extras-1-woche-2-seiten\/","og_site_name":"Markt-XXL","article_modified_time":"2023-04-10T02:40:37+00:00","og_image":[{"width":500,"height":500,"url":"https:\/\/m.media-amazon.com\/images\/I\/41Gx4Wyx-WL._SL500_.jpg","type":"image\/jpeg"}],"twitter_card":"summary_large_image","twitter_misc":{"Gesch\u00e4tzte Lesezeit":"1\u00a0Minute"},"schema":{"@context":"https:\/\/schema.org","@graph":[{"@type":"WebPage","@id":"https:\/\/marktxxl.de\/markt\/produkt\/kalender-2023-a5-rosenblatt-lebenskompass-schoener-wochenkalender-terminplaner-2023-hardcover-taschenkalender-2023-buchkalender-a5-viele-extras-1-woche-2-seiten\/","url":"https:\/\/marktxxl.de\/markt\/produkt\/kalender-2023-a5-rosenblatt-lebenskompass-schoener-wochenkalender-terminplaner-2023-hardcover-taschenkalender-2023-buchkalender-a5-viele-extras-1-woche-2-seiten\/","name":"Kalender 2023 Buchkalender A5 \"ROSENBLATT\" Lebenskompass\u00ae - Sch\u00f6ner Wochenkalender &amp; Terminplaner 2023 - Hardcover Taschenkalender 2023 - Buchkalender A5 + Viele Extras - Markt-XXL","isPartOf":{"@id":"https:\/\/marktxxl.de\/markt\/#website"},"primaryImageOfPage":{"@id":"https:\/\/marktxxl.de\/markt\/produkt\/kalender-2023-a5-rosenblatt-lebenskompass-schoener-wochenkalender-terminplaner-2023-hardcover-taschenkalender-2023-buchkalender-a5-viele-extras-1-woche-2-seiten\/#primaryimage"},"image":{"@id":"https:\/\/marktxxl.de\/markt\/produkt\/kalender-2023-a5-rosenblatt-lebenskompass-schoener-wochenkalender-terminplaner-2023-hardcover-taschenkalender-2023-buchkalender-a5-viele-extras-1-woche-2-seiten\/#primaryimage"},"thumbnailUrl":"https:\/\/m.media-amazon.com\/images\/I\/41Gx4Wyx-WL._SL500_.jpg","datePublished":"2022-09-12T06:59:07+00:00","dateModified":"2023-04-10T02:40:37+00:00","description":"Markt-XXL Kalender 2023 Buchkalender A5 \"ROSENBLATT\" Lebenskompass\u00ae - Sch\u00f6ner Wochenkalender &amp; Terminplaner 2023 - Hardcover Taschenkalender 2023 - Buchkalender A5 + Viele Extras","breadcrumb":{"@id":"https:\/\/marktxxl.de\/markt\/produkt\/kalender-2023-a5-rosenblatt-lebenskompass-schoener-wochenkalender-terminplaner-2023-hardcover-taschenkalender-2023-buchkalender-a5-viele-extras-1-woche-2-seiten\/#breadcrumb"},"inLanguage":"de","potentialAction":[{"@type":"ReadAction","target":["https:\/\/marktxxl.de\/markt\/produkt\/kalender-2023-a5-rosenblatt-lebenskompass-schoener-wochenkalender-terminplaner-2023-hardcover-taschenkalender-2023-buchkalender-a5-viele-extras-1-woche-2-seiten\/"]}]},{"@type":"ImageObject","inLanguage":"de","@id":"https:\/\/marktxxl.de\/markt\/produkt\/kalender-2023-a5-rosenblatt-lebenskompass-schoener-wochenkalender-terminplaner-2023-hardcover-taschenkalender-2023-buchkalender-a5-viele-extras-1-woche-2-seiten\/#primaryimage","url":"https:\/\/m.media-amazon.com\/images\/I\/41Gx4Wyx-WL._SL500_.jpg","contentUrl":"https:\/\/m.media-amazon.com\/images\/I\/41Gx4Wyx-WL._SL500_.jpg","width":500,"height":500},{"@type":"BreadcrumbList","@id":"https:\/\/marktxxl.de\/markt\/produkt\/kalender-2023-a5-rosenblatt-lebenskompass-schoener-wochenkalender-terminplaner-2023-hardcover-taschenkalender-2023-buchkalender-a5-viele-extras-1-woche-2-seiten\/#breadcrumb","itemListElement":[{"@type":"ListItem","position":1,"name":"Startseite","item":"https:\/\/marktxxl.de\/markt\/"},{"@type":"ListItem","position":2,"name":"Markt","item":"https:\/\/marktxxl.de\/markt\/"},{"@type":"ListItem","position":3,"name":"Kalender 2023 Buchkalender A5 &#8220;ROSENBLATT&#8221; Lebenskompass\u00ae &#8211; Sch\u00f6ner Wochenkalender &amp; Terminplaner 2023 &#8211; Hardcover Taschenkalender 2023 &#8211; Buchkalender A5 + Viele Extras"}]},{"@type":"WebSite","@id":"https:\/\/marktxxl.de\/markt\/#website","url":"https:\/\/marktxxl.de\/markt\/","name":"Markt-XXL","description":"Ihr Markt Online","publisher":{"@id":"https:\/\/marktxxl.de\/markt\/#organization"},"potentialAction":[{"@type":"SearchAction","target":{"@type":"EntryPoint","urlTemplate":"https:\/\/marktxxl.de\/markt\/?s={search_term_string}"},"query-input":{"@type":"PropertyValueSpecification","valueRequired":true,"valueName":"search_term_string"}}],"inLanguage":"de"},{"@type":"Organization","@id":"https:\/\/marktxxl.de\/markt\/#organization","name":"Markt-XXL","url":"https:\/\/marktxxl.de\/markt\/","logo":{"@type":"ImageObject","inLanguage":"de","@id":"https:\/\/marktxxl.de\/markt\/#\/schema\/logo\/image\/","url":"https:\/\/marktxxl.de\/markt\/wp-content\/uploads\/sites\/3\/2020\/12\/logo.png","contentUrl":"https:\/\/marktxxl.de\/markt\/wp-content\/uploads\/sites\/3\/2020\/12\/logo.png","width":200,"height":70,"caption":"Markt-XXL"},"image":{"@id":"https:\/\/marktxxl.de\/markt\/#\/schema\/logo\/image\/"}}]}},"_links":{"self":[{"href":"https:\/\/marktxxl.de\/markt\/wp-json\/wp\/v2\/product\/153322","targetHints":{"allow":["GET"]}}],"collection":[{"href":"https:\/\/marktxxl.de\/markt\/wp-json\/wp\/v2\/product"}],"about":[{"href":"https:\/\/marktxxl.de\/markt\/wp-json\/wp\/v2\/types\/product"}],"replies":[{"embeddable":true,"href":"https:\/\/marktxxl.de\/markt\/wp-json\/wp\/v2\/comments?post=153322"}],"wp:featuredmedia":[{"embeddable":true,"href":"https:\/\/marktxxl.de\/markt\/wp-json\/wp\/v2\/media\/153323"}],"wp:attachment":[{"href":"https:\/\/marktxxl.de\/markt\/wp-json\/wp\/v2\/media?parent=153322"}],"wp:term":[{"taxonomy":"product_brand","embeddable":true,"href":"https:\/\/marktxxl.de\/markt\/wp-json\/wp\/v2\/product_brand?post=153322"},{"taxonomy":"product_cat","embeddable":true,"href":"https:\/\/marktxxl.de\/markt\/wp-json\/wp\/v2\/product_cat?post=153322"},{"taxonomy":"product_tag","embeddable":true,"href":"https:\/\/marktxxl.de\/markt\/wp-json\/wp\/v2\/product_tag?post=153322"}],"curies":[{"name":"wp","href":"https:\/\/api.w.org\/{rel}","templated":true}]}}