{"id":153257,"date":"2022-09-12T08:55:57","date_gmt":"2022-09-12T06:55:57","guid":{"rendered":"https:\/\/marktxxl.de\/markt\/produkt\/journal-handy-leather-hope-a-future\/"},"modified":"2023-04-10T04:40:36","modified_gmt":"2023-04-10T02:40:36","slug":"journal-handy-leather-hope-a-future","status":"publish","type":"product","link":"https:\/\/marktxxl.de\/markt\/produkt\/journal-handy-leather-hope-a-future\/","title":{"rendered":"Journal Handy Leather Hope &amp; a Future"},"content":{"rendered":"<p>Wundersch\u00f6n verarbeitet: Das exquisit gestaltete Notizbuch wird von erfahrenen Handwerkern mit sorgf\u00e4ltig ausgew\u00e4hlten Premium-H\u00e4uten hergestellt, um es zu einem robusten und attraktiven Leder-Tagebuch f\u00fcr M\u00e4nner und Frauen zu machen. Pr\u00e4sentationsseite zum Verschenken.<br \/>\nRustikale Patina: Leichte Unvollkommenheiten und einzigartige nat\u00fcrliche Markierungen zeichnen dieses Premium-Vollnarbenleder-Journal als Unikat aus und zeichnen es als ein Vollnarbenleder-Produkt aus, das mit Gebrauch poliert und versch\u00f6nert.<br \/>\nRobustes Ledernotizbuch: Flexcover Premium Vollnarbenleder Notizbuch ist langlebig, um t\u00e4glichen Verschlei\u00df standzuhalten. Einband mit gepr\u00e4gtem Blumen-Design, metallischen Folien-Akzenten und Jeremiah 29:11 Bibelvers Referenz.<br \/>\nErmutigung: Im Inneren dieses Leder-Schreibtagebuchs befinden sich 240 linierte Seiten mit Schrift auf jeder anderen Seite, die Ihrem Glauben Anregung bieten, w\u00e4hrend Sie Notizen machen, Geschichten schreiben, Tagebuch schreiben oder den \u00dcberblick \u00fcber t\u00e4gliche Aufgaben behalten. Leseb\u00e4ndchen, um Ihren Platz zu halten.<br \/>\nSpeziell im Haus entworfen: Christian Art Gifts Leder-Tageb\u00fccher werden von unserem kreativen Team entworfen, um Ihnen ein einzigartiges Geschenk zu bieten, das sich selbst oder anderen ermutigt, egal zu welchem Anlass.<br \/>\n<div class=\"main-cross-sell\" data-asin=\"164272470X\">\n\n\t<div class=\"WooZone-cross-sell-loader\">\n\t\t<div>\n\t\t\t<div id=\"floatingBarsG\">\n\t\t\t\t<div class=\"blockG\" id=\"rotateG_01\"><\/div>\n\t\t\t\t<div class=\"blockG\" id=\"rotateG_02\"><\/div>\n\t\t\t\t<div class=\"blockG\" id=\"rotateG_03\"><\/div>\n\t\t\t\t<div class=\"blockG\" id=\"rotateG_04\"><\/div>\n\t\t\t\t<div class=\"blockG\" id=\"rotateG_05\"><\/div>\n\t\t\t\t<div class=\"blockG\" id=\"rotateG_06\"><\/div>\n\t\t\t\t<div class=\"blockG\" id=\"rotateG_07\"><\/div>\n\t\t\t\t<div class=\"blockG\" id=\"rotateG_08\"><\/div>\n\t\t\t<\/div>\n\t\t\t<div class=\"WooZone-cross-sell-loader-text\"><\/div>\n\t\t<\/div>\n\t<\/div>\n\n\t\t\n<\/div>\n<div style=\"clear:both;\"><\/div><\/p>\n","protected":false},"excerpt":{"rendered":"<p>Wundersch\u00f6n verarbeitet: Das exquisit gestaltete Notizbuch wird von erfahrenen Handwerkern mit sorgf\u00e4ltig ausgew\u00e4hlten Premium-H\u00e4uten hergestellt, um es zu einem robusten und attraktiven Leder-Tagebuch f\u00fcr M\u00e4nner und Frauen zu machen. Pr\u00e4sentationsseite zum Verschenken.<br \/>\nRustikale Patina: Leichte Unvollkommenheiten und einzigartige nat\u00fcrliche Markierungen zeichnen dieses Premium-Vollnarbenleder-Journal als Unikat aus und zeichnen es als ein Vollnarbenleder-Produkt aus, das mit Gebrauch poliert und versch\u00f6nert.<br \/>\nRobustes Ledernotizbuch: Flexcover Premium Vollnarbenleder Notizbuch ist langlebig, um t\u00e4glichen Verschlei\u00df standzuhalten. Einband mit gepr\u00e4gtem Blumen-Design, metallischen Folien-Akzenten und Jeremiah 29:11 Bibelvers Referenz.<\/p>\n","protected":false},"featured_media":153258,"comment_status":"open","ping_status":"closed","template":"","meta":[],"product_brand":[],"product_cat":[504,8381],"product_tag":[],"class_list":{"0":"post-153257","1":"product","2":"type-product","3":"status-publish","4":"has-post-thumbnail","6":"product_cat-buerobedarf-schreibwaren","7":"product_cat-kalender-planer-und-organizer","8":"pa_binding-ledereinband","9":"pa_brand-christian-art-gifts-inc","10":"pa_color-blau-hope-future","11":"pa_height-6-9-zoll","12":"pa_languages-veroeffentlicht-englisch-originalsprache-englisch-unbekannt-englisch","13":"pa_length-4-5-zoll","14":"pa_manufacturer-christian-art-gifts","15":"pa_model-jl494","16":"pa_size-handy-small-4-5-x-6-8","17":"pa_weight-0-57-pfund","18":"pa_width-0-8-zoll","20":"first","21":"instock","22":"shipping-taxable","23":"purchasable","24":"product-type-simple","25":"customify-col","26":"product-has-gallery"},"yoast_head":"<!-- This site is optimized with the Yoast SEO plugin v27.3 - https:\/\/yoast.com\/product\/yoast-seo-wordpress\/ -->\n<title>Journal Handy Leather Hope &amp; a Future - Markt-XXL<\/title>\n<meta name=\"description\" content=\"Markt-XXL Journal Handy Leather Hope &amp; a Future\" \/>\n<meta name=\"robots\" content=\"index, follow, max-snippet:-1, max-image-preview:large, max-video-preview:-1\" \/>\n<link rel=\"canonical\" href=\"https:\/\/marktxxl.de\/markt\/produkt\/journal-handy-leather-hope-a-future\/\" \/>\n<meta property=\"og:locale\" content=\"de_DE\" \/>\n<meta property=\"og:type\" content=\"article\" \/>\n<meta property=\"og:title\" content=\"Journal Handy Leather Hope &amp; a Future - Markt-XXL\" \/>\n<meta property=\"og:description\" content=\"Markt-XXL Journal Handy Leather Hope &amp; a Future\" \/>\n<meta property=\"og:url\" content=\"https:\/\/marktxxl.de\/markt\/produkt\/journal-handy-leather-hope-a-future\/\" \/>\n<meta property=\"og:site_name\" content=\"Markt-XXL\" \/>\n<meta property=\"article:modified_time\" content=\"2023-04-10T02:40:36+00:00\" \/>\n<meta property=\"og:image\" content=\"https:\/\/m.media-amazon.com\/images\/I\/51hfnr9dFaL._SL500_.jpg\" \/>\n\t<meta property=\"og:image:width\" content=\"500\" \/>\n\t<meta property=\"og:image:height\" content=\"500\" \/>\n\t<meta property=\"og:image:type\" content=\"image\/jpeg\" \/>\n<meta name=\"twitter:card\" content=\"summary_large_image\" \/>\n<meta name=\"twitter:label1\" content=\"Gesch\u00e4tzte Lesezeit\" \/>\n\t<meta name=\"twitter:data1\" content=\"1\u00a0Minute\" \/>\n<script type=\"application\/ld+json\" class=\"yoast-schema-graph\">{\"@context\":\"https:\\\/\\\/schema.org\",\"@graph\":[{\"@type\":\"WebPage\",\"@id\":\"https:\\\/\\\/marktxxl.de\\\/markt\\\/produkt\\\/journal-handy-leather-hope-a-future\\\/\",\"url\":\"https:\\\/\\\/marktxxl.de\\\/markt\\\/produkt\\\/journal-handy-leather-hope-a-future\\\/\",\"name\":\"Journal Handy Leather Hope &amp; a Future - Markt-XXL\",\"isPartOf\":{\"@id\":\"https:\\\/\\\/marktxxl.de\\\/markt\\\/#website\"},\"primaryImageOfPage\":{\"@id\":\"https:\\\/\\\/marktxxl.de\\\/markt\\\/produkt\\\/journal-handy-leather-hope-a-future\\\/#primaryimage\"},\"image\":{\"@id\":\"https:\\\/\\\/marktxxl.de\\\/markt\\\/produkt\\\/journal-handy-leather-hope-a-future\\\/#primaryimage\"},\"thumbnailUrl\":\"https:\\\/\\\/m.media-amazon.com\\\/images\\\/I\\\/51hfnr9dFaL._SL500_.jpg\",\"datePublished\":\"2022-09-12T06:55:57+00:00\",\"dateModified\":\"2023-04-10T02:40:36+00:00\",\"description\":\"Markt-XXL Journal Handy Leather Hope &amp; a Future\",\"breadcrumb\":{\"@id\":\"https:\\\/\\\/marktxxl.de\\\/markt\\\/produkt\\\/journal-handy-leather-hope-a-future\\\/#breadcrumb\"},\"inLanguage\":\"de\",\"potentialAction\":[{\"@type\":\"ReadAction\",\"target\":[\"https:\\\/\\\/marktxxl.de\\\/markt\\\/produkt\\\/journal-handy-leather-hope-a-future\\\/\"]}]},{\"@type\":\"ImageObject\",\"inLanguage\":\"de\",\"@id\":\"https:\\\/\\\/marktxxl.de\\\/markt\\\/produkt\\\/journal-handy-leather-hope-a-future\\\/#primaryimage\",\"url\":\"https:\\\/\\\/m.media-amazon.com\\\/images\\\/I\\\/51hfnr9dFaL._SL500_.jpg\",\"contentUrl\":\"https:\\\/\\\/m.media-amazon.com\\\/images\\\/I\\\/51hfnr9dFaL._SL500_.jpg\",\"width\":500,\"height\":500},{\"@type\":\"BreadcrumbList\",\"@id\":\"https:\\\/\\\/marktxxl.de\\\/markt\\\/produkt\\\/journal-handy-leather-hope-a-future\\\/#breadcrumb\",\"itemListElement\":[{\"@type\":\"ListItem\",\"position\":1,\"name\":\"Startseite\",\"item\":\"https:\\\/\\\/marktxxl.de\\\/markt\\\/\"},{\"@type\":\"ListItem\",\"position\":2,\"name\":\"Markt\",\"item\":\"https:\\\/\\\/marktxxl.de\\\/markt\\\/\"},{\"@type\":\"ListItem\",\"position\":3,\"name\":\"Journal Handy Leather Hope &amp; a Future\"}]},{\"@type\":\"WebSite\",\"@id\":\"https:\\\/\\\/marktxxl.de\\\/markt\\\/#website\",\"url\":\"https:\\\/\\\/marktxxl.de\\\/markt\\\/\",\"name\":\"Markt-XXL\",\"description\":\"Ihr Markt Online\",\"publisher\":{\"@id\":\"https:\\\/\\\/marktxxl.de\\\/markt\\\/#organization\"},\"potentialAction\":[{\"@type\":\"SearchAction\",\"target\":{\"@type\":\"EntryPoint\",\"urlTemplate\":\"https:\\\/\\\/marktxxl.de\\\/markt\\\/?s={search_term_string}\"},\"query-input\":{\"@type\":\"PropertyValueSpecification\",\"valueRequired\":true,\"valueName\":\"search_term_string\"}}],\"inLanguage\":\"de\"},{\"@type\":\"Organization\",\"@id\":\"https:\\\/\\\/marktxxl.de\\\/markt\\\/#organization\",\"name\":\"Markt-XXL\",\"url\":\"https:\\\/\\\/marktxxl.de\\\/markt\\\/\",\"logo\":{\"@type\":\"ImageObject\",\"inLanguage\":\"de\",\"@id\":\"https:\\\/\\\/marktxxl.de\\\/markt\\\/#\\\/schema\\\/logo\\\/image\\\/\",\"url\":\"https:\\\/\\\/marktxxl.de\\\/markt\\\/wp-content\\\/uploads\\\/sites\\\/3\\\/2020\\\/12\\\/logo.png\",\"contentUrl\":\"https:\\\/\\\/marktxxl.de\\\/markt\\\/wp-content\\\/uploads\\\/sites\\\/3\\\/2020\\\/12\\\/logo.png\",\"width\":200,\"height\":70,\"caption\":\"Markt-XXL\"},\"image\":{\"@id\":\"https:\\\/\\\/marktxxl.de\\\/markt\\\/#\\\/schema\\\/logo\\\/image\\\/\"}}]}<\/script>\n<!-- \/ Yoast SEO plugin. -->","yoast_head_json":{"title":"Journal Handy Leather Hope &amp; a Future - Markt-XXL","description":"Markt-XXL Journal Handy Leather Hope &amp; a Future","robots":{"index":"index","follow":"follow","max-snippet":"max-snippet:-1","max-image-preview":"max-image-preview:large","max-video-preview":"max-video-preview:-1"},"canonical":"https:\/\/marktxxl.de\/markt\/produkt\/journal-handy-leather-hope-a-future\/","og_locale":"de_DE","og_type":"article","og_title":"Journal Handy Leather Hope &amp; a Future - Markt-XXL","og_description":"Markt-XXL Journal Handy Leather Hope &amp; a Future","og_url":"https:\/\/marktxxl.de\/markt\/produkt\/journal-handy-leather-hope-a-future\/","og_site_name":"Markt-XXL","article_modified_time":"2023-04-10T02:40:36+00:00","og_image":[{"width":500,"height":500,"url":"https:\/\/m.media-amazon.com\/images\/I\/51hfnr9dFaL._SL500_.jpg","type":"image\/jpeg"}],"twitter_card":"summary_large_image","twitter_misc":{"Gesch\u00e4tzte Lesezeit":"1\u00a0Minute"},"schema":{"@context":"https:\/\/schema.org","@graph":[{"@type":"WebPage","@id":"https:\/\/marktxxl.de\/markt\/produkt\/journal-handy-leather-hope-a-future\/","url":"https:\/\/marktxxl.de\/markt\/produkt\/journal-handy-leather-hope-a-future\/","name":"Journal Handy Leather Hope &amp; a Future - Markt-XXL","isPartOf":{"@id":"https:\/\/marktxxl.de\/markt\/#website"},"primaryImageOfPage":{"@id":"https:\/\/marktxxl.de\/markt\/produkt\/journal-handy-leather-hope-a-future\/#primaryimage"},"image":{"@id":"https:\/\/marktxxl.de\/markt\/produkt\/journal-handy-leather-hope-a-future\/#primaryimage"},"thumbnailUrl":"https:\/\/m.media-amazon.com\/images\/I\/51hfnr9dFaL._SL500_.jpg","datePublished":"2022-09-12T06:55:57+00:00","dateModified":"2023-04-10T02:40:36+00:00","description":"Markt-XXL Journal Handy Leather Hope &amp; a Future","breadcrumb":{"@id":"https:\/\/marktxxl.de\/markt\/produkt\/journal-handy-leather-hope-a-future\/#breadcrumb"},"inLanguage":"de","potentialAction":[{"@type":"ReadAction","target":["https:\/\/marktxxl.de\/markt\/produkt\/journal-handy-leather-hope-a-future\/"]}]},{"@type":"ImageObject","inLanguage":"de","@id":"https:\/\/marktxxl.de\/markt\/produkt\/journal-handy-leather-hope-a-future\/#primaryimage","url":"https:\/\/m.media-amazon.com\/images\/I\/51hfnr9dFaL._SL500_.jpg","contentUrl":"https:\/\/m.media-amazon.com\/images\/I\/51hfnr9dFaL._SL500_.jpg","width":500,"height":500},{"@type":"BreadcrumbList","@id":"https:\/\/marktxxl.de\/markt\/produkt\/journal-handy-leather-hope-a-future\/#breadcrumb","itemListElement":[{"@type":"ListItem","position":1,"name":"Startseite","item":"https:\/\/marktxxl.de\/markt\/"},{"@type":"ListItem","position":2,"name":"Markt","item":"https:\/\/marktxxl.de\/markt\/"},{"@type":"ListItem","position":3,"name":"Journal Handy Leather Hope &amp; a Future"}]},{"@type":"WebSite","@id":"https:\/\/marktxxl.de\/markt\/#website","url":"https:\/\/marktxxl.de\/markt\/","name":"Markt-XXL","description":"Ihr Markt Online","publisher":{"@id":"https:\/\/marktxxl.de\/markt\/#organization"},"potentialAction":[{"@type":"SearchAction","target":{"@type":"EntryPoint","urlTemplate":"https:\/\/marktxxl.de\/markt\/?s={search_term_string}"},"query-input":{"@type":"PropertyValueSpecification","valueRequired":true,"valueName":"search_term_string"}}],"inLanguage":"de"},{"@type":"Organization","@id":"https:\/\/marktxxl.de\/markt\/#organization","name":"Markt-XXL","url":"https:\/\/marktxxl.de\/markt\/","logo":{"@type":"ImageObject","inLanguage":"de","@id":"https:\/\/marktxxl.de\/markt\/#\/schema\/logo\/image\/","url":"https:\/\/marktxxl.de\/markt\/wp-content\/uploads\/sites\/3\/2020\/12\/logo.png","contentUrl":"https:\/\/marktxxl.de\/markt\/wp-content\/uploads\/sites\/3\/2020\/12\/logo.png","width":200,"height":70,"caption":"Markt-XXL"},"image":{"@id":"https:\/\/marktxxl.de\/markt\/#\/schema\/logo\/image\/"}}]}},"_links":{"self":[{"href":"https:\/\/marktxxl.de\/markt\/wp-json\/wp\/v2\/product\/153257","targetHints":{"allow":["GET"]}}],"collection":[{"href":"https:\/\/marktxxl.de\/markt\/wp-json\/wp\/v2\/product"}],"about":[{"href":"https:\/\/marktxxl.de\/markt\/wp-json\/wp\/v2\/types\/product"}],"replies":[{"embeddable":true,"href":"https:\/\/marktxxl.de\/markt\/wp-json\/wp\/v2\/comments?post=153257"}],"wp:featuredmedia":[{"embeddable":true,"href":"https:\/\/marktxxl.de\/markt\/wp-json\/wp\/v2\/media\/153258"}],"wp:attachment":[{"href":"https:\/\/marktxxl.de\/markt\/wp-json\/wp\/v2\/media?parent=153257"}],"wp:term":[{"taxonomy":"product_brand","embeddable":true,"href":"https:\/\/marktxxl.de\/markt\/wp-json\/wp\/v2\/product_brand?post=153257"},{"taxonomy":"product_cat","embeddable":true,"href":"https:\/\/marktxxl.de\/markt\/wp-json\/wp\/v2\/product_cat?post=153257"},{"taxonomy":"product_tag","embeddable":true,"href":"https:\/\/marktxxl.de\/markt\/wp-json\/wp\/v2\/product_tag?post=153257"}],"curies":[{"name":"wp","href":"https:\/\/api.w.org\/{rel}","templated":true}]}}