{"id":153046,"date":"2022-09-12T08:49:07","date_gmt":"2022-09-12T06:49:07","guid":{"rendered":"https:\/\/marktxxl.de\/markt\/produkt\/aooiin-hitzepressmatte-fuer-cricut-easypress-t-shirts-und-htv-craft-vinyl-projekte-305-x-305-cm-doppelseitige-buegelmatte-pressmatte-fuer-easypress-2\/"},"modified":"2023-04-10T04:40:33","modified_gmt":"2023-04-10T02:40:33","slug":"aooiin-hitzepressmatte-fuer-cricut-easypress-t-shirts-und-htv-craft-vinyl-projekte-305-x-305-cm-doppelseitige-buegelmatte-pressmatte-fuer-easypress-2","status":"publish","type":"product","link":"https:\/\/marktxxl.de\/markt\/produkt\/aooiin-hitzepressmatte-fuer-cricut-easypress-t-shirts-und-htv-craft-vinyl-projekte-305-x-305-cm-doppelseitige-buegelmatte-pressmatte-fuer-easypress-2\/","title":{"rendered":"AOOIIN Hitzepressmatte f\u00fcr Cricut Easypress, T-Shirts und HTV Craft Vinyl Projekte (30,5 x 30,5 cm) Doppelseitige\u2026"},"content":{"rendered":"<p>W\u00e4rmepressematte: Die inneren Schichten reflektieren die W\u00e4rme in das Kleidungsst\u00fcck, helfen die W\u00e4rme zu verteilen, w\u00e4hrend Sie Heat Transfer Vinyl (HTV) verwenden, Presszeiten k\u00f6nnen viel genauer und konsistenter sein.<br \/>\nGlatte Oberfl\u00e4che: Eine gro\u00dfe Fl\u00e4che, die gerade fest genug ist, um eine glatte Oberfl\u00e4che und einen gleichm\u00e4\u00dfigen Kontaktpflaster f\u00fcr die Presse zu bieten. Keine Verwendung von Handt\u00fcchern mehr und sch\u00fctzt Ihre Tischoberfl\u00e4che vor Verbrennungen oder Hitzesch\u00e4den.<br \/>\n30,5 x 30,5 cm Gr\u00f6\u00dfe: macht die Herstellung von T-Shirts super einfach, funktioniert hervorragend f\u00fcr viele Projekte, ideal f\u00fcr Transfer-Projekte wie T-Shirts, Banner, Sweatshirts, Decken usw.<br \/>\nDoppelseitige Verwendung: Hergestellt aus antihaftbeschichtetem feuerfestem Material, hochwertig und hitzebest\u00e4ndig, maximale Temperatur bis zu 220 \u00b0C, kann auf beiden Seiten verwendet werden, geeignet f\u00fcr alle Arten von Hitzepressmaschinen.<br \/>\nInternational products have separate terms, are sold from abroad and may differ from local products, including fit, age ratings, and language of product, labeling or instructions.<br \/>\n<div class=\"main-cross-sell\" data-asin=\"B0882Y4CV7\">\n\n\t<div class=\"WooZone-cross-sell-loader\">\n\t\t<div>\n\t\t\t<div id=\"floatingBarsG\">\n\t\t\t\t<div class=\"blockG\" id=\"rotateG_01\"><\/div>\n\t\t\t\t<div class=\"blockG\" id=\"rotateG_02\"><\/div>\n\t\t\t\t<div class=\"blockG\" id=\"rotateG_03\"><\/div>\n\t\t\t\t<div class=\"blockG\" id=\"rotateG_04\"><\/div>\n\t\t\t\t<div class=\"blockG\" id=\"rotateG_05\"><\/div>\n\t\t\t\t<div class=\"blockG\" id=\"rotateG_06\"><\/div>\n\t\t\t\t<div class=\"blockG\" id=\"rotateG_07\"><\/div>\n\t\t\t\t<div class=\"blockG\" id=\"rotateG_08\"><\/div>\n\t\t\t<\/div>\n\t\t\t<div class=\"WooZone-cross-sell-loader-text\"><\/div>\n\t\t<\/div>\n\t<\/div>\n\n\t\t\n<\/div>\n<div style=\"clear:both;\"><\/div><\/p>\n","protected":false},"excerpt":{"rendered":"<p>W\u00e4rmepressematte: Die inneren Schichten reflektieren die W\u00e4rme in das Kleidungsst\u00fcck, helfen die W\u00e4rme zu verteilen, w\u00e4hrend Sie Heat Transfer Vinyl (HTV) verwenden, Presszeiten k\u00f6nnen viel genauer und konsistenter sein.<br \/>\nGlatte Oberfl\u00e4che: Eine gro\u00dfe Fl\u00e4che, die gerade fest genug ist, um eine glatte Oberfl\u00e4che und einen gleichm\u00e4\u00dfigen Kontaktpflaster f\u00fcr die Presse zu bieten. Keine Verwendung von Handt\u00fcchern mehr und sch\u00fctzt Ihre Tischoberfl\u00e4che vor Verbrennungen oder Hitzesch\u00e4den.<br \/>\n30,5 x 30,5 cm Gr\u00f6\u00dfe: macht die Herstellung von T-Shirts super einfach, funktioniert hervorragend f\u00fcr viele Projekte, ideal f\u00fcr Transfer-Projekte wie T-Shirts, Banner, Sweatshirts, Decken usw.<\/p>\n","protected":false},"featured_media":153047,"comment_status":"open","ping_status":"closed","template":"","meta":[],"product_brand":[],"product_cat":[504,8284],"product_tag":[],"class_list":{"0":"post-153046","1":"product","2":"type-product","3":"status-publish","4":"has-post-thumbnail","6":"product_cat-buerobedarf-schreibwaren","7":"product_cat-bueromaterial","8":"pa_binding-buerobedarf-schreibwaren","9":"pa_brand-emigoo","10":"pa_color-grau","11":"pa_height-0-6-zoll","12":"pa_length-12-zoll","13":"pa_manufacturer-emigoo","14":"pa_model-heat-press-mat-001","15":"pa_size-12x12-inches","16":"pa_width-12-zoll","18":"first","19":"instock","20":"shipping-taxable","21":"purchasable","22":"product-type-simple","23":"customify-col","24":"product-has-gallery"},"yoast_head":"<!-- This site is optimized with the Yoast SEO plugin v27.4 - https:\/\/yoast.com\/product\/yoast-seo-wordpress\/ -->\n<title>AOOIIN Hitzepressmatte f\u00fcr Cricut Easypress, T-Shirts und HTV Craft Vinyl Projekte (30,5 x 30,5 cm) Doppelseitige\u2026 - Markt-XXL<\/title>\n<meta name=\"description\" content=\"Markt-XXL AOOIIN Hitzepressmatte f\u00fcr Cricut Easypress, T-Shirts und HTV Craft Vinyl Projekte (30,5 x 30,5 cm) Doppelseitige\u2026\" \/>\n<meta name=\"robots\" content=\"index, follow, max-snippet:-1, max-image-preview:large, max-video-preview:-1\" \/>\n<link rel=\"canonical\" href=\"https:\/\/marktxxl.de\/markt\/produkt\/aooiin-hitzepressmatte-fuer-cricut-easypress-t-shirts-und-htv-craft-vinyl-projekte-305-x-305-cm-doppelseitige-buegelmatte-pressmatte-fuer-easypress-2\/\" \/>\n<meta property=\"og:locale\" content=\"de_DE\" \/>\n<meta property=\"og:type\" content=\"article\" \/>\n<meta property=\"og:title\" content=\"AOOIIN Hitzepressmatte f\u00fcr Cricut Easypress, T-Shirts und HTV Craft Vinyl Projekte (30,5 x 30,5 cm) Doppelseitige\u2026 - Markt-XXL\" \/>\n<meta property=\"og:description\" content=\"Markt-XXL AOOIIN Hitzepressmatte f\u00fcr Cricut Easypress, T-Shirts und HTV Craft Vinyl Projekte (30,5 x 30,5 cm) Doppelseitige\u2026\" \/>\n<meta property=\"og:url\" content=\"https:\/\/marktxxl.de\/markt\/produkt\/aooiin-hitzepressmatte-fuer-cricut-easypress-t-shirts-und-htv-craft-vinyl-projekte-305-x-305-cm-doppelseitige-buegelmatte-pressmatte-fuer-easypress-2\/\" \/>\n<meta property=\"og:site_name\" content=\"Markt-XXL\" \/>\n<meta property=\"article:modified_time\" content=\"2023-04-10T02:40:33+00:00\" \/>\n<meta property=\"og:image\" content=\"https:\/\/m.media-amazon.com\/images\/I\/61QrWQSz5VL._SL500_.jpg\" \/>\n\t<meta property=\"og:image:width\" content=\"500\" \/>\n\t<meta property=\"og:image:height\" content=\"500\" \/>\n\t<meta property=\"og:image:type\" content=\"image\/jpeg\" \/>\n<meta name=\"twitter:card\" content=\"summary_large_image\" \/>\n<meta name=\"twitter:label1\" content=\"Gesch\u00e4tzte Lesezeit\" \/>\n\t<meta name=\"twitter:data1\" content=\"1\u00a0Minute\" \/>\n<script type=\"application\/ld+json\" class=\"yoast-schema-graph\">{\"@context\":\"https:\\\/\\\/schema.org\",\"@graph\":[{\"@type\":\"WebPage\",\"@id\":\"https:\\\/\\\/marktxxl.de\\\/markt\\\/produkt\\\/aooiin-hitzepressmatte-fuer-cricut-easypress-t-shirts-und-htv-craft-vinyl-projekte-305-x-305-cm-doppelseitige-buegelmatte-pressmatte-fuer-easypress-2\\\/\",\"url\":\"https:\\\/\\\/marktxxl.de\\\/markt\\\/produkt\\\/aooiin-hitzepressmatte-fuer-cricut-easypress-t-shirts-und-htv-craft-vinyl-projekte-305-x-305-cm-doppelseitige-buegelmatte-pressmatte-fuer-easypress-2\\\/\",\"name\":\"AOOIIN Hitzepressmatte f\u00fcr Cricut Easypress, T-Shirts und HTV Craft Vinyl Projekte (30,5 x 30,5 cm) Doppelseitige\u2026 - Markt-XXL\",\"isPartOf\":{\"@id\":\"https:\\\/\\\/marktxxl.de\\\/markt\\\/#website\"},\"primaryImageOfPage\":{\"@id\":\"https:\\\/\\\/marktxxl.de\\\/markt\\\/produkt\\\/aooiin-hitzepressmatte-fuer-cricut-easypress-t-shirts-und-htv-craft-vinyl-projekte-305-x-305-cm-doppelseitige-buegelmatte-pressmatte-fuer-easypress-2\\\/#primaryimage\"},\"image\":{\"@id\":\"https:\\\/\\\/marktxxl.de\\\/markt\\\/produkt\\\/aooiin-hitzepressmatte-fuer-cricut-easypress-t-shirts-und-htv-craft-vinyl-projekte-305-x-305-cm-doppelseitige-buegelmatte-pressmatte-fuer-easypress-2\\\/#primaryimage\"},\"thumbnailUrl\":\"https:\\\/\\\/m.media-amazon.com\\\/images\\\/I\\\/61QrWQSz5VL._SL500_.jpg\",\"datePublished\":\"2022-09-12T06:49:07+00:00\",\"dateModified\":\"2023-04-10T02:40:33+00:00\",\"description\":\"Markt-XXL AOOIIN Hitzepressmatte f\u00fcr Cricut Easypress, T-Shirts und HTV Craft Vinyl Projekte (30,5 x 30,5 cm) Doppelseitige\u2026\",\"breadcrumb\":{\"@id\":\"https:\\\/\\\/marktxxl.de\\\/markt\\\/produkt\\\/aooiin-hitzepressmatte-fuer-cricut-easypress-t-shirts-und-htv-craft-vinyl-projekte-305-x-305-cm-doppelseitige-buegelmatte-pressmatte-fuer-easypress-2\\\/#breadcrumb\"},\"inLanguage\":\"de\",\"potentialAction\":[{\"@type\":\"ReadAction\",\"target\":[\"https:\\\/\\\/marktxxl.de\\\/markt\\\/produkt\\\/aooiin-hitzepressmatte-fuer-cricut-easypress-t-shirts-und-htv-craft-vinyl-projekte-305-x-305-cm-doppelseitige-buegelmatte-pressmatte-fuer-easypress-2\\\/\"]}]},{\"@type\":\"ImageObject\",\"inLanguage\":\"de\",\"@id\":\"https:\\\/\\\/marktxxl.de\\\/markt\\\/produkt\\\/aooiin-hitzepressmatte-fuer-cricut-easypress-t-shirts-und-htv-craft-vinyl-projekte-305-x-305-cm-doppelseitige-buegelmatte-pressmatte-fuer-easypress-2\\\/#primaryimage\",\"url\":\"https:\\\/\\\/m.media-amazon.com\\\/images\\\/I\\\/61QrWQSz5VL._SL500_.jpg\",\"contentUrl\":\"https:\\\/\\\/m.media-amazon.com\\\/images\\\/I\\\/61QrWQSz5VL._SL500_.jpg\",\"width\":500,\"height\":500},{\"@type\":\"BreadcrumbList\",\"@id\":\"https:\\\/\\\/marktxxl.de\\\/markt\\\/produkt\\\/aooiin-hitzepressmatte-fuer-cricut-easypress-t-shirts-und-htv-craft-vinyl-projekte-305-x-305-cm-doppelseitige-buegelmatte-pressmatte-fuer-easypress-2\\\/#breadcrumb\",\"itemListElement\":[{\"@type\":\"ListItem\",\"position\":1,\"name\":\"Startseite\",\"item\":\"https:\\\/\\\/marktxxl.de\\\/markt\\\/\"},{\"@type\":\"ListItem\",\"position\":2,\"name\":\"Markt\",\"item\":\"https:\\\/\\\/marktxxl.de\\\/markt\\\/\"},{\"@type\":\"ListItem\",\"position\":3,\"name\":\"AOOIIN Hitzepressmatte f\u00fcr Cricut Easypress, T-Shirts und HTV Craft Vinyl Projekte (30,5 x 30,5 cm) Doppelseitige\u2026\"}]},{\"@type\":\"WebSite\",\"@id\":\"https:\\\/\\\/marktxxl.de\\\/markt\\\/#website\",\"url\":\"https:\\\/\\\/marktxxl.de\\\/markt\\\/\",\"name\":\"Markt-XXL\",\"description\":\"Ihr Markt Online\",\"publisher\":{\"@id\":\"https:\\\/\\\/marktxxl.de\\\/markt\\\/#organization\"},\"potentialAction\":[{\"@type\":\"SearchAction\",\"target\":{\"@type\":\"EntryPoint\",\"urlTemplate\":\"https:\\\/\\\/marktxxl.de\\\/markt\\\/?s={search_term_string}\"},\"query-input\":{\"@type\":\"PropertyValueSpecification\",\"valueRequired\":true,\"valueName\":\"search_term_string\"}}],\"inLanguage\":\"de\"},{\"@type\":\"Organization\",\"@id\":\"https:\\\/\\\/marktxxl.de\\\/markt\\\/#organization\",\"name\":\"Markt-XXL\",\"url\":\"https:\\\/\\\/marktxxl.de\\\/markt\\\/\",\"logo\":{\"@type\":\"ImageObject\",\"inLanguage\":\"de\",\"@id\":\"https:\\\/\\\/marktxxl.de\\\/markt\\\/#\\\/schema\\\/logo\\\/image\\\/\",\"url\":\"https:\\\/\\\/marktxxl.de\\\/markt\\\/wp-content\\\/uploads\\\/sites\\\/3\\\/2020\\\/12\\\/logo.png\",\"contentUrl\":\"https:\\\/\\\/marktxxl.de\\\/markt\\\/wp-content\\\/uploads\\\/sites\\\/3\\\/2020\\\/12\\\/logo.png\",\"width\":200,\"height\":70,\"caption\":\"Markt-XXL\"},\"image\":{\"@id\":\"https:\\\/\\\/marktxxl.de\\\/markt\\\/#\\\/schema\\\/logo\\\/image\\\/\"}}]}<\/script>\n<!-- \/ Yoast SEO plugin. -->","yoast_head_json":{"title":"AOOIIN Hitzepressmatte f\u00fcr Cricut Easypress, T-Shirts und HTV Craft Vinyl Projekte (30,5 x 30,5 cm) Doppelseitige\u2026 - Markt-XXL","description":"Markt-XXL AOOIIN Hitzepressmatte f\u00fcr Cricut Easypress, T-Shirts und HTV Craft Vinyl Projekte (30,5 x 30,5 cm) Doppelseitige\u2026","robots":{"index":"index","follow":"follow","max-snippet":"max-snippet:-1","max-image-preview":"max-image-preview:large","max-video-preview":"max-video-preview:-1"},"canonical":"https:\/\/marktxxl.de\/markt\/produkt\/aooiin-hitzepressmatte-fuer-cricut-easypress-t-shirts-und-htv-craft-vinyl-projekte-305-x-305-cm-doppelseitige-buegelmatte-pressmatte-fuer-easypress-2\/","og_locale":"de_DE","og_type":"article","og_title":"AOOIIN Hitzepressmatte f\u00fcr Cricut Easypress, T-Shirts und HTV Craft Vinyl Projekte (30,5 x 30,5 cm) Doppelseitige\u2026 - Markt-XXL","og_description":"Markt-XXL AOOIIN Hitzepressmatte f\u00fcr Cricut Easypress, T-Shirts und HTV Craft Vinyl Projekte (30,5 x 30,5 cm) Doppelseitige\u2026","og_url":"https:\/\/marktxxl.de\/markt\/produkt\/aooiin-hitzepressmatte-fuer-cricut-easypress-t-shirts-und-htv-craft-vinyl-projekte-305-x-305-cm-doppelseitige-buegelmatte-pressmatte-fuer-easypress-2\/","og_site_name":"Markt-XXL","article_modified_time":"2023-04-10T02:40:33+00:00","og_image":[{"width":500,"height":500,"url":"https:\/\/m.media-amazon.com\/images\/I\/61QrWQSz5VL._SL500_.jpg","type":"image\/jpeg"}],"twitter_card":"summary_large_image","twitter_misc":{"Gesch\u00e4tzte Lesezeit":"1\u00a0Minute"},"schema":{"@context":"https:\/\/schema.org","@graph":[{"@type":"WebPage","@id":"https:\/\/marktxxl.de\/markt\/produkt\/aooiin-hitzepressmatte-fuer-cricut-easypress-t-shirts-und-htv-craft-vinyl-projekte-305-x-305-cm-doppelseitige-buegelmatte-pressmatte-fuer-easypress-2\/","url":"https:\/\/marktxxl.de\/markt\/produkt\/aooiin-hitzepressmatte-fuer-cricut-easypress-t-shirts-und-htv-craft-vinyl-projekte-305-x-305-cm-doppelseitige-buegelmatte-pressmatte-fuer-easypress-2\/","name":"AOOIIN Hitzepressmatte f\u00fcr Cricut Easypress, T-Shirts und HTV Craft Vinyl Projekte (30,5 x 30,5 cm) Doppelseitige\u2026 - Markt-XXL","isPartOf":{"@id":"https:\/\/marktxxl.de\/markt\/#website"},"primaryImageOfPage":{"@id":"https:\/\/marktxxl.de\/markt\/produkt\/aooiin-hitzepressmatte-fuer-cricut-easypress-t-shirts-und-htv-craft-vinyl-projekte-305-x-305-cm-doppelseitige-buegelmatte-pressmatte-fuer-easypress-2\/#primaryimage"},"image":{"@id":"https:\/\/marktxxl.de\/markt\/produkt\/aooiin-hitzepressmatte-fuer-cricut-easypress-t-shirts-und-htv-craft-vinyl-projekte-305-x-305-cm-doppelseitige-buegelmatte-pressmatte-fuer-easypress-2\/#primaryimage"},"thumbnailUrl":"https:\/\/m.media-amazon.com\/images\/I\/61QrWQSz5VL._SL500_.jpg","datePublished":"2022-09-12T06:49:07+00:00","dateModified":"2023-04-10T02:40:33+00:00","description":"Markt-XXL AOOIIN Hitzepressmatte f\u00fcr Cricut Easypress, T-Shirts und HTV Craft Vinyl Projekte (30,5 x 30,5 cm) Doppelseitige\u2026","breadcrumb":{"@id":"https:\/\/marktxxl.de\/markt\/produkt\/aooiin-hitzepressmatte-fuer-cricut-easypress-t-shirts-und-htv-craft-vinyl-projekte-305-x-305-cm-doppelseitige-buegelmatte-pressmatte-fuer-easypress-2\/#breadcrumb"},"inLanguage":"de","potentialAction":[{"@type":"ReadAction","target":["https:\/\/marktxxl.de\/markt\/produkt\/aooiin-hitzepressmatte-fuer-cricut-easypress-t-shirts-und-htv-craft-vinyl-projekte-305-x-305-cm-doppelseitige-buegelmatte-pressmatte-fuer-easypress-2\/"]}]},{"@type":"ImageObject","inLanguage":"de","@id":"https:\/\/marktxxl.de\/markt\/produkt\/aooiin-hitzepressmatte-fuer-cricut-easypress-t-shirts-und-htv-craft-vinyl-projekte-305-x-305-cm-doppelseitige-buegelmatte-pressmatte-fuer-easypress-2\/#primaryimage","url":"https:\/\/m.media-amazon.com\/images\/I\/61QrWQSz5VL._SL500_.jpg","contentUrl":"https:\/\/m.media-amazon.com\/images\/I\/61QrWQSz5VL._SL500_.jpg","width":500,"height":500},{"@type":"BreadcrumbList","@id":"https:\/\/marktxxl.de\/markt\/produkt\/aooiin-hitzepressmatte-fuer-cricut-easypress-t-shirts-und-htv-craft-vinyl-projekte-305-x-305-cm-doppelseitige-buegelmatte-pressmatte-fuer-easypress-2\/#breadcrumb","itemListElement":[{"@type":"ListItem","position":1,"name":"Startseite","item":"https:\/\/marktxxl.de\/markt\/"},{"@type":"ListItem","position":2,"name":"Markt","item":"https:\/\/marktxxl.de\/markt\/"},{"@type":"ListItem","position":3,"name":"AOOIIN Hitzepressmatte f\u00fcr Cricut Easypress, T-Shirts und HTV Craft Vinyl Projekte (30,5 x 30,5 cm) Doppelseitige\u2026"}]},{"@type":"WebSite","@id":"https:\/\/marktxxl.de\/markt\/#website","url":"https:\/\/marktxxl.de\/markt\/","name":"Markt-XXL","description":"Ihr Markt Online","publisher":{"@id":"https:\/\/marktxxl.de\/markt\/#organization"},"potentialAction":[{"@type":"SearchAction","target":{"@type":"EntryPoint","urlTemplate":"https:\/\/marktxxl.de\/markt\/?s={search_term_string}"},"query-input":{"@type":"PropertyValueSpecification","valueRequired":true,"valueName":"search_term_string"}}],"inLanguage":"de"},{"@type":"Organization","@id":"https:\/\/marktxxl.de\/markt\/#organization","name":"Markt-XXL","url":"https:\/\/marktxxl.de\/markt\/","logo":{"@type":"ImageObject","inLanguage":"de","@id":"https:\/\/marktxxl.de\/markt\/#\/schema\/logo\/image\/","url":"https:\/\/marktxxl.de\/markt\/wp-content\/uploads\/sites\/3\/2020\/12\/logo.png","contentUrl":"https:\/\/marktxxl.de\/markt\/wp-content\/uploads\/sites\/3\/2020\/12\/logo.png","width":200,"height":70,"caption":"Markt-XXL"},"image":{"@id":"https:\/\/marktxxl.de\/markt\/#\/schema\/logo\/image\/"}}]}},"_links":{"self":[{"href":"https:\/\/marktxxl.de\/markt\/wp-json\/wp\/v2\/product\/153046","targetHints":{"allow":["GET"]}}],"collection":[{"href":"https:\/\/marktxxl.de\/markt\/wp-json\/wp\/v2\/product"}],"about":[{"href":"https:\/\/marktxxl.de\/markt\/wp-json\/wp\/v2\/types\/product"}],"replies":[{"embeddable":true,"href":"https:\/\/marktxxl.de\/markt\/wp-json\/wp\/v2\/comments?post=153046"}],"wp:featuredmedia":[{"embeddable":true,"href":"https:\/\/marktxxl.de\/markt\/wp-json\/wp\/v2\/media\/153047"}],"wp:attachment":[{"href":"https:\/\/marktxxl.de\/markt\/wp-json\/wp\/v2\/media?parent=153046"}],"wp:term":[{"taxonomy":"product_brand","embeddable":true,"href":"https:\/\/marktxxl.de\/markt\/wp-json\/wp\/v2\/product_brand?post=153046"},{"taxonomy":"product_cat","embeddable":true,"href":"https:\/\/marktxxl.de\/markt\/wp-json\/wp\/v2\/product_cat?post=153046"},{"taxonomy":"product_tag","embeddable":true,"href":"https:\/\/marktxxl.de\/markt\/wp-json\/wp\/v2\/product_tag?post=153046"}],"curies":[{"name":"wp","href":"https:\/\/api.w.org\/{rel}","templated":true}]}}