{"id":152767,"date":"2022-09-12T08:37:21","date_gmt":"2022-09-12T06:37:21","guid":{"rendered":"https:\/\/marktxxl.de\/markt\/produkt\/call-money-hexa-raeucherstaebchen-6-packungen-a-20-staebchen-120-staebchen\/"},"modified":"2023-04-11T04:33:32","modified_gmt":"2023-04-11T02:33:32","slug":"call-money-hexa-raeucherstaebchen-6-packungen-a-20-staebchen-120-staebchen","status":"publish","type":"product","link":"https:\/\/marktxxl.de\/markt\/produkt\/call-money-hexa-raeucherstaebchen-6-packungen-a-20-staebchen-120-staebchen\/","title":{"rendered":"Call Money Hexa R\u00e4ucherst\u00e4bchen, 6 Packungen \u00e0 20 St\u00e4bchen = 120 St\u00e4bchen"},"content":{"rendered":"<p>6 Boxen \u2013 je 20 g, insgesamt 120 g (ca. 120 St\u00e4bchen)<br \/>\nVorteile: R\u00e4ucherst\u00e4bchen sind attraktiv f\u00fcr die Sinne und sind angenehm f\u00fcr Augen und Nase. Im Allgemeinen werden R\u00e4ucherst\u00e4bchen verwendet, um den Duft eines Raumes oder B\u00fcros zu verst\u00e4rken oder w\u00e4hrend der Gebet, religi\u00f6sen Zeremonie, Meditation und Yoga-Praxis zu beten.<br \/>\nQualit\u00e4tsduft: Hilft die negativen Eigenschaften zu reduzieren und die positiven Aspekte aller Sternzeichen zu erh\u00f6hen. Der Duft der Sticks f\u00fcllt die Umgebung mit positiver Energie, um Ihren Wohnraum aromatisch und angenehm zu gestalten. Frei von sch\u00e4dlichen Chemikalien wie Benzol und Toluol. Sicher zum Mischen und Rollen mit einfachen H\u00e4nden.<br \/>\nGebrauchsanweisung: Stecken Sie das R\u00e4ucherst\u00e4bchen in ein R\u00e4uchergef\u00e4\u00df. Spitze des beschichteten Stabes mit einer Flamme anz\u00fcnden. Sobald die Spitze gl\u00fcht, blasen Sie die Flamme vorsichtig aus.<br \/>\nTipps und Warnung: Bewahren Sie Ihre R\u00e4ucherst\u00e4bchen immer an einem k\u00fchlen, trockenen Ort auf. Wenn sie zu viel Feuchtigkeit aufnehmen, verbrennen sie nicht richtig oder minderwertige R\u00e4ucherst\u00e4bchen. Nur f\u00fcr Duftzwecke. Au\u00dferhalb der Reichweite von Kindern und Haustieren aufbewahren. Von allen brennbaren Gegenst\u00e4nden und Materialien fernbrennen. Brennende R\u00e4ucherst\u00e4bchen niemals unbeaufsichtigt lassen. Stellen Sie sicher, dass alle Asche auf eine hitzebest\u00e4ndige und feuerfeste Oberfl\u00e4che f\u00e4llt. R\u00e4uchern Sie das R\u00e4ucherwerk nur in einem offenen oder gut bel\u00fcfteten Ort. Bitte bewahren Sie diese Informationen f\u00fcr sp\u00e4tere Nachweise auf<br \/>\n<div class=\"main-cross-sell\" data-asin=\"B00B0CR27Q\">\n\n\t<div class=\"WooZone-cross-sell-loader\">\n\t\t<div>\n\t\t\t<div id=\"floatingBarsG\">\n\t\t\t\t<div class=\"blockG\" id=\"rotateG_01\"><\/div>\n\t\t\t\t<div class=\"blockG\" id=\"rotateG_02\"><\/div>\n\t\t\t\t<div class=\"blockG\" id=\"rotateG_03\"><\/div>\n\t\t\t\t<div class=\"blockG\" id=\"rotateG_04\"><\/div>\n\t\t\t\t<div class=\"blockG\" id=\"rotateG_05\"><\/div>\n\t\t\t\t<div class=\"blockG\" id=\"rotateG_06\"><\/div>\n\t\t\t\t<div class=\"blockG\" id=\"rotateG_07\"><\/div>\n\t\t\t\t<div class=\"blockG\" id=\"rotateG_08\"><\/div>\n\t\t\t<\/div>\n\t\t\t<div class=\"WooZone-cross-sell-loader-text\"><\/div>\n\t\t<\/div>\n\t<\/div>\n\n\t\t\n<\/div>\n<div style=\"clear:both;\"><\/div><\/p>\n","protected":false},"excerpt":{"rendered":"<p>6 Boxen \u2013 je 20 g, insgesamt 120 g (ca. 120 St\u00e4bchen)<br \/>\nVorteile: R\u00e4ucherst\u00e4bchen sind attraktiv f\u00fcr die Sinne und sind angenehm f\u00fcr Augen und Nase. Im Allgemeinen werden R\u00e4ucherst\u00e4bchen verwendet, um den Duft eines Raumes oder B\u00fcros zu verst\u00e4rken oder w\u00e4hrend der Gebet, religi\u00f6sen Zeremonie, Meditation und Yoga-Praxis zu beten.<br \/>\nQualit\u00e4tsduft: Hilft die negativen Eigenschaften zu reduzieren und die positiven Aspekte aller Sternzeichen zu erh\u00f6hen. Der Duft der Sticks f\u00fcllt die Umgebung mit positiver Energie, um Ihren Wohnraum aromatisch und angenehm zu gestalten. Frei von sch\u00e4dlichen Chemikalien wie Benzol und Toluol. Sicher zum Mischen und Rollen mit einfachen H\u00e4nden.<\/p>\n","protected":false},"featured_media":152768,"comment_status":"open","ping_status":"closed","template":"","meta":[],"product_brand":[],"product_cat":[566,6496],"product_tag":[],"class_list":{"0":"post-152767","1":"product","2":"type-product","3":"status-publish","4":"has-post-thumbnail","6":"product_cat-drogerie-koerperpflege","7":"product_cat-wellness","8":"pa_binding-haushaltswaren","9":"pa_brand-hem","10":"pa_color-hellblau","11":"pa_height-0-75-zoll","12":"pa_length-9-75-zoll","13":"pa_manufacturer-hem","14":"pa_model-41969","15":"pa_width-4-5-zoll","17":"first","18":"instock","19":"shipping-taxable","20":"purchasable","21":"product-type-simple","22":"customify-col","23":"product-has-gallery"},"yoast_head":"<!-- This site is optimized with the Yoast SEO plugin v27.3 - https:\/\/yoast.com\/product\/yoast-seo-wordpress\/ -->\n<title>Call Money Hexa R\u00e4ucherst\u00e4bchen, 6 Packungen \u00e0 20 St\u00e4bchen = 120 St\u00e4bchen - Markt-XXL<\/title>\n<meta name=\"description\" content=\"Markt-XXL Call Money Hexa R\u00e4ucherst\u00e4bchen, 6 Packungen \u00e0 20 St\u00e4bchen = 120 St\u00e4bchen\" \/>\n<meta name=\"robots\" content=\"index, follow, max-snippet:-1, max-image-preview:large, max-video-preview:-1\" \/>\n<link rel=\"canonical\" href=\"https:\/\/marktxxl.de\/markt\/produkt\/call-money-hexa-raeucherstaebchen-6-packungen-a-20-staebchen-120-staebchen\/\" \/>\n<meta property=\"og:locale\" content=\"de_DE\" \/>\n<meta property=\"og:type\" content=\"article\" \/>\n<meta property=\"og:title\" content=\"Call Money Hexa R\u00e4ucherst\u00e4bchen, 6 Packungen \u00e0 20 St\u00e4bchen = 120 St\u00e4bchen - Markt-XXL\" \/>\n<meta property=\"og:description\" content=\"Markt-XXL Call Money Hexa R\u00e4ucherst\u00e4bchen, 6 Packungen \u00e0 20 St\u00e4bchen = 120 St\u00e4bchen\" \/>\n<meta property=\"og:url\" content=\"https:\/\/marktxxl.de\/markt\/produkt\/call-money-hexa-raeucherstaebchen-6-packungen-a-20-staebchen-120-staebchen\/\" \/>\n<meta property=\"og:site_name\" content=\"Markt-XXL\" \/>\n<meta property=\"article:modified_time\" content=\"2023-04-11T02:33:32+00:00\" \/>\n<meta property=\"og:image\" content=\"https:\/\/m.media-amazon.com\/images\/I\/51fFql4bheS._SL500_.jpg\" \/>\n\t<meta property=\"og:image:width\" content=\"500\" \/>\n\t<meta property=\"og:image:height\" content=\"500\" \/>\n\t<meta property=\"og:image:type\" content=\"image\/jpeg\" \/>\n<meta name=\"twitter:card\" content=\"summary_large_image\" \/>\n<meta name=\"twitter:label1\" content=\"Gesch\u00e4tzte Lesezeit\" \/>\n\t<meta name=\"twitter:data1\" content=\"1\u00a0Minute\" \/>\n<script type=\"application\/ld+json\" class=\"yoast-schema-graph\">{\"@context\":\"https:\\\/\\\/schema.org\",\"@graph\":[{\"@type\":\"WebPage\",\"@id\":\"https:\\\/\\\/marktxxl.de\\\/markt\\\/produkt\\\/call-money-hexa-raeucherstaebchen-6-packungen-a-20-staebchen-120-staebchen\\\/\",\"url\":\"https:\\\/\\\/marktxxl.de\\\/markt\\\/produkt\\\/call-money-hexa-raeucherstaebchen-6-packungen-a-20-staebchen-120-staebchen\\\/\",\"name\":\"Call Money Hexa R\u00e4ucherst\u00e4bchen, 6 Packungen \u00e0 20 St\u00e4bchen = 120 St\u00e4bchen - Markt-XXL\",\"isPartOf\":{\"@id\":\"https:\\\/\\\/marktxxl.de\\\/markt\\\/#website\"},\"primaryImageOfPage\":{\"@id\":\"https:\\\/\\\/marktxxl.de\\\/markt\\\/produkt\\\/call-money-hexa-raeucherstaebchen-6-packungen-a-20-staebchen-120-staebchen\\\/#primaryimage\"},\"image\":{\"@id\":\"https:\\\/\\\/marktxxl.de\\\/markt\\\/produkt\\\/call-money-hexa-raeucherstaebchen-6-packungen-a-20-staebchen-120-staebchen\\\/#primaryimage\"},\"thumbnailUrl\":\"https:\\\/\\\/m.media-amazon.com\\\/images\\\/I\\\/51fFql4bheS._SL500_.jpg\",\"datePublished\":\"2022-09-12T06:37:21+00:00\",\"dateModified\":\"2023-04-11T02:33:32+00:00\",\"description\":\"Markt-XXL Call Money Hexa R\u00e4ucherst\u00e4bchen, 6 Packungen \u00e0 20 St\u00e4bchen = 120 St\u00e4bchen\",\"breadcrumb\":{\"@id\":\"https:\\\/\\\/marktxxl.de\\\/markt\\\/produkt\\\/call-money-hexa-raeucherstaebchen-6-packungen-a-20-staebchen-120-staebchen\\\/#breadcrumb\"},\"inLanguage\":\"de\",\"potentialAction\":[{\"@type\":\"ReadAction\",\"target\":[\"https:\\\/\\\/marktxxl.de\\\/markt\\\/produkt\\\/call-money-hexa-raeucherstaebchen-6-packungen-a-20-staebchen-120-staebchen\\\/\"]}]},{\"@type\":\"ImageObject\",\"inLanguage\":\"de\",\"@id\":\"https:\\\/\\\/marktxxl.de\\\/markt\\\/produkt\\\/call-money-hexa-raeucherstaebchen-6-packungen-a-20-staebchen-120-staebchen\\\/#primaryimage\",\"url\":\"https:\\\/\\\/m.media-amazon.com\\\/images\\\/I\\\/51fFql4bheS._SL500_.jpg\",\"contentUrl\":\"https:\\\/\\\/m.media-amazon.com\\\/images\\\/I\\\/51fFql4bheS._SL500_.jpg\",\"width\":500,\"height\":500},{\"@type\":\"BreadcrumbList\",\"@id\":\"https:\\\/\\\/marktxxl.de\\\/markt\\\/produkt\\\/call-money-hexa-raeucherstaebchen-6-packungen-a-20-staebchen-120-staebchen\\\/#breadcrumb\",\"itemListElement\":[{\"@type\":\"ListItem\",\"position\":1,\"name\":\"Startseite\",\"item\":\"https:\\\/\\\/marktxxl.de\\\/markt\\\/\"},{\"@type\":\"ListItem\",\"position\":2,\"name\":\"Markt\",\"item\":\"https:\\\/\\\/marktxxl.de\\\/markt\\\/\"},{\"@type\":\"ListItem\",\"position\":3,\"name\":\"Call Money Hexa R\u00e4ucherst\u00e4bchen, 6 Packungen \u00e0 20 St\u00e4bchen = 120 St\u00e4bchen\"}]},{\"@type\":\"WebSite\",\"@id\":\"https:\\\/\\\/marktxxl.de\\\/markt\\\/#website\",\"url\":\"https:\\\/\\\/marktxxl.de\\\/markt\\\/\",\"name\":\"Markt-XXL\",\"description\":\"Ihr Markt Online\",\"publisher\":{\"@id\":\"https:\\\/\\\/marktxxl.de\\\/markt\\\/#organization\"},\"potentialAction\":[{\"@type\":\"SearchAction\",\"target\":{\"@type\":\"EntryPoint\",\"urlTemplate\":\"https:\\\/\\\/marktxxl.de\\\/markt\\\/?s={search_term_string}\"},\"query-input\":{\"@type\":\"PropertyValueSpecification\",\"valueRequired\":true,\"valueName\":\"search_term_string\"}}],\"inLanguage\":\"de\"},{\"@type\":\"Organization\",\"@id\":\"https:\\\/\\\/marktxxl.de\\\/markt\\\/#organization\",\"name\":\"Markt-XXL\",\"url\":\"https:\\\/\\\/marktxxl.de\\\/markt\\\/\",\"logo\":{\"@type\":\"ImageObject\",\"inLanguage\":\"de\",\"@id\":\"https:\\\/\\\/marktxxl.de\\\/markt\\\/#\\\/schema\\\/logo\\\/image\\\/\",\"url\":\"https:\\\/\\\/marktxxl.de\\\/markt\\\/wp-content\\\/uploads\\\/sites\\\/3\\\/2020\\\/12\\\/logo.png\",\"contentUrl\":\"https:\\\/\\\/marktxxl.de\\\/markt\\\/wp-content\\\/uploads\\\/sites\\\/3\\\/2020\\\/12\\\/logo.png\",\"width\":200,\"height\":70,\"caption\":\"Markt-XXL\"},\"image\":{\"@id\":\"https:\\\/\\\/marktxxl.de\\\/markt\\\/#\\\/schema\\\/logo\\\/image\\\/\"}}]}<\/script>\n<!-- \/ Yoast SEO plugin. -->","yoast_head_json":{"title":"Call Money Hexa R\u00e4ucherst\u00e4bchen, 6 Packungen \u00e0 20 St\u00e4bchen = 120 St\u00e4bchen - Markt-XXL","description":"Markt-XXL Call Money Hexa R\u00e4ucherst\u00e4bchen, 6 Packungen \u00e0 20 St\u00e4bchen = 120 St\u00e4bchen","robots":{"index":"index","follow":"follow","max-snippet":"max-snippet:-1","max-image-preview":"max-image-preview:large","max-video-preview":"max-video-preview:-1"},"canonical":"https:\/\/marktxxl.de\/markt\/produkt\/call-money-hexa-raeucherstaebchen-6-packungen-a-20-staebchen-120-staebchen\/","og_locale":"de_DE","og_type":"article","og_title":"Call Money Hexa R\u00e4ucherst\u00e4bchen, 6 Packungen \u00e0 20 St\u00e4bchen = 120 St\u00e4bchen - Markt-XXL","og_description":"Markt-XXL Call Money Hexa R\u00e4ucherst\u00e4bchen, 6 Packungen \u00e0 20 St\u00e4bchen = 120 St\u00e4bchen","og_url":"https:\/\/marktxxl.de\/markt\/produkt\/call-money-hexa-raeucherstaebchen-6-packungen-a-20-staebchen-120-staebchen\/","og_site_name":"Markt-XXL","article_modified_time":"2023-04-11T02:33:32+00:00","og_image":[{"width":500,"height":500,"url":"https:\/\/m.media-amazon.com\/images\/I\/51fFql4bheS._SL500_.jpg","type":"image\/jpeg"}],"twitter_card":"summary_large_image","twitter_misc":{"Gesch\u00e4tzte Lesezeit":"1\u00a0Minute"},"schema":{"@context":"https:\/\/schema.org","@graph":[{"@type":"WebPage","@id":"https:\/\/marktxxl.de\/markt\/produkt\/call-money-hexa-raeucherstaebchen-6-packungen-a-20-staebchen-120-staebchen\/","url":"https:\/\/marktxxl.de\/markt\/produkt\/call-money-hexa-raeucherstaebchen-6-packungen-a-20-staebchen-120-staebchen\/","name":"Call Money Hexa R\u00e4ucherst\u00e4bchen, 6 Packungen \u00e0 20 St\u00e4bchen = 120 St\u00e4bchen - Markt-XXL","isPartOf":{"@id":"https:\/\/marktxxl.de\/markt\/#website"},"primaryImageOfPage":{"@id":"https:\/\/marktxxl.de\/markt\/produkt\/call-money-hexa-raeucherstaebchen-6-packungen-a-20-staebchen-120-staebchen\/#primaryimage"},"image":{"@id":"https:\/\/marktxxl.de\/markt\/produkt\/call-money-hexa-raeucherstaebchen-6-packungen-a-20-staebchen-120-staebchen\/#primaryimage"},"thumbnailUrl":"https:\/\/m.media-amazon.com\/images\/I\/51fFql4bheS._SL500_.jpg","datePublished":"2022-09-12T06:37:21+00:00","dateModified":"2023-04-11T02:33:32+00:00","description":"Markt-XXL Call Money Hexa R\u00e4ucherst\u00e4bchen, 6 Packungen \u00e0 20 St\u00e4bchen = 120 St\u00e4bchen","breadcrumb":{"@id":"https:\/\/marktxxl.de\/markt\/produkt\/call-money-hexa-raeucherstaebchen-6-packungen-a-20-staebchen-120-staebchen\/#breadcrumb"},"inLanguage":"de","potentialAction":[{"@type":"ReadAction","target":["https:\/\/marktxxl.de\/markt\/produkt\/call-money-hexa-raeucherstaebchen-6-packungen-a-20-staebchen-120-staebchen\/"]}]},{"@type":"ImageObject","inLanguage":"de","@id":"https:\/\/marktxxl.de\/markt\/produkt\/call-money-hexa-raeucherstaebchen-6-packungen-a-20-staebchen-120-staebchen\/#primaryimage","url":"https:\/\/m.media-amazon.com\/images\/I\/51fFql4bheS._SL500_.jpg","contentUrl":"https:\/\/m.media-amazon.com\/images\/I\/51fFql4bheS._SL500_.jpg","width":500,"height":500},{"@type":"BreadcrumbList","@id":"https:\/\/marktxxl.de\/markt\/produkt\/call-money-hexa-raeucherstaebchen-6-packungen-a-20-staebchen-120-staebchen\/#breadcrumb","itemListElement":[{"@type":"ListItem","position":1,"name":"Startseite","item":"https:\/\/marktxxl.de\/markt\/"},{"@type":"ListItem","position":2,"name":"Markt","item":"https:\/\/marktxxl.de\/markt\/"},{"@type":"ListItem","position":3,"name":"Call Money Hexa R\u00e4ucherst\u00e4bchen, 6 Packungen \u00e0 20 St\u00e4bchen = 120 St\u00e4bchen"}]},{"@type":"WebSite","@id":"https:\/\/marktxxl.de\/markt\/#website","url":"https:\/\/marktxxl.de\/markt\/","name":"Markt-XXL","description":"Ihr Markt Online","publisher":{"@id":"https:\/\/marktxxl.de\/markt\/#organization"},"potentialAction":[{"@type":"SearchAction","target":{"@type":"EntryPoint","urlTemplate":"https:\/\/marktxxl.de\/markt\/?s={search_term_string}"},"query-input":{"@type":"PropertyValueSpecification","valueRequired":true,"valueName":"search_term_string"}}],"inLanguage":"de"},{"@type":"Organization","@id":"https:\/\/marktxxl.de\/markt\/#organization","name":"Markt-XXL","url":"https:\/\/marktxxl.de\/markt\/","logo":{"@type":"ImageObject","inLanguage":"de","@id":"https:\/\/marktxxl.de\/markt\/#\/schema\/logo\/image\/","url":"https:\/\/marktxxl.de\/markt\/wp-content\/uploads\/sites\/3\/2020\/12\/logo.png","contentUrl":"https:\/\/marktxxl.de\/markt\/wp-content\/uploads\/sites\/3\/2020\/12\/logo.png","width":200,"height":70,"caption":"Markt-XXL"},"image":{"@id":"https:\/\/marktxxl.de\/markt\/#\/schema\/logo\/image\/"}}]}},"_links":{"self":[{"href":"https:\/\/marktxxl.de\/markt\/wp-json\/wp\/v2\/product\/152767","targetHints":{"allow":["GET"]}}],"collection":[{"href":"https:\/\/marktxxl.de\/markt\/wp-json\/wp\/v2\/product"}],"about":[{"href":"https:\/\/marktxxl.de\/markt\/wp-json\/wp\/v2\/types\/product"}],"replies":[{"embeddable":true,"href":"https:\/\/marktxxl.de\/markt\/wp-json\/wp\/v2\/comments?post=152767"}],"wp:featuredmedia":[{"embeddable":true,"href":"https:\/\/marktxxl.de\/markt\/wp-json\/wp\/v2\/media\/152768"}],"wp:attachment":[{"href":"https:\/\/marktxxl.de\/markt\/wp-json\/wp\/v2\/media?parent=152767"}],"wp:term":[{"taxonomy":"product_brand","embeddable":true,"href":"https:\/\/marktxxl.de\/markt\/wp-json\/wp\/v2\/product_brand?post=152767"},{"taxonomy":"product_cat","embeddable":true,"href":"https:\/\/marktxxl.de\/markt\/wp-json\/wp\/v2\/product_cat?post=152767"},{"taxonomy":"product_tag","embeddable":true,"href":"https:\/\/marktxxl.de\/markt\/wp-json\/wp\/v2\/product_tag?post=152767"}],"curies":[{"name":"wp","href":"https:\/\/api.w.org\/{rel}","templated":true}]}}