{"id":152740,"date":"2022-09-12T08:35:20","date_gmt":"2022-09-12T06:35:20","guid":{"rendered":"https:\/\/marktxxl.de\/markt\/produkt\/young-living-white-angelica-essential-oil-5ml-by-young-living\/"},"modified":"2023-04-11T04:33:31","modified_gmt":"2023-04-11T02:33:31","slug":"young-living-white-angelica-essential-oil-5ml-by-young-living","status":"publish","type":"product","link":"https:\/\/marktxxl.de\/markt\/produkt\/young-living-white-angelica-essential-oil-5ml-by-young-living\/","title":{"rendered":"Young Living White Angelica Essential Oil 5ml by Young Living"},"content":{"rendered":"<p>Der wei\u00dfe Engel ist eine beruhigende und beruhigende Mischung, die manche Menschen nicht finden, f\u00f6rdert das Gef\u00fchl von Schutz und Geborgenheit. Es kombiniert \u00d6le, die in der Antike verwendet werden, um die Aura des K\u00f6rpers zu verbessern, was ein Gef\u00fchl von Kraft und Ausdauer hervorruft.<br \/>\nViele Menschen verwenden es als Schutz gegen negative Energien.<br \/>\nDie wei\u00dfe Engelwurzel funktioniert hervorragend auf den Schultern.<br \/>\nAuthentisches Produkt von White Living<br \/>\n<div class=\"main-cross-sell\" data-asin=\"B00HEWEMGA\">\n\n\t<div class=\"WooZone-cross-sell-loader\">\n\t\t<div>\n\t\t\t<div id=\"floatingBarsG\">\n\t\t\t\t<div class=\"blockG\" id=\"rotateG_01\"><\/div>\n\t\t\t\t<div class=\"blockG\" id=\"rotateG_02\"><\/div>\n\t\t\t\t<div class=\"blockG\" id=\"rotateG_03\"><\/div>\n\t\t\t\t<div class=\"blockG\" id=\"rotateG_04\"><\/div>\n\t\t\t\t<div class=\"blockG\" id=\"rotateG_05\"><\/div>\n\t\t\t\t<div class=\"blockG\" id=\"rotateG_06\"><\/div>\n\t\t\t\t<div class=\"blockG\" id=\"rotateG_07\"><\/div>\n\t\t\t\t<div class=\"blockG\" id=\"rotateG_08\"><\/div>\n\t\t\t<\/div>\n\t\t\t<div class=\"WooZone-cross-sell-loader-text\"><\/div>\n\t\t<\/div>\n\t<\/div>\n\n\t\t\n<\/div>\n<div style=\"clear:both;\"><\/div><\/p>\n","protected":false},"excerpt":{"rendered":"<p>Der wei\u00dfe Engel ist eine beruhigende und beruhigende Mischung, die manche Menschen nicht finden, f\u00f6rdert das Gef\u00fchl von Schutz und Geborgenheit. Es kombiniert \u00d6le, die in der Antike verwendet werden, um die Aura des K\u00f6rpers zu verbessern, was ein Gef\u00fchl von Kraft und Ausdauer hervorruft.<br \/>\nViele Menschen verwenden es als Schutz gegen negative Energien.<br \/>\nDie wei\u00dfe Engelwurzel funktioniert hervorragend auf den Schultern.<\/p>\n","protected":false},"featured_media":152741,"comment_status":"open","ping_status":"closed","template":"","meta":[],"product_brand":[],"product_cat":[566,6496],"product_tag":[],"class_list":{"0":"post-152740","1":"product","2":"type-product","3":"status-publish","4":"has-post-thumbnail","6":"product_cat-drogerie-koerperpflege","7":"product_cat-wellness","8":"pa_binding-badartikel","9":"pa_brand-young-living","10":"pa_height-2-25-zoll","11":"pa_length-0-8-zoll","12":"pa_manufacturer-young-living","13":"pa_model-41957","14":"pa_size-5-ml-1er-pack","15":"pa_weight-0-07-pfund","16":"pa_width-0-8-zoll","18":"first","19":"instock","20":"shipping-taxable","21":"purchasable","22":"product-type-simple","23":"customify-col","24":"product-has-gallery"},"yoast_head":"<!-- This site is optimized with the Yoast SEO plugin v27.4 - https:\/\/yoast.com\/product\/yoast-seo-wordpress\/ -->\n<title>Young Living White Angelica Essential Oil 5ml by Young Living - Markt-XXL<\/title>\n<meta name=\"description\" content=\"Markt-XXL Young Living White Angelica Essential Oil 5ml by Young Living\" \/>\n<meta name=\"robots\" content=\"index, follow, max-snippet:-1, max-image-preview:large, max-video-preview:-1\" \/>\n<link rel=\"canonical\" href=\"https:\/\/marktxxl.de\/markt\/produkt\/young-living-white-angelica-essential-oil-5ml-by-young-living\/\" \/>\n<meta property=\"og:locale\" content=\"de_DE\" \/>\n<meta property=\"og:type\" content=\"article\" \/>\n<meta property=\"og:title\" content=\"Young Living White Angelica Essential Oil 5ml by Young Living - Markt-XXL\" \/>\n<meta property=\"og:description\" content=\"Markt-XXL Young Living White Angelica Essential Oil 5ml by Young Living\" \/>\n<meta property=\"og:url\" content=\"https:\/\/marktxxl.de\/markt\/produkt\/young-living-white-angelica-essential-oil-5ml-by-young-living\/\" \/>\n<meta property=\"og:site_name\" content=\"Markt-XXL\" \/>\n<meta property=\"article:modified_time\" content=\"2023-04-11T02:33:31+00:00\" \/>\n<meta property=\"og:image\" content=\"https:\/\/m.media-amazon.com\/images\/I\/31UDSn1eMnL._SL500_.jpg\" \/>\n\t<meta property=\"og:image:width\" content=\"500\" \/>\n\t<meta property=\"og:image:height\" content=\"500\" \/>\n\t<meta property=\"og:image:type\" content=\"image\/jpeg\" \/>\n<meta name=\"twitter:card\" content=\"summary_large_image\" \/>\n<script type=\"application\/ld+json\" class=\"yoast-schema-graph\">{\"@context\":\"https:\\\/\\\/schema.org\",\"@graph\":[{\"@type\":\"WebPage\",\"@id\":\"https:\\\/\\\/marktxxl.de\\\/markt\\\/produkt\\\/young-living-white-angelica-essential-oil-5ml-by-young-living\\\/\",\"url\":\"https:\\\/\\\/marktxxl.de\\\/markt\\\/produkt\\\/young-living-white-angelica-essential-oil-5ml-by-young-living\\\/\",\"name\":\"Young Living White Angelica Essential Oil 5ml by Young Living - Markt-XXL\",\"isPartOf\":{\"@id\":\"https:\\\/\\\/marktxxl.de\\\/markt\\\/#website\"},\"primaryImageOfPage\":{\"@id\":\"https:\\\/\\\/marktxxl.de\\\/markt\\\/produkt\\\/young-living-white-angelica-essential-oil-5ml-by-young-living\\\/#primaryimage\"},\"image\":{\"@id\":\"https:\\\/\\\/marktxxl.de\\\/markt\\\/produkt\\\/young-living-white-angelica-essential-oil-5ml-by-young-living\\\/#primaryimage\"},\"thumbnailUrl\":\"https:\\\/\\\/m.media-amazon.com\\\/images\\\/I\\\/31UDSn1eMnL._SL500_.jpg\",\"datePublished\":\"2022-09-12T06:35:20+00:00\",\"dateModified\":\"2023-04-11T02:33:31+00:00\",\"description\":\"Markt-XXL Young Living White Angelica Essential Oil 5ml by Young Living\",\"breadcrumb\":{\"@id\":\"https:\\\/\\\/marktxxl.de\\\/markt\\\/produkt\\\/young-living-white-angelica-essential-oil-5ml-by-young-living\\\/#breadcrumb\"},\"inLanguage\":\"de\",\"potentialAction\":[{\"@type\":\"ReadAction\",\"target\":[\"https:\\\/\\\/marktxxl.de\\\/markt\\\/produkt\\\/young-living-white-angelica-essential-oil-5ml-by-young-living\\\/\"]}]},{\"@type\":\"ImageObject\",\"inLanguage\":\"de\",\"@id\":\"https:\\\/\\\/marktxxl.de\\\/markt\\\/produkt\\\/young-living-white-angelica-essential-oil-5ml-by-young-living\\\/#primaryimage\",\"url\":\"https:\\\/\\\/m.media-amazon.com\\\/images\\\/I\\\/31UDSn1eMnL._SL500_.jpg\",\"contentUrl\":\"https:\\\/\\\/m.media-amazon.com\\\/images\\\/I\\\/31UDSn1eMnL._SL500_.jpg\",\"width\":500,\"height\":500},{\"@type\":\"BreadcrumbList\",\"@id\":\"https:\\\/\\\/marktxxl.de\\\/markt\\\/produkt\\\/young-living-white-angelica-essential-oil-5ml-by-young-living\\\/#breadcrumb\",\"itemListElement\":[{\"@type\":\"ListItem\",\"position\":1,\"name\":\"Startseite\",\"item\":\"https:\\\/\\\/marktxxl.de\\\/markt\\\/\"},{\"@type\":\"ListItem\",\"position\":2,\"name\":\"Markt\",\"item\":\"https:\\\/\\\/marktxxl.de\\\/markt\\\/\"},{\"@type\":\"ListItem\",\"position\":3,\"name\":\"Young Living White Angelica Essential Oil 5ml by Young Living\"}]},{\"@type\":\"WebSite\",\"@id\":\"https:\\\/\\\/marktxxl.de\\\/markt\\\/#website\",\"url\":\"https:\\\/\\\/marktxxl.de\\\/markt\\\/\",\"name\":\"Markt-XXL\",\"description\":\"Ihr Markt Online\",\"publisher\":{\"@id\":\"https:\\\/\\\/marktxxl.de\\\/markt\\\/#organization\"},\"potentialAction\":[{\"@type\":\"SearchAction\",\"target\":{\"@type\":\"EntryPoint\",\"urlTemplate\":\"https:\\\/\\\/marktxxl.de\\\/markt\\\/?s={search_term_string}\"},\"query-input\":{\"@type\":\"PropertyValueSpecification\",\"valueRequired\":true,\"valueName\":\"search_term_string\"}}],\"inLanguage\":\"de\"},{\"@type\":\"Organization\",\"@id\":\"https:\\\/\\\/marktxxl.de\\\/markt\\\/#organization\",\"name\":\"Markt-XXL\",\"url\":\"https:\\\/\\\/marktxxl.de\\\/markt\\\/\",\"logo\":{\"@type\":\"ImageObject\",\"inLanguage\":\"de\",\"@id\":\"https:\\\/\\\/marktxxl.de\\\/markt\\\/#\\\/schema\\\/logo\\\/image\\\/\",\"url\":\"https:\\\/\\\/marktxxl.de\\\/markt\\\/wp-content\\\/uploads\\\/sites\\\/3\\\/2020\\\/12\\\/logo.png\",\"contentUrl\":\"https:\\\/\\\/marktxxl.de\\\/markt\\\/wp-content\\\/uploads\\\/sites\\\/3\\\/2020\\\/12\\\/logo.png\",\"width\":200,\"height\":70,\"caption\":\"Markt-XXL\"},\"image\":{\"@id\":\"https:\\\/\\\/marktxxl.de\\\/markt\\\/#\\\/schema\\\/logo\\\/image\\\/\"}}]}<\/script>\n<!-- \/ Yoast SEO plugin. -->","yoast_head_json":{"title":"Young Living White Angelica Essential Oil 5ml by Young Living - Markt-XXL","description":"Markt-XXL Young Living White Angelica Essential Oil 5ml by Young Living","robots":{"index":"index","follow":"follow","max-snippet":"max-snippet:-1","max-image-preview":"max-image-preview:large","max-video-preview":"max-video-preview:-1"},"canonical":"https:\/\/marktxxl.de\/markt\/produkt\/young-living-white-angelica-essential-oil-5ml-by-young-living\/","og_locale":"de_DE","og_type":"article","og_title":"Young Living White Angelica Essential Oil 5ml by Young Living - Markt-XXL","og_description":"Markt-XXL Young Living White Angelica Essential Oil 5ml by Young Living","og_url":"https:\/\/marktxxl.de\/markt\/produkt\/young-living-white-angelica-essential-oil-5ml-by-young-living\/","og_site_name":"Markt-XXL","article_modified_time":"2023-04-11T02:33:31+00:00","og_image":[{"width":500,"height":500,"url":"https:\/\/m.media-amazon.com\/images\/I\/31UDSn1eMnL._SL500_.jpg","type":"image\/jpeg"}],"twitter_card":"summary_large_image","schema":{"@context":"https:\/\/schema.org","@graph":[{"@type":"WebPage","@id":"https:\/\/marktxxl.de\/markt\/produkt\/young-living-white-angelica-essential-oil-5ml-by-young-living\/","url":"https:\/\/marktxxl.de\/markt\/produkt\/young-living-white-angelica-essential-oil-5ml-by-young-living\/","name":"Young Living White Angelica Essential Oil 5ml by Young Living - Markt-XXL","isPartOf":{"@id":"https:\/\/marktxxl.de\/markt\/#website"},"primaryImageOfPage":{"@id":"https:\/\/marktxxl.de\/markt\/produkt\/young-living-white-angelica-essential-oil-5ml-by-young-living\/#primaryimage"},"image":{"@id":"https:\/\/marktxxl.de\/markt\/produkt\/young-living-white-angelica-essential-oil-5ml-by-young-living\/#primaryimage"},"thumbnailUrl":"https:\/\/m.media-amazon.com\/images\/I\/31UDSn1eMnL._SL500_.jpg","datePublished":"2022-09-12T06:35:20+00:00","dateModified":"2023-04-11T02:33:31+00:00","description":"Markt-XXL Young Living White Angelica Essential Oil 5ml by Young Living","breadcrumb":{"@id":"https:\/\/marktxxl.de\/markt\/produkt\/young-living-white-angelica-essential-oil-5ml-by-young-living\/#breadcrumb"},"inLanguage":"de","potentialAction":[{"@type":"ReadAction","target":["https:\/\/marktxxl.de\/markt\/produkt\/young-living-white-angelica-essential-oil-5ml-by-young-living\/"]}]},{"@type":"ImageObject","inLanguage":"de","@id":"https:\/\/marktxxl.de\/markt\/produkt\/young-living-white-angelica-essential-oil-5ml-by-young-living\/#primaryimage","url":"https:\/\/m.media-amazon.com\/images\/I\/31UDSn1eMnL._SL500_.jpg","contentUrl":"https:\/\/m.media-amazon.com\/images\/I\/31UDSn1eMnL._SL500_.jpg","width":500,"height":500},{"@type":"BreadcrumbList","@id":"https:\/\/marktxxl.de\/markt\/produkt\/young-living-white-angelica-essential-oil-5ml-by-young-living\/#breadcrumb","itemListElement":[{"@type":"ListItem","position":1,"name":"Startseite","item":"https:\/\/marktxxl.de\/markt\/"},{"@type":"ListItem","position":2,"name":"Markt","item":"https:\/\/marktxxl.de\/markt\/"},{"@type":"ListItem","position":3,"name":"Young Living White Angelica Essential Oil 5ml by Young Living"}]},{"@type":"WebSite","@id":"https:\/\/marktxxl.de\/markt\/#website","url":"https:\/\/marktxxl.de\/markt\/","name":"Markt-XXL","description":"Ihr Markt Online","publisher":{"@id":"https:\/\/marktxxl.de\/markt\/#organization"},"potentialAction":[{"@type":"SearchAction","target":{"@type":"EntryPoint","urlTemplate":"https:\/\/marktxxl.de\/markt\/?s={search_term_string}"},"query-input":{"@type":"PropertyValueSpecification","valueRequired":true,"valueName":"search_term_string"}}],"inLanguage":"de"},{"@type":"Organization","@id":"https:\/\/marktxxl.de\/markt\/#organization","name":"Markt-XXL","url":"https:\/\/marktxxl.de\/markt\/","logo":{"@type":"ImageObject","inLanguage":"de","@id":"https:\/\/marktxxl.de\/markt\/#\/schema\/logo\/image\/","url":"https:\/\/marktxxl.de\/markt\/wp-content\/uploads\/sites\/3\/2020\/12\/logo.png","contentUrl":"https:\/\/marktxxl.de\/markt\/wp-content\/uploads\/sites\/3\/2020\/12\/logo.png","width":200,"height":70,"caption":"Markt-XXL"},"image":{"@id":"https:\/\/marktxxl.de\/markt\/#\/schema\/logo\/image\/"}}]}},"_links":{"self":[{"href":"https:\/\/marktxxl.de\/markt\/wp-json\/wp\/v2\/product\/152740","targetHints":{"allow":["GET"]}}],"collection":[{"href":"https:\/\/marktxxl.de\/markt\/wp-json\/wp\/v2\/product"}],"about":[{"href":"https:\/\/marktxxl.de\/markt\/wp-json\/wp\/v2\/types\/product"}],"replies":[{"embeddable":true,"href":"https:\/\/marktxxl.de\/markt\/wp-json\/wp\/v2\/comments?post=152740"}],"wp:featuredmedia":[{"embeddable":true,"href":"https:\/\/marktxxl.de\/markt\/wp-json\/wp\/v2\/media\/152741"}],"wp:attachment":[{"href":"https:\/\/marktxxl.de\/markt\/wp-json\/wp\/v2\/media?parent=152740"}],"wp:term":[{"taxonomy":"product_brand","embeddable":true,"href":"https:\/\/marktxxl.de\/markt\/wp-json\/wp\/v2\/product_brand?post=152740"},{"taxonomy":"product_cat","embeddable":true,"href":"https:\/\/marktxxl.de\/markt\/wp-json\/wp\/v2\/product_cat?post=152740"},{"taxonomy":"product_tag","embeddable":true,"href":"https:\/\/marktxxl.de\/markt\/wp-json\/wp\/v2\/product_tag?post=152740"}],"curies":[{"name":"wp","href":"https:\/\/api.w.org\/{rel}","templated":true}]}}