{"id":152610,"date":"2022-09-12T08:10:32","date_gmt":"2022-09-12T06:10:32","guid":{"rendered":"https:\/\/marktxxl.de\/markt\/produkt\/grill-trade-grillanzuender-50-stk-natuerlich-kamin-holzofen-lagerfeuer-feuerstelle-bbq-pizzaofen-allwetter-drinnen-aussen\/"},"modified":"2023-04-11T04:33:27","modified_gmt":"2023-04-11T02:33:27","slug":"grill-trade-grillanzuender-50-stk-natuerlich-kamin-holzofen-lagerfeuer-feuerstelle-bbq-pizzaofen-allwetter-drinnen-aussen","status":"publish","type":"product","link":"https:\/\/marktxxl.de\/markt\/produkt\/grill-trade-grillanzuender-50-stk-natuerlich-kamin-holzofen-lagerfeuer-feuerstelle-bbq-pizzaofen-allwetter-drinnen-aussen\/","title":{"rendered":"Grill Trade Grillanz\u00fcnder 50 STK | Nat\u00fcrlich | Kamin, Holzofen, Lagerfeuer, Feuerstelle, BBQ, Pizzaofen | Allwetter\u2026"},"content":{"rendered":"<p>Die Feuerstarter bestehen aus naturbelassenen Kiefernholzsp\u00e4nen und lebensmittelechtem Wachs. Grillanz\u00fcnder riecht nicht und raucht nicht &#8211; ideales Anz\u00fcndholz f\u00fcr den Innen- und Au\u00dfenbereich.<br \/>\nIm Gegensatz zu den \u00fcblichen Feuerstarter-Quadraten, Feuerstarter-W\u00fcrfeln oder Lightning Nuggets bestehen die Grill Trades Feuerstarter ausschlie\u00dflich aus organischen Materialien, die zum Kochen geeignet sind.<br \/>\nDer Feueranz\u00fcnder hat eine Brenndauer von 8-10 Minuten. Muss man unter Grillzubeh\u00f6r haben. Sie brauchen nur ein St\u00fcck, um ein Feuer zu entz\u00fcnden.<br \/>\nEs ist n\u00fctzlich f\u00fcr Camping Lagerfeuer, Picknick oder Grillparty. Es nimmt nicht viel Platz ein und muss nicht besonders gelagert werden.<br \/>\nDies ist ein hervorragendes Geschenk f\u00fcr Ihren Ehemann oder Nachbarn. Feueranz\u00fcnder vereinfachen das Anz\u00fcnden von Feuer so weit wie m\u00f6glich. Jetzt m\u00fcssen Sie kein Papier, keine sch\u00e4dlichen Fl\u00fcssigkeiten und keine elektrischen Ger\u00e4te mehr verwenden.<br \/>\n<div class=\"main-cross-sell\" data-asin=\"B07CXRR2JS\">\n\n\t<div class=\"WooZone-cross-sell-loader\">\n\t\t<div>\n\t\t\t<div id=\"floatingBarsG\">\n\t\t\t\t<div class=\"blockG\" id=\"rotateG_01\"><\/div>\n\t\t\t\t<div class=\"blockG\" id=\"rotateG_02\"><\/div>\n\t\t\t\t<div class=\"blockG\" id=\"rotateG_03\"><\/div>\n\t\t\t\t<div class=\"blockG\" id=\"rotateG_04\"><\/div>\n\t\t\t\t<div class=\"blockG\" id=\"rotateG_05\"><\/div>\n\t\t\t\t<div class=\"blockG\" id=\"rotateG_06\"><\/div>\n\t\t\t\t<div class=\"blockG\" id=\"rotateG_07\"><\/div>\n\t\t\t\t<div class=\"blockG\" id=\"rotateG_08\"><\/div>\n\t\t\t<\/div>\n\t\t\t<div class=\"WooZone-cross-sell-loader-text\"><\/div>\n\t\t<\/div>\n\t<\/div>\n\n\t\t\n<\/div>\n<div style=\"clear:both;\"><\/div><\/p>\n","protected":false},"excerpt":{"rendered":"<p>Die Feuerstarter bestehen aus naturbelassenen Kiefernholzsp\u00e4nen und lebensmittelechtem Wachs. Grillanz\u00fcnder riecht nicht und raucht nicht &#8211; ideales Anz\u00fcndholz f\u00fcr den Innen- und Au\u00dfenbereich.<br \/>\nIm Gegensatz zu den \u00fcblichen Feuerstarter-Quadraten, Feuerstarter-W\u00fcrfeln oder Lightning Nuggets bestehen die Grill Trades Feuerstarter ausschlie\u00dflich aus organischen Materialien, die zum Kochen geeignet sind.<br \/>\nDer Feueranz\u00fcnder hat eine Brenndauer von 8-10 Minuten. Muss man unter Grillzubeh\u00f6r haben. Sie brauchen nur ein St\u00fcck, um ein Feuer zu entz\u00fcnden.<\/p>\n","protected":false},"featured_media":152611,"comment_status":"open","ping_status":"closed","template":"","meta":[],"product_brand":[],"product_cat":[1983,11036],"product_tag":[],"class_list":{"0":"post-152610","1":"product","2":"type-product","3":"status-publish","4":"has-post-thumbnail","6":"product_cat-baumarkt","7":"product_cat-kamine","8":"pa_binding-gartenartikel","9":"pa_brand-grill-trade","10":"pa_height-5-52-zoll","11":"pa_length-5-52-zoll","12":"pa_manufacturer-grill-trade","13":"pa_model-sg_b07cxrr2js_us","14":"pa_size-17-cm-25-cm","15":"pa_width-5-52-zoll","17":"first","18":"instock","19":"shipping-taxable","20":"purchasable","21":"product-type-simple","22":"customify-col","23":"product-has-gallery"},"yoast_head":"<!-- This site is optimized with the Yoast SEO plugin v27.4 - https:\/\/yoast.com\/product\/yoast-seo-wordpress\/ -->\n<title>Grill Trade Grillanz\u00fcnder 50 STK | Nat\u00fcrlich | Kamin, Holzofen, Lagerfeuer, Feuerstelle, BBQ, Pizzaofen | Allwetter\u2026 - Markt-XXL<\/title>\n<meta name=\"description\" content=\"Markt-XXL Grill Trade Grillanz\u00fcnder 50 STK | Nat\u00fcrlich | Kamin, Holzofen, Lagerfeuer, Feuerstelle, BBQ, Pizzaofen | Allwetter\u2026\" \/>\n<meta name=\"robots\" content=\"index, follow, max-snippet:-1, max-image-preview:large, max-video-preview:-1\" \/>\n<link rel=\"canonical\" href=\"https:\/\/marktxxl.de\/markt\/produkt\/grill-trade-grillanzuender-50-stk-natuerlich-kamin-holzofen-lagerfeuer-feuerstelle-bbq-pizzaofen-allwetter-drinnen-aussen\/\" \/>\n<meta property=\"og:locale\" content=\"de_DE\" \/>\n<meta property=\"og:type\" content=\"article\" \/>\n<meta property=\"og:title\" content=\"Grill Trade Grillanz\u00fcnder 50 STK | Nat\u00fcrlich | Kamin, Holzofen, Lagerfeuer, Feuerstelle, BBQ, Pizzaofen | Allwetter\u2026 - Markt-XXL\" \/>\n<meta property=\"og:description\" content=\"Markt-XXL Grill Trade Grillanz\u00fcnder 50 STK | Nat\u00fcrlich | Kamin, Holzofen, Lagerfeuer, Feuerstelle, BBQ, Pizzaofen | Allwetter\u2026\" \/>\n<meta property=\"og:url\" content=\"https:\/\/marktxxl.de\/markt\/produkt\/grill-trade-grillanzuender-50-stk-natuerlich-kamin-holzofen-lagerfeuer-feuerstelle-bbq-pizzaofen-allwetter-drinnen-aussen\/\" \/>\n<meta property=\"og:site_name\" content=\"Markt-XXL\" \/>\n<meta property=\"article:modified_time\" content=\"2023-04-11T02:33:27+00:00\" \/>\n<meta property=\"og:image\" content=\"https:\/\/m.media-amazon.com\/images\/I\/51mOgz96FJL._SL500_.jpg\" \/>\n\t<meta property=\"og:image:width\" content=\"500\" \/>\n\t<meta property=\"og:image:height\" content=\"500\" \/>\n\t<meta property=\"og:image:type\" content=\"image\/jpeg\" \/>\n<meta name=\"twitter:card\" content=\"summary_large_image\" \/>\n<meta name=\"twitter:label1\" content=\"Gesch\u00e4tzte Lesezeit\" \/>\n\t<meta name=\"twitter:data1\" content=\"1\u00a0Minute\" \/>\n<script type=\"application\/ld+json\" class=\"yoast-schema-graph\">{\"@context\":\"https:\\\/\\\/schema.org\",\"@graph\":[{\"@type\":\"WebPage\",\"@id\":\"https:\\\/\\\/marktxxl.de\\\/markt\\\/produkt\\\/grill-trade-grillanzuender-50-stk-natuerlich-kamin-holzofen-lagerfeuer-feuerstelle-bbq-pizzaofen-allwetter-drinnen-aussen\\\/\",\"url\":\"https:\\\/\\\/marktxxl.de\\\/markt\\\/produkt\\\/grill-trade-grillanzuender-50-stk-natuerlich-kamin-holzofen-lagerfeuer-feuerstelle-bbq-pizzaofen-allwetter-drinnen-aussen\\\/\",\"name\":\"Grill Trade Grillanz\u00fcnder 50 STK | Nat\u00fcrlich | Kamin, Holzofen, Lagerfeuer, Feuerstelle, BBQ, Pizzaofen | Allwetter\u2026 - Markt-XXL\",\"isPartOf\":{\"@id\":\"https:\\\/\\\/marktxxl.de\\\/markt\\\/#website\"},\"primaryImageOfPage\":{\"@id\":\"https:\\\/\\\/marktxxl.de\\\/markt\\\/produkt\\\/grill-trade-grillanzuender-50-stk-natuerlich-kamin-holzofen-lagerfeuer-feuerstelle-bbq-pizzaofen-allwetter-drinnen-aussen\\\/#primaryimage\"},\"image\":{\"@id\":\"https:\\\/\\\/marktxxl.de\\\/markt\\\/produkt\\\/grill-trade-grillanzuender-50-stk-natuerlich-kamin-holzofen-lagerfeuer-feuerstelle-bbq-pizzaofen-allwetter-drinnen-aussen\\\/#primaryimage\"},\"thumbnailUrl\":\"https:\\\/\\\/m.media-amazon.com\\\/images\\\/I\\\/51mOgz96FJL._SL500_.jpg\",\"datePublished\":\"2022-09-12T06:10:32+00:00\",\"dateModified\":\"2023-04-11T02:33:27+00:00\",\"description\":\"Markt-XXL Grill Trade Grillanz\u00fcnder 50 STK | Nat\u00fcrlich | Kamin, Holzofen, Lagerfeuer, Feuerstelle, BBQ, Pizzaofen | Allwetter\u2026\",\"breadcrumb\":{\"@id\":\"https:\\\/\\\/marktxxl.de\\\/markt\\\/produkt\\\/grill-trade-grillanzuender-50-stk-natuerlich-kamin-holzofen-lagerfeuer-feuerstelle-bbq-pizzaofen-allwetter-drinnen-aussen\\\/#breadcrumb\"},\"inLanguage\":\"de\",\"potentialAction\":[{\"@type\":\"ReadAction\",\"target\":[\"https:\\\/\\\/marktxxl.de\\\/markt\\\/produkt\\\/grill-trade-grillanzuender-50-stk-natuerlich-kamin-holzofen-lagerfeuer-feuerstelle-bbq-pizzaofen-allwetter-drinnen-aussen\\\/\"]}]},{\"@type\":\"ImageObject\",\"inLanguage\":\"de\",\"@id\":\"https:\\\/\\\/marktxxl.de\\\/markt\\\/produkt\\\/grill-trade-grillanzuender-50-stk-natuerlich-kamin-holzofen-lagerfeuer-feuerstelle-bbq-pizzaofen-allwetter-drinnen-aussen\\\/#primaryimage\",\"url\":\"https:\\\/\\\/m.media-amazon.com\\\/images\\\/I\\\/51mOgz96FJL._SL500_.jpg\",\"contentUrl\":\"https:\\\/\\\/m.media-amazon.com\\\/images\\\/I\\\/51mOgz96FJL._SL500_.jpg\",\"width\":500,\"height\":500},{\"@type\":\"BreadcrumbList\",\"@id\":\"https:\\\/\\\/marktxxl.de\\\/markt\\\/produkt\\\/grill-trade-grillanzuender-50-stk-natuerlich-kamin-holzofen-lagerfeuer-feuerstelle-bbq-pizzaofen-allwetter-drinnen-aussen\\\/#breadcrumb\",\"itemListElement\":[{\"@type\":\"ListItem\",\"position\":1,\"name\":\"Startseite\",\"item\":\"https:\\\/\\\/marktxxl.de\\\/markt\\\/\"},{\"@type\":\"ListItem\",\"position\":2,\"name\":\"Markt\",\"item\":\"https:\\\/\\\/marktxxl.de\\\/markt\\\/\"},{\"@type\":\"ListItem\",\"position\":3,\"name\":\"Grill Trade Grillanz\u00fcnder 50 STK | Nat\u00fcrlich | Kamin, Holzofen, Lagerfeuer, Feuerstelle, BBQ, Pizzaofen | Allwetter\u2026\"}]},{\"@type\":\"WebSite\",\"@id\":\"https:\\\/\\\/marktxxl.de\\\/markt\\\/#website\",\"url\":\"https:\\\/\\\/marktxxl.de\\\/markt\\\/\",\"name\":\"Markt-XXL\",\"description\":\"Ihr Markt Online\",\"publisher\":{\"@id\":\"https:\\\/\\\/marktxxl.de\\\/markt\\\/#organization\"},\"potentialAction\":[{\"@type\":\"SearchAction\",\"target\":{\"@type\":\"EntryPoint\",\"urlTemplate\":\"https:\\\/\\\/marktxxl.de\\\/markt\\\/?s={search_term_string}\"},\"query-input\":{\"@type\":\"PropertyValueSpecification\",\"valueRequired\":true,\"valueName\":\"search_term_string\"}}],\"inLanguage\":\"de\"},{\"@type\":\"Organization\",\"@id\":\"https:\\\/\\\/marktxxl.de\\\/markt\\\/#organization\",\"name\":\"Markt-XXL\",\"url\":\"https:\\\/\\\/marktxxl.de\\\/markt\\\/\",\"logo\":{\"@type\":\"ImageObject\",\"inLanguage\":\"de\",\"@id\":\"https:\\\/\\\/marktxxl.de\\\/markt\\\/#\\\/schema\\\/logo\\\/image\\\/\",\"url\":\"https:\\\/\\\/marktxxl.de\\\/markt\\\/wp-content\\\/uploads\\\/sites\\\/3\\\/2020\\\/12\\\/logo.png\",\"contentUrl\":\"https:\\\/\\\/marktxxl.de\\\/markt\\\/wp-content\\\/uploads\\\/sites\\\/3\\\/2020\\\/12\\\/logo.png\",\"width\":200,\"height\":70,\"caption\":\"Markt-XXL\"},\"image\":{\"@id\":\"https:\\\/\\\/marktxxl.de\\\/markt\\\/#\\\/schema\\\/logo\\\/image\\\/\"}}]}<\/script>\n<!-- \/ Yoast SEO plugin. -->","yoast_head_json":{"title":"Grill Trade Grillanz\u00fcnder 50 STK | Nat\u00fcrlich | Kamin, Holzofen, Lagerfeuer, Feuerstelle, BBQ, Pizzaofen | Allwetter\u2026 - Markt-XXL","description":"Markt-XXL Grill Trade Grillanz\u00fcnder 50 STK | Nat\u00fcrlich | Kamin, Holzofen, Lagerfeuer, Feuerstelle, BBQ, Pizzaofen | Allwetter\u2026","robots":{"index":"index","follow":"follow","max-snippet":"max-snippet:-1","max-image-preview":"max-image-preview:large","max-video-preview":"max-video-preview:-1"},"canonical":"https:\/\/marktxxl.de\/markt\/produkt\/grill-trade-grillanzuender-50-stk-natuerlich-kamin-holzofen-lagerfeuer-feuerstelle-bbq-pizzaofen-allwetter-drinnen-aussen\/","og_locale":"de_DE","og_type":"article","og_title":"Grill Trade Grillanz\u00fcnder 50 STK | Nat\u00fcrlich | Kamin, Holzofen, Lagerfeuer, Feuerstelle, BBQ, Pizzaofen | Allwetter\u2026 - Markt-XXL","og_description":"Markt-XXL Grill Trade Grillanz\u00fcnder 50 STK | Nat\u00fcrlich | Kamin, Holzofen, Lagerfeuer, Feuerstelle, BBQ, Pizzaofen | Allwetter\u2026","og_url":"https:\/\/marktxxl.de\/markt\/produkt\/grill-trade-grillanzuender-50-stk-natuerlich-kamin-holzofen-lagerfeuer-feuerstelle-bbq-pizzaofen-allwetter-drinnen-aussen\/","og_site_name":"Markt-XXL","article_modified_time":"2023-04-11T02:33:27+00:00","og_image":[{"width":500,"height":500,"url":"https:\/\/m.media-amazon.com\/images\/I\/51mOgz96FJL._SL500_.jpg","type":"image\/jpeg"}],"twitter_card":"summary_large_image","twitter_misc":{"Gesch\u00e4tzte Lesezeit":"1\u00a0Minute"},"schema":{"@context":"https:\/\/schema.org","@graph":[{"@type":"WebPage","@id":"https:\/\/marktxxl.de\/markt\/produkt\/grill-trade-grillanzuender-50-stk-natuerlich-kamin-holzofen-lagerfeuer-feuerstelle-bbq-pizzaofen-allwetter-drinnen-aussen\/","url":"https:\/\/marktxxl.de\/markt\/produkt\/grill-trade-grillanzuender-50-stk-natuerlich-kamin-holzofen-lagerfeuer-feuerstelle-bbq-pizzaofen-allwetter-drinnen-aussen\/","name":"Grill Trade Grillanz\u00fcnder 50 STK | Nat\u00fcrlich | Kamin, Holzofen, Lagerfeuer, Feuerstelle, BBQ, Pizzaofen | Allwetter\u2026 - Markt-XXL","isPartOf":{"@id":"https:\/\/marktxxl.de\/markt\/#website"},"primaryImageOfPage":{"@id":"https:\/\/marktxxl.de\/markt\/produkt\/grill-trade-grillanzuender-50-stk-natuerlich-kamin-holzofen-lagerfeuer-feuerstelle-bbq-pizzaofen-allwetter-drinnen-aussen\/#primaryimage"},"image":{"@id":"https:\/\/marktxxl.de\/markt\/produkt\/grill-trade-grillanzuender-50-stk-natuerlich-kamin-holzofen-lagerfeuer-feuerstelle-bbq-pizzaofen-allwetter-drinnen-aussen\/#primaryimage"},"thumbnailUrl":"https:\/\/m.media-amazon.com\/images\/I\/51mOgz96FJL._SL500_.jpg","datePublished":"2022-09-12T06:10:32+00:00","dateModified":"2023-04-11T02:33:27+00:00","description":"Markt-XXL Grill Trade Grillanz\u00fcnder 50 STK | Nat\u00fcrlich | Kamin, Holzofen, Lagerfeuer, Feuerstelle, BBQ, Pizzaofen | Allwetter\u2026","breadcrumb":{"@id":"https:\/\/marktxxl.de\/markt\/produkt\/grill-trade-grillanzuender-50-stk-natuerlich-kamin-holzofen-lagerfeuer-feuerstelle-bbq-pizzaofen-allwetter-drinnen-aussen\/#breadcrumb"},"inLanguage":"de","potentialAction":[{"@type":"ReadAction","target":["https:\/\/marktxxl.de\/markt\/produkt\/grill-trade-grillanzuender-50-stk-natuerlich-kamin-holzofen-lagerfeuer-feuerstelle-bbq-pizzaofen-allwetter-drinnen-aussen\/"]}]},{"@type":"ImageObject","inLanguage":"de","@id":"https:\/\/marktxxl.de\/markt\/produkt\/grill-trade-grillanzuender-50-stk-natuerlich-kamin-holzofen-lagerfeuer-feuerstelle-bbq-pizzaofen-allwetter-drinnen-aussen\/#primaryimage","url":"https:\/\/m.media-amazon.com\/images\/I\/51mOgz96FJL._SL500_.jpg","contentUrl":"https:\/\/m.media-amazon.com\/images\/I\/51mOgz96FJL._SL500_.jpg","width":500,"height":500},{"@type":"BreadcrumbList","@id":"https:\/\/marktxxl.de\/markt\/produkt\/grill-trade-grillanzuender-50-stk-natuerlich-kamin-holzofen-lagerfeuer-feuerstelle-bbq-pizzaofen-allwetter-drinnen-aussen\/#breadcrumb","itemListElement":[{"@type":"ListItem","position":1,"name":"Startseite","item":"https:\/\/marktxxl.de\/markt\/"},{"@type":"ListItem","position":2,"name":"Markt","item":"https:\/\/marktxxl.de\/markt\/"},{"@type":"ListItem","position":3,"name":"Grill Trade Grillanz\u00fcnder 50 STK | Nat\u00fcrlich | Kamin, Holzofen, Lagerfeuer, Feuerstelle, BBQ, Pizzaofen | Allwetter\u2026"}]},{"@type":"WebSite","@id":"https:\/\/marktxxl.de\/markt\/#website","url":"https:\/\/marktxxl.de\/markt\/","name":"Markt-XXL","description":"Ihr Markt Online","publisher":{"@id":"https:\/\/marktxxl.de\/markt\/#organization"},"potentialAction":[{"@type":"SearchAction","target":{"@type":"EntryPoint","urlTemplate":"https:\/\/marktxxl.de\/markt\/?s={search_term_string}"},"query-input":{"@type":"PropertyValueSpecification","valueRequired":true,"valueName":"search_term_string"}}],"inLanguage":"de"},{"@type":"Organization","@id":"https:\/\/marktxxl.de\/markt\/#organization","name":"Markt-XXL","url":"https:\/\/marktxxl.de\/markt\/","logo":{"@type":"ImageObject","inLanguage":"de","@id":"https:\/\/marktxxl.de\/markt\/#\/schema\/logo\/image\/","url":"https:\/\/marktxxl.de\/markt\/wp-content\/uploads\/sites\/3\/2020\/12\/logo.png","contentUrl":"https:\/\/marktxxl.de\/markt\/wp-content\/uploads\/sites\/3\/2020\/12\/logo.png","width":200,"height":70,"caption":"Markt-XXL"},"image":{"@id":"https:\/\/marktxxl.de\/markt\/#\/schema\/logo\/image\/"}}]}},"_links":{"self":[{"href":"https:\/\/marktxxl.de\/markt\/wp-json\/wp\/v2\/product\/152610","targetHints":{"allow":["GET"]}}],"collection":[{"href":"https:\/\/marktxxl.de\/markt\/wp-json\/wp\/v2\/product"}],"about":[{"href":"https:\/\/marktxxl.de\/markt\/wp-json\/wp\/v2\/types\/product"}],"replies":[{"embeddable":true,"href":"https:\/\/marktxxl.de\/markt\/wp-json\/wp\/v2\/comments?post=152610"}],"wp:featuredmedia":[{"embeddable":true,"href":"https:\/\/marktxxl.de\/markt\/wp-json\/wp\/v2\/media\/152611"}],"wp:attachment":[{"href":"https:\/\/marktxxl.de\/markt\/wp-json\/wp\/v2\/media?parent=152610"}],"wp:term":[{"taxonomy":"product_brand","embeddable":true,"href":"https:\/\/marktxxl.de\/markt\/wp-json\/wp\/v2\/product_brand?post=152610"},{"taxonomy":"product_cat","embeddable":true,"href":"https:\/\/marktxxl.de\/markt\/wp-json\/wp\/v2\/product_cat?post=152610"},{"taxonomy":"product_tag","embeddable":true,"href":"https:\/\/marktxxl.de\/markt\/wp-json\/wp\/v2\/product_tag?post=152610"}],"curies":[{"name":"wp","href":"https:\/\/api.w.org\/{rel}","templated":true}]}}