{"id":152589,"date":"2022-09-12T08:08:07","date_gmt":"2022-09-12T06:08:07","guid":{"rendered":"https:\/\/marktxxl.de\/markt\/produkt\/funkenschutzplatte-tropfenbogen-fuenfeck-und-viertelkreis-mit-dichtlippe-staerke-6-und-8mm\/"},"modified":"2023-04-11T04:33:27","modified_gmt":"2023-04-11T02:33:27","slug":"funkenschutzplatte-tropfenbogen-fuenfeck-und-viertelkreis-mit-dichtlippe-staerke-6-und-8mm","status":"publish","type":"product","link":"https:\/\/marktxxl.de\/markt\/produkt\/funkenschutzplatte-tropfenbogen-fuenfeck-und-viertelkreis-mit-dichtlippe-staerke-6-und-8mm\/","title":{"rendered":"BIJON Glasplatte Tropfenbogen f\u00fcr Kaminofen mit Dichtlippe, Glasbodenplatte &#8211; Funkenschutzplatte Glas mit\u2026"},"content":{"rendered":"<p>\ud83d\udd25 FUNKENSCHUTZ-PLATTE &#8211; mit extremer Belastbarkeit, Schlagfestigkeit sowie Hitzebest\u00e4ndigkeit bis zu 300 Grad Celsius! Durch unsere Bijon Kaminbodenplatte wird Ihr Boden gegen Funken optimal gesch\u00fctzt<br \/>\n\ud83d\udd25 FACETTENSCHLIFF &#8211; Die Bijon Kamin Glasplatte ist mit einem hochwertigen Facettenschliff veredelt, um einen sch\u00f6nen und fl\u00fcssiger \u00dcbergang zum Boden entstehen zu lassen<br \/>\n\ud83d\udd25 SILIKON-DICHTLIPPE ist beidseitig klebend damit es ich optimal an die Rundungen anpasst, um Ihren Boden sch\u00f6n aussehen zu lassen. Des Weiteren ist die Kamin Dichtlippe \u00e4u\u00dfert dauerelastisch und Glasklar transparent<br \/>\n\ud83d\udd25 EINFACHE MONTAGE &#8211; In wenigen Minuten k\u00f6nnen Sie die Kaminbodenplatte bei Ihnen Zuhause sicher montieren, um Ihr Parkett oder Laminat vor Besch\u00e4digungen, Schmutz und Verbrennungen zuverl\u00e4ssig zu sch\u00fctzen<br \/>\n\ud83d\udd25 100% ZUFRIEDENHEIT &amp; MARKENQUALIT\u00c4T &#8211; Wir sind von unserer Bijon Kaminbodenplatte absolut \u00fcberzeugt, jetzt sind Sie an der Reihe. Holen Sie sich Ihre Ofen Glasplatte! Sollten Sie trotz allem einmal mit einem Produkt unzufrieden sein, melden Sie sich gerne bei uns! Denn nichts liegt uns bei Bijon mehr am Herzen als Ihre vollste Zufriedenheit.<br \/>\n<div class=\"main-cross-sell\" data-asin=\"B0BB68MYDP\">\n\n\t<div class=\"WooZone-cross-sell-loader\">\n\t\t<div>\n\t\t\t<div id=\"floatingBarsG\">\n\t\t\t\t<div class=\"blockG\" id=\"rotateG_01\"><\/div>\n\t\t\t\t<div class=\"blockG\" id=\"rotateG_02\"><\/div>\n\t\t\t\t<div class=\"blockG\" id=\"rotateG_03\"><\/div>\n\t\t\t\t<div class=\"blockG\" id=\"rotateG_04\"><\/div>\n\t\t\t\t<div class=\"blockG\" id=\"rotateG_05\"><\/div>\n\t\t\t\t<div class=\"blockG\" id=\"rotateG_06\"><\/div>\n\t\t\t\t<div class=\"blockG\" id=\"rotateG_07\"><\/div>\n\t\t\t\t<div class=\"blockG\" id=\"rotateG_08\"><\/div>\n\t\t\t<\/div>\n\t\t\t<div class=\"WooZone-cross-sell-loader-text\"><\/div>\n\t\t<\/div>\n\t<\/div>\n\n\t\t\n<\/div>\n<div style=\"clear:both;\"><\/div><\/p>\n","protected":false},"excerpt":{"rendered":"<p>\ud83d\udd25 FUNKENSCHUTZ-PLATTE &#8211; mit extremer Belastbarkeit, Schlagfestigkeit sowie Hitzebest\u00e4ndigkeit bis zu 300 Grad Celsius! Durch unsere Bijon Kaminbodenplatte wird Ihr Boden gegen Funken optimal gesch\u00fctzt<br \/>\n\ud83d\udd25 FACETTENSCHLIFF &#8211; Die Bijon Kamin Glasplatte ist mit einem hochwertigen Facettenschliff veredelt, um einen sch\u00f6nen und fl\u00fcssiger \u00dcbergang zum Boden entstehen zu lassen<br \/>\n\ud83d\udd25 SILIKON-DICHTLIPPE ist beidseitig klebend damit es ich optimal an die Rundungen anpasst, um Ihren Boden sch\u00f6n aussehen zu lassen. Des Weiteren ist die Kamin Dichtlippe \u00e4u\u00dfert dauerelastisch und Glasklar transparent<\/p>\n","protected":false},"featured_media":152590,"comment_status":"open","ping_status":"closed","template":"","meta":[],"product_brand":[],"product_cat":[1983,11036],"product_tag":[],"class_list":{"0":"post-152589","1":"product","2":"type-product","3":"status-publish","4":"has-post-thumbnail","6":"product_cat-baumarkt","7":"product_cat-kamine","8":"pa_brand-bijon","9":"pa_color-transparent","10":"pa_manufacturer-glasshop24","11":"pa_model-40512","12":"pa_size-staerke-6-und-8mm","14":"first","15":"instock","16":"shipping-taxable","17":"purchasable","18":"product-type-simple","19":"customify-col","20":"product-has-gallery"},"yoast_head":"<!-- This site is optimized with the Yoast SEO plugin v27.4 - https:\/\/yoast.com\/product\/yoast-seo-wordpress\/ -->\n<title>BIJON Glasplatte Tropfenbogen f\u00fcr Kaminofen mit Dichtlippe, Glasbodenplatte - Funkenschutzplatte Glas mit\u2026 - Markt-XXL<\/title>\n<meta name=\"description\" content=\"Markt-XXL BIJON Glasplatte Tropfenbogen f\u00fcr Kaminofen mit Dichtlippe, Glasbodenplatte - Funkenschutzplatte Glas mit\u2026\" \/>\n<meta name=\"robots\" content=\"index, follow, max-snippet:-1, max-image-preview:large, max-video-preview:-1\" \/>\n<link rel=\"canonical\" href=\"https:\/\/marktxxl.de\/markt\/produkt\/funkenschutzplatte-tropfenbogen-fuenfeck-und-viertelkreis-mit-dichtlippe-staerke-6-und-8mm\/\" \/>\n<meta property=\"og:locale\" content=\"de_DE\" \/>\n<meta property=\"og:type\" content=\"article\" \/>\n<meta property=\"og:title\" content=\"BIJON Glasplatte Tropfenbogen f\u00fcr Kaminofen mit Dichtlippe, Glasbodenplatte - Funkenschutzplatte Glas mit\u2026 - Markt-XXL\" \/>\n<meta property=\"og:description\" content=\"Markt-XXL BIJON Glasplatte Tropfenbogen f\u00fcr Kaminofen mit Dichtlippe, Glasbodenplatte - Funkenschutzplatte Glas mit\u2026\" \/>\n<meta property=\"og:url\" content=\"https:\/\/marktxxl.de\/markt\/produkt\/funkenschutzplatte-tropfenbogen-fuenfeck-und-viertelkreis-mit-dichtlippe-staerke-6-und-8mm\/\" \/>\n<meta property=\"og:site_name\" content=\"Markt-XXL\" \/>\n<meta property=\"article:modified_time\" content=\"2023-04-11T02:33:27+00:00\" \/>\n<meta property=\"og:image\" content=\"https:\/\/m.media-amazon.com\/images\/I\/317VGcFxdLL._SL500_.jpg\" \/>\n\t<meta property=\"og:image:width\" content=\"500\" \/>\n\t<meta property=\"og:image:height\" content=\"500\" \/>\n\t<meta property=\"og:image:type\" content=\"image\/jpeg\" \/>\n<meta name=\"twitter:card\" content=\"summary_large_image\" \/>\n<meta name=\"twitter:label1\" content=\"Gesch\u00e4tzte Lesezeit\" \/>\n\t<meta name=\"twitter:data1\" content=\"1\u00a0Minute\" \/>\n<script type=\"application\/ld+json\" class=\"yoast-schema-graph\">{\"@context\":\"https:\\\/\\\/schema.org\",\"@graph\":[{\"@type\":\"WebPage\",\"@id\":\"https:\\\/\\\/marktxxl.de\\\/markt\\\/produkt\\\/funkenschutzplatte-tropfenbogen-fuenfeck-und-viertelkreis-mit-dichtlippe-staerke-6-und-8mm\\\/\",\"url\":\"https:\\\/\\\/marktxxl.de\\\/markt\\\/produkt\\\/funkenschutzplatte-tropfenbogen-fuenfeck-und-viertelkreis-mit-dichtlippe-staerke-6-und-8mm\\\/\",\"name\":\"BIJON Glasplatte Tropfenbogen f\u00fcr Kaminofen mit Dichtlippe, Glasbodenplatte - Funkenschutzplatte Glas mit\u2026 - Markt-XXL\",\"isPartOf\":{\"@id\":\"https:\\\/\\\/marktxxl.de\\\/markt\\\/#website\"},\"primaryImageOfPage\":{\"@id\":\"https:\\\/\\\/marktxxl.de\\\/markt\\\/produkt\\\/funkenschutzplatte-tropfenbogen-fuenfeck-und-viertelkreis-mit-dichtlippe-staerke-6-und-8mm\\\/#primaryimage\"},\"image\":{\"@id\":\"https:\\\/\\\/marktxxl.de\\\/markt\\\/produkt\\\/funkenschutzplatte-tropfenbogen-fuenfeck-und-viertelkreis-mit-dichtlippe-staerke-6-und-8mm\\\/#primaryimage\"},\"thumbnailUrl\":\"https:\\\/\\\/m.media-amazon.com\\\/images\\\/I\\\/317VGcFxdLL._SL500_.jpg\",\"datePublished\":\"2022-09-12T06:08:07+00:00\",\"dateModified\":\"2023-04-11T02:33:27+00:00\",\"description\":\"Markt-XXL BIJON Glasplatte Tropfenbogen f\u00fcr Kaminofen mit Dichtlippe, Glasbodenplatte - Funkenschutzplatte Glas mit\u2026\",\"breadcrumb\":{\"@id\":\"https:\\\/\\\/marktxxl.de\\\/markt\\\/produkt\\\/funkenschutzplatte-tropfenbogen-fuenfeck-und-viertelkreis-mit-dichtlippe-staerke-6-und-8mm\\\/#breadcrumb\"},\"inLanguage\":\"de\",\"potentialAction\":[{\"@type\":\"ReadAction\",\"target\":[\"https:\\\/\\\/marktxxl.de\\\/markt\\\/produkt\\\/funkenschutzplatte-tropfenbogen-fuenfeck-und-viertelkreis-mit-dichtlippe-staerke-6-und-8mm\\\/\"]}]},{\"@type\":\"ImageObject\",\"inLanguage\":\"de\",\"@id\":\"https:\\\/\\\/marktxxl.de\\\/markt\\\/produkt\\\/funkenschutzplatte-tropfenbogen-fuenfeck-und-viertelkreis-mit-dichtlippe-staerke-6-und-8mm\\\/#primaryimage\",\"url\":\"https:\\\/\\\/m.media-amazon.com\\\/images\\\/I\\\/317VGcFxdLL._SL500_.jpg\",\"contentUrl\":\"https:\\\/\\\/m.media-amazon.com\\\/images\\\/I\\\/317VGcFxdLL._SL500_.jpg\",\"width\":500,\"height\":500},{\"@type\":\"BreadcrumbList\",\"@id\":\"https:\\\/\\\/marktxxl.de\\\/markt\\\/produkt\\\/funkenschutzplatte-tropfenbogen-fuenfeck-und-viertelkreis-mit-dichtlippe-staerke-6-und-8mm\\\/#breadcrumb\",\"itemListElement\":[{\"@type\":\"ListItem\",\"position\":1,\"name\":\"Startseite\",\"item\":\"https:\\\/\\\/marktxxl.de\\\/markt\\\/\"},{\"@type\":\"ListItem\",\"position\":2,\"name\":\"Markt\",\"item\":\"https:\\\/\\\/marktxxl.de\\\/markt\\\/\"},{\"@type\":\"ListItem\",\"position\":3,\"name\":\"BIJON Glasplatte Tropfenbogen f\u00fcr Kaminofen mit Dichtlippe, Glasbodenplatte &#8211; Funkenschutzplatte Glas mit\u2026\"}]},{\"@type\":\"WebSite\",\"@id\":\"https:\\\/\\\/marktxxl.de\\\/markt\\\/#website\",\"url\":\"https:\\\/\\\/marktxxl.de\\\/markt\\\/\",\"name\":\"Markt-XXL\",\"description\":\"Ihr Markt Online\",\"publisher\":{\"@id\":\"https:\\\/\\\/marktxxl.de\\\/markt\\\/#organization\"},\"potentialAction\":[{\"@type\":\"SearchAction\",\"target\":{\"@type\":\"EntryPoint\",\"urlTemplate\":\"https:\\\/\\\/marktxxl.de\\\/markt\\\/?s={search_term_string}\"},\"query-input\":{\"@type\":\"PropertyValueSpecification\",\"valueRequired\":true,\"valueName\":\"search_term_string\"}}],\"inLanguage\":\"de\"},{\"@type\":\"Organization\",\"@id\":\"https:\\\/\\\/marktxxl.de\\\/markt\\\/#organization\",\"name\":\"Markt-XXL\",\"url\":\"https:\\\/\\\/marktxxl.de\\\/markt\\\/\",\"logo\":{\"@type\":\"ImageObject\",\"inLanguage\":\"de\",\"@id\":\"https:\\\/\\\/marktxxl.de\\\/markt\\\/#\\\/schema\\\/logo\\\/image\\\/\",\"url\":\"https:\\\/\\\/marktxxl.de\\\/markt\\\/wp-content\\\/uploads\\\/sites\\\/3\\\/2020\\\/12\\\/logo.png\",\"contentUrl\":\"https:\\\/\\\/marktxxl.de\\\/markt\\\/wp-content\\\/uploads\\\/sites\\\/3\\\/2020\\\/12\\\/logo.png\",\"width\":200,\"height\":70,\"caption\":\"Markt-XXL\"},\"image\":{\"@id\":\"https:\\\/\\\/marktxxl.de\\\/markt\\\/#\\\/schema\\\/logo\\\/image\\\/\"}}]}<\/script>\n<!-- \/ Yoast SEO plugin. -->","yoast_head_json":{"title":"BIJON Glasplatte Tropfenbogen f\u00fcr Kaminofen mit Dichtlippe, Glasbodenplatte - Funkenschutzplatte Glas mit\u2026 - Markt-XXL","description":"Markt-XXL BIJON Glasplatte Tropfenbogen f\u00fcr Kaminofen mit Dichtlippe, Glasbodenplatte - Funkenschutzplatte Glas mit\u2026","robots":{"index":"index","follow":"follow","max-snippet":"max-snippet:-1","max-image-preview":"max-image-preview:large","max-video-preview":"max-video-preview:-1"},"canonical":"https:\/\/marktxxl.de\/markt\/produkt\/funkenschutzplatte-tropfenbogen-fuenfeck-und-viertelkreis-mit-dichtlippe-staerke-6-und-8mm\/","og_locale":"de_DE","og_type":"article","og_title":"BIJON Glasplatte Tropfenbogen f\u00fcr Kaminofen mit Dichtlippe, Glasbodenplatte - Funkenschutzplatte Glas mit\u2026 - Markt-XXL","og_description":"Markt-XXL BIJON Glasplatte Tropfenbogen f\u00fcr Kaminofen mit Dichtlippe, Glasbodenplatte - Funkenschutzplatte Glas mit\u2026","og_url":"https:\/\/marktxxl.de\/markt\/produkt\/funkenschutzplatte-tropfenbogen-fuenfeck-und-viertelkreis-mit-dichtlippe-staerke-6-und-8mm\/","og_site_name":"Markt-XXL","article_modified_time":"2023-04-11T02:33:27+00:00","og_image":[{"width":500,"height":500,"url":"https:\/\/m.media-amazon.com\/images\/I\/317VGcFxdLL._SL500_.jpg","type":"image\/jpeg"}],"twitter_card":"summary_large_image","twitter_misc":{"Gesch\u00e4tzte Lesezeit":"1\u00a0Minute"},"schema":{"@context":"https:\/\/schema.org","@graph":[{"@type":"WebPage","@id":"https:\/\/marktxxl.de\/markt\/produkt\/funkenschutzplatte-tropfenbogen-fuenfeck-und-viertelkreis-mit-dichtlippe-staerke-6-und-8mm\/","url":"https:\/\/marktxxl.de\/markt\/produkt\/funkenschutzplatte-tropfenbogen-fuenfeck-und-viertelkreis-mit-dichtlippe-staerke-6-und-8mm\/","name":"BIJON Glasplatte Tropfenbogen f\u00fcr Kaminofen mit Dichtlippe, Glasbodenplatte - Funkenschutzplatte Glas mit\u2026 - Markt-XXL","isPartOf":{"@id":"https:\/\/marktxxl.de\/markt\/#website"},"primaryImageOfPage":{"@id":"https:\/\/marktxxl.de\/markt\/produkt\/funkenschutzplatte-tropfenbogen-fuenfeck-und-viertelkreis-mit-dichtlippe-staerke-6-und-8mm\/#primaryimage"},"image":{"@id":"https:\/\/marktxxl.de\/markt\/produkt\/funkenschutzplatte-tropfenbogen-fuenfeck-und-viertelkreis-mit-dichtlippe-staerke-6-und-8mm\/#primaryimage"},"thumbnailUrl":"https:\/\/m.media-amazon.com\/images\/I\/317VGcFxdLL._SL500_.jpg","datePublished":"2022-09-12T06:08:07+00:00","dateModified":"2023-04-11T02:33:27+00:00","description":"Markt-XXL BIJON Glasplatte Tropfenbogen f\u00fcr Kaminofen mit Dichtlippe, Glasbodenplatte - Funkenschutzplatte Glas mit\u2026","breadcrumb":{"@id":"https:\/\/marktxxl.de\/markt\/produkt\/funkenschutzplatte-tropfenbogen-fuenfeck-und-viertelkreis-mit-dichtlippe-staerke-6-und-8mm\/#breadcrumb"},"inLanguage":"de","potentialAction":[{"@type":"ReadAction","target":["https:\/\/marktxxl.de\/markt\/produkt\/funkenschutzplatte-tropfenbogen-fuenfeck-und-viertelkreis-mit-dichtlippe-staerke-6-und-8mm\/"]}]},{"@type":"ImageObject","inLanguage":"de","@id":"https:\/\/marktxxl.de\/markt\/produkt\/funkenschutzplatte-tropfenbogen-fuenfeck-und-viertelkreis-mit-dichtlippe-staerke-6-und-8mm\/#primaryimage","url":"https:\/\/m.media-amazon.com\/images\/I\/317VGcFxdLL._SL500_.jpg","contentUrl":"https:\/\/m.media-amazon.com\/images\/I\/317VGcFxdLL._SL500_.jpg","width":500,"height":500},{"@type":"BreadcrumbList","@id":"https:\/\/marktxxl.de\/markt\/produkt\/funkenschutzplatte-tropfenbogen-fuenfeck-und-viertelkreis-mit-dichtlippe-staerke-6-und-8mm\/#breadcrumb","itemListElement":[{"@type":"ListItem","position":1,"name":"Startseite","item":"https:\/\/marktxxl.de\/markt\/"},{"@type":"ListItem","position":2,"name":"Markt","item":"https:\/\/marktxxl.de\/markt\/"},{"@type":"ListItem","position":3,"name":"BIJON Glasplatte Tropfenbogen f\u00fcr Kaminofen mit Dichtlippe, Glasbodenplatte &#8211; Funkenschutzplatte Glas mit\u2026"}]},{"@type":"WebSite","@id":"https:\/\/marktxxl.de\/markt\/#website","url":"https:\/\/marktxxl.de\/markt\/","name":"Markt-XXL","description":"Ihr Markt Online","publisher":{"@id":"https:\/\/marktxxl.de\/markt\/#organization"},"potentialAction":[{"@type":"SearchAction","target":{"@type":"EntryPoint","urlTemplate":"https:\/\/marktxxl.de\/markt\/?s={search_term_string}"},"query-input":{"@type":"PropertyValueSpecification","valueRequired":true,"valueName":"search_term_string"}}],"inLanguage":"de"},{"@type":"Organization","@id":"https:\/\/marktxxl.de\/markt\/#organization","name":"Markt-XXL","url":"https:\/\/marktxxl.de\/markt\/","logo":{"@type":"ImageObject","inLanguage":"de","@id":"https:\/\/marktxxl.de\/markt\/#\/schema\/logo\/image\/","url":"https:\/\/marktxxl.de\/markt\/wp-content\/uploads\/sites\/3\/2020\/12\/logo.png","contentUrl":"https:\/\/marktxxl.de\/markt\/wp-content\/uploads\/sites\/3\/2020\/12\/logo.png","width":200,"height":70,"caption":"Markt-XXL"},"image":{"@id":"https:\/\/marktxxl.de\/markt\/#\/schema\/logo\/image\/"}}]}},"_links":{"self":[{"href":"https:\/\/marktxxl.de\/markt\/wp-json\/wp\/v2\/product\/152589","targetHints":{"allow":["GET"]}}],"collection":[{"href":"https:\/\/marktxxl.de\/markt\/wp-json\/wp\/v2\/product"}],"about":[{"href":"https:\/\/marktxxl.de\/markt\/wp-json\/wp\/v2\/types\/product"}],"replies":[{"embeddable":true,"href":"https:\/\/marktxxl.de\/markt\/wp-json\/wp\/v2\/comments?post=152589"}],"wp:featuredmedia":[{"embeddable":true,"href":"https:\/\/marktxxl.de\/markt\/wp-json\/wp\/v2\/media\/152590"}],"wp:attachment":[{"href":"https:\/\/marktxxl.de\/markt\/wp-json\/wp\/v2\/media?parent=152589"}],"wp:term":[{"taxonomy":"product_brand","embeddable":true,"href":"https:\/\/marktxxl.de\/markt\/wp-json\/wp\/v2\/product_brand?post=152589"},{"taxonomy":"product_cat","embeddable":true,"href":"https:\/\/marktxxl.de\/markt\/wp-json\/wp\/v2\/product_cat?post=152589"},{"taxonomy":"product_tag","embeddable":true,"href":"https:\/\/marktxxl.de\/markt\/wp-json\/wp\/v2\/product_tag?post=152589"}],"curies":[{"name":"wp","href":"https:\/\/api.w.org\/{rel}","templated":true}]}}