{"id":152537,"date":"2022-09-12T08:04:39","date_gmt":"2022-09-12T06:04:39","guid":{"rendered":"https:\/\/marktxxl.de\/markt\/produkt\/health-ashwagandha-90-kapseln-hochdosiert-indischer-ginseng-aus-der-ayurveda-made-in-germany\/"},"modified":"2023-04-11T04:33:26","modified_gmt":"2023-04-11T02:33:26","slug":"health-ashwagandha-90-kapseln-hochdosiert-indischer-ginseng-aus-der-ayurveda-made-in-germany","status":"publish","type":"product","link":"https:\/\/marktxxl.de\/markt\/produkt\/health-ashwagandha-90-kapseln-hochdosiert-indischer-ginseng-aus-der-ayurveda-made-in-germany\/","title":{"rendered":"Health+ Ashwagandha &#8211; 90 Kapseln hochdosiert, indischer Ginseng aus der Ayurveda, Made in Germany"},"content":{"rendered":"<p>AUS DER AYURVEDA: In Deutschland ist Ashwagandha auch als Schlafbeere, Winterkirsche oder als indischer Ginseng bekannt. Schaut man zur\u00fcck in der Geschichte, stellt man fest das Ashwagandha in der ayurvedischen Medizin seit \u00fcber 3000 Jahren bekannt ist<br \/>\nZUSAMMENSETZUNG: Wie bei den meisten Pflanzen, stecken die besten und am h\u00f6chsten konzentrierten Inhaltsstoffe nicht in den Bl\u00e4ttern, sondern in der Wurzel. Hier sind neben Fetts\u00e4uren, Aminos\u00e4uren, Choline, auch Alkaolide und vor allem Withanolide vorzufinden<br \/>\nWIRKUNG: Ashwagandha gilt als so genannten Adaptogen und besitzt eine Vielzahl an positiven Auswirkungen auf die Gesundheit<br \/>\nHOCHWERTIGKEIT: Bei dem lizenzierten Vollspektrum-Extrakt KSM-66 handelt es sich um einen Ashwagandha-Extrakt, welcher auf 5 Withanolide standardisiert wurde. Zur Herstellung wird lediglich die Ashwagandha-Wurzel und nicht die Bl\u00e4tter verwendet<br \/>\nMADE IN GERMANY: Unsere Produkte werden in Deutschland unter Ber\u00fccksichtigung h\u00f6chster Qualit\u00e4tsstandards und ohne Zusatz- oder F\u00fcllstoffe hergestellt<br \/>\n<div class=\"main-cross-sell\" data-asin=\"B083FXPNPD\">\n\n\t<div class=\"WooZone-cross-sell-loader\">\n\t\t<div>\n\t\t\t<div id=\"floatingBarsG\">\n\t\t\t\t<div class=\"blockG\" id=\"rotateG_01\"><\/div>\n\t\t\t\t<div class=\"blockG\" id=\"rotateG_02\"><\/div>\n\t\t\t\t<div class=\"blockG\" id=\"rotateG_03\"><\/div>\n\t\t\t\t<div class=\"blockG\" id=\"rotateG_04\"><\/div>\n\t\t\t\t<div class=\"blockG\" id=\"rotateG_05\"><\/div>\n\t\t\t\t<div class=\"blockG\" id=\"rotateG_06\"><\/div>\n\t\t\t\t<div class=\"blockG\" id=\"rotateG_07\"><\/div>\n\t\t\t\t<div class=\"blockG\" id=\"rotateG_08\"><\/div>\n\t\t\t<\/div>\n\t\t\t<div class=\"WooZone-cross-sell-loader-text\"><\/div>\n\t\t<\/div>\n\t<\/div>\n\n\t\t\n<\/div>\n<div style=\"clear:both;\"><\/div><\/p>\n","protected":false},"excerpt":{"rendered":"<p>AUS DER AYURVEDA: In Deutschland ist Ashwagandha auch als Schlafbeere, Winterkirsche oder als indischer Ginseng bekannt. Schaut man zur\u00fcck in der Geschichte, stellt man fest das Ashwagandha in der ayurvedischen Medizin seit \u00fcber 3000 Jahren bekannt ist<br \/>\nZUSAMMENSETZUNG: Wie bei den meisten Pflanzen, stecken die besten und am h\u00f6chsten konzentrierten Inhaltsstoffe nicht in den Bl\u00e4ttern, sondern in der Wurzel. Hier sind neben Fetts\u00e4uren, Aminos\u00e4uren, Choline, auch Alkaolide und vor allem Withanolide vorzufinden<br \/>\nWIRKUNG: Ashwagandha gilt als so genannten Adaptogen und besitzt eine Vielzahl an positiven Auswirkungen auf die Gesundheit<\/p>\n","protected":false},"featured_media":152538,"comment_status":"open","ping_status":"closed","template":"","meta":[],"product_brand":[],"product_cat":[566,6375],"product_tag":[],"class_list":{"0":"post-152537","1":"product","2":"type-product","3":"status-publish","4":"has-post-thumbnail","6":"product_cat-drogerie-koerperpflege","7":"product_cat-vitamine-mineralien-ergaenzungsmittel","8":"pa_binding-badartikel","9":"pa_brand-zecplus-nutrition","10":"pa_color-weiss-braun-gruen","11":"pa_height-4-1732283422-zoll","12":"pa_languages-bestandteile-deutsch-unbekannt-spanisch","13":"pa_length-1-968503935-zoll","14":"pa_manufacturer-zecplus","15":"pa_model-fid66162","16":"pa_size-90-stueck-1er-pack","17":"pa_weight-0-5-kilogramm","18":"pa_width-1-968503935-zoll","20":"first","21":"instock","22":"shipping-taxable","23":"purchasable","24":"product-type-simple","25":"customify-col","26":"product-has-gallery"},"yoast_head":"<!-- This site is optimized with the Yoast SEO plugin v27.3 - https:\/\/yoast.com\/product\/yoast-seo-wordpress\/ -->\n<title>Health+ Ashwagandha - 90 Kapseln hochdosiert, indischer Ginseng aus der Ayurveda, Made in Germany - Markt-XXL<\/title>\n<meta name=\"description\" content=\"Markt-XXL Health+ Ashwagandha - 90 Kapseln hochdosiert, indischer Ginseng aus der Ayurveda, Made in Germany\" \/>\n<meta name=\"robots\" content=\"index, follow, max-snippet:-1, max-image-preview:large, max-video-preview:-1\" \/>\n<link rel=\"canonical\" href=\"https:\/\/marktxxl.de\/markt\/produkt\/health-ashwagandha-90-kapseln-hochdosiert-indischer-ginseng-aus-der-ayurveda-made-in-germany\/\" \/>\n<meta property=\"og:locale\" content=\"de_DE\" \/>\n<meta property=\"og:type\" content=\"article\" \/>\n<meta property=\"og:title\" content=\"Health+ Ashwagandha - 90 Kapseln hochdosiert, indischer Ginseng aus der Ayurveda, Made in Germany - Markt-XXL\" \/>\n<meta property=\"og:description\" content=\"Markt-XXL Health+ Ashwagandha - 90 Kapseln hochdosiert, indischer Ginseng aus der Ayurveda, Made in Germany\" \/>\n<meta property=\"og:url\" content=\"https:\/\/marktxxl.de\/markt\/produkt\/health-ashwagandha-90-kapseln-hochdosiert-indischer-ginseng-aus-der-ayurveda-made-in-germany\/\" \/>\n<meta property=\"og:site_name\" content=\"Markt-XXL\" \/>\n<meta property=\"article:modified_time\" content=\"2023-04-11T02:33:26+00:00\" \/>\n<meta property=\"og:image\" content=\"https:\/\/m.media-amazon.com\/images\/I\/41RdBD-PIHL._SL500_.jpg\" \/>\n\t<meta property=\"og:image:width\" content=\"500\" \/>\n\t<meta property=\"og:image:height\" content=\"500\" \/>\n\t<meta property=\"og:image:type\" content=\"image\/jpeg\" \/>\n<meta name=\"twitter:card\" content=\"summary_large_image\" \/>\n<meta name=\"twitter:label1\" content=\"Gesch\u00e4tzte Lesezeit\" \/>\n\t<meta name=\"twitter:data1\" content=\"1\u00a0Minute\" \/>\n<script type=\"application\/ld+json\" class=\"yoast-schema-graph\">{\"@context\":\"https:\\\/\\\/schema.org\",\"@graph\":[{\"@type\":\"WebPage\",\"@id\":\"https:\\\/\\\/marktxxl.de\\\/markt\\\/produkt\\\/health-ashwagandha-90-kapseln-hochdosiert-indischer-ginseng-aus-der-ayurveda-made-in-germany\\\/\",\"url\":\"https:\\\/\\\/marktxxl.de\\\/markt\\\/produkt\\\/health-ashwagandha-90-kapseln-hochdosiert-indischer-ginseng-aus-der-ayurveda-made-in-germany\\\/\",\"name\":\"Health+ Ashwagandha - 90 Kapseln hochdosiert, indischer Ginseng aus der Ayurveda, Made in Germany - Markt-XXL\",\"isPartOf\":{\"@id\":\"https:\\\/\\\/marktxxl.de\\\/markt\\\/#website\"},\"primaryImageOfPage\":{\"@id\":\"https:\\\/\\\/marktxxl.de\\\/markt\\\/produkt\\\/health-ashwagandha-90-kapseln-hochdosiert-indischer-ginseng-aus-der-ayurveda-made-in-germany\\\/#primaryimage\"},\"image\":{\"@id\":\"https:\\\/\\\/marktxxl.de\\\/markt\\\/produkt\\\/health-ashwagandha-90-kapseln-hochdosiert-indischer-ginseng-aus-der-ayurveda-made-in-germany\\\/#primaryimage\"},\"thumbnailUrl\":\"https:\\\/\\\/m.media-amazon.com\\\/images\\\/I\\\/41RdBD-PIHL._SL500_.jpg\",\"datePublished\":\"2022-09-12T06:04:39+00:00\",\"dateModified\":\"2023-04-11T02:33:26+00:00\",\"description\":\"Markt-XXL Health+ Ashwagandha - 90 Kapseln hochdosiert, indischer Ginseng aus der Ayurveda, Made in Germany\",\"breadcrumb\":{\"@id\":\"https:\\\/\\\/marktxxl.de\\\/markt\\\/produkt\\\/health-ashwagandha-90-kapseln-hochdosiert-indischer-ginseng-aus-der-ayurveda-made-in-germany\\\/#breadcrumb\"},\"inLanguage\":\"de\",\"potentialAction\":[{\"@type\":\"ReadAction\",\"target\":[\"https:\\\/\\\/marktxxl.de\\\/markt\\\/produkt\\\/health-ashwagandha-90-kapseln-hochdosiert-indischer-ginseng-aus-der-ayurveda-made-in-germany\\\/\"]}]},{\"@type\":\"ImageObject\",\"inLanguage\":\"de\",\"@id\":\"https:\\\/\\\/marktxxl.de\\\/markt\\\/produkt\\\/health-ashwagandha-90-kapseln-hochdosiert-indischer-ginseng-aus-der-ayurveda-made-in-germany\\\/#primaryimage\",\"url\":\"https:\\\/\\\/m.media-amazon.com\\\/images\\\/I\\\/41RdBD-PIHL._SL500_.jpg\",\"contentUrl\":\"https:\\\/\\\/m.media-amazon.com\\\/images\\\/I\\\/41RdBD-PIHL._SL500_.jpg\",\"width\":500,\"height\":500},{\"@type\":\"BreadcrumbList\",\"@id\":\"https:\\\/\\\/marktxxl.de\\\/markt\\\/produkt\\\/health-ashwagandha-90-kapseln-hochdosiert-indischer-ginseng-aus-der-ayurveda-made-in-germany\\\/#breadcrumb\",\"itemListElement\":[{\"@type\":\"ListItem\",\"position\":1,\"name\":\"Startseite\",\"item\":\"https:\\\/\\\/marktxxl.de\\\/markt\\\/\"},{\"@type\":\"ListItem\",\"position\":2,\"name\":\"Markt\",\"item\":\"https:\\\/\\\/marktxxl.de\\\/markt\\\/\"},{\"@type\":\"ListItem\",\"position\":3,\"name\":\"Health+ Ashwagandha &#8211; 90 Kapseln hochdosiert, indischer Ginseng aus der Ayurveda, Made in Germany\"}]},{\"@type\":\"WebSite\",\"@id\":\"https:\\\/\\\/marktxxl.de\\\/markt\\\/#website\",\"url\":\"https:\\\/\\\/marktxxl.de\\\/markt\\\/\",\"name\":\"Markt-XXL\",\"description\":\"Ihr Markt Online\",\"publisher\":{\"@id\":\"https:\\\/\\\/marktxxl.de\\\/markt\\\/#organization\"},\"potentialAction\":[{\"@type\":\"SearchAction\",\"target\":{\"@type\":\"EntryPoint\",\"urlTemplate\":\"https:\\\/\\\/marktxxl.de\\\/markt\\\/?s={search_term_string}\"},\"query-input\":{\"@type\":\"PropertyValueSpecification\",\"valueRequired\":true,\"valueName\":\"search_term_string\"}}],\"inLanguage\":\"de\"},{\"@type\":\"Organization\",\"@id\":\"https:\\\/\\\/marktxxl.de\\\/markt\\\/#organization\",\"name\":\"Markt-XXL\",\"url\":\"https:\\\/\\\/marktxxl.de\\\/markt\\\/\",\"logo\":{\"@type\":\"ImageObject\",\"inLanguage\":\"de\",\"@id\":\"https:\\\/\\\/marktxxl.de\\\/markt\\\/#\\\/schema\\\/logo\\\/image\\\/\",\"url\":\"https:\\\/\\\/marktxxl.de\\\/markt\\\/wp-content\\\/uploads\\\/sites\\\/3\\\/2020\\\/12\\\/logo.png\",\"contentUrl\":\"https:\\\/\\\/marktxxl.de\\\/markt\\\/wp-content\\\/uploads\\\/sites\\\/3\\\/2020\\\/12\\\/logo.png\",\"width\":200,\"height\":70,\"caption\":\"Markt-XXL\"},\"image\":{\"@id\":\"https:\\\/\\\/marktxxl.de\\\/markt\\\/#\\\/schema\\\/logo\\\/image\\\/\"}}]}<\/script>\n<!-- \/ Yoast SEO plugin. -->","yoast_head_json":{"title":"Health+ Ashwagandha - 90 Kapseln hochdosiert, indischer Ginseng aus der Ayurveda, Made in Germany - Markt-XXL","description":"Markt-XXL Health+ Ashwagandha - 90 Kapseln hochdosiert, indischer Ginseng aus der Ayurveda, Made in Germany","robots":{"index":"index","follow":"follow","max-snippet":"max-snippet:-1","max-image-preview":"max-image-preview:large","max-video-preview":"max-video-preview:-1"},"canonical":"https:\/\/marktxxl.de\/markt\/produkt\/health-ashwagandha-90-kapseln-hochdosiert-indischer-ginseng-aus-der-ayurveda-made-in-germany\/","og_locale":"de_DE","og_type":"article","og_title":"Health+ Ashwagandha - 90 Kapseln hochdosiert, indischer Ginseng aus der Ayurveda, Made in Germany - Markt-XXL","og_description":"Markt-XXL Health+ Ashwagandha - 90 Kapseln hochdosiert, indischer Ginseng aus der Ayurveda, Made in Germany","og_url":"https:\/\/marktxxl.de\/markt\/produkt\/health-ashwagandha-90-kapseln-hochdosiert-indischer-ginseng-aus-der-ayurveda-made-in-germany\/","og_site_name":"Markt-XXL","article_modified_time":"2023-04-11T02:33:26+00:00","og_image":[{"width":500,"height":500,"url":"https:\/\/m.media-amazon.com\/images\/I\/41RdBD-PIHL._SL500_.jpg","type":"image\/jpeg"}],"twitter_card":"summary_large_image","twitter_misc":{"Gesch\u00e4tzte Lesezeit":"1\u00a0Minute"},"schema":{"@context":"https:\/\/schema.org","@graph":[{"@type":"WebPage","@id":"https:\/\/marktxxl.de\/markt\/produkt\/health-ashwagandha-90-kapseln-hochdosiert-indischer-ginseng-aus-der-ayurveda-made-in-germany\/","url":"https:\/\/marktxxl.de\/markt\/produkt\/health-ashwagandha-90-kapseln-hochdosiert-indischer-ginseng-aus-der-ayurveda-made-in-germany\/","name":"Health+ Ashwagandha - 90 Kapseln hochdosiert, indischer Ginseng aus der Ayurveda, Made in Germany - Markt-XXL","isPartOf":{"@id":"https:\/\/marktxxl.de\/markt\/#website"},"primaryImageOfPage":{"@id":"https:\/\/marktxxl.de\/markt\/produkt\/health-ashwagandha-90-kapseln-hochdosiert-indischer-ginseng-aus-der-ayurveda-made-in-germany\/#primaryimage"},"image":{"@id":"https:\/\/marktxxl.de\/markt\/produkt\/health-ashwagandha-90-kapseln-hochdosiert-indischer-ginseng-aus-der-ayurveda-made-in-germany\/#primaryimage"},"thumbnailUrl":"https:\/\/m.media-amazon.com\/images\/I\/41RdBD-PIHL._SL500_.jpg","datePublished":"2022-09-12T06:04:39+00:00","dateModified":"2023-04-11T02:33:26+00:00","description":"Markt-XXL Health+ Ashwagandha - 90 Kapseln hochdosiert, indischer Ginseng aus der Ayurveda, Made in Germany","breadcrumb":{"@id":"https:\/\/marktxxl.de\/markt\/produkt\/health-ashwagandha-90-kapseln-hochdosiert-indischer-ginseng-aus-der-ayurveda-made-in-germany\/#breadcrumb"},"inLanguage":"de","potentialAction":[{"@type":"ReadAction","target":["https:\/\/marktxxl.de\/markt\/produkt\/health-ashwagandha-90-kapseln-hochdosiert-indischer-ginseng-aus-der-ayurveda-made-in-germany\/"]}]},{"@type":"ImageObject","inLanguage":"de","@id":"https:\/\/marktxxl.de\/markt\/produkt\/health-ashwagandha-90-kapseln-hochdosiert-indischer-ginseng-aus-der-ayurveda-made-in-germany\/#primaryimage","url":"https:\/\/m.media-amazon.com\/images\/I\/41RdBD-PIHL._SL500_.jpg","contentUrl":"https:\/\/m.media-amazon.com\/images\/I\/41RdBD-PIHL._SL500_.jpg","width":500,"height":500},{"@type":"BreadcrumbList","@id":"https:\/\/marktxxl.de\/markt\/produkt\/health-ashwagandha-90-kapseln-hochdosiert-indischer-ginseng-aus-der-ayurveda-made-in-germany\/#breadcrumb","itemListElement":[{"@type":"ListItem","position":1,"name":"Startseite","item":"https:\/\/marktxxl.de\/markt\/"},{"@type":"ListItem","position":2,"name":"Markt","item":"https:\/\/marktxxl.de\/markt\/"},{"@type":"ListItem","position":3,"name":"Health+ Ashwagandha &#8211; 90 Kapseln hochdosiert, indischer Ginseng aus der Ayurveda, Made in Germany"}]},{"@type":"WebSite","@id":"https:\/\/marktxxl.de\/markt\/#website","url":"https:\/\/marktxxl.de\/markt\/","name":"Markt-XXL","description":"Ihr Markt Online","publisher":{"@id":"https:\/\/marktxxl.de\/markt\/#organization"},"potentialAction":[{"@type":"SearchAction","target":{"@type":"EntryPoint","urlTemplate":"https:\/\/marktxxl.de\/markt\/?s={search_term_string}"},"query-input":{"@type":"PropertyValueSpecification","valueRequired":true,"valueName":"search_term_string"}}],"inLanguage":"de"},{"@type":"Organization","@id":"https:\/\/marktxxl.de\/markt\/#organization","name":"Markt-XXL","url":"https:\/\/marktxxl.de\/markt\/","logo":{"@type":"ImageObject","inLanguage":"de","@id":"https:\/\/marktxxl.de\/markt\/#\/schema\/logo\/image\/","url":"https:\/\/marktxxl.de\/markt\/wp-content\/uploads\/sites\/3\/2020\/12\/logo.png","contentUrl":"https:\/\/marktxxl.de\/markt\/wp-content\/uploads\/sites\/3\/2020\/12\/logo.png","width":200,"height":70,"caption":"Markt-XXL"},"image":{"@id":"https:\/\/marktxxl.de\/markt\/#\/schema\/logo\/image\/"}}]}},"_links":{"self":[{"href":"https:\/\/marktxxl.de\/markt\/wp-json\/wp\/v2\/product\/152537","targetHints":{"allow":["GET"]}}],"collection":[{"href":"https:\/\/marktxxl.de\/markt\/wp-json\/wp\/v2\/product"}],"about":[{"href":"https:\/\/marktxxl.de\/markt\/wp-json\/wp\/v2\/types\/product"}],"replies":[{"embeddable":true,"href":"https:\/\/marktxxl.de\/markt\/wp-json\/wp\/v2\/comments?post=152537"}],"wp:featuredmedia":[{"embeddable":true,"href":"https:\/\/marktxxl.de\/markt\/wp-json\/wp\/v2\/media\/152538"}],"wp:attachment":[{"href":"https:\/\/marktxxl.de\/markt\/wp-json\/wp\/v2\/media?parent=152537"}],"wp:term":[{"taxonomy":"product_brand","embeddable":true,"href":"https:\/\/marktxxl.de\/markt\/wp-json\/wp\/v2\/product_brand?post=152537"},{"taxonomy":"product_cat","embeddable":true,"href":"https:\/\/marktxxl.de\/markt\/wp-json\/wp\/v2\/product_cat?post=152537"},{"taxonomy":"product_tag","embeddable":true,"href":"https:\/\/marktxxl.de\/markt\/wp-json\/wp\/v2\/product_tag?post=152537"}],"curies":[{"name":"wp","href":"https:\/\/api.w.org\/{rel}","templated":true}]}}