{"id":152523,"date":"2022-09-12T08:04:27","date_gmt":"2022-09-12T06:04:27","guid":{"rendered":"https:\/\/marktxxl.de\/markt\/produkt\/spermidin-weizenkeimextrakt-kapseln-spermidin-ergaenzung-1300-mg-fortgeschrittene-formel-mit-zink-zur-rettung-der-mitochondrien-des-immunsystems-und-der-zellerneuerung\/"},"modified":"2023-04-11T04:33:26","modified_gmt":"2023-04-11T02:33:26","slug":"spermidin-weizenkeimextrakt-kapseln-spermidin-ergaenzung-1300-mg-fortgeschrittene-formel-mit-zink-zur-rettung-der-mitochondrien-des-immunsystems-und-der-zellerneuerung","status":"publish","type":"product","link":"https:\/\/marktxxl.de\/markt\/produkt\/spermidin-weizenkeimextrakt-kapseln-spermidin-ergaenzung-1300-mg-fortgeschrittene-formel-mit-zink-zur-rettung-der-mitochondrien-des-immunsystems-und-der-zellerneuerung\/","title":{"rendered":"Spermidin-Weizenkeimextrakt-Kapseln &#8211; Spermidin-Erg\u00e4nzung 1300 mg Fortgeschrittene Formel mit Zink zur Rettung der\u2026"},"content":{"rendered":"<p>100 % nat\u00fcrlicher Weizenkeimextrakt \u2013 Studien zeigen, dass nat\u00fcrliche Bio-Weizenkeime die idealste Spermidinquelle sind, die 243 mg\/kg Spermidin enthalten, w\u00e4hrend andere Reiskeime nur 50 mg\/kg Spermidin in den Rohzutaten enthalten. Im Vergleich zu anderen Reiskeimextrakt-Kapseln erhalten Sie eine doppelte Spermidin-Portion in 13 mg von OMNYMUNE fermentierten Weizenkeimextrakt-Kapseln.<br \/>\nZELLERNEUERUNG &amp; UNTERST\u00dcTZUNG DES IMMUNSYSTEMS: Reich an hochwertigem Spermidin, Zin und Thiamin, ist fermentierter Weizenkeimextrakt ein wirksames Nahrungserg\u00e4nzungsmittel f\u00fcr die Zellgesundheit. Wissenschaftliche Untersuchungen zeigen, dass es durch die Aufrechterhaltung der richtigen mitochondrialen Funktion die Erneuerung der menschlichen Zellen und des Immunsystems stark unterst\u00fctzt hat.<br \/>\nDie h\u00f6chste Spermidin-Formel mit 13 mg \u2013 OMNYMUNE bietet die h\u00f6chste Spermidin-Formel auf dem Markt mit einer 100 % erstklassigen nat\u00fcrlichen Weizenkeimextraktquelle. \u00dcber 10x st\u00e4rker als andere Spermidinpr\u00e4parate zu einem g\u00fcnstigeren Preis.<br \/>\nPREMIUM-FORMEL: Unsere Spermidin-Weizenkeimextrakt-Kapseln werden mit sorgf\u00e4ltig ausgew\u00e4hlten, 100 % hochwertigsten, rein nat\u00fcrlichen, gentechnikfreien Weizenkeimen hergestellt. Speziell formuliert ohne GVO-Inhaltsstoffe. Diese Spermidin-Weizenkeimextrakt-Kapsel wurde von Wissenschaftlern fachm\u00e4nnisch entwickelt, um die Bioverf\u00fcgbarkeit dieses essentiellen N\u00e4hrstoffs zu erh\u00f6hen.<br \/>\nDosierung: Diese Spermidin-Kapseln mit fermentiertem Weizenkeimextrakt werden in einem Beh\u00e4lter mit 60 Weichkapseln geliefert. Zwei Hartkapseln entsprechen einer Dosis von 1300 mg mit Spermidin fermentierten Weizenkeimen. Es wurde speziell f\u00fcr M\u00e4nner und Frauen entwickelt, denen der Stoffwechsel aufgrund von Mitochondrien und einem geschw\u00e4chten Immunsystem fehlt. Es wird empfohlen, t\u00e4glich 2 Hartkapseln nach den Mahlzeiten einzunehmen.<br \/>\n<div class=\"main-cross-sell\" data-asin=\"B0BC428NNC\">\n\n\t<div class=\"WooZone-cross-sell-loader\">\n\t\t<div>\n\t\t\t<div id=\"floatingBarsG\">\n\t\t\t\t<div class=\"blockG\" id=\"rotateG_01\"><\/div>\n\t\t\t\t<div class=\"blockG\" id=\"rotateG_02\"><\/div>\n\t\t\t\t<div class=\"blockG\" id=\"rotateG_03\"><\/div>\n\t\t\t\t<div class=\"blockG\" id=\"rotateG_04\"><\/div>\n\t\t\t\t<div class=\"blockG\" id=\"rotateG_05\"><\/div>\n\t\t\t\t<div class=\"blockG\" id=\"rotateG_06\"><\/div>\n\t\t\t\t<div class=\"blockG\" id=\"rotateG_07\"><\/div>\n\t\t\t\t<div class=\"blockG\" id=\"rotateG_08\"><\/div>\n\t\t\t<\/div>\n\t\t\t<div class=\"WooZone-cross-sell-loader-text\"><\/div>\n\t\t<\/div>\n\t<\/div>\n\n\t\t\n<\/div>\n<div style=\"clear:both;\"><\/div><\/p>\n","protected":false},"excerpt":{"rendered":"<p>100 % nat\u00fcrlicher Weizenkeimextrakt \u2013 Studien zeigen, dass nat\u00fcrliche Bio-Weizenkeime die idealste Spermidinquelle sind, die 243 mg\/kg Spermidin enthalten, w\u00e4hrend andere Reiskeime nur 50 mg\/kg Spermidin in den Rohzutaten enthalten. Im Vergleich zu anderen Reiskeimextrakt-Kapseln erhalten Sie eine doppelte Spermidin-Portion in 13 mg von OMNYMUNE fermentierten Weizenkeimextrakt-Kapseln.<br \/>\nZELLERNEUERUNG &amp; UNTERST\u00dcTZUNG DES IMMUNSYSTEMS: Reich an hochwertigem Spermidin, Zin und Thiamin, ist fermentierter Weizenkeimextrakt ein wirksames Nahrungserg\u00e4nzungsmittel f\u00fcr die Zellgesundheit. Wissenschaftliche Untersuchungen zeigen, dass es durch die Aufrechterhaltung der richtigen mitochondrialen Funktion die Erneuerung der menschlichen Zellen und des Immunsystems stark unterst\u00fctzt hat.<br \/>\nDie h\u00f6chste Spermidin-Formel mit 13 mg \u2013 OMNYMUNE bietet die h\u00f6chste Spermidin-Formel auf dem Markt mit einer 100 % erstklassigen nat\u00fcrlichen Weizenkeimextraktquelle. \u00dcber 10x st\u00e4rker als andere Spermidinpr\u00e4parate zu einem g\u00fcnstigeren Preis.<\/p>\n","protected":false},"featured_media":152524,"comment_status":"open","ping_status":"closed","template":"","meta":[],"product_brand":[],"product_cat":[566,6375],"product_tag":[],"class_list":{"0":"post-152523","1":"product","2":"type-product","3":"status-publish","4":"has-post-thumbnail","6":"product_cat-drogerie-koerperpflege","7":"product_cat-vitamine-mineralien-ergaenzungsmittel","8":"pa_brand-omnymune","9":"pa_manufacturer-omnymune","11":"first","12":"instock","13":"shipping-taxable","14":"purchasable","15":"product-type-simple","16":"customify-col","17":"product-has-gallery"},"yoast_head":"<!-- This site is optimized with the Yoast SEO plugin v27.3 - https:\/\/yoast.com\/product\/yoast-seo-wordpress\/ -->\n<title>Spermidin-Weizenkeimextrakt-Kapseln - Spermidin-Erg\u00e4nzung 1300 mg Fortgeschrittene Formel mit Zink zur Rettung der\u2026 - Markt-XXL<\/title>\n<meta name=\"description\" content=\"Markt-XXL Spermidin-Weizenkeimextrakt-Kapseln - Spermidin-Erg\u00e4nzung 1300 mg Fortgeschrittene Formel mit Zink zur Rettung der\u2026\" \/>\n<meta name=\"robots\" content=\"index, follow, max-snippet:-1, max-image-preview:large, max-video-preview:-1\" \/>\n<link rel=\"canonical\" href=\"https:\/\/marktxxl.de\/markt\/produkt\/spermidin-weizenkeimextrakt-kapseln-spermidin-ergaenzung-1300-mg-fortgeschrittene-formel-mit-zink-zur-rettung-der-mitochondrien-des-immunsystems-und-der-zellerneuerung\/\" \/>\n<meta property=\"og:locale\" content=\"de_DE\" \/>\n<meta property=\"og:type\" content=\"article\" \/>\n<meta property=\"og:title\" content=\"Spermidin-Weizenkeimextrakt-Kapseln - Spermidin-Erg\u00e4nzung 1300 mg Fortgeschrittene Formel mit Zink zur Rettung der\u2026 - Markt-XXL\" \/>\n<meta property=\"og:description\" content=\"Markt-XXL Spermidin-Weizenkeimextrakt-Kapseln - Spermidin-Erg\u00e4nzung 1300 mg Fortgeschrittene Formel mit Zink zur Rettung der\u2026\" \/>\n<meta property=\"og:url\" content=\"https:\/\/marktxxl.de\/markt\/produkt\/spermidin-weizenkeimextrakt-kapseln-spermidin-ergaenzung-1300-mg-fortgeschrittene-formel-mit-zink-zur-rettung-der-mitochondrien-des-immunsystems-und-der-zellerneuerung\/\" \/>\n<meta property=\"og:site_name\" content=\"Markt-XXL\" \/>\n<meta property=\"article:modified_time\" content=\"2023-04-11T02:33:26+00:00\" \/>\n<meta property=\"og:image\" content=\"https:\/\/m.media-amazon.com\/images\/I\/51n4L5lbVoL._SL500_.jpg\" \/>\n\t<meta property=\"og:image:width\" content=\"500\" \/>\n\t<meta property=\"og:image:height\" content=\"500\" \/>\n\t<meta property=\"og:image:type\" content=\"image\/jpeg\" \/>\n<meta name=\"twitter:card\" content=\"summary_large_image\" \/>\n<meta name=\"twitter:label1\" content=\"Gesch\u00e4tzte Lesezeit\" \/>\n\t<meta name=\"twitter:data1\" content=\"1\u00a0Minute\" \/>\n<script type=\"application\/ld+json\" class=\"yoast-schema-graph\">{\"@context\":\"https:\\\/\\\/schema.org\",\"@graph\":[{\"@type\":\"WebPage\",\"@id\":\"https:\\\/\\\/marktxxl.de\\\/markt\\\/produkt\\\/spermidin-weizenkeimextrakt-kapseln-spermidin-ergaenzung-1300-mg-fortgeschrittene-formel-mit-zink-zur-rettung-der-mitochondrien-des-immunsystems-und-der-zellerneuerung\\\/\",\"url\":\"https:\\\/\\\/marktxxl.de\\\/markt\\\/produkt\\\/spermidin-weizenkeimextrakt-kapseln-spermidin-ergaenzung-1300-mg-fortgeschrittene-formel-mit-zink-zur-rettung-der-mitochondrien-des-immunsystems-und-der-zellerneuerung\\\/\",\"name\":\"Spermidin-Weizenkeimextrakt-Kapseln - Spermidin-Erg\u00e4nzung 1300 mg Fortgeschrittene Formel mit Zink zur Rettung der\u2026 - Markt-XXL\",\"isPartOf\":{\"@id\":\"https:\\\/\\\/marktxxl.de\\\/markt\\\/#website\"},\"primaryImageOfPage\":{\"@id\":\"https:\\\/\\\/marktxxl.de\\\/markt\\\/produkt\\\/spermidin-weizenkeimextrakt-kapseln-spermidin-ergaenzung-1300-mg-fortgeschrittene-formel-mit-zink-zur-rettung-der-mitochondrien-des-immunsystems-und-der-zellerneuerung\\\/#primaryimage\"},\"image\":{\"@id\":\"https:\\\/\\\/marktxxl.de\\\/markt\\\/produkt\\\/spermidin-weizenkeimextrakt-kapseln-spermidin-ergaenzung-1300-mg-fortgeschrittene-formel-mit-zink-zur-rettung-der-mitochondrien-des-immunsystems-und-der-zellerneuerung\\\/#primaryimage\"},\"thumbnailUrl\":\"https:\\\/\\\/m.media-amazon.com\\\/images\\\/I\\\/51n4L5lbVoL._SL500_.jpg\",\"datePublished\":\"2022-09-12T06:04:27+00:00\",\"dateModified\":\"2023-04-11T02:33:26+00:00\",\"description\":\"Markt-XXL Spermidin-Weizenkeimextrakt-Kapseln - Spermidin-Erg\u00e4nzung 1300 mg Fortgeschrittene Formel mit Zink zur Rettung der\u2026\",\"breadcrumb\":{\"@id\":\"https:\\\/\\\/marktxxl.de\\\/markt\\\/produkt\\\/spermidin-weizenkeimextrakt-kapseln-spermidin-ergaenzung-1300-mg-fortgeschrittene-formel-mit-zink-zur-rettung-der-mitochondrien-des-immunsystems-und-der-zellerneuerung\\\/#breadcrumb\"},\"inLanguage\":\"de\",\"potentialAction\":[{\"@type\":\"ReadAction\",\"target\":[\"https:\\\/\\\/marktxxl.de\\\/markt\\\/produkt\\\/spermidin-weizenkeimextrakt-kapseln-spermidin-ergaenzung-1300-mg-fortgeschrittene-formel-mit-zink-zur-rettung-der-mitochondrien-des-immunsystems-und-der-zellerneuerung\\\/\"]}]},{\"@type\":\"ImageObject\",\"inLanguage\":\"de\",\"@id\":\"https:\\\/\\\/marktxxl.de\\\/markt\\\/produkt\\\/spermidin-weizenkeimextrakt-kapseln-spermidin-ergaenzung-1300-mg-fortgeschrittene-formel-mit-zink-zur-rettung-der-mitochondrien-des-immunsystems-und-der-zellerneuerung\\\/#primaryimage\",\"url\":\"https:\\\/\\\/m.media-amazon.com\\\/images\\\/I\\\/51n4L5lbVoL._SL500_.jpg\",\"contentUrl\":\"https:\\\/\\\/m.media-amazon.com\\\/images\\\/I\\\/51n4L5lbVoL._SL500_.jpg\",\"width\":500,\"height\":500},{\"@type\":\"BreadcrumbList\",\"@id\":\"https:\\\/\\\/marktxxl.de\\\/markt\\\/produkt\\\/spermidin-weizenkeimextrakt-kapseln-spermidin-ergaenzung-1300-mg-fortgeschrittene-formel-mit-zink-zur-rettung-der-mitochondrien-des-immunsystems-und-der-zellerneuerung\\\/#breadcrumb\",\"itemListElement\":[{\"@type\":\"ListItem\",\"position\":1,\"name\":\"Startseite\",\"item\":\"https:\\\/\\\/marktxxl.de\\\/markt\\\/\"},{\"@type\":\"ListItem\",\"position\":2,\"name\":\"Markt\",\"item\":\"https:\\\/\\\/marktxxl.de\\\/markt\\\/\"},{\"@type\":\"ListItem\",\"position\":3,\"name\":\"Spermidin-Weizenkeimextrakt-Kapseln &#8211; Spermidin-Erg\u00e4nzung 1300 mg Fortgeschrittene Formel mit Zink zur Rettung der\u2026\"}]},{\"@type\":\"WebSite\",\"@id\":\"https:\\\/\\\/marktxxl.de\\\/markt\\\/#website\",\"url\":\"https:\\\/\\\/marktxxl.de\\\/markt\\\/\",\"name\":\"Markt-XXL\",\"description\":\"Ihr Markt Online\",\"publisher\":{\"@id\":\"https:\\\/\\\/marktxxl.de\\\/markt\\\/#organization\"},\"potentialAction\":[{\"@type\":\"SearchAction\",\"target\":{\"@type\":\"EntryPoint\",\"urlTemplate\":\"https:\\\/\\\/marktxxl.de\\\/markt\\\/?s={search_term_string}\"},\"query-input\":{\"@type\":\"PropertyValueSpecification\",\"valueRequired\":true,\"valueName\":\"search_term_string\"}}],\"inLanguage\":\"de\"},{\"@type\":\"Organization\",\"@id\":\"https:\\\/\\\/marktxxl.de\\\/markt\\\/#organization\",\"name\":\"Markt-XXL\",\"url\":\"https:\\\/\\\/marktxxl.de\\\/markt\\\/\",\"logo\":{\"@type\":\"ImageObject\",\"inLanguage\":\"de\",\"@id\":\"https:\\\/\\\/marktxxl.de\\\/markt\\\/#\\\/schema\\\/logo\\\/image\\\/\",\"url\":\"https:\\\/\\\/marktxxl.de\\\/markt\\\/wp-content\\\/uploads\\\/sites\\\/3\\\/2020\\\/12\\\/logo.png\",\"contentUrl\":\"https:\\\/\\\/marktxxl.de\\\/markt\\\/wp-content\\\/uploads\\\/sites\\\/3\\\/2020\\\/12\\\/logo.png\",\"width\":200,\"height\":70,\"caption\":\"Markt-XXL\"},\"image\":{\"@id\":\"https:\\\/\\\/marktxxl.de\\\/markt\\\/#\\\/schema\\\/logo\\\/image\\\/\"}}]}<\/script>\n<!-- \/ Yoast SEO plugin. -->","yoast_head_json":{"title":"Spermidin-Weizenkeimextrakt-Kapseln - Spermidin-Erg\u00e4nzung 1300 mg Fortgeschrittene Formel mit Zink zur Rettung der\u2026 - Markt-XXL","description":"Markt-XXL Spermidin-Weizenkeimextrakt-Kapseln - Spermidin-Erg\u00e4nzung 1300 mg Fortgeschrittene Formel mit Zink zur Rettung der\u2026","robots":{"index":"index","follow":"follow","max-snippet":"max-snippet:-1","max-image-preview":"max-image-preview:large","max-video-preview":"max-video-preview:-1"},"canonical":"https:\/\/marktxxl.de\/markt\/produkt\/spermidin-weizenkeimextrakt-kapseln-spermidin-ergaenzung-1300-mg-fortgeschrittene-formel-mit-zink-zur-rettung-der-mitochondrien-des-immunsystems-und-der-zellerneuerung\/","og_locale":"de_DE","og_type":"article","og_title":"Spermidin-Weizenkeimextrakt-Kapseln - Spermidin-Erg\u00e4nzung 1300 mg Fortgeschrittene Formel mit Zink zur Rettung der\u2026 - Markt-XXL","og_description":"Markt-XXL Spermidin-Weizenkeimextrakt-Kapseln - Spermidin-Erg\u00e4nzung 1300 mg Fortgeschrittene Formel mit Zink zur Rettung der\u2026","og_url":"https:\/\/marktxxl.de\/markt\/produkt\/spermidin-weizenkeimextrakt-kapseln-spermidin-ergaenzung-1300-mg-fortgeschrittene-formel-mit-zink-zur-rettung-der-mitochondrien-des-immunsystems-und-der-zellerneuerung\/","og_site_name":"Markt-XXL","article_modified_time":"2023-04-11T02:33:26+00:00","og_image":[{"width":500,"height":500,"url":"https:\/\/m.media-amazon.com\/images\/I\/51n4L5lbVoL._SL500_.jpg","type":"image\/jpeg"}],"twitter_card":"summary_large_image","twitter_misc":{"Gesch\u00e4tzte Lesezeit":"1\u00a0Minute"},"schema":{"@context":"https:\/\/schema.org","@graph":[{"@type":"WebPage","@id":"https:\/\/marktxxl.de\/markt\/produkt\/spermidin-weizenkeimextrakt-kapseln-spermidin-ergaenzung-1300-mg-fortgeschrittene-formel-mit-zink-zur-rettung-der-mitochondrien-des-immunsystems-und-der-zellerneuerung\/","url":"https:\/\/marktxxl.de\/markt\/produkt\/spermidin-weizenkeimextrakt-kapseln-spermidin-ergaenzung-1300-mg-fortgeschrittene-formel-mit-zink-zur-rettung-der-mitochondrien-des-immunsystems-und-der-zellerneuerung\/","name":"Spermidin-Weizenkeimextrakt-Kapseln - Spermidin-Erg\u00e4nzung 1300 mg Fortgeschrittene Formel mit Zink zur Rettung der\u2026 - Markt-XXL","isPartOf":{"@id":"https:\/\/marktxxl.de\/markt\/#website"},"primaryImageOfPage":{"@id":"https:\/\/marktxxl.de\/markt\/produkt\/spermidin-weizenkeimextrakt-kapseln-spermidin-ergaenzung-1300-mg-fortgeschrittene-formel-mit-zink-zur-rettung-der-mitochondrien-des-immunsystems-und-der-zellerneuerung\/#primaryimage"},"image":{"@id":"https:\/\/marktxxl.de\/markt\/produkt\/spermidin-weizenkeimextrakt-kapseln-spermidin-ergaenzung-1300-mg-fortgeschrittene-formel-mit-zink-zur-rettung-der-mitochondrien-des-immunsystems-und-der-zellerneuerung\/#primaryimage"},"thumbnailUrl":"https:\/\/m.media-amazon.com\/images\/I\/51n4L5lbVoL._SL500_.jpg","datePublished":"2022-09-12T06:04:27+00:00","dateModified":"2023-04-11T02:33:26+00:00","description":"Markt-XXL Spermidin-Weizenkeimextrakt-Kapseln - Spermidin-Erg\u00e4nzung 1300 mg Fortgeschrittene Formel mit Zink zur Rettung der\u2026","breadcrumb":{"@id":"https:\/\/marktxxl.de\/markt\/produkt\/spermidin-weizenkeimextrakt-kapseln-spermidin-ergaenzung-1300-mg-fortgeschrittene-formel-mit-zink-zur-rettung-der-mitochondrien-des-immunsystems-und-der-zellerneuerung\/#breadcrumb"},"inLanguage":"de","potentialAction":[{"@type":"ReadAction","target":["https:\/\/marktxxl.de\/markt\/produkt\/spermidin-weizenkeimextrakt-kapseln-spermidin-ergaenzung-1300-mg-fortgeschrittene-formel-mit-zink-zur-rettung-der-mitochondrien-des-immunsystems-und-der-zellerneuerung\/"]}]},{"@type":"ImageObject","inLanguage":"de","@id":"https:\/\/marktxxl.de\/markt\/produkt\/spermidin-weizenkeimextrakt-kapseln-spermidin-ergaenzung-1300-mg-fortgeschrittene-formel-mit-zink-zur-rettung-der-mitochondrien-des-immunsystems-und-der-zellerneuerung\/#primaryimage","url":"https:\/\/m.media-amazon.com\/images\/I\/51n4L5lbVoL._SL500_.jpg","contentUrl":"https:\/\/m.media-amazon.com\/images\/I\/51n4L5lbVoL._SL500_.jpg","width":500,"height":500},{"@type":"BreadcrumbList","@id":"https:\/\/marktxxl.de\/markt\/produkt\/spermidin-weizenkeimextrakt-kapseln-spermidin-ergaenzung-1300-mg-fortgeschrittene-formel-mit-zink-zur-rettung-der-mitochondrien-des-immunsystems-und-der-zellerneuerung\/#breadcrumb","itemListElement":[{"@type":"ListItem","position":1,"name":"Startseite","item":"https:\/\/marktxxl.de\/markt\/"},{"@type":"ListItem","position":2,"name":"Markt","item":"https:\/\/marktxxl.de\/markt\/"},{"@type":"ListItem","position":3,"name":"Spermidin-Weizenkeimextrakt-Kapseln &#8211; Spermidin-Erg\u00e4nzung 1300 mg Fortgeschrittene Formel mit Zink zur Rettung der\u2026"}]},{"@type":"WebSite","@id":"https:\/\/marktxxl.de\/markt\/#website","url":"https:\/\/marktxxl.de\/markt\/","name":"Markt-XXL","description":"Ihr Markt Online","publisher":{"@id":"https:\/\/marktxxl.de\/markt\/#organization"},"potentialAction":[{"@type":"SearchAction","target":{"@type":"EntryPoint","urlTemplate":"https:\/\/marktxxl.de\/markt\/?s={search_term_string}"},"query-input":{"@type":"PropertyValueSpecification","valueRequired":true,"valueName":"search_term_string"}}],"inLanguage":"de"},{"@type":"Organization","@id":"https:\/\/marktxxl.de\/markt\/#organization","name":"Markt-XXL","url":"https:\/\/marktxxl.de\/markt\/","logo":{"@type":"ImageObject","inLanguage":"de","@id":"https:\/\/marktxxl.de\/markt\/#\/schema\/logo\/image\/","url":"https:\/\/marktxxl.de\/markt\/wp-content\/uploads\/sites\/3\/2020\/12\/logo.png","contentUrl":"https:\/\/marktxxl.de\/markt\/wp-content\/uploads\/sites\/3\/2020\/12\/logo.png","width":200,"height":70,"caption":"Markt-XXL"},"image":{"@id":"https:\/\/marktxxl.de\/markt\/#\/schema\/logo\/image\/"}}]}},"_links":{"self":[{"href":"https:\/\/marktxxl.de\/markt\/wp-json\/wp\/v2\/product\/152523","targetHints":{"allow":["GET"]}}],"collection":[{"href":"https:\/\/marktxxl.de\/markt\/wp-json\/wp\/v2\/product"}],"about":[{"href":"https:\/\/marktxxl.de\/markt\/wp-json\/wp\/v2\/types\/product"}],"replies":[{"embeddable":true,"href":"https:\/\/marktxxl.de\/markt\/wp-json\/wp\/v2\/comments?post=152523"}],"wp:featuredmedia":[{"embeddable":true,"href":"https:\/\/marktxxl.de\/markt\/wp-json\/wp\/v2\/media\/152524"}],"wp:attachment":[{"href":"https:\/\/marktxxl.de\/markt\/wp-json\/wp\/v2\/media?parent=152523"}],"wp:term":[{"taxonomy":"product_brand","embeddable":true,"href":"https:\/\/marktxxl.de\/markt\/wp-json\/wp\/v2\/product_brand?post=152523"},{"taxonomy":"product_cat","embeddable":true,"href":"https:\/\/marktxxl.de\/markt\/wp-json\/wp\/v2\/product_cat?post=152523"},{"taxonomy":"product_tag","embeddable":true,"href":"https:\/\/marktxxl.de\/markt\/wp-json\/wp\/v2\/product_tag?post=152523"}],"curies":[{"name":"wp","href":"https:\/\/api.w.org\/{rel}","templated":true}]}}