{"id":152413,"date":"2022-09-12T07:58:40","date_gmt":"2022-09-12T05:58:40","guid":{"rendered":"https:\/\/marktxxl.de\/markt\/produkt\/fisiocrem-solugel-250ml\/"},"modified":"2023-04-11T04:33:24","modified_gmt":"2023-04-11T02:33:24","slug":"fisiocrem-solugel-250ml","status":"publish","type":"product","link":"https:\/\/marktxxl.de\/markt\/produkt\/fisiocrem-solugel-250ml\/","title":{"rendered":"Fisiocrem Solugel 250Ml"},"content":{"rendered":"<p>[Schmerzlinderung] Beruhigende Eigenschaften f\u00fcr Gelenke und Muskeln, hohe Wirksamkeit dank unserer Formulierung, enth\u00e4lt schmerzlindernde Inhaltsstoffe, reduziert Entz\u00fcndungen und Schwellungen. Formuliert zur Behandlung von Sehnen und B\u00e4ndern, geeignet f\u00fcr rheumatische und arthritische Schmerzen. Hilft beim Sport.<br \/>\nNat\u00fcrliche Zutaten: 100 % nat\u00fcrliche Inhaltsstoffe, hergestellt in Labors der EU und entsprechen den strengen Standards und Herstellungsprozessen. Enth\u00e4lt Arnica-Extrakt, Hypericum, Calendula und Melaleuca mit schmerzlindernden und entz\u00fcndungshemmenden Eigenschaften.<br \/>\n[Muskelpflege und Leichtigkeit] Die leistungsstarken Inhaltsstoffe von Fisiocrem Gel reduzieren Schmerzen und Prellungen. Verbessert die Mobilit\u00e4t und Flexibilit\u00e4t ab der ersten Anwendung, verbessert die Lebensqualit\u00e4t, stimuliert die Durchblutung, schnell wirkend.<br \/>\n[EINFACHE ANWENDUNG GEL] Unser Fisiocrem Gel mit Arnica wird in einer kompakten 250 ml Verpackung geliefert. Formel f\u00fcr eine bessere Anwendung, fettet nicht und zieht schnell ein und angenehmer Duft, hinterl\u00e4sst ein beruhigendes und frisches Gef\u00fchl.<br \/>\n[Garantie] Unser Produkt verf\u00fcgt \u00fcber alle Gesundheitszertifikate und ist eines der erfolgreichsten Produkte auf dem Markt.<br \/>\n<div class=\"main-cross-sell\" data-asin=\"B01LX9HZFL\">\n\n\t<div class=\"WooZone-cross-sell-loader\">\n\t\t<div>\n\t\t\t<div id=\"floatingBarsG\">\n\t\t\t\t<div class=\"blockG\" id=\"rotateG_01\"><\/div>\n\t\t\t\t<div class=\"blockG\" id=\"rotateG_02\"><\/div>\n\t\t\t\t<div class=\"blockG\" id=\"rotateG_03\"><\/div>\n\t\t\t\t<div class=\"blockG\" id=\"rotateG_04\"><\/div>\n\t\t\t\t<div class=\"blockG\" id=\"rotateG_05\"><\/div>\n\t\t\t\t<div class=\"blockG\" id=\"rotateG_06\"><\/div>\n\t\t\t\t<div class=\"blockG\" id=\"rotateG_07\"><\/div>\n\t\t\t\t<div class=\"blockG\" id=\"rotateG_08\"><\/div>\n\t\t\t<\/div>\n\t\t\t<div class=\"WooZone-cross-sell-loader-text\"><\/div>\n\t\t<\/div>\n\t<\/div>\n\n\t\t\n<\/div>\n<div style=\"clear:both;\"><\/div><\/p>\n","protected":false},"excerpt":{"rendered":"<p>[Schmerzlinderung] Beruhigende Eigenschaften f\u00fcr Gelenke und Muskeln, hohe Wirksamkeit dank unserer Formulierung, enth\u00e4lt schmerzlindernde Inhaltsstoffe, reduziert Entz\u00fcndungen und Schwellungen. Formuliert zur Behandlung von Sehnen und B\u00e4ndern, geeignet f\u00fcr rheumatische und arthritische Schmerzen. Hilft beim Sport.<br \/>\nNat\u00fcrliche Zutaten: 100 % nat\u00fcrliche Inhaltsstoffe, hergestellt in Labors der EU und entsprechen den strengen Standards und Herstellungsprozessen. Enth\u00e4lt Arnica-Extrakt, Hypericum, Calendula und Melaleuca mit schmerzlindernden und entz\u00fcndungshemmenden Eigenschaften.<br \/>\n[Muskelpflege und Leichtigkeit] Die leistungsstarken Inhaltsstoffe von Fisiocrem Gel reduzieren Schmerzen und Prellungen. Verbessert die Mobilit\u00e4t und Flexibilit\u00e4t ab der ersten Anwendung, verbessert die Lebensqualit\u00e4t, stimuliert die Durchblutung, schnell wirkend.<\/p>\n","protected":false},"featured_media":152414,"comment_status":"open","ping_status":"closed","template":"","meta":[],"product_brand":[],"product_cat":[566,6104],"product_tag":[],"class_list":{"0":"post-152413","1":"product","2":"type-product","3":"status-publish","4":"has-post-thumbnail","6":"product_cat-drogerie-koerperpflege","7":"product_cat-nahrungsergaenzung","8":"pa_binding-badartikel","9":"pa_brand-solugel-fisiocrem","10":"pa_color-lila","11":"pa_height-10-236220462-zoll","12":"pa_languages-unbekannt-spanisch","13":"pa_length-10-236220462-zoll","14":"pa_manufacturer-fisiocrem","15":"pa_model-41880","16":"pa_size-250-ml-1er-pack","17":"pa_weight-0-220462262-pfund","18":"pa_width-8-267716527-zoll","20":"first","21":"instock","22":"shipping-taxable","23":"purchasable","24":"product-type-simple","25":"customify-col","26":"product-has-gallery"},"yoast_head":"<!-- This site is optimized with the Yoast SEO plugin v27.3 - https:\/\/yoast.com\/product\/yoast-seo-wordpress\/ -->\n<title>Fisiocrem Solugel 250Ml - Markt-XXL<\/title>\n<meta name=\"description\" content=\"Markt-XXL Fisiocrem Solugel 250Ml\" \/>\n<meta name=\"robots\" content=\"index, follow, max-snippet:-1, max-image-preview:large, max-video-preview:-1\" \/>\n<link rel=\"canonical\" href=\"https:\/\/marktxxl.de\/markt\/produkt\/fisiocrem-solugel-250ml\/\" \/>\n<meta property=\"og:locale\" content=\"de_DE\" \/>\n<meta property=\"og:type\" content=\"article\" \/>\n<meta property=\"og:title\" content=\"Fisiocrem Solugel 250Ml - Markt-XXL\" \/>\n<meta property=\"og:description\" content=\"Markt-XXL Fisiocrem Solugel 250Ml\" \/>\n<meta property=\"og:url\" content=\"https:\/\/marktxxl.de\/markt\/produkt\/fisiocrem-solugel-250ml\/\" \/>\n<meta property=\"og:site_name\" content=\"Markt-XXL\" \/>\n<meta property=\"article:modified_time\" content=\"2023-04-11T02:33:24+00:00\" \/>\n<meta property=\"og:image\" content=\"https:\/\/m.media-amazon.com\/images\/I\/31SmeSGFX2S._SL500_.jpg\" \/>\n\t<meta property=\"og:image:width\" content=\"500\" \/>\n\t<meta property=\"og:image:height\" content=\"500\" \/>\n\t<meta property=\"og:image:type\" content=\"image\/jpeg\" \/>\n<meta name=\"twitter:card\" content=\"summary_large_image\" \/>\n<meta name=\"twitter:label1\" content=\"Gesch\u00e4tzte Lesezeit\" \/>\n\t<meta name=\"twitter:data1\" content=\"1\u00a0Minute\" \/>\n<script type=\"application\/ld+json\" class=\"yoast-schema-graph\">{\"@context\":\"https:\\\/\\\/schema.org\",\"@graph\":[{\"@type\":\"WebPage\",\"@id\":\"https:\\\/\\\/marktxxl.de\\\/markt\\\/produkt\\\/fisiocrem-solugel-250ml\\\/\",\"url\":\"https:\\\/\\\/marktxxl.de\\\/markt\\\/produkt\\\/fisiocrem-solugel-250ml\\\/\",\"name\":\"Fisiocrem Solugel 250Ml - Markt-XXL\",\"isPartOf\":{\"@id\":\"https:\\\/\\\/marktxxl.de\\\/markt\\\/#website\"},\"primaryImageOfPage\":{\"@id\":\"https:\\\/\\\/marktxxl.de\\\/markt\\\/produkt\\\/fisiocrem-solugel-250ml\\\/#primaryimage\"},\"image\":{\"@id\":\"https:\\\/\\\/marktxxl.de\\\/markt\\\/produkt\\\/fisiocrem-solugel-250ml\\\/#primaryimage\"},\"thumbnailUrl\":\"https:\\\/\\\/m.media-amazon.com\\\/images\\\/I\\\/31SmeSGFX2S._SL500_.jpg\",\"datePublished\":\"2022-09-12T05:58:40+00:00\",\"dateModified\":\"2023-04-11T02:33:24+00:00\",\"description\":\"Markt-XXL Fisiocrem Solugel 250Ml\",\"breadcrumb\":{\"@id\":\"https:\\\/\\\/marktxxl.de\\\/markt\\\/produkt\\\/fisiocrem-solugel-250ml\\\/#breadcrumb\"},\"inLanguage\":\"de\",\"potentialAction\":[{\"@type\":\"ReadAction\",\"target\":[\"https:\\\/\\\/marktxxl.de\\\/markt\\\/produkt\\\/fisiocrem-solugel-250ml\\\/\"]}]},{\"@type\":\"ImageObject\",\"inLanguage\":\"de\",\"@id\":\"https:\\\/\\\/marktxxl.de\\\/markt\\\/produkt\\\/fisiocrem-solugel-250ml\\\/#primaryimage\",\"url\":\"https:\\\/\\\/m.media-amazon.com\\\/images\\\/I\\\/31SmeSGFX2S._SL500_.jpg\",\"contentUrl\":\"https:\\\/\\\/m.media-amazon.com\\\/images\\\/I\\\/31SmeSGFX2S._SL500_.jpg\",\"width\":500,\"height\":500},{\"@type\":\"BreadcrumbList\",\"@id\":\"https:\\\/\\\/marktxxl.de\\\/markt\\\/produkt\\\/fisiocrem-solugel-250ml\\\/#breadcrumb\",\"itemListElement\":[{\"@type\":\"ListItem\",\"position\":1,\"name\":\"Startseite\",\"item\":\"https:\\\/\\\/marktxxl.de\\\/markt\\\/\"},{\"@type\":\"ListItem\",\"position\":2,\"name\":\"Markt\",\"item\":\"https:\\\/\\\/marktxxl.de\\\/markt\\\/\"},{\"@type\":\"ListItem\",\"position\":3,\"name\":\"Fisiocrem Solugel 250Ml\"}]},{\"@type\":\"WebSite\",\"@id\":\"https:\\\/\\\/marktxxl.de\\\/markt\\\/#website\",\"url\":\"https:\\\/\\\/marktxxl.de\\\/markt\\\/\",\"name\":\"Markt-XXL\",\"description\":\"Ihr Markt Online\",\"publisher\":{\"@id\":\"https:\\\/\\\/marktxxl.de\\\/markt\\\/#organization\"},\"potentialAction\":[{\"@type\":\"SearchAction\",\"target\":{\"@type\":\"EntryPoint\",\"urlTemplate\":\"https:\\\/\\\/marktxxl.de\\\/markt\\\/?s={search_term_string}\"},\"query-input\":{\"@type\":\"PropertyValueSpecification\",\"valueRequired\":true,\"valueName\":\"search_term_string\"}}],\"inLanguage\":\"de\"},{\"@type\":\"Organization\",\"@id\":\"https:\\\/\\\/marktxxl.de\\\/markt\\\/#organization\",\"name\":\"Markt-XXL\",\"url\":\"https:\\\/\\\/marktxxl.de\\\/markt\\\/\",\"logo\":{\"@type\":\"ImageObject\",\"inLanguage\":\"de\",\"@id\":\"https:\\\/\\\/marktxxl.de\\\/markt\\\/#\\\/schema\\\/logo\\\/image\\\/\",\"url\":\"https:\\\/\\\/marktxxl.de\\\/markt\\\/wp-content\\\/uploads\\\/sites\\\/3\\\/2020\\\/12\\\/logo.png\",\"contentUrl\":\"https:\\\/\\\/marktxxl.de\\\/markt\\\/wp-content\\\/uploads\\\/sites\\\/3\\\/2020\\\/12\\\/logo.png\",\"width\":200,\"height\":70,\"caption\":\"Markt-XXL\"},\"image\":{\"@id\":\"https:\\\/\\\/marktxxl.de\\\/markt\\\/#\\\/schema\\\/logo\\\/image\\\/\"}}]}<\/script>\n<!-- \/ Yoast SEO plugin. -->","yoast_head_json":{"title":"Fisiocrem Solugel 250Ml - Markt-XXL","description":"Markt-XXL Fisiocrem Solugel 250Ml","robots":{"index":"index","follow":"follow","max-snippet":"max-snippet:-1","max-image-preview":"max-image-preview:large","max-video-preview":"max-video-preview:-1"},"canonical":"https:\/\/marktxxl.de\/markt\/produkt\/fisiocrem-solugel-250ml\/","og_locale":"de_DE","og_type":"article","og_title":"Fisiocrem Solugel 250Ml - Markt-XXL","og_description":"Markt-XXL Fisiocrem Solugel 250Ml","og_url":"https:\/\/marktxxl.de\/markt\/produkt\/fisiocrem-solugel-250ml\/","og_site_name":"Markt-XXL","article_modified_time":"2023-04-11T02:33:24+00:00","og_image":[{"width":500,"height":500,"url":"https:\/\/m.media-amazon.com\/images\/I\/31SmeSGFX2S._SL500_.jpg","type":"image\/jpeg"}],"twitter_card":"summary_large_image","twitter_misc":{"Gesch\u00e4tzte Lesezeit":"1\u00a0Minute"},"schema":{"@context":"https:\/\/schema.org","@graph":[{"@type":"WebPage","@id":"https:\/\/marktxxl.de\/markt\/produkt\/fisiocrem-solugel-250ml\/","url":"https:\/\/marktxxl.de\/markt\/produkt\/fisiocrem-solugel-250ml\/","name":"Fisiocrem Solugel 250Ml - Markt-XXL","isPartOf":{"@id":"https:\/\/marktxxl.de\/markt\/#website"},"primaryImageOfPage":{"@id":"https:\/\/marktxxl.de\/markt\/produkt\/fisiocrem-solugel-250ml\/#primaryimage"},"image":{"@id":"https:\/\/marktxxl.de\/markt\/produkt\/fisiocrem-solugel-250ml\/#primaryimage"},"thumbnailUrl":"https:\/\/m.media-amazon.com\/images\/I\/31SmeSGFX2S._SL500_.jpg","datePublished":"2022-09-12T05:58:40+00:00","dateModified":"2023-04-11T02:33:24+00:00","description":"Markt-XXL Fisiocrem Solugel 250Ml","breadcrumb":{"@id":"https:\/\/marktxxl.de\/markt\/produkt\/fisiocrem-solugel-250ml\/#breadcrumb"},"inLanguage":"de","potentialAction":[{"@type":"ReadAction","target":["https:\/\/marktxxl.de\/markt\/produkt\/fisiocrem-solugel-250ml\/"]}]},{"@type":"ImageObject","inLanguage":"de","@id":"https:\/\/marktxxl.de\/markt\/produkt\/fisiocrem-solugel-250ml\/#primaryimage","url":"https:\/\/m.media-amazon.com\/images\/I\/31SmeSGFX2S._SL500_.jpg","contentUrl":"https:\/\/m.media-amazon.com\/images\/I\/31SmeSGFX2S._SL500_.jpg","width":500,"height":500},{"@type":"BreadcrumbList","@id":"https:\/\/marktxxl.de\/markt\/produkt\/fisiocrem-solugel-250ml\/#breadcrumb","itemListElement":[{"@type":"ListItem","position":1,"name":"Startseite","item":"https:\/\/marktxxl.de\/markt\/"},{"@type":"ListItem","position":2,"name":"Markt","item":"https:\/\/marktxxl.de\/markt\/"},{"@type":"ListItem","position":3,"name":"Fisiocrem Solugel 250Ml"}]},{"@type":"WebSite","@id":"https:\/\/marktxxl.de\/markt\/#website","url":"https:\/\/marktxxl.de\/markt\/","name":"Markt-XXL","description":"Ihr Markt Online","publisher":{"@id":"https:\/\/marktxxl.de\/markt\/#organization"},"potentialAction":[{"@type":"SearchAction","target":{"@type":"EntryPoint","urlTemplate":"https:\/\/marktxxl.de\/markt\/?s={search_term_string}"},"query-input":{"@type":"PropertyValueSpecification","valueRequired":true,"valueName":"search_term_string"}}],"inLanguage":"de"},{"@type":"Organization","@id":"https:\/\/marktxxl.de\/markt\/#organization","name":"Markt-XXL","url":"https:\/\/marktxxl.de\/markt\/","logo":{"@type":"ImageObject","inLanguage":"de","@id":"https:\/\/marktxxl.de\/markt\/#\/schema\/logo\/image\/","url":"https:\/\/marktxxl.de\/markt\/wp-content\/uploads\/sites\/3\/2020\/12\/logo.png","contentUrl":"https:\/\/marktxxl.de\/markt\/wp-content\/uploads\/sites\/3\/2020\/12\/logo.png","width":200,"height":70,"caption":"Markt-XXL"},"image":{"@id":"https:\/\/marktxxl.de\/markt\/#\/schema\/logo\/image\/"}}]}},"_links":{"self":[{"href":"https:\/\/marktxxl.de\/markt\/wp-json\/wp\/v2\/product\/152413","targetHints":{"allow":["GET"]}}],"collection":[{"href":"https:\/\/marktxxl.de\/markt\/wp-json\/wp\/v2\/product"}],"about":[{"href":"https:\/\/marktxxl.de\/markt\/wp-json\/wp\/v2\/types\/product"}],"replies":[{"embeddable":true,"href":"https:\/\/marktxxl.de\/markt\/wp-json\/wp\/v2\/comments?post=152413"}],"wp:featuredmedia":[{"embeddable":true,"href":"https:\/\/marktxxl.de\/markt\/wp-json\/wp\/v2\/media\/152414"}],"wp:attachment":[{"href":"https:\/\/marktxxl.de\/markt\/wp-json\/wp\/v2\/media?parent=152413"}],"wp:term":[{"taxonomy":"product_brand","embeddable":true,"href":"https:\/\/marktxxl.de\/markt\/wp-json\/wp\/v2\/product_brand?post=152413"},{"taxonomy":"product_cat","embeddable":true,"href":"https:\/\/marktxxl.de\/markt\/wp-json\/wp\/v2\/product_cat?post=152413"},{"taxonomy":"product_tag","embeddable":true,"href":"https:\/\/marktxxl.de\/markt\/wp-json\/wp\/v2\/product_tag?post=152413"}],"curies":[{"name":"wp","href":"https:\/\/api.w.org\/{rel}","templated":true}]}}