{"id":152164,"date":"2022-09-12T07:31:58","date_gmt":"2022-09-12T05:31:58","guid":{"rendered":"https:\/\/marktxxl.de\/markt\/produkt\/eywamage-flackernde-flammenlose-kerzen-mit-fernbedienung-d-76-cm-h-102-cm-127-cm-152-cm\/"},"modified":"2023-04-11T04:33:20","modified_gmt":"2023-04-11T02:33:20","slug":"eywamage-flackernde-flammenlose-kerzen-mit-fernbedienung-d-76-cm-h-102-cm-127-cm-152-cm","status":"publish","type":"product","link":"https:\/\/marktxxl.de\/markt\/produkt\/eywamage-flackernde-flammenlose-kerzen-mit-fernbedienung-d-76-cm-h-102-cm-127-cm-152-cm\/","title":{"rendered":"Eywamage Flammenlose Ananas-Glas-Kerzen mit Fernbedienung, flackernde, realistische, batteriebetriebene LED-Deko-Kerzen\u2026"},"content":{"rendered":"<p>Realistische, flammenlose Kerzen im Glashalter \u2013 Diese roten LED-Kerzen sind aus echtem spiegelartigem Glas und Paraffinwachs, simuliert realistische 3D-Dochtflamme, flackert sanft und gibt ein warmwei\u00dfes Licht ab, wodurch ein gem\u00fctliches Gef\u00fchl entsteht<br \/>\nFernbedienung und Timer-Funktion \u2013 Sie k\u00f6nnen alle Kerzen mit der Fernbedienung steuern (an\/aus, hell\/dimmbar, 4\/8 Stunden Timer-Funktion), die Reichweite der Fernbedienung betr\u00e4gt maximal 6 m.<br \/>\nBatteriebetriebene Kerzen \u2013 jede LED-Kerze wird mit 2 x AA-Batterien betrieben (nicht im Lieferumfang enthalten) mit Flackereffekt (feste Flamme), h\u00e4lt \u00fcber 350 Stunden, LED-Leuchtmittel hat eine Lebensdauer von \u00fcber 50.000 Stunden<br \/>\nSicher und ohne Unordnung \u2013 lebensechtes Aussehen, ohne Duft, kein Tropfen, kein Rauch, keine Gefahr, unsere Kerzen gehen sicher dort, wo traditionelle Flamme Kerzen nicht k\u00f6nnen, perfekt f\u00fcr Ihr Zuhause mit Kindern und Haustieren.<br \/>\n3-teiliges Kerzen-Geschenk-Set \u2013 gut verpackt, kommt mit 3 roten Glaskerzen, 7,6 cm Durchmesser, 10,1 cm hoch, 1 Bedienungsanleitung (evtl. nicht in deutscher Sprache), 1 Fernbedienung. Diese edlen roten Kerzen sind ideal f\u00fcr Wohnungseinrichtung, auch ideal als Geschenk f\u00fcr Einweihungsfeiern, Geburtstage, Hochzeiten, saisonale Feiertage, wie Muttertag, Vatertag, Weihnachten, Neujahr.<br \/>\n<div class=\"main-cross-sell\" data-asin=\"B09F54VH9M\">\n\n\t<div class=\"WooZone-cross-sell-loader\">\n\t\t<div>\n\t\t\t<div id=\"floatingBarsG\">\n\t\t\t\t<div class=\"blockG\" id=\"rotateG_01\"><\/div>\n\t\t\t\t<div class=\"blockG\" id=\"rotateG_02\"><\/div>\n\t\t\t\t<div class=\"blockG\" id=\"rotateG_03\"><\/div>\n\t\t\t\t<div class=\"blockG\" id=\"rotateG_04\"><\/div>\n\t\t\t\t<div class=\"blockG\" id=\"rotateG_05\"><\/div>\n\t\t\t\t<div class=\"blockG\" id=\"rotateG_06\"><\/div>\n\t\t\t\t<div class=\"blockG\" id=\"rotateG_07\"><\/div>\n\t\t\t\t<div class=\"blockG\" id=\"rotateG_08\"><\/div>\n\t\t\t<\/div>\n\t\t\t<div class=\"WooZone-cross-sell-loader-text\"><\/div>\n\t\t<\/div>\n\t<\/div>\n\n\t\t\n<\/div>\n<div style=\"clear:both;\"><\/div><\/p>\n","protected":false},"excerpt":{"rendered":"<p>Realistische, flammenlose Kerzen im Glashalter \u2013 Diese roten LED-Kerzen sind aus echtem spiegelartigem Glas und Paraffinwachs, simuliert realistische 3D-Dochtflamme, flackert sanft und gibt ein warmwei\u00dfes Licht ab, wodurch ein gem\u00fctliches Gef\u00fchl entsteht<br \/>\nFernbedienung und Timer-Funktion \u2013 Sie k\u00f6nnen alle Kerzen mit der Fernbedienung steuern (an\/aus, hell\/dimmbar, 4\/8 Stunden Timer-Funktion), die Reichweite der Fernbedienung betr\u00e4gt maximal 6 m.<br \/>\nBatteriebetriebene Kerzen \u2013 jede LED-Kerze wird mit 2 x AA-Batterien betrieben (nicht im Lieferumfang enthalten) mit Flackereffekt (feste Flamme), h\u00e4lt \u00fcber 350 Stunden, LED-Leuchtmittel hat eine Lebensdauer von \u00fcber 50.000 Stunden<\/p>\n","protected":false},"featured_media":152165,"comment_status":"open","ping_status":"closed","template":"","meta":[],"product_brand":[],"product_cat":[11446,2108],"product_tag":[],"class_list":{"0":"post-152164","1":"product","2":"type-product","3":"status-publish","4":"has-post-thumbnail","6":"product_cat-aussenbeleuchtung","7":"product_cat-beleuchtung","8":"pa_brand-eywamage","9":"pa_manufacturer-eywamage","10":"pa_model-eu-ma005-print","12":"first","13":"instock","14":"shipping-taxable","15":"purchasable","16":"product-type-simple","17":"customify-col","18":"product-has-gallery"},"yoast_head":"<!-- This site is optimized with the Yoast SEO plugin v27.4 - https:\/\/yoast.com\/product\/yoast-seo-wordpress\/ -->\n<title>Eywamage Flammenlose Ananas-Glas-Kerzen mit Fernbedienung, flackernde, realistische, batteriebetriebene LED-Deko-Kerzen\u2026 - Markt-XXL<\/title>\n<meta name=\"description\" content=\"Markt-XXL Eywamage Flammenlose Ananas-Glas-Kerzen mit Fernbedienung, flackernde, realistische, batteriebetriebene LED-Deko-Kerzen\u2026\" \/>\n<meta name=\"robots\" content=\"index, follow, max-snippet:-1, max-image-preview:large, max-video-preview:-1\" \/>\n<link rel=\"canonical\" href=\"https:\/\/marktxxl.de\/markt\/produkt\/eywamage-flackernde-flammenlose-kerzen-mit-fernbedienung-d-76-cm-h-102-cm-127-cm-152-cm\/\" \/>\n<meta property=\"og:locale\" content=\"de_DE\" \/>\n<meta property=\"og:type\" content=\"article\" \/>\n<meta property=\"og:title\" content=\"Eywamage Flammenlose Ananas-Glas-Kerzen mit Fernbedienung, flackernde, realistische, batteriebetriebene LED-Deko-Kerzen\u2026 - Markt-XXL\" \/>\n<meta property=\"og:description\" content=\"Markt-XXL Eywamage Flammenlose Ananas-Glas-Kerzen mit Fernbedienung, flackernde, realistische, batteriebetriebene LED-Deko-Kerzen\u2026\" \/>\n<meta property=\"og:url\" content=\"https:\/\/marktxxl.de\/markt\/produkt\/eywamage-flackernde-flammenlose-kerzen-mit-fernbedienung-d-76-cm-h-102-cm-127-cm-152-cm\/\" \/>\n<meta property=\"og:site_name\" content=\"Markt-XXL\" \/>\n<meta property=\"article:modified_time\" content=\"2023-04-11T02:33:20+00:00\" \/>\n<meta property=\"og:image\" content=\"https:\/\/m.media-amazon.com\/images\/I\/614py9NITwL._SL500_.jpg\" \/>\n\t<meta property=\"og:image:width\" content=\"500\" \/>\n\t<meta property=\"og:image:height\" content=\"500\" \/>\n\t<meta property=\"og:image:type\" content=\"image\/jpeg\" \/>\n<meta name=\"twitter:card\" content=\"summary_large_image\" \/>\n<meta name=\"twitter:label1\" content=\"Gesch\u00e4tzte Lesezeit\" \/>\n\t<meta name=\"twitter:data1\" content=\"1\u00a0Minute\" \/>\n<script type=\"application\/ld+json\" class=\"yoast-schema-graph\">{\"@context\":\"https:\\\/\\\/schema.org\",\"@graph\":[{\"@type\":\"WebPage\",\"@id\":\"https:\\\/\\\/marktxxl.de\\\/markt\\\/produkt\\\/eywamage-flackernde-flammenlose-kerzen-mit-fernbedienung-d-76-cm-h-102-cm-127-cm-152-cm\\\/\",\"url\":\"https:\\\/\\\/marktxxl.de\\\/markt\\\/produkt\\\/eywamage-flackernde-flammenlose-kerzen-mit-fernbedienung-d-76-cm-h-102-cm-127-cm-152-cm\\\/\",\"name\":\"Eywamage Flammenlose Ananas-Glas-Kerzen mit Fernbedienung, flackernde, realistische, batteriebetriebene LED-Deko-Kerzen\u2026 - Markt-XXL\",\"isPartOf\":{\"@id\":\"https:\\\/\\\/marktxxl.de\\\/markt\\\/#website\"},\"primaryImageOfPage\":{\"@id\":\"https:\\\/\\\/marktxxl.de\\\/markt\\\/produkt\\\/eywamage-flackernde-flammenlose-kerzen-mit-fernbedienung-d-76-cm-h-102-cm-127-cm-152-cm\\\/#primaryimage\"},\"image\":{\"@id\":\"https:\\\/\\\/marktxxl.de\\\/markt\\\/produkt\\\/eywamage-flackernde-flammenlose-kerzen-mit-fernbedienung-d-76-cm-h-102-cm-127-cm-152-cm\\\/#primaryimage\"},\"thumbnailUrl\":\"https:\\\/\\\/m.media-amazon.com\\\/images\\\/I\\\/614py9NITwL._SL500_.jpg\",\"datePublished\":\"2022-09-12T05:31:58+00:00\",\"dateModified\":\"2023-04-11T02:33:20+00:00\",\"description\":\"Markt-XXL Eywamage Flammenlose Ananas-Glas-Kerzen mit Fernbedienung, flackernde, realistische, batteriebetriebene LED-Deko-Kerzen\u2026\",\"breadcrumb\":{\"@id\":\"https:\\\/\\\/marktxxl.de\\\/markt\\\/produkt\\\/eywamage-flackernde-flammenlose-kerzen-mit-fernbedienung-d-76-cm-h-102-cm-127-cm-152-cm\\\/#breadcrumb\"},\"inLanguage\":\"de\",\"potentialAction\":[{\"@type\":\"ReadAction\",\"target\":[\"https:\\\/\\\/marktxxl.de\\\/markt\\\/produkt\\\/eywamage-flackernde-flammenlose-kerzen-mit-fernbedienung-d-76-cm-h-102-cm-127-cm-152-cm\\\/\"]}]},{\"@type\":\"ImageObject\",\"inLanguage\":\"de\",\"@id\":\"https:\\\/\\\/marktxxl.de\\\/markt\\\/produkt\\\/eywamage-flackernde-flammenlose-kerzen-mit-fernbedienung-d-76-cm-h-102-cm-127-cm-152-cm\\\/#primaryimage\",\"url\":\"https:\\\/\\\/m.media-amazon.com\\\/images\\\/I\\\/614py9NITwL._SL500_.jpg\",\"contentUrl\":\"https:\\\/\\\/m.media-amazon.com\\\/images\\\/I\\\/614py9NITwL._SL500_.jpg\",\"width\":500,\"height\":500},{\"@type\":\"BreadcrumbList\",\"@id\":\"https:\\\/\\\/marktxxl.de\\\/markt\\\/produkt\\\/eywamage-flackernde-flammenlose-kerzen-mit-fernbedienung-d-76-cm-h-102-cm-127-cm-152-cm\\\/#breadcrumb\",\"itemListElement\":[{\"@type\":\"ListItem\",\"position\":1,\"name\":\"Startseite\",\"item\":\"https:\\\/\\\/marktxxl.de\\\/markt\\\/\"},{\"@type\":\"ListItem\",\"position\":2,\"name\":\"Markt\",\"item\":\"https:\\\/\\\/marktxxl.de\\\/markt\\\/\"},{\"@type\":\"ListItem\",\"position\":3,\"name\":\"Eywamage Flammenlose Ananas-Glas-Kerzen mit Fernbedienung, flackernde, realistische, batteriebetriebene LED-Deko-Kerzen\u2026\"}]},{\"@type\":\"WebSite\",\"@id\":\"https:\\\/\\\/marktxxl.de\\\/markt\\\/#website\",\"url\":\"https:\\\/\\\/marktxxl.de\\\/markt\\\/\",\"name\":\"Markt-XXL\",\"description\":\"Ihr Markt Online\",\"publisher\":{\"@id\":\"https:\\\/\\\/marktxxl.de\\\/markt\\\/#organization\"},\"potentialAction\":[{\"@type\":\"SearchAction\",\"target\":{\"@type\":\"EntryPoint\",\"urlTemplate\":\"https:\\\/\\\/marktxxl.de\\\/markt\\\/?s={search_term_string}\"},\"query-input\":{\"@type\":\"PropertyValueSpecification\",\"valueRequired\":true,\"valueName\":\"search_term_string\"}}],\"inLanguage\":\"de\"},{\"@type\":\"Organization\",\"@id\":\"https:\\\/\\\/marktxxl.de\\\/markt\\\/#organization\",\"name\":\"Markt-XXL\",\"url\":\"https:\\\/\\\/marktxxl.de\\\/markt\\\/\",\"logo\":{\"@type\":\"ImageObject\",\"inLanguage\":\"de\",\"@id\":\"https:\\\/\\\/marktxxl.de\\\/markt\\\/#\\\/schema\\\/logo\\\/image\\\/\",\"url\":\"https:\\\/\\\/marktxxl.de\\\/markt\\\/wp-content\\\/uploads\\\/sites\\\/3\\\/2020\\\/12\\\/logo.png\",\"contentUrl\":\"https:\\\/\\\/marktxxl.de\\\/markt\\\/wp-content\\\/uploads\\\/sites\\\/3\\\/2020\\\/12\\\/logo.png\",\"width\":200,\"height\":70,\"caption\":\"Markt-XXL\"},\"image\":{\"@id\":\"https:\\\/\\\/marktxxl.de\\\/markt\\\/#\\\/schema\\\/logo\\\/image\\\/\"}}]}<\/script>\n<!-- \/ Yoast SEO plugin. -->","yoast_head_json":{"title":"Eywamage Flammenlose Ananas-Glas-Kerzen mit Fernbedienung, flackernde, realistische, batteriebetriebene LED-Deko-Kerzen\u2026 - Markt-XXL","description":"Markt-XXL Eywamage Flammenlose Ananas-Glas-Kerzen mit Fernbedienung, flackernde, realistische, batteriebetriebene LED-Deko-Kerzen\u2026","robots":{"index":"index","follow":"follow","max-snippet":"max-snippet:-1","max-image-preview":"max-image-preview:large","max-video-preview":"max-video-preview:-1"},"canonical":"https:\/\/marktxxl.de\/markt\/produkt\/eywamage-flackernde-flammenlose-kerzen-mit-fernbedienung-d-76-cm-h-102-cm-127-cm-152-cm\/","og_locale":"de_DE","og_type":"article","og_title":"Eywamage Flammenlose Ananas-Glas-Kerzen mit Fernbedienung, flackernde, realistische, batteriebetriebene LED-Deko-Kerzen\u2026 - Markt-XXL","og_description":"Markt-XXL Eywamage Flammenlose Ananas-Glas-Kerzen mit Fernbedienung, flackernde, realistische, batteriebetriebene LED-Deko-Kerzen\u2026","og_url":"https:\/\/marktxxl.de\/markt\/produkt\/eywamage-flackernde-flammenlose-kerzen-mit-fernbedienung-d-76-cm-h-102-cm-127-cm-152-cm\/","og_site_name":"Markt-XXL","article_modified_time":"2023-04-11T02:33:20+00:00","og_image":[{"width":500,"height":500,"url":"https:\/\/m.media-amazon.com\/images\/I\/614py9NITwL._SL500_.jpg","type":"image\/jpeg"}],"twitter_card":"summary_large_image","twitter_misc":{"Gesch\u00e4tzte Lesezeit":"1\u00a0Minute"},"schema":{"@context":"https:\/\/schema.org","@graph":[{"@type":"WebPage","@id":"https:\/\/marktxxl.de\/markt\/produkt\/eywamage-flackernde-flammenlose-kerzen-mit-fernbedienung-d-76-cm-h-102-cm-127-cm-152-cm\/","url":"https:\/\/marktxxl.de\/markt\/produkt\/eywamage-flackernde-flammenlose-kerzen-mit-fernbedienung-d-76-cm-h-102-cm-127-cm-152-cm\/","name":"Eywamage Flammenlose Ananas-Glas-Kerzen mit Fernbedienung, flackernde, realistische, batteriebetriebene LED-Deko-Kerzen\u2026 - Markt-XXL","isPartOf":{"@id":"https:\/\/marktxxl.de\/markt\/#website"},"primaryImageOfPage":{"@id":"https:\/\/marktxxl.de\/markt\/produkt\/eywamage-flackernde-flammenlose-kerzen-mit-fernbedienung-d-76-cm-h-102-cm-127-cm-152-cm\/#primaryimage"},"image":{"@id":"https:\/\/marktxxl.de\/markt\/produkt\/eywamage-flackernde-flammenlose-kerzen-mit-fernbedienung-d-76-cm-h-102-cm-127-cm-152-cm\/#primaryimage"},"thumbnailUrl":"https:\/\/m.media-amazon.com\/images\/I\/614py9NITwL._SL500_.jpg","datePublished":"2022-09-12T05:31:58+00:00","dateModified":"2023-04-11T02:33:20+00:00","description":"Markt-XXL Eywamage Flammenlose Ananas-Glas-Kerzen mit Fernbedienung, flackernde, realistische, batteriebetriebene LED-Deko-Kerzen\u2026","breadcrumb":{"@id":"https:\/\/marktxxl.de\/markt\/produkt\/eywamage-flackernde-flammenlose-kerzen-mit-fernbedienung-d-76-cm-h-102-cm-127-cm-152-cm\/#breadcrumb"},"inLanguage":"de","potentialAction":[{"@type":"ReadAction","target":["https:\/\/marktxxl.de\/markt\/produkt\/eywamage-flackernde-flammenlose-kerzen-mit-fernbedienung-d-76-cm-h-102-cm-127-cm-152-cm\/"]}]},{"@type":"ImageObject","inLanguage":"de","@id":"https:\/\/marktxxl.de\/markt\/produkt\/eywamage-flackernde-flammenlose-kerzen-mit-fernbedienung-d-76-cm-h-102-cm-127-cm-152-cm\/#primaryimage","url":"https:\/\/m.media-amazon.com\/images\/I\/614py9NITwL._SL500_.jpg","contentUrl":"https:\/\/m.media-amazon.com\/images\/I\/614py9NITwL._SL500_.jpg","width":500,"height":500},{"@type":"BreadcrumbList","@id":"https:\/\/marktxxl.de\/markt\/produkt\/eywamage-flackernde-flammenlose-kerzen-mit-fernbedienung-d-76-cm-h-102-cm-127-cm-152-cm\/#breadcrumb","itemListElement":[{"@type":"ListItem","position":1,"name":"Startseite","item":"https:\/\/marktxxl.de\/markt\/"},{"@type":"ListItem","position":2,"name":"Markt","item":"https:\/\/marktxxl.de\/markt\/"},{"@type":"ListItem","position":3,"name":"Eywamage Flammenlose Ananas-Glas-Kerzen mit Fernbedienung, flackernde, realistische, batteriebetriebene LED-Deko-Kerzen\u2026"}]},{"@type":"WebSite","@id":"https:\/\/marktxxl.de\/markt\/#website","url":"https:\/\/marktxxl.de\/markt\/","name":"Markt-XXL","description":"Ihr Markt Online","publisher":{"@id":"https:\/\/marktxxl.de\/markt\/#organization"},"potentialAction":[{"@type":"SearchAction","target":{"@type":"EntryPoint","urlTemplate":"https:\/\/marktxxl.de\/markt\/?s={search_term_string}"},"query-input":{"@type":"PropertyValueSpecification","valueRequired":true,"valueName":"search_term_string"}}],"inLanguage":"de"},{"@type":"Organization","@id":"https:\/\/marktxxl.de\/markt\/#organization","name":"Markt-XXL","url":"https:\/\/marktxxl.de\/markt\/","logo":{"@type":"ImageObject","inLanguage":"de","@id":"https:\/\/marktxxl.de\/markt\/#\/schema\/logo\/image\/","url":"https:\/\/marktxxl.de\/markt\/wp-content\/uploads\/sites\/3\/2020\/12\/logo.png","contentUrl":"https:\/\/marktxxl.de\/markt\/wp-content\/uploads\/sites\/3\/2020\/12\/logo.png","width":200,"height":70,"caption":"Markt-XXL"},"image":{"@id":"https:\/\/marktxxl.de\/markt\/#\/schema\/logo\/image\/"}}]}},"_links":{"self":[{"href":"https:\/\/marktxxl.de\/markt\/wp-json\/wp\/v2\/product\/152164","targetHints":{"allow":["GET"]}}],"collection":[{"href":"https:\/\/marktxxl.de\/markt\/wp-json\/wp\/v2\/product"}],"about":[{"href":"https:\/\/marktxxl.de\/markt\/wp-json\/wp\/v2\/types\/product"}],"replies":[{"embeddable":true,"href":"https:\/\/marktxxl.de\/markt\/wp-json\/wp\/v2\/comments?post=152164"}],"wp:featuredmedia":[{"embeddable":true,"href":"https:\/\/marktxxl.de\/markt\/wp-json\/wp\/v2\/media\/152165"}],"wp:attachment":[{"href":"https:\/\/marktxxl.de\/markt\/wp-json\/wp\/v2\/media?parent=152164"}],"wp:term":[{"taxonomy":"product_brand","embeddable":true,"href":"https:\/\/marktxxl.de\/markt\/wp-json\/wp\/v2\/product_brand?post=152164"},{"taxonomy":"product_cat","embeddable":true,"href":"https:\/\/marktxxl.de\/markt\/wp-json\/wp\/v2\/product_cat?post=152164"},{"taxonomy":"product_tag","embeddable":true,"href":"https:\/\/marktxxl.de\/markt\/wp-json\/wp\/v2\/product_tag?post=152164"}],"curies":[{"name":"wp","href":"https:\/\/api.w.org\/{rel}","templated":true}]}}