{"id":152139,"date":"2022-09-12T07:31:40","date_gmt":"2022-09-12T05:31:40","guid":{"rendered":"https:\/\/marktxxl.de\/markt\/produkt\/camping-lampe-mit-rgb-farbwechsel-led-camping-laterne-mit-5200mah-usb-aufladbar-6-helligkeiten-leuchtmodi-eingebauter-starker-magnet-stufenlos-dimmbar-campinglampe-notfallset-fuer-wanderndra\/"},"modified":"2023-04-11T04:33:20","modified_gmt":"2023-04-11T02:33:20","slug":"camping-lampe-mit-rgb-farbwechsel-led-camping-laterne-mit-5200mah-usb-aufladbar-6-helligkeiten-leuchtmodi-eingebauter-starker-magnet-stufenlos-dimmbar-campinglampe-notfallset-fuer-wanderndra","status":"publish","type":"product","link":"https:\/\/marktxxl.de\/markt\/produkt\/camping-lampe-mit-rgb-farbwechsel-led-camping-laterne-mit-5200mah-usb-aufladbar-6-helligkeiten-leuchtmodi-eingebauter-starker-magnet-stufenlos-dimmbar-campinglampe-notfallset-fuer-wanderndra\/","title":{"rendered":"LED Campinglampe RGB Farbwechsel, 8400mAh akku Camping Laterne mit USB C Aufladbar, 5 Lichtmodi, Stufenloses Dimmen\u2026"},"content":{"rendered":"<p>\u30106 Lichtmodi\u3011 Campinglampe mit den Modi Wei\u00df, Warmwei\u00df, Kaltwei\u00df, Rot, SOS und Mini-Taschenlampe. Perfekt f\u00fcr alle Innen- und Au\u00dfenumgebungen. Erhellen Sie die Nacht jederzeit und \u00fcberall. SOS-Modus holt Hilfe in Notf\u00e4llen.<br \/>\n\u3010Rot-Gr\u00fcn-Blau Farbspektrum (RGB) \u3011Mit unserer Camping laterne, k\u00f6nnen Sie die Farbe des Lichts mit unz\u00e4hligen Farben aus dem rot-gr\u00fcn-blau-gelben Farbspektrum wechseln oder einfach bei Ihrer Lieblingsfarbe bleiben. Sie k\u00f6nnen die Farbe passend zu Ihrer Stimmung w\u00e4hlen und ein angenehmes Ambiente schaffen. (HINWEIS: Im RGB-Farbwechselmodus kann man die Helligkeit NICHT ver\u00e4ndern)<br \/>\n\u3010Stufenloses Dimmen\u3011 Dr\u00fccken Sie &#8220;+&#8221; oder &#8220;-&#8220;, um die Helligkeit der Camping lampe einzustellen. Mit einem stufenlosen Dimm-Design, dr\u00fccken Sie lange \u201c+\u201d oder \u201c-\u201d, um die Beleuchtung schrittweise von 5% bis 100% Helligkeit nach Ihren Bed\u00fcrfnissen anzupassen.<br \/>\n\u3010Lange Beleuchtungszeit\u3011Die Camping laterne mit eingebauter wiederaufladbaren 5200 mAh Batterie dienen auch als Ladeger\u00e4te (Power Banks), und k\u00f6nnen bis zu 72 Stunden durchgehend benutzt werden. Die Gr\u00f6\u00dfe der Camping Lichter ist kompakt und sehr leicht zu tragen. Laden Sie Ihr Handy, Kamera oder GPS jederzeit und \u00fcberall auf.<br \/>\n\u3010Starker Magnet &amp; Hohe Wasserdichtigkeit\u3011Die Oberseite der aufladbar campinglampe hat einen starken Magneten, der es m\u00f6glich macht, die Laterne auf jeder Metalloberfl\u00e4che zu platzieren. Oder verwenden Sie den angebrachten Haken, um sie aufzuh\u00e4ngen. Mit einem hohen Wasserdichtigkeitswert von IP65 kann sie auch bei Regen oder Schnee sorgenlos verwendet werden.<br \/>\n<div class=\"main-cross-sell\" data-asin=\"B093L9VDQX\">\n\n\t<div class=\"WooZone-cross-sell-loader\">\n\t\t<div>\n\t\t\t<div id=\"floatingBarsG\">\n\t\t\t\t<div class=\"blockG\" id=\"rotateG_01\"><\/div>\n\t\t\t\t<div class=\"blockG\" id=\"rotateG_02\"><\/div>\n\t\t\t\t<div class=\"blockG\" id=\"rotateG_03\"><\/div>\n\t\t\t\t<div class=\"blockG\" id=\"rotateG_04\"><\/div>\n\t\t\t\t<div class=\"blockG\" id=\"rotateG_05\"><\/div>\n\t\t\t\t<div class=\"blockG\" id=\"rotateG_06\"><\/div>\n\t\t\t\t<div class=\"blockG\" id=\"rotateG_07\"><\/div>\n\t\t\t\t<div class=\"blockG\" id=\"rotateG_08\"><\/div>\n\t\t\t<\/div>\n\t\t\t<div class=\"WooZone-cross-sell-loader-text\"><\/div>\n\t\t<\/div>\n\t<\/div>\n\n\t\t\n<\/div>\n<div style=\"clear:both;\"><\/div><\/p>\n","protected":false},"excerpt":{"rendered":"<p>\u30106 Lichtmodi\u3011 Campinglampe mit den Modi Wei\u00df, Warmwei\u00df, Kaltwei\u00df, Rot, SOS und Mini-Taschenlampe. Perfekt f\u00fcr alle Innen- und Au\u00dfenumgebungen. Erhellen Sie die Nacht jederzeit und \u00fcberall. SOS-Modus holt Hilfe in Notf\u00e4llen.<br \/>\n\u3010Rot-Gr\u00fcn-Blau Farbspektrum (RGB) \u3011Mit unserer Camping laterne, k\u00f6nnen Sie die Farbe des Lichts mit unz\u00e4hligen Farben aus dem rot-gr\u00fcn-blau-gelben Farbspektrum wechseln oder einfach bei Ihrer Lieblingsfarbe bleiben. Sie k\u00f6nnen die Farbe passend zu Ihrer Stimmung w\u00e4hlen und ein angenehmes Ambiente schaffen. (HINWEIS: Im RGB-Farbwechselmodus kann man die Helligkeit NICHT ver\u00e4ndern)<br \/>\n\u3010Stufenloses Dimmen\u3011 Dr\u00fccken Sie &#8220;+&#8221; oder &#8220;-&#8220;, um die Helligkeit der Camping lampe einzustellen. Mit einem stufenlosen Dimm-Design, dr\u00fccken Sie lange \u201c+\u201d oder \u201c-\u201d, um die Beleuchtung schrittweise von 5% bis 100% Helligkeit nach Ihren Bed\u00fcrfnissen anzupassen.<\/p>\n","protected":false},"featured_media":152140,"comment_status":"open","ping_status":"closed","template":"","meta":[],"product_brand":[],"product_cat":[11446,2108],"product_tag":[],"class_list":{"0":"post-152139","1":"product","2":"type-product","3":"status-publish","4":"has-post-thumbnail","6":"product_cat-aussenbeleuchtung","7":"product_cat-beleuchtung","8":"pa_brand-joyeky","9":"pa_color-green","10":"pa_manufacturer-joyeky","11":"pa_model-xc10","13":"first","14":"instock","15":"shipping-taxable","16":"purchasable","17":"product-type-simple","18":"customify-col","19":"product-has-gallery"},"yoast_head":"<!-- This site is optimized with the Yoast SEO plugin v27.4 - https:\/\/yoast.com\/product\/yoast-seo-wordpress\/ -->\n<title>LED Campinglampe RGB Farbwechsel, 8400mAh akku Camping Laterne mit USB C Aufladbar, 5 Lichtmodi, Stufenloses Dimmen\u2026 - Markt-XXL<\/title>\n<meta name=\"description\" content=\"Markt-XXL LED Campinglampe RGB Farbwechsel, 8400mAh akku Camping Laterne mit USB C Aufladbar, 5 Lichtmodi, Stufenloses Dimmen\u2026\" \/>\n<meta name=\"robots\" content=\"index, follow, max-snippet:-1, max-image-preview:large, max-video-preview:-1\" \/>\n<link rel=\"canonical\" href=\"https:\/\/marktxxl.de\/markt\/produkt\/camping-lampe-mit-rgb-farbwechsel-led-camping-laterne-mit-5200mah-usb-aufladbar-6-helligkeiten-leuchtmodi-eingebauter-starker-magnet-stufenlos-dimmbar-campinglampe-notfallset-fuer-wanderndra\/\" \/>\n<meta property=\"og:locale\" content=\"de_DE\" \/>\n<meta property=\"og:type\" content=\"article\" \/>\n<meta property=\"og:title\" content=\"LED Campinglampe RGB Farbwechsel, 8400mAh akku Camping Laterne mit USB C Aufladbar, 5 Lichtmodi, Stufenloses Dimmen\u2026 - Markt-XXL\" \/>\n<meta property=\"og:description\" content=\"Markt-XXL LED Campinglampe RGB Farbwechsel, 8400mAh akku Camping Laterne mit USB C Aufladbar, 5 Lichtmodi, Stufenloses Dimmen\u2026\" \/>\n<meta property=\"og:url\" content=\"https:\/\/marktxxl.de\/markt\/produkt\/camping-lampe-mit-rgb-farbwechsel-led-camping-laterne-mit-5200mah-usb-aufladbar-6-helligkeiten-leuchtmodi-eingebauter-starker-magnet-stufenlos-dimmbar-campinglampe-notfallset-fuer-wanderndra\/\" \/>\n<meta property=\"og:site_name\" content=\"Markt-XXL\" \/>\n<meta property=\"article:modified_time\" content=\"2023-04-11T02:33:20+00:00\" \/>\n<meta property=\"og:image\" content=\"https:\/\/m.media-amazon.com\/images\/I\/41tK1uK080S._SL500_.jpg\" \/>\n\t<meta property=\"og:image:width\" content=\"500\" \/>\n\t<meta property=\"og:image:height\" content=\"500\" \/>\n\t<meta property=\"og:image:type\" content=\"image\/jpeg\" \/>\n<meta name=\"twitter:card\" content=\"summary_large_image\" \/>\n<meta name=\"twitter:label1\" content=\"Gesch\u00e4tzte Lesezeit\" \/>\n\t<meta name=\"twitter:data1\" content=\"1\u00a0Minute\" \/>\n<script type=\"application\/ld+json\" class=\"yoast-schema-graph\">{\"@context\":\"https:\\\/\\\/schema.org\",\"@graph\":[{\"@type\":\"WebPage\",\"@id\":\"https:\\\/\\\/marktxxl.de\\\/markt\\\/produkt\\\/camping-lampe-mit-rgb-farbwechsel-led-camping-laterne-mit-5200mah-usb-aufladbar-6-helligkeiten-leuchtmodi-eingebauter-starker-magnet-stufenlos-dimmbar-campinglampe-notfallset-fuer-wanderndra\\\/\",\"url\":\"https:\\\/\\\/marktxxl.de\\\/markt\\\/produkt\\\/camping-lampe-mit-rgb-farbwechsel-led-camping-laterne-mit-5200mah-usb-aufladbar-6-helligkeiten-leuchtmodi-eingebauter-starker-magnet-stufenlos-dimmbar-campinglampe-notfallset-fuer-wanderndra\\\/\",\"name\":\"LED Campinglampe RGB Farbwechsel, 8400mAh akku Camping Laterne mit USB C Aufladbar, 5 Lichtmodi, Stufenloses Dimmen\u2026 - Markt-XXL\",\"isPartOf\":{\"@id\":\"https:\\\/\\\/marktxxl.de\\\/markt\\\/#website\"},\"primaryImageOfPage\":{\"@id\":\"https:\\\/\\\/marktxxl.de\\\/markt\\\/produkt\\\/camping-lampe-mit-rgb-farbwechsel-led-camping-laterne-mit-5200mah-usb-aufladbar-6-helligkeiten-leuchtmodi-eingebauter-starker-magnet-stufenlos-dimmbar-campinglampe-notfallset-fuer-wanderndra\\\/#primaryimage\"},\"image\":{\"@id\":\"https:\\\/\\\/marktxxl.de\\\/markt\\\/produkt\\\/camping-lampe-mit-rgb-farbwechsel-led-camping-laterne-mit-5200mah-usb-aufladbar-6-helligkeiten-leuchtmodi-eingebauter-starker-magnet-stufenlos-dimmbar-campinglampe-notfallset-fuer-wanderndra\\\/#primaryimage\"},\"thumbnailUrl\":\"https:\\\/\\\/m.media-amazon.com\\\/images\\\/I\\\/41tK1uK080S._SL500_.jpg\",\"datePublished\":\"2022-09-12T05:31:40+00:00\",\"dateModified\":\"2023-04-11T02:33:20+00:00\",\"description\":\"Markt-XXL LED Campinglampe RGB Farbwechsel, 8400mAh akku Camping Laterne mit USB C Aufladbar, 5 Lichtmodi, Stufenloses Dimmen\u2026\",\"breadcrumb\":{\"@id\":\"https:\\\/\\\/marktxxl.de\\\/markt\\\/produkt\\\/camping-lampe-mit-rgb-farbwechsel-led-camping-laterne-mit-5200mah-usb-aufladbar-6-helligkeiten-leuchtmodi-eingebauter-starker-magnet-stufenlos-dimmbar-campinglampe-notfallset-fuer-wanderndra\\\/#breadcrumb\"},\"inLanguage\":\"de\",\"potentialAction\":[{\"@type\":\"ReadAction\",\"target\":[\"https:\\\/\\\/marktxxl.de\\\/markt\\\/produkt\\\/camping-lampe-mit-rgb-farbwechsel-led-camping-laterne-mit-5200mah-usb-aufladbar-6-helligkeiten-leuchtmodi-eingebauter-starker-magnet-stufenlos-dimmbar-campinglampe-notfallset-fuer-wanderndra\\\/\"]}]},{\"@type\":\"ImageObject\",\"inLanguage\":\"de\",\"@id\":\"https:\\\/\\\/marktxxl.de\\\/markt\\\/produkt\\\/camping-lampe-mit-rgb-farbwechsel-led-camping-laterne-mit-5200mah-usb-aufladbar-6-helligkeiten-leuchtmodi-eingebauter-starker-magnet-stufenlos-dimmbar-campinglampe-notfallset-fuer-wanderndra\\\/#primaryimage\",\"url\":\"https:\\\/\\\/m.media-amazon.com\\\/images\\\/I\\\/41tK1uK080S._SL500_.jpg\",\"contentUrl\":\"https:\\\/\\\/m.media-amazon.com\\\/images\\\/I\\\/41tK1uK080S._SL500_.jpg\",\"width\":500,\"height\":500},{\"@type\":\"BreadcrumbList\",\"@id\":\"https:\\\/\\\/marktxxl.de\\\/markt\\\/produkt\\\/camping-lampe-mit-rgb-farbwechsel-led-camping-laterne-mit-5200mah-usb-aufladbar-6-helligkeiten-leuchtmodi-eingebauter-starker-magnet-stufenlos-dimmbar-campinglampe-notfallset-fuer-wanderndra\\\/#breadcrumb\",\"itemListElement\":[{\"@type\":\"ListItem\",\"position\":1,\"name\":\"Startseite\",\"item\":\"https:\\\/\\\/marktxxl.de\\\/markt\\\/\"},{\"@type\":\"ListItem\",\"position\":2,\"name\":\"Markt\",\"item\":\"https:\\\/\\\/marktxxl.de\\\/markt\\\/\"},{\"@type\":\"ListItem\",\"position\":3,\"name\":\"LED Campinglampe RGB Farbwechsel, 8400mAh akku Camping Laterne mit USB C Aufladbar, 5 Lichtmodi, Stufenloses Dimmen\u2026\"}]},{\"@type\":\"WebSite\",\"@id\":\"https:\\\/\\\/marktxxl.de\\\/markt\\\/#website\",\"url\":\"https:\\\/\\\/marktxxl.de\\\/markt\\\/\",\"name\":\"Markt-XXL\",\"description\":\"Ihr Markt Online\",\"publisher\":{\"@id\":\"https:\\\/\\\/marktxxl.de\\\/markt\\\/#organization\"},\"potentialAction\":[{\"@type\":\"SearchAction\",\"target\":{\"@type\":\"EntryPoint\",\"urlTemplate\":\"https:\\\/\\\/marktxxl.de\\\/markt\\\/?s={search_term_string}\"},\"query-input\":{\"@type\":\"PropertyValueSpecification\",\"valueRequired\":true,\"valueName\":\"search_term_string\"}}],\"inLanguage\":\"de\"},{\"@type\":\"Organization\",\"@id\":\"https:\\\/\\\/marktxxl.de\\\/markt\\\/#organization\",\"name\":\"Markt-XXL\",\"url\":\"https:\\\/\\\/marktxxl.de\\\/markt\\\/\",\"logo\":{\"@type\":\"ImageObject\",\"inLanguage\":\"de\",\"@id\":\"https:\\\/\\\/marktxxl.de\\\/markt\\\/#\\\/schema\\\/logo\\\/image\\\/\",\"url\":\"https:\\\/\\\/marktxxl.de\\\/markt\\\/wp-content\\\/uploads\\\/sites\\\/3\\\/2020\\\/12\\\/logo.png\",\"contentUrl\":\"https:\\\/\\\/marktxxl.de\\\/markt\\\/wp-content\\\/uploads\\\/sites\\\/3\\\/2020\\\/12\\\/logo.png\",\"width\":200,\"height\":70,\"caption\":\"Markt-XXL\"},\"image\":{\"@id\":\"https:\\\/\\\/marktxxl.de\\\/markt\\\/#\\\/schema\\\/logo\\\/image\\\/\"}}]}<\/script>\n<!-- \/ Yoast SEO plugin. -->","yoast_head_json":{"title":"LED Campinglampe RGB Farbwechsel, 8400mAh akku Camping Laterne mit USB C Aufladbar, 5 Lichtmodi, Stufenloses Dimmen\u2026 - Markt-XXL","description":"Markt-XXL LED Campinglampe RGB Farbwechsel, 8400mAh akku Camping Laterne mit USB C Aufladbar, 5 Lichtmodi, Stufenloses Dimmen\u2026","robots":{"index":"index","follow":"follow","max-snippet":"max-snippet:-1","max-image-preview":"max-image-preview:large","max-video-preview":"max-video-preview:-1"},"canonical":"https:\/\/marktxxl.de\/markt\/produkt\/camping-lampe-mit-rgb-farbwechsel-led-camping-laterne-mit-5200mah-usb-aufladbar-6-helligkeiten-leuchtmodi-eingebauter-starker-magnet-stufenlos-dimmbar-campinglampe-notfallset-fuer-wanderndra\/","og_locale":"de_DE","og_type":"article","og_title":"LED Campinglampe RGB Farbwechsel, 8400mAh akku Camping Laterne mit USB C Aufladbar, 5 Lichtmodi, Stufenloses Dimmen\u2026 - Markt-XXL","og_description":"Markt-XXL LED Campinglampe RGB Farbwechsel, 8400mAh akku Camping Laterne mit USB C Aufladbar, 5 Lichtmodi, Stufenloses Dimmen\u2026","og_url":"https:\/\/marktxxl.de\/markt\/produkt\/camping-lampe-mit-rgb-farbwechsel-led-camping-laterne-mit-5200mah-usb-aufladbar-6-helligkeiten-leuchtmodi-eingebauter-starker-magnet-stufenlos-dimmbar-campinglampe-notfallset-fuer-wanderndra\/","og_site_name":"Markt-XXL","article_modified_time":"2023-04-11T02:33:20+00:00","og_image":[{"width":500,"height":500,"url":"https:\/\/m.media-amazon.com\/images\/I\/41tK1uK080S._SL500_.jpg","type":"image\/jpeg"}],"twitter_card":"summary_large_image","twitter_misc":{"Gesch\u00e4tzte Lesezeit":"1\u00a0Minute"},"schema":{"@context":"https:\/\/schema.org","@graph":[{"@type":"WebPage","@id":"https:\/\/marktxxl.de\/markt\/produkt\/camping-lampe-mit-rgb-farbwechsel-led-camping-laterne-mit-5200mah-usb-aufladbar-6-helligkeiten-leuchtmodi-eingebauter-starker-magnet-stufenlos-dimmbar-campinglampe-notfallset-fuer-wanderndra\/","url":"https:\/\/marktxxl.de\/markt\/produkt\/camping-lampe-mit-rgb-farbwechsel-led-camping-laterne-mit-5200mah-usb-aufladbar-6-helligkeiten-leuchtmodi-eingebauter-starker-magnet-stufenlos-dimmbar-campinglampe-notfallset-fuer-wanderndra\/","name":"LED Campinglampe RGB Farbwechsel, 8400mAh akku Camping Laterne mit USB C Aufladbar, 5 Lichtmodi, Stufenloses Dimmen\u2026 - Markt-XXL","isPartOf":{"@id":"https:\/\/marktxxl.de\/markt\/#website"},"primaryImageOfPage":{"@id":"https:\/\/marktxxl.de\/markt\/produkt\/camping-lampe-mit-rgb-farbwechsel-led-camping-laterne-mit-5200mah-usb-aufladbar-6-helligkeiten-leuchtmodi-eingebauter-starker-magnet-stufenlos-dimmbar-campinglampe-notfallset-fuer-wanderndra\/#primaryimage"},"image":{"@id":"https:\/\/marktxxl.de\/markt\/produkt\/camping-lampe-mit-rgb-farbwechsel-led-camping-laterne-mit-5200mah-usb-aufladbar-6-helligkeiten-leuchtmodi-eingebauter-starker-magnet-stufenlos-dimmbar-campinglampe-notfallset-fuer-wanderndra\/#primaryimage"},"thumbnailUrl":"https:\/\/m.media-amazon.com\/images\/I\/41tK1uK080S._SL500_.jpg","datePublished":"2022-09-12T05:31:40+00:00","dateModified":"2023-04-11T02:33:20+00:00","description":"Markt-XXL LED Campinglampe RGB Farbwechsel, 8400mAh akku Camping Laterne mit USB C Aufladbar, 5 Lichtmodi, Stufenloses Dimmen\u2026","breadcrumb":{"@id":"https:\/\/marktxxl.de\/markt\/produkt\/camping-lampe-mit-rgb-farbwechsel-led-camping-laterne-mit-5200mah-usb-aufladbar-6-helligkeiten-leuchtmodi-eingebauter-starker-magnet-stufenlos-dimmbar-campinglampe-notfallset-fuer-wanderndra\/#breadcrumb"},"inLanguage":"de","potentialAction":[{"@type":"ReadAction","target":["https:\/\/marktxxl.de\/markt\/produkt\/camping-lampe-mit-rgb-farbwechsel-led-camping-laterne-mit-5200mah-usb-aufladbar-6-helligkeiten-leuchtmodi-eingebauter-starker-magnet-stufenlos-dimmbar-campinglampe-notfallset-fuer-wanderndra\/"]}]},{"@type":"ImageObject","inLanguage":"de","@id":"https:\/\/marktxxl.de\/markt\/produkt\/camping-lampe-mit-rgb-farbwechsel-led-camping-laterne-mit-5200mah-usb-aufladbar-6-helligkeiten-leuchtmodi-eingebauter-starker-magnet-stufenlos-dimmbar-campinglampe-notfallset-fuer-wanderndra\/#primaryimage","url":"https:\/\/m.media-amazon.com\/images\/I\/41tK1uK080S._SL500_.jpg","contentUrl":"https:\/\/m.media-amazon.com\/images\/I\/41tK1uK080S._SL500_.jpg","width":500,"height":500},{"@type":"BreadcrumbList","@id":"https:\/\/marktxxl.de\/markt\/produkt\/camping-lampe-mit-rgb-farbwechsel-led-camping-laterne-mit-5200mah-usb-aufladbar-6-helligkeiten-leuchtmodi-eingebauter-starker-magnet-stufenlos-dimmbar-campinglampe-notfallset-fuer-wanderndra\/#breadcrumb","itemListElement":[{"@type":"ListItem","position":1,"name":"Startseite","item":"https:\/\/marktxxl.de\/markt\/"},{"@type":"ListItem","position":2,"name":"Markt","item":"https:\/\/marktxxl.de\/markt\/"},{"@type":"ListItem","position":3,"name":"LED Campinglampe RGB Farbwechsel, 8400mAh akku Camping Laterne mit USB C Aufladbar, 5 Lichtmodi, Stufenloses Dimmen\u2026"}]},{"@type":"WebSite","@id":"https:\/\/marktxxl.de\/markt\/#website","url":"https:\/\/marktxxl.de\/markt\/","name":"Markt-XXL","description":"Ihr Markt Online","publisher":{"@id":"https:\/\/marktxxl.de\/markt\/#organization"},"potentialAction":[{"@type":"SearchAction","target":{"@type":"EntryPoint","urlTemplate":"https:\/\/marktxxl.de\/markt\/?s={search_term_string}"},"query-input":{"@type":"PropertyValueSpecification","valueRequired":true,"valueName":"search_term_string"}}],"inLanguage":"de"},{"@type":"Organization","@id":"https:\/\/marktxxl.de\/markt\/#organization","name":"Markt-XXL","url":"https:\/\/marktxxl.de\/markt\/","logo":{"@type":"ImageObject","inLanguage":"de","@id":"https:\/\/marktxxl.de\/markt\/#\/schema\/logo\/image\/","url":"https:\/\/marktxxl.de\/markt\/wp-content\/uploads\/sites\/3\/2020\/12\/logo.png","contentUrl":"https:\/\/marktxxl.de\/markt\/wp-content\/uploads\/sites\/3\/2020\/12\/logo.png","width":200,"height":70,"caption":"Markt-XXL"},"image":{"@id":"https:\/\/marktxxl.de\/markt\/#\/schema\/logo\/image\/"}}]}},"_links":{"self":[{"href":"https:\/\/marktxxl.de\/markt\/wp-json\/wp\/v2\/product\/152139","targetHints":{"allow":["GET"]}}],"collection":[{"href":"https:\/\/marktxxl.de\/markt\/wp-json\/wp\/v2\/product"}],"about":[{"href":"https:\/\/marktxxl.de\/markt\/wp-json\/wp\/v2\/types\/product"}],"replies":[{"embeddable":true,"href":"https:\/\/marktxxl.de\/markt\/wp-json\/wp\/v2\/comments?post=152139"}],"wp:featuredmedia":[{"embeddable":true,"href":"https:\/\/marktxxl.de\/markt\/wp-json\/wp\/v2\/media\/152140"}],"wp:attachment":[{"href":"https:\/\/marktxxl.de\/markt\/wp-json\/wp\/v2\/media?parent=152139"}],"wp:term":[{"taxonomy":"product_brand","embeddable":true,"href":"https:\/\/marktxxl.de\/markt\/wp-json\/wp\/v2\/product_brand?post=152139"},{"taxonomy":"product_cat","embeddable":true,"href":"https:\/\/marktxxl.de\/markt\/wp-json\/wp\/v2\/product_cat?post=152139"},{"taxonomy":"product_tag","embeddable":true,"href":"https:\/\/marktxxl.de\/markt\/wp-json\/wp\/v2\/product_tag?post=152139"}],"curies":[{"name":"wp","href":"https:\/\/api.w.org\/{rel}","templated":true}]}}